{"id":279,"date":"2023-09-18T03:55:46","date_gmt":"2023-09-18T02:55:46","guid":{"rendered":"https:\/\/pinay-nudes.com\/?page_id=279"},"modified":"2025-02-19T01:35:39","modified_gmt":"2025-02-19T01:35:39","slug":"mae-leyte","status":"publish","type":"page","link":"https:\/\/pinay-nudes.com\/vi\/users\/mae-leyte\/","title":{"rendered":"Mae Leyte"},"content":{"rendered":"<div data-elementor-type=\"wp-page\" data-elementor-id=\"279\" class=\"elementor elementor-279\">\n\t\t\t\t<div class=\"elementor-element elementor-element-3a662ca e-flex e-con-boxed e-con e-parent\" data-id=\"3a662ca\" data-element_type=\"container\">\n\t\t\t\t\t<div class=\"e-con-inner\">\n\t\t\t\t<div class=\"elementor-element elementor-element-2ffa4f1 elementor-widget elementor-widget-text-editor\" data-id=\"2ffa4f1\" data-element_type=\"widget\" data-widget_type=\"text-editor.default\">\n\t\t\t\t<div class=\"elementor-widget-container\">\n\t\t\t\t\t\t\t\t\t<center><h1>H\u1eb9n h\u00f2 Filipina, Phim khi\u00eau d\u00e2m nghi\u1ec7p d\u01b0 Ch\u00e2u \u00c1 b\u1ecb r\u00f2 r\u1ec9, Video khi\u00eau d\u00e2m kh\u1ecfa th\u00e2n c\u1ee7a Filipina, \u1ea2nh c\u00f4 g\u00e1i kh\u1ecfa th\u00e2n<\/h1><\/center>\t\t\t\t\t\t\t\t<\/div>\n\t\t\t\t<\/div>\n\t\t\t\t\t<\/div>\n\t\t\t\t<\/div>\n\t\t<div class=\"elementor-element elementor-element-2ff9b30 e-flex e-con-boxed e-con e-parent\" data-id=\"2ff9b30\" data-element_type=\"container\">\n\t\t\t\t\t<div class=\"e-con-inner\">\n\t\t\t\t<div class=\"elementor-element elementor-element-6d79140 elementor-widget elementor-widget-text-editor\" data-id=\"6d79140\" data-element_type=\"widget\" data-widget_type=\"text-editor.default\">\n\t\t\t\t<div class=\"elementor-widget-container\">\n\t\t\t\t\t\t\t\t\t<h2>H\u1eb9n h\u00f2 v\u1edbi ng\u01b0\u1eddi Philippines v\u00e0 trao \u0111\u1ed5i \u1ea3nh kh\u1ecfa th\u00e2n nghi\u1ec7p d\u01b0 c\u1ee7a ng\u01b0\u1eddi Philippines ho\u1eb7c video khi\u00eau d\u00e2m<\/h2><p>G\u1eb7p g\u1ee1 c\u00e1c c\u00f4 g\u00e1i \u0111\u1ebfn t\u1eeb Leyte v\u00e0 h\u1eb9n h\u00f2 v\u1edbi h\u1ecd \u0111\u1ec3 \u0111i u\u1ed1ng c\u00e0 ph\u00ea ngon, h\u1eb9n h\u00f2 ho\u1eb7c ch\u1ec9 \u0111\u1ec3 quan h\u1ec7 t\u00ecnh d\u1ee5c th\u00f4 b\u1ea1o. T\u00ecm ki\u1ebfm c\u00e1c c\u00f4 g\u00e1i n\u00f3ng b\u1ecfng c\u1ee7a Philippines tr\u00ean n\u1ec1n t\u1ea3ng c\u1ee7a ch\u00fang t\u00f4i v\u00e0 y\u00eau c\u1ea7u h\u1ecd g\u1eedi cho b\u1ea1n \u1ea3nh kh\u1ecfa th\u00e2n tr\u00ean Snapchat. B\u1ea1n c\u00f3 m\u1ed9t c\u01a1 h\u1ed9i tuy\u1ec7t v\u1eddi v\u00ec ch\u00fang t\u00f4i \u0111\u00e3 ch\u1ecdn cho b\u1ea1n nh\u1eefng ph\u1ee5 n\u1eef th\u00edch l\u00e0m \u0111i\u1ec1u \u0111\u00f3 v\u00e0 m\u1ed9t s\u1ed1 trong s\u1ed1 h\u1ecd th\u1eadm ch\u00ed c\u00f2n l\u00e0 ng\u01b0\u1eddi m\u1eabu tr\u00ean NikitaCams.com ho\u1eb7c webcam sex.<\/p><p>Nh\u1eefng c\u00f4 g\u00e1i h\u00e0ng \u0111\u1ea7u c\u1ee7a ch\u00fang t\u00f4i \u0111\u1ebfn t\u1eeb Philippines \u0111ang ch\u1edd \u0111\u1ee3i b\u1ea1n h\u1eb9n h\u00f2 v\u00e0 nh\u1eadn c\u1eb7c c\u1ee7a b\u1ea1n trong kh\u00e1ch s\u1ea1n. \u0110\u0103ng k\u00fd tr\u00ean n\u1ec1n t\u1ea3ng c\u1ee7a ch\u00fang t\u00f4i ho\u00e0n to\u00e0n mi\u1ec5n ph\u00ed v\u00e0 v\u1edbi n\u00f3, b\u1ea1n s\u1ebd c\u00f3 quy\u1ec1n truy c\u1eadp v\u00e0o h\u00e0ng ngh\u00ecn c\u00f4 g\u00e1i Pinay.<\/p>\t\t\t\t\t\t\t\t<\/div>\n\t\t\t\t<\/div>\n\t\t\t\t\t<\/div>\n\t\t\t\t<\/div>\n\t\t<div class=\"elementor-element elementor-element-81c1a17 e-con-full e-flex e-con e-parent\" data-id=\"81c1a17\" data-element_type=\"container\">\n\t\t<div class=\"elementor-element elementor-element-f39d652 e-con-full e-flex e-con e-child\" data-id=\"f39d652\" data-element_type=\"container\">\n\t\t\t\t<div class=\"elementor-element elementor-element-05173ee elementor-widget elementor-widget-image\" data-id=\"05173ee\" data-element_type=\"widget\" data-widget_type=\"image.default\">\n\t\t\t\t<div class=\"elementor-widget-container\">\n\t\t\t\t\t\t\t\t\t\t\t\t\t\t\t<img fetchpriority=\"high\" decoding=\"async\" width=\"872\" height=\"644\" src=\"https:\/\/pinay-nudes.com\/wp-content\/uploads\/2023\/09\/3f198811ff2c1b9089a38eb9c6082e52.png\" class=\"attachment-large size-large wp-image-514\" alt=\"\" srcset=\"https:\/\/pinay-nudes.com\/wp-content\/uploads\/2023\/09\/3f198811ff2c1b9089a38eb9c6082e52.png 872w, https:\/\/pinay-nudes.com\/wp-content\/uploads\/2023\/09\/3f198811ff2c1b9089a38eb9c6082e52-300x222.png 300w, https:\/\/pinay-nudes.com\/wp-content\/uploads\/2023\/09\/3f198811ff2c1b9089a38eb9c6082e52-768x567.png 768w\" sizes=\"(max-width: 872px) 100vw, 872px\" \/>\t\t\t\t\t\t\t\t\t\t\t\t\t\t\t<\/div>\n\t\t\t\t<\/div>\n\t\t\t\t<\/div>\n\t\t<div class=\"elementor-element elementor-element-f506800 e-con-full e-flex e-con e-child\" data-id=\"f506800\" data-element_type=\"container\">\n\t\t\t\t<div class=\"elementor-element elementor-element-89aec2f elementor-widget elementor-widget-heading\" data-id=\"89aec2f\" data-element_type=\"widget\" data-widget_type=\"heading.default\">\n\t\t\t\t<div class=\"elementor-widget-container\">\n\t\t\t\t\t<h2 class=\"elementor-heading-title elementor-size-default\">Mae, Leyte<\/h2>\t\t\t\t<\/div>\n\t\t\t\t<\/div>\n\t\t\t\t<div class=\"elementor-element elementor-element-058220f elementor-widget elementor-widget-text-editor\" data-id=\"058220f\" data-element_type=\"widget\" data-widget_type=\"text-editor.default\">\n\t\t\t\t<div class=\"elementor-widget-container\">\n\t\t\t\t\t\t\t\t\t<p>T\u00f4i l\u00e0 Mae. T\u00f4i s\u1ed1ng \u1edf Leyte k\u1ec3 t\u1eeb khi t\u00f4i b\u1eaft \u0111\u1ea7u h\u1ecdc (3 n\u0103m). T\u00f4i y\u00eau th\u00e0nh ph\u1ed1 n\u00e0y, t\u00f4i y\u00eau bi\u1ec3n, con ng\u01b0\u1eddi \u1edf \u0111\u00e2y th\u1eadt tuy\u1ec7t v\u1eddi. N\u1ebfu b\u1ea1n mu\u1ed1n tr\u00f2 chuy\u1ec7n, ho\u1eb7c b\u1eaft c\u00f3c t\u00f4i \u0111\u1ec3 d\u1ef1 ti\u1ec7c - h\u00e3y m\u1ea1nh d\u1ea1n vi\u1ebft.<\/p>\t\t\t\t\t\t\t\t<\/div>\n\t\t\t\t<\/div>\n\t\t\t\t<div class=\"elementor-element elementor-element-6499bdd elementor-shape-rounded elementor-grid-0 e-grid-align-center elementor-widget elementor-widget-social-icons\" data-id=\"6499bdd\" data-element_type=\"widget\" data-widget_type=\"social-icons.default\">\n\t\t\t\t<div class=\"elementor-widget-container\">\n\t\t\t\t\t\t\t<div class=\"elementor-social-icons-wrapper elementor-grid\">\n\t\t\t\t\t\t\t<span class=\"elementor-grid-item\">\n\t\t\t\t\t<a class=\"elementor-icon elementor-social-icon elementor-social-icon-facebook elementor-repeater-item-966ee37\" href=\"https:\/\/pinay-nudes.com\/vi\/nk\/register\/\" target=\"_blank\">\n\t\t\t\t\t\t<span class=\"elementor-screen-only\">Facebook<\/span>\n\t\t\t\t\t\t<i class=\"fab fa-facebook\"><\/i>\t\t\t\t\t<\/a>\n\t\t\t\t<\/span>\n\t\t\t\t\t\t\t<span class=\"elementor-grid-item\">\n\t\t\t\t\t<a class=\"elementor-icon elementor-social-icon elementor-social-icon-instagram elementor-repeater-item-47b44c9\" href=\"https:\/\/pinay-nudes.com\/vi\/cb\/register\/\" target=\"_blank\">\n\t\t\t\t\t\t<span class=\"elementor-screen-only\">Instagram<\/span>\n\t\t\t\t\t\t<i class=\"fab fa-instagram\"><\/i>\t\t\t\t\t<\/a>\n\t\t\t\t<\/span>\n\t\t\t\t\t\t\t<span class=\"elementor-grid-item\">\n\t\t\t\t\t<a class=\"elementor-icon elementor-social-icon elementor-social-icon-snapchat elementor-repeater-item-a214105\" href=\"https:\/\/pinay-nudes.com\/vi\/nk1\/register\/\" target=\"_blank\">\n\t\t\t\t\t\t<span class=\"elementor-screen-only\">Snapchat<\/span>\n\t\t\t\t\t\t<i class=\"fab fa-snapchat\"><\/i>\t\t\t\t\t<\/a>\n\t\t\t\t<\/span>\n\t\t\t\t\t<\/div>\n\t\t\t\t\t\t<\/div>\n\t\t\t\t<\/div>\n\t\t\t\t<div class=\"elementor-element elementor-element-45a7f24 elementor-invisible elementor-widget elementor-widget-text-editor\" data-id=\"45a7f24\" data-element_type=\"widget\" data-settings=\"{&quot;_animation&quot;:&quot;jello&quot;}\" data-widget_type=\"text-editor.default\">\n\t\t\t\t<div class=\"elementor-widget-container\">\n\t\t\t\t\t\t\t\t\t<p><strong>9,089<\/strong><\/p>\t\t\t\t\t\t\t\t<\/div>\n\t\t\t\t<\/div>\n\t\t\t\t<div class=\"elementor-element elementor-element-58fea2f elementor-widget elementor-widget-text-editor\" data-id=\"58fea2f\" data-element_type=\"widget\" data-widget_type=\"text-editor.default\">\n\t\t\t\t<div class=\"elementor-widget-container\">\n\t\t\t\t\t\t\t\t\t<p>Ng\u01b0\u1eddi theo d\u00f5i<\/p>\t\t\t\t\t\t\t\t<\/div>\n\t\t\t\t<\/div>\n\t\t\t\t<div class=\"elementor-element elementor-element-32d9e85 elementor-widget elementor-widget-text-editor\" data-id=\"32d9e85\" data-element_type=\"widget\" data-widget_type=\"text-editor.default\">\n\t\t\t\t<div class=\"elementor-widget-container\">\n\t\t\t\t\t\t\t\t\t<p><strong>T\u00f4i \u0111ang online!<\/strong><\/p><p>Th\u1eddi gian ph\u1ea3n h\u1ed3i trung b\u00ecnh 2-25 ph\u00fat<\/p>\t\t\t\t\t\t\t\t<\/div>\n\t\t\t\t<\/div>\n\t\t\t\t<div class=\"elementor-element elementor-element-9a6ba5e elementor-align-center elementor-widget elementor-widget-button\" data-id=\"9a6ba5e\" data-element_type=\"widget\" data-widget_type=\"button.default\">\n\t\t\t\t<div class=\"elementor-widget-container\">\n\t\t\t\t\t\t\t\t\t<div class=\"elementor-button-wrapper\">\n\t\t\t\t\t<a class=\"elementor-button elementor-button-link elementor-size-sm\" href=\"https:\/\/pinay-nudes.com\/vi\/cb\/register\/\">\n\t\t\t\t\t\t<span class=\"elementor-button-content-wrapper\">\n\t\t\t\t\t\t\t\t\t<span class=\"elementor-button-text\">Li\u00ean l\u1ea1c v\u1edbi t\u00f4i nh\u00e9<\/span>\n\t\t\t\t\t<\/span>\n\t\t\t\t\t<\/a>\n\t\t\t\t<\/div>\n\t\t\t\t\t\t\t\t<\/div>\n\t\t\t\t<\/div>\n\t\t\t\t<div class=\"elementor-element elementor-element-115af17 elementor-star-rating--align-center elementor--star-style-star_fontawesome elementor-widget elementor-widget-star-rating\" data-id=\"115af17\" data-element_type=\"widget\" data-widget_type=\"star-rating.default\">\n\t\t\t\t<div class=\"elementor-widget-container\">\n\t\t\t\t\t\n\t\t<div class=\"elementor-star-rating__wrapper\">\n\t\t\t\t\t\t\t<div class=\"elementor-star-rating__title\">\u0110\u00e1nh gi\u00e1 h\u1ed3 s\u01a1:<\/div>\n\t\t\t\t\t\t<div class=\"elementor-star-rating\" title=\"4.8\/5\" itemtype=\"http:\/\/schema.org\/Rating\" itemscope=\"\" itemprop=\"reviewRating\"><i class=\"elementor-star-full\">&#xE934;<\/i><i class=\"elementor-star-full\">&#xE934;<\/i><i class=\"elementor-star-full\">&#xE934;<\/i><i class=\"elementor-star-full\">&#xE934;<\/i><i class=\"elementor-star-8\">&#xE934;<\/i> <span itemprop=\"ratingValue\" class=\"elementor-screen-only\">4.8\/5<\/span><\/div>\t\t<\/div>\n\t\t\t\t\t\t<\/div>\n\t\t\t\t<\/div>\n\t\t\t\t<\/div>\n\t\t\t\t<\/div>\n\t\t<div class=\"elementor-element elementor-element-3bda067 e-flex e-con-boxed e-con e-parent\" data-id=\"3bda067\" data-element_type=\"container\">\n\t\t\t\t\t<div class=\"e-con-inner\">\n\t\t\t\t<div class=\"elementor-element elementor-element-97d6a93 elementor-widget elementor-widget-html\" data-id=\"97d6a93\" data-element_type=\"widget\" data-widget_type=\"html.default\">\n\t\t\t\t<div class=\"elementor-widget-container\">\n\t\t\t\t\t<iframe scrolling=\"no\" frameborder=\"0\" height=\"300\" style=\"width:100%;min-width:70px;\" src=\"https:\/\/bngdin.com\/promo.php?c=787642&type=dynamic_banner&new_banner=0&db%5Bwidth%5D=160&db%5Bheight%5D=300&db%5Btype%5D=live&db%5Bmodel_zone%5D=free&db%5Bheader%5D=0&db%5Bfooter%5D=footer_text_1&db%5Bmlang%5D=1&db%5Bfullscreen%5D=&db%5Bmname%5D=1&db%5Bmlink%5D=1&db%5Bmstatus%5D=1&db%5Bmsize%5D=auto&db%5Bmpad%5D=1&db%5Bmwidth%5D=156&db%5Bcolor_scheme%5D=dark&db%5Bmborder%5D=solid&db%5Bmborder_color%5D=%23ffffff&db%5Bmborder_over_color%5D=%23a02239&db%5Bmshadow%5D=0&db%5Bmodels_by_geo%5D=0&db%5Bautoupdate%5D=1&db%5Btopmodels%5D=1&db%5Blanding%5D=chat&db%5Blogo_color%5D=negative&db%5Blogo_align%5D=left&db%5Bbg_color%5D=%23222222&db%5Bfont_family%5D=Trebuchet+MS&db%5Btext_align%5D=center&db%5Btext_color%5D=%23ffffff&db%5Blink_color%5D=%2396009e&db%5Beffect%5D=auto&db%5Beffect_speed%5D=optimal&db%5Bmode%5D=mode1&db%5Badaptive%5D=1&db%5Bslider%5D=0&db%5Bchat%5D=0\"><\/iframe>\t\t\t\t<\/div>\n\t\t\t\t<\/div>\n\t\t\t\t\t<\/div>\n\t\t\t\t<\/div>\n\t\t<div class=\"elementor-element elementor-element-a7bdfcc e-flex e-con-boxed e-con e-parent\" data-id=\"a7bdfcc\" data-element_type=\"container\">\n\t\t\t\t\t<div class=\"e-con-inner\">\n\t\t\t\t<div class=\"elementor-element elementor-element-f8cafbb elementor-widget elementor-widget-text-editor\" data-id=\"f8cafbb\" data-element_type=\"widget\" data-widget_type=\"text-editor.default\">\n\t\t\t\t<div class=\"elementor-widget-container\">\n\t\t\t\t\t\t\t\t\t<h2>Nh\u1eadn quy\u1ec1n truy c\u1eadp mi\u1ec5n ph\u00ed v\u00e0o \u1ea3nh kh\u1ecfa th\u00e2n c\u1ee7a ng\u01b0\u1eddi Philippines kh\u1ecfa th\u00e2n t\u1eeb Snapchat<\/h2><p>Gi\u1edd \u0111\u00e2y, b\u1ea1n c\u00f3 th\u1ec3 truy c\u1eadp b\u1ed9 s\u01b0u t\u1eadp kh\u1ed5ng l\u1ed3 g\u1ed3m th\u01b0 vi\u1ec7n v\u00e0 video XXX. C\u00e1c video khi\u00eau d\u00e2m v\u00e0 v\u1ee5 b\u00ea b\u1ed1i hay nh\u1ea5t c\u1ee7a Filipina c\u0169ng nh\u01b0 c\u00e1c t\u00e0i kho\u1ea3n Snapchat \u0111\u00edch th\u1ef1c v\u1edbi nh\u1eefng ph\u1ee5 n\u1eef Filipina h\u1ee9ng t\u00ecnh th\u1eadm ch\u00ed c\u00f2n m\u01a1 \u0111\u01b0\u1ee3c g\u1eb7p ng\u01b0\u1eddi n\u01b0\u1edbc ngo\u00e0i. Nh\u1eefng c\u00f4 g\u00e1i Philippines kh\u1ecfa th\u00e2n n\u00f3ng b\u1ecfng nh\u1ea5t \u0111\u1ebfn t\u1eeb Leyte \u0111ang ch\u1edd \u0111\u1ee3i.<\/p><p>Ch\u00fang t\u00f4i \u0111\u1ea3m b\u1ea3o r\u1eb1ng b\u1ea1n lu\u00f4n c\u00f3 n\u1ed9i dung c\u1eadp nh\u1eadt v\u00e0 kh\u00f4ng bao gi\u1edd c\u1ea3m th\u1ea5y nh\u00e0m ch\u00e1n. Nh\u1eefng em g\u00e1i Philippines n\u00f3ng b\u1ecfng nh\u1ea5t v\u00e0 nh\u1eefng em teen h\u1ee9ng t\u00ecnh nh\u1ea5t \u0111ang ch\u1edd \u0111\u01b0\u1ee3c kh\u1ecfa th\u00e2n. T\u00ecnh d\u1ee5c qua m\u1ea1ng \u0111\u00e3 tr\u1edf th\u00e0nh m\u1ed9t ch\u1ee7 \u0111\u1ec1 r\u1ea5t ph\u1ed5 bi\u1ebfn trong nh\u1eefng n\u0103m g\u1ea7n \u0111\u00e2y v\u00e0 ng\u00e0y c\u00e0ng ph\u1ed5 bi\u1ebfn nh\u1edd c\u00e1c \u1ee9ng d\u1ee5ng nh\u01b0 Snapchat, n\u01a1i c\u00e1c b\u1ee9c \u1ea3nh v\u00e0 video th\u01b0\u1eddng xuy\u00ean b\u1ecb x\u00f3a.\u00a0<\/p><h2>Philippine kh\u1ecfa th\u00e2n Filipina thi\u1ebfu ni\u00ean \u0111\u01b0\u1ee3c kh\u1ecfa th\u00e2n trong Snapchat<\/h2><p>H\u00e3y xem phim khi\u00eau d\u00e2m Filipina kh\u1ecfa th\u00e2n c\u1ee7a ch\u00fang t\u00f4i v\u1edbi ch\u1ea5t l\u01b0\u1ee3ng h\u00e0ng \u0111\u1ea7u. Khi\u00eau d\u00e2m Ch\u00e2u \u00c1 v\u1edbi c\u00e1c c\u00f4 g\u00e1i Pinay. Kh\u00e1m ph\u00e1 trang web h\u00e0ng ng\u00e0y v\u00e0 th\u00eam c\u00e1c c\u00f4 g\u00e1i m\u1edbi \u0111\u1ec3 quan h\u1ec7 t\u00ecnh d\u1ee5c. Nh\u1eefng b\u1ee9c \u1ea3nh chu\u1ea9n b\u1ecb h\u1ea5p d\u1eabn nh\u1ea5t c\u1ee7a Filipina d\u00e0nh cho b\u1ea1n. H\u00e3y xem nh\u1eefng b\u1ee9c \u1ea3nh kh\u1ecfa th\u00e2n tuy\u1ec7t \u0111\u1eb9p c\u1ee7a Philippine v\u00e0 \u0111\u1ec3 ch\u00fang l\u1ea5y c\u1eb7c c\u1ee7a b\u1ea1n. Ch\u1ec9 nh\u1eefng b\u1ee9c \u1ea3nh v\u00e0 video ch\u1ea5t l\u01b0\u1ee3ng cao t\u1eeb nh\u1eefng ng\u01b0\u1eddi ph\u1ee5 n\u1eef Pinay th\u1ef1c s\u1ef1. Th\u1ebb t\u00edn d\u1ee5ng l\u00e0 kh\u00f4ng c\u1ea7n thi\u1ebft v\u00e0 m\u1ecdi th\u1ee9 b\u1ea1n t\u1eadn h\u01b0\u1edfng \u0111\u1ec1u mi\u1ec5n ph\u00ed!<\/p>\t\t\t\t\t\t\t\t<\/div>\n\t\t\t\t<\/div>\n\t\t\t\t\t<\/div>\n\t\t\t\t<\/div>\n\t\t\t\t<\/div>","protected":false},"excerpt":{"rendered":"<p>Date Filipina, Asian Amateur Porn Leaked, Filipina Nude Porn Videos, Nude Girls Photos Date with Filipina and exchange Filipina Nude Amateur Photos or Porn Videos Meet girls from Leyte and date them for a good coffee, a date or just for rough sex. Search for the Filipina Hot Girls on our platform and ask them&hellip; <br \/> <a class=\"read-more\" href=\"https:\/\/pinay-nudes.com\/vi\/users\/mae-leyte\/\">Read more<\/a><\/p>","protected":false},"author":1,"featured_media":0,"parent":42,"menu_order":0,"comment_status":"closed","ping_status":"closed","template":"page-templates\/homepage.php","meta":{"_monsterinsights_skip_tracking":false,"_monsterinsights_sitenote_active":false,"_monsterinsights_sitenote_note":"","_monsterinsights_sitenote_category":0,"footnotes":""},"class_list":["post-279","page","type-page","status-publish","hentry"],"aioseo_notices":[],"yoast_head":"<!-- This site is optimized with the Yoast SEO plugin v24.4 - https:\/\/yoast.com\/wordpress\/plugins\/seo\/ -->\n<title>Mae Leyte - Nude Filipina Woman From Snapchat And Sex | Beauty Porn Pics<\/title>\n<meta name=\"robots\" content=\"index, follow, max-snippet:-1, max-image-preview:large, max-video-preview:-1\" \/>\n<link rel=\"canonical\" href=\"https:\/\/pinay-nudes.com\/vi\/users\/mae-leyte\/\" \/>\n<meta property=\"og:locale\" content=\"vi_VN\" \/>\n<meta property=\"og:type\" content=\"article\" \/>\n<meta property=\"og:title\" content=\"Mae Leyte - Nude Filipina Woman From Snapchat And Sex | Beauty Porn Pics\" \/>\n<meta property=\"og:description\" content=\"Date Filipina, Asian Amateur Porn Leaked, Filipina Nude Porn Videos, Nude Girls Photos Date with Filipina and exchange Filipina Nude Amateur Photos or Porn Videos Meet girls from Leyte and date them for a good coffee, a date or just for rough sex. Search for the Filipina Hot Girls on our platform and ask them&hellip; Read more\" \/>\n<meta property=\"og:url\" content=\"https:\/\/pinay-nudes.com\/vi\/users\/mae-leyte\/\" \/>\n<meta property=\"og:site_name\" content=\"Nude Filipina Woman From Snapchat And Sex | Beauty Porn Pics\" \/>\n<meta property=\"article:modified_time\" content=\"2025-02-19T01:35:39+00:00\" \/>\n<meta property=\"og:image\" content=\"https:\/\/pinay-nudes.com\/wp-content\/uploads\/2023\/09\/3f198811ff2c1b9089a38eb9c6082e52.png\" \/>\n\t<meta property=\"og:image:width\" content=\"872\" \/>\n\t<meta property=\"og:image:height\" content=\"644\" \/>\n\t<meta property=\"og:image:type\" content=\"image\/png\" \/>\n<meta name=\"twitter:card\" content=\"summary_large_image\" \/>\n<meta name=\"twitter:label1\" content=\"\u01af\u1edbc t\u00ednh th\u1eddi gian \u0111\u1ecdc\" \/>\n\t<meta name=\"twitter:data1\" content=\"2 ph\u00fat\" \/>\n<script type=\"application\/ld+json\" class=\"yoast-schema-graph\">{\"@context\":\"https:\/\/schema.org\",\"@graph\":[{\"@type\":\"WebPage\",\"@id\":\"https:\/\/pinay-nudes.com\/users\/mae-leyte\/\",\"url\":\"https:\/\/pinay-nudes.com\/users\/mae-leyte\/\",\"name\":\"Mae Leyte - Nude Filipina Woman From Snapchat And Sex | Beauty Porn Pics\",\"isPartOf\":{\"@id\":\"https:\/\/pinay-nudes.com\/#website\"},\"primaryImageOfPage\":{\"@id\":\"https:\/\/pinay-nudes.com\/users\/mae-leyte\/#primaryimage\"},\"image\":{\"@id\":\"https:\/\/pinay-nudes.com\/users\/mae-leyte\/#primaryimage\"},\"thumbnailUrl\":\"http:\/\/pinay-nudes.com\/wp-content\/uploads\/2023\/09\/3f198811ff2c1b9089a38eb9c6082e52.png\",\"datePublished\":\"2023-09-18T02:55:46+00:00\",\"dateModified\":\"2025-02-19T01:35:39+00:00\",\"breadcrumb\":{\"@id\":\"https:\/\/pinay-nudes.com\/users\/mae-leyte\/#breadcrumb\"},\"inLanguage\":\"vi\",\"potentialAction\":[{\"@type\":\"ReadAction\",\"target\":[\"https:\/\/pinay-nudes.com\/users\/mae-leyte\/\"]}]},{\"@type\":\"ImageObject\",\"inLanguage\":\"vi\",\"@id\":\"https:\/\/pinay-nudes.com\/users\/mae-leyte\/#primaryimage\",\"url\":\"http:\/\/pinay-nudes.com\/wp-content\/uploads\/2023\/09\/3f198811ff2c1b9089a38eb9c6082e52.png\",\"contentUrl\":\"http:\/\/pinay-nudes.com\/wp-content\/uploads\/2023\/09\/3f198811ff2c1b9089a38eb9c6082e52.png\"},{\"@type\":\"BreadcrumbList\",\"@id\":\"https:\/\/pinay-nudes.com\/users\/mae-leyte\/#breadcrumb\",\"itemListElement\":[{\"@type\":\"ListItem\",\"position\":1,\"name\":\"Home\",\"item\":\"https:\/\/pinay-nudes.com\/\"},{\"@type\":\"ListItem\",\"position\":2,\"name\":\"Our Users\",\"item\":\"https:\/\/pinay-nudes.com\/users\/\"},{\"@type\":\"ListItem\",\"position\":3,\"name\":\"Mae Leyte\"}]},{\"@type\":\"WebSite\",\"@id\":\"https:\/\/pinay-nudes.com\/#website\",\"url\":\"https:\/\/pinay-nudes.com\/\",\"name\":\"Nude Filipina Woman From Snapchat And Sex | Beauty Porn Pics\",\"description\":\"Check our Free Porn Gallery with nude beautiful girls. XXX Naked Porn Pics from Hot Naked Girls from Snapchat and Sex Cams. Best Filipina sexy photos\",\"publisher\":{\"@id\":\"https:\/\/pinay-nudes.com\/#organization\"},\"potentialAction\":[{\"@type\":\"SearchAction\",\"target\":{\"@type\":\"EntryPoint\",\"urlTemplate\":\"https:\/\/pinay-nudes.com\/?s={search_term_string}\"},\"query-input\":{\"@type\":\"PropertyValueSpecification\",\"valueRequired\":true,\"valueName\":\"search_term_string\"}}],\"inLanguage\":\"vi\"},{\"@type\":\"Organization\",\"@id\":\"https:\/\/pinay-nudes.com\/#organization\",\"name\":\"Nude Filipina Woman From Snapchat And Sex | Beauty Porn Pics\",\"url\":\"https:\/\/pinay-nudes.com\/\",\"logo\":{\"@type\":\"ImageObject\",\"inLanguage\":\"vi\",\"@id\":\"https:\/\/pinay-nudes.com\/#\/schema\/logo\/image\/\",\"url\":\"https:\/\/pinay-nudes.com\/wp-content\/uploads\/2023\/09\/cropped-cropped-logo2-1.png\",\"contentUrl\":\"https:\/\/pinay-nudes.com\/wp-content\/uploads\/2023\/09\/cropped-cropped-logo2-1.png\",\"width\":512,\"height\":512,\"caption\":\"Nude Filipina Woman From Snapchat And Sex | Beauty Porn Pics \"},\"image\":{\"@id\":\"https:\/\/pinay-nudes.com\/#\/schema\/logo\/image\/\"}}]}<\/script>\n<!-- \/ Yoast SEO plugin. -->","yoast_head_json":{"title":"Mae Leyte - Nude Filipina Woman From Snapchat And Sex | Beauty Porn Pics","robots":{"index":"index","follow":"follow","max-snippet":"max-snippet:-1","max-image-preview":"max-image-preview:large","max-video-preview":"max-video-preview:-1"},"canonical":"https:\/\/pinay-nudes.com\/vi\/users\/mae-leyte\/","og_locale":"vi_VN","og_type":"article","og_title":"Mae Leyte - Nude Filipina Woman From Snapchat And Sex | Beauty Porn Pics","og_description":"Date Filipina, Asian Amateur Porn Leaked, Filipina Nude Porn Videos, Nude Girls Photos Date with Filipina and exchange Filipina Nude Amateur Photos or Porn Videos Meet girls from Leyte and date them for a good coffee, a date or just for rough sex. Search for the Filipina Hot Girls on our platform and ask them&hellip; Read more","og_url":"https:\/\/pinay-nudes.com\/vi\/users\/mae-leyte\/","og_site_name":"Nude Filipina Woman From Snapchat And Sex | Beauty Porn Pics","article_modified_time":"2025-02-19T01:35:39+00:00","og_image":[{"width":872,"height":644,"url":"https:\/\/pinay-nudes.com\/wp-content\/uploads\/2023\/09\/3f198811ff2c1b9089a38eb9c6082e52.png","type":"image\/png"}],"twitter_card":"summary_large_image","twitter_misc":{"\u01af\u1edbc t\u00ednh th\u1eddi gian \u0111\u1ecdc":"2 ph\u00fat"},"schema":{"@context":"https:\/\/schema.org","@graph":[{"@type":"WebPage","@id":"https:\/\/pinay-nudes.com\/users\/mae-leyte\/","url":"https:\/\/pinay-nudes.com\/users\/mae-leyte\/","name":"Mae Leyte - Nude Filipina Woman From Snapchat And Sex | Beauty Porn Pics","isPartOf":{"@id":"https:\/\/pinay-nudes.com\/#website"},"primaryImageOfPage":{"@id":"https:\/\/pinay-nudes.com\/users\/mae-leyte\/#primaryimage"},"image":{"@id":"https:\/\/pinay-nudes.com\/users\/mae-leyte\/#primaryimage"},"thumbnailUrl":"http:\/\/pinay-nudes.com\/wp-content\/uploads\/2023\/09\/3f198811ff2c1b9089a38eb9c6082e52.png","datePublished":"2023-09-18T02:55:46+00:00","dateModified":"2025-02-19T01:35:39+00:00","breadcrumb":{"@id":"https:\/\/pinay-nudes.com\/users\/mae-leyte\/#breadcrumb"},"inLanguage":"vi","potentialAction":[{"@type":"ReadAction","target":["https:\/\/pinay-nudes.com\/users\/mae-leyte\/"]}]},{"@type":"ImageObject","inLanguage":"vi","@id":"https:\/\/pinay-nudes.com\/users\/mae-leyte\/#primaryimage","url":"http:\/\/pinay-nudes.com\/wp-content\/uploads\/2023\/09\/3f198811ff2c1b9089a38eb9c6082e52.png","contentUrl":"http:\/\/pinay-nudes.com\/wp-content\/uploads\/2023\/09\/3f198811ff2c1b9089a38eb9c6082e52.png"},{"@type":"BreadcrumbList","@id":"https:\/\/pinay-nudes.com\/users\/mae-leyte\/#breadcrumb","itemListElement":[{"@type":"ListItem","position":1,"name":"Home","item":"https:\/\/pinay-nudes.com\/"},{"@type":"ListItem","position":2,"name":"Our Users","item":"https:\/\/pinay-nudes.com\/users\/"},{"@type":"ListItem","position":3,"name":"Mae Leyte"}]},{"@type":"WebSite","@id":"https:\/\/pinay-nudes.com\/#website","url":"https:\/\/pinay-nudes.com\/","name":"Nude Filipina Woman From Snapchat And Sex | Beauty Porn Pics","description":"Check our Free Porn Gallery with nude beautiful girls. XXX Naked Porn Pics from Hot Naked Girls from Snapchat and Sex Cams. Best Filipina sexy photos","publisher":{"@id":"https:\/\/pinay-nudes.com\/#organization"},"potentialAction":[{"@type":"SearchAction","target":{"@type":"EntryPoint","urlTemplate":"https:\/\/pinay-nudes.com\/?s={search_term_string}"},"query-input":{"@type":"PropertyValueSpecification","valueRequired":true,"valueName":"search_term_string"}}],"inLanguage":"vi"},{"@type":"Organization","@id":"https:\/\/pinay-nudes.com\/#organization","name":"Nude Filipina Woman From Snapchat And Sex | Beauty Porn Pics","url":"https:\/\/pinay-nudes.com\/","logo":{"@type":"ImageObject","inLanguage":"vi","@id":"https:\/\/pinay-nudes.com\/#\/schema\/logo\/image\/","url":"https:\/\/pinay-nudes.com\/wp-content\/uploads\/2023\/09\/cropped-cropped-logo2-1.png","contentUrl":"https:\/\/pinay-nudes.com\/wp-content\/uploads\/2023\/09\/cropped-cropped-logo2-1.png","width":512,"height":512,"caption":"Nude Filipina Woman From Snapchat And Sex | Beauty Porn Pics "},"image":{"@id":"https:\/\/pinay-nudes.com\/#\/schema\/logo\/image\/"}}]}},"_links":{"self":[{"href":"https:\/\/pinay-nudes.com\/vi\/wp-json\/wp\/v2\/pages\/279","targetHints":{"allow":["GET"]}}],"collection":[{"href":"https:\/\/pinay-nudes.com\/vi\/wp-json\/wp\/v2\/pages"}],"about":[{"href":"https:\/\/pinay-nudes.com\/vi\/wp-json\/wp\/v2\/types\/page"}],"author":[{"embeddable":true,"href":"https:\/\/pinay-nudes.com\/vi\/wp-json\/wp\/v2\/users\/1"}],"replies":[{"embeddable":true,"href":"https:\/\/pinay-nudes.com\/vi\/wp-json\/wp\/v2\/comments?post=279"}],"version-history":[{"count":34,"href":"https:\/\/pinay-nudes.com\/vi\/wp-json\/wp\/v2\/pages\/279\/revisions"}],"predecessor-version":[{"id":2413,"href":"https:\/\/pinay-nudes.com\/vi\/wp-json\/wp\/v2\/pages\/279\/revisions\/2413"}],"up":[{"embeddable":true,"href":"https:\/\/pinay-nudes.com\/vi\/wp-json\/wp\/v2\/pages\/42"}],"wp:attachment":[{"href":"https:\/\/pinay-nudes.com\/vi\/wp-json\/wp\/v2\/media?parent=279"}],"curies":[{"name":"wp","href":"https:\/\/api.w.org\/{rel}","templated":true}]}}