{"id":2376,"date":"2025-02-04T02:11:19","date_gmt":"2025-02-04T02:11:19","guid":{"rendered":"https:\/\/pinay-nudes.com\/?page_id=2376"},"modified":"2025-02-18T07:51:15","modified_gmt":"2025-02-18T07:51:15","slug":"dmca","status":"publish","type":"page","link":"https:\/\/pinay-nudes.com\/vi\/dmca\/","title":{"rendered":"DMCA"},"content":{"rendered":"<div data-elementor-type=\"wp-page\" data-elementor-id=\"2376\" class=\"elementor elementor-2376\">\n\t\t\t\t<div class=\"elementor-element elementor-element-b65a115 e-flex e-con-boxed e-con e-parent\" data-id=\"b65a115\" data-element_type=\"container\">\n\t\t\t\t\t<div class=\"e-con-inner\">\n\t\t\t\t<div class=\"elementor-element elementor-element-5880888 elementor-widget elementor-widget-text-editor\" data-id=\"5880888\" data-element_type=\"widget\" data-widget_type=\"text-editor.default\">\n\t\t\t\t<div class=\"elementor-widget-container\">\n\t\t\t\t\t\t\t\t\t<h1><center><p><\/p>\n<p>The DMCA Policy of Pinay-Nudes.com<\/p><\/center><\/h1>\n<p><br>\nCh\u00fang t\u00f4i mong \u0111\u1ee3i ng\u01b0\u1eddi d\u00f9ng c\u1ee7a m\u00ecnh t\u00f4n tr\u1ecdng quy\u1ec1n s\u1edf h\u1eefu tr\u00ed tu\u1ec7 c\u1ee7a ng\u01b0\u1eddi kh\u00e1c. Ch\u00fang t\u00f4i s\u1ebd nhanh ch\u00f3ng gi\u1ea3i quy\u1ebft m\u1ecdi c\u00e1o bu\u1ed9c vi ph\u1ea1m b\u1ea3n quy\u1ec1n \u0111\u01b0\u1ee3c \u0111\u01b0a ra \u0111\u1ec3 ch\u00fang t\u00f4i l\u01b0u \u00fd theo \u0110\u1ea1o lu\u1eadt B\u1ea3n quy\u1ec1n Thi\u00ean ni\u00ean k\u1ef7 K\u1ef9 thu\u1eadt s\u1ed1 (\u201cDMCA\u201d). Vui l\u00f2ng cung c\u1ea5p c\u00e1c th\u00f4ng tin chi ti\u1ebft sau cho \u0110\u1ea1i l\u00fd B\u1ea3n quy\u1ec1n \u0111\u01b0\u1ee3c ch\u1ec9 \u0111\u1ecbnh c\u1ee7a ch\u00fang t\u00f4i n\u1ebfu b\u1ea1n cho r\u1eb1ng ai \u0111\u00f3 \u0111\u00e3 sao ch\u00e9p ho\u1eb7c s\u1eed d\u1ee5ng t\u00e1c ph\u1ea9m c\u00f3 b\u1ea3n quy\u1ec1n c\u1ee7a b\u1ea1n theo c\u00e1ch vi ph\u1ea1m b\u1ea3n quy\u1ec1n:<\/p>\n<p>ch\u1eef k\u00fd v\u1eadt l\u00fd ho\u1eb7c ch\u1eef k\u00fd s\u1ed1 c\u1ee7a ch\u1ee7 s\u1edf h\u1eefu b\u1ea3n quy\u1ec1n ho\u1eb7c \u0111\u1ea1i di\u1ec7n \u0111\u01b0\u1ee3c \u1ee7y quy\u1ec1n. nh\u1eadn d\u1ea1ng t\u00e1c ph\u1ea9m c\u00f3 b\u1ea3n quy\u1ec1n b\u1ecb c\u00e1o bu\u1ed9c vi ph\u1ea1m, nh\u1eadn d\u1ea1ng n\u1ed9i dung vi ph\u1ea1m v\u00e0 c\u00e1c chi ti\u1ebft \u00edt nh\u1ea5t l\u00e0 \u0111\u1ee7 \u0111\u1ec3 ch\u00fang t\u00f4i c\u00f3 th\u1ec3 t\u00ecm th\u1ea5y n\u1ed9i dung tr\u00ean trang web c\u1ee7a m\u00ecnh, T\u00ean, \u0111\u1ecba ch\u1ec9, s\u1ed1 \u0111i\u1ec7n tho\u1ea1i v\u00e0 \u0111\u1ecba ch\u1ec9 email c\u1ee7a b\u1ea1n n\u1eb1m trong s\u1ed1 c\u00e1c th\u00f4ng tin li\u00ean h\u1ec7 c\u1ee7a b\u1ea1n, tuy\u00ean b\u1ed1 b\u00e0y t\u1ecf ni\u1ec1m tin ch\u00e2n th\u00e0nh c\u1ee7a b\u1ea1n r\u1eb1ng vi\u1ec7c s\u1eed d\u1ee5ng n\u1ed9i dung b\u1ecb ph\u00e1p lu\u1eadt, ch\u1ee7 s\u1edf h\u1eefu b\u1ea3n quy\u1ec1n ho\u1eb7c \u0111\u1ea1i l\u00fd c\u1ee7a ch\u1ee7 s\u1edf h\u1eefu b\u1ea3n quy\u1ec1n nghi\u00eam c\u1ea5m, tuy\u00ean b\u1ed1 r\u1eb1ng b\u1ea1n l\u00e0 ch\u1ee7 s\u1edf h\u1eefu b\u1ea3n quy\u1ec1n ho\u1eb7c c\u00f3 th\u1ea9m quy\u1ec1n h\u00e0nh \u0111\u1ed9ng thay m\u1eb7t cho h\u1ecd v\u00e0 th\u00f4ng tin trong th\u00f4ng b\u00e1o l\u00e0 \u0111\u00fang s\u1ef1 th\u1eadt theo h\u00ecnh ph\u1ea1t v\u1ec1 t\u1ed9i khai man. Th\u00f4ng b\u00e1o DMCA c\u1ee7a b\u1ea1n ph\u1ea3i \u0111\u01b0\u1ee3c g\u1eedi \u0111\u1ebfn:<\/p>\n<p><br>Email: [info@pinay-nudes.com]<\/p>\n<p><br><\/p>\n<p>B\u1ea1n c\u00f3 th\u1ec3 n\u1ed9p th\u00f4ng b\u00e1o ph\u1ea3n \u0111\u1ed1i v\u1edbi c\u00e1c chi ti\u1ebft sau n\u1ebfu b\u1ea1n cho r\u1eb1ng n\u1ed9i dung \u0111\u00e3 b\u1ecb v\u00f4 hi\u1ec7u h\u00f3a ho\u1eb7c x\u00f3a l\u00e0 do nh\u1ea7m l\u1eabn ho\u1eb7c n\u1ebfu b\u1ea1n cho r\u1eb1ng b\u1ea1n v\u1eabn \u0111\u01b0\u1ee3c ph\u00e9p s\u1eed d\u1ee5ng n\u1ed9i dung: Ch\u1eef k\u00fd c\u1ee7a b\u1ea1n, d\u01b0\u1edbi d\u1ea1ng k\u1ef9 thu\u1eadt s\u1ed1 ho\u1eb7c h\u1eefu h\u00ecnh. X\u00e1c \u0111\u1ecbnh n\u1ed9i dung \u0111\u00e3 b\u1ecb x\u00f3a v\u00e0 v\u1ecb tr\u00ed tr\u01b0\u1edbc khi x\u00f3a. Tuy\u00ean b\u1ed1 d\u01b0\u1edbi h\u00ecnh ph\u1ea1t v\u1ec1 t\u1ed9i khai man r\u1eb1ng b\u1ea1n tin t\u01b0\u1edfng, m\u1ed9t c\u00e1ch thi\u1ec7n ch\u00ed, r\u1eb1ng vi\u1ec7c x\u00f3a n\u1ed9i dung l\u00e0 do l\u1ed7i ho\u1eb7c nh\u1eadn d\u1ea1ng sai. T\u00ean, \u0111\u1ecba ch\u1ec9, s\u1ed1 \u0111i\u1ec7n tho\u1ea1i v\u00e0 \u0111\u1ecba ch\u1ec9 email c\u1ee7a b\u1ea1n n\u1eb1m trong s\u1ed1 c\u00e1c chi ti\u1ebft li\u00ean h\u1ec7 c\u1ee7a b\u1ea1n. Tuy\u00ean b\u1ed1 \u0111\u1ed3ng \u00fd ch\u1ea5p nh\u1eadn d\u1ecbch v\u1ee5 t\u1ed1 t\u1ee5ng t\u1eeb b\u00ean \u0111\u00e3 n\u1ed9p \u0111\u01a1n khi\u1ebfu n\u1ea1i DMCA \u0111\u1ea7u ti\u00ean v\u00e0 \u0111\u1ed3ng \u00fd v\u1edbi quy\u1ec1n t\u00e0i ph\u00e1n c\u1ee7a t\u00f2a \u00e1n li\u00ean bang t\u1ea1i qu\u1eadn c\u1ee7a b\u1ea1n (ho\u1eb7c qu\u1eadn n\u01a1i c\u00f4ng ty ch\u00fang t\u00f4i \u0111\u1eb7t tr\u1ee5 s\u1edf). Th\u00f4ng b\u00e1o ph\u1ea3n \u0111\u1ed1i ph\u1ea3i \u0111\u01b0\u1ee3c g\u1eedi \u0111\u1ebfn \u0110\u1ea1i l\u00fd b\u1ea3n quy\u1ec1n c\u1ee7a ch\u00fang t\u00f4i b\u1eb1ng th\u00f4ng tin li\u00ean h\u1ec7 \u1edf tr\u00ean. Ng\u01b0\u1eddi d\u00f9ng vi ph\u1ea1m b\u1ea3n quy\u1ec1n nhi\u1ec1u l\u1ea7n c\u00f3 th\u1ec3 b\u1ecb ch\u00fang t\u00f4i ch\u1ea5m d\u1ee9t t\u00e0i kho\u1ea3n. Vui l\u00f2ng li\u00ean h\u1ec7 v\u1edbi ch\u00fang t\u00f4i n\u1ebfu b\u1ea1n c\u00f3 b\u1ea5t k\u1ef3 c\u00e2u h\u1ecfi n\u00e0o v\u1ec1 ch\u00ednh s\u00e1ch c\u1ee7a ch\u00fang t\u00f4i.<\/p>\t\t\t\t\t\t\t\t<\/div>\n\t\t\t\t<\/div>\n\t\t\t\t\t<\/div>\n\t\t\t\t<\/div>\n\t\t\t\t<\/div>","protected":false},"excerpt":{"rendered":"<p>The DMCA Policy of Pinay-Nudes.com We expect our users to respect other people&#8217;s intellectual property rights. We shall quickly address any allegations of copyright infringement that are brought to our attention in compliance with the Digital Millennium Copyright Act (&#8220;DMCA&#8221;). Please give the following details to our designated Copyright Agent if you think that someone&hellip; <br \/> <a class=\"read-more\" href=\"https:\/\/pinay-nudes.com\/vi\/dmca\/\">Read more<\/a><\/p>","protected":false},"author":1,"featured_media":0,"parent":0,"menu_order":0,"comment_status":"closed","ping_status":"closed","template":"page-templates\/homepage.php","meta":{"_monsterinsights_skip_tracking":false,"_monsterinsights_sitenote_active":false,"_monsterinsights_sitenote_note":"","_monsterinsights_sitenote_category":0,"footnotes":""},"class_list":["post-2376","page","type-page","status-publish","hentry"],"aioseo_notices":[],"yoast_head":"<!-- This site is optimized with the Yoast SEO plugin v24.4 - https:\/\/yoast.com\/wordpress\/plugins\/seo\/ -->\n<title>DMCA - Nude Filipina Woman From Snapchat And Sex | Beauty Porn Pics<\/title>\n<meta name=\"robots\" content=\"index, follow, max-snippet:-1, max-image-preview:large, max-video-preview:-1\" \/>\n<link rel=\"canonical\" href=\"https:\/\/pinay-nudes.com\/vi\/dmca\/\" \/>\n<meta property=\"og:locale\" content=\"vi_VN\" \/>\n<meta property=\"og:type\" content=\"article\" \/>\n<meta property=\"og:title\" content=\"DMCA - Nude Filipina Woman From Snapchat And Sex | Beauty Porn Pics\" \/>\n<meta property=\"og:description\" content=\"The DMCA Policy of Pinay-Nudes.com We expect our users to respect other people&#8217;s intellectual property rights. We shall quickly address any allegations of copyright infringement that are brought to our attention in compliance with the Digital Millennium Copyright Act (&#8220;DMCA&#8221;). Please give the following details to our designated Copyright Agent if you think that someone&hellip; Read more\" \/>\n<meta property=\"og:url\" content=\"https:\/\/pinay-nudes.com\/vi\/dmca\/\" \/>\n<meta property=\"og:site_name\" content=\"Nude Filipina Woman From Snapchat And Sex | Beauty Porn Pics\" \/>\n<meta property=\"article:modified_time\" content=\"2025-02-18T07:51:15+00:00\" \/>\n<meta name=\"twitter:card\" content=\"summary_large_image\" \/>\n<meta name=\"twitter:label1\" content=\"\u01af\u1edbc t\u00ednh th\u1eddi gian \u0111\u1ecdc\" \/>\n\t<meta name=\"twitter:data1\" content=\"2 ph\u00fat\" \/>\n<script type=\"application\/ld+json\" class=\"yoast-schema-graph\">{\"@context\":\"https:\/\/schema.org\",\"@graph\":[{\"@type\":\"WebPage\",\"@id\":\"https:\/\/pinay-nudes.com\/dmca\/\",\"url\":\"https:\/\/pinay-nudes.com\/dmca\/\",\"name\":\"DMCA - Nude Filipina Woman From Snapchat And Sex | Beauty Porn Pics\",\"isPartOf\":{\"@id\":\"https:\/\/pinay-nudes.com\/#website\"},\"datePublished\":\"2025-02-04T02:11:19+00:00\",\"dateModified\":\"2025-02-18T07:51:15+00:00\",\"breadcrumb\":{\"@id\":\"https:\/\/pinay-nudes.com\/dmca\/#breadcrumb\"},\"inLanguage\":\"vi\",\"potentialAction\":[{\"@type\":\"ReadAction\",\"target\":[\"https:\/\/pinay-nudes.com\/dmca\/\"]}]},{\"@type\":\"BreadcrumbList\",\"@id\":\"https:\/\/pinay-nudes.com\/dmca\/#breadcrumb\",\"itemListElement\":[{\"@type\":\"ListItem\",\"position\":1,\"name\":\"Home\",\"item\":\"https:\/\/pinay-nudes.com\/\"},{\"@type\":\"ListItem\",\"position\":2,\"name\":\"DMCA\"}]},{\"@type\":\"WebSite\",\"@id\":\"https:\/\/pinay-nudes.com\/#website\",\"url\":\"https:\/\/pinay-nudes.com\/\",\"name\":\"Nude Filipina Woman From Snapchat And Sex | Beauty Porn Pics\",\"description\":\"Check our Free Porn Gallery with nude beautiful girls. XXX Naked Porn Pics from Hot Naked Girls from Snapchat and Sex Cams. Best Filipina sexy photos\",\"publisher\":{\"@id\":\"https:\/\/pinay-nudes.com\/#organization\"},\"potentialAction\":[{\"@type\":\"SearchAction\",\"target\":{\"@type\":\"EntryPoint\",\"urlTemplate\":\"https:\/\/pinay-nudes.com\/?s={search_term_string}\"},\"query-input\":{\"@type\":\"PropertyValueSpecification\",\"valueRequired\":true,\"valueName\":\"search_term_string\"}}],\"inLanguage\":\"vi\"},{\"@type\":\"Organization\",\"@id\":\"https:\/\/pinay-nudes.com\/#organization\",\"name\":\"Nude Filipina Woman From Snapchat And Sex | Beauty Porn Pics\",\"url\":\"https:\/\/pinay-nudes.com\/\",\"logo\":{\"@type\":\"ImageObject\",\"inLanguage\":\"vi\",\"@id\":\"https:\/\/pinay-nudes.com\/#\/schema\/logo\/image\/\",\"url\":\"https:\/\/pinay-nudes.com\/wp-content\/uploads\/2023\/09\/cropped-cropped-logo2-1.png\",\"contentUrl\":\"https:\/\/pinay-nudes.com\/wp-content\/uploads\/2023\/09\/cropped-cropped-logo2-1.png\",\"width\":512,\"height\":512,\"caption\":\"Nude Filipina Woman From Snapchat And Sex | Beauty Porn Pics \"},\"image\":{\"@id\":\"https:\/\/pinay-nudes.com\/#\/schema\/logo\/image\/\"}}]}<\/script>\n<!-- \/ Yoast SEO plugin. -->","yoast_head_json":{"title":"DMCA - Nude Filipina Woman From Snapchat And Sex | Beauty Porn Pics","robots":{"index":"index","follow":"follow","max-snippet":"max-snippet:-1","max-image-preview":"max-image-preview:large","max-video-preview":"max-video-preview:-1"},"canonical":"https:\/\/pinay-nudes.com\/vi\/dmca\/","og_locale":"vi_VN","og_type":"article","og_title":"DMCA - Nude Filipina Woman From Snapchat And Sex | Beauty Porn Pics","og_description":"The DMCA Policy of Pinay-Nudes.com We expect our users to respect other people&#8217;s intellectual property rights. We shall quickly address any allegations of copyright infringement that are brought to our attention in compliance with the Digital Millennium Copyright Act (&#8220;DMCA&#8221;). Please give the following details to our designated Copyright Agent if you think that someone&hellip; Read more","og_url":"https:\/\/pinay-nudes.com\/vi\/dmca\/","og_site_name":"Nude Filipina Woman From Snapchat And Sex | Beauty Porn Pics","article_modified_time":"2025-02-18T07:51:15+00:00","twitter_card":"summary_large_image","twitter_misc":{"\u01af\u1edbc t\u00ednh th\u1eddi gian \u0111\u1ecdc":"2 ph\u00fat"},"schema":{"@context":"https:\/\/schema.org","@graph":[{"@type":"WebPage","@id":"https:\/\/pinay-nudes.com\/dmca\/","url":"https:\/\/pinay-nudes.com\/dmca\/","name":"DMCA - Nude Filipina Woman From Snapchat And Sex | Beauty Porn Pics","isPartOf":{"@id":"https:\/\/pinay-nudes.com\/#website"},"datePublished":"2025-02-04T02:11:19+00:00","dateModified":"2025-02-18T07:51:15+00:00","breadcrumb":{"@id":"https:\/\/pinay-nudes.com\/dmca\/#breadcrumb"},"inLanguage":"vi","potentialAction":[{"@type":"ReadAction","target":["https:\/\/pinay-nudes.com\/dmca\/"]}]},{"@type":"BreadcrumbList","@id":"https:\/\/pinay-nudes.com\/dmca\/#breadcrumb","itemListElement":[{"@type":"ListItem","position":1,"name":"Home","item":"https:\/\/pinay-nudes.com\/"},{"@type":"ListItem","position":2,"name":"DMCA"}]},{"@type":"WebSite","@id":"https:\/\/pinay-nudes.com\/#website","url":"https:\/\/pinay-nudes.com\/","name":"Nude Filipina Woman From Snapchat And Sex | Beauty Porn Pics","description":"Check our Free Porn Gallery with nude beautiful girls. XXX Naked Porn Pics from Hot Naked Girls from Snapchat and Sex Cams. Best Filipina sexy photos","publisher":{"@id":"https:\/\/pinay-nudes.com\/#organization"},"potentialAction":[{"@type":"SearchAction","target":{"@type":"EntryPoint","urlTemplate":"https:\/\/pinay-nudes.com\/?s={search_term_string}"},"query-input":{"@type":"PropertyValueSpecification","valueRequired":true,"valueName":"search_term_string"}}],"inLanguage":"vi"},{"@type":"Organization","@id":"https:\/\/pinay-nudes.com\/#organization","name":"Nude Filipina Woman From Snapchat And Sex | Beauty Porn Pics","url":"https:\/\/pinay-nudes.com\/","logo":{"@type":"ImageObject","inLanguage":"vi","@id":"https:\/\/pinay-nudes.com\/#\/schema\/logo\/image\/","url":"https:\/\/pinay-nudes.com\/wp-content\/uploads\/2023\/09\/cropped-cropped-logo2-1.png","contentUrl":"https:\/\/pinay-nudes.com\/wp-content\/uploads\/2023\/09\/cropped-cropped-logo2-1.png","width":512,"height":512,"caption":"Nude Filipina Woman From Snapchat And Sex | Beauty Porn Pics "},"image":{"@id":"https:\/\/pinay-nudes.com\/#\/schema\/logo\/image\/"}}]}},"_links":{"self":[{"href":"https:\/\/pinay-nudes.com\/vi\/wp-json\/wp\/v2\/pages\/2376","targetHints":{"allow":["GET"]}}],"collection":[{"href":"https:\/\/pinay-nudes.com\/vi\/wp-json\/wp\/v2\/pages"}],"about":[{"href":"https:\/\/pinay-nudes.com\/vi\/wp-json\/wp\/v2\/types\/page"}],"author":[{"embeddable":true,"href":"https:\/\/pinay-nudes.com\/vi\/wp-json\/wp\/v2\/users\/1"}],"replies":[{"embeddable":true,"href":"https:\/\/pinay-nudes.com\/vi\/wp-json\/wp\/v2\/comments?post=2376"}],"version-history":[{"count":16,"href":"https:\/\/pinay-nudes.com\/vi\/wp-json\/wp\/v2\/pages\/2376\/revisions"}],"predecessor-version":[{"id":2398,"href":"https:\/\/pinay-nudes.com\/vi\/wp-json\/wp\/v2\/pages\/2376\/revisions\/2398"}],"wp:attachment":[{"href":"https:\/\/pinay-nudes.com\/vi\/wp-json\/wp\/v2\/media?parent=2376"}],"curies":[{"name":"wp","href":"https:\/\/api.w.org\/{rel}","templated":true}]}}