{"id":751,"date":"2023-10-02T22:31:46","date_gmt":"2023-10-02T21:31:46","guid":{"rendered":"https:\/\/pinay-nudes.com\/?page_id=751"},"modified":"2025-02-19T01:38:51","modified_gmt":"2025-02-19T01:38:51","slug":"analyn-elnido","status":"publish","type":"page","link":"https:\/\/pinay-nudes.com\/sv\/users\/analyn-elnido\/","title":{"rendered":"Analyn El Nido"},"content":{"rendered":"<div data-elementor-type=\"wp-page\" data-elementor-id=\"751\" class=\"elementor elementor-751\">\n\t\t\t\t<div class=\"elementor-element elementor-element-7e1f974 e-flex e-con-boxed e-con e-parent\" data-id=\"7e1f974\" data-element_type=\"container\">\n\t\t\t\t\t<div class=\"e-con-inner\">\n\t\t\t\t<div class=\"elementor-element elementor-element-125cc8c elementor-widget elementor-widget-text-editor\" data-id=\"125cc8c\" data-element_type=\"widget\" data-widget_type=\"text-editor.default\">\n\t\t\t\t<div class=\"elementor-widget-container\">\n\t\t\t\t\t\t\t\t\t<center><h1>B\u00e4sta Onlyfans naken porrfilmer, gratis naken Onlyfans porrl\u00e4ckor<\/h1><\/center>\t\t\t\t\t\t\t\t<\/div>\n\t\t\t\t<\/div>\n\t\t\t\t\t<\/div>\n\t\t\t\t<\/div>\n\t\t<div class=\"elementor-element elementor-element-7b89027 e-flex e-con-boxed e-con e-parent\" data-id=\"7b89027\" data-element_type=\"container\">\n\t\t\t\t\t<div class=\"e-con-inner\">\n\t\t\t\t<div class=\"elementor-element elementor-element-7568a4c elementor-widget elementor-widget-text-editor\" data-id=\"7568a4c\" data-element_type=\"widget\" data-widget_type=\"text-editor.default\">\n\t\t\t\t<div class=\"elementor-widget-container\">\n\t\t\t\t\t\t\t\t\t<h2>Modeller fr\u00e5n Onlyfans, Nakna flickor fr\u00e5n Onlyfans\u00a0<\/h2><p>V\u00e4lkommen till Pinay-nudes.com. H\u00e4r hittar du det st\u00f6rsta galleriet av porrbilder och videor med Onlyfans och Fansly modeller. Vi har f\u00f6rberett f\u00f6r dig privata Snapchat-konton f\u00f6r tjejerna och l\u00e5tit dig kontakta var och en av dem. F\u00f6r att komma \u00e5t hela galleriet med XXX-videor och foton m\u00e5ste du registrera dig. Det \u00e4r helt gratis, och allt du beh\u00f6ver g\u00f6ra \u00e4r att ange ditt smeknamn och din e-postadress. Ingen kreditkortsinformation kr\u00e4vs.<\/p><p>Bl\u00e4ddra bland profiler av modeller som streamar p\u00e5 Twitch, Kick och andra popul\u00e4ra plattformar som Tinder, Bumble. Varje tjejs snapkonto \u00e4r helt autentiskt s\u00e5 att du kan sms:a med varje kvinna helt gratis och skicka dina nakenbilder till henne. Efter registrering har du ocks\u00e5 m\u00f6jlighet att ladda upp dina foton och videor f\u00f6r att f\u00f6rstora v\u00e5rt galleri.<\/p>\t\t\t\t\t\t\t\t<\/div>\n\t\t\t\t<\/div>\n\t\t\t\t\t<\/div>\n\t\t\t\t<\/div>\n\t\t<div class=\"elementor-element elementor-element-3da574c e-con-full e-flex e-con e-parent\" data-id=\"3da574c\" data-element_type=\"container\">\n\t\t<div class=\"elementor-element elementor-element-a53a440 e-con-full e-flex e-con e-child\" data-id=\"a53a440\" data-element_type=\"container\">\n\t\t\t\t<div class=\"elementor-element elementor-element-3d6b382 elementor-widget elementor-widget-image\" data-id=\"3d6b382\" data-element_type=\"widget\" data-widget_type=\"image.default\">\n\t\t\t\t<div class=\"elementor-widget-container\">\n\t\t\t\t\t\t\t\t\t\t\t\t\t\t\t<img fetchpriority=\"high\" decoding=\"async\" width=\"640\" height=\"723\" src=\"https:\/\/pinay-nudes.com\/wp-content\/uploads\/2023\/10\/mdajnrmskzf71.webp\" class=\"attachment-large size-large wp-image-760\" alt=\"\" srcset=\"https:\/\/pinay-nudes.com\/wp-content\/uploads\/2023\/10\/mdajnrmskzf71.webp 640w, https:\/\/pinay-nudes.com\/wp-content\/uploads\/2023\/10\/mdajnrmskzf71-266x300.webp 266w\" sizes=\"(max-width: 640px) 100vw, 640px\" \/>\t\t\t\t\t\t\t\t\t\t\t\t\t\t\t<\/div>\n\t\t\t\t<\/div>\n\t\t\t\t<\/div>\n\t\t<div class=\"elementor-element elementor-element-ced765f e-con-full e-flex e-con e-child\" data-id=\"ced765f\" data-element_type=\"container\">\n\t\t\t\t<div class=\"elementor-element elementor-element-9dc9a9f elementor-widget elementor-widget-heading\" data-id=\"9dc9a9f\" data-element_type=\"widget\" data-widget_type=\"heading.default\">\n\t\t\t\t<div class=\"elementor-widget-container\">\n\t\t\t\t\t<h2 class=\"elementor-heading-title elementor-size-default\">Analyn, El Nido<\/h2>\t\t\t\t<\/div>\n\t\t\t\t<\/div>\n\t\t\t\t<div class=\"elementor-element elementor-element-b01de05 elementor-widget elementor-widget-text-editor\" data-id=\"b01de05\" data-element_type=\"widget\" data-widget_type=\"text-editor.default\">\n\t\t\t\t<div class=\"elementor-widget-container\">\n\t\t\t\t\t\t\t\t\t<p>Hej, jag kommer fr\u00e5n Filippinerna fr\u00e5n El Nido, jag har tre yngre systrar som studerar och som jag hj\u00e4lper ekonomiskt i skolan. Jag \u00e4lskar hundar och simmar i havet. Jag letar efter en kille f\u00f6r en kort eller l\u00e5ngsiktig relation<\/p>\t\t\t\t\t\t\t\t<\/div>\n\t\t\t\t<\/div>\n\t\t\t\t<div class=\"elementor-element elementor-element-39f7c13 elementor-shape-rounded elementor-grid-0 e-grid-align-center elementor-widget elementor-widget-social-icons\" data-id=\"39f7c13\" data-element_type=\"widget\" data-widget_type=\"social-icons.default\">\n\t\t\t\t<div class=\"elementor-widget-container\">\n\t\t\t\t\t\t\t<div class=\"elementor-social-icons-wrapper elementor-grid\">\n\t\t\t\t\t\t\t<span class=\"elementor-grid-item\">\n\t\t\t\t\t<a class=\"elementor-icon elementor-social-icon elementor-social-icon-facebook elementor-repeater-item-966ee37\" href=\"https:\/\/pinay-nudes.com\/sv\/cb\/register\/\" target=\"_blank\">\n\t\t\t\t\t\t<span class=\"elementor-screen-only\">Facebook<\/span>\n\t\t\t\t\t\t<i class=\"fab fa-facebook\"><\/i>\t\t\t\t\t<\/a>\n\t\t\t\t<\/span>\n\t\t\t\t\t\t\t<span class=\"elementor-grid-item\">\n\t\t\t\t\t<a class=\"elementor-icon elementor-social-icon elementor-social-icon-instagram elementor-repeater-item-47b44c9\" href=\"https:\/\/pinay-nudes.com\/sv\/nk\/register\/\" target=\"_blank\">\n\t\t\t\t\t\t<span class=\"elementor-screen-only\">Instagram<\/span>\n\t\t\t\t\t\t<i class=\"fab fa-instagram\"><\/i>\t\t\t\t\t<\/a>\n\t\t\t\t<\/span>\n\t\t\t\t\t\t\t<span class=\"elementor-grid-item\">\n\t\t\t\t\t<a class=\"elementor-icon elementor-social-icon elementor-social-icon-snapchat elementor-repeater-item-a214105\" href=\"https:\/\/pinay-nudes.com\/sv\/cb\/register\/\" target=\"_blank\">\n\t\t\t\t\t\t<span class=\"elementor-screen-only\">Snapchat<\/span>\n\t\t\t\t\t\t<i class=\"fab fa-snapchat\"><\/i>\t\t\t\t\t<\/a>\n\t\t\t\t<\/span>\n\t\t\t\t\t<\/div>\n\t\t\t\t\t\t<\/div>\n\t\t\t\t<\/div>\n\t\t\t\t<div class=\"elementor-element elementor-element-53229be elementor-invisible elementor-widget elementor-widget-text-editor\" data-id=\"53229be\" data-element_type=\"widget\" data-settings=\"{&quot;_animation&quot;:&quot;jello&quot;}\" data-widget_type=\"text-editor.default\">\n\t\t\t\t<div class=\"elementor-widget-container\">\n\t\t\t\t\t\t\t\t\t<p><strong>16,127<\/strong><\/p>\t\t\t\t\t\t\t\t<\/div>\n\t\t\t\t<\/div>\n\t\t\t\t<div class=\"elementor-element elementor-element-00884b4 elementor-widget elementor-widget-text-editor\" data-id=\"00884b4\" data-element_type=\"widget\" data-widget_type=\"text-editor.default\">\n\t\t\t\t<div class=\"elementor-widget-container\">\n\t\t\t\t\t\t\t\t\t<p>F\u00f6ljare<\/p>\t\t\t\t\t\t\t\t<\/div>\n\t\t\t\t<\/div>\n\t\t\t\t<div class=\"elementor-element elementor-element-aa0dad9 elementor-widget elementor-widget-text-editor\" data-id=\"aa0dad9\" data-element_type=\"widget\" data-widget_type=\"text-editor.default\">\n\t\t\t\t<div class=\"elementor-widget-container\">\n\t\t\t\t\t\t\t\t\t<p><strong>Jag \u00e4r online!<\/strong><\/p><p>Genomsnittlig svarstid 5-15 minuter<\/p>\t\t\t\t\t\t\t\t<\/div>\n\t\t\t\t<\/div>\n\t\t\t\t<div class=\"elementor-element elementor-element-7cccf79 elementor-align-center elementor-widget elementor-widget-button\" data-id=\"7cccf79\" data-element_type=\"widget\" data-widget_type=\"button.default\">\n\t\t\t\t<div class=\"elementor-widget-container\">\n\t\t\t\t\t\t\t\t\t<div class=\"elementor-button-wrapper\">\n\t\t\t\t\t<a class=\"elementor-button elementor-button-link elementor-size-sm\" href=\"https:\/\/pinay-nudes.com\/sv\/nk1\/register\/\">\n\t\t\t\t\t\t<span class=\"elementor-button-content-wrapper\">\n\t\t\t\t\t\t\t\t\t<span class=\"elementor-button-text\">Kontakt med mig<\/span>\n\t\t\t\t\t<\/span>\n\t\t\t\t\t<\/a>\n\t\t\t\t<\/div>\n\t\t\t\t\t\t\t\t<\/div>\n\t\t\t\t<\/div>\n\t\t\t\t<div class=\"elementor-element elementor-element-73edd4d elementor-star-rating--align-center elementor--star-style-star_fontawesome elementor-widget elementor-widget-star-rating\" data-id=\"73edd4d\" data-element_type=\"widget\" data-widget_type=\"star-rating.default\">\n\t\t\t\t<div class=\"elementor-widget-container\">\n\t\t\t\t\t\n\t\t<div class=\"elementor-star-rating__wrapper\">\n\t\t\t\t\t\t\t<div class=\"elementor-star-rating__title\">Profilgranskning:<\/div>\n\t\t\t\t\t\t<div class=\"elementor-star-rating\" title=\"4.3\/5\" itemtype=\"http:\/\/schema.org\/Rating\" itemscope=\"\" itemprop=\"reviewRating\"><i class=\"elementor-star-full\">&#xE934;<\/i><i class=\"elementor-star-full\">&#xE934;<\/i><i class=\"elementor-star-full\">&#xE934;<\/i><i class=\"elementor-star-full\">&#xE934;<\/i><i class=\"elementor-star-3\">&#xE934;<\/i> <span itemprop=\"ratingValue\" class=\"elementor-screen-only\">4.3\/5<\/span><\/div>\t\t<\/div>\n\t\t\t\t\t\t<\/div>\n\t\t\t\t<\/div>\n\t\t\t\t<\/div>\n\t\t\t\t<\/div>\n\t\t<div class=\"elementor-element elementor-element-1326873 e-flex e-con-boxed e-con e-parent\" data-id=\"1326873\" data-element_type=\"container\">\n\t\t\t\t\t<div class=\"e-con-inner\">\n\t\t\t\t<div class=\"elementor-element elementor-element-4fd507f elementor-widget elementor-widget-image\" data-id=\"4fd507f\" data-element_type=\"widget\" data-widget_type=\"image.default\">\n\t\t\t\t<div class=\"elementor-widget-container\">\n\t\t\t\t\t\t\t\t\t\t\t\t\t\t\t\t<a href=\"https:\/\/pinay-nudes.com\/sv\/go\/chaturbate\/\">\n\t\t\t\t\t\t\t<img decoding=\"async\" width=\"728\" height=\"90\" src=\"https:\/\/pinay-nudes.com\/wp-content\/uploads\/2023\/09\/CB-728-2.jpg\" class=\"attachment-large size-large wp-image-449\" alt=\"\" srcset=\"https:\/\/pinay-nudes.com\/wp-content\/uploads\/2023\/09\/CB-728-2.jpg 728w, https:\/\/pinay-nudes.com\/wp-content\/uploads\/2023\/09\/CB-728-2-300x37.jpg 300w\" sizes=\"(max-width: 728px) 100vw, 728px\" \/>\t\t\t\t\t\t\t\t<\/a>\n\t\t\t\t\t\t\t\t\t\t\t\t\t\t\t<\/div>\n\t\t\t\t<\/div>\n\t\t\t\t\t<\/div>\n\t\t\t\t<\/div>\n\t\t<div class=\"elementor-element elementor-element-fde5c42 e-flex e-con-boxed e-con e-parent\" data-id=\"fde5c42\" data-element_type=\"container\">\n\t\t\t\t\t<div class=\"e-con-inner\">\n\t\t\t\t<div class=\"elementor-element elementor-element-0b42ab3 elementor-widget elementor-widget-text-editor\" data-id=\"0b42ab3\" data-element_type=\"widget\" data-widget_type=\"text-editor.default\">\n\t\t\t\t<div class=\"elementor-widget-container\">\n\t\t\t\t\t\t\t\t\t<h2>Onlyfans Nakenvideor, Porrstj\u00e4rnor Naken Onlyfans Konton fr\u00e5n 2024<\/h2>\n<p>I v\u00e5rt galleri fokuserar vi fr\u00e4mst p\u00e5 asiatiska kvinnor som upptr\u00e4der p\u00e5 sexkameror eller driver sina onlyfans. H\u00e4r hittar du b\u00e5de porrstj\u00e4rnor och amat\u00f6rer som visar sin fitta p\u00e5 snaps, eller bara sexiga tjejer fr\u00e5n Tinder eller Bumble. Kolla hur tjejer fr\u00e5n Tiktok g\u00f6r Blowjob eller analsex. V\u00e5r hemsida har b\u00e4sta Asian Sluts med stora br\u00f6st. Allt vad du vill, vi har ton\u00e5rsflickor och milf sex band. De b\u00e4sta gratis Onlyfans l\u00e4ckor med squirt. Creampie Premium Content, och exklusivt inneh\u00e5ll fr\u00e5n Internet Chicks du f\u00e5r h\u00e4r gratis.<\/p>\n<p><\/p>\n<h2>De b\u00e4sta tjejerna fr\u00e5n sexkameror och dejtingappar, sexiga asiatiska slampor nakna<\/h2>\n<p>Ocensurerade onanerande tjejer fr\u00e5n Tinder och andra dejtingappar. F\u00e5 full tillg\u00e5ng till en samling Cosplay-tjejer eller tjejer som kl\u00e4r av sig p\u00e5 sexkameror online. Milfs som \u00e4lskar att anv\u00e4nda sin dildo eftersom de \u00e4r t\u00f6rstiga efter din kuk. Asiatiska sexigaste slampor, privata fotogallerier fr\u00e5n deras snap eller online webbkameror. Nakna k\u00e4nda influencers och amat\u00f6rporr fr\u00e5n Onlyfans skapare. Gratis porr av inneh\u00e5llsskapare fr\u00e5n Snapchat och dejtingappar. Erotiskt inneh\u00e5ll av cosplayer bara gratis. F\u00e5 tillg\u00e5ng, prata med Gamer Girls och kolla deras nakenbilder xxx inneh\u00e5ll.<\/p>\n<p><\/p>\n<h2>Amat\u00f6rinneh\u00e5ll, anala bilder och videor fr\u00e5n Cam Girls<\/h2>\n<p>Amat\u00f6rbilder och videor fr\u00e5n privat Onlyfans-sida med tjejer. Ingen prenumerationsavgift. Nytt gratis inneh\u00e5ll och Onlyfans-videor. Kolla hur streamers g\u00f6r avsugningar. Bjud in tjejer p\u00e5 en dejt till biografen, f\u00f6r middag eller bara f\u00f6r hett kryddigt sex p\u00e5 hotellet eller i din l\u00e4genhet. De sexigaste filipinas v\u00e4ntar p\u00e5 att tr\u00e4ffa dig och acceptera din kuk i deras r\u00f6v. Fullst\u00e4ndiga nakenbilder och Onlyfans Sex Tapes.&nbsp;<\/p>\n<p>De b\u00e4sta sexterapeuterna du kan hitta p\u00e5 internet \u00e4r v\u00e5ra anv\u00e4ndare. De l\u00e4gger till h\u00e5rda nakenbilder och videor h\u00e4r f\u00f6r att du ska kunna onanera. Du kan be tjejerna om privat inneh\u00e5ll speciellt f\u00f6r dig, eller bara skriva med dem och boka m\u00f6ten. Unga asiatiska tjejer, och i synnerhet fokuserade vi p\u00e5 filippiner, v\u00e4ntar bara p\u00e5 att du ska knulla dem. F\u00e5 deras smutsigaste vid sextape och titta p\u00e5 deras nakna kropp.<\/p>\n<p><\/p>\n<h2>Tr\u00e4ffa tjejer fr\u00e5n Palawan, El Nido, Filippinerna och knulla dem<\/h2>\n<p>Filippinska El nido-tjejer fr\u00e5n \u00f6n Palawan v\u00e4ntar p\u00e5 att tr\u00e4ffa dig och ha en bra tid. Bjud in dem till ditt hem och bjud dem p\u00e5 en drink, s\u00e5 f\u00e5r du se hur brett de kommer att s\u00e4ra p\u00e5 benen f\u00f6r dig. Dessa kvinnor \u00e4lskar att knulla h\u00e5rt efter en utekv\u00e4ll. V\u00e4nta inte och registrera dig hos oss p\u00e5 webbplatsen utan att ange ditt betalkort eller PayPal-uppgifter. Allt material \u00e4r tillg\u00e4ngligt helt gratis och det \u00e4r upp till dig om du vill skicka flickan ett tips.<\/p>\n<p><\/p>\n<h2>Pornhub-inneh\u00e5ll, endast sexvideofans med h\u00e5rig fitta, sexuellt explicit inneh\u00e5ll<\/h2>\n<p>Du hittar det b\u00e4sta vuxeninneh\u00e5llet direkt p\u00e5 v\u00e5r webbplats. Privata Snap-konton f\u00f6r k\u00e4nda porrsk\u00e5despelerskor och l\u00e4ckta foton och videor fr\u00e5n onlyfans. Det \u00e4r allt du beh\u00f6ver f\u00f6r att vara helt lycklig. Stanna hos oss l\u00e4nge och vi lovar. Du kommer inte att bli besviken och du kommer att hitta en tjej h\u00e4r som kommer att ge dig dina dr\u00f6mmars avsugning. L\u00e4gg till dina bilder och vids som fav. Kolla vilda sidan eller v\u00e5r hemsida och titta p\u00e5 v\u00e5ra porrfilmer fr\u00e5n sociala medier stj\u00e4rnor bara gratis.<\/p>\t\t\t\t\t\t\t\t<\/div>\n\t\t\t\t<\/div>\n\t\t\t\t\t<\/div>\n\t\t\t\t<\/div>\n\t\t\t\t<\/div>","protected":false},"excerpt":{"rendered":"<p>Best Onlyfans Nude Porn Videos, Free Nude Onlyfans Porn Leaks Onlyfans Models, Nude Onlyfans Girls\u00a0 Welcome to Pinay-nudes.com. Here you will find the largest gallery of porn photos and videos with Onlyfans and Fansly models. We have prepared for you private Snapchat accounts for the girls and allowed you to contact each of them. To&hellip; <br \/> <a class=\"read-more\" href=\"https:\/\/pinay-nudes.com\/sv\/users\/analyn-elnido\/\">L\u00e4s mer<\/a><\/p>","protected":false},"author":1,"featured_media":0,"parent":42,"menu_order":0,"comment_status":"closed","ping_status":"closed","template":"page-templates\/homepage.php","meta":{"_monsterinsights_skip_tracking":false,"_monsterinsights_sitenote_active":false,"_monsterinsights_sitenote_note":"","_monsterinsights_sitenote_category":0,"footnotes":""},"class_list":["post-751","page","type-page","status-publish","hentry"],"aioseo_notices":[],"yoast_head":"<!-- This site is optimized with the Yoast SEO plugin v24.4 - https:\/\/yoast.com\/wordpress\/plugins\/seo\/ -->\n<title>Nudes Onlyfans | Onlyfans Nude Porn Videos 2023 - Analyn<\/title>\n<meta name=\"description\" content=\"Onlyfans Nude Porn Videos. Watch, add nude girls From Onlyfans, Fansly, Tiktok and Twitch. Best Colletion of naked photos, videos from teens.\" \/>\n<meta name=\"robots\" content=\"index, follow, max-snippet:-1, max-image-preview:large, max-video-preview:-1\" \/>\n<link rel=\"canonical\" href=\"https:\/\/pinay-nudes.com\/sv\/users\/analyn-elnido\/\" \/>\n<meta property=\"og:locale\" content=\"sv_SE\" \/>\n<meta property=\"og:type\" content=\"article\" \/>\n<meta property=\"og:title\" content=\"Nudes Onlyfans | Onlyfans Nude Porn Videos 2023 - Analyn\" \/>\n<meta property=\"og:description\" content=\"Onlyfans Nude Porn Videos. Watch, add nude girls From Onlyfans, Fansly, Tiktok and Twitch. Best Colletion of naked photos, videos from teens.\" \/>\n<meta property=\"og:url\" content=\"https:\/\/pinay-nudes.com\/sv\/users\/analyn-elnido\/\" \/>\n<meta property=\"og:site_name\" content=\"Nude Filipina Woman From Snapchat And Sex | Beauty Porn Pics\" \/>\n<meta property=\"article:modified_time\" content=\"2025-02-19T01:38:51+00:00\" \/>\n<meta property=\"og:image\" content=\"https:\/\/pinay-nudes.com\/wp-content\/uploads\/2023\/10\/mdajnrmskzf71.webp\" \/>\n\t<meta property=\"og:image:width\" content=\"640\" \/>\n\t<meta property=\"og:image:height\" content=\"723\" \/>\n\t<meta property=\"og:image:type\" content=\"image\/webp\" \/>\n<meta name=\"twitter:card\" content=\"summary_large_image\" \/>\n<meta name=\"twitter:label1\" content=\"Ber\u00e4knad l\u00e4stid\" \/>\n\t<meta name=\"twitter:data1\" content=\"4 minuter\" \/>\n<script type=\"application\/ld+json\" class=\"yoast-schema-graph\">{\"@context\":\"https:\/\/schema.org\",\"@graph\":[{\"@type\":\"WebPage\",\"@id\":\"https:\/\/pinay-nudes.com\/users\/analyn-elnido\/\",\"url\":\"https:\/\/pinay-nudes.com\/users\/analyn-elnido\/\",\"name\":\"Nudes Onlyfans | Onlyfans Nude Porn Videos 2023 - Analyn\",\"isPartOf\":{\"@id\":\"https:\/\/pinay-nudes.com\/#website\"},\"primaryImageOfPage\":{\"@id\":\"https:\/\/pinay-nudes.com\/users\/analyn-elnido\/#primaryimage\"},\"image\":{\"@id\":\"https:\/\/pinay-nudes.com\/users\/analyn-elnido\/#primaryimage\"},\"thumbnailUrl\":\"http:\/\/pinay-nudes.com\/wp-content\/uploads\/2023\/10\/mdajnrmskzf71.webp\",\"datePublished\":\"2023-10-02T21:31:46+00:00\",\"dateModified\":\"2025-02-19T01:38:51+00:00\",\"description\":\"Onlyfans Nude Porn Videos. Watch, add nude girls From Onlyfans, Fansly, Tiktok and Twitch. Best Colletion of naked photos, videos from teens.\",\"breadcrumb\":{\"@id\":\"https:\/\/pinay-nudes.com\/users\/analyn-elnido\/#breadcrumb\"},\"inLanguage\":\"sv-SE\",\"potentialAction\":[{\"@type\":\"ReadAction\",\"target\":[\"https:\/\/pinay-nudes.com\/users\/analyn-elnido\/\"]}]},{\"@type\":\"ImageObject\",\"inLanguage\":\"sv-SE\",\"@id\":\"https:\/\/pinay-nudes.com\/users\/analyn-elnido\/#primaryimage\",\"url\":\"http:\/\/pinay-nudes.com\/wp-content\/uploads\/2023\/10\/mdajnrmskzf71.webp\",\"contentUrl\":\"http:\/\/pinay-nudes.com\/wp-content\/uploads\/2023\/10\/mdajnrmskzf71.webp\"},{\"@type\":\"BreadcrumbList\",\"@id\":\"https:\/\/pinay-nudes.com\/users\/analyn-elnido\/#breadcrumb\",\"itemListElement\":[{\"@type\":\"ListItem\",\"position\":1,\"name\":\"Home\",\"item\":\"https:\/\/pinay-nudes.com\/\"},{\"@type\":\"ListItem\",\"position\":2,\"name\":\"Our Users\",\"item\":\"https:\/\/pinay-nudes.com\/users\/\"},{\"@type\":\"ListItem\",\"position\":3,\"name\":\"Analyn El Nido\"}]},{\"@type\":\"WebSite\",\"@id\":\"https:\/\/pinay-nudes.com\/#website\",\"url\":\"https:\/\/pinay-nudes.com\/\",\"name\":\"Nude Filipina Woman From Snapchat And Sex | Beauty Porn Pics\",\"description\":\"Check our Free Porn Gallery with nude beautiful girls. XXX Naked Porn Pics from Hot Naked Girls from Snapchat and Sex Cams. Best Filipina sexy photos\",\"publisher\":{\"@id\":\"https:\/\/pinay-nudes.com\/#organization\"},\"potentialAction\":[{\"@type\":\"SearchAction\",\"target\":{\"@type\":\"EntryPoint\",\"urlTemplate\":\"https:\/\/pinay-nudes.com\/?s={search_term_string}\"},\"query-input\":{\"@type\":\"PropertyValueSpecification\",\"valueRequired\":true,\"valueName\":\"search_term_string\"}}],\"inLanguage\":\"sv-SE\"},{\"@type\":\"Organization\",\"@id\":\"https:\/\/pinay-nudes.com\/#organization\",\"name\":\"Nude Filipina Woman From Snapchat And Sex | Beauty Porn Pics\",\"url\":\"https:\/\/pinay-nudes.com\/\",\"logo\":{\"@type\":\"ImageObject\",\"inLanguage\":\"sv-SE\",\"@id\":\"https:\/\/pinay-nudes.com\/#\/schema\/logo\/image\/\",\"url\":\"https:\/\/pinay-nudes.com\/wp-content\/uploads\/2023\/09\/cropped-cropped-logo2-1.png\",\"contentUrl\":\"https:\/\/pinay-nudes.com\/wp-content\/uploads\/2023\/09\/cropped-cropped-logo2-1.png\",\"width\":512,\"height\":512,\"caption\":\"Nude Filipina Woman From Snapchat And Sex | Beauty Porn Pics \"},\"image\":{\"@id\":\"https:\/\/pinay-nudes.com\/#\/schema\/logo\/image\/\"}}]}<\/script>\n<!-- \/ Yoast SEO plugin. -->","yoast_head_json":{"title":"Nudes Onlyfans | Onlyfans Nude Porn Videos 2023 - Analyn","description":"Onlyfans Nude Porn Videos. Watch, add nude girls From Onlyfans, Fansly, Tiktok and Twitch. Best Colletion of naked photos, videos from teens.","robots":{"index":"index","follow":"follow","max-snippet":"max-snippet:-1","max-image-preview":"max-image-preview:large","max-video-preview":"max-video-preview:-1"},"canonical":"https:\/\/pinay-nudes.com\/sv\/users\/analyn-elnido\/","og_locale":"sv_SE","og_type":"article","og_title":"Nudes Onlyfans | Onlyfans Nude Porn Videos 2023 - Analyn","og_description":"Onlyfans Nude Porn Videos. Watch, add nude girls From Onlyfans, Fansly, Tiktok and Twitch. Best Colletion of naked photos, videos from teens.","og_url":"https:\/\/pinay-nudes.com\/sv\/users\/analyn-elnido\/","og_site_name":"Nude Filipina Woman From Snapchat And Sex | Beauty Porn Pics","article_modified_time":"2025-02-19T01:38:51+00:00","og_image":[{"width":640,"height":723,"url":"https:\/\/pinay-nudes.com\/wp-content\/uploads\/2023\/10\/mdajnrmskzf71.webp","type":"image\/webp"}],"twitter_card":"summary_large_image","twitter_misc":{"Ber\u00e4knad l\u00e4stid":"4 minuter"},"schema":{"@context":"https:\/\/schema.org","@graph":[{"@type":"WebPage","@id":"https:\/\/pinay-nudes.com\/users\/analyn-elnido\/","url":"https:\/\/pinay-nudes.com\/users\/analyn-elnido\/","name":"Nudes Onlyfans | Onlyfans Nude Porn Videos 2023 - Analyn","isPartOf":{"@id":"https:\/\/pinay-nudes.com\/#website"},"primaryImageOfPage":{"@id":"https:\/\/pinay-nudes.com\/users\/analyn-elnido\/#primaryimage"},"image":{"@id":"https:\/\/pinay-nudes.com\/users\/analyn-elnido\/#primaryimage"},"thumbnailUrl":"http:\/\/pinay-nudes.com\/wp-content\/uploads\/2023\/10\/mdajnrmskzf71.webp","datePublished":"2023-10-02T21:31:46+00:00","dateModified":"2025-02-19T01:38:51+00:00","description":"Onlyfans Nude Porn Videos. Watch, add nude girls From Onlyfans, Fansly, Tiktok and Twitch. Best Colletion of naked photos, videos from teens.","breadcrumb":{"@id":"https:\/\/pinay-nudes.com\/users\/analyn-elnido\/#breadcrumb"},"inLanguage":"sv-SE","potentialAction":[{"@type":"ReadAction","target":["https:\/\/pinay-nudes.com\/users\/analyn-elnido\/"]}]},{"@type":"ImageObject","inLanguage":"sv-SE","@id":"https:\/\/pinay-nudes.com\/users\/analyn-elnido\/#primaryimage","url":"http:\/\/pinay-nudes.com\/wp-content\/uploads\/2023\/10\/mdajnrmskzf71.webp","contentUrl":"http:\/\/pinay-nudes.com\/wp-content\/uploads\/2023\/10\/mdajnrmskzf71.webp"},{"@type":"BreadcrumbList","@id":"https:\/\/pinay-nudes.com\/users\/analyn-elnido\/#breadcrumb","itemListElement":[{"@type":"ListItem","position":1,"name":"Home","item":"https:\/\/pinay-nudes.com\/"},{"@type":"ListItem","position":2,"name":"Our Users","item":"https:\/\/pinay-nudes.com\/users\/"},{"@type":"ListItem","position":3,"name":"Analyn El Nido"}]},{"@type":"WebSite","@id":"https:\/\/pinay-nudes.com\/#website","url":"https:\/\/pinay-nudes.com\/","name":"Nude Filipina Woman From Snapchat And Sex | Beauty Porn Pics","description":"Check our Free Porn Gallery with nude beautiful girls. XXX Naked Porn Pics from Hot Naked Girls from Snapchat and Sex Cams. Best Filipina sexy photos","publisher":{"@id":"https:\/\/pinay-nudes.com\/#organization"},"potentialAction":[{"@type":"SearchAction","target":{"@type":"EntryPoint","urlTemplate":"https:\/\/pinay-nudes.com\/?s={search_term_string}"},"query-input":{"@type":"PropertyValueSpecification","valueRequired":true,"valueName":"search_term_string"}}],"inLanguage":"sv-SE"},{"@type":"Organization","@id":"https:\/\/pinay-nudes.com\/#organization","name":"Nude Filipina Woman From Snapchat And Sex | Beauty Porn Pics","url":"https:\/\/pinay-nudes.com\/","logo":{"@type":"ImageObject","inLanguage":"sv-SE","@id":"https:\/\/pinay-nudes.com\/#\/schema\/logo\/image\/","url":"https:\/\/pinay-nudes.com\/wp-content\/uploads\/2023\/09\/cropped-cropped-logo2-1.png","contentUrl":"https:\/\/pinay-nudes.com\/wp-content\/uploads\/2023\/09\/cropped-cropped-logo2-1.png","width":512,"height":512,"caption":"Nude Filipina Woman From Snapchat And Sex | Beauty Porn Pics "},"image":{"@id":"https:\/\/pinay-nudes.com\/#\/schema\/logo\/image\/"}}]}},"_links":{"self":[{"href":"https:\/\/pinay-nudes.com\/sv\/wp-json\/wp\/v2\/pages\/751","targetHints":{"allow":["GET"]}}],"collection":[{"href":"https:\/\/pinay-nudes.com\/sv\/wp-json\/wp\/v2\/pages"}],"about":[{"href":"https:\/\/pinay-nudes.com\/sv\/wp-json\/wp\/v2\/types\/page"}],"author":[{"embeddable":true,"href":"https:\/\/pinay-nudes.com\/sv\/wp-json\/wp\/v2\/users\/1"}],"replies":[{"embeddable":true,"href":"https:\/\/pinay-nudes.com\/sv\/wp-json\/wp\/v2\/comments?post=751"}],"version-history":[{"count":29,"href":"https:\/\/pinay-nudes.com\/sv\/wp-json\/wp\/v2\/pages\/751\/revisions"}],"predecessor-version":[{"id":2434,"href":"https:\/\/pinay-nudes.com\/sv\/wp-json\/wp\/v2\/pages\/751\/revisions\/2434"}],"up":[{"embeddable":true,"href":"https:\/\/pinay-nudes.com\/sv\/wp-json\/wp\/v2\/pages\/42"}],"wp:attachment":[{"href":"https:\/\/pinay-nudes.com\/sv\/wp-json\/wp\/v2\/media?parent=751"}],"curies":[{"name":"wp","href":"https:\/\/api.w.org\/{rel}","templated":true}]}}