{"id":272,"date":"2023-09-18T03:55:46","date_gmt":"2023-09-18T02:55:46","guid":{"rendered":"https:\/\/pinay-nudes.com\/?page_id=272"},"modified":"2025-02-19T01:37:47","modified_gmt":"2025-02-19T01:37:47","slug":"joy-quezon","status":"publish","type":"page","link":"https:\/\/pinay-nudes.com\/sv\/users\/joy-quezon\/","title":{"rendered":"Joy Quezon"},"content":{"rendered":"<div data-elementor-type=\"wp-page\" data-elementor-id=\"272\" class=\"elementor elementor-272\">\n\t\t\t\t<div class=\"elementor-element elementor-element-a2bff0f e-flex e-con-boxed e-con e-parent\" data-id=\"a2bff0f\" data-element_type=\"container\">\n\t\t\t\t\t<div class=\"e-con-inner\">\n\t\t\t\t<div class=\"elementor-element elementor-element-ff0bc98 elementor-widget elementor-widget-text-editor\" data-id=\"ff0bc98\" data-element_type=\"widget\" data-widget_type=\"text-editor.default\">\n\t\t\t\t<div class=\"elementor-widget-container\">\n\t\t\t\t\t\t\t\t\t<center><h1 class=\"herotitle\">B\u00e4sta Snapchat naken porrvideor, s\u00f6k Snap Nudes anv\u00e4ndarnamn - Pinay-Nudes.com<\/h1><\/center>\t\t\t\t\t\t\t\t<\/div>\n\t\t\t\t<\/div>\n\t\t\t\t\t<\/div>\n\t\t\t\t<\/div>\n\t\t<div class=\"elementor-element elementor-element-7b89e50 e-flex e-con-boxed e-con e-parent\" data-id=\"7b89e50\" data-element_type=\"container\">\n\t\t\t\t\t<div class=\"e-con-inner\">\n\t\t\t\t<div class=\"elementor-element elementor-element-6fa0184 elementor-widget elementor-widget-text-editor\" data-id=\"6fa0184\" data-element_type=\"widget\" data-widget_type=\"text-editor.default\">\n\t\t\t\t<div class=\"elementor-widget-container\">\n\t\t\t\t\t\t\t\t\t<h2>Fri tillg\u00e5ng till premium naken Snapchat Girls porrvideor<\/h2><p>\u00a0<\/p><p>F\u00e5 gratis tillg\u00e5ng till den b\u00e4sta samlingen av nakna snapchat-foton och videor. De flesta av tjejerna p\u00e5 v\u00e5r webbplats \u00e4r amat\u00f6rer som gillar anal och bra klassiskt sex. G\u00f6r sexting och njut av heta stunder p\u00e5 v\u00e5r webbplats. F\u00f6r att f\u00e5 tillg\u00e5ng m\u00e5ste du bara registrera dig. Du beh\u00f6ver inte ge dina kreditkortsuppgifter eller din privata information. Allt du beh\u00f6ver g\u00f6ra \u00e4r att ange din inloggning, l\u00f6senord och bekr\u00e4fta din e-postadress.<\/p><p>De b\u00e4sta tjejerna v\u00e4ntar p\u00e5 att du ska k\u00e4nna din kuk. V\u00e4nta inte l\u00e4ngre och registrera dig f\u00f6r att titta p\u00e5 nakenbilder av amat\u00f6r- eller modellflickor som arbetar med sexkameror online. De vackraste filippinerna som arbetar i denna bransch \u00e4lskar utl\u00e4nningar, s\u00e4rskilt amerikaner och australier. Titta p\u00e5 snapchatl\u00e4ckor fr\u00e5n stygga filippinska tjejer. Deras fittor och br\u00f6st \u00e4r otroligt s\u00f6ta och du kommer att \u00e4lska det!<\/p><p>\u00a0<\/p>\t\t\t\t\t\t\t\t<\/div>\n\t\t\t\t<\/div>\n\t\t\t\t\t<\/div>\n\t\t\t\t<\/div>\n\t\t<div class=\"elementor-element elementor-element-3da574c e-con-full e-flex e-con e-parent\" data-id=\"3da574c\" data-element_type=\"container\">\n\t\t<div class=\"elementor-element elementor-element-a53a440 e-con-full e-flex e-con e-child\" data-id=\"a53a440\" data-element_type=\"container\">\n\t\t\t\t<div class=\"elementor-element elementor-element-3d6b382 elementor-widget elementor-widget-image\" data-id=\"3d6b382\" data-element_type=\"widget\" data-widget_type=\"image.default\">\n\t\t\t\t<div class=\"elementor-widget-container\">\n\t\t\t\t\t\t\t\t\t\t\t\t\t\t\t<img fetchpriority=\"high\" decoding=\"async\" width=\"576\" height=\"1024\" src=\"https:\/\/pinay-nudes.com\/wp-content\/uploads\/2023\/09\/7-1-3-576x1024.jpg\" class=\"attachment-large size-large wp-image-231\" alt=\"\" srcset=\"https:\/\/pinay-nudes.com\/wp-content\/uploads\/2023\/09\/7-1-3-576x1024.jpg 576w, https:\/\/pinay-nudes.com\/wp-content\/uploads\/2023\/09\/7-1-3-169x300.jpg 169w, https:\/\/pinay-nudes.com\/wp-content\/uploads\/2023\/09\/7-1-3-608x1080.jpg 608w, https:\/\/pinay-nudes.com\/wp-content\/uploads\/2023\/09\/7-1-3.jpg 720w\" sizes=\"(max-width: 576px) 100vw, 576px\" \/>\t\t\t\t\t\t\t\t\t\t\t\t\t\t\t<\/div>\n\t\t\t\t<\/div>\n\t\t\t\t<\/div>\n\t\t<div class=\"elementor-element elementor-element-ced765f e-con-full e-flex e-con e-child\" data-id=\"ced765f\" data-element_type=\"container\">\n\t\t\t\t<div class=\"elementor-element elementor-element-9dc9a9f elementor-widget elementor-widget-heading\" data-id=\"9dc9a9f\" data-element_type=\"widget\" data-widget_type=\"heading.default\">\n\t\t\t\t<div class=\"elementor-widget-container\">\n\t\t\t\t\t<h2 class=\"elementor-heading-title elementor-size-default\">Joy, Quezon City<\/h2>\t\t\t\t<\/div>\n\t\t\t\t<\/div>\n\t\t\t\t<div class=\"elementor-element elementor-element-b01de05 elementor-widget elementor-widget-text-editor\" data-id=\"b01de05\" data-element_type=\"widget\" data-widget_type=\"text-editor.default\">\n\t\t\t\t<div class=\"elementor-widget-container\">\n\t\t\t\t\t\t\t\t\t<p>Hej alla h\u00e4r, mitt namn \u00e4r Joy. Jag bor i Quezon City med mina 2 systrar.<span style=\"color: var( --e-global-color-text ); font-family: var( --e-global-typography-text-font-family ), Sans-serif; font-weight: var( --e-global-typography-text-font-weight );\">&nbsp;Jag \u00e4lskar djur, f\u00f6r n\u00e4rvarande Gap-Year, men jag planerar att studera veterin\u00e4rmedicin. Jag gillar att variera min fritid och tr\u00e4ffa nya m\u00e4nniskor.<\/span><\/p>\t\t\t\t\t\t\t\t<\/div>\n\t\t\t\t<\/div>\n\t\t\t\t<div class=\"elementor-element elementor-element-39f7c13 elementor-shape-rounded elementor-grid-0 e-grid-align-center elementor-widget elementor-widget-social-icons\" data-id=\"39f7c13\" data-element_type=\"widget\" data-widget_type=\"social-icons.default\">\n\t\t\t\t<div class=\"elementor-widget-container\">\n\t\t\t\t\t\t\t<div class=\"elementor-social-icons-wrapper elementor-grid\">\n\t\t\t\t\t\t\t<span class=\"elementor-grid-item\">\n\t\t\t\t\t<a class=\"elementor-icon elementor-social-icon elementor-social-icon-facebook elementor-repeater-item-966ee37\" href=\"https:\/\/pinay-nudes.com\/sv\/cb\/register\/\" target=\"_blank\">\n\t\t\t\t\t\t<span class=\"elementor-screen-only\">Facebook<\/span>\n\t\t\t\t\t\t<i class=\"fab fa-facebook\"><\/i>\t\t\t\t\t<\/a>\n\t\t\t\t<\/span>\n\t\t\t\t\t\t\t<span class=\"elementor-grid-item\">\n\t\t\t\t\t<a class=\"elementor-icon elementor-social-icon elementor-social-icon-instagram elementor-repeater-item-47b44c9\" href=\"https:\/\/pinay-nudes.com\/sv\/nk\/register\/\" target=\"_blank\">\n\t\t\t\t\t\t<span class=\"elementor-screen-only\">Instagram<\/span>\n\t\t\t\t\t\t<i class=\"fab fa-instagram\"><\/i>\t\t\t\t\t<\/a>\n\t\t\t\t<\/span>\n\t\t\t\t\t\t\t<span class=\"elementor-grid-item\">\n\t\t\t\t\t<a class=\"elementor-icon elementor-social-icon elementor-social-icon-snapchat elementor-repeater-item-a214105\" href=\"https:\/\/pinay-nudes.com\/sv\/cb\/register\/\" target=\"_blank\">\n\t\t\t\t\t\t<span class=\"elementor-screen-only\">Snapchat<\/span>\n\t\t\t\t\t\t<i class=\"fab fa-snapchat\"><\/i>\t\t\t\t\t<\/a>\n\t\t\t\t<\/span>\n\t\t\t\t\t<\/div>\n\t\t\t\t\t\t<\/div>\n\t\t\t\t<\/div>\n\t\t\t\t<div class=\"elementor-element elementor-element-53229be elementor-invisible elementor-widget elementor-widget-text-editor\" data-id=\"53229be\" data-element_type=\"widget\" data-settings=\"{&quot;_animation&quot;:&quot;jello&quot;}\" data-widget_type=\"text-editor.default\">\n\t\t\t\t<div class=\"elementor-widget-container\">\n\t\t\t\t\t\t\t\t\t<p><strong>14,053<\/strong><\/p>\t\t\t\t\t\t\t\t<\/div>\n\t\t\t\t<\/div>\n\t\t\t\t<div class=\"elementor-element elementor-element-00884b4 elementor-widget elementor-widget-text-editor\" data-id=\"00884b4\" data-element_type=\"widget\" data-widget_type=\"text-editor.default\">\n\t\t\t\t<div class=\"elementor-widget-container\">\n\t\t\t\t\t\t\t\t\t<p>F\u00f6ljare<\/p>\t\t\t\t\t\t\t\t<\/div>\n\t\t\t\t<\/div>\n\t\t\t\t<div class=\"elementor-element elementor-element-aa0dad9 elementor-widget elementor-widget-text-editor\" data-id=\"aa0dad9\" data-element_type=\"widget\" data-widget_type=\"text-editor.default\">\n\t\t\t\t<div class=\"elementor-widget-container\">\n\t\t\t\t\t\t\t\t\t<p><strong>Jag \u00e4r online!<\/strong><\/p>\n<p>Genomsnittlig svarstid 3-25 minuter<\/p>\t\t\t\t\t\t\t\t<\/div>\n\t\t\t\t<\/div>\n\t\t\t\t<div class=\"elementor-element elementor-element-7cccf79 elementor-align-center elementor-widget elementor-widget-button\" data-id=\"7cccf79\" data-element_type=\"widget\" data-widget_type=\"button.default\">\n\t\t\t\t<div class=\"elementor-widget-container\">\n\t\t\t\t\t\t\t\t\t<div class=\"elementor-button-wrapper\">\n\t\t\t\t\t<a class=\"elementor-button elementor-button-link elementor-size-sm\" href=\"https:\/\/pinay-nudes.com\/sv\/nk1\/register\/\">\n\t\t\t\t\t\t<span class=\"elementor-button-content-wrapper\">\n\t\t\t\t\t\t\t\t\t<span class=\"elementor-button-text\">Kontakt med mig<\/span>\n\t\t\t\t\t<\/span>\n\t\t\t\t\t<\/a>\n\t\t\t\t<\/div>\n\t\t\t\t\t\t\t\t<\/div>\n\t\t\t\t<\/div>\n\t\t\t\t<div class=\"elementor-element elementor-element-73edd4d elementor-star-rating--align-center elementor--star-style-star_fontawesome elementor-widget elementor-widget-star-rating\" data-id=\"73edd4d\" data-element_type=\"widget\" data-widget_type=\"star-rating.default\">\n\t\t\t\t<div class=\"elementor-widget-container\">\n\t\t\t\t\t\n\t\t<div class=\"elementor-star-rating__wrapper\">\n\t\t\t\t\t\t\t<div class=\"elementor-star-rating__title\">Profilgranskning:<\/div>\n\t\t\t\t\t\t<div class=\"elementor-star-rating\" title=\"4.3\/5\" itemtype=\"http:\/\/schema.org\/Rating\" itemscope=\"\" itemprop=\"reviewRating\"><i class=\"elementor-star-full\">&#xE934;<\/i><i class=\"elementor-star-full\">&#xE934;<\/i><i class=\"elementor-star-full\">&#xE934;<\/i><i class=\"elementor-star-full\">&#xE934;<\/i><i class=\"elementor-star-3\">&#xE934;<\/i> <span itemprop=\"ratingValue\" class=\"elementor-screen-only\">4.3\/5<\/span><\/div>\t\t<\/div>\n\t\t\t\t\t\t<\/div>\n\t\t\t\t<\/div>\n\t\t\t\t<\/div>\n\t\t\t\t<\/div>\n\t\t<div class=\"elementor-element elementor-element-1326873 e-flex e-con-boxed e-con e-parent\" data-id=\"1326873\" data-element_type=\"container\">\n\t\t\t\t\t<div class=\"e-con-inner\">\n\t\t\t\t<div class=\"elementor-element elementor-element-4fd507f elementor-widget elementor-widget-image\" data-id=\"4fd507f\" data-element_type=\"widget\" data-widget_type=\"image.default\">\n\t\t\t\t<div class=\"elementor-widget-container\">\n\t\t\t\t\t\t\t\t\t\t\t\t\t\t\t\t<a href=\"https:\/\/pinay-nudes.com\/sv\/go\/chaturbate\/\">\n\t\t\t\t\t\t\t<img decoding=\"async\" width=\"728\" height=\"90\" src=\"https:\/\/pinay-nudes.com\/wp-content\/uploads\/2023\/09\/CB-728-2.jpg\" class=\"attachment-large size-large wp-image-449\" alt=\"\" srcset=\"https:\/\/pinay-nudes.com\/wp-content\/uploads\/2023\/09\/CB-728-2.jpg 728w, https:\/\/pinay-nudes.com\/wp-content\/uploads\/2023\/09\/CB-728-2-300x37.jpg 300w\" sizes=\"(max-width: 728px) 100vw, 728px\" \/>\t\t\t\t\t\t\t\t<\/a>\n\t\t\t\t\t\t\t\t\t\t\t\t\t\t\t<\/div>\n\t\t\t\t<\/div>\n\t\t\t\t\t<\/div>\n\t\t\t\t<\/div>\n\t\t<div class=\"elementor-element elementor-element-d8c253d e-flex e-con-boxed e-con e-parent\" data-id=\"d8c253d\" data-element_type=\"container\">\n\t\t\t\t\t<div class=\"e-con-inner\">\n\t\t\t\t<div class=\"elementor-element elementor-element-34c4fc3 elementor-widget elementor-widget-text-editor\" data-id=\"34c4fc3\" data-element_type=\"widget\" data-widget_type=\"text-editor.default\">\n\t\t\t\t<div class=\"elementor-widget-container\">\n\t\t\t\t\t\t\t\t\t<h2>Sexiga Snapchat-nakna bilder - S\u00f6k efter l\u00e4ckt vuxeninneh\u00e5ll\u00a0<\/h2><p>Genom att registrera dig p\u00e5 v\u00e5r webbplats f\u00e5r du full tillg\u00e5ng till fotogallerier och videor av k\u00e5ta asiatiska kvinnor som du kan knulla dag och natt eller sexting med dem. S\u00f6k efter tjejer efter namn, etnicitet eller helt enkelt efter utseende. V\u00e5r plattform fungerar b\u00e4ttre \u00e4n andra v\u00e4lk\u00e4nda dejtingsajter och \u00e4r helt gratis. De b\u00e4sta l\u00e4ckta snapchat bilder och videor. Ladda upp dina foton och prenumerera p\u00e5 andra amat\u00f6rflickor.\u00a0<\/p><p>\u00a0<\/p><h2>Skaffa Onlyfans och sociala medier och chatta med ton\u00e5rstjejer<\/h2><p>De hetaste smutsiga asiatiska kvinnorna direkt fr\u00e5n snapchat. Njut av gratis sexvideor d\u00e4r tjejer onanerar med sin stora dildo. Bl\u00e4ddra bland milfs och datera dem f\u00f6r att bli knullade p\u00e5 hotell. Du \u00e4r p\u00e5 r\u00e4tt plats f\u00f6r att g\u00f6ra det. Njut av obegr\u00e4nsad tillg\u00e5ng till sexigaste s\u00f6ta ansikten och hemlagade smutsiga nakna snaps. Samla allt. Bl\u00e4ddra i v\u00e5r samling av anv\u00e4ndarnamn, skicka meddelanden till dem och fingra deras r\u00f6v! Det \u00e4r vad de \u00e4lskar. Skicka Snap Nudes till k\u00e5ta ton\u00e5ringar eller milf och anslut dem varje dag.<\/p><p>\u00a0<\/p><h2>B\u00e4sta Sexting Platform App med heta nakenbilder fr\u00e5n Snap\u00a0<\/h2><p>Den b\u00e4sta plattformen f\u00f6r dejting och f\u00f6rhandsvisning av tjejer online. Vi garanterar att du kommer att bli n\u00f6jd. V\u00e4nta bara inte och registrera dig f\u00f6r att f\u00e5 full tillg\u00e5ng till dessa heta slampor. Du har dem vid dina fingertoppar och att kontakta dem har aldrig varit enklare \u00e4n nu. F\u00e5 nakenbilder l\u00e4ckta fr\u00e5n Snap chat.<\/p>\t\t\t\t\t\t\t\t<\/div>\n\t\t\t\t<\/div>\n\t\t\t\t\t<\/div>\n\t\t\t\t<\/div>\n\t\t\t\t<\/div>","protected":false},"excerpt":{"rendered":"<p>Best Snapchat Nude Porn Videos, Search Snap Nudes Usernames &#8211;\u00a0Pinay-Nudes.com Free Access to Premium Nude Snapchat Girls Porn Videos \u00a0 Get free access to the best collection of nude snapchat photos and videos. Most of the girls on our site are amateurs who like anal and good classic sex. Do sexting and enjoy hot moments&hellip; <br \/> <a class=\"read-more\" href=\"https:\/\/pinay-nudes.com\/sv\/users\/joy-quezon\/\">L\u00e4s mer<\/a><\/p>","protected":false},"author":1,"featured_media":0,"parent":42,"menu_order":0,"comment_status":"closed","ping_status":"closed","template":"page-templates\/homepage.php","meta":{"_monsterinsights_skip_tracking":false,"_monsterinsights_sitenote_active":false,"_monsterinsights_sitenote_note":"","_monsterinsights_sitenote_category":0,"footnotes":""},"class_list":["post-272","page","type-page","status-publish","hentry"],"aioseo_notices":[],"yoast_head":"<!-- This site is optimized with the Yoast SEO plugin v24.4 - https:\/\/yoast.com\/wordpress\/plugins\/seo\/ -->\n<title>Joy Quezon - Nude Filipina Woman From Snapchat And Sex | Beauty Porn Pics<\/title>\n<meta name=\"robots\" content=\"index, follow, max-snippet:-1, max-image-preview:large, max-video-preview:-1\" \/>\n<link rel=\"canonical\" href=\"https:\/\/pinay-nudes.com\/sv\/users\/joy-quezon\/\" \/>\n<meta property=\"og:locale\" content=\"sv_SE\" \/>\n<meta property=\"og:type\" content=\"article\" \/>\n<meta property=\"og:title\" content=\"Joy Quezon - Nude Filipina Woman From Snapchat And Sex | Beauty Porn Pics\" \/>\n<meta property=\"og:description\" content=\"Best Snapchat Nude Porn Videos, Search Snap Nudes Usernames &#8211;\u00a0Pinay-Nudes.com Free Access to Premium Nude Snapchat Girls Porn Videos \u00a0 Get free access to the best collection of nude snapchat photos and videos. Most of the girls on our site are amateurs who like anal and good classic sex. Do sexting and enjoy hot moments&hellip; L\u00e4s mer\" \/>\n<meta property=\"og:url\" content=\"https:\/\/pinay-nudes.com\/sv\/users\/joy-quezon\/\" \/>\n<meta property=\"og:site_name\" content=\"Nude Filipina Woman From Snapchat And Sex | Beauty Porn Pics\" \/>\n<meta property=\"article:modified_time\" content=\"2025-02-19T01:37:47+00:00\" \/>\n<meta property=\"og:image\" content=\"https:\/\/pinay-nudes.com\/wp-content\/uploads\/2023\/09\/7-1-3.jpg\" \/>\n\t<meta property=\"og:image:width\" content=\"720\" \/>\n\t<meta property=\"og:image:height\" content=\"1280\" \/>\n\t<meta property=\"og:image:type\" content=\"image\/jpeg\" \/>\n<meta name=\"twitter:card\" content=\"summary_large_image\" \/>\n<meta name=\"twitter:label1\" content=\"Ber\u00e4knad l\u00e4stid\" \/>\n\t<meta name=\"twitter:data1\" content=\"3 minuter\" \/>\n<script type=\"application\/ld+json\" class=\"yoast-schema-graph\">{\"@context\":\"https:\/\/schema.org\",\"@graph\":[{\"@type\":\"WebPage\",\"@id\":\"https:\/\/pinay-nudes.com\/users\/joy-quezon\/\",\"url\":\"https:\/\/pinay-nudes.com\/users\/joy-quezon\/\",\"name\":\"Joy Quezon - Nude Filipina Woman From Snapchat And Sex | Beauty Porn Pics\",\"isPartOf\":{\"@id\":\"https:\/\/pinay-nudes.com\/#website\"},\"primaryImageOfPage\":{\"@id\":\"https:\/\/pinay-nudes.com\/users\/joy-quezon\/#primaryimage\"},\"image\":{\"@id\":\"https:\/\/pinay-nudes.com\/users\/joy-quezon\/#primaryimage\"},\"thumbnailUrl\":\"http:\/\/pinay-nudes.com\/wp-content\/uploads\/2023\/09\/7-1-3-576x1024.jpg\",\"datePublished\":\"2023-09-18T02:55:46+00:00\",\"dateModified\":\"2025-02-19T01:37:47+00:00\",\"breadcrumb\":{\"@id\":\"https:\/\/pinay-nudes.com\/users\/joy-quezon\/#breadcrumb\"},\"inLanguage\":\"sv-SE\",\"potentialAction\":[{\"@type\":\"ReadAction\",\"target\":[\"https:\/\/pinay-nudes.com\/users\/joy-quezon\/\"]}]},{\"@type\":\"ImageObject\",\"inLanguage\":\"sv-SE\",\"@id\":\"https:\/\/pinay-nudes.com\/users\/joy-quezon\/#primaryimage\",\"url\":\"http:\/\/pinay-nudes.com\/wp-content\/uploads\/2023\/09\/7-1-3-576x1024.jpg\",\"contentUrl\":\"http:\/\/pinay-nudes.com\/wp-content\/uploads\/2023\/09\/7-1-3-576x1024.jpg\"},{\"@type\":\"BreadcrumbList\",\"@id\":\"https:\/\/pinay-nudes.com\/users\/joy-quezon\/#breadcrumb\",\"itemListElement\":[{\"@type\":\"ListItem\",\"position\":1,\"name\":\"Home\",\"item\":\"https:\/\/pinay-nudes.com\/\"},{\"@type\":\"ListItem\",\"position\":2,\"name\":\"Our Users\",\"item\":\"https:\/\/pinay-nudes.com\/users\/\"},{\"@type\":\"ListItem\",\"position\":3,\"name\":\"Joy Quezon\"}]},{\"@type\":\"WebSite\",\"@id\":\"https:\/\/pinay-nudes.com\/#website\",\"url\":\"https:\/\/pinay-nudes.com\/\",\"name\":\"Nude Filipina Woman From Snapchat And Sex | Beauty Porn Pics\",\"description\":\"Check our Free Porn Gallery with nude beautiful girls. XXX Naked Porn Pics from Hot Naked Girls from Snapchat and Sex Cams. Best Filipina sexy photos\",\"publisher\":{\"@id\":\"https:\/\/pinay-nudes.com\/#organization\"},\"potentialAction\":[{\"@type\":\"SearchAction\",\"target\":{\"@type\":\"EntryPoint\",\"urlTemplate\":\"https:\/\/pinay-nudes.com\/?s={search_term_string}\"},\"query-input\":{\"@type\":\"PropertyValueSpecification\",\"valueRequired\":true,\"valueName\":\"search_term_string\"}}],\"inLanguage\":\"sv-SE\"},{\"@type\":\"Organization\",\"@id\":\"https:\/\/pinay-nudes.com\/#organization\",\"name\":\"Nude Filipina Woman From Snapchat And Sex | Beauty Porn Pics\",\"url\":\"https:\/\/pinay-nudes.com\/\",\"logo\":{\"@type\":\"ImageObject\",\"inLanguage\":\"sv-SE\",\"@id\":\"https:\/\/pinay-nudes.com\/#\/schema\/logo\/image\/\",\"url\":\"https:\/\/pinay-nudes.com\/wp-content\/uploads\/2023\/09\/cropped-cropped-logo2-1.png\",\"contentUrl\":\"https:\/\/pinay-nudes.com\/wp-content\/uploads\/2023\/09\/cropped-cropped-logo2-1.png\",\"width\":512,\"height\":512,\"caption\":\"Nude Filipina Woman From Snapchat And Sex | Beauty Porn Pics \"},\"image\":{\"@id\":\"https:\/\/pinay-nudes.com\/#\/schema\/logo\/image\/\"}}]}<\/script>\n<!-- \/ Yoast SEO plugin. -->","yoast_head_json":{"title":"Joy Quezon - Nude Filipina Woman From Snapchat And Sex | Beauty Porn Pics","robots":{"index":"index","follow":"follow","max-snippet":"max-snippet:-1","max-image-preview":"max-image-preview:large","max-video-preview":"max-video-preview:-1"},"canonical":"https:\/\/pinay-nudes.com\/sv\/users\/joy-quezon\/","og_locale":"sv_SE","og_type":"article","og_title":"Joy Quezon - Nude Filipina Woman From Snapchat And Sex | Beauty Porn Pics","og_description":"Best Snapchat Nude Porn Videos, Search Snap Nudes Usernames &#8211;\u00a0Pinay-Nudes.com Free Access to Premium Nude Snapchat Girls Porn Videos \u00a0 Get free access to the best collection of nude snapchat photos and videos. Most of the girls on our site are amateurs who like anal and good classic sex. Do sexting and enjoy hot moments&hellip; L\u00e4s mer","og_url":"https:\/\/pinay-nudes.com\/sv\/users\/joy-quezon\/","og_site_name":"Nude Filipina Woman From Snapchat And Sex | Beauty Porn Pics","article_modified_time":"2025-02-19T01:37:47+00:00","og_image":[{"width":720,"height":1280,"url":"https:\/\/pinay-nudes.com\/wp-content\/uploads\/2023\/09\/7-1-3.jpg","type":"image\/jpeg"}],"twitter_card":"summary_large_image","twitter_misc":{"Ber\u00e4knad l\u00e4stid":"3 minuter"},"schema":{"@context":"https:\/\/schema.org","@graph":[{"@type":"WebPage","@id":"https:\/\/pinay-nudes.com\/users\/joy-quezon\/","url":"https:\/\/pinay-nudes.com\/users\/joy-quezon\/","name":"Joy Quezon - Nude Filipina Woman From Snapchat And Sex | Beauty Porn Pics","isPartOf":{"@id":"https:\/\/pinay-nudes.com\/#website"},"primaryImageOfPage":{"@id":"https:\/\/pinay-nudes.com\/users\/joy-quezon\/#primaryimage"},"image":{"@id":"https:\/\/pinay-nudes.com\/users\/joy-quezon\/#primaryimage"},"thumbnailUrl":"http:\/\/pinay-nudes.com\/wp-content\/uploads\/2023\/09\/7-1-3-576x1024.jpg","datePublished":"2023-09-18T02:55:46+00:00","dateModified":"2025-02-19T01:37:47+00:00","breadcrumb":{"@id":"https:\/\/pinay-nudes.com\/users\/joy-quezon\/#breadcrumb"},"inLanguage":"sv-SE","potentialAction":[{"@type":"ReadAction","target":["https:\/\/pinay-nudes.com\/users\/joy-quezon\/"]}]},{"@type":"ImageObject","inLanguage":"sv-SE","@id":"https:\/\/pinay-nudes.com\/users\/joy-quezon\/#primaryimage","url":"http:\/\/pinay-nudes.com\/wp-content\/uploads\/2023\/09\/7-1-3-576x1024.jpg","contentUrl":"http:\/\/pinay-nudes.com\/wp-content\/uploads\/2023\/09\/7-1-3-576x1024.jpg"},{"@type":"BreadcrumbList","@id":"https:\/\/pinay-nudes.com\/users\/joy-quezon\/#breadcrumb","itemListElement":[{"@type":"ListItem","position":1,"name":"Home","item":"https:\/\/pinay-nudes.com\/"},{"@type":"ListItem","position":2,"name":"Our Users","item":"https:\/\/pinay-nudes.com\/users\/"},{"@type":"ListItem","position":3,"name":"Joy Quezon"}]},{"@type":"WebSite","@id":"https:\/\/pinay-nudes.com\/#website","url":"https:\/\/pinay-nudes.com\/","name":"Nude Filipina Woman From Snapchat And Sex | Beauty Porn Pics","description":"Check our Free Porn Gallery with nude beautiful girls. XXX Naked Porn Pics from Hot Naked Girls from Snapchat and Sex Cams. Best Filipina sexy photos","publisher":{"@id":"https:\/\/pinay-nudes.com\/#organization"},"potentialAction":[{"@type":"SearchAction","target":{"@type":"EntryPoint","urlTemplate":"https:\/\/pinay-nudes.com\/?s={search_term_string}"},"query-input":{"@type":"PropertyValueSpecification","valueRequired":true,"valueName":"search_term_string"}}],"inLanguage":"sv-SE"},{"@type":"Organization","@id":"https:\/\/pinay-nudes.com\/#organization","name":"Nude Filipina Woman From Snapchat And Sex | Beauty Porn Pics","url":"https:\/\/pinay-nudes.com\/","logo":{"@type":"ImageObject","inLanguage":"sv-SE","@id":"https:\/\/pinay-nudes.com\/#\/schema\/logo\/image\/","url":"https:\/\/pinay-nudes.com\/wp-content\/uploads\/2023\/09\/cropped-cropped-logo2-1.png","contentUrl":"https:\/\/pinay-nudes.com\/wp-content\/uploads\/2023\/09\/cropped-cropped-logo2-1.png","width":512,"height":512,"caption":"Nude Filipina Woman From Snapchat And Sex | Beauty Porn Pics "},"image":{"@id":"https:\/\/pinay-nudes.com\/#\/schema\/logo\/image\/"}}]}},"_links":{"self":[{"href":"https:\/\/pinay-nudes.com\/sv\/wp-json\/wp\/v2\/pages\/272","targetHints":{"allow":["GET"]}}],"collection":[{"href":"https:\/\/pinay-nudes.com\/sv\/wp-json\/wp\/v2\/pages"}],"about":[{"href":"https:\/\/pinay-nudes.com\/sv\/wp-json\/wp\/v2\/types\/page"}],"author":[{"embeddable":true,"href":"https:\/\/pinay-nudes.com\/sv\/wp-json\/wp\/v2\/users\/1"}],"replies":[{"embeddable":true,"href":"https:\/\/pinay-nudes.com\/sv\/wp-json\/wp\/v2\/comments?post=272"}],"version-history":[{"count":58,"href":"https:\/\/pinay-nudes.com\/sv\/wp-json\/wp\/v2\/pages\/272\/revisions"}],"predecessor-version":[{"id":2428,"href":"https:\/\/pinay-nudes.com\/sv\/wp-json\/wp\/v2\/pages\/272\/revisions\/2428"}],"up":[{"embeddable":true,"href":"https:\/\/pinay-nudes.com\/sv\/wp-json\/wp\/v2\/pages\/42"}],"wp:attachment":[{"href":"https:\/\/pinay-nudes.com\/sv\/wp-json\/wp\/v2\/media?parent=272"}],"curies":[{"name":"wp","href":"https:\/\/api.w.org\/{rel}","templated":true}]}}