{"id":2376,"date":"2025-02-04T02:11:19","date_gmt":"2025-02-04T02:11:19","guid":{"rendered":"https:\/\/pinay-nudes.com\/?page_id=2376"},"modified":"2025-02-18T07:51:15","modified_gmt":"2025-02-18T07:51:15","slug":"dmca","status":"publish","type":"page","link":"https:\/\/pinay-nudes.com\/sv\/dmca\/","title":{"rendered":"DMCA"},"content":{"rendered":"<div data-elementor-type=\"wp-page\" data-elementor-id=\"2376\" class=\"elementor elementor-2376\">\n\t\t\t\t<div class=\"elementor-element elementor-element-b65a115 e-flex e-con-boxed e-con e-parent\" data-id=\"b65a115\" data-element_type=\"container\">\n\t\t\t\t\t<div class=\"e-con-inner\">\n\t\t\t\t<div class=\"elementor-element elementor-element-5880888 elementor-widget elementor-widget-text-editor\" data-id=\"5880888\" data-element_type=\"widget\" data-widget_type=\"text-editor.default\">\n\t\t\t\t<div class=\"elementor-widget-container\">\n\t\t\t\t\t\t\t\t\t<h1><center><p><\/p>\n<p>The DMCA Policy of Pinay-Nudes.com<\/p><\/center><\/h1>\n<p><br>\nVi f\u00f6rv\u00e4ntar oss att v\u00e5ra anv\u00e4ndare respekterar andra personers immateriella r\u00e4ttigheter. Vi ska snabbt ta itu med alla p\u00e5st\u00e5enden om upphovsr\u00e4ttsintr\u00e5ng som vi f\u00e5r k\u00e4nnedom om i enlighet med Digital Millennium Copyright Act (\u201dDMCA\u201d). L\u00e4mna f\u00f6ljande uppgifter till v\u00e5r utsedda Copyright Agent om du tror att n\u00e5gon har kopierat eller anv\u00e4nt ditt upphovsr\u00e4ttsskyddade arbete p\u00e5 ett s\u00e4tt som bryter mot upphovsr\u00e4tten:<\/p>\n<p>en upphovsr\u00e4ttsinnehavares eller en beh\u00f6rig representants fysiska eller digitala signatur. identifiering av det upphovsr\u00e4ttsskyddade verk som p\u00e5st\u00e5s ha utsatts f\u00f6r intr\u00e5ng, identifiering av det inneh\u00e5ll som g\u00f6r intr\u00e5ng och uppgifter som \u00e5tminstone \u00e4r tillr\u00e4ckliga f\u00f6r att vi ska kunna hitta inneh\u00e5llet p\u00e5 v\u00e5r webbplats, ditt namn, adress, telefonnummer och e-postadress \u00e4r bland dina kontaktuppgifter, en f\u00f6rklaring som uttrycker din uppriktiga tro att anv\u00e4ndningen av inneh\u00e5llet \u00e4r f\u00f6rbjuden enligt lag, upphovsr\u00e4ttsinnehavaren eller dess ombud, en f\u00f6rklaring om att du \u00e4r upphovsr\u00e4ttsinnehavaren eller har befogenhet att agera f\u00f6r deras r\u00e4kning och att informationen i meddelandet \u00e4r sann under straffansvar f\u00f6r mened. Ditt DMCA-meddelande ska skickas till:<\/p>\n<p><br>Email: [info@pinay-nudes.com]<\/p>\n<p><br><\/p>\n<p>Du kan l\u00e4mna in en motanm\u00e4lan med f\u00f6ljande uppgifter om du anser att inneh\u00e5llet som inaktiverades eller togs bort gjordes av misstag eller om du anser att du fortfarande har r\u00e4tt att anv\u00e4nda inneh\u00e5llet: Din signatur, antingen digital eller fysisk. Det \u00e4mne som togs bort och dess plats f\u00f6re borttagningen identifieras. F\u00f6rklara under straffansvar f\u00f6r mened att du i god tro tror att borttagningen av inneh\u00e5llet berodde p\u00e5 ett fel eller en felidentifiering. Ditt namn, din adress, ditt telefonnummer och din e-postadress finns bland dina kontaktuppgifter. En f\u00f6rklaring d\u00e4r du godk\u00e4nner delgivning fr\u00e5n den part som l\u00e4mnade in det f\u00f6rsta DMCA-klagom\u00e5let och samtycker till jurisdiktionen f\u00f6r den federala domstolen i ditt distrikt (eller det distrikt d\u00e4r v\u00e5rt f\u00f6retag \u00e4r bel\u00e4get). Motanm\u00e4lningar m\u00e5ste adresseras till v\u00e5r Copyright Agent med hj\u00e4lp av ovanst\u00e5ende kontaktuppgifter. Anv\u00e4ndare som upprepade g\u00e5nger bryter mot upphovsr\u00e4tten kan f\u00e5 sina konton avslutade av oss. V\u00e4nligen kontakta oss om du har n\u00e5gra fr\u00e5gor om v\u00e5r policy.<\/p>\t\t\t\t\t\t\t\t<\/div>\n\t\t\t\t<\/div>\n\t\t\t\t\t<\/div>\n\t\t\t\t<\/div>\n\t\t\t\t<\/div>","protected":false},"excerpt":{"rendered":"<p>The DMCA Policy of Pinay-Nudes.com We expect our users to respect other people&#8217;s intellectual property rights. We shall quickly address any allegations of copyright infringement that are brought to our attention in compliance with the Digital Millennium Copyright Act (&#8220;DMCA&#8221;). Please give the following details to our designated Copyright Agent if you think that someone&hellip; <br \/> <a class=\"read-more\" href=\"https:\/\/pinay-nudes.com\/sv\/dmca\/\">L\u00e4s mer<\/a><\/p>","protected":false},"author":1,"featured_media":0,"parent":0,"menu_order":0,"comment_status":"closed","ping_status":"closed","template":"page-templates\/homepage.php","meta":{"_monsterinsights_skip_tracking":false,"_monsterinsights_sitenote_active":false,"_monsterinsights_sitenote_note":"","_monsterinsights_sitenote_category":0,"footnotes":""},"class_list":["post-2376","page","type-page","status-publish","hentry"],"aioseo_notices":[],"yoast_head":"<!-- This site is optimized with the Yoast SEO plugin v24.4 - https:\/\/yoast.com\/wordpress\/plugins\/seo\/ -->\n<title>DMCA - Nude Filipina Woman From Snapchat And Sex | Beauty Porn Pics<\/title>\n<meta name=\"robots\" content=\"index, follow, max-snippet:-1, max-image-preview:large, max-video-preview:-1\" \/>\n<link rel=\"canonical\" href=\"https:\/\/pinay-nudes.com\/sv\/dmca\/\" \/>\n<meta property=\"og:locale\" content=\"sv_SE\" \/>\n<meta property=\"og:type\" content=\"article\" \/>\n<meta property=\"og:title\" content=\"DMCA - Nude Filipina Woman From Snapchat And Sex | Beauty Porn Pics\" \/>\n<meta property=\"og:description\" content=\"The DMCA Policy of Pinay-Nudes.com We expect our users to respect other people&#8217;s intellectual property rights. We shall quickly address any allegations of copyright infringement that are brought to our attention in compliance with the Digital Millennium Copyright Act (&#8220;DMCA&#8221;). Please give the following details to our designated Copyright Agent if you think that someone&hellip; L\u00e4s mer\" \/>\n<meta property=\"og:url\" content=\"https:\/\/pinay-nudes.com\/sv\/dmca\/\" \/>\n<meta property=\"og:site_name\" content=\"Nude Filipina Woman From Snapchat And Sex | Beauty Porn Pics\" \/>\n<meta property=\"article:modified_time\" content=\"2025-02-18T07:51:15+00:00\" \/>\n<meta name=\"twitter:card\" content=\"summary_large_image\" \/>\n<meta name=\"twitter:label1\" content=\"Ber\u00e4knad l\u00e4stid\" \/>\n\t<meta name=\"twitter:data1\" content=\"2 minuter\" \/>\n<script type=\"application\/ld+json\" class=\"yoast-schema-graph\">{\"@context\":\"https:\/\/schema.org\",\"@graph\":[{\"@type\":\"WebPage\",\"@id\":\"https:\/\/pinay-nudes.com\/dmca\/\",\"url\":\"https:\/\/pinay-nudes.com\/dmca\/\",\"name\":\"DMCA - Nude Filipina Woman From Snapchat And Sex | Beauty Porn Pics\",\"isPartOf\":{\"@id\":\"https:\/\/pinay-nudes.com\/#website\"},\"datePublished\":\"2025-02-04T02:11:19+00:00\",\"dateModified\":\"2025-02-18T07:51:15+00:00\",\"breadcrumb\":{\"@id\":\"https:\/\/pinay-nudes.com\/dmca\/#breadcrumb\"},\"inLanguage\":\"sv-SE\",\"potentialAction\":[{\"@type\":\"ReadAction\",\"target\":[\"https:\/\/pinay-nudes.com\/dmca\/\"]}]},{\"@type\":\"BreadcrumbList\",\"@id\":\"https:\/\/pinay-nudes.com\/dmca\/#breadcrumb\",\"itemListElement\":[{\"@type\":\"ListItem\",\"position\":1,\"name\":\"Home\",\"item\":\"https:\/\/pinay-nudes.com\/\"},{\"@type\":\"ListItem\",\"position\":2,\"name\":\"DMCA\"}]},{\"@type\":\"WebSite\",\"@id\":\"https:\/\/pinay-nudes.com\/#website\",\"url\":\"https:\/\/pinay-nudes.com\/\",\"name\":\"Nude Filipina Woman From Snapchat And Sex | Beauty Porn Pics\",\"description\":\"Check our Free Porn Gallery with nude beautiful girls. XXX Naked Porn Pics from Hot Naked Girls from Snapchat and Sex Cams. Best Filipina sexy photos\",\"publisher\":{\"@id\":\"https:\/\/pinay-nudes.com\/#organization\"},\"potentialAction\":[{\"@type\":\"SearchAction\",\"target\":{\"@type\":\"EntryPoint\",\"urlTemplate\":\"https:\/\/pinay-nudes.com\/?s={search_term_string}\"},\"query-input\":{\"@type\":\"PropertyValueSpecification\",\"valueRequired\":true,\"valueName\":\"search_term_string\"}}],\"inLanguage\":\"sv-SE\"},{\"@type\":\"Organization\",\"@id\":\"https:\/\/pinay-nudes.com\/#organization\",\"name\":\"Nude Filipina Woman From Snapchat And Sex | Beauty Porn Pics\",\"url\":\"https:\/\/pinay-nudes.com\/\",\"logo\":{\"@type\":\"ImageObject\",\"inLanguage\":\"sv-SE\",\"@id\":\"https:\/\/pinay-nudes.com\/#\/schema\/logo\/image\/\",\"url\":\"https:\/\/pinay-nudes.com\/wp-content\/uploads\/2023\/09\/cropped-cropped-logo2-1.png\",\"contentUrl\":\"https:\/\/pinay-nudes.com\/wp-content\/uploads\/2023\/09\/cropped-cropped-logo2-1.png\",\"width\":512,\"height\":512,\"caption\":\"Nude Filipina Woman From Snapchat And Sex | Beauty Porn Pics \"},\"image\":{\"@id\":\"https:\/\/pinay-nudes.com\/#\/schema\/logo\/image\/\"}}]}<\/script>\n<!-- \/ Yoast SEO plugin. -->","yoast_head_json":{"title":"DMCA - Nude Filipina Woman From Snapchat And Sex | Beauty Porn Pics","robots":{"index":"index","follow":"follow","max-snippet":"max-snippet:-1","max-image-preview":"max-image-preview:large","max-video-preview":"max-video-preview:-1"},"canonical":"https:\/\/pinay-nudes.com\/sv\/dmca\/","og_locale":"sv_SE","og_type":"article","og_title":"DMCA - Nude Filipina Woman From Snapchat And Sex | Beauty Porn Pics","og_description":"The DMCA Policy of Pinay-Nudes.com We expect our users to respect other people&#8217;s intellectual property rights. We shall quickly address any allegations of copyright infringement that are brought to our attention in compliance with the Digital Millennium Copyright Act (&#8220;DMCA&#8221;). Please give the following details to our designated Copyright Agent if you think that someone&hellip; L\u00e4s mer","og_url":"https:\/\/pinay-nudes.com\/sv\/dmca\/","og_site_name":"Nude Filipina Woman From Snapchat And Sex | Beauty Porn Pics","article_modified_time":"2025-02-18T07:51:15+00:00","twitter_card":"summary_large_image","twitter_misc":{"Ber\u00e4knad l\u00e4stid":"2 minuter"},"schema":{"@context":"https:\/\/schema.org","@graph":[{"@type":"WebPage","@id":"https:\/\/pinay-nudes.com\/dmca\/","url":"https:\/\/pinay-nudes.com\/dmca\/","name":"DMCA - Nude Filipina Woman From Snapchat And Sex | Beauty Porn Pics","isPartOf":{"@id":"https:\/\/pinay-nudes.com\/#website"},"datePublished":"2025-02-04T02:11:19+00:00","dateModified":"2025-02-18T07:51:15+00:00","breadcrumb":{"@id":"https:\/\/pinay-nudes.com\/dmca\/#breadcrumb"},"inLanguage":"sv-SE","potentialAction":[{"@type":"ReadAction","target":["https:\/\/pinay-nudes.com\/dmca\/"]}]},{"@type":"BreadcrumbList","@id":"https:\/\/pinay-nudes.com\/dmca\/#breadcrumb","itemListElement":[{"@type":"ListItem","position":1,"name":"Home","item":"https:\/\/pinay-nudes.com\/"},{"@type":"ListItem","position":2,"name":"DMCA"}]},{"@type":"WebSite","@id":"https:\/\/pinay-nudes.com\/#website","url":"https:\/\/pinay-nudes.com\/","name":"Nude Filipina Woman From Snapchat And Sex | Beauty Porn Pics","description":"Check our Free Porn Gallery with nude beautiful girls. XXX Naked Porn Pics from Hot Naked Girls from Snapchat and Sex Cams. Best Filipina sexy photos","publisher":{"@id":"https:\/\/pinay-nudes.com\/#organization"},"potentialAction":[{"@type":"SearchAction","target":{"@type":"EntryPoint","urlTemplate":"https:\/\/pinay-nudes.com\/?s={search_term_string}"},"query-input":{"@type":"PropertyValueSpecification","valueRequired":true,"valueName":"search_term_string"}}],"inLanguage":"sv-SE"},{"@type":"Organization","@id":"https:\/\/pinay-nudes.com\/#organization","name":"Nude Filipina Woman From Snapchat And Sex | Beauty Porn Pics","url":"https:\/\/pinay-nudes.com\/","logo":{"@type":"ImageObject","inLanguage":"sv-SE","@id":"https:\/\/pinay-nudes.com\/#\/schema\/logo\/image\/","url":"https:\/\/pinay-nudes.com\/wp-content\/uploads\/2023\/09\/cropped-cropped-logo2-1.png","contentUrl":"https:\/\/pinay-nudes.com\/wp-content\/uploads\/2023\/09\/cropped-cropped-logo2-1.png","width":512,"height":512,"caption":"Nude Filipina Woman From Snapchat And Sex | Beauty Porn Pics "},"image":{"@id":"https:\/\/pinay-nudes.com\/#\/schema\/logo\/image\/"}}]}},"_links":{"self":[{"href":"https:\/\/pinay-nudes.com\/sv\/wp-json\/wp\/v2\/pages\/2376","targetHints":{"allow":["GET"]}}],"collection":[{"href":"https:\/\/pinay-nudes.com\/sv\/wp-json\/wp\/v2\/pages"}],"about":[{"href":"https:\/\/pinay-nudes.com\/sv\/wp-json\/wp\/v2\/types\/page"}],"author":[{"embeddable":true,"href":"https:\/\/pinay-nudes.com\/sv\/wp-json\/wp\/v2\/users\/1"}],"replies":[{"embeddable":true,"href":"https:\/\/pinay-nudes.com\/sv\/wp-json\/wp\/v2\/comments?post=2376"}],"version-history":[{"count":16,"href":"https:\/\/pinay-nudes.com\/sv\/wp-json\/wp\/v2\/pages\/2376\/revisions"}],"predecessor-version":[{"id":2398,"href":"https:\/\/pinay-nudes.com\/sv\/wp-json\/wp\/v2\/pages\/2376\/revisions\/2398"}],"wp:attachment":[{"href":"https:\/\/pinay-nudes.com\/sv\/wp-json\/wp\/v2\/media?parent=2376"}],"curies":[{"name":"wp","href":"https:\/\/api.w.org\/{rel}","templated":true}]}}