{"id":751,"date":"2023-10-02T22:31:46","date_gmt":"2023-10-02T21:31:46","guid":{"rendered":"https:\/\/pinay-nudes.com\/?page_id=751"},"modified":"2025-02-19T01:38:51","modified_gmt":"2025-02-19T01:38:51","slug":"analyn-elnido","status":"publish","type":"page","link":"https:\/\/pinay-nudes.com\/sl\/users\/analyn-elnido\/","title":{"rendered":"Analyn El Nido"},"content":{"rendered":"<div data-elementor-type=\"wp-page\" data-elementor-id=\"751\" class=\"elementor elementor-751\">\n\t\t\t\t<div class=\"elementor-element elementor-element-7e1f974 e-flex e-con-boxed e-con e-parent\" data-id=\"7e1f974\" data-element_type=\"container\">\n\t\t\t\t\t<div class=\"e-con-inner\">\n\t\t\t\t<div class=\"elementor-element elementor-element-125cc8c elementor-widget elementor-widget-text-editor\" data-id=\"125cc8c\" data-element_type=\"widget\" data-widget_type=\"text-editor.default\">\n\t\t\t\t<div class=\"elementor-widget-container\">\n\t\t\t\t\t\t\t\t\t<center><h1>Najbolj\u0161i goli porno videoposnetki Onlyfans, Free Nude Onlyfans Porn Leaks<\/h1><\/center>\t\t\t\t\t\t\t\t<\/div>\n\t\t\t\t<\/div>\n\t\t\t\t\t<\/div>\n\t\t\t\t<\/div>\n\t\t<div class=\"elementor-element elementor-element-7b89027 e-flex e-con-boxed e-con e-parent\" data-id=\"7b89027\" data-element_type=\"container\">\n\t\t\t\t\t<div class=\"e-con-inner\">\n\t\t\t\t<div class=\"elementor-element elementor-element-7568a4c elementor-widget elementor-widget-text-editor\" data-id=\"7568a4c\" data-element_type=\"widget\" data-widget_type=\"text-editor.default\">\n\t\t\t\t<div class=\"elementor-widget-container\">\n\t\t\t\t\t\t\t\t\t<h2>Modeli Onlyfans, gola dekleta Onlyfans\u00a0<\/h2><p>Dobrodo\u0161li na Pinay-nudes.com. Tukaj boste na\u0161li najve\u010djo galerijo porno fotografij in videoposnetkov z modeli Onlyfans in Fansly. Za vas smo pripravili zasebne ra\u010dune Snapchat za dekleta in vam omogo\u010dili, da stopite v stik z vsako od njih. Za dostop do celotne galerije XXX videoposnetkov in fotografij se boste morali registrirati. To je popolnoma brezpla\u010dno, vse, kar morate storiti, pa je, da navedete svoj vzdevek in e-po\u0161tni naslov. Podatki o kreditni kartici niso potrebni.<\/p><p>Brskajte po profilih modelov, ki predvajajo na Twitchu, Kicku in drugih priljubljenih platformah, kot so Tinder, Bumble. Snap ra\u010dun vsakega dekleta je popolnoma pristen, zato lahko z vsako \u017eensko pi\u0161ete popolnoma brezpla\u010dno in ji po\u0161ljete svoje akte. Po registraciji imate tudi mo\u017enost, da nalo\u017eite svoje fotografije in videoposnetke ter tako pove\u010date na\u0161o galerijo.<\/p>\t\t\t\t\t\t\t\t<\/div>\n\t\t\t\t<\/div>\n\t\t\t\t\t<\/div>\n\t\t\t\t<\/div>\n\t\t<div class=\"elementor-element elementor-element-3da574c e-con-full e-flex e-con e-parent\" data-id=\"3da574c\" data-element_type=\"container\">\n\t\t<div class=\"elementor-element elementor-element-a53a440 e-con-full e-flex e-con e-child\" data-id=\"a53a440\" data-element_type=\"container\">\n\t\t\t\t<div class=\"elementor-element elementor-element-3d6b382 elementor-widget elementor-widget-image\" data-id=\"3d6b382\" data-element_type=\"widget\" data-widget_type=\"image.default\">\n\t\t\t\t<div class=\"elementor-widget-container\">\n\t\t\t\t\t\t\t\t\t\t\t\t\t\t\t<img fetchpriority=\"high\" decoding=\"async\" width=\"640\" height=\"723\" src=\"https:\/\/pinay-nudes.com\/wp-content\/uploads\/2023\/10\/mdajnrmskzf71.webp\" class=\"attachment-large size-large wp-image-760\" alt=\"\" srcset=\"https:\/\/pinay-nudes.com\/wp-content\/uploads\/2023\/10\/mdajnrmskzf71.webp 640w, https:\/\/pinay-nudes.com\/wp-content\/uploads\/2023\/10\/mdajnrmskzf71-266x300.webp 266w\" sizes=\"(max-width: 640px) 100vw, 640px\" \/>\t\t\t\t\t\t\t\t\t\t\t\t\t\t\t<\/div>\n\t\t\t\t<\/div>\n\t\t\t\t<\/div>\n\t\t<div class=\"elementor-element elementor-element-ced765f e-con-full e-flex e-con e-child\" data-id=\"ced765f\" data-element_type=\"container\">\n\t\t\t\t<div class=\"elementor-element elementor-element-9dc9a9f elementor-widget elementor-widget-heading\" data-id=\"9dc9a9f\" data-element_type=\"widget\" data-widget_type=\"heading.default\">\n\t\t\t\t<div class=\"elementor-widget-container\">\n\t\t\t\t\t<h2 class=\"elementor-heading-title elementor-size-default\">Analyn, El Nido<\/h2>\t\t\t\t<\/div>\n\t\t\t\t<\/div>\n\t\t\t\t<div class=\"elementor-element elementor-element-b01de05 elementor-widget elementor-widget-text-editor\" data-id=\"b01de05\" data-element_type=\"widget\" data-widget_type=\"text-editor.default\">\n\t\t\t\t<div class=\"elementor-widget-container\">\n\t\t\t\t\t\t\t\t\t<p>Pozdravljeni, prihajam s Filipinov iz El Nida, imam tri mlaj\u0161e sestre, ki \u0161tudirajo in jim finan\u010dno pomagam v \u0161oli. Rada imam pse in plavanje v morju. I\u0161\u010dem fanta za kratkoro\u010dno ali dolgoro\u010dno razmerje<\/p>\t\t\t\t\t\t\t\t<\/div>\n\t\t\t\t<\/div>\n\t\t\t\t<div class=\"elementor-element elementor-element-39f7c13 elementor-shape-rounded elementor-grid-0 e-grid-align-center elementor-widget elementor-widget-social-icons\" data-id=\"39f7c13\" data-element_type=\"widget\" data-widget_type=\"social-icons.default\">\n\t\t\t\t<div class=\"elementor-widget-container\">\n\t\t\t\t\t\t\t<div class=\"elementor-social-icons-wrapper elementor-grid\">\n\t\t\t\t\t\t\t<span class=\"elementor-grid-item\">\n\t\t\t\t\t<a class=\"elementor-icon elementor-social-icon elementor-social-icon-facebook elementor-repeater-item-966ee37\" href=\"https:\/\/pinay-nudes.com\/sl\/cb\/register\/\" target=\"_blank\">\n\t\t\t\t\t\t<span class=\"elementor-screen-only\">Facebook<\/span>\n\t\t\t\t\t\t<i class=\"fab fa-facebook\"><\/i>\t\t\t\t\t<\/a>\n\t\t\t\t<\/span>\n\t\t\t\t\t\t\t<span class=\"elementor-grid-item\">\n\t\t\t\t\t<a class=\"elementor-icon elementor-social-icon elementor-social-icon-instagram elementor-repeater-item-47b44c9\" href=\"https:\/\/pinay-nudes.com\/sl\/nk\/register\/\" target=\"_blank\">\n\t\t\t\t\t\t<span class=\"elementor-screen-only\">Instagram<\/span>\n\t\t\t\t\t\t<i class=\"fab fa-instagram\"><\/i>\t\t\t\t\t<\/a>\n\t\t\t\t<\/span>\n\t\t\t\t\t\t\t<span class=\"elementor-grid-item\">\n\t\t\t\t\t<a class=\"elementor-icon elementor-social-icon elementor-social-icon-snapchat elementor-repeater-item-a214105\" href=\"https:\/\/pinay-nudes.com\/sl\/cb\/register\/\" target=\"_blank\">\n\t\t\t\t\t\t<span class=\"elementor-screen-only\">Snapchat<\/span>\n\t\t\t\t\t\t<i class=\"fab fa-snapchat\"><\/i>\t\t\t\t\t<\/a>\n\t\t\t\t<\/span>\n\t\t\t\t\t<\/div>\n\t\t\t\t\t\t<\/div>\n\t\t\t\t<\/div>\n\t\t\t\t<div class=\"elementor-element elementor-element-53229be elementor-invisible elementor-widget elementor-widget-text-editor\" data-id=\"53229be\" data-element_type=\"widget\" data-settings=\"{&quot;_animation&quot;:&quot;jello&quot;}\" data-widget_type=\"text-editor.default\">\n\t\t\t\t<div class=\"elementor-widget-container\">\n\t\t\t\t\t\t\t\t\t<p><strong>16,127<\/strong><\/p>\t\t\t\t\t\t\t\t<\/div>\n\t\t\t\t<\/div>\n\t\t\t\t<div class=\"elementor-element elementor-element-00884b4 elementor-widget elementor-widget-text-editor\" data-id=\"00884b4\" data-element_type=\"widget\" data-widget_type=\"text-editor.default\">\n\t\t\t\t<div class=\"elementor-widget-container\">\n\t\t\t\t\t\t\t\t\t<p>Sledilci<\/p>\t\t\t\t\t\t\t\t<\/div>\n\t\t\t\t<\/div>\n\t\t\t\t<div class=\"elementor-element elementor-element-aa0dad9 elementor-widget elementor-widget-text-editor\" data-id=\"aa0dad9\" data-element_type=\"widget\" data-widget_type=\"text-editor.default\">\n\t\t\t\t<div class=\"elementor-widget-container\">\n\t\t\t\t\t\t\t\t\t<p><strong>Sem na spletu!<\/strong><\/p><p>Povpre\u010dni odzivni \u010das 5-15 minut<\/p>\t\t\t\t\t\t\t\t<\/div>\n\t\t\t\t<\/div>\n\t\t\t\t<div class=\"elementor-element elementor-element-7cccf79 elementor-align-center elementor-widget elementor-widget-button\" data-id=\"7cccf79\" data-element_type=\"widget\" data-widget_type=\"button.default\">\n\t\t\t\t<div class=\"elementor-widget-container\">\n\t\t\t\t\t\t\t\t\t<div class=\"elementor-button-wrapper\">\n\t\t\t\t\t<a class=\"elementor-button elementor-button-link elementor-size-sm\" href=\"https:\/\/pinay-nudes.com\/sl\/nk1\/register\/\">\n\t\t\t\t\t\t<span class=\"elementor-button-content-wrapper\">\n\t\t\t\t\t\t\t\t\t<span class=\"elementor-button-text\">Stik z mano<\/span>\n\t\t\t\t\t<\/span>\n\t\t\t\t\t<\/a>\n\t\t\t\t<\/div>\n\t\t\t\t\t\t\t\t<\/div>\n\t\t\t\t<\/div>\n\t\t\t\t<div class=\"elementor-element elementor-element-73edd4d elementor-star-rating--align-center elementor--star-style-star_fontawesome elementor-widget elementor-widget-star-rating\" data-id=\"73edd4d\" data-element_type=\"widget\" data-widget_type=\"star-rating.default\">\n\t\t\t\t<div class=\"elementor-widget-container\">\n\t\t\t\t\t\n\t\t<div class=\"elementor-star-rating__wrapper\">\n\t\t\t\t\t\t\t<div class=\"elementor-star-rating__title\">Pregled profila:<\/div>\n\t\t\t\t\t\t<div class=\"elementor-star-rating\" title=\"4.3\/5\" itemtype=\"http:\/\/schema.org\/Rating\" itemscope=\"\" itemprop=\"reviewRating\"><i class=\"elementor-star-full\">&#xE934;<\/i><i class=\"elementor-star-full\">&#xE934;<\/i><i class=\"elementor-star-full\">&#xE934;<\/i><i class=\"elementor-star-full\">&#xE934;<\/i><i class=\"elementor-star-3\">&#xE934;<\/i> <span itemprop=\"ratingValue\" class=\"elementor-screen-only\">4.3\/5<\/span><\/div>\t\t<\/div>\n\t\t\t\t\t\t<\/div>\n\t\t\t\t<\/div>\n\t\t\t\t<\/div>\n\t\t\t\t<\/div>\n\t\t<div class=\"elementor-element elementor-element-1326873 e-flex e-con-boxed e-con e-parent\" data-id=\"1326873\" data-element_type=\"container\">\n\t\t\t\t\t<div class=\"e-con-inner\">\n\t\t\t\t<div class=\"elementor-element elementor-element-4fd507f elementor-widget elementor-widget-image\" data-id=\"4fd507f\" data-element_type=\"widget\" data-widget_type=\"image.default\">\n\t\t\t\t<div class=\"elementor-widget-container\">\n\t\t\t\t\t\t\t\t\t\t\t\t\t\t\t\t<a href=\"https:\/\/pinay-nudes.com\/sl\/go\/chaturbate\/\">\n\t\t\t\t\t\t\t<img decoding=\"async\" width=\"728\" height=\"90\" src=\"https:\/\/pinay-nudes.com\/wp-content\/uploads\/2023\/09\/CB-728-2.jpg\" class=\"attachment-large size-large wp-image-449\" alt=\"\" srcset=\"https:\/\/pinay-nudes.com\/wp-content\/uploads\/2023\/09\/CB-728-2.jpg 728w, https:\/\/pinay-nudes.com\/wp-content\/uploads\/2023\/09\/CB-728-2-300x37.jpg 300w\" sizes=\"(max-width: 728px) 100vw, 728px\" \/>\t\t\t\t\t\t\t\t<\/a>\n\t\t\t\t\t\t\t\t\t\t\t\t\t\t\t<\/div>\n\t\t\t\t<\/div>\n\t\t\t\t\t<\/div>\n\t\t\t\t<\/div>\n\t\t<div class=\"elementor-element elementor-element-fde5c42 e-flex e-con-boxed e-con e-parent\" data-id=\"fde5c42\" data-element_type=\"container\">\n\t\t\t\t\t<div class=\"e-con-inner\">\n\t\t\t\t<div class=\"elementor-element elementor-element-0b42ab3 elementor-widget elementor-widget-text-editor\" data-id=\"0b42ab3\" data-element_type=\"widget\" data-widget_type=\"text-editor.default\">\n\t\t\t\t<div class=\"elementor-widget-container\">\n\t\t\t\t\t\t\t\t\t<h2>Onlyfans goli videoposnetki, Pornozvezdniki goli ra\u010duni Onlyfans iz leta 2024<\/h2>\n<p>V na\u0161i galeriji se osredoto\u010damo predvsem na azijske \u017eenske, ki nastopajo na seks kamerah ali vodijo svoje onlyfane. Tu boste na\u0161li tako pornozvezde kot amaterke, ki na posnetkih ka\u017eejo svoje pi\u010dke, ali pa zgolj seksi dekleta s Tinderja ali Bumblea. Oglejte si, kako dekleta iz Tiktka delajo blowjob ali analni seks. Na na\u0161i spletni strani so najbolj\u0161e azijske kurbe z velikimi jo\u0161ki. Vse, kar vam je v\u0161e\u010d, imamo najstnice in milf seks posnetke. Najbolj\u0161i brezpla\u010dni Onlyfans Leaks s squirtom. Creampie Premium vsebine in ekskluzivne vsebine od internetnih pi\u0161\u010dancev, ki jih tukaj dobite brezpla\u010dno.<\/p>\n<p><\/p>\n<h2>Vrhunska dekleta iz seks kamer in aplikacij za zmenke, seksi azijske kurbe gole<\/h2>\n<p>Necenzurirano masturbiranje deklet iz Tinderja in drugih aplikacij za zmenke. Pridobite popoln dostop do zbirke Cosplay deklet ali deklet, ki se sle\u010dejo na spletnih seks kamerah. Milenke, ki rade uporabljajo svoj dildo, ker so \u017eejne va\u0161ega kurca. Najbolj seksi azijske kurbice, zasebne fotogalerije iz njihovih posnetkov ali spletnih spletnih kamer. Gole slavne vplivne\u017ee in amaterski pornografski posnetki ustvarjalcev Onlyfans. Brezpla\u010dna pornografija ustvarjalcev vsebin iz Snapchata in aplikacij za zmenke. Eroti\u010dne vsebine cosplayerjev samo brezpla\u010dno. Pridobite dostop, pogovarjajte se z igralskimi dekleti in preverite njihove gole fotografije xxx vsebine.<\/p>\n<p><\/p>\n<h2>Amaterske vsebine, slike in videoposnetki analnih igric iz Cam Girls<\/h2>\n<p>Amaterske slike in videoposnetki iz zasebne strani deklet Onlyfans. Brez naro\u010dnine. Nova brezpla\u010dna vsebina in videoposnetki Onlyfans. Oglejte si, kako streamerji delajo blowjobs. Povabi dekleta na zmenek v kino, na ve\u010derjo ali samo na vro\u010d pikanten seks v hotelu ali svojem stanovanju. Najbolj seksi filipinke \u010dakajo, da se sre\u010dajo z vami in sprejmejo va\u0161ega kurca v svojo ritko. Popolne golote in seks posnetki Onlyfans.&nbsp;<\/p>\n<p>Najbolj\u0161i spolni terapevti, ki jih lahko najdete na internetu, so na\u0161i uporabniki. Sem dodajajo stroge gole fotografije in videoposnetke, da lahko masturbirate. Dekleta lahko prosite za zasebne vsebine posebej za vas ali pa si z njimi samo pi\u0161ete in se dogovorite za sestanke. Mlada azijska dekleta, \u0161e posebej smo se osredoto\u010dili na Filipinke, samo \u010dakajo, da jih pofuka\u0161. Pridobite njihov najbolj umazan videoposnetek in si oglejte njihovo golo telo.<\/p>\n<p><\/p>\n<h2>Spoznaj dekleta iz Palawana, El Nido, Filipini in jih pofukaj<\/h2>\n<p>Filipinska dekleta El nido z otoka Palawan \u010dakajo, da vas vidijo in se imajo lepo. Povabite jih k sebi domov in jim kupite pija\u010do, pa boste videli, kako \u0161iroko bodo raz\u0161irile noge za vas. Te \u017eenske se po no\u010dni zabavi rade trdo seksajo. Ne \u010dakajte in se registrirajte pri nas na spletnem mestu, ne da bi pri tem navedli podatke o svoji pla\u010dilni kartici ali sistemu PayPal. Vsi materiali so na voljo popolnoma brezpla\u010dno, od vas pa je odvisno, ali boste dekletu poslali napitnino.<\/p>\n<p><\/p>\n<h2>Pornhub Vsebina, Sex Tape Onlyfans z dlakavo pi\u010dko, Spolno eksplicitna vsebina<\/h2>\n<p>Najbolj\u0161o vsebino za odrasle boste na\u0161li na na\u0161em spletnem mestu. Zasebni ra\u010duni Snap znanih porno igralk ter pobegle fotografije in videoposnetki iz onlyfans. To je vse, kar potrebujete za popolno sre\u010do. Ostanite z nami dolgo \u010dasa in obljubljamo vam. Ne boste razo\u010darani in pri nas boste na\u0161li dekle, ki vam bo naredila sanjski blowjob. Dodajte svoje slike in videoposnetke kot priljubljene. Oglejte si divjo stran ali na\u0161o spletno stran in si oglejte na\u0161e porno filme z zvezdami dru\u017eabnih omre\u017eij samo brezpla\u010dno.<\/p>\t\t\t\t\t\t\t\t<\/div>\n\t\t\t\t<\/div>\n\t\t\t\t\t<\/div>\n\t\t\t\t<\/div>\n\t\t\t\t<\/div>","protected":false},"excerpt":{"rendered":"<p>Best Onlyfans Nude Porn Videos, Free Nude Onlyfans Porn Leaks Onlyfans Models, Nude Onlyfans Girls\u00a0 Welcome to Pinay-nudes.com. Here you will find the largest gallery of porn photos and videos with Onlyfans and Fansly models. We have prepared for you private Snapchat accounts for the girls and allowed you to contact each of them. To&hellip; <br \/> <a class=\"read-more\" href=\"https:\/\/pinay-nudes.com\/sl\/users\/analyn-elnido\/\">Read more<\/a><\/p>","protected":false},"author":1,"featured_media":0,"parent":42,"menu_order":0,"comment_status":"closed","ping_status":"closed","template":"page-templates\/homepage.php","meta":{"_monsterinsights_skip_tracking":false,"_monsterinsights_sitenote_active":false,"_monsterinsights_sitenote_note":"","_monsterinsights_sitenote_category":0,"footnotes":""},"class_list":["post-751","page","type-page","status-publish","hentry"],"aioseo_notices":[],"yoast_head":"<!-- This site is optimized with the Yoast SEO plugin v24.4 - https:\/\/yoast.com\/wordpress\/plugins\/seo\/ -->\n<title>Nudes Onlyfans | Onlyfans Nude Porn Videos 2023 - Analyn<\/title>\n<meta name=\"description\" content=\"Onlyfans Nude Porn Videos. Watch, add nude girls From Onlyfans, Fansly, Tiktok and Twitch. Best Colletion of naked photos, videos from teens.\" \/>\n<meta name=\"robots\" content=\"index, follow, max-snippet:-1, max-image-preview:large, max-video-preview:-1\" \/>\n<link rel=\"canonical\" href=\"https:\/\/pinay-nudes.com\/sl\/users\/analyn-elnido\/\" \/>\n<meta property=\"og:locale\" content=\"sl_SI\" \/>\n<meta property=\"og:type\" content=\"article\" \/>\n<meta property=\"og:title\" content=\"Nudes Onlyfans | Onlyfans Nude Porn Videos 2023 - Analyn\" \/>\n<meta property=\"og:description\" content=\"Onlyfans Nude Porn Videos. Watch, add nude girls From Onlyfans, Fansly, Tiktok and Twitch. Best Colletion of naked photos, videos from teens.\" \/>\n<meta property=\"og:url\" content=\"https:\/\/pinay-nudes.com\/sl\/users\/analyn-elnido\/\" \/>\n<meta property=\"og:site_name\" content=\"Nude Filipina Woman From Snapchat And Sex | Beauty Porn Pics\" \/>\n<meta property=\"article:modified_time\" content=\"2025-02-19T01:38:51+00:00\" \/>\n<meta property=\"og:image\" content=\"https:\/\/pinay-nudes.com\/wp-content\/uploads\/2023\/10\/mdajnrmskzf71.webp\" \/>\n\t<meta property=\"og:image:width\" content=\"640\" \/>\n\t<meta property=\"og:image:height\" content=\"723\" \/>\n\t<meta property=\"og:image:type\" content=\"image\/webp\" \/>\n<meta name=\"twitter:card\" content=\"summary_large_image\" \/>\n<meta name=\"twitter:label1\" content=\"Est. reading time\" \/>\n\t<meta name=\"twitter:data1\" content=\"4 minute\" \/>\n<script type=\"application\/ld+json\" class=\"yoast-schema-graph\">{\"@context\":\"https:\/\/schema.org\",\"@graph\":[{\"@type\":\"WebPage\",\"@id\":\"https:\/\/pinay-nudes.com\/users\/analyn-elnido\/\",\"url\":\"https:\/\/pinay-nudes.com\/users\/analyn-elnido\/\",\"name\":\"Nudes Onlyfans | Onlyfans Nude Porn Videos 2023 - Analyn\",\"isPartOf\":{\"@id\":\"https:\/\/pinay-nudes.com\/#website\"},\"primaryImageOfPage\":{\"@id\":\"https:\/\/pinay-nudes.com\/users\/analyn-elnido\/#primaryimage\"},\"image\":{\"@id\":\"https:\/\/pinay-nudes.com\/users\/analyn-elnido\/#primaryimage\"},\"thumbnailUrl\":\"http:\/\/pinay-nudes.com\/wp-content\/uploads\/2023\/10\/mdajnrmskzf71.webp\",\"datePublished\":\"2023-10-02T21:31:46+00:00\",\"dateModified\":\"2025-02-19T01:38:51+00:00\",\"description\":\"Onlyfans Nude Porn Videos. Watch, add nude girls From Onlyfans, Fansly, Tiktok and Twitch. Best Colletion of naked photos, videos from teens.\",\"breadcrumb\":{\"@id\":\"https:\/\/pinay-nudes.com\/users\/analyn-elnido\/#breadcrumb\"},\"inLanguage\":\"sl-SI\",\"potentialAction\":[{\"@type\":\"ReadAction\",\"target\":[\"https:\/\/pinay-nudes.com\/users\/analyn-elnido\/\"]}]},{\"@type\":\"ImageObject\",\"inLanguage\":\"sl-SI\",\"@id\":\"https:\/\/pinay-nudes.com\/users\/analyn-elnido\/#primaryimage\",\"url\":\"http:\/\/pinay-nudes.com\/wp-content\/uploads\/2023\/10\/mdajnrmskzf71.webp\",\"contentUrl\":\"http:\/\/pinay-nudes.com\/wp-content\/uploads\/2023\/10\/mdajnrmskzf71.webp\"},{\"@type\":\"BreadcrumbList\",\"@id\":\"https:\/\/pinay-nudes.com\/users\/analyn-elnido\/#breadcrumb\",\"itemListElement\":[{\"@type\":\"ListItem\",\"position\":1,\"name\":\"Home\",\"item\":\"https:\/\/pinay-nudes.com\/\"},{\"@type\":\"ListItem\",\"position\":2,\"name\":\"Our Users\",\"item\":\"https:\/\/pinay-nudes.com\/users\/\"},{\"@type\":\"ListItem\",\"position\":3,\"name\":\"Analyn El Nido\"}]},{\"@type\":\"WebSite\",\"@id\":\"https:\/\/pinay-nudes.com\/#website\",\"url\":\"https:\/\/pinay-nudes.com\/\",\"name\":\"Nude Filipina Woman From Snapchat And Sex | Beauty Porn Pics\",\"description\":\"Check our Free Porn Gallery with nude beautiful girls. XXX Naked Porn Pics from Hot Naked Girls from Snapchat and Sex Cams. Best Filipina sexy photos\",\"publisher\":{\"@id\":\"https:\/\/pinay-nudes.com\/#organization\"},\"potentialAction\":[{\"@type\":\"SearchAction\",\"target\":{\"@type\":\"EntryPoint\",\"urlTemplate\":\"https:\/\/pinay-nudes.com\/?s={search_term_string}\"},\"query-input\":{\"@type\":\"PropertyValueSpecification\",\"valueRequired\":true,\"valueName\":\"search_term_string\"}}],\"inLanguage\":\"sl-SI\"},{\"@type\":\"Organization\",\"@id\":\"https:\/\/pinay-nudes.com\/#organization\",\"name\":\"Nude Filipina Woman From Snapchat And Sex | Beauty Porn Pics\",\"url\":\"https:\/\/pinay-nudes.com\/\",\"logo\":{\"@type\":\"ImageObject\",\"inLanguage\":\"sl-SI\",\"@id\":\"https:\/\/pinay-nudes.com\/#\/schema\/logo\/image\/\",\"url\":\"https:\/\/pinay-nudes.com\/wp-content\/uploads\/2023\/09\/cropped-cropped-logo2-1.png\",\"contentUrl\":\"https:\/\/pinay-nudes.com\/wp-content\/uploads\/2023\/09\/cropped-cropped-logo2-1.png\",\"width\":512,\"height\":512,\"caption\":\"Nude Filipina Woman From Snapchat And Sex | Beauty Porn Pics \"},\"image\":{\"@id\":\"https:\/\/pinay-nudes.com\/#\/schema\/logo\/image\/\"}}]}<\/script>\n<!-- \/ Yoast SEO plugin. -->","yoast_head_json":{"title":"Nudes Onlyfans | Onlyfans Nude Porn Videos 2023 - Analyn","description":"Onlyfans Nude Porn Videos. Watch, add nude girls From Onlyfans, Fansly, Tiktok and Twitch. Best Colletion of naked photos, videos from teens.","robots":{"index":"index","follow":"follow","max-snippet":"max-snippet:-1","max-image-preview":"max-image-preview:large","max-video-preview":"max-video-preview:-1"},"canonical":"https:\/\/pinay-nudes.com\/sl\/users\/analyn-elnido\/","og_locale":"sl_SI","og_type":"article","og_title":"Nudes Onlyfans | Onlyfans Nude Porn Videos 2023 - Analyn","og_description":"Onlyfans Nude Porn Videos. Watch, add nude girls From Onlyfans, Fansly, Tiktok and Twitch. Best Colletion of naked photos, videos from teens.","og_url":"https:\/\/pinay-nudes.com\/sl\/users\/analyn-elnido\/","og_site_name":"Nude Filipina Woman From Snapchat And Sex | Beauty Porn Pics","article_modified_time":"2025-02-19T01:38:51+00:00","og_image":[{"width":640,"height":723,"url":"https:\/\/pinay-nudes.com\/wp-content\/uploads\/2023\/10\/mdajnrmskzf71.webp","type":"image\/webp"}],"twitter_card":"summary_large_image","twitter_misc":{"Est. reading time":"4 minute"},"schema":{"@context":"https:\/\/schema.org","@graph":[{"@type":"WebPage","@id":"https:\/\/pinay-nudes.com\/users\/analyn-elnido\/","url":"https:\/\/pinay-nudes.com\/users\/analyn-elnido\/","name":"Nudes Onlyfans | Onlyfans Nude Porn Videos 2023 - Analyn","isPartOf":{"@id":"https:\/\/pinay-nudes.com\/#website"},"primaryImageOfPage":{"@id":"https:\/\/pinay-nudes.com\/users\/analyn-elnido\/#primaryimage"},"image":{"@id":"https:\/\/pinay-nudes.com\/users\/analyn-elnido\/#primaryimage"},"thumbnailUrl":"http:\/\/pinay-nudes.com\/wp-content\/uploads\/2023\/10\/mdajnrmskzf71.webp","datePublished":"2023-10-02T21:31:46+00:00","dateModified":"2025-02-19T01:38:51+00:00","description":"Onlyfans Nude Porn Videos. Watch, add nude girls From Onlyfans, Fansly, Tiktok and Twitch. Best Colletion of naked photos, videos from teens.","breadcrumb":{"@id":"https:\/\/pinay-nudes.com\/users\/analyn-elnido\/#breadcrumb"},"inLanguage":"sl-SI","potentialAction":[{"@type":"ReadAction","target":["https:\/\/pinay-nudes.com\/users\/analyn-elnido\/"]}]},{"@type":"ImageObject","inLanguage":"sl-SI","@id":"https:\/\/pinay-nudes.com\/users\/analyn-elnido\/#primaryimage","url":"http:\/\/pinay-nudes.com\/wp-content\/uploads\/2023\/10\/mdajnrmskzf71.webp","contentUrl":"http:\/\/pinay-nudes.com\/wp-content\/uploads\/2023\/10\/mdajnrmskzf71.webp"},{"@type":"BreadcrumbList","@id":"https:\/\/pinay-nudes.com\/users\/analyn-elnido\/#breadcrumb","itemListElement":[{"@type":"ListItem","position":1,"name":"Home","item":"https:\/\/pinay-nudes.com\/"},{"@type":"ListItem","position":2,"name":"Our Users","item":"https:\/\/pinay-nudes.com\/users\/"},{"@type":"ListItem","position":3,"name":"Analyn El Nido"}]},{"@type":"WebSite","@id":"https:\/\/pinay-nudes.com\/#website","url":"https:\/\/pinay-nudes.com\/","name":"Nude Filipina Woman From Snapchat And Sex | Beauty Porn Pics","description":"Check our Free Porn Gallery with nude beautiful girls. XXX Naked Porn Pics from Hot Naked Girls from Snapchat and Sex Cams. Best Filipina sexy photos","publisher":{"@id":"https:\/\/pinay-nudes.com\/#organization"},"potentialAction":[{"@type":"SearchAction","target":{"@type":"EntryPoint","urlTemplate":"https:\/\/pinay-nudes.com\/?s={search_term_string}"},"query-input":{"@type":"PropertyValueSpecification","valueRequired":true,"valueName":"search_term_string"}}],"inLanguage":"sl-SI"},{"@type":"Organization","@id":"https:\/\/pinay-nudes.com\/#organization","name":"Nude Filipina Woman From Snapchat And Sex | Beauty Porn Pics","url":"https:\/\/pinay-nudes.com\/","logo":{"@type":"ImageObject","inLanguage":"sl-SI","@id":"https:\/\/pinay-nudes.com\/#\/schema\/logo\/image\/","url":"https:\/\/pinay-nudes.com\/wp-content\/uploads\/2023\/09\/cropped-cropped-logo2-1.png","contentUrl":"https:\/\/pinay-nudes.com\/wp-content\/uploads\/2023\/09\/cropped-cropped-logo2-1.png","width":512,"height":512,"caption":"Nude Filipina Woman From Snapchat And Sex | Beauty Porn Pics "},"image":{"@id":"https:\/\/pinay-nudes.com\/#\/schema\/logo\/image\/"}}]}},"_links":{"self":[{"href":"https:\/\/pinay-nudes.com\/sl\/wp-json\/wp\/v2\/pages\/751","targetHints":{"allow":["GET"]}}],"collection":[{"href":"https:\/\/pinay-nudes.com\/sl\/wp-json\/wp\/v2\/pages"}],"about":[{"href":"https:\/\/pinay-nudes.com\/sl\/wp-json\/wp\/v2\/types\/page"}],"author":[{"embeddable":true,"href":"https:\/\/pinay-nudes.com\/sl\/wp-json\/wp\/v2\/users\/1"}],"replies":[{"embeddable":true,"href":"https:\/\/pinay-nudes.com\/sl\/wp-json\/wp\/v2\/comments?post=751"}],"version-history":[{"count":29,"href":"https:\/\/pinay-nudes.com\/sl\/wp-json\/wp\/v2\/pages\/751\/revisions"}],"predecessor-version":[{"id":2434,"href":"https:\/\/pinay-nudes.com\/sl\/wp-json\/wp\/v2\/pages\/751\/revisions\/2434"}],"up":[{"embeddable":true,"href":"https:\/\/pinay-nudes.com\/sl\/wp-json\/wp\/v2\/pages\/42"}],"wp:attachment":[{"href":"https:\/\/pinay-nudes.com\/sl\/wp-json\/wp\/v2\/media?parent=751"}],"curies":[{"name":"wp","href":"https:\/\/api.w.org\/{rel}","templated":true}]}}