{"id":280,"date":"2023-09-18T03:55:46","date_gmt":"2023-09-18T02:55:46","guid":{"rendered":"https:\/\/pinay-nudes.com\/?page_id=280"},"modified":"2025-02-19T01:34:48","modified_gmt":"2025-02-19T01:34:48","slug":"princess-cebu","status":"publish","type":"page","link":"https:\/\/pinay-nudes.com\/sl\/users\/princess-cebu\/","title":{"rendered":"Princess Cebu"},"content":{"rendered":"<div data-elementor-type=\"wp-page\" data-elementor-id=\"280\" class=\"elementor elementor-280\">\n\t\t\t\t<div class=\"elementor-element elementor-element-60ccf70 e-flex e-con-boxed e-con e-parent\" data-id=\"60ccf70\" data-element_type=\"container\">\n\t\t\t\t\t<div class=\"e-con-inner\">\n\t\t\t\t<div class=\"elementor-element elementor-element-3d74f64 elementor-widget elementor-widget-text-editor\" data-id=\"3d74f64\" data-element_type=\"widget\" data-widget_type=\"text-editor.default\">\n\t\t\t\t<div class=\"elementor-widget-container\">\n\t\t\t\t\t\t\t\t\t\n<center><h1>Snapchat Nudes, Filipinski Porno Video posnetki, Amaterski Azijci, Gola seksi filipinska vro\u010da dekleta<\/h1><\/center>\t\t\t\t\t\t\t\t<\/div>\n\t\t\t\t<\/div>\n\t\t\t\t\t<\/div>\n\t\t\t\t<\/div>\n\t\t<div class=\"elementor-element elementor-element-fa8c895 e-flex e-con-boxed e-con e-parent\" data-id=\"fa8c895\" data-element_type=\"container\">\n\t\t\t\t\t<div class=\"e-con-inner\">\n\t\t\t\t<div class=\"elementor-element elementor-element-9e50f67 elementor-widget elementor-widget-text-editor\" data-id=\"9e50f67\" data-element_type=\"widget\" data-widget_type=\"text-editor.default\">\n\t\t\t\t<div class=\"elementor-widget-container\">\n\t\t\t\t\t\t\t\t\t<h2>Filipinci goli, Goli Filipinci Brezpla\u010dna vsebina, Pinajec iz Cebuja<\/h2><p>I\u0161\u010dete filipinsko dekle za seks? Ste na pravem mestu. Poi\u0161\u010dite dekleta iz Cebuja in okolice ter se z njimi dogovorite za seks in lizanje va\u0161ega penisa ali pa si samo izmenjajte fotografije z njo na Snapchatu. Najbolj\u0161i kraj za klepet z modeli, ki se sle\u010dejo na spletnih spletnih kamerah. Samo najbolj\u0161e filipinke z obritimi in pora\u0161\u010denimi pi\u010dkami.\u00a0<\/p><p>Vse, kar potrebujete, je, da se registrirate na na\u0161em spletnem mestu in tako pridobite dostop do brezpla\u010dnih vsebin, ki jih ponujamo. Na tiso\u010de Filipink \u010daka, da vas spoznajo. Naredite prvi korak in ne dovolite, da jih pofuka nekdo drug. \u0160kandalozni posnetki filipinskih \u017eensk na Snapchatu v kakovosti 1080p in 4k. Mokre \u017eenske \u010dakajo na kurca, kaj \u0161e \u010daka\u0161?<\/p>\t\t\t\t\t\t\t\t<\/div>\n\t\t\t\t<\/div>\n\t\t\t\t\t<\/div>\n\t\t\t\t<\/div>\n\t\t<div class=\"elementor-element elementor-element-c365378 e-con-full e-flex e-con e-parent\" data-id=\"c365378\" data-element_type=\"container\">\n\t\t<div class=\"elementor-element elementor-element-b9b08b3 e-con-full e-flex e-con e-child\" data-id=\"b9b08b3\" data-element_type=\"container\">\n\t\t\t\t<div class=\"elementor-element elementor-element-e49d593 elementor-widget elementor-widget-image\" data-id=\"e49d593\" data-element_type=\"widget\" data-widget_type=\"image.default\">\n\t\t\t\t<div class=\"elementor-widget-container\">\n\t\t\t\t\t\t\t\t\t\t\t\t\t\t\t<img fetchpriority=\"high\" decoding=\"async\" width=\"736\" height=\"929\" src=\"https:\/\/pinay-nudes.com\/wp-content\/uploads\/2023\/09\/6b01ce2309cd34d328927db61294e5b9-4.jpg\" class=\"attachment-large size-large wp-image-225\" alt=\"\" srcset=\"https:\/\/pinay-nudes.com\/wp-content\/uploads\/2023\/09\/6b01ce2309cd34d328927db61294e5b9-4.jpg 736w, https:\/\/pinay-nudes.com\/wp-content\/uploads\/2023\/09\/6b01ce2309cd34d328927db61294e5b9-4-238x300.jpg 238w\" sizes=\"(max-width: 736px) 100vw, 736px\" \/>\t\t\t\t\t\t\t\t\t\t\t\t\t\t\t<\/div>\n\t\t\t\t<\/div>\n\t\t\t\t<\/div>\n\t\t<div class=\"elementor-element elementor-element-7e4e7a4 e-con-full e-flex e-con e-child\" data-id=\"7e4e7a4\" data-element_type=\"container\">\n\t\t\t\t<div class=\"elementor-element elementor-element-a5ddfc7 elementor-widget elementor-widget-heading\" data-id=\"a5ddfc7\" data-element_type=\"widget\" data-widget_type=\"heading.default\">\n\t\t\t\t<div class=\"elementor-widget-container\">\n\t\t\t\t\t<h2 class=\"elementor-heading-title elementor-size-default\">Princess, Cebu<\/h2>\t\t\t\t<\/div>\n\t\t\t\t<\/div>\n\t\t\t\t<div class=\"elementor-element elementor-element-b22bf6d elementor-widget elementor-widget-text-editor\" data-id=\"b22bf6d\" data-element_type=\"widget\" data-widget_type=\"text-editor.default\">\n\t\t\t\t<div class=\"elementor-widget-container\">\n\t\t\t\t\t\t\t\t\t<p>Ime mi je Princess in \u017eivim v Cebuju. \u017divim mirno \u017eivljenje in pomagam star\u0161em pri vodenju dru\u017einskega podjetja. Za zdaj nisem prepri\u010dana o \u0161tudiju. Rada se sprehajam in poslu\u0161am glasbo. Netflix&amp;Chill<\/p>\t\t\t\t\t\t\t\t<\/div>\n\t\t\t\t<\/div>\n\t\t\t\t<div class=\"elementor-element elementor-element-27faae6 elementor-shape-rounded elementor-grid-0 e-grid-align-center elementor-widget elementor-widget-social-icons\" data-id=\"27faae6\" data-element_type=\"widget\" data-widget_type=\"social-icons.default\">\n\t\t\t\t<div class=\"elementor-widget-container\">\n\t\t\t\t\t\t\t<div class=\"elementor-social-icons-wrapper elementor-grid\">\n\t\t\t\t\t\t\t<span class=\"elementor-grid-item\">\n\t\t\t\t\t<a class=\"elementor-icon elementor-social-icon elementor-social-icon-facebook elementor-repeater-item-966ee37\" href=\"https:\/\/pinay-nudes.com\/sl\/cb\/register\/\" target=\"_blank\">\n\t\t\t\t\t\t<span class=\"elementor-screen-only\">Facebook<\/span>\n\t\t\t\t\t\t<i class=\"fab fa-facebook\"><\/i>\t\t\t\t\t<\/a>\n\t\t\t\t<\/span>\n\t\t\t\t\t\t\t<span class=\"elementor-grid-item\">\n\t\t\t\t\t<a class=\"elementor-icon elementor-social-icon elementor-social-icon-instagram elementor-repeater-item-47b44c9\" href=\"https:\/\/pinay-nudes.com\/sl\/nk\/register\/\" target=\"_blank\">\n\t\t\t\t\t\t<span class=\"elementor-screen-only\">Instagram<\/span>\n\t\t\t\t\t\t<i class=\"fab fa-instagram\"><\/i>\t\t\t\t\t<\/a>\n\t\t\t\t<\/span>\n\t\t\t\t\t\t\t<span class=\"elementor-grid-item\">\n\t\t\t\t\t<a class=\"elementor-icon elementor-social-icon elementor-social-icon-snapchat elementor-repeater-item-a214105\" href=\"https:\/\/pinay-nudes.com\/sl\/cb\/register\/\" target=\"_blank\">\n\t\t\t\t\t\t<span class=\"elementor-screen-only\">Snapchat<\/span>\n\t\t\t\t\t\t<i class=\"fab fa-snapchat\"><\/i>\t\t\t\t\t<\/a>\n\t\t\t\t<\/span>\n\t\t\t\t\t<\/div>\n\t\t\t\t\t\t<\/div>\n\t\t\t\t<\/div>\n\t\t\t\t<div class=\"elementor-element elementor-element-11e8610 elementor-invisible elementor-widget elementor-widget-text-editor\" data-id=\"11e8610\" data-element_type=\"widget\" data-settings=\"{&quot;_animation&quot;:&quot;jello&quot;}\" data-widget_type=\"text-editor.default\">\n\t\t\t\t<div class=\"elementor-widget-container\">\n\t\t\t\t\t\t\t\t\t<p><strong>13,676<\/strong><\/p>\t\t\t\t\t\t\t\t<\/div>\n\t\t\t\t<\/div>\n\t\t\t\t<div class=\"elementor-element elementor-element-9b135d5 elementor-widget elementor-widget-text-editor\" data-id=\"9b135d5\" data-element_type=\"widget\" data-widget_type=\"text-editor.default\">\n\t\t\t\t<div class=\"elementor-widget-container\">\n\t\t\t\t\t\t\t\t\t<p>Sledilci<\/p>\t\t\t\t\t\t\t\t<\/div>\n\t\t\t\t<\/div>\n\t\t\t\t<div class=\"elementor-element elementor-element-c8612a8 elementor-widget elementor-widget-text-editor\" data-id=\"c8612a8\" data-element_type=\"widget\" data-widget_type=\"text-editor.default\">\n\t\t\t\t<div class=\"elementor-widget-container\">\n\t\t\t\t\t\t\t\t\t<p><strong>Sem na spletu!<\/strong><\/p><p>Povpre\u010dni odzivni \u010das 5-30 minut<\/p>\t\t\t\t\t\t\t\t<\/div>\n\t\t\t\t<\/div>\n\t\t\t\t<div class=\"elementor-element elementor-element-089934b elementor-align-center elementor-widget elementor-widget-button\" data-id=\"089934b\" data-element_type=\"widget\" data-widget_type=\"button.default\">\n\t\t\t\t<div class=\"elementor-widget-container\">\n\t\t\t\t\t\t\t\t\t<div class=\"elementor-button-wrapper\">\n\t\t\t\t\t<a class=\"elementor-button elementor-button-link elementor-size-sm\" href=\"https:\/\/pinay-nudes.com\/sl\/nk1\/register\/\">\n\t\t\t\t\t\t<span class=\"elementor-button-content-wrapper\">\n\t\t\t\t\t\t\t\t\t<span class=\"elementor-button-text\">Stik z mano<\/span>\n\t\t\t\t\t<\/span>\n\t\t\t\t\t<\/a>\n\t\t\t\t<\/div>\n\t\t\t\t\t\t\t\t<\/div>\n\t\t\t\t<\/div>\n\t\t\t\t<div class=\"elementor-element elementor-element-856e328 elementor-star-rating--align-center elementor--star-style-star_fontawesome elementor-widget elementor-widget-star-rating\" data-id=\"856e328\" data-element_type=\"widget\" data-widget_type=\"star-rating.default\">\n\t\t\t\t<div class=\"elementor-widget-container\">\n\t\t\t\t\t\n\t\t<div class=\"elementor-star-rating__wrapper\">\n\t\t\t\t\t\t\t<div class=\"elementor-star-rating__title\">Pregled profila:<\/div>\n\t\t\t\t\t\t<div class=\"elementor-star-rating\" title=\"4.8\/5\" itemtype=\"http:\/\/schema.org\/Rating\" itemscope=\"\" itemprop=\"reviewRating\"><i class=\"elementor-star-full\">&#xE934;<\/i><i class=\"elementor-star-full\">&#xE934;<\/i><i class=\"elementor-star-full\">&#xE934;<\/i><i class=\"elementor-star-full\">&#xE934;<\/i><i class=\"elementor-star-8\">&#xE934;<\/i> <span itemprop=\"ratingValue\" class=\"elementor-screen-only\">4.8\/5<\/span><\/div>\t\t<\/div>\n\t\t\t\t\t\t<\/div>\n\t\t\t\t<\/div>\n\t\t\t\t<\/div>\n\t\t\t\t<\/div>\n\t\t<div class=\"elementor-element elementor-element-2ac2869 e-flex e-con-boxed e-con e-parent\" data-id=\"2ac2869\" data-element_type=\"container\">\n\t\t\t\t\t<div class=\"e-con-inner\">\n\t\t\t\t<div class=\"elementor-element elementor-element-3d70d51 elementor-widget elementor-widget-image\" data-id=\"3d70d51\" data-element_type=\"widget\" data-widget_type=\"image.default\">\n\t\t\t\t<div class=\"elementor-widget-container\">\n\t\t\t\t\t\t\t\t\t\t\t\t\t\t\t\t<a href=\"https:\/\/pinay-nudes.com\/sl\/go\/chaturbate\/\">\n\t\t\t\t\t\t\t<img decoding=\"async\" width=\"728\" height=\"90\" src=\"https:\/\/pinay-nudes.com\/wp-content\/uploads\/2023\/09\/CB-728-2.jpg\" class=\"attachment-large size-large wp-image-449\" alt=\"\" srcset=\"https:\/\/pinay-nudes.com\/wp-content\/uploads\/2023\/09\/CB-728-2.jpg 728w, https:\/\/pinay-nudes.com\/wp-content\/uploads\/2023\/09\/CB-728-2-300x37.jpg 300w\" sizes=\"(max-width: 728px) 100vw, 728px\" \/>\t\t\t\t\t\t\t\t<\/a>\n\t\t\t\t\t\t\t\t\t\t\t\t\t\t\t<\/div>\n\t\t\t\t<\/div>\n\t\t\t\t\t<\/div>\n\t\t\t\t<\/div>\n\t\t<div class=\"elementor-element elementor-element-5b9bcd6 e-flex e-con-boxed e-con e-parent\" data-id=\"5b9bcd6\" data-element_type=\"container\">\n\t\t\t\t\t<div class=\"e-con-inner\">\n\t\t\t\t<div class=\"elementor-element elementor-element-cebb7ee elementor-widget elementor-widget-text-editor\" data-id=\"cebb7ee\" data-element_type=\"widget\" data-widget_type=\"text-editor.default\">\n\t\t\t\t<div class=\"elementor-widget-container\">\n\t\t\t\t\t\t\t\t\t<h2>Prijavite se danes in poi\u0161\u010dite golo Filipinko iz Cebuja in drugih delov Filipinov.<\/h2><p>Ste tujec, ki sanja o filipinski \u017eenski? Omogo\u010damo vam dostop do najbolj\u0161ih \u017eensk, ki si \u017eelijo velikega, debelega tujega kurca v svoji tesni pi\u010dki. Pridobite popoln, brezpla\u010den dostop do galerije fotografij in profilov na\u0161ih deklet s snapchata in seks kamere. Imamo TOP gole filipinske porno videoposnetke amaterskih lepih filipinskih \u017eensk. Vro\u010de japonske in filipinske \u017eenske, ki obo\u017eujejo velike kurce, \u010dakajo na vas. Oglejte si jih vse. I\u0161\u010dete filipinsko mamico za seks v rit? Na na\u0161i spletni strani boste izpolnili vse svoje potrebe in na\u0161li najbolj\u0161e XXX videoposnetke in kamere v \u017eivo.\u00a0<\/p><p>Najbolj\u0161i najbolj seksi filipinski amaterski porno videoposnetki, posnetki snapchata, gole slike deklet, ki se sle\u010dejo, na internetu. Poi\u0161\u010dite svoje najljub\u0161e \u017eenske iz Cebuja. Oglejte si te 1080p videoposnetke najbolj vro\u010dih izvajalcev za odrasle. Vse je brezpla\u010dno in ne potrebujete nobenih informacij o kreditni kartici. To ni potrebno! Pridobite brezpla\u010den dostop do azijskih in filipinskih porno videoposnetkov. Vro\u010de Filipinke iz Cebuja vas \u010dakajo s svojimi filipinskimi mamami.<\/p><p>\u00a0<\/p><h2>Nude Sexy Filipina Photos Free Site - Oglejte si te ekskluzivne videoposnetke Spicevids<\/h2><p>Cebu Exclusive Pussy Riot. Klepetajte, igrajte in hodite na zmenke z najbolj\u0161imi cam dekleti in najbolj vro\u010dimi Filipinkami. Nadgradi svoj ra\u010dun zdaj in se registriraj. Preverite na\u0161e najbolj\u0161e TOP XXX studie s filipinskimi vro\u010dimi \u017eenskami. Nova gola dekleta \u010dakajo na vas, da jih pofukate v njihove mokre pi\u010dke. Gola pina\u0161ka dekleta iz Cebuja \u010dakajo na zmenek ali seks z vami. Oglejte si jih vse babe in ne \u010dakajte.<\/p>\t\t\t\t\t\t\t\t<\/div>\n\t\t\t\t<\/div>\n\t\t\t\t\t<\/div>\n\t\t\t\t<\/div>\n\t\t\t\t<\/div>","protected":false},"excerpt":{"rendered":"<p>Snapchat Nudes, Filipina Porn Videos, Amateur Asian, Nude Sexy Filipina Hot Girls Filipina Nude, Naked Filipina Free Content, Pinay from Cebu Looking for a filipina girl to fuck? You are in the right place. Find girls from Cebu and surrounding areas and arrange with them to fuck and lick your dick, or just exchange photos&hellip; <br \/> <a class=\"read-more\" href=\"https:\/\/pinay-nudes.com\/sl\/users\/princess-cebu\/\">Read more<\/a><\/p>","protected":false},"author":1,"featured_media":0,"parent":42,"menu_order":0,"comment_status":"closed","ping_status":"closed","template":"page-templates\/homepage.php","meta":{"_monsterinsights_skip_tracking":false,"_monsterinsights_sitenote_active":false,"_monsterinsights_sitenote_note":"","_monsterinsights_sitenote_category":0,"footnotes":""},"class_list":["post-280","page","type-page","status-publish","hentry"],"aioseo_notices":[],"yoast_head":"<!-- This site is optimized with the Yoast SEO plugin v24.4 - https:\/\/yoast.com\/wordpress\/plugins\/seo\/ -->\n<title>Princess Cebu - Nude Filipina Woman From Snapchat And Sex | Beauty Porn Pics<\/title>\n<meta name=\"robots\" content=\"index, follow, max-snippet:-1, max-image-preview:large, max-video-preview:-1\" \/>\n<link rel=\"canonical\" href=\"https:\/\/pinay-nudes.com\/sl\/users\/princess-cebu\/\" \/>\n<meta property=\"og:locale\" content=\"sl_SI\" \/>\n<meta property=\"og:type\" content=\"article\" \/>\n<meta property=\"og:title\" content=\"Princess Cebu - Nude Filipina Woman From Snapchat And Sex | Beauty Porn Pics\" \/>\n<meta property=\"og:description\" content=\"Snapchat Nudes, Filipina Porn Videos, Amateur Asian, Nude Sexy Filipina Hot Girls Filipina Nude, Naked Filipina Free Content, Pinay from Cebu Looking for a filipina girl to fuck? You are in the right place. Find girls from Cebu and surrounding areas and arrange with them to fuck and lick your dick, or just exchange photos&hellip; Read more\" \/>\n<meta property=\"og:url\" content=\"https:\/\/pinay-nudes.com\/sl\/users\/princess-cebu\/\" \/>\n<meta property=\"og:site_name\" content=\"Nude Filipina Woman From Snapchat And Sex | Beauty Porn Pics\" \/>\n<meta property=\"article:modified_time\" content=\"2025-02-19T01:34:48+00:00\" \/>\n<meta property=\"og:image\" content=\"https:\/\/pinay-nudes.com\/wp-content\/uploads\/2023\/09\/6b01ce2309cd34d328927db61294e5b9-4.jpg\" \/>\n\t<meta property=\"og:image:width\" content=\"736\" \/>\n\t<meta property=\"og:image:height\" content=\"929\" \/>\n\t<meta property=\"og:image:type\" content=\"image\/jpeg\" \/>\n<meta name=\"twitter:card\" content=\"summary_large_image\" \/>\n<meta name=\"twitter:label1\" content=\"Est. reading time\" \/>\n\t<meta name=\"twitter:data1\" content=\"3 minute\" \/>\n<script type=\"application\/ld+json\" class=\"yoast-schema-graph\">{\"@context\":\"https:\/\/schema.org\",\"@graph\":[{\"@type\":\"WebPage\",\"@id\":\"https:\/\/pinay-nudes.com\/users\/princess-cebu\/\",\"url\":\"https:\/\/pinay-nudes.com\/users\/princess-cebu\/\",\"name\":\"Princess Cebu - Nude Filipina Woman From Snapchat And Sex | Beauty Porn Pics\",\"isPartOf\":{\"@id\":\"https:\/\/pinay-nudes.com\/#website\"},\"primaryImageOfPage\":{\"@id\":\"https:\/\/pinay-nudes.com\/users\/princess-cebu\/#primaryimage\"},\"image\":{\"@id\":\"https:\/\/pinay-nudes.com\/users\/princess-cebu\/#primaryimage\"},\"thumbnailUrl\":\"http:\/\/pinay-nudes.com\/wp-content\/uploads\/2023\/09\/6b01ce2309cd34d328927db61294e5b9-4.jpg\",\"datePublished\":\"2023-09-18T02:55:46+00:00\",\"dateModified\":\"2025-02-19T01:34:48+00:00\",\"breadcrumb\":{\"@id\":\"https:\/\/pinay-nudes.com\/users\/princess-cebu\/#breadcrumb\"},\"inLanguage\":\"sl-SI\",\"potentialAction\":[{\"@type\":\"ReadAction\",\"target\":[\"https:\/\/pinay-nudes.com\/users\/princess-cebu\/\"]}]},{\"@type\":\"ImageObject\",\"inLanguage\":\"sl-SI\",\"@id\":\"https:\/\/pinay-nudes.com\/users\/princess-cebu\/#primaryimage\",\"url\":\"http:\/\/pinay-nudes.com\/wp-content\/uploads\/2023\/09\/6b01ce2309cd34d328927db61294e5b9-4.jpg\",\"contentUrl\":\"http:\/\/pinay-nudes.com\/wp-content\/uploads\/2023\/09\/6b01ce2309cd34d328927db61294e5b9-4.jpg\"},{\"@type\":\"BreadcrumbList\",\"@id\":\"https:\/\/pinay-nudes.com\/users\/princess-cebu\/#breadcrumb\",\"itemListElement\":[{\"@type\":\"ListItem\",\"position\":1,\"name\":\"Home\",\"item\":\"https:\/\/pinay-nudes.com\/\"},{\"@type\":\"ListItem\",\"position\":2,\"name\":\"Our Users\",\"item\":\"https:\/\/pinay-nudes.com\/users\/\"},{\"@type\":\"ListItem\",\"position\":3,\"name\":\"Princess Cebu\"}]},{\"@type\":\"WebSite\",\"@id\":\"https:\/\/pinay-nudes.com\/#website\",\"url\":\"https:\/\/pinay-nudes.com\/\",\"name\":\"Nude Filipina Woman From Snapchat And Sex | Beauty Porn Pics\",\"description\":\"Check our Free Porn Gallery with nude beautiful girls. XXX Naked Porn Pics from Hot Naked Girls from Snapchat and Sex Cams. Best Filipina sexy photos\",\"publisher\":{\"@id\":\"https:\/\/pinay-nudes.com\/#organization\"},\"potentialAction\":[{\"@type\":\"SearchAction\",\"target\":{\"@type\":\"EntryPoint\",\"urlTemplate\":\"https:\/\/pinay-nudes.com\/?s={search_term_string}\"},\"query-input\":{\"@type\":\"PropertyValueSpecification\",\"valueRequired\":true,\"valueName\":\"search_term_string\"}}],\"inLanguage\":\"sl-SI\"},{\"@type\":\"Organization\",\"@id\":\"https:\/\/pinay-nudes.com\/#organization\",\"name\":\"Nude Filipina Woman From Snapchat And Sex | Beauty Porn Pics\",\"url\":\"https:\/\/pinay-nudes.com\/\",\"logo\":{\"@type\":\"ImageObject\",\"inLanguage\":\"sl-SI\",\"@id\":\"https:\/\/pinay-nudes.com\/#\/schema\/logo\/image\/\",\"url\":\"https:\/\/pinay-nudes.com\/wp-content\/uploads\/2023\/09\/cropped-cropped-logo2-1.png\",\"contentUrl\":\"https:\/\/pinay-nudes.com\/wp-content\/uploads\/2023\/09\/cropped-cropped-logo2-1.png\",\"width\":512,\"height\":512,\"caption\":\"Nude Filipina Woman From Snapchat And Sex | Beauty Porn Pics \"},\"image\":{\"@id\":\"https:\/\/pinay-nudes.com\/#\/schema\/logo\/image\/\"}}]}<\/script>\n<!-- \/ Yoast SEO plugin. -->","yoast_head_json":{"title":"Princess Cebu - Nude Filipina Woman From Snapchat And Sex | Beauty Porn Pics","robots":{"index":"index","follow":"follow","max-snippet":"max-snippet:-1","max-image-preview":"max-image-preview:large","max-video-preview":"max-video-preview:-1"},"canonical":"https:\/\/pinay-nudes.com\/sl\/users\/princess-cebu\/","og_locale":"sl_SI","og_type":"article","og_title":"Princess Cebu - Nude Filipina Woman From Snapchat And Sex | Beauty Porn Pics","og_description":"Snapchat Nudes, Filipina Porn Videos, Amateur Asian, Nude Sexy Filipina Hot Girls Filipina Nude, Naked Filipina Free Content, Pinay from Cebu Looking for a filipina girl to fuck? You are in the right place. Find girls from Cebu and surrounding areas and arrange with them to fuck and lick your dick, or just exchange photos&hellip; Read more","og_url":"https:\/\/pinay-nudes.com\/sl\/users\/princess-cebu\/","og_site_name":"Nude Filipina Woman From Snapchat And Sex | Beauty Porn Pics","article_modified_time":"2025-02-19T01:34:48+00:00","og_image":[{"width":736,"height":929,"url":"https:\/\/pinay-nudes.com\/wp-content\/uploads\/2023\/09\/6b01ce2309cd34d328927db61294e5b9-4.jpg","type":"image\/jpeg"}],"twitter_card":"summary_large_image","twitter_misc":{"Est. reading time":"3 minute"},"schema":{"@context":"https:\/\/schema.org","@graph":[{"@type":"WebPage","@id":"https:\/\/pinay-nudes.com\/users\/princess-cebu\/","url":"https:\/\/pinay-nudes.com\/users\/princess-cebu\/","name":"Princess Cebu - Nude Filipina Woman From Snapchat And Sex | Beauty Porn Pics","isPartOf":{"@id":"https:\/\/pinay-nudes.com\/#website"},"primaryImageOfPage":{"@id":"https:\/\/pinay-nudes.com\/users\/princess-cebu\/#primaryimage"},"image":{"@id":"https:\/\/pinay-nudes.com\/users\/princess-cebu\/#primaryimage"},"thumbnailUrl":"http:\/\/pinay-nudes.com\/wp-content\/uploads\/2023\/09\/6b01ce2309cd34d328927db61294e5b9-4.jpg","datePublished":"2023-09-18T02:55:46+00:00","dateModified":"2025-02-19T01:34:48+00:00","breadcrumb":{"@id":"https:\/\/pinay-nudes.com\/users\/princess-cebu\/#breadcrumb"},"inLanguage":"sl-SI","potentialAction":[{"@type":"ReadAction","target":["https:\/\/pinay-nudes.com\/users\/princess-cebu\/"]}]},{"@type":"ImageObject","inLanguage":"sl-SI","@id":"https:\/\/pinay-nudes.com\/users\/princess-cebu\/#primaryimage","url":"http:\/\/pinay-nudes.com\/wp-content\/uploads\/2023\/09\/6b01ce2309cd34d328927db61294e5b9-4.jpg","contentUrl":"http:\/\/pinay-nudes.com\/wp-content\/uploads\/2023\/09\/6b01ce2309cd34d328927db61294e5b9-4.jpg"},{"@type":"BreadcrumbList","@id":"https:\/\/pinay-nudes.com\/users\/princess-cebu\/#breadcrumb","itemListElement":[{"@type":"ListItem","position":1,"name":"Home","item":"https:\/\/pinay-nudes.com\/"},{"@type":"ListItem","position":2,"name":"Our Users","item":"https:\/\/pinay-nudes.com\/users\/"},{"@type":"ListItem","position":3,"name":"Princess Cebu"}]},{"@type":"WebSite","@id":"https:\/\/pinay-nudes.com\/#website","url":"https:\/\/pinay-nudes.com\/","name":"Nude Filipina Woman From Snapchat And Sex | Beauty Porn Pics","description":"Check our Free Porn Gallery with nude beautiful girls. XXX Naked Porn Pics from Hot Naked Girls from Snapchat and Sex Cams. Best Filipina sexy photos","publisher":{"@id":"https:\/\/pinay-nudes.com\/#organization"},"potentialAction":[{"@type":"SearchAction","target":{"@type":"EntryPoint","urlTemplate":"https:\/\/pinay-nudes.com\/?s={search_term_string}"},"query-input":{"@type":"PropertyValueSpecification","valueRequired":true,"valueName":"search_term_string"}}],"inLanguage":"sl-SI"},{"@type":"Organization","@id":"https:\/\/pinay-nudes.com\/#organization","name":"Nude Filipina Woman From Snapchat And Sex | Beauty Porn Pics","url":"https:\/\/pinay-nudes.com\/","logo":{"@type":"ImageObject","inLanguage":"sl-SI","@id":"https:\/\/pinay-nudes.com\/#\/schema\/logo\/image\/","url":"https:\/\/pinay-nudes.com\/wp-content\/uploads\/2023\/09\/cropped-cropped-logo2-1.png","contentUrl":"https:\/\/pinay-nudes.com\/wp-content\/uploads\/2023\/09\/cropped-cropped-logo2-1.png","width":512,"height":512,"caption":"Nude Filipina Woman From Snapchat And Sex | Beauty Porn Pics "},"image":{"@id":"https:\/\/pinay-nudes.com\/#\/schema\/logo\/image\/"}}]}},"_links":{"self":[{"href":"https:\/\/pinay-nudes.com\/sl\/wp-json\/wp\/v2\/pages\/280","targetHints":{"allow":["GET"]}}],"collection":[{"href":"https:\/\/pinay-nudes.com\/sl\/wp-json\/wp\/v2\/pages"}],"about":[{"href":"https:\/\/pinay-nudes.com\/sl\/wp-json\/wp\/v2\/types\/page"}],"author":[{"embeddable":true,"href":"https:\/\/pinay-nudes.com\/sl\/wp-json\/wp\/v2\/users\/1"}],"replies":[{"embeddable":true,"href":"https:\/\/pinay-nudes.com\/sl\/wp-json\/wp\/v2\/comments?post=280"}],"version-history":[{"count":40,"href":"https:\/\/pinay-nudes.com\/sl\/wp-json\/wp\/v2\/pages\/280\/revisions"}],"predecessor-version":[{"id":2410,"href":"https:\/\/pinay-nudes.com\/sl\/wp-json\/wp\/v2\/pages\/280\/revisions\/2410"}],"up":[{"embeddable":true,"href":"https:\/\/pinay-nudes.com\/sl\/wp-json\/wp\/v2\/pages\/42"}],"wp:attachment":[{"href":"https:\/\/pinay-nudes.com\/sl\/wp-json\/wp\/v2\/media?parent=280"}],"curies":[{"name":"wp","href":"https:\/\/api.w.org\/{rel}","templated":true}]}}