{"id":2376,"date":"2025-02-04T02:11:19","date_gmt":"2025-02-04T02:11:19","guid":{"rendered":"https:\/\/pinay-nudes.com\/?page_id=2376"},"modified":"2025-02-18T07:51:15","modified_gmt":"2025-02-18T07:51:15","slug":"dmca","status":"publish","type":"page","link":"https:\/\/pinay-nudes.com\/sl\/dmca\/","title":{"rendered":"DMCA"},"content":{"rendered":"<div data-elementor-type=\"wp-page\" data-elementor-id=\"2376\" class=\"elementor elementor-2376\">\n\t\t\t\t<div class=\"elementor-element elementor-element-b65a115 e-flex e-con-boxed e-con e-parent\" data-id=\"b65a115\" data-element_type=\"container\">\n\t\t\t\t\t<div class=\"e-con-inner\">\n\t\t\t\t<div class=\"elementor-element elementor-element-5880888 elementor-widget elementor-widget-text-editor\" data-id=\"5880888\" data-element_type=\"widget\" data-widget_type=\"text-editor.default\">\n\t\t\t\t<div class=\"elementor-widget-container\">\n\t\t\t\t\t\t\t\t\t<h1><center><p><\/p>\n<p>The DMCA Policy of Pinay-Nudes.com<\/p><\/center><\/h1>\n<p><br>\nOd svojih uporabnikov pri\u010dakujemo, da spo\u0161tujejo pravice intelektualne lastnine drugih oseb. V skladu z Zakonom o avtorskih pravicah digitalnega tiso\u010dletja (\u201eDMCA\u201c) bomo hitro obravnavali vse obto\u017ebe o kr\u0161itvah avtorskih pravic, na katere bomo opozorjeni. \u010ce menite, da je nekdo kopiral ali uporabil va\u0161e avtorsko delo na na\u010din, ki kr\u0161i avtorske pravice, na\u0161emu imenovanemu zastopniku za avtorske pravice sporo\u010dite naslednje podatke:<\/p>\n<p>fizi\u010dni ali digitalni podpis lastnika avtorskih pravic ali poobla\u0161\u010denega zastopnika. identifikacijo domnevno kr\u0161enega avtorskega dela, identifikacijo vsebine, ki kr\u0161i avtorske pravice, in podatke, ki so vsaj zadostni, da nam omogo\u010dijo iskanje vsebine na na\u0161em spletnem mestu, Va\u0161e ime, naslov, telefonska \u0161tevilka in e-po\u0161tni naslov so med kontaktnimi podatki, izjavo, ki izra\u017ea va\u0161e iskreno prepri\u010danje, da je uporaba vsebine prepovedana s strani zakona, lastnika avtorskih pravic ali njegovega zastopnika, izjavo, da ste lastnik avtorskih pravic ali ste poobla\u0161\u010deni za delovanje v njegovem imenu in da so informacije v obvestilu resni\u010dne, pod kaznijo krive prisege. Obvestilo DMCA po\u0161ljite na naslov:<\/p>\n<p><br>Email: [info@pinay-nudes.com]<\/p>\n<p><br><\/p>\n<p>\u010ce menite, da je bila vsebina, ki je bila onemogo\u010dena ali odstranjena, odstranjena po pomoti ali \u010de menite, da lahko vsebino \u0161e vedno uporabljate, lahko vlo\u017eite nasprotno obvestilo z naslednjimi podatki: Va\u0161 digitalni ali materialni podpis. Navedena sta odstranjena vsebina in njena lokacija pred odstranitvijo. Pod kaznijo krive prisege izjavite, da v dobri veri menite, da je bila vsebina odstranjena zaradi napake ali napa\u010dne identifikacije. Med kontaktnimi podatki so va\u0161e ime, naslov, telefonska \u0161tevilka in e-po\u0161tni naslov. Izjava, s katero se strinjate, da sprejmete vro\u010ditev postopka od stranke, ki je vlo\u017eila prvo prito\u017ebo DMCA, in sogla\u0161ate s pristojnostjo zveznega sodi\u0161\u010da v va\u0161em okro\u017eju (ali okro\u017eju, v katerem se nahaja na\u0161e podjetje). Nasprotna obvestila je treba nasloviti na na\u0161ega zastopnika za avtorske pravice z uporabo zgoraj navedenih kontaktnih podatkov. Uporabnikom, ki ve\u010dkrat kr\u0161ijo avtorske pravice, lahko ukinemo ra\u010dune. \u010ce imate kakr\u0161na koli vpra\u0161anja o na\u0161ih pravilih, se obrnite na nas.<\/p>\t\t\t\t\t\t\t\t<\/div>\n\t\t\t\t<\/div>\n\t\t\t\t\t<\/div>\n\t\t\t\t<\/div>\n\t\t\t\t<\/div>","protected":false},"excerpt":{"rendered":"<p>The DMCA Policy of Pinay-Nudes.com We expect our users to respect other people&#8217;s intellectual property rights. We shall quickly address any allegations of copyright infringement that are brought to our attention in compliance with the Digital Millennium Copyright Act (&#8220;DMCA&#8221;). Please give the following details to our designated Copyright Agent if you think that someone&hellip; <br \/> <a class=\"read-more\" href=\"https:\/\/pinay-nudes.com\/sl\/dmca\/\">Read more<\/a><\/p>","protected":false},"author":1,"featured_media":0,"parent":0,"menu_order":0,"comment_status":"closed","ping_status":"closed","template":"page-templates\/homepage.php","meta":{"_monsterinsights_skip_tracking":false,"_monsterinsights_sitenote_active":false,"_monsterinsights_sitenote_note":"","_monsterinsights_sitenote_category":0,"footnotes":""},"class_list":["post-2376","page","type-page","status-publish","hentry"],"aioseo_notices":[],"yoast_head":"<!-- This site is optimized with the Yoast SEO plugin v24.4 - https:\/\/yoast.com\/wordpress\/plugins\/seo\/ -->\n<title>DMCA - Nude Filipina Woman From Snapchat And Sex | Beauty Porn Pics<\/title>\n<meta name=\"robots\" content=\"index, follow, max-snippet:-1, max-image-preview:large, max-video-preview:-1\" \/>\n<link rel=\"canonical\" href=\"https:\/\/pinay-nudes.com\/sl\/dmca\/\" \/>\n<meta property=\"og:locale\" content=\"sl_SI\" \/>\n<meta property=\"og:type\" content=\"article\" \/>\n<meta property=\"og:title\" content=\"DMCA - Nude Filipina Woman From Snapchat And Sex | Beauty Porn Pics\" \/>\n<meta property=\"og:description\" content=\"The DMCA Policy of Pinay-Nudes.com We expect our users to respect other people&#8217;s intellectual property rights. We shall quickly address any allegations of copyright infringement that are brought to our attention in compliance with the Digital Millennium Copyright Act (&#8220;DMCA&#8221;). Please give the following details to our designated Copyright Agent if you think that someone&hellip; Read more\" \/>\n<meta property=\"og:url\" content=\"https:\/\/pinay-nudes.com\/sl\/dmca\/\" \/>\n<meta property=\"og:site_name\" content=\"Nude Filipina Woman From Snapchat And Sex | Beauty Porn Pics\" \/>\n<meta property=\"article:modified_time\" content=\"2025-02-18T07:51:15+00:00\" \/>\n<meta name=\"twitter:card\" content=\"summary_large_image\" \/>\n<meta name=\"twitter:label1\" content=\"Est. reading time\" \/>\n\t<meta name=\"twitter:data1\" content=\"2 minuti\" \/>\n<script type=\"application\/ld+json\" class=\"yoast-schema-graph\">{\"@context\":\"https:\/\/schema.org\",\"@graph\":[{\"@type\":\"WebPage\",\"@id\":\"https:\/\/pinay-nudes.com\/dmca\/\",\"url\":\"https:\/\/pinay-nudes.com\/dmca\/\",\"name\":\"DMCA - Nude Filipina Woman From Snapchat And Sex | Beauty Porn Pics\",\"isPartOf\":{\"@id\":\"https:\/\/pinay-nudes.com\/#website\"},\"datePublished\":\"2025-02-04T02:11:19+00:00\",\"dateModified\":\"2025-02-18T07:51:15+00:00\",\"breadcrumb\":{\"@id\":\"https:\/\/pinay-nudes.com\/dmca\/#breadcrumb\"},\"inLanguage\":\"sl-SI\",\"potentialAction\":[{\"@type\":\"ReadAction\",\"target\":[\"https:\/\/pinay-nudes.com\/dmca\/\"]}]},{\"@type\":\"BreadcrumbList\",\"@id\":\"https:\/\/pinay-nudes.com\/dmca\/#breadcrumb\",\"itemListElement\":[{\"@type\":\"ListItem\",\"position\":1,\"name\":\"Home\",\"item\":\"https:\/\/pinay-nudes.com\/\"},{\"@type\":\"ListItem\",\"position\":2,\"name\":\"DMCA\"}]},{\"@type\":\"WebSite\",\"@id\":\"https:\/\/pinay-nudes.com\/#website\",\"url\":\"https:\/\/pinay-nudes.com\/\",\"name\":\"Nude Filipina Woman From Snapchat And Sex | Beauty Porn Pics\",\"description\":\"Check our Free Porn Gallery with nude beautiful girls. XXX Naked Porn Pics from Hot Naked Girls from Snapchat and Sex Cams. Best Filipina sexy photos\",\"publisher\":{\"@id\":\"https:\/\/pinay-nudes.com\/#organization\"},\"potentialAction\":[{\"@type\":\"SearchAction\",\"target\":{\"@type\":\"EntryPoint\",\"urlTemplate\":\"https:\/\/pinay-nudes.com\/?s={search_term_string}\"},\"query-input\":{\"@type\":\"PropertyValueSpecification\",\"valueRequired\":true,\"valueName\":\"search_term_string\"}}],\"inLanguage\":\"sl-SI\"},{\"@type\":\"Organization\",\"@id\":\"https:\/\/pinay-nudes.com\/#organization\",\"name\":\"Nude Filipina Woman From Snapchat And Sex | Beauty Porn Pics\",\"url\":\"https:\/\/pinay-nudes.com\/\",\"logo\":{\"@type\":\"ImageObject\",\"inLanguage\":\"sl-SI\",\"@id\":\"https:\/\/pinay-nudes.com\/#\/schema\/logo\/image\/\",\"url\":\"https:\/\/pinay-nudes.com\/wp-content\/uploads\/2023\/09\/cropped-cropped-logo2-1.png\",\"contentUrl\":\"https:\/\/pinay-nudes.com\/wp-content\/uploads\/2023\/09\/cropped-cropped-logo2-1.png\",\"width\":512,\"height\":512,\"caption\":\"Nude Filipina Woman From Snapchat And Sex | Beauty Porn Pics \"},\"image\":{\"@id\":\"https:\/\/pinay-nudes.com\/#\/schema\/logo\/image\/\"}}]}<\/script>\n<!-- \/ Yoast SEO plugin. -->","yoast_head_json":{"title":"DMCA - Nude Filipina Woman From Snapchat And Sex | Beauty Porn Pics","robots":{"index":"index","follow":"follow","max-snippet":"max-snippet:-1","max-image-preview":"max-image-preview:large","max-video-preview":"max-video-preview:-1"},"canonical":"https:\/\/pinay-nudes.com\/sl\/dmca\/","og_locale":"sl_SI","og_type":"article","og_title":"DMCA - Nude Filipina Woman From Snapchat And Sex | Beauty Porn Pics","og_description":"The DMCA Policy of Pinay-Nudes.com We expect our users to respect other people&#8217;s intellectual property rights. We shall quickly address any allegations of copyright infringement that are brought to our attention in compliance with the Digital Millennium Copyright Act (&#8220;DMCA&#8221;). Please give the following details to our designated Copyright Agent if you think that someone&hellip; Read more","og_url":"https:\/\/pinay-nudes.com\/sl\/dmca\/","og_site_name":"Nude Filipina Woman From Snapchat And Sex | Beauty Porn Pics","article_modified_time":"2025-02-18T07:51:15+00:00","twitter_card":"summary_large_image","twitter_misc":{"Est. reading time":"2 minuti"},"schema":{"@context":"https:\/\/schema.org","@graph":[{"@type":"WebPage","@id":"https:\/\/pinay-nudes.com\/dmca\/","url":"https:\/\/pinay-nudes.com\/dmca\/","name":"DMCA - Nude Filipina Woman From Snapchat And Sex | Beauty Porn Pics","isPartOf":{"@id":"https:\/\/pinay-nudes.com\/#website"},"datePublished":"2025-02-04T02:11:19+00:00","dateModified":"2025-02-18T07:51:15+00:00","breadcrumb":{"@id":"https:\/\/pinay-nudes.com\/dmca\/#breadcrumb"},"inLanguage":"sl-SI","potentialAction":[{"@type":"ReadAction","target":["https:\/\/pinay-nudes.com\/dmca\/"]}]},{"@type":"BreadcrumbList","@id":"https:\/\/pinay-nudes.com\/dmca\/#breadcrumb","itemListElement":[{"@type":"ListItem","position":1,"name":"Home","item":"https:\/\/pinay-nudes.com\/"},{"@type":"ListItem","position":2,"name":"DMCA"}]},{"@type":"WebSite","@id":"https:\/\/pinay-nudes.com\/#website","url":"https:\/\/pinay-nudes.com\/","name":"Nude Filipina Woman From Snapchat And Sex | Beauty Porn Pics","description":"Check our Free Porn Gallery with nude beautiful girls. XXX Naked Porn Pics from Hot Naked Girls from Snapchat and Sex Cams. Best Filipina sexy photos","publisher":{"@id":"https:\/\/pinay-nudes.com\/#organization"},"potentialAction":[{"@type":"SearchAction","target":{"@type":"EntryPoint","urlTemplate":"https:\/\/pinay-nudes.com\/?s={search_term_string}"},"query-input":{"@type":"PropertyValueSpecification","valueRequired":true,"valueName":"search_term_string"}}],"inLanguage":"sl-SI"},{"@type":"Organization","@id":"https:\/\/pinay-nudes.com\/#organization","name":"Nude Filipina Woman From Snapchat And Sex | Beauty Porn Pics","url":"https:\/\/pinay-nudes.com\/","logo":{"@type":"ImageObject","inLanguage":"sl-SI","@id":"https:\/\/pinay-nudes.com\/#\/schema\/logo\/image\/","url":"https:\/\/pinay-nudes.com\/wp-content\/uploads\/2023\/09\/cropped-cropped-logo2-1.png","contentUrl":"https:\/\/pinay-nudes.com\/wp-content\/uploads\/2023\/09\/cropped-cropped-logo2-1.png","width":512,"height":512,"caption":"Nude Filipina Woman From Snapchat And Sex | Beauty Porn Pics "},"image":{"@id":"https:\/\/pinay-nudes.com\/#\/schema\/logo\/image\/"}}]}},"_links":{"self":[{"href":"https:\/\/pinay-nudes.com\/sl\/wp-json\/wp\/v2\/pages\/2376","targetHints":{"allow":["GET"]}}],"collection":[{"href":"https:\/\/pinay-nudes.com\/sl\/wp-json\/wp\/v2\/pages"}],"about":[{"href":"https:\/\/pinay-nudes.com\/sl\/wp-json\/wp\/v2\/types\/page"}],"author":[{"embeddable":true,"href":"https:\/\/pinay-nudes.com\/sl\/wp-json\/wp\/v2\/users\/1"}],"replies":[{"embeddable":true,"href":"https:\/\/pinay-nudes.com\/sl\/wp-json\/wp\/v2\/comments?post=2376"}],"version-history":[{"count":16,"href":"https:\/\/pinay-nudes.com\/sl\/wp-json\/wp\/v2\/pages\/2376\/revisions"}],"predecessor-version":[{"id":2398,"href":"https:\/\/pinay-nudes.com\/sl\/wp-json\/wp\/v2\/pages\/2376\/revisions\/2398"}],"wp:attachment":[{"href":"https:\/\/pinay-nudes.com\/sl\/wp-json\/wp\/v2\/media?parent=2376"}],"curies":[{"name":"wp","href":"https:\/\/api.w.org\/{rel}","templated":true}]}}