{"id":751,"date":"2023-10-02T22:31:46","date_gmt":"2023-10-02T21:31:46","guid":{"rendered":"https:\/\/pinay-nudes.com\/?page_id=751"},"modified":"2025-02-19T01:38:51","modified_gmt":"2025-02-19T01:38:51","slug":"analyn-elnido","status":"publish","type":"page","link":"https:\/\/pinay-nudes.com\/ro\/users\/analyn-elnido\/","title":{"rendered":"Analyn El Nido"},"content":{"rendered":"<div data-elementor-type=\"wp-page\" data-elementor-id=\"751\" class=\"elementor elementor-751\">\n\t\t\t\t<div class=\"elementor-element elementor-element-7e1f974 e-flex e-con-boxed e-con e-parent\" data-id=\"7e1f974\" data-element_type=\"container\">\n\t\t\t\t\t<div class=\"e-con-inner\">\n\t\t\t\t<div class=\"elementor-element elementor-element-125cc8c elementor-widget elementor-widget-text-editor\" data-id=\"125cc8c\" data-element_type=\"widget\" data-widget_type=\"text-editor.default\">\n\t\t\t\t<div class=\"elementor-widget-container\">\n\t\t\t\t\t\t\t\t\t<center><h1>Cele mai bune videoclipuri porno nud Onlyfans, scurgeri porno nud Onlyfans gratis<\/h1><\/center>\t\t\t\t\t\t\t\t<\/div>\n\t\t\t\t<\/div>\n\t\t\t\t\t<\/div>\n\t\t\t\t<\/div>\n\t\t<div class=\"elementor-element elementor-element-7b89027 e-flex e-con-boxed e-con e-parent\" data-id=\"7b89027\" data-element_type=\"container\">\n\t\t\t\t\t<div class=\"e-con-inner\">\n\t\t\t\t<div class=\"elementor-element elementor-element-7568a4c elementor-widget elementor-widget-text-editor\" data-id=\"7568a4c\" data-element_type=\"widget\" data-widget_type=\"text-editor.default\">\n\t\t\t\t<div class=\"elementor-widget-container\">\n\t\t\t\t\t\t\t\t\t<h2>Modele Onlyfans, Fete nud Onlyfans\u00a0<\/h2><p>Bine a\u021bi venit pe Pinay-nudes.com. Aici ve\u021bi g\u0103si cea mai mare galerie de fotografii \u0219i videoclipuri porno cu modele Onlyfans \u0219i Fansly. Am preg\u0103tit pentru tine conturi private de Snapchat pentru fete \u0219i \u021bi-am permis s\u0103 le contactezi pe fiecare dintre ele. Pentru a accesa \u00eentreaga galerie de videoclipuri \u0219i fotografii XXX, va trebui s\u0103 v\u0103 \u00eenregistra\u021bi. Este complet gratuit \u0219i tot ce trebuie s\u0103 face\u021bi este s\u0103 v\u0103 furniza\u021bi porecla \u0219i adresa de e-mail. Nu sunt necesare informa\u021bii despre cardul de credit.<\/p><p>R\u0103sfoi\u021bi profilurile modelelor care fac streaming pe Twitch, Kick \u0219i alte platforme populare, cum ar fi Tinder, Bumble. Contul snap al fiec\u0103rei fete este complet autentic, astfel \u00eenc\u00e2t pute\u021bi trimite mesaje cu fiecare femeie complet gratuit \u0219i pute\u021bi trimite nuduri c\u0103tre ea. Dup\u0103 \u00eenregistrare, ave\u021bi, de asemenea, posibilitatea de a v\u0103 \u00eenc\u0103rca fotografiile \u0219i videoclipurile pentru a m\u0103ri galeria noastr\u0103.<\/p>\t\t\t\t\t\t\t\t<\/div>\n\t\t\t\t<\/div>\n\t\t\t\t\t<\/div>\n\t\t\t\t<\/div>\n\t\t<div class=\"elementor-element elementor-element-3da574c e-con-full e-flex e-con e-parent\" data-id=\"3da574c\" data-element_type=\"container\">\n\t\t<div class=\"elementor-element elementor-element-a53a440 e-con-full e-flex e-con e-child\" data-id=\"a53a440\" data-element_type=\"container\">\n\t\t\t\t<div class=\"elementor-element elementor-element-3d6b382 elementor-widget elementor-widget-image\" data-id=\"3d6b382\" data-element_type=\"widget\" data-widget_type=\"image.default\">\n\t\t\t\t<div class=\"elementor-widget-container\">\n\t\t\t\t\t\t\t\t\t\t\t\t\t\t\t<img fetchpriority=\"high\" decoding=\"async\" width=\"640\" height=\"723\" src=\"https:\/\/pinay-nudes.com\/wp-content\/uploads\/2023\/10\/mdajnrmskzf71.webp\" class=\"attachment-large size-large wp-image-760\" alt=\"\" srcset=\"https:\/\/pinay-nudes.com\/wp-content\/uploads\/2023\/10\/mdajnrmskzf71.webp 640w, https:\/\/pinay-nudes.com\/wp-content\/uploads\/2023\/10\/mdajnrmskzf71-266x300.webp 266w\" sizes=\"(max-width: 640px) 100vw, 640px\" \/>\t\t\t\t\t\t\t\t\t\t\t\t\t\t\t<\/div>\n\t\t\t\t<\/div>\n\t\t\t\t<\/div>\n\t\t<div class=\"elementor-element elementor-element-ced765f e-con-full e-flex e-con e-child\" data-id=\"ced765f\" data-element_type=\"container\">\n\t\t\t\t<div class=\"elementor-element elementor-element-9dc9a9f elementor-widget elementor-widget-heading\" data-id=\"9dc9a9f\" data-element_type=\"widget\" data-widget_type=\"heading.default\">\n\t\t\t\t<div class=\"elementor-widget-container\">\n\t\t\t\t\t<h2 class=\"elementor-heading-title elementor-size-default\">Analyn, El Nido<\/h2>\t\t\t\t<\/div>\n\t\t\t\t<\/div>\n\t\t\t\t<div class=\"elementor-element elementor-element-b01de05 elementor-widget elementor-widget-text-editor\" data-id=\"b01de05\" data-element_type=\"widget\" data-widget_type=\"text-editor.default\">\n\t\t\t\t<div class=\"elementor-widget-container\">\n\t\t\t\t\t\t\t\t\t<p>Bun\u0103, sunt din Filipine, din El Nido, am trei surori mai mici care studiaz\u0103 \u0219i pe care le ajut financiar la \u0219coal\u0103. Iubesc c\u00e2inii \u0219i \u00eenotul \u00een mare. Caut un b\u0103iat pentru o rela\u021bie pe termen scurt sau lung<\/p>\t\t\t\t\t\t\t\t<\/div>\n\t\t\t\t<\/div>\n\t\t\t\t<div class=\"elementor-element elementor-element-39f7c13 elementor-shape-rounded elementor-grid-0 e-grid-align-center elementor-widget elementor-widget-social-icons\" data-id=\"39f7c13\" data-element_type=\"widget\" data-widget_type=\"social-icons.default\">\n\t\t\t\t<div class=\"elementor-widget-container\">\n\t\t\t\t\t\t\t<div class=\"elementor-social-icons-wrapper elementor-grid\">\n\t\t\t\t\t\t\t<span class=\"elementor-grid-item\">\n\t\t\t\t\t<a class=\"elementor-icon elementor-social-icon elementor-social-icon-facebook elementor-repeater-item-966ee37\" href=\"https:\/\/pinay-nudes.com\/ro\/cb\/register\/\" target=\"_blank\">\n\t\t\t\t\t\t<span class=\"elementor-screen-only\">Facebook<\/span>\n\t\t\t\t\t\t<i class=\"fab fa-facebook\"><\/i>\t\t\t\t\t<\/a>\n\t\t\t\t<\/span>\n\t\t\t\t\t\t\t<span class=\"elementor-grid-item\">\n\t\t\t\t\t<a class=\"elementor-icon elementor-social-icon elementor-social-icon-instagram elementor-repeater-item-47b44c9\" href=\"https:\/\/pinay-nudes.com\/ro\/nk\/register\/\" target=\"_blank\">\n\t\t\t\t\t\t<span class=\"elementor-screen-only\">Instagram<\/span>\n\t\t\t\t\t\t<i class=\"fab fa-instagram\"><\/i>\t\t\t\t\t<\/a>\n\t\t\t\t<\/span>\n\t\t\t\t\t\t\t<span class=\"elementor-grid-item\">\n\t\t\t\t\t<a class=\"elementor-icon elementor-social-icon elementor-social-icon-snapchat elementor-repeater-item-a214105\" href=\"https:\/\/pinay-nudes.com\/ro\/cb\/register\/\" target=\"_blank\">\n\t\t\t\t\t\t<span class=\"elementor-screen-only\">Snapchat<\/span>\n\t\t\t\t\t\t<i class=\"fab fa-snapchat\"><\/i>\t\t\t\t\t<\/a>\n\t\t\t\t<\/span>\n\t\t\t\t\t<\/div>\n\t\t\t\t\t\t<\/div>\n\t\t\t\t<\/div>\n\t\t\t\t<div class=\"elementor-element elementor-element-53229be elementor-invisible elementor-widget elementor-widget-text-editor\" data-id=\"53229be\" data-element_type=\"widget\" data-settings=\"{&quot;_animation&quot;:&quot;jello&quot;}\" data-widget_type=\"text-editor.default\">\n\t\t\t\t<div class=\"elementor-widget-container\">\n\t\t\t\t\t\t\t\t\t<p><strong>16,127<\/strong><\/p>\t\t\t\t\t\t\t\t<\/div>\n\t\t\t\t<\/div>\n\t\t\t\t<div class=\"elementor-element elementor-element-00884b4 elementor-widget elementor-widget-text-editor\" data-id=\"00884b4\" data-element_type=\"widget\" data-widget_type=\"text-editor.default\">\n\t\t\t\t<div class=\"elementor-widget-container\">\n\t\t\t\t\t\t\t\t\t<p>Urm\u0103ritori<\/p>\t\t\t\t\t\t\t\t<\/div>\n\t\t\t\t<\/div>\n\t\t\t\t<div class=\"elementor-element elementor-element-aa0dad9 elementor-widget elementor-widget-text-editor\" data-id=\"aa0dad9\" data-element_type=\"widget\" data-widget_type=\"text-editor.default\">\n\t\t\t\t<div class=\"elementor-widget-container\">\n\t\t\t\t\t\t\t\t\t<p><strong>Sunt online!<\/strong><\/p><p>Timp mediu de r\u0103spuns 5-15 minute<\/p>\t\t\t\t\t\t\t\t<\/div>\n\t\t\t\t<\/div>\n\t\t\t\t<div class=\"elementor-element elementor-element-7cccf79 elementor-align-center elementor-widget elementor-widget-button\" data-id=\"7cccf79\" data-element_type=\"widget\" data-widget_type=\"button.default\">\n\t\t\t\t<div class=\"elementor-widget-container\">\n\t\t\t\t\t\t\t\t\t<div class=\"elementor-button-wrapper\">\n\t\t\t\t\t<a class=\"elementor-button elementor-button-link elementor-size-sm\" href=\"https:\/\/pinay-nudes.com\/ro\/nk1\/register\/\">\n\t\t\t\t\t\t<span class=\"elementor-button-content-wrapper\">\n\t\t\t\t\t\t\t\t\t<span class=\"elementor-button-text\">Contact cu mine<\/span>\n\t\t\t\t\t<\/span>\n\t\t\t\t\t<\/a>\n\t\t\t\t<\/div>\n\t\t\t\t\t\t\t\t<\/div>\n\t\t\t\t<\/div>\n\t\t\t\t<div class=\"elementor-element elementor-element-73edd4d elementor-star-rating--align-center elementor--star-style-star_fontawesome elementor-widget elementor-widget-star-rating\" data-id=\"73edd4d\" data-element_type=\"widget\" data-widget_type=\"star-rating.default\">\n\t\t\t\t<div class=\"elementor-widget-container\">\n\t\t\t\t\t\n\t\t<div class=\"elementor-star-rating__wrapper\">\n\t\t\t\t\t\t\t<div class=\"elementor-star-rating__title\">Revizuirea profilului:<\/div>\n\t\t\t\t\t\t<div class=\"elementor-star-rating\" title=\"4.3\/5\" itemtype=\"http:\/\/schema.org\/Rating\" itemscope=\"\" itemprop=\"reviewRating\"><i class=\"elementor-star-full\">&#xE934;<\/i><i class=\"elementor-star-full\">&#xE934;<\/i><i class=\"elementor-star-full\">&#xE934;<\/i><i class=\"elementor-star-full\">&#xE934;<\/i><i class=\"elementor-star-3\">&#xE934;<\/i> <span itemprop=\"ratingValue\" class=\"elementor-screen-only\">4.3\/5<\/span><\/div>\t\t<\/div>\n\t\t\t\t\t\t<\/div>\n\t\t\t\t<\/div>\n\t\t\t\t<\/div>\n\t\t\t\t<\/div>\n\t\t<div class=\"elementor-element elementor-element-1326873 e-flex e-con-boxed e-con e-parent\" data-id=\"1326873\" data-element_type=\"container\">\n\t\t\t\t\t<div class=\"e-con-inner\">\n\t\t\t\t<div class=\"elementor-element elementor-element-4fd507f elementor-widget elementor-widget-image\" data-id=\"4fd507f\" data-element_type=\"widget\" data-widget_type=\"image.default\">\n\t\t\t\t<div class=\"elementor-widget-container\">\n\t\t\t\t\t\t\t\t\t\t\t\t\t\t\t\t<a href=\"https:\/\/pinay-nudes.com\/ro\/go\/chaturbate\/\">\n\t\t\t\t\t\t\t<img decoding=\"async\" width=\"728\" height=\"90\" src=\"https:\/\/pinay-nudes.com\/wp-content\/uploads\/2023\/09\/CB-728-2.jpg\" class=\"attachment-large size-large wp-image-449\" alt=\"\" srcset=\"https:\/\/pinay-nudes.com\/wp-content\/uploads\/2023\/09\/CB-728-2.jpg 728w, https:\/\/pinay-nudes.com\/wp-content\/uploads\/2023\/09\/CB-728-2-300x37.jpg 300w\" sizes=\"(max-width: 728px) 100vw, 728px\" \/>\t\t\t\t\t\t\t\t<\/a>\n\t\t\t\t\t\t\t\t\t\t\t\t\t\t\t<\/div>\n\t\t\t\t<\/div>\n\t\t\t\t\t<\/div>\n\t\t\t\t<\/div>\n\t\t<div class=\"elementor-element elementor-element-fde5c42 e-flex e-con-boxed e-con e-parent\" data-id=\"fde5c42\" data-element_type=\"container\">\n\t\t\t\t\t<div class=\"e-con-inner\">\n\t\t\t\t<div class=\"elementor-element elementor-element-0b42ab3 elementor-widget elementor-widget-text-editor\" data-id=\"0b42ab3\" data-element_type=\"widget\" data-widget_type=\"text-editor.default\">\n\t\t\t\t<div class=\"elementor-widget-container\">\n\t\t\t\t\t\t\t\t\t<h2>Onlyfans Videoclipuri nud, Pornstars nud Conturile Onlyfans din 2024<\/h2>\n<p>\u00cen galeria noastr\u0103, ne concentr\u0103m \u00een principal pe femeile asiatice care se prezint\u0103 pe camere de sex sau \u00ee\u0219i conduc singure fanii. Aici ve\u021bi g\u0103si at\u00e2t vedete porno, c\u00e2t \u0219i amatori care \u00ee\u0219i arat\u0103 p\u0103s\u0103rica pe snap-uri, sau pur \u0219i simplu fete sexy de pe Tinder sau Bumble. Vezi cum fetele din Tiktok fac Blowjob sau sex anal. Site-ul nostru are cele mai bune t\u00e2rfe asiatice cu \u021b\u00e2\u021be mari. Tot ce v\u0103 place, avem fete adolescente \u0219i casete de sex milf. Cele mai bune scurgeri gratuite Onlyfans cu squirt. Creampie Premium Content, \u0219i con\u021binut exclusiv de la Internet Chicks pe care \u00eel primi\u021bi aici gratuit.<\/p>\n<p><\/p>\n<h2>Fete de top de la Sex Cams \u0219i aplica\u021bii de dating, Curve asiatice sexy dezbr\u0103cate<\/h2>\n<p>Fete necenzurate care se masturbeaz\u0103 de pe Tinder \u0219i alte aplica\u021bii de dating. Ob\u021bine\u021bi acces complet la o colec\u021bie de fete Cosplay sau fete care se dezbrac\u0103 pe camere de sex online. Milf-uri care ador\u0103 s\u0103 \u00ee\u0219i foloseasc\u0103 dildo-ul pentru c\u0103 sunt \u00eensetate de scula ta. Cele mai sexy t\u00e2rfe asiatice, galerii foto private de la camerele lor instantanee sau camere web online. Influen\u021batori celebri goi \u0219i porno amatori de la creatorii Onlyfans. Porno gratuit al creatorilor de con\u021binut de pe Snapchat, \u0219i aplica\u021bii de dating. Con\u021binut erotic de cosplayer doar pentru gratuit. Ob\u021bine\u021bi acces, discuta\u021bi cu Gamer Girls \u0219i verifica\u021bi fotografiile lor nud xxx content.<\/p>\n<p><\/p>\n<h2>Con\u021binut amator, imagini \u0219i videoclipuri anal de la fete de la Cam Girls<\/h2>\n<p>Imagini \u0219i clipuri de amatori de pe pagina privat\u0103 Onlyfans a fetelor. F\u0103r\u0103 tax\u0103 de abonament. Noul con\u021binut gratuit \u0219i videoclipuri Onlyfans. Vezi cum streameri care fac sex oral. Invit\u0103 fetele la o \u00eent\u00e2lnire la cinema, la cin\u0103 sau doar pentru sex picant \u0219i fierbinte la hotel sau \u00een apartamentul t\u0103u. Cele mai sexy filipineze a\u0219teapt\u0103 s\u0103 te \u00eent\u00e2lneasc\u0103 \u0219i s\u0103-\u021bi accepte scula \u00een fund. Nuduri complete \u0219i casete sexuale Onlyfans.&nbsp;<\/p>\n<p>Cei mai buni terapeu\u021bi sexuali pe care \u00eei pute\u021bi g\u0103si pe internet sunt utilizatorii no\u0219tri. Ace\u0219tia adaug\u0103 aici fotografii \u0219i videoclipuri cu nuduri dure pentru ca tu s\u0103 te masturbezi. Po\u021bi s\u0103 le ceri fetelor con\u021binut privat special pentru tine, sau pur \u0219i simplu s\u0103 le scrii \u0219i s\u0103 faci program\u0103ri. Tinerele fete asiatice, \u0219i \u00een special ne-am concentrat pe filipineze, a\u0219teapt\u0103 doar s\u0103 \u021bi-o tragi cu ele. Ob\u021bine cele mai murdare vid sextape ale lor \u0219i prive\u0219te-le corpul gol.<\/p>\n<p><\/p>\n<h2>\u00cent\u00e2lne\u0219te fete din Palawan, El Nido, Filipine \u0219i fute cu ele<\/h2>\n<p>Fetele filipineze din El nido de pe insula Palawan a\u0219teapt\u0103 s\u0103 te vad\u0103 \u0219i s\u0103 se simt\u0103 bine. Invit\u0103-le la tine acas\u0103 \u0219i ofer\u0103-le o b\u0103utur\u0103 \u0219i vei vedea c\u00e2t de larg \u00ee\u0219i vor deschide picioarele pentru tine. Aceste femei ador\u0103 s\u0103 se fut\u0103 tare dup\u0103 o noapte de distrac\u021bie. Nu mai a\u0219tepta \u0219i \u00eenregistreaz\u0103-te pe site f\u0103r\u0103 s\u0103 ne dai datele cardului de plat\u0103 sau ale PayPal. Toate materialele sunt disponibile complet gratuit \u0219i depinde de tine dac\u0103 vrei s\u0103 trimi\u021bi un bac\u0219i\u0219 fetei.<\/p>\n<p><\/p>\n<h2>Con\u021binut Pornhub, Sex Tape Onlyfans cu p\u0103s\u0103rica p\u0103roas\u0103, con\u021binut explicit sexual<\/h2>\n<p>Ve\u021bi g\u0103si cel mai bun con\u021binut pentru adul\u021bi chiar pe site-ul nostru. Conturi private Snap ale actri\u021belor porno celebre \u0219i fotografii \u0219i videoclipuri leakate de la onlyfans. Este tot ce ai nevoie pentru a fi pe deplin fericit. R\u0103m\u00e2ne\u021bi cu noi pentru o perioad\u0103 lung\u0103 de timp \u0219i v\u0103 promitem. Nu vei fi dezam\u0103git \u0219i vei g\u0103si aici o fat\u0103 care \u00ee\u021bi va face o muie de vis. Adaug\u0103-\u021bi pozele \u0219i videoclipurile ca fav. Verific\u0103 partea s\u0103lbatic\u0103 sau site-ul nostru \u0219i urm\u0103re\u0219te filmele noastre porno de la vedetele din social media doar gratuit.<\/p>\t\t\t\t\t\t\t\t<\/div>\n\t\t\t\t<\/div>\n\t\t\t\t\t<\/div>\n\t\t\t\t<\/div>\n\t\t\t\t<\/div>","protected":false},"excerpt":{"rendered":"<p>Best Onlyfans Nude Porn Videos, Free Nude Onlyfans Porn Leaks Onlyfans Models, Nude Onlyfans Girls\u00a0 Welcome to Pinay-nudes.com. Here you will find the largest gallery of porn photos and videos with Onlyfans and Fansly models. We have prepared for you private Snapchat accounts for the girls and allowed you to contact each of them. To&hellip; <br \/> <a class=\"read-more\" href=\"https:\/\/pinay-nudes.com\/ro\/users\/analyn-elnido\/\">Cite\u0219te mai mult<\/a><\/p>","protected":false},"author":1,"featured_media":0,"parent":42,"menu_order":0,"comment_status":"closed","ping_status":"closed","template":"page-templates\/homepage.php","meta":{"_monsterinsights_skip_tracking":false,"_monsterinsights_sitenote_active":false,"_monsterinsights_sitenote_note":"","_monsterinsights_sitenote_category":0,"footnotes":""},"class_list":["post-751","page","type-page","status-publish","hentry"],"aioseo_notices":[],"yoast_head":"<!-- This site is optimized with the Yoast SEO plugin v24.4 - https:\/\/yoast.com\/wordpress\/plugins\/seo\/ -->\n<title>Nudes Onlyfans | Onlyfans Nude Porn Videos 2023 - Analyn<\/title>\n<meta name=\"description\" content=\"Onlyfans Nude Porn Videos. Watch, add nude girls From Onlyfans, Fansly, Tiktok and Twitch. Best Colletion of naked photos, videos from teens.\" \/>\n<meta name=\"robots\" content=\"index, follow, max-snippet:-1, max-image-preview:large, max-video-preview:-1\" \/>\n<link rel=\"canonical\" href=\"https:\/\/pinay-nudes.com\/ro\/users\/analyn-elnido\/\" \/>\n<meta property=\"og:locale\" content=\"ro_RO\" \/>\n<meta property=\"og:type\" content=\"article\" \/>\n<meta property=\"og:title\" content=\"Nudes Onlyfans | Onlyfans Nude Porn Videos 2023 - Analyn\" \/>\n<meta property=\"og:description\" content=\"Onlyfans Nude Porn Videos. Watch, add nude girls From Onlyfans, Fansly, Tiktok and Twitch. Best Colletion of naked photos, videos from teens.\" \/>\n<meta property=\"og:url\" content=\"https:\/\/pinay-nudes.com\/ro\/users\/analyn-elnido\/\" \/>\n<meta property=\"og:site_name\" content=\"Nude Filipina Woman From Snapchat And Sex | Beauty Porn Pics\" \/>\n<meta property=\"article:modified_time\" content=\"2025-02-19T01:38:51+00:00\" \/>\n<meta property=\"og:image\" content=\"https:\/\/pinay-nudes.com\/wp-content\/uploads\/2023\/10\/mdajnrmskzf71.webp\" \/>\n\t<meta property=\"og:image:width\" content=\"640\" \/>\n\t<meta property=\"og:image:height\" content=\"723\" \/>\n\t<meta property=\"og:image:type\" content=\"image\/webp\" \/>\n<meta name=\"twitter:card\" content=\"summary_large_image\" \/>\n<meta name=\"twitter:label1\" content=\"Timp estimat pentru citire\" \/>\n\t<meta name=\"twitter:data1\" content=\"4 minute\" \/>\n<script type=\"application\/ld+json\" class=\"yoast-schema-graph\">{\"@context\":\"https:\/\/schema.org\",\"@graph\":[{\"@type\":\"WebPage\",\"@id\":\"https:\/\/pinay-nudes.com\/users\/analyn-elnido\/\",\"url\":\"https:\/\/pinay-nudes.com\/users\/analyn-elnido\/\",\"name\":\"Nudes Onlyfans | Onlyfans Nude Porn Videos 2023 - Analyn\",\"isPartOf\":{\"@id\":\"https:\/\/pinay-nudes.com\/#website\"},\"primaryImageOfPage\":{\"@id\":\"https:\/\/pinay-nudes.com\/users\/analyn-elnido\/#primaryimage\"},\"image\":{\"@id\":\"https:\/\/pinay-nudes.com\/users\/analyn-elnido\/#primaryimage\"},\"thumbnailUrl\":\"http:\/\/pinay-nudes.com\/wp-content\/uploads\/2023\/10\/mdajnrmskzf71.webp\",\"datePublished\":\"2023-10-02T21:31:46+00:00\",\"dateModified\":\"2025-02-19T01:38:51+00:00\",\"description\":\"Onlyfans Nude Porn Videos. Watch, add nude girls From Onlyfans, Fansly, Tiktok and Twitch. Best Colletion of naked photos, videos from teens.\",\"breadcrumb\":{\"@id\":\"https:\/\/pinay-nudes.com\/users\/analyn-elnido\/#breadcrumb\"},\"inLanguage\":\"ro-RO\",\"potentialAction\":[{\"@type\":\"ReadAction\",\"target\":[\"https:\/\/pinay-nudes.com\/users\/analyn-elnido\/\"]}]},{\"@type\":\"ImageObject\",\"inLanguage\":\"ro-RO\",\"@id\":\"https:\/\/pinay-nudes.com\/users\/analyn-elnido\/#primaryimage\",\"url\":\"http:\/\/pinay-nudes.com\/wp-content\/uploads\/2023\/10\/mdajnrmskzf71.webp\",\"contentUrl\":\"http:\/\/pinay-nudes.com\/wp-content\/uploads\/2023\/10\/mdajnrmskzf71.webp\"},{\"@type\":\"BreadcrumbList\",\"@id\":\"https:\/\/pinay-nudes.com\/users\/analyn-elnido\/#breadcrumb\",\"itemListElement\":[{\"@type\":\"ListItem\",\"position\":1,\"name\":\"Home\",\"item\":\"https:\/\/pinay-nudes.com\/\"},{\"@type\":\"ListItem\",\"position\":2,\"name\":\"Our Users\",\"item\":\"https:\/\/pinay-nudes.com\/users\/\"},{\"@type\":\"ListItem\",\"position\":3,\"name\":\"Analyn El Nido\"}]},{\"@type\":\"WebSite\",\"@id\":\"https:\/\/pinay-nudes.com\/#website\",\"url\":\"https:\/\/pinay-nudes.com\/\",\"name\":\"Nude Filipina Woman From Snapchat And Sex | Beauty Porn Pics\",\"description\":\"Check our Free Porn Gallery with nude beautiful girls. XXX Naked Porn Pics from Hot Naked Girls from Snapchat and Sex Cams. Best Filipina sexy photos\",\"publisher\":{\"@id\":\"https:\/\/pinay-nudes.com\/#organization\"},\"potentialAction\":[{\"@type\":\"SearchAction\",\"target\":{\"@type\":\"EntryPoint\",\"urlTemplate\":\"https:\/\/pinay-nudes.com\/?s={search_term_string}\"},\"query-input\":{\"@type\":\"PropertyValueSpecification\",\"valueRequired\":true,\"valueName\":\"search_term_string\"}}],\"inLanguage\":\"ro-RO\"},{\"@type\":\"Organization\",\"@id\":\"https:\/\/pinay-nudes.com\/#organization\",\"name\":\"Nude Filipina Woman From Snapchat And Sex | Beauty Porn Pics\",\"url\":\"https:\/\/pinay-nudes.com\/\",\"logo\":{\"@type\":\"ImageObject\",\"inLanguage\":\"ro-RO\",\"@id\":\"https:\/\/pinay-nudes.com\/#\/schema\/logo\/image\/\",\"url\":\"https:\/\/pinay-nudes.com\/wp-content\/uploads\/2023\/09\/cropped-cropped-logo2-1.png\",\"contentUrl\":\"https:\/\/pinay-nudes.com\/wp-content\/uploads\/2023\/09\/cropped-cropped-logo2-1.png\",\"width\":512,\"height\":512,\"caption\":\"Nude Filipina Woman From Snapchat And Sex | Beauty Porn Pics \"},\"image\":{\"@id\":\"https:\/\/pinay-nudes.com\/#\/schema\/logo\/image\/\"}}]}<\/script>\n<!-- \/ Yoast SEO plugin. -->","yoast_head_json":{"title":"Nudes Onlyfans | Onlyfans Nude Porn Videos 2023 - Analyn","description":"Onlyfans Nude Porn Videos. Watch, add nude girls From Onlyfans, Fansly, Tiktok and Twitch. Best Colletion of naked photos, videos from teens.","robots":{"index":"index","follow":"follow","max-snippet":"max-snippet:-1","max-image-preview":"max-image-preview:large","max-video-preview":"max-video-preview:-1"},"canonical":"https:\/\/pinay-nudes.com\/ro\/users\/analyn-elnido\/","og_locale":"ro_RO","og_type":"article","og_title":"Nudes Onlyfans | Onlyfans Nude Porn Videos 2023 - Analyn","og_description":"Onlyfans Nude Porn Videos. Watch, add nude girls From Onlyfans, Fansly, Tiktok and Twitch. Best Colletion of naked photos, videos from teens.","og_url":"https:\/\/pinay-nudes.com\/ro\/users\/analyn-elnido\/","og_site_name":"Nude Filipina Woman From Snapchat And Sex | Beauty Porn Pics","article_modified_time":"2025-02-19T01:38:51+00:00","og_image":[{"width":640,"height":723,"url":"https:\/\/pinay-nudes.com\/wp-content\/uploads\/2023\/10\/mdajnrmskzf71.webp","type":"image\/webp"}],"twitter_card":"summary_large_image","twitter_misc":{"Timp estimat pentru citire":"4 minute"},"schema":{"@context":"https:\/\/schema.org","@graph":[{"@type":"WebPage","@id":"https:\/\/pinay-nudes.com\/users\/analyn-elnido\/","url":"https:\/\/pinay-nudes.com\/users\/analyn-elnido\/","name":"Nudes Onlyfans | Onlyfans Nude Porn Videos 2023 - Analyn","isPartOf":{"@id":"https:\/\/pinay-nudes.com\/#website"},"primaryImageOfPage":{"@id":"https:\/\/pinay-nudes.com\/users\/analyn-elnido\/#primaryimage"},"image":{"@id":"https:\/\/pinay-nudes.com\/users\/analyn-elnido\/#primaryimage"},"thumbnailUrl":"http:\/\/pinay-nudes.com\/wp-content\/uploads\/2023\/10\/mdajnrmskzf71.webp","datePublished":"2023-10-02T21:31:46+00:00","dateModified":"2025-02-19T01:38:51+00:00","description":"Onlyfans Nude Porn Videos. Watch, add nude girls From Onlyfans, Fansly, Tiktok and Twitch. Best Colletion of naked photos, videos from teens.","breadcrumb":{"@id":"https:\/\/pinay-nudes.com\/users\/analyn-elnido\/#breadcrumb"},"inLanguage":"ro-RO","potentialAction":[{"@type":"ReadAction","target":["https:\/\/pinay-nudes.com\/users\/analyn-elnido\/"]}]},{"@type":"ImageObject","inLanguage":"ro-RO","@id":"https:\/\/pinay-nudes.com\/users\/analyn-elnido\/#primaryimage","url":"http:\/\/pinay-nudes.com\/wp-content\/uploads\/2023\/10\/mdajnrmskzf71.webp","contentUrl":"http:\/\/pinay-nudes.com\/wp-content\/uploads\/2023\/10\/mdajnrmskzf71.webp"},{"@type":"BreadcrumbList","@id":"https:\/\/pinay-nudes.com\/users\/analyn-elnido\/#breadcrumb","itemListElement":[{"@type":"ListItem","position":1,"name":"Home","item":"https:\/\/pinay-nudes.com\/"},{"@type":"ListItem","position":2,"name":"Our Users","item":"https:\/\/pinay-nudes.com\/users\/"},{"@type":"ListItem","position":3,"name":"Analyn El Nido"}]},{"@type":"WebSite","@id":"https:\/\/pinay-nudes.com\/#website","url":"https:\/\/pinay-nudes.com\/","name":"Nude Filipina Woman From Snapchat And Sex | Beauty Porn Pics","description":"Check our Free Porn Gallery with nude beautiful girls. XXX Naked Porn Pics from Hot Naked Girls from Snapchat and Sex Cams. Best Filipina sexy photos","publisher":{"@id":"https:\/\/pinay-nudes.com\/#organization"},"potentialAction":[{"@type":"SearchAction","target":{"@type":"EntryPoint","urlTemplate":"https:\/\/pinay-nudes.com\/?s={search_term_string}"},"query-input":{"@type":"PropertyValueSpecification","valueRequired":true,"valueName":"search_term_string"}}],"inLanguage":"ro-RO"},{"@type":"Organization","@id":"https:\/\/pinay-nudes.com\/#organization","name":"Nude Filipina Woman From Snapchat And Sex | Beauty Porn Pics","url":"https:\/\/pinay-nudes.com\/","logo":{"@type":"ImageObject","inLanguage":"ro-RO","@id":"https:\/\/pinay-nudes.com\/#\/schema\/logo\/image\/","url":"https:\/\/pinay-nudes.com\/wp-content\/uploads\/2023\/09\/cropped-cropped-logo2-1.png","contentUrl":"https:\/\/pinay-nudes.com\/wp-content\/uploads\/2023\/09\/cropped-cropped-logo2-1.png","width":512,"height":512,"caption":"Nude Filipina Woman From Snapchat And Sex | Beauty Porn Pics "},"image":{"@id":"https:\/\/pinay-nudes.com\/#\/schema\/logo\/image\/"}}]}},"_links":{"self":[{"href":"https:\/\/pinay-nudes.com\/ro\/wp-json\/wp\/v2\/pages\/751","targetHints":{"allow":["GET"]}}],"collection":[{"href":"https:\/\/pinay-nudes.com\/ro\/wp-json\/wp\/v2\/pages"}],"about":[{"href":"https:\/\/pinay-nudes.com\/ro\/wp-json\/wp\/v2\/types\/page"}],"author":[{"embeddable":true,"href":"https:\/\/pinay-nudes.com\/ro\/wp-json\/wp\/v2\/users\/1"}],"replies":[{"embeddable":true,"href":"https:\/\/pinay-nudes.com\/ro\/wp-json\/wp\/v2\/comments?post=751"}],"version-history":[{"count":29,"href":"https:\/\/pinay-nudes.com\/ro\/wp-json\/wp\/v2\/pages\/751\/revisions"}],"predecessor-version":[{"id":2434,"href":"https:\/\/pinay-nudes.com\/ro\/wp-json\/wp\/v2\/pages\/751\/revisions\/2434"}],"up":[{"embeddable":true,"href":"https:\/\/pinay-nudes.com\/ro\/wp-json\/wp\/v2\/pages\/42"}],"wp:attachment":[{"href":"https:\/\/pinay-nudes.com\/ro\/wp-json\/wp\/v2\/media?parent=751"}],"curies":[{"name":"wp","href":"https:\/\/api.w.org\/{rel}","templated":true}]}}