{"id":280,"date":"2023-09-18T03:55:46","date_gmt":"2023-09-18T02:55:46","guid":{"rendered":"https:\/\/pinay-nudes.com\/?page_id=280"},"modified":"2025-02-19T01:34:48","modified_gmt":"2025-02-19T01:34:48","slug":"princess-cebu","status":"publish","type":"page","link":"https:\/\/pinay-nudes.com\/ro\/users\/princess-cebu\/","title":{"rendered":"Princess Cebu"},"content":{"rendered":"<div data-elementor-type=\"wp-page\" data-elementor-id=\"280\" class=\"elementor elementor-280\">\n\t\t\t\t<div class=\"elementor-element elementor-element-60ccf70 e-flex e-con-boxed e-con e-parent\" data-id=\"60ccf70\" data-element_type=\"container\">\n\t\t\t\t\t<div class=\"e-con-inner\">\n\t\t\t\t<div class=\"elementor-element elementor-element-3d74f64 elementor-widget elementor-widget-text-editor\" data-id=\"3d74f64\" data-element_type=\"widget\" data-widget_type=\"text-editor.default\">\n\t\t\t\t<div class=\"elementor-widget-container\">\n\t\t\t\t\t\t\t\t\t\n<center><h1>Nuduri pe Snapchat, Videoclipuri porno filipineze, Asiatice amatoare, Nude Sexy Filipina Hot Girls<\/h1><\/center>\t\t\t\t\t\t\t\t<\/div>\n\t\t\t\t<\/div>\n\t\t\t\t\t<\/div>\n\t\t\t\t<\/div>\n\t\t<div class=\"elementor-element elementor-element-fa8c895 e-flex e-con-boxed e-con e-parent\" data-id=\"fa8c895\" data-element_type=\"container\">\n\t\t\t\t\t<div class=\"e-con-inner\">\n\t\t\t\t<div class=\"elementor-element elementor-element-9e50f67 elementor-widget elementor-widget-text-editor\" data-id=\"9e50f67\" data-element_type=\"widget\" data-widget_type=\"text-editor.default\">\n\t\t\t\t<div class=\"elementor-widget-container\">\n\t\t\t\t\t\t\t\t\t<h2>Filipine nud, Filipine goale Con\u021binut gratuit, Pinay din Cebu<\/h2><p>Cau\u021bi o fat\u0103 filipinez\u0103 cu care s\u0103 faci sex? E\u0219ti \u00een locul potrivit. G\u0103se\u0219te fete din Cebu \u0219i din \u00eemprejurimi \u0219i aranjeaz\u0103 cu ele s\u0103 \u021bi-o trag\u0103 \u0219i s\u0103-\u021bi ling\u0103 pula, sau pur \u0219i simplu schimb\u0103 poze cu ea pe snapchat. Cel mai bun loc pentru a discuta cu modele care se dezbrac\u0103 pe camere web online. Doar cele mai bune filipineze cu p\u0103s\u0103rici epilate \u0219i p\u0103roase.\u00a0<\/p><p>Tot ce trebuie s\u0103 face\u021bi este s\u0103 v\u0103 \u00eenregistra\u021bi pe site-ul nostru pentru a avea acces la con\u021binutul gratuit pe care \u00eel oferim. Mii de filipineze a\u0219teapt\u0103 s\u0103 te cunoasc\u0103. F\u0103 primul pas \u0219i nu l\u0103sa pe altcineva s\u0103 \u021bi-o trag\u0103. Videoclipuri scandaloase de pe Snapchat cu femei filipineze \u00een calitate 1080p \u0219i 4k. Femei umede care a\u0219teapt\u0103 pula, ce mai a\u0219tep\u021bi?<\/p>\t\t\t\t\t\t\t\t<\/div>\n\t\t\t\t<\/div>\n\t\t\t\t\t<\/div>\n\t\t\t\t<\/div>\n\t\t<div class=\"elementor-element elementor-element-c365378 e-con-full e-flex e-con e-parent\" data-id=\"c365378\" data-element_type=\"container\">\n\t\t<div class=\"elementor-element elementor-element-b9b08b3 e-con-full e-flex e-con e-child\" data-id=\"b9b08b3\" data-element_type=\"container\">\n\t\t\t\t<div class=\"elementor-element elementor-element-e49d593 elementor-widget elementor-widget-image\" data-id=\"e49d593\" data-element_type=\"widget\" data-widget_type=\"image.default\">\n\t\t\t\t<div class=\"elementor-widget-container\">\n\t\t\t\t\t\t\t\t\t\t\t\t\t\t\t<img fetchpriority=\"high\" decoding=\"async\" width=\"736\" height=\"929\" src=\"https:\/\/pinay-nudes.com\/wp-content\/uploads\/2023\/09\/6b01ce2309cd34d328927db61294e5b9-4.jpg\" class=\"attachment-large size-large wp-image-225\" alt=\"\" srcset=\"https:\/\/pinay-nudes.com\/wp-content\/uploads\/2023\/09\/6b01ce2309cd34d328927db61294e5b9-4.jpg 736w, https:\/\/pinay-nudes.com\/wp-content\/uploads\/2023\/09\/6b01ce2309cd34d328927db61294e5b9-4-238x300.jpg 238w\" sizes=\"(max-width: 736px) 100vw, 736px\" \/>\t\t\t\t\t\t\t\t\t\t\t\t\t\t\t<\/div>\n\t\t\t\t<\/div>\n\t\t\t\t<\/div>\n\t\t<div class=\"elementor-element elementor-element-7e4e7a4 e-con-full e-flex e-con e-child\" data-id=\"7e4e7a4\" data-element_type=\"container\">\n\t\t\t\t<div class=\"elementor-element elementor-element-a5ddfc7 elementor-widget elementor-widget-heading\" data-id=\"a5ddfc7\" data-element_type=\"widget\" data-widget_type=\"heading.default\">\n\t\t\t\t<div class=\"elementor-widget-container\">\n\t\t\t\t\t<h2 class=\"elementor-heading-title elementor-size-default\">Princess, Cebu<\/h2>\t\t\t\t<\/div>\n\t\t\t\t<\/div>\n\t\t\t\t<div class=\"elementor-element elementor-element-b22bf6d elementor-widget elementor-widget-text-editor\" data-id=\"b22bf6d\" data-element_type=\"widget\" data-widget_type=\"text-editor.default\">\n\t\t\t\t<div class=\"elementor-widget-container\">\n\t\t\t\t\t\t\t\t\t<p>Numele meu este Princess \u0219i locuiesc \u00een Cebu. Duc o via\u021b\u0103 lini\u0219tit\u0103 \u0219i \u00eemi ajut p\u0103rin\u021bii s\u0103 conduc\u0103 afacerea familiei. Nu sunt convins\u0103 deocamdat\u0103 de studii. \u00cemi place s\u0103 m\u0103 plimb \u0219i s\u0103 ascult muzic\u0103. Netflix&amp;Chill<\/p>\t\t\t\t\t\t\t\t<\/div>\n\t\t\t\t<\/div>\n\t\t\t\t<div class=\"elementor-element elementor-element-27faae6 elementor-shape-rounded elementor-grid-0 e-grid-align-center elementor-widget elementor-widget-social-icons\" data-id=\"27faae6\" data-element_type=\"widget\" data-widget_type=\"social-icons.default\">\n\t\t\t\t<div class=\"elementor-widget-container\">\n\t\t\t\t\t\t\t<div class=\"elementor-social-icons-wrapper elementor-grid\">\n\t\t\t\t\t\t\t<span class=\"elementor-grid-item\">\n\t\t\t\t\t<a class=\"elementor-icon elementor-social-icon elementor-social-icon-facebook elementor-repeater-item-966ee37\" href=\"https:\/\/pinay-nudes.com\/ro\/cb\/register\/\" target=\"_blank\">\n\t\t\t\t\t\t<span class=\"elementor-screen-only\">Facebook<\/span>\n\t\t\t\t\t\t<i class=\"fab fa-facebook\"><\/i>\t\t\t\t\t<\/a>\n\t\t\t\t<\/span>\n\t\t\t\t\t\t\t<span class=\"elementor-grid-item\">\n\t\t\t\t\t<a class=\"elementor-icon elementor-social-icon elementor-social-icon-instagram elementor-repeater-item-47b44c9\" href=\"https:\/\/pinay-nudes.com\/ro\/nk\/register\/\" target=\"_blank\">\n\t\t\t\t\t\t<span class=\"elementor-screen-only\">Instagram<\/span>\n\t\t\t\t\t\t<i class=\"fab fa-instagram\"><\/i>\t\t\t\t\t<\/a>\n\t\t\t\t<\/span>\n\t\t\t\t\t\t\t<span class=\"elementor-grid-item\">\n\t\t\t\t\t<a class=\"elementor-icon elementor-social-icon elementor-social-icon-snapchat elementor-repeater-item-a214105\" href=\"https:\/\/pinay-nudes.com\/ro\/cb\/register\/\" target=\"_blank\">\n\t\t\t\t\t\t<span class=\"elementor-screen-only\">Snapchat<\/span>\n\t\t\t\t\t\t<i class=\"fab fa-snapchat\"><\/i>\t\t\t\t\t<\/a>\n\t\t\t\t<\/span>\n\t\t\t\t\t<\/div>\n\t\t\t\t\t\t<\/div>\n\t\t\t\t<\/div>\n\t\t\t\t<div class=\"elementor-element elementor-element-11e8610 elementor-invisible elementor-widget elementor-widget-text-editor\" data-id=\"11e8610\" data-element_type=\"widget\" data-settings=\"{&quot;_animation&quot;:&quot;jello&quot;}\" data-widget_type=\"text-editor.default\">\n\t\t\t\t<div class=\"elementor-widget-container\">\n\t\t\t\t\t\t\t\t\t<p><strong>13,676<\/strong><\/p>\t\t\t\t\t\t\t\t<\/div>\n\t\t\t\t<\/div>\n\t\t\t\t<div class=\"elementor-element elementor-element-9b135d5 elementor-widget elementor-widget-text-editor\" data-id=\"9b135d5\" data-element_type=\"widget\" data-widget_type=\"text-editor.default\">\n\t\t\t\t<div class=\"elementor-widget-container\">\n\t\t\t\t\t\t\t\t\t<p>Urm\u0103ritori<\/p>\t\t\t\t\t\t\t\t<\/div>\n\t\t\t\t<\/div>\n\t\t\t\t<div class=\"elementor-element elementor-element-c8612a8 elementor-widget elementor-widget-text-editor\" data-id=\"c8612a8\" data-element_type=\"widget\" data-widget_type=\"text-editor.default\">\n\t\t\t\t<div class=\"elementor-widget-container\">\n\t\t\t\t\t\t\t\t\t<p><strong>Sunt online!<\/strong><\/p><p>Timp mediu de r\u0103spuns 5-30 minute<\/p>\t\t\t\t\t\t\t\t<\/div>\n\t\t\t\t<\/div>\n\t\t\t\t<div class=\"elementor-element elementor-element-089934b elementor-align-center elementor-widget elementor-widget-button\" data-id=\"089934b\" data-element_type=\"widget\" data-widget_type=\"button.default\">\n\t\t\t\t<div class=\"elementor-widget-container\">\n\t\t\t\t\t\t\t\t\t<div class=\"elementor-button-wrapper\">\n\t\t\t\t\t<a class=\"elementor-button elementor-button-link elementor-size-sm\" href=\"https:\/\/pinay-nudes.com\/ro\/nk1\/register\/\">\n\t\t\t\t\t\t<span class=\"elementor-button-content-wrapper\">\n\t\t\t\t\t\t\t\t\t<span class=\"elementor-button-text\">Contact cu mine<\/span>\n\t\t\t\t\t<\/span>\n\t\t\t\t\t<\/a>\n\t\t\t\t<\/div>\n\t\t\t\t\t\t\t\t<\/div>\n\t\t\t\t<\/div>\n\t\t\t\t<div class=\"elementor-element elementor-element-856e328 elementor-star-rating--align-center elementor--star-style-star_fontawesome elementor-widget elementor-widget-star-rating\" data-id=\"856e328\" data-element_type=\"widget\" data-widget_type=\"star-rating.default\">\n\t\t\t\t<div class=\"elementor-widget-container\">\n\t\t\t\t\t\n\t\t<div class=\"elementor-star-rating__wrapper\">\n\t\t\t\t\t\t\t<div class=\"elementor-star-rating__title\">Revizuirea profilului:<\/div>\n\t\t\t\t\t\t<div class=\"elementor-star-rating\" title=\"4.8\/5\" itemtype=\"http:\/\/schema.org\/Rating\" itemscope=\"\" itemprop=\"reviewRating\"><i class=\"elementor-star-full\">&#xE934;<\/i><i class=\"elementor-star-full\">&#xE934;<\/i><i class=\"elementor-star-full\">&#xE934;<\/i><i class=\"elementor-star-full\">&#xE934;<\/i><i class=\"elementor-star-8\">&#xE934;<\/i> <span itemprop=\"ratingValue\" class=\"elementor-screen-only\">4.8\/5<\/span><\/div>\t\t<\/div>\n\t\t\t\t\t\t<\/div>\n\t\t\t\t<\/div>\n\t\t\t\t<\/div>\n\t\t\t\t<\/div>\n\t\t<div class=\"elementor-element elementor-element-2ac2869 e-flex e-con-boxed e-con e-parent\" data-id=\"2ac2869\" data-element_type=\"container\">\n\t\t\t\t\t<div class=\"e-con-inner\">\n\t\t\t\t<div class=\"elementor-element elementor-element-3d70d51 elementor-widget elementor-widget-image\" data-id=\"3d70d51\" data-element_type=\"widget\" data-widget_type=\"image.default\">\n\t\t\t\t<div class=\"elementor-widget-container\">\n\t\t\t\t\t\t\t\t\t\t\t\t\t\t\t\t<a href=\"https:\/\/pinay-nudes.com\/ro\/go\/chaturbate\/\">\n\t\t\t\t\t\t\t<img decoding=\"async\" width=\"728\" height=\"90\" src=\"https:\/\/pinay-nudes.com\/wp-content\/uploads\/2023\/09\/CB-728-2.jpg\" class=\"attachment-large size-large wp-image-449\" alt=\"\" srcset=\"https:\/\/pinay-nudes.com\/wp-content\/uploads\/2023\/09\/CB-728-2.jpg 728w, https:\/\/pinay-nudes.com\/wp-content\/uploads\/2023\/09\/CB-728-2-300x37.jpg 300w\" sizes=\"(max-width: 728px) 100vw, 728px\" \/>\t\t\t\t\t\t\t\t<\/a>\n\t\t\t\t\t\t\t\t\t\t\t\t\t\t\t<\/div>\n\t\t\t\t<\/div>\n\t\t\t\t\t<\/div>\n\t\t\t\t<\/div>\n\t\t<div class=\"elementor-element elementor-element-5b9bcd6 e-flex e-con-boxed e-con e-parent\" data-id=\"5b9bcd6\" data-element_type=\"container\">\n\t\t\t\t\t<div class=\"e-con-inner\">\n\t\t\t\t<div class=\"elementor-element elementor-element-cebb7ee elementor-widget elementor-widget-text-editor\" data-id=\"cebb7ee\" data-element_type=\"widget\" data-widget_type=\"text-editor.default\">\n\t\t\t\t<div class=\"elementor-widget-container\">\n\t\t\t\t\t\t\t\t\t<h2>\u00cenregistreaz\u0103-te ast\u0103zi \u0219i caut\u0103 Filipine nud din Cebu \u0219i din alte p\u0103r\u021bi din Filipine.<\/h2><p>E\u0219ti un str\u0103in care viseaz\u0103 la o femeie filipinez\u0103? Noi \u00ee\u021bi oferim acces la cele mai bune femei care vor o scul\u0103 str\u0103in\u0103 mare \u0219i gras\u0103 \u00een p\u0103s\u0103rica lor str\u00e2mt\u0103. Ob\u021bine acces complet \u0219i gratuit la galeria foto \u0219i la profilurile fetelor noastre de pe Snapchat \u0219i de pe camerele de sex. Avem TOP Videoclipuri porno cu filipineze goale de la femei frumoase filipineze amatoare. Femeile japoneze \u0219i filipineze fierbin\u021bi care iubesc pula mare te a\u0219teapt\u0103. Urm\u0103ri\u021bi-le pe toate. Cau\u021bi o milf filipinez\u0103 pe care s\u0103 i-o tragi \u00een fund? Pe site-ul nostru vei satisface toate nevoile tale \u0219i vei g\u0103si cele mai bune videoclipuri XXX \u0219i camere live.\u00a0<\/p><p>Cele mai tari videoclipuri porno de amatoare filipineze, videoclipuri snapchat, poze cu fete dezbr\u0103cate de pe internet. Caut\u0103-\u021bi femeile preferate din Cebu. Urm\u0103ri\u021bi aceste videoclipuri 1080p de la cele mai tari interprete pentru adul\u021bi. Totul este gratuit \u0219i nu trebuie s\u0103 furniza\u021bi informa\u021bii despre cardul de credit. Nu este necesar! Ob\u021bine\u021bi acces gratuit la porno asiatic \u0219i la videoclipuri porno filipineze. Filipine fierbin\u021bi din Cebu te a\u0219teapt\u0103 cu mamele lor filipineze.<\/p><p>\u00a0<\/p><h2>Nude Sexy Filipina Photos Free Site - Urm\u0103ri\u021bi acest exclusiv Spicevids Videos<\/h2><p>Cebu Exclusive Pussy Riot. Discuta\u021bi, juca\u021bi-v\u0103 \u0219i \u00eent\u00e2lni\u021bi-v\u0103 cu cele mai bune fete cu came \u0219i cele mai fierbin\u021bi filipineze. Upgradeaz\u0103-\u021bi contul acum \u0219i \u00eenregistreaz\u0103-te. Verific\u0103 cele mai bune studiouri TOP XXX cu femei fierbin\u021bi din Filipine. Fetele noi nud te a\u0219teapt\u0103 s\u0103 fii futut \u00een p\u0103s\u0103rica lor umed\u0103. Fetele nude din Cebu din Filipine a\u0219teapt\u0103 o \u00eent\u00e2lnire sau sex cu tine. Vizualizeaz\u0103-le pe toate iubito \u0219i nu mai a\u0219tepta.<\/p>\t\t\t\t\t\t\t\t<\/div>\n\t\t\t\t<\/div>\n\t\t\t\t\t<\/div>\n\t\t\t\t<\/div>\n\t\t\t\t<\/div>","protected":false},"excerpt":{"rendered":"<p>Snapchat Nudes, Filipina Porn Videos, Amateur Asian, Nude Sexy Filipina Hot Girls Filipina Nude, Naked Filipina Free Content, Pinay from Cebu Looking for a filipina girl to fuck? You are in the right place. Find girls from Cebu and surrounding areas and arrange with them to fuck and lick your dick, or just exchange photos&hellip; <br \/> <a class=\"read-more\" href=\"https:\/\/pinay-nudes.com\/ro\/users\/princess-cebu\/\">Cite\u0219te mai mult<\/a><\/p>","protected":false},"author":1,"featured_media":0,"parent":42,"menu_order":0,"comment_status":"closed","ping_status":"closed","template":"page-templates\/homepage.php","meta":{"_monsterinsights_skip_tracking":false,"_monsterinsights_sitenote_active":false,"_monsterinsights_sitenote_note":"","_monsterinsights_sitenote_category":0,"footnotes":""},"class_list":["post-280","page","type-page","status-publish","hentry"],"aioseo_notices":[],"yoast_head":"<!-- This site is optimized with the Yoast SEO plugin v24.4 - https:\/\/yoast.com\/wordpress\/plugins\/seo\/ -->\n<title>Princess Cebu - Nude Filipina Woman From Snapchat And Sex | Beauty Porn Pics<\/title>\n<meta name=\"robots\" content=\"index, follow, max-snippet:-1, max-image-preview:large, max-video-preview:-1\" \/>\n<link rel=\"canonical\" href=\"https:\/\/pinay-nudes.com\/ro\/users\/princess-cebu\/\" \/>\n<meta property=\"og:locale\" content=\"ro_RO\" \/>\n<meta property=\"og:type\" content=\"article\" \/>\n<meta property=\"og:title\" content=\"Princess Cebu - Nude Filipina Woman From Snapchat And Sex | Beauty Porn Pics\" \/>\n<meta property=\"og:description\" content=\"Snapchat Nudes, Filipina Porn Videos, Amateur Asian, Nude Sexy Filipina Hot Girls Filipina Nude, Naked Filipina Free Content, Pinay from Cebu Looking for a filipina girl to fuck? You are in the right place. Find girls from Cebu and surrounding areas and arrange with them to fuck and lick your dick, or just exchange photos&hellip; Cite\u0219te mai mult\" \/>\n<meta property=\"og:url\" content=\"https:\/\/pinay-nudes.com\/ro\/users\/princess-cebu\/\" \/>\n<meta property=\"og:site_name\" content=\"Nude Filipina Woman From Snapchat And Sex | Beauty Porn Pics\" \/>\n<meta property=\"article:modified_time\" content=\"2025-02-19T01:34:48+00:00\" \/>\n<meta property=\"og:image\" content=\"https:\/\/pinay-nudes.com\/wp-content\/uploads\/2023\/09\/6b01ce2309cd34d328927db61294e5b9-4.jpg\" \/>\n\t<meta property=\"og:image:width\" content=\"736\" \/>\n\t<meta property=\"og:image:height\" content=\"929\" \/>\n\t<meta property=\"og:image:type\" content=\"image\/jpeg\" \/>\n<meta name=\"twitter:card\" content=\"summary_large_image\" \/>\n<meta name=\"twitter:label1\" content=\"Timp estimat pentru citire\" \/>\n\t<meta name=\"twitter:data1\" content=\"3 minute\" \/>\n<script type=\"application\/ld+json\" class=\"yoast-schema-graph\">{\"@context\":\"https:\/\/schema.org\",\"@graph\":[{\"@type\":\"WebPage\",\"@id\":\"https:\/\/pinay-nudes.com\/users\/princess-cebu\/\",\"url\":\"https:\/\/pinay-nudes.com\/users\/princess-cebu\/\",\"name\":\"Princess Cebu - Nude Filipina Woman From Snapchat And Sex | Beauty Porn Pics\",\"isPartOf\":{\"@id\":\"https:\/\/pinay-nudes.com\/#website\"},\"primaryImageOfPage\":{\"@id\":\"https:\/\/pinay-nudes.com\/users\/princess-cebu\/#primaryimage\"},\"image\":{\"@id\":\"https:\/\/pinay-nudes.com\/users\/princess-cebu\/#primaryimage\"},\"thumbnailUrl\":\"http:\/\/pinay-nudes.com\/wp-content\/uploads\/2023\/09\/6b01ce2309cd34d328927db61294e5b9-4.jpg\",\"datePublished\":\"2023-09-18T02:55:46+00:00\",\"dateModified\":\"2025-02-19T01:34:48+00:00\",\"breadcrumb\":{\"@id\":\"https:\/\/pinay-nudes.com\/users\/princess-cebu\/#breadcrumb\"},\"inLanguage\":\"ro-RO\",\"potentialAction\":[{\"@type\":\"ReadAction\",\"target\":[\"https:\/\/pinay-nudes.com\/users\/princess-cebu\/\"]}]},{\"@type\":\"ImageObject\",\"inLanguage\":\"ro-RO\",\"@id\":\"https:\/\/pinay-nudes.com\/users\/princess-cebu\/#primaryimage\",\"url\":\"http:\/\/pinay-nudes.com\/wp-content\/uploads\/2023\/09\/6b01ce2309cd34d328927db61294e5b9-4.jpg\",\"contentUrl\":\"http:\/\/pinay-nudes.com\/wp-content\/uploads\/2023\/09\/6b01ce2309cd34d328927db61294e5b9-4.jpg\"},{\"@type\":\"BreadcrumbList\",\"@id\":\"https:\/\/pinay-nudes.com\/users\/princess-cebu\/#breadcrumb\",\"itemListElement\":[{\"@type\":\"ListItem\",\"position\":1,\"name\":\"Home\",\"item\":\"https:\/\/pinay-nudes.com\/\"},{\"@type\":\"ListItem\",\"position\":2,\"name\":\"Our Users\",\"item\":\"https:\/\/pinay-nudes.com\/users\/\"},{\"@type\":\"ListItem\",\"position\":3,\"name\":\"Princess Cebu\"}]},{\"@type\":\"WebSite\",\"@id\":\"https:\/\/pinay-nudes.com\/#website\",\"url\":\"https:\/\/pinay-nudes.com\/\",\"name\":\"Nude Filipina Woman From Snapchat And Sex | Beauty Porn Pics\",\"description\":\"Check our Free Porn Gallery with nude beautiful girls. XXX Naked Porn Pics from Hot Naked Girls from Snapchat and Sex Cams. Best Filipina sexy photos\",\"publisher\":{\"@id\":\"https:\/\/pinay-nudes.com\/#organization\"},\"potentialAction\":[{\"@type\":\"SearchAction\",\"target\":{\"@type\":\"EntryPoint\",\"urlTemplate\":\"https:\/\/pinay-nudes.com\/?s={search_term_string}\"},\"query-input\":{\"@type\":\"PropertyValueSpecification\",\"valueRequired\":true,\"valueName\":\"search_term_string\"}}],\"inLanguage\":\"ro-RO\"},{\"@type\":\"Organization\",\"@id\":\"https:\/\/pinay-nudes.com\/#organization\",\"name\":\"Nude Filipina Woman From Snapchat And Sex | Beauty Porn Pics\",\"url\":\"https:\/\/pinay-nudes.com\/\",\"logo\":{\"@type\":\"ImageObject\",\"inLanguage\":\"ro-RO\",\"@id\":\"https:\/\/pinay-nudes.com\/#\/schema\/logo\/image\/\",\"url\":\"https:\/\/pinay-nudes.com\/wp-content\/uploads\/2023\/09\/cropped-cropped-logo2-1.png\",\"contentUrl\":\"https:\/\/pinay-nudes.com\/wp-content\/uploads\/2023\/09\/cropped-cropped-logo2-1.png\",\"width\":512,\"height\":512,\"caption\":\"Nude Filipina Woman From Snapchat And Sex | Beauty Porn Pics \"},\"image\":{\"@id\":\"https:\/\/pinay-nudes.com\/#\/schema\/logo\/image\/\"}}]}<\/script>\n<!-- \/ Yoast SEO plugin. -->","yoast_head_json":{"title":"Princess Cebu - Nude Filipina Woman From Snapchat And Sex | Beauty Porn Pics","robots":{"index":"index","follow":"follow","max-snippet":"max-snippet:-1","max-image-preview":"max-image-preview:large","max-video-preview":"max-video-preview:-1"},"canonical":"https:\/\/pinay-nudes.com\/ro\/users\/princess-cebu\/","og_locale":"ro_RO","og_type":"article","og_title":"Princess Cebu - Nude Filipina Woman From Snapchat And Sex | Beauty Porn Pics","og_description":"Snapchat Nudes, Filipina Porn Videos, Amateur Asian, Nude Sexy Filipina Hot Girls Filipina Nude, Naked Filipina Free Content, Pinay from Cebu Looking for a filipina girl to fuck? You are in the right place. Find girls from Cebu and surrounding areas and arrange with them to fuck and lick your dick, or just exchange photos&hellip; Cite\u0219te mai mult","og_url":"https:\/\/pinay-nudes.com\/ro\/users\/princess-cebu\/","og_site_name":"Nude Filipina Woman From Snapchat And Sex | Beauty Porn Pics","article_modified_time":"2025-02-19T01:34:48+00:00","og_image":[{"width":736,"height":929,"url":"https:\/\/pinay-nudes.com\/wp-content\/uploads\/2023\/09\/6b01ce2309cd34d328927db61294e5b9-4.jpg","type":"image\/jpeg"}],"twitter_card":"summary_large_image","twitter_misc":{"Timp estimat pentru citire":"3 minute"},"schema":{"@context":"https:\/\/schema.org","@graph":[{"@type":"WebPage","@id":"https:\/\/pinay-nudes.com\/users\/princess-cebu\/","url":"https:\/\/pinay-nudes.com\/users\/princess-cebu\/","name":"Princess Cebu - Nude Filipina Woman From Snapchat And Sex | Beauty Porn Pics","isPartOf":{"@id":"https:\/\/pinay-nudes.com\/#website"},"primaryImageOfPage":{"@id":"https:\/\/pinay-nudes.com\/users\/princess-cebu\/#primaryimage"},"image":{"@id":"https:\/\/pinay-nudes.com\/users\/princess-cebu\/#primaryimage"},"thumbnailUrl":"http:\/\/pinay-nudes.com\/wp-content\/uploads\/2023\/09\/6b01ce2309cd34d328927db61294e5b9-4.jpg","datePublished":"2023-09-18T02:55:46+00:00","dateModified":"2025-02-19T01:34:48+00:00","breadcrumb":{"@id":"https:\/\/pinay-nudes.com\/users\/princess-cebu\/#breadcrumb"},"inLanguage":"ro-RO","potentialAction":[{"@type":"ReadAction","target":["https:\/\/pinay-nudes.com\/users\/princess-cebu\/"]}]},{"@type":"ImageObject","inLanguage":"ro-RO","@id":"https:\/\/pinay-nudes.com\/users\/princess-cebu\/#primaryimage","url":"http:\/\/pinay-nudes.com\/wp-content\/uploads\/2023\/09\/6b01ce2309cd34d328927db61294e5b9-4.jpg","contentUrl":"http:\/\/pinay-nudes.com\/wp-content\/uploads\/2023\/09\/6b01ce2309cd34d328927db61294e5b9-4.jpg"},{"@type":"BreadcrumbList","@id":"https:\/\/pinay-nudes.com\/users\/princess-cebu\/#breadcrumb","itemListElement":[{"@type":"ListItem","position":1,"name":"Home","item":"https:\/\/pinay-nudes.com\/"},{"@type":"ListItem","position":2,"name":"Our Users","item":"https:\/\/pinay-nudes.com\/users\/"},{"@type":"ListItem","position":3,"name":"Princess Cebu"}]},{"@type":"WebSite","@id":"https:\/\/pinay-nudes.com\/#website","url":"https:\/\/pinay-nudes.com\/","name":"Nude Filipina Woman From Snapchat And Sex | Beauty Porn Pics","description":"Check our Free Porn Gallery with nude beautiful girls. XXX Naked Porn Pics from Hot Naked Girls from Snapchat and Sex Cams. Best Filipina sexy photos","publisher":{"@id":"https:\/\/pinay-nudes.com\/#organization"},"potentialAction":[{"@type":"SearchAction","target":{"@type":"EntryPoint","urlTemplate":"https:\/\/pinay-nudes.com\/?s={search_term_string}"},"query-input":{"@type":"PropertyValueSpecification","valueRequired":true,"valueName":"search_term_string"}}],"inLanguage":"ro-RO"},{"@type":"Organization","@id":"https:\/\/pinay-nudes.com\/#organization","name":"Nude Filipina Woman From Snapchat And Sex | Beauty Porn Pics","url":"https:\/\/pinay-nudes.com\/","logo":{"@type":"ImageObject","inLanguage":"ro-RO","@id":"https:\/\/pinay-nudes.com\/#\/schema\/logo\/image\/","url":"https:\/\/pinay-nudes.com\/wp-content\/uploads\/2023\/09\/cropped-cropped-logo2-1.png","contentUrl":"https:\/\/pinay-nudes.com\/wp-content\/uploads\/2023\/09\/cropped-cropped-logo2-1.png","width":512,"height":512,"caption":"Nude Filipina Woman From Snapchat And Sex | Beauty Porn Pics "},"image":{"@id":"https:\/\/pinay-nudes.com\/#\/schema\/logo\/image\/"}}]}},"_links":{"self":[{"href":"https:\/\/pinay-nudes.com\/ro\/wp-json\/wp\/v2\/pages\/280","targetHints":{"allow":["GET"]}}],"collection":[{"href":"https:\/\/pinay-nudes.com\/ro\/wp-json\/wp\/v2\/pages"}],"about":[{"href":"https:\/\/pinay-nudes.com\/ro\/wp-json\/wp\/v2\/types\/page"}],"author":[{"embeddable":true,"href":"https:\/\/pinay-nudes.com\/ro\/wp-json\/wp\/v2\/users\/1"}],"replies":[{"embeddable":true,"href":"https:\/\/pinay-nudes.com\/ro\/wp-json\/wp\/v2\/comments?post=280"}],"version-history":[{"count":40,"href":"https:\/\/pinay-nudes.com\/ro\/wp-json\/wp\/v2\/pages\/280\/revisions"}],"predecessor-version":[{"id":2410,"href":"https:\/\/pinay-nudes.com\/ro\/wp-json\/wp\/v2\/pages\/280\/revisions\/2410"}],"up":[{"embeddable":true,"href":"https:\/\/pinay-nudes.com\/ro\/wp-json\/wp\/v2\/pages\/42"}],"wp:attachment":[{"href":"https:\/\/pinay-nudes.com\/ro\/wp-json\/wp\/v2\/media?parent=280"}],"curies":[{"name":"wp","href":"https:\/\/api.w.org\/{rel}","templated":true}]}}