{"id":279,"date":"2023-09-18T03:55:46","date_gmt":"2023-09-18T02:55:46","guid":{"rendered":"https:\/\/pinay-nudes.com\/?page_id=279"},"modified":"2025-02-19T01:35:39","modified_gmt":"2025-02-19T01:35:39","slug":"mae-leyte","status":"publish","type":"page","link":"https:\/\/pinay-nudes.com\/ro\/users\/mae-leyte\/","title":{"rendered":"Mae Leyte"},"content":{"rendered":"<div data-elementor-type=\"wp-page\" data-elementor-id=\"279\" class=\"elementor elementor-279\">\n\t\t\t\t<div class=\"elementor-element elementor-element-3a662ca e-flex e-con-boxed e-con e-parent\" data-id=\"3a662ca\" data-element_type=\"container\">\n\t\t\t\t\t<div class=\"e-con-inner\">\n\t\t\t\t<div class=\"elementor-element elementor-element-2ffa4f1 elementor-widget elementor-widget-text-editor\" data-id=\"2ffa4f1\" data-element_type=\"widget\" data-widget_type=\"text-editor.default\">\n\t\t\t\t<div class=\"elementor-widget-container\">\n\t\t\t\t\t\t\t\t\t<center><h1>\u00cent\u00e2lnire cu filipineza, filme porno amatori asiatici, filme porno filipineze nud, fotografii de fete goale<\/h1><\/center>\t\t\t\t\t\t\t\t<\/div>\n\t\t\t\t<\/div>\n\t\t\t\t\t<\/div>\n\t\t\t\t<\/div>\n\t\t<div class=\"elementor-element elementor-element-2ff9b30 e-flex e-con-boxed e-con e-parent\" data-id=\"2ff9b30\" data-element_type=\"container\">\n\t\t\t\t\t<div class=\"e-con-inner\">\n\t\t\t\t<div class=\"elementor-element elementor-element-6d79140 elementor-widget elementor-widget-text-editor\" data-id=\"6d79140\" data-element_type=\"widget\" data-widget_type=\"text-editor.default\">\n\t\t\t\t<div class=\"elementor-widget-container\">\n\t\t\t\t\t\t\t\t\t<h2>Partener ocazional cu Filipina \u0219i schimb Filipina Nud fotografii amatori sau videoclipuri porno<\/h2><p>\u00cent\u00e2lne\u0219te fete din Leyte \u0219i ie\u0219i cu ele pentru o cafea bun\u0103, o \u00eent\u00e2lnire sau doar pentru sex dur. Caut\u0103 fete fierbin\u021bi filipineze pe platforma noastr\u0103 \u0219i cere-le s\u0103-\u021bi trimit\u0103 poze nud pe snapchat. Ai o oportunitate extraordinar\u0103, pentru c\u0103 am selectat pentru tine femei c\u0103rora le place s\u0103 o fac\u0103, iar unele dintre ele sunt chiar modele pe NikitaCams.com sau pe camerele web de sex.<\/p><p>Fetele noastre de top din Filipine te a\u0219teapt\u0103 s\u0103 te \u00eent\u00e2lne\u0219ti cu ele \u0219i s\u0103-\u021bi iei scula \u00een hotel. \u00censcrierea pe platforma noastr\u0103 este complet gratuit\u0103 \u0219i odat\u0103 cu ea vei avea acces la c\u00e2teva mii de fete din Filipine.<\/p>\t\t\t\t\t\t\t\t<\/div>\n\t\t\t\t<\/div>\n\t\t\t\t\t<\/div>\n\t\t\t\t<\/div>\n\t\t<div class=\"elementor-element elementor-element-81c1a17 e-con-full e-flex e-con e-parent\" data-id=\"81c1a17\" data-element_type=\"container\">\n\t\t<div class=\"elementor-element elementor-element-f39d652 e-con-full e-flex e-con e-child\" data-id=\"f39d652\" data-element_type=\"container\">\n\t\t\t\t<div class=\"elementor-element elementor-element-05173ee elementor-widget elementor-widget-image\" data-id=\"05173ee\" data-element_type=\"widget\" data-widget_type=\"image.default\">\n\t\t\t\t<div class=\"elementor-widget-container\">\n\t\t\t\t\t\t\t\t\t\t\t\t\t\t\t<img fetchpriority=\"high\" decoding=\"async\" width=\"872\" height=\"644\" src=\"https:\/\/pinay-nudes.com\/wp-content\/uploads\/2023\/09\/3f198811ff2c1b9089a38eb9c6082e52.png\" class=\"attachment-large size-large wp-image-514\" alt=\"\" srcset=\"https:\/\/pinay-nudes.com\/wp-content\/uploads\/2023\/09\/3f198811ff2c1b9089a38eb9c6082e52.png 872w, https:\/\/pinay-nudes.com\/wp-content\/uploads\/2023\/09\/3f198811ff2c1b9089a38eb9c6082e52-300x222.png 300w, https:\/\/pinay-nudes.com\/wp-content\/uploads\/2023\/09\/3f198811ff2c1b9089a38eb9c6082e52-768x567.png 768w\" sizes=\"(max-width: 872px) 100vw, 872px\" \/>\t\t\t\t\t\t\t\t\t\t\t\t\t\t\t<\/div>\n\t\t\t\t<\/div>\n\t\t\t\t<\/div>\n\t\t<div class=\"elementor-element elementor-element-f506800 e-con-full e-flex e-con e-child\" data-id=\"f506800\" data-element_type=\"container\">\n\t\t\t\t<div class=\"elementor-element elementor-element-89aec2f elementor-widget elementor-widget-heading\" data-id=\"89aec2f\" data-element_type=\"widget\" data-widget_type=\"heading.default\">\n\t\t\t\t<div class=\"elementor-widget-container\">\n\t\t\t\t\t<h2 class=\"elementor-heading-title elementor-size-default\">Mae, Leyte<\/h2>\t\t\t\t<\/div>\n\t\t\t\t<\/div>\n\t\t\t\t<div class=\"elementor-element elementor-element-058220f elementor-widget elementor-widget-text-editor\" data-id=\"058220f\" data-element_type=\"widget\" data-widget_type=\"text-editor.default\">\n\t\t\t\t<div class=\"elementor-widget-container\">\n\t\t\t\t\t\t\t\t\t<p>Eu sunt Mae. Locuiesc \u00een Leyte de c\u00e2nd am \u00eenceput s\u0103 studiez (3 ani). Iubesc acest ora\u0219, \u00eemi place marea, oamenii de aici sunt minuna\u021bi. Dac\u0103 vrei s\u0103 vorbim, sau s\u0103 m\u0103 r\u0103pe\u0219ti pentru o petrecere - scrie cu \u00eendr\u0103zneal\u0103.<\/p>\t\t\t\t\t\t\t\t<\/div>\n\t\t\t\t<\/div>\n\t\t\t\t<div class=\"elementor-element elementor-element-6499bdd elementor-shape-rounded elementor-grid-0 e-grid-align-center elementor-widget elementor-widget-social-icons\" data-id=\"6499bdd\" data-element_type=\"widget\" data-widget_type=\"social-icons.default\">\n\t\t\t\t<div class=\"elementor-widget-container\">\n\t\t\t\t\t\t\t<div class=\"elementor-social-icons-wrapper elementor-grid\">\n\t\t\t\t\t\t\t<span class=\"elementor-grid-item\">\n\t\t\t\t\t<a class=\"elementor-icon elementor-social-icon elementor-social-icon-facebook elementor-repeater-item-966ee37\" href=\"https:\/\/pinay-nudes.com\/ro\/nk\/register\/\" target=\"_blank\">\n\t\t\t\t\t\t<span class=\"elementor-screen-only\">Facebook<\/span>\n\t\t\t\t\t\t<i class=\"fab fa-facebook\"><\/i>\t\t\t\t\t<\/a>\n\t\t\t\t<\/span>\n\t\t\t\t\t\t\t<span class=\"elementor-grid-item\">\n\t\t\t\t\t<a class=\"elementor-icon elementor-social-icon elementor-social-icon-instagram elementor-repeater-item-47b44c9\" href=\"https:\/\/pinay-nudes.com\/ro\/cb\/register\/\" target=\"_blank\">\n\t\t\t\t\t\t<span class=\"elementor-screen-only\">Instagram<\/span>\n\t\t\t\t\t\t<i class=\"fab fa-instagram\"><\/i>\t\t\t\t\t<\/a>\n\t\t\t\t<\/span>\n\t\t\t\t\t\t\t<span class=\"elementor-grid-item\">\n\t\t\t\t\t<a class=\"elementor-icon elementor-social-icon elementor-social-icon-snapchat elementor-repeater-item-a214105\" href=\"https:\/\/pinay-nudes.com\/ro\/nk1\/register\/\" target=\"_blank\">\n\t\t\t\t\t\t<span class=\"elementor-screen-only\">Snapchat<\/span>\n\t\t\t\t\t\t<i class=\"fab fa-snapchat\"><\/i>\t\t\t\t\t<\/a>\n\t\t\t\t<\/span>\n\t\t\t\t\t<\/div>\n\t\t\t\t\t\t<\/div>\n\t\t\t\t<\/div>\n\t\t\t\t<div class=\"elementor-element elementor-element-45a7f24 elementor-invisible elementor-widget elementor-widget-text-editor\" data-id=\"45a7f24\" data-element_type=\"widget\" data-settings=\"{&quot;_animation&quot;:&quot;jello&quot;}\" data-widget_type=\"text-editor.default\">\n\t\t\t\t<div class=\"elementor-widget-container\">\n\t\t\t\t\t\t\t\t\t<p><strong>9,089<\/strong><\/p>\t\t\t\t\t\t\t\t<\/div>\n\t\t\t\t<\/div>\n\t\t\t\t<div class=\"elementor-element elementor-element-58fea2f elementor-widget elementor-widget-text-editor\" data-id=\"58fea2f\" data-element_type=\"widget\" data-widget_type=\"text-editor.default\">\n\t\t\t\t<div class=\"elementor-widget-container\">\n\t\t\t\t\t\t\t\t\t<p>Urm\u0103ritori<\/p>\t\t\t\t\t\t\t\t<\/div>\n\t\t\t\t<\/div>\n\t\t\t\t<div class=\"elementor-element elementor-element-32d9e85 elementor-widget elementor-widget-text-editor\" data-id=\"32d9e85\" data-element_type=\"widget\" data-widget_type=\"text-editor.default\">\n\t\t\t\t<div class=\"elementor-widget-container\">\n\t\t\t\t\t\t\t\t\t<p><strong>Sunt online!<\/strong><\/p><p>Timp mediu de r\u0103spuns 2-25 minute<\/p>\t\t\t\t\t\t\t\t<\/div>\n\t\t\t\t<\/div>\n\t\t\t\t<div class=\"elementor-element elementor-element-9a6ba5e elementor-align-center elementor-widget elementor-widget-button\" data-id=\"9a6ba5e\" data-element_type=\"widget\" data-widget_type=\"button.default\">\n\t\t\t\t<div class=\"elementor-widget-container\">\n\t\t\t\t\t\t\t\t\t<div class=\"elementor-button-wrapper\">\n\t\t\t\t\t<a class=\"elementor-button elementor-button-link elementor-size-sm\" href=\"https:\/\/pinay-nudes.com\/ro\/cb\/register\/\">\n\t\t\t\t\t\t<span class=\"elementor-button-content-wrapper\">\n\t\t\t\t\t\t\t\t\t<span class=\"elementor-button-text\">Contact cu mine<\/span>\n\t\t\t\t\t<\/span>\n\t\t\t\t\t<\/a>\n\t\t\t\t<\/div>\n\t\t\t\t\t\t\t\t<\/div>\n\t\t\t\t<\/div>\n\t\t\t\t<div class=\"elementor-element elementor-element-115af17 elementor-star-rating--align-center elementor--star-style-star_fontawesome elementor-widget elementor-widget-star-rating\" data-id=\"115af17\" data-element_type=\"widget\" data-widget_type=\"star-rating.default\">\n\t\t\t\t<div class=\"elementor-widget-container\">\n\t\t\t\t\t\n\t\t<div class=\"elementor-star-rating__wrapper\">\n\t\t\t\t\t\t\t<div class=\"elementor-star-rating__title\">Revizuirea profilului:<\/div>\n\t\t\t\t\t\t<div class=\"elementor-star-rating\" title=\"4.8\/5\" itemtype=\"http:\/\/schema.org\/Rating\" itemscope=\"\" itemprop=\"reviewRating\"><i class=\"elementor-star-full\">&#xE934;<\/i><i class=\"elementor-star-full\">&#xE934;<\/i><i class=\"elementor-star-full\">&#xE934;<\/i><i class=\"elementor-star-full\">&#xE934;<\/i><i class=\"elementor-star-8\">&#xE934;<\/i> <span itemprop=\"ratingValue\" class=\"elementor-screen-only\">4.8\/5<\/span><\/div>\t\t<\/div>\n\t\t\t\t\t\t<\/div>\n\t\t\t\t<\/div>\n\t\t\t\t<\/div>\n\t\t\t\t<\/div>\n\t\t<div class=\"elementor-element elementor-element-3bda067 e-flex e-con-boxed e-con e-parent\" data-id=\"3bda067\" data-element_type=\"container\">\n\t\t\t\t\t<div class=\"e-con-inner\">\n\t\t\t\t<div class=\"elementor-element elementor-element-97d6a93 elementor-widget elementor-widget-html\" data-id=\"97d6a93\" data-element_type=\"widget\" data-widget_type=\"html.default\">\n\t\t\t\t<div class=\"elementor-widget-container\">\n\t\t\t\t\t<iframe scrolling=\"no\" frameborder=\"0\" height=\"300\" style=\"width:100%;min-width:70px;\" src=\"https:\/\/bngdin.com\/promo.php?c=787642&type=dynamic_banner&new_banner=0&db%5Bwidth%5D=160&db%5Bheight%5D=300&db%5Btype%5D=live&db%5Bmodel_zone%5D=free&db%5Bheader%5D=0&db%5Bfooter%5D=footer_text_1&db%5Bmlang%5D=1&db%5Bfullscreen%5D=&db%5Bmname%5D=1&db%5Bmlink%5D=1&db%5Bmstatus%5D=1&db%5Bmsize%5D=auto&db%5Bmpad%5D=1&db%5Bmwidth%5D=156&db%5Bcolor_scheme%5D=dark&db%5Bmborder%5D=solid&db%5Bmborder_color%5D=%23ffffff&db%5Bmborder_over_color%5D=%23a02239&db%5Bmshadow%5D=0&db%5Bmodels_by_geo%5D=0&db%5Bautoupdate%5D=1&db%5Btopmodels%5D=1&db%5Blanding%5D=chat&db%5Blogo_color%5D=negative&db%5Blogo_align%5D=left&db%5Bbg_color%5D=%23222222&db%5Bfont_family%5D=Trebuchet+MS&db%5Btext_align%5D=center&db%5Btext_color%5D=%23ffffff&db%5Blink_color%5D=%2396009e&db%5Beffect%5D=auto&db%5Beffect_speed%5D=optimal&db%5Bmode%5D=mode1&db%5Badaptive%5D=1&db%5Bslider%5D=0&db%5Bchat%5D=0\"><\/iframe>\t\t\t\t<\/div>\n\t\t\t\t<\/div>\n\t\t\t\t\t<\/div>\n\t\t\t\t<\/div>\n\t\t<div class=\"elementor-element elementor-element-a7bdfcc e-flex e-con-boxed e-con e-parent\" data-id=\"a7bdfcc\" data-element_type=\"container\">\n\t\t\t\t\t<div class=\"e-con-inner\">\n\t\t\t\t<div class=\"elementor-element elementor-element-f8cafbb elementor-widget elementor-widget-text-editor\" data-id=\"f8cafbb\" data-element_type=\"widget\" data-widget_type=\"text-editor.default\">\n\t\t\t\t<div class=\"elementor-widget-container\">\n\t\t\t\t\t\t\t\t\t<h2>Ob\u021bine\u021bi acces gratuit la Fotografii filipineze nud din Snapchat<\/h2><p>Acum pute\u021bi accesa o galerie imens\u0103 de galerii \u0219i videoclipuri XXX. Cele mai bune videoclipuri porno filipineze \u0219i scandaluri \u0219i conturi autentice de snapchat cu femei filipineze \u00een c\u0103lduri care viseaz\u0103 chiar s\u0103 \u00eent\u00e2lneasc\u0103 un str\u0103in. Cele mai fierbin\u021bi fete filipineze dezbr\u0103cate din Leyte te a\u0219teapt\u0103.<\/p><p>Ne-am asigurat c\u0103 ve\u021bi avea mereu con\u021binut actualizat \u0219i c\u0103 nu v\u0103 ve\u021bi plictisi niciodat\u0103. Cele mai fierbin\u021bi filipineze \u0219i cele mai fierbin\u021bi adolescente a\u0219teapt\u0103 s\u0103 se dezbrace. Sexul cibernetic a devenit un subiect foarte popular \u00een ultimii ani \u0219i a crescut \u00een popularitate datorit\u0103 unor aplica\u021bii precum Snapchat, unde pozele \u0219i videoclipurile sunt \u0219terse \u00een mod regulat.\u00a0<\/p><h2>Filipine Adolescente filipineze nud se dezbrac\u0103 \u00een Snapchat<\/h2><p>Verifica\u021bi porno filipinez\u0103 goal\u0103 \u00een calitate superioar\u0103. Porno asiatic cu fete din Filipine. Descoperi\u021bi site-ul zilnic \u0219i ad\u0103uga\u021bi fete noi pentru sex. Cele mai fierbin\u021bi Filipine preg\u0103tind poze pentru tine. Verifica\u021bi frumoasele fotografii filipineze filipineze nud \u0219i l\u0103sa\u021bi-le s\u0103 v\u0103 ia pula. Numai poze \u0219i videoclipuri de \u00eenalt\u0103 calitate de la femei reale din Pinay. Cardul de credit nu este necesar \u0219i tot ceea ce v\u0103 bucura\u021bi gratuit!<\/p>\t\t\t\t\t\t\t\t<\/div>\n\t\t\t\t<\/div>\n\t\t\t\t\t<\/div>\n\t\t\t\t<\/div>\n\t\t\t\t<\/div>","protected":false},"excerpt":{"rendered":"<p>Date Filipina, Asian Amateur Porn Leaked, Filipina Nude Porn Videos, Nude Girls Photos Date with Filipina and exchange Filipina Nude Amateur Photos or Porn Videos Meet girls from Leyte and date them for a good coffee, a date or just for rough sex. Search for the Filipina Hot Girls on our platform and ask them&hellip; <br \/> <a class=\"read-more\" href=\"https:\/\/pinay-nudes.com\/ro\/users\/mae-leyte\/\">Cite\u0219te mai mult<\/a><\/p>","protected":false},"author":1,"featured_media":0,"parent":42,"menu_order":0,"comment_status":"closed","ping_status":"closed","template":"page-templates\/homepage.php","meta":{"_monsterinsights_skip_tracking":false,"_monsterinsights_sitenote_active":false,"_monsterinsights_sitenote_note":"","_monsterinsights_sitenote_category":0,"footnotes":""},"class_list":["post-279","page","type-page","status-publish","hentry"],"aioseo_notices":[],"yoast_head":"<!-- This site is optimized with the Yoast SEO plugin v24.4 - https:\/\/yoast.com\/wordpress\/plugins\/seo\/ -->\n<title>Mae Leyte - Nude Filipina Woman From Snapchat And Sex | Beauty Porn Pics<\/title>\n<meta name=\"robots\" content=\"index, follow, max-snippet:-1, max-image-preview:large, max-video-preview:-1\" \/>\n<link rel=\"canonical\" href=\"https:\/\/pinay-nudes.com\/ro\/users\/mae-leyte\/\" \/>\n<meta property=\"og:locale\" content=\"ro_RO\" \/>\n<meta property=\"og:type\" content=\"article\" \/>\n<meta property=\"og:title\" content=\"Mae Leyte - Nude Filipina Woman From Snapchat And Sex | Beauty Porn Pics\" \/>\n<meta property=\"og:description\" content=\"Date Filipina, Asian Amateur Porn Leaked, Filipina Nude Porn Videos, Nude Girls Photos Date with Filipina and exchange Filipina Nude Amateur Photos or Porn Videos Meet girls from Leyte and date them for a good coffee, a date or just for rough sex. Search for the Filipina Hot Girls on our platform and ask them&hellip; Cite\u0219te mai mult\" \/>\n<meta property=\"og:url\" content=\"https:\/\/pinay-nudes.com\/ro\/users\/mae-leyte\/\" \/>\n<meta property=\"og:site_name\" content=\"Nude Filipina Woman From Snapchat And Sex | Beauty Porn Pics\" \/>\n<meta property=\"article:modified_time\" content=\"2025-02-19T01:35:39+00:00\" \/>\n<meta property=\"og:image\" content=\"https:\/\/pinay-nudes.com\/wp-content\/uploads\/2023\/09\/3f198811ff2c1b9089a38eb9c6082e52.png\" \/>\n\t<meta property=\"og:image:width\" content=\"872\" \/>\n\t<meta property=\"og:image:height\" content=\"644\" \/>\n\t<meta property=\"og:image:type\" content=\"image\/png\" \/>\n<meta name=\"twitter:card\" content=\"summary_large_image\" \/>\n<meta name=\"twitter:label1\" content=\"Timp estimat pentru citire\" \/>\n\t<meta name=\"twitter:data1\" content=\"2 minute\" \/>\n<script type=\"application\/ld+json\" class=\"yoast-schema-graph\">{\"@context\":\"https:\/\/schema.org\",\"@graph\":[{\"@type\":\"WebPage\",\"@id\":\"https:\/\/pinay-nudes.com\/users\/mae-leyte\/\",\"url\":\"https:\/\/pinay-nudes.com\/users\/mae-leyte\/\",\"name\":\"Mae Leyte - Nude Filipina Woman From Snapchat And Sex | Beauty Porn Pics\",\"isPartOf\":{\"@id\":\"https:\/\/pinay-nudes.com\/#website\"},\"primaryImageOfPage\":{\"@id\":\"https:\/\/pinay-nudes.com\/users\/mae-leyte\/#primaryimage\"},\"image\":{\"@id\":\"https:\/\/pinay-nudes.com\/users\/mae-leyte\/#primaryimage\"},\"thumbnailUrl\":\"http:\/\/pinay-nudes.com\/wp-content\/uploads\/2023\/09\/3f198811ff2c1b9089a38eb9c6082e52.png\",\"datePublished\":\"2023-09-18T02:55:46+00:00\",\"dateModified\":\"2025-02-19T01:35:39+00:00\",\"breadcrumb\":{\"@id\":\"https:\/\/pinay-nudes.com\/users\/mae-leyte\/#breadcrumb\"},\"inLanguage\":\"ro-RO\",\"potentialAction\":[{\"@type\":\"ReadAction\",\"target\":[\"https:\/\/pinay-nudes.com\/users\/mae-leyte\/\"]}]},{\"@type\":\"ImageObject\",\"inLanguage\":\"ro-RO\",\"@id\":\"https:\/\/pinay-nudes.com\/users\/mae-leyte\/#primaryimage\",\"url\":\"http:\/\/pinay-nudes.com\/wp-content\/uploads\/2023\/09\/3f198811ff2c1b9089a38eb9c6082e52.png\",\"contentUrl\":\"http:\/\/pinay-nudes.com\/wp-content\/uploads\/2023\/09\/3f198811ff2c1b9089a38eb9c6082e52.png\"},{\"@type\":\"BreadcrumbList\",\"@id\":\"https:\/\/pinay-nudes.com\/users\/mae-leyte\/#breadcrumb\",\"itemListElement\":[{\"@type\":\"ListItem\",\"position\":1,\"name\":\"Home\",\"item\":\"https:\/\/pinay-nudes.com\/\"},{\"@type\":\"ListItem\",\"position\":2,\"name\":\"Our Users\",\"item\":\"https:\/\/pinay-nudes.com\/users\/\"},{\"@type\":\"ListItem\",\"position\":3,\"name\":\"Mae Leyte\"}]},{\"@type\":\"WebSite\",\"@id\":\"https:\/\/pinay-nudes.com\/#website\",\"url\":\"https:\/\/pinay-nudes.com\/\",\"name\":\"Nude Filipina Woman From Snapchat And Sex | Beauty Porn Pics\",\"description\":\"Check our Free Porn Gallery with nude beautiful girls. XXX Naked Porn Pics from Hot Naked Girls from Snapchat and Sex Cams. Best Filipina sexy photos\",\"publisher\":{\"@id\":\"https:\/\/pinay-nudes.com\/#organization\"},\"potentialAction\":[{\"@type\":\"SearchAction\",\"target\":{\"@type\":\"EntryPoint\",\"urlTemplate\":\"https:\/\/pinay-nudes.com\/?s={search_term_string}\"},\"query-input\":{\"@type\":\"PropertyValueSpecification\",\"valueRequired\":true,\"valueName\":\"search_term_string\"}}],\"inLanguage\":\"ro-RO\"},{\"@type\":\"Organization\",\"@id\":\"https:\/\/pinay-nudes.com\/#organization\",\"name\":\"Nude Filipina Woman From Snapchat And Sex | Beauty Porn Pics\",\"url\":\"https:\/\/pinay-nudes.com\/\",\"logo\":{\"@type\":\"ImageObject\",\"inLanguage\":\"ro-RO\",\"@id\":\"https:\/\/pinay-nudes.com\/#\/schema\/logo\/image\/\",\"url\":\"https:\/\/pinay-nudes.com\/wp-content\/uploads\/2023\/09\/cropped-cropped-logo2-1.png\",\"contentUrl\":\"https:\/\/pinay-nudes.com\/wp-content\/uploads\/2023\/09\/cropped-cropped-logo2-1.png\",\"width\":512,\"height\":512,\"caption\":\"Nude Filipina Woman From Snapchat And Sex | Beauty Porn Pics \"},\"image\":{\"@id\":\"https:\/\/pinay-nudes.com\/#\/schema\/logo\/image\/\"}}]}<\/script>\n<!-- \/ Yoast SEO plugin. -->","yoast_head_json":{"title":"Mae Leyte - Nude Filipina Woman From Snapchat And Sex | Beauty Porn Pics","robots":{"index":"index","follow":"follow","max-snippet":"max-snippet:-1","max-image-preview":"max-image-preview:large","max-video-preview":"max-video-preview:-1"},"canonical":"https:\/\/pinay-nudes.com\/ro\/users\/mae-leyte\/","og_locale":"ro_RO","og_type":"article","og_title":"Mae Leyte - Nude Filipina Woman From Snapchat And Sex | Beauty Porn Pics","og_description":"Date Filipina, Asian Amateur Porn Leaked, Filipina Nude Porn Videos, Nude Girls Photos Date with Filipina and exchange Filipina Nude Amateur Photos or Porn Videos Meet girls from Leyte and date them for a good coffee, a date or just for rough sex. Search for the Filipina Hot Girls on our platform and ask them&hellip; Cite\u0219te mai mult","og_url":"https:\/\/pinay-nudes.com\/ro\/users\/mae-leyte\/","og_site_name":"Nude Filipina Woman From Snapchat And Sex | Beauty Porn Pics","article_modified_time":"2025-02-19T01:35:39+00:00","og_image":[{"width":872,"height":644,"url":"https:\/\/pinay-nudes.com\/wp-content\/uploads\/2023\/09\/3f198811ff2c1b9089a38eb9c6082e52.png","type":"image\/png"}],"twitter_card":"summary_large_image","twitter_misc":{"Timp estimat pentru citire":"2 minute"},"schema":{"@context":"https:\/\/schema.org","@graph":[{"@type":"WebPage","@id":"https:\/\/pinay-nudes.com\/users\/mae-leyte\/","url":"https:\/\/pinay-nudes.com\/users\/mae-leyte\/","name":"Mae Leyte - Nude Filipina Woman From Snapchat And Sex | Beauty Porn Pics","isPartOf":{"@id":"https:\/\/pinay-nudes.com\/#website"},"primaryImageOfPage":{"@id":"https:\/\/pinay-nudes.com\/users\/mae-leyte\/#primaryimage"},"image":{"@id":"https:\/\/pinay-nudes.com\/users\/mae-leyte\/#primaryimage"},"thumbnailUrl":"http:\/\/pinay-nudes.com\/wp-content\/uploads\/2023\/09\/3f198811ff2c1b9089a38eb9c6082e52.png","datePublished":"2023-09-18T02:55:46+00:00","dateModified":"2025-02-19T01:35:39+00:00","breadcrumb":{"@id":"https:\/\/pinay-nudes.com\/users\/mae-leyte\/#breadcrumb"},"inLanguage":"ro-RO","potentialAction":[{"@type":"ReadAction","target":["https:\/\/pinay-nudes.com\/users\/mae-leyte\/"]}]},{"@type":"ImageObject","inLanguage":"ro-RO","@id":"https:\/\/pinay-nudes.com\/users\/mae-leyte\/#primaryimage","url":"http:\/\/pinay-nudes.com\/wp-content\/uploads\/2023\/09\/3f198811ff2c1b9089a38eb9c6082e52.png","contentUrl":"http:\/\/pinay-nudes.com\/wp-content\/uploads\/2023\/09\/3f198811ff2c1b9089a38eb9c6082e52.png"},{"@type":"BreadcrumbList","@id":"https:\/\/pinay-nudes.com\/users\/mae-leyte\/#breadcrumb","itemListElement":[{"@type":"ListItem","position":1,"name":"Home","item":"https:\/\/pinay-nudes.com\/"},{"@type":"ListItem","position":2,"name":"Our Users","item":"https:\/\/pinay-nudes.com\/users\/"},{"@type":"ListItem","position":3,"name":"Mae Leyte"}]},{"@type":"WebSite","@id":"https:\/\/pinay-nudes.com\/#website","url":"https:\/\/pinay-nudes.com\/","name":"Nude Filipina Woman From Snapchat And Sex | Beauty Porn Pics","description":"Check our Free Porn Gallery with nude beautiful girls. XXX Naked Porn Pics from Hot Naked Girls from Snapchat and Sex Cams. Best Filipina sexy photos","publisher":{"@id":"https:\/\/pinay-nudes.com\/#organization"},"potentialAction":[{"@type":"SearchAction","target":{"@type":"EntryPoint","urlTemplate":"https:\/\/pinay-nudes.com\/?s={search_term_string}"},"query-input":{"@type":"PropertyValueSpecification","valueRequired":true,"valueName":"search_term_string"}}],"inLanguage":"ro-RO"},{"@type":"Organization","@id":"https:\/\/pinay-nudes.com\/#organization","name":"Nude Filipina Woman From Snapchat And Sex | Beauty Porn Pics","url":"https:\/\/pinay-nudes.com\/","logo":{"@type":"ImageObject","inLanguage":"ro-RO","@id":"https:\/\/pinay-nudes.com\/#\/schema\/logo\/image\/","url":"https:\/\/pinay-nudes.com\/wp-content\/uploads\/2023\/09\/cropped-cropped-logo2-1.png","contentUrl":"https:\/\/pinay-nudes.com\/wp-content\/uploads\/2023\/09\/cropped-cropped-logo2-1.png","width":512,"height":512,"caption":"Nude Filipina Woman From Snapchat And Sex | Beauty Porn Pics "},"image":{"@id":"https:\/\/pinay-nudes.com\/#\/schema\/logo\/image\/"}}]}},"_links":{"self":[{"href":"https:\/\/pinay-nudes.com\/ro\/wp-json\/wp\/v2\/pages\/279","targetHints":{"allow":["GET"]}}],"collection":[{"href":"https:\/\/pinay-nudes.com\/ro\/wp-json\/wp\/v2\/pages"}],"about":[{"href":"https:\/\/pinay-nudes.com\/ro\/wp-json\/wp\/v2\/types\/page"}],"author":[{"embeddable":true,"href":"https:\/\/pinay-nudes.com\/ro\/wp-json\/wp\/v2\/users\/1"}],"replies":[{"embeddable":true,"href":"https:\/\/pinay-nudes.com\/ro\/wp-json\/wp\/v2\/comments?post=279"}],"version-history":[{"count":34,"href":"https:\/\/pinay-nudes.com\/ro\/wp-json\/wp\/v2\/pages\/279\/revisions"}],"predecessor-version":[{"id":2413,"href":"https:\/\/pinay-nudes.com\/ro\/wp-json\/wp\/v2\/pages\/279\/revisions\/2413"}],"up":[{"embeddable":true,"href":"https:\/\/pinay-nudes.com\/ro\/wp-json\/wp\/v2\/pages\/42"}],"wp:attachment":[{"href":"https:\/\/pinay-nudes.com\/ro\/wp-json\/wp\/v2\/media?parent=279"}],"curies":[{"name":"wp","href":"https:\/\/api.w.org\/{rel}","templated":true}]}}