{"id":276,"date":"2023-09-18T03:55:46","date_gmt":"2023-09-18T02:55:46","guid":{"rendered":"https:\/\/pinay-nudes.com\/?page_id=276"},"modified":"2025-02-19T01:37:28","modified_gmt":"2025-02-19T01:37:28","slug":"july-ormoc","status":"publish","type":"page","link":"https:\/\/pinay-nudes.com\/ro\/users\/july-ormoc\/","title":{"rendered":"July Ormoc"},"content":{"rendered":"<div data-elementor-type=\"wp-page\" data-elementor-id=\"276\" class=\"elementor elementor-276\">\n\t\t\t\t<div class=\"elementor-element elementor-element-6e44954 e-flex e-con-boxed e-con e-parent\" data-id=\"6e44954\" data-element_type=\"container\">\n\t\t\t\t\t<div class=\"e-con-inner\">\n\t\t\t\t<div class=\"elementor-element elementor-element-6c01782 elementor-widget elementor-widget-text-editor\" data-id=\"6c01782\" data-element_type=\"widget\" data-widget_type=\"text-editor.default\">\n\t\t\t\t<div class=\"elementor-widget-container\">\n\t\t\t\t\t\t\t\t\t<center><h1>Snapchat Nume de utilizator porno Snapchat, Snapchat Nude Porno Videoclipuri porno<\/h1><center>\t\t\t\t\t\t\t\t<\/div>\n\t\t\t\t<\/div>\n\t\t\t\t\t<\/div>\n\t\t\t\t<\/div>\n\t\t<div class=\"elementor-element elementor-element-fcaba8f e-flex e-con-boxed e-con e-parent\" data-id=\"fcaba8f\" data-element_type=\"container\">\n\t\t\t\t\t<div class=\"e-con-inner\">\n\t\t\t\t<div class=\"elementor-element elementor-element-e771349 elementor-widget elementor-widget-text-editor\" data-id=\"e771349\" data-element_type=\"widget\" data-widget_type=\"text-editor.default\">\n\t\t\t\t<div class=\"elementor-widget-container\">\n\t\t\t\t\t\t\t\t\t<h2>Snapchat Videoclipuri porno nud, clipuri de adolescen\u021bi goi de la fete fierbin\u021bi din Filipine<\/h2><p>Adolescentelor nud din Filipine le place s\u0103-\u0219i arate s\u00e2nii \u0219i fundul pe snapchat. \u00censcrie-te \u0219i al\u0103tur\u0103-te celei mai mari baze de date de p\u0103s\u0103rici de pe internet. Adolescentele dezbr\u0103cate \u00ee\u0219i arat\u0103 p\u0103s\u0103rica pe snapchat \u0219i \u00ee\u0219i produc propriul porno amator la o calitate foarte bun\u0103. Cele mai fierbin\u021bi fete asiatice excitate scurgeri de pe Snapchat. Videoclipuri premium anal murdar. Ob\u021bine\u021bi numele de utilizator al fetelor noastre gratuit \u0219i verifica\u021bi selfie-urile lor obraznice, nuduri scurgeri \u0219i porno Snapchat. Discuta\u021bi cu fete tinere sau milfs \u0219i face\u021bi sex pe Snapchat gratis!\u00a0<\/p><p>Ai visat vreodat\u0103 la o femeie asiatic\u0103 frumoas\u0103 pe care s\u0103 \u021bi-o po\u021bi trage zi \u0219i noapte? Dac\u0103 da, s-ar putea ca visul t\u0103u s\u0103 se \u00eemplineasc\u0103 \u0219i s\u0103 \u00eent\u00e2lne\u0219ti una \u00een cur\u00e2nd? Totul depinde de tine. Creeaz\u0103-\u021bi un cont gratuit \u0219i ai acces la o baz\u0103 de date cu mame tinere \u0219i mai \u00een v\u00e2rst\u0103 \u0219i \u00eent\u00e2lne\u0219te-te cu ele pentru sex fierbinte sau pur \u0219i simplu f\u0103 schimb de poze nud cu ele. Nu mai a\u0219tepta, pentru c\u0103 s-ar putea s\u0103 dispar\u0103 undeva \u0219i altcineva s\u0103 le pun\u0103 pe jar.\u00a0<\/p>\t\t\t\t\t\t\t\t<\/div>\n\t\t\t\t<\/div>\n\t\t\t\t\t<\/div>\n\t\t\t\t<\/div>\n\t\t<div class=\"elementor-element elementor-element-c2fdcf2 e-con-full e-flex e-con e-parent\" data-id=\"c2fdcf2\" data-element_type=\"container\">\n\t\t<div class=\"elementor-element elementor-element-cd7e078 e-con-full e-flex e-con e-child\" data-id=\"cd7e078\" data-element_type=\"container\">\n\t\t\t\t<div class=\"elementor-element elementor-element-cff4658 elementor-widget elementor-widget-image\" data-id=\"cff4658\" data-element_type=\"widget\" data-widget_type=\"image.default\">\n\t\t\t\t<div class=\"elementor-widget-container\">\n\t\t\t\t\t\t\t\t\t\t\t\t\t\t\t<img fetchpriority=\"high\" decoding=\"async\" width=\"960\" height=\"960\" src=\"https:\/\/pinay-nudes.com\/wp-content\/uploads\/2023\/09\/cropped-photo_2023-09-03_03-35-15.jpg\" class=\"attachment-large size-large wp-image-57\" alt=\"\" srcset=\"https:\/\/pinay-nudes.com\/wp-content\/uploads\/2023\/09\/cropped-photo_2023-09-03_03-35-15.jpg 960w, https:\/\/pinay-nudes.com\/wp-content\/uploads\/2023\/09\/cropped-photo_2023-09-03_03-35-15-300x300.jpg 300w, https:\/\/pinay-nudes.com\/wp-content\/uploads\/2023\/09\/cropped-photo_2023-09-03_03-35-15-150x150.jpg 150w, https:\/\/pinay-nudes.com\/wp-content\/uploads\/2023\/09\/cropped-photo_2023-09-03_03-35-15-768x768.jpg 768w\" sizes=\"(max-width: 960px) 100vw, 960px\" \/>\t\t\t\t\t\t\t\t\t\t\t\t\t\t\t<\/div>\n\t\t\t\t<\/div>\n\t\t\t\t<\/div>\n\t\t<div class=\"elementor-element elementor-element-8f65531 e-con-full e-flex e-con e-child\" data-id=\"8f65531\" data-element_type=\"container\">\n\t\t\t\t<div class=\"elementor-element elementor-element-5eb65a3 elementor-widget elementor-widget-heading\" data-id=\"5eb65a3\" data-element_type=\"widget\" data-widget_type=\"heading.default\">\n\t\t\t\t<div class=\"elementor-widget-container\">\n\t\t\t\t\t<h2 class=\"elementor-heading-title elementor-size-default\">July, Ormoc<\/h2>\t\t\t\t<\/div>\n\t\t\t\t<\/div>\n\t\t\t\t<div class=\"elementor-element elementor-element-fd66a05 elementor-widget elementor-widget-text-editor\" data-id=\"fd66a05\" data-element_type=\"widget\" data-widget_type=\"text-editor.default\">\n\t\t\t\t<div class=\"elementor-widget-container\">\n\t\t\t\t\t\t\t\t\t<p>Bun\u0103... Sunt Iulie \u0219i studiez \u00een. Politehnica, sunt \u00een anul II \ud83d\ude42 Pasiunea mea este dansul \u0219i c\u00e2ntatul. Cine \u0219tie, poate voi dansa ceva pentru tine :*<\/p>\t\t\t\t\t\t\t\t<\/div>\n\t\t\t\t<\/div>\n\t\t\t\t<div class=\"elementor-element elementor-element-9c1a1e7 elementor-shape-rounded elementor-grid-0 e-grid-align-center elementor-widget elementor-widget-social-icons\" data-id=\"9c1a1e7\" data-element_type=\"widget\" data-widget_type=\"social-icons.default\">\n\t\t\t\t<div class=\"elementor-widget-container\">\n\t\t\t\t\t\t\t<div class=\"elementor-social-icons-wrapper elementor-grid\">\n\t\t\t\t\t\t\t<span class=\"elementor-grid-item\">\n\t\t\t\t\t<a class=\"elementor-icon elementor-social-icon elementor-social-icon-facebook elementor-repeater-item-966ee37\" href=\"https:\/\/pinay-nudes.com\/ro\/cb\/register\/\" target=\"_blank\">\n\t\t\t\t\t\t<span class=\"elementor-screen-only\">Facebook<\/span>\n\t\t\t\t\t\t<i class=\"fab fa-facebook\"><\/i>\t\t\t\t\t<\/a>\n\t\t\t\t<\/span>\n\t\t\t\t\t\t\t<span class=\"elementor-grid-item\">\n\t\t\t\t\t<a class=\"elementor-icon elementor-social-icon elementor-social-icon-instagram elementor-repeater-item-47b44c9\" href=\"https:\/\/pinay-nudes.com\/ro\/nk\/register\/\" target=\"_blank\">\n\t\t\t\t\t\t<span class=\"elementor-screen-only\">Instagram<\/span>\n\t\t\t\t\t\t<i class=\"fab fa-instagram\"><\/i>\t\t\t\t\t<\/a>\n\t\t\t\t<\/span>\n\t\t\t\t\t\t\t<span class=\"elementor-grid-item\">\n\t\t\t\t\t<a class=\"elementor-icon elementor-social-icon elementor-social-icon-snapchat elementor-repeater-item-a214105\" href=\"https:\/\/pinay-nudes.com\/ro\/cb\/register\/\" target=\"_blank\">\n\t\t\t\t\t\t<span class=\"elementor-screen-only\">Snapchat<\/span>\n\t\t\t\t\t\t<i class=\"fab fa-snapchat\"><\/i>\t\t\t\t\t<\/a>\n\t\t\t\t<\/span>\n\t\t\t\t\t<\/div>\n\t\t\t\t\t\t<\/div>\n\t\t\t\t<\/div>\n\t\t\t\t<div class=\"elementor-element elementor-element-081156d elementor-invisible elementor-widget elementor-widget-text-editor\" data-id=\"081156d\" data-element_type=\"widget\" data-settings=\"{&quot;_animation&quot;:&quot;jello&quot;}\" data-widget_type=\"text-editor.default\">\n\t\t\t\t<div class=\"elementor-widget-container\">\n\t\t\t\t\t\t\t\t\t<p><strong>21,153<\/strong><\/p>\t\t\t\t\t\t\t\t<\/div>\n\t\t\t\t<\/div>\n\t\t\t\t<div class=\"elementor-element elementor-element-25546f6 elementor-widget elementor-widget-text-editor\" data-id=\"25546f6\" data-element_type=\"widget\" data-widget_type=\"text-editor.default\">\n\t\t\t\t<div class=\"elementor-widget-container\">\n\t\t\t\t\t\t\t\t\t<p>Urm\u0103ritori<\/p>\t\t\t\t\t\t\t\t<\/div>\n\t\t\t\t<\/div>\n\t\t\t\t<div class=\"elementor-element elementor-element-f0ca51b elementor-widget elementor-widget-text-editor\" data-id=\"f0ca51b\" data-element_type=\"widget\" data-widget_type=\"text-editor.default\">\n\t\t\t\t<div class=\"elementor-widget-container\">\n\t\t\t\t\t\t\t\t\t<p><strong>Sunt online!<\/strong><\/p><p>Timp mediu de r\u0103spuns 3-20 minute<\/p>\t\t\t\t\t\t\t\t<\/div>\n\t\t\t\t<\/div>\n\t\t\t\t<div class=\"elementor-element elementor-element-380107d elementor-align-center elementor-widget elementor-widget-button\" data-id=\"380107d\" data-element_type=\"widget\" data-widget_type=\"button.default\">\n\t\t\t\t<div class=\"elementor-widget-container\">\n\t\t\t\t\t\t\t\t\t<div class=\"elementor-button-wrapper\">\n\t\t\t\t\t<a class=\"elementor-button elementor-button-link elementor-size-sm\" href=\"https:\/\/pinay-nudes.com\/ro\/nk1\/register\/\">\n\t\t\t\t\t\t<span class=\"elementor-button-content-wrapper\">\n\t\t\t\t\t\t\t\t\t<span class=\"elementor-button-text\">Contact cu mine<\/span>\n\t\t\t\t\t<\/span>\n\t\t\t\t\t<\/a>\n\t\t\t\t<\/div>\n\t\t\t\t\t\t\t\t<\/div>\n\t\t\t\t<\/div>\n\t\t\t\t<div class=\"elementor-element elementor-element-6f183d4 elementor-star-rating--align-center elementor--star-style-star_fontawesome elementor-widget elementor-widget-star-rating\" data-id=\"6f183d4\" data-element_type=\"widget\" data-widget_type=\"star-rating.default\">\n\t\t\t\t<div class=\"elementor-widget-container\">\n\t\t\t\t\t\n\t\t<div class=\"elementor-star-rating__wrapper\">\n\t\t\t\t\t\t\t<div class=\"elementor-star-rating__title\">Revizuirea profilului:<\/div>\n\t\t\t\t\t\t<div class=\"elementor-star-rating\" title=\"4.8\/5\" itemtype=\"http:\/\/schema.org\/Rating\" itemscope=\"\" itemprop=\"reviewRating\"><i class=\"elementor-star-full\">&#xE934;<\/i><i class=\"elementor-star-full\">&#xE934;<\/i><i class=\"elementor-star-full\">&#xE934;<\/i><i class=\"elementor-star-full\">&#xE934;<\/i><i class=\"elementor-star-8\">&#xE934;<\/i> <span itemprop=\"ratingValue\" class=\"elementor-screen-only\">4.8\/5<\/span><\/div>\t\t<\/div>\n\t\t\t\t\t\t<\/div>\n\t\t\t\t<\/div>\n\t\t\t\t<\/div>\n\t\t\t\t<\/div>\n\t\t<div class=\"elementor-element elementor-element-427b3dd e-flex e-con-boxed e-con e-parent\" data-id=\"427b3dd\" data-element_type=\"container\">\n\t\t\t\t\t<div class=\"e-con-inner\">\n\t\t\t\t<div class=\"elementor-element elementor-element-68b4d8b elementor-widget elementor-widget-html\" data-id=\"68b4d8b\" data-element_type=\"widget\" data-widget_type=\"html.default\">\n\t\t\t\t<div class=\"elementor-widget-container\">\n\t\t\t\t\t<iframe scrolling=\"no\" frameborder=\"0\" height=\"300\" style=\"width:100%;min-width:70px;\" src=\"https:\/\/bngdin.com\/promo.php?c=787642&type=dynamic_banner&new_banner=0&db%5Bwidth%5D=160&db%5Bheight%5D=300&db%5Btype%5D=live&db%5Bmodel_zone%5D=free&db%5Bheader%5D=0&db%5Bfooter%5D=footer_text_1&db%5Bmlang%5D=1&db%5Bfullscreen%5D=&db%5Bmname%5D=1&db%5Bmlink%5D=1&db%5Bmstatus%5D=1&db%5Bmsize%5D=auto&db%5Bmpad%5D=1&db%5Bmwidth%5D=156&db%5Bcolor_scheme%5D=dark&db%5Bmborder%5D=solid&db%5Bmborder_color%5D=%23ffffff&db%5Bmborder_over_color%5D=%23a02239&db%5Bmshadow%5D=0&db%5Bmodels_by_geo%5D=0&db%5Bautoupdate%5D=1&db%5Btopmodels%5D=1&db%5Blanding%5D=chat&db%5Blogo_color%5D=negative&db%5Blogo_align%5D=left&db%5Bbg_color%5D=%23222222&db%5Bfont_family%5D=Trebuchet+MS&db%5Btext_align%5D=center&db%5Btext_color%5D=%23ffffff&db%5Blink_color%5D=%2396009e&db%5Beffect%5D=auto&db%5Beffect_speed%5D=optimal&db%5Bmode%5D=mode1&db%5Badaptive%5D=1&db%5Bslider%5D=0&db%5Bchat%5D=0\"><\/iframe>\t\t\t\t<\/div>\n\t\t\t\t<\/div>\n\t\t\t\t\t<\/div>\n\t\t\t\t<\/div>\n\t\t<div class=\"elementor-element elementor-element-e85f7c6 e-flex e-con-boxed e-con e-parent\" data-id=\"e85f7c6\" data-element_type=\"container\">\n\t\t\t\t\t<div class=\"e-con-inner\">\n\t\t\t\t<div class=\"elementor-element elementor-element-b05a716 elementor-widget elementor-widget-text-editor\" data-id=\"b05a716\" data-element_type=\"widget\" data-widget_type=\"text-editor.default\">\n\t\t\t\t<div class=\"elementor-widget-container\">\n\t\t\t\t\t\t\t\t\t<h2>Fete tinere premium \u0219i fotografii NSFW de pe Snapchat \u0219i Sex Cams<\/h2><p>Primi\u021bi fotografii nud de la fete snapchat complet gratuit. Pentru a avea acces la baza de date cu camere de sex online \u0219i nume de utilizator pe snapchat, tot ce trebuie s\u0103 face\u021bi este s\u0103 v\u0103 \u00eenregistra\u021bi. Nu trebuie s\u0103 furnizezi datele cardului de credit. Tot ce ai nevoie este un nume de utilizator, o parol\u0103 \u0219i o adres\u0103 de e-mail. Privi\u021bi-le cum \u00ee\u0219i ating p\u0103s\u0103rica cu degetul. \u00ce\u021bi a\u0219teapt\u0103 scula \u0219i pozele tale nud pe snapchat. \u00ce\u021bi place \u0219i \u021bie sextingul? Dac\u0103 da, de ce mai a\u0219tep\u021bi?\u00a0<\/p><p>Snapchat videoclipuri nud de la cele mai sexy fete asiatice amatoare. XXX Sexy Snapchat Pics de la fete adolescente sau milf. Vrei s\u0103 vezi cum se joac\u0103 cu dildo-ul lor? Videoclipurile murdare de pe Snapchat sunt nelimitate dup\u0103 \u00eenregistrare \u0219i ai acces gratuit la videoclipuri porno. Nu mai trebuie s\u0103 cau\u021bi un alt site cu poze nud cu fete Snapchat. Baza noastr\u0103 de date este foarte mare \u0219i va satisface nevoile chiar \u0219i celor mai preten\u021bio\u0219i oameni. Doar crea\u021bi-v\u0103 un cont \u0219i bucura\u021bi-v\u0103 de fiecare moment cu cele mai frumoase femei din lume.<\/p><h2>Cel mai bun loc pentru Sexting \u0219i \u00eent\u00e2lni\u021bi fete filipineze excitate din Snapchat<\/h2><p>\u00a0<\/p><p>Trimiterea de fotografii nud a devenit foarte popular\u0103, ast\u0103zi aproape toat\u0103 lumea a f\u0103cut sexted cel pu\u021bin o dat\u0103 pe internet. Mul\u021bi dintre noi suntem mai pu\u021bin timizi dac\u0103 facem sex pe internet \u0219i suntem mai pu\u021bin timizi dac\u0103 \u00eent\u00e2lnim oameni pe internet. Ob\u021bine\u021bi nume de utilizator Sexting \u0219i primi\u021bi fotografii nud de la fete dezbr\u0103cate. Site-ul nostru ofer\u0103 cele mai bune Snapchat Leaked Pics \u0219i videoclipuri de la Pornstars \u0219i fete tiktok amatoare.<\/p><p>Ob\u021bine\u021bi acces la conturile Snapchat \u0219i cel mai bun con\u021binut Snapchat pe care l-a\u021bi v\u0103zut vreodat\u0103. Sunte\u021bi \u00een locul potrivit pentru a ob\u021bine poze de sex \u0219i clipuri de cas\u0103 cu nuduri fierbin\u021bi. Totul este gratuit, trebuie doar s\u0103 v\u0103 \u00eenregistra\u021bi! G\u0103se\u0219te o fat\u0103 care iube\u0219te sexul \u0219i sexul dur \u00een fa\u021ba camerelor web. Bag\u0103-\u021bi pula \u00een fundul ei pentru c\u0103 ea t\u00e2nje\u0219te dup\u0103 asta.<\/p><p>Face\u021bi un snapchat sexting, r\u0103sfoi\u021bi fotografii \u0219i videoclipuri snapchat scurgeri \u0219i selfie-uri nud. Hookup-le \u0219i face\u021bi propriile fotografii porno cu fe\u021bele lor dr\u0103gu\u021be. Cele mai bune fete filipineze din Ormoc, Manila, Cebu \u0219i alte ora\u0219e din Filipine. Cele mai frumoase fete asiatice amatoare de pe internet. G\u0103se\u0219te-\u021bi favorita \u0219i aranjeaz\u0103 o \u00eent\u00e2lnire sau o partid\u0103 de sex la hotel.<\/p>\t\t\t\t\t\t\t\t<\/div>\n\t\t\t\t<\/div>\n\t\t\t\t\t<\/div>\n\t\t\t\t<\/div>\n\t\t\t\t<\/div>","protected":false},"excerpt":{"rendered":"<p>Snapchat Porn Usernames, Snapchat Nude Porn Videos Snapchat Nude Porn Videos, Naked Teen Snaps From Hot Girls Filipina Nude teenagers from the Philippines like to show their boobs and ass on snapchat. Sign up and join the largest pussy database on the internet. Stripped teens show pussy on snapchat and produce their own amateur porn&hellip; <br \/> <a class=\"read-more\" href=\"https:\/\/pinay-nudes.com\/ro\/users\/july-ormoc\/\">Cite\u0219te mai mult<\/a><\/p>","protected":false},"author":1,"featured_media":0,"parent":42,"menu_order":0,"comment_status":"closed","ping_status":"closed","template":"page-templates\/homepage.php","meta":{"_monsterinsights_skip_tracking":false,"_monsterinsights_sitenote_active":false,"_monsterinsights_sitenote_note":"","_monsterinsights_sitenote_category":0,"footnotes":""},"class_list":["post-276","page","type-page","status-publish","hentry"],"aioseo_notices":[],"yoast_head":"<!-- This site is optimized with the Yoast SEO plugin v24.4 - https:\/\/yoast.com\/wordpress\/plugins\/seo\/ -->\n<title>July Ormoc - Nude Filipina Woman From Snapchat And Sex | Beauty Porn Pics<\/title>\n<meta name=\"robots\" content=\"index, follow, max-snippet:-1, max-image-preview:large, max-video-preview:-1\" \/>\n<link rel=\"canonical\" href=\"https:\/\/pinay-nudes.com\/ro\/users\/july-ormoc\/\" \/>\n<meta property=\"og:locale\" content=\"ro_RO\" \/>\n<meta property=\"og:type\" content=\"article\" \/>\n<meta property=\"og:title\" content=\"July Ormoc - Nude Filipina Woman From Snapchat And Sex | Beauty Porn Pics\" \/>\n<meta property=\"og:description\" content=\"Snapchat Porn Usernames, Snapchat Nude Porn Videos Snapchat Nude Porn Videos, Naked Teen Snaps From Hot Girls Filipina Nude teenagers from the Philippines like to show their boobs and ass on snapchat. Sign up and join the largest pussy database on the internet. Stripped teens show pussy on snapchat and produce their own amateur porn&hellip; Cite\u0219te mai mult\" \/>\n<meta property=\"og:url\" content=\"https:\/\/pinay-nudes.com\/ro\/users\/july-ormoc\/\" \/>\n<meta property=\"og:site_name\" content=\"Nude Filipina Woman From Snapchat And Sex | Beauty Porn Pics\" \/>\n<meta property=\"article:modified_time\" content=\"2025-02-19T01:37:28+00:00\" \/>\n<meta property=\"og:image\" content=\"https:\/\/pinay-nudes.com\/wp-content\/uploads\/2023\/09\/cropped-photo_2023-09-03_03-35-15.jpg\" \/>\n\t<meta property=\"og:image:width\" content=\"960\" \/>\n\t<meta property=\"og:image:height\" content=\"960\" \/>\n\t<meta property=\"og:image:type\" content=\"image\/jpeg\" \/>\n<meta name=\"twitter:card\" content=\"summary_large_image\" \/>\n<meta name=\"twitter:label1\" content=\"Timp estimat pentru citire\" \/>\n\t<meta name=\"twitter:data1\" content=\"3 minute\" \/>\n<script type=\"application\/ld+json\" class=\"yoast-schema-graph\">{\"@context\":\"https:\/\/schema.org\",\"@graph\":[{\"@type\":\"WebPage\",\"@id\":\"https:\/\/pinay-nudes.com\/users\/july-ormoc\/\",\"url\":\"https:\/\/pinay-nudes.com\/users\/july-ormoc\/\",\"name\":\"July Ormoc - Nude Filipina Woman From Snapchat And Sex | Beauty Porn Pics\",\"isPartOf\":{\"@id\":\"https:\/\/pinay-nudes.com\/#website\"},\"primaryImageOfPage\":{\"@id\":\"https:\/\/pinay-nudes.com\/users\/july-ormoc\/#primaryimage\"},\"image\":{\"@id\":\"https:\/\/pinay-nudes.com\/users\/july-ormoc\/#primaryimage\"},\"thumbnailUrl\":\"http:\/\/pinay-nudes.com\/wp-content\/uploads\/2023\/09\/cropped-photo_2023-09-03_03-35-15.jpg\",\"datePublished\":\"2023-09-18T02:55:46+00:00\",\"dateModified\":\"2025-02-19T01:37:28+00:00\",\"breadcrumb\":{\"@id\":\"https:\/\/pinay-nudes.com\/users\/july-ormoc\/#breadcrumb\"},\"inLanguage\":\"ro-RO\",\"potentialAction\":[{\"@type\":\"ReadAction\",\"target\":[\"https:\/\/pinay-nudes.com\/users\/july-ormoc\/\"]}]},{\"@type\":\"ImageObject\",\"inLanguage\":\"ro-RO\",\"@id\":\"https:\/\/pinay-nudes.com\/users\/july-ormoc\/#primaryimage\",\"url\":\"http:\/\/pinay-nudes.com\/wp-content\/uploads\/2023\/09\/cropped-photo_2023-09-03_03-35-15.jpg\",\"contentUrl\":\"http:\/\/pinay-nudes.com\/wp-content\/uploads\/2023\/09\/cropped-photo_2023-09-03_03-35-15.jpg\"},{\"@type\":\"BreadcrumbList\",\"@id\":\"https:\/\/pinay-nudes.com\/users\/july-ormoc\/#breadcrumb\",\"itemListElement\":[{\"@type\":\"ListItem\",\"position\":1,\"name\":\"Home\",\"item\":\"https:\/\/pinay-nudes.com\/\"},{\"@type\":\"ListItem\",\"position\":2,\"name\":\"Our Users\",\"item\":\"https:\/\/pinay-nudes.com\/users\/\"},{\"@type\":\"ListItem\",\"position\":3,\"name\":\"July Ormoc\"}]},{\"@type\":\"WebSite\",\"@id\":\"https:\/\/pinay-nudes.com\/#website\",\"url\":\"https:\/\/pinay-nudes.com\/\",\"name\":\"Nude Filipina Woman From Snapchat And Sex | Beauty Porn Pics\",\"description\":\"Check our Free Porn Gallery with nude beautiful girls. XXX Naked Porn Pics from Hot Naked Girls from Snapchat and Sex Cams. Best Filipina sexy photos\",\"publisher\":{\"@id\":\"https:\/\/pinay-nudes.com\/#organization\"},\"potentialAction\":[{\"@type\":\"SearchAction\",\"target\":{\"@type\":\"EntryPoint\",\"urlTemplate\":\"https:\/\/pinay-nudes.com\/?s={search_term_string}\"},\"query-input\":{\"@type\":\"PropertyValueSpecification\",\"valueRequired\":true,\"valueName\":\"search_term_string\"}}],\"inLanguage\":\"ro-RO\"},{\"@type\":\"Organization\",\"@id\":\"https:\/\/pinay-nudes.com\/#organization\",\"name\":\"Nude Filipina Woman From Snapchat And Sex | Beauty Porn Pics\",\"url\":\"https:\/\/pinay-nudes.com\/\",\"logo\":{\"@type\":\"ImageObject\",\"inLanguage\":\"ro-RO\",\"@id\":\"https:\/\/pinay-nudes.com\/#\/schema\/logo\/image\/\",\"url\":\"https:\/\/pinay-nudes.com\/wp-content\/uploads\/2023\/09\/cropped-cropped-logo2-1.png\",\"contentUrl\":\"https:\/\/pinay-nudes.com\/wp-content\/uploads\/2023\/09\/cropped-cropped-logo2-1.png\",\"width\":512,\"height\":512,\"caption\":\"Nude Filipina Woman From Snapchat And Sex | Beauty Porn Pics \"},\"image\":{\"@id\":\"https:\/\/pinay-nudes.com\/#\/schema\/logo\/image\/\"}}]}<\/script>\n<!-- \/ Yoast SEO plugin. -->","yoast_head_json":{"title":"July Ormoc - Nude Filipina Woman From Snapchat And Sex | Beauty Porn Pics","robots":{"index":"index","follow":"follow","max-snippet":"max-snippet:-1","max-image-preview":"max-image-preview:large","max-video-preview":"max-video-preview:-1"},"canonical":"https:\/\/pinay-nudes.com\/ro\/users\/july-ormoc\/","og_locale":"ro_RO","og_type":"article","og_title":"July Ormoc - Nude Filipina Woman From Snapchat And Sex | Beauty Porn Pics","og_description":"Snapchat Porn Usernames, Snapchat Nude Porn Videos Snapchat Nude Porn Videos, Naked Teen Snaps From Hot Girls Filipina Nude teenagers from the Philippines like to show their boobs and ass on snapchat. Sign up and join the largest pussy database on the internet. Stripped teens show pussy on snapchat and produce their own amateur porn&hellip; Cite\u0219te mai mult","og_url":"https:\/\/pinay-nudes.com\/ro\/users\/july-ormoc\/","og_site_name":"Nude Filipina Woman From Snapchat And Sex | Beauty Porn Pics","article_modified_time":"2025-02-19T01:37:28+00:00","og_image":[{"width":960,"height":960,"url":"https:\/\/pinay-nudes.com\/wp-content\/uploads\/2023\/09\/cropped-photo_2023-09-03_03-35-15.jpg","type":"image\/jpeg"}],"twitter_card":"summary_large_image","twitter_misc":{"Timp estimat pentru citire":"3 minute"},"schema":{"@context":"https:\/\/schema.org","@graph":[{"@type":"WebPage","@id":"https:\/\/pinay-nudes.com\/users\/july-ormoc\/","url":"https:\/\/pinay-nudes.com\/users\/july-ormoc\/","name":"July Ormoc - Nude Filipina Woman From Snapchat And Sex | Beauty Porn Pics","isPartOf":{"@id":"https:\/\/pinay-nudes.com\/#website"},"primaryImageOfPage":{"@id":"https:\/\/pinay-nudes.com\/users\/july-ormoc\/#primaryimage"},"image":{"@id":"https:\/\/pinay-nudes.com\/users\/july-ormoc\/#primaryimage"},"thumbnailUrl":"http:\/\/pinay-nudes.com\/wp-content\/uploads\/2023\/09\/cropped-photo_2023-09-03_03-35-15.jpg","datePublished":"2023-09-18T02:55:46+00:00","dateModified":"2025-02-19T01:37:28+00:00","breadcrumb":{"@id":"https:\/\/pinay-nudes.com\/users\/july-ormoc\/#breadcrumb"},"inLanguage":"ro-RO","potentialAction":[{"@type":"ReadAction","target":["https:\/\/pinay-nudes.com\/users\/july-ormoc\/"]}]},{"@type":"ImageObject","inLanguage":"ro-RO","@id":"https:\/\/pinay-nudes.com\/users\/july-ormoc\/#primaryimage","url":"http:\/\/pinay-nudes.com\/wp-content\/uploads\/2023\/09\/cropped-photo_2023-09-03_03-35-15.jpg","contentUrl":"http:\/\/pinay-nudes.com\/wp-content\/uploads\/2023\/09\/cropped-photo_2023-09-03_03-35-15.jpg"},{"@type":"BreadcrumbList","@id":"https:\/\/pinay-nudes.com\/users\/july-ormoc\/#breadcrumb","itemListElement":[{"@type":"ListItem","position":1,"name":"Home","item":"https:\/\/pinay-nudes.com\/"},{"@type":"ListItem","position":2,"name":"Our Users","item":"https:\/\/pinay-nudes.com\/users\/"},{"@type":"ListItem","position":3,"name":"July Ormoc"}]},{"@type":"WebSite","@id":"https:\/\/pinay-nudes.com\/#website","url":"https:\/\/pinay-nudes.com\/","name":"Nude Filipina Woman From Snapchat And Sex | Beauty Porn Pics","description":"Check our Free Porn Gallery with nude beautiful girls. XXX Naked Porn Pics from Hot Naked Girls from Snapchat and Sex Cams. Best Filipina sexy photos","publisher":{"@id":"https:\/\/pinay-nudes.com\/#organization"},"potentialAction":[{"@type":"SearchAction","target":{"@type":"EntryPoint","urlTemplate":"https:\/\/pinay-nudes.com\/?s={search_term_string}"},"query-input":{"@type":"PropertyValueSpecification","valueRequired":true,"valueName":"search_term_string"}}],"inLanguage":"ro-RO"},{"@type":"Organization","@id":"https:\/\/pinay-nudes.com\/#organization","name":"Nude Filipina Woman From Snapchat And Sex | Beauty Porn Pics","url":"https:\/\/pinay-nudes.com\/","logo":{"@type":"ImageObject","inLanguage":"ro-RO","@id":"https:\/\/pinay-nudes.com\/#\/schema\/logo\/image\/","url":"https:\/\/pinay-nudes.com\/wp-content\/uploads\/2023\/09\/cropped-cropped-logo2-1.png","contentUrl":"https:\/\/pinay-nudes.com\/wp-content\/uploads\/2023\/09\/cropped-cropped-logo2-1.png","width":512,"height":512,"caption":"Nude Filipina Woman From Snapchat And Sex | Beauty Porn Pics "},"image":{"@id":"https:\/\/pinay-nudes.com\/#\/schema\/logo\/image\/"}}]}},"_links":{"self":[{"href":"https:\/\/pinay-nudes.com\/ro\/wp-json\/wp\/v2\/pages\/276","targetHints":{"allow":["GET"]}}],"collection":[{"href":"https:\/\/pinay-nudes.com\/ro\/wp-json\/wp\/v2\/pages"}],"about":[{"href":"https:\/\/pinay-nudes.com\/ro\/wp-json\/wp\/v2\/types\/page"}],"author":[{"embeddable":true,"href":"https:\/\/pinay-nudes.com\/ro\/wp-json\/wp\/v2\/users\/1"}],"replies":[{"embeddable":true,"href":"https:\/\/pinay-nudes.com\/ro\/wp-json\/wp\/v2\/comments?post=276"}],"version-history":[{"count":40,"href":"https:\/\/pinay-nudes.com\/ro\/wp-json\/wp\/v2\/pages\/276\/revisions"}],"predecessor-version":[{"id":2422,"href":"https:\/\/pinay-nudes.com\/ro\/wp-json\/wp\/v2\/pages\/276\/revisions\/2422"}],"up":[{"embeddable":true,"href":"https:\/\/pinay-nudes.com\/ro\/wp-json\/wp\/v2\/pages\/42"}],"wp:attachment":[{"href":"https:\/\/pinay-nudes.com\/ro\/wp-json\/wp\/v2\/media?parent=276"}],"curies":[{"name":"wp","href":"https:\/\/api.w.org\/{rel}","templated":true}]}}