{"id":275,"date":"2023-09-18T03:55:46","date_gmt":"2023-09-18T02:55:46","guid":{"rendered":"https:\/\/pinay-nudes.com\/?page_id=275"},"modified":"2025-02-19T01:37:38","modified_gmt":"2025-02-19T01:37:38","slug":"roxie-angeles","status":"publish","type":"page","link":"https:\/\/pinay-nudes.com\/ro\/users\/roxie-angeles\/","title":{"rendered":"Roxie Angeles"},"content":{"rendered":"<div data-elementor-type=\"wp-page\" data-elementor-id=\"275\" class=\"elementor elementor-275\">\n\t\t\t\t<div class=\"elementor-element elementor-element-3043044 e-flex e-con-boxed e-con e-parent\" data-id=\"3043044\" data-element_type=\"container\">\n\t\t\t\t\t<div class=\"e-con-inner\">\n\t\t\t\t<div class=\"elementor-element elementor-element-b2981b3 elementor-widget elementor-widget-text-editor\" data-id=\"b2981b3\" data-element_type=\"widget\" data-widget_type=\"text-editor.default\">\n\t\t\t\t<div class=\"elementor-widget-container\">\n\t\t\t\t\t\t\t\t\t<center><h1 class=\"herotitle\">Snapchat Nudes Videoclipuri porno Con\u021binut gratuit - C\u0103utare nume de utilizator<\/h1><\/center>\t\t\t\t\t\t\t\t<\/div>\n\t\t\t\t<\/div>\n\t\t\t\t\t<\/div>\n\t\t\t\t<\/div>\n\t\t<div class=\"elementor-element elementor-element-626a75c e-flex e-con-boxed e-con e-parent\" data-id=\"626a75c\" data-element_type=\"container\">\n\t\t\t\t\t<div class=\"e-con-inner\">\n\t\t\t\t<div class=\"elementor-element elementor-element-5aed981 elementor-widget elementor-widget-text-editor\" data-id=\"5aed981\" data-element_type=\"widget\" data-widget_type=\"text-editor.default\">\n\t\t\t\t<div class=\"elementor-widget-container\">\n\t\t\t\t\t\t\t\t\t<h2>Snapchat fete adolescente nud - porno Pussy Videos Snapchat Leaked<\/h2><p>\u00a0<\/p><p>Cea mai bun\u0103 galerie de nuduri \u0219i videoclipuri porno de amatori cu Filipine \u0219i alte femei asiatice, direct de pe snapchat. Cea mai mare baz\u0103 de date de videoclipuri de amatori \u0219i scandaluri cu filipineze fierbin\u021bi. Trimite\u021bi snap-uri \u0219i sexting cu femei frumoase care doresc sex online. \u00cen baza noastr\u0103 de date vei g\u0103si fete care trimit poze \u0219i videoclipuri nud obraznice pe snap.\u00a0<\/p><p>Fete cu cele mai bune \u021b\u00e2\u021be \u0219i p\u0103s\u0103rici de pe internet \u0219i modele de camere de sex de care te vei \u00eendr\u0103gosti. Fete excitate care vor s\u0103 se \u00eent\u00e2lneasc\u0103 cu tine la un restaurant, sau pur \u0219i simplu vor sex dur \u00eentr-un hotel. Cele mai mari scurgeri de poze \u0219i videoclipuri scandaloase cu femei fierbin\u021bi. Cele mai bune videoclipuri gratuite premium Nude snapchat cu adolescente \u0219i milf-uri murdare. Verific\u0103 con\u021binutul lor de poze cu s\u00e2ni \u0219i funduri sexy. Mesajeaz\u0103 milf-uri asiatice \u0219i invit\u0103-le pentru degete anale.<\/p>\t\t\t\t\t\t\t\t<\/div>\n\t\t\t\t<\/div>\n\t\t\t\t\t<\/div>\n\t\t\t\t<\/div>\n\t\t<div class=\"elementor-element elementor-element-3bdfa18 e-con-full e-flex e-con e-parent\" data-id=\"3bdfa18\" data-element_type=\"container\">\n\t\t<div class=\"elementor-element elementor-element-f0bbf59 e-con-full e-flex e-con e-child\" data-id=\"f0bbf59\" data-element_type=\"container\">\n\t\t\t\t<div class=\"elementor-element elementor-element-2b36f9c elementor-widget elementor-widget-image\" data-id=\"2b36f9c\" data-element_type=\"widget\" data-widget_type=\"image.default\">\n\t\t\t\t<div class=\"elementor-widget-container\">\n\t\t\t\t\t\t\t\t\t\t\t\t\t\t\t<img fetchpriority=\"high\" decoding=\"async\" width=\"576\" height=\"1024\" src=\"https:\/\/pinay-nudes.com\/wp-content\/uploads\/2023\/09\/6-1-768x1365-6-576x1024.jpg\" class=\"attachment-large size-large wp-image-359\" alt=\"\" srcset=\"https:\/\/pinay-nudes.com\/wp-content\/uploads\/2023\/09\/6-1-768x1365-6-576x1024.jpg 576w, https:\/\/pinay-nudes.com\/wp-content\/uploads\/2023\/09\/6-1-768x1365-6-169x300.jpg 169w, https:\/\/pinay-nudes.com\/wp-content\/uploads\/2023\/09\/6-1-768x1365-6-608x1080.jpg 608w, https:\/\/pinay-nudes.com\/wp-content\/uploads\/2023\/09\/6-1-768x1365-6.jpg 768w\" sizes=\"(max-width: 576px) 100vw, 576px\" \/>\t\t\t\t\t\t\t\t\t\t\t\t\t\t\t<\/div>\n\t\t\t\t<\/div>\n\t\t\t\t<\/div>\n\t\t<div class=\"elementor-element elementor-element-8fd1f6a e-con-full e-flex e-con e-child\" data-id=\"8fd1f6a\" data-element_type=\"container\">\n\t\t\t\t<div class=\"elementor-element elementor-element-ed0ff29 elementor-widget elementor-widget-heading\" data-id=\"ed0ff29\" data-element_type=\"widget\" data-widget_type=\"heading.default\">\n\t\t\t\t<div class=\"elementor-widget-container\">\n\t\t\t\t\t<h2 class=\"elementor-heading-title elementor-size-default\">Roxie, Angeles City<\/h2>\t\t\t\t<\/div>\n\t\t\t\t<\/div>\n\t\t\t\t<div class=\"elementor-element elementor-element-50b5a86 elementor-widget elementor-widget-text-editor\" data-id=\"50b5a86\" data-element_type=\"widget\" data-widget_type=\"text-editor.default\">\n\t\t\t\t<div class=\"elementor-widget-container\">\n\t\t\t\t\t\t\t\t\t<p>Numele meu este Roxie, locuiesc \u0219i lucrez \u00een Angeles City. Nu fac nimic relativ ambi\u021bios, pentru c\u0103 lucrez \u00eentr-un lan\u021b de magazine de haine, dar \u00eemi place slujba mea \ud83d\ude42 Dac\u0103 ai chef de o plimbare sau de ceva de m\u00e2ncare, ia leg\u0103tura cu mine....<\/p>\t\t\t\t\t\t\t\t<\/div>\n\t\t\t\t<\/div>\n\t\t\t\t<div class=\"elementor-element elementor-element-b1f94c1 elementor-shape-rounded elementor-grid-0 e-grid-align-center elementor-widget elementor-widget-social-icons\" data-id=\"b1f94c1\" data-element_type=\"widget\" data-widget_type=\"social-icons.default\">\n\t\t\t\t<div class=\"elementor-widget-container\">\n\t\t\t\t\t\t\t<div class=\"elementor-social-icons-wrapper elementor-grid\">\n\t\t\t\t\t\t\t<span class=\"elementor-grid-item\">\n\t\t\t\t\t<a class=\"elementor-icon elementor-social-icon elementor-social-icon-facebook elementor-repeater-item-966ee37\" href=\"https:\/\/pinay-nudes.com\/ro\/nk\/register\/\" target=\"_blank\">\n\t\t\t\t\t\t<span class=\"elementor-screen-only\">Facebook<\/span>\n\t\t\t\t\t\t<i class=\"fab fa-facebook\"><\/i>\t\t\t\t\t<\/a>\n\t\t\t\t<\/span>\n\t\t\t\t\t\t\t<span class=\"elementor-grid-item\">\n\t\t\t\t\t<a class=\"elementor-icon elementor-social-icon elementor-social-icon-instagram elementor-repeater-item-47b44c9\" href=\"https:\/\/pinay-nudes.com\/ro\/cb\/register\/\" target=\"_blank\">\n\t\t\t\t\t\t<span class=\"elementor-screen-only\">Instagram<\/span>\n\t\t\t\t\t\t<i class=\"fab fa-instagram\"><\/i>\t\t\t\t\t<\/a>\n\t\t\t\t<\/span>\n\t\t\t\t\t\t\t<span class=\"elementor-grid-item\">\n\t\t\t\t\t<a class=\"elementor-icon elementor-social-icon elementor-social-icon-snapchat elementor-repeater-item-a214105\" href=\"https:\/\/pinay-nudes.com\/ro\/nk1\/register\/\" target=\"_blank\">\n\t\t\t\t\t\t<span class=\"elementor-screen-only\">Snapchat<\/span>\n\t\t\t\t\t\t<i class=\"fab fa-snapchat\"><\/i>\t\t\t\t\t<\/a>\n\t\t\t\t<\/span>\n\t\t\t\t\t<\/div>\n\t\t\t\t\t\t<\/div>\n\t\t\t\t<\/div>\n\t\t\t\t<div class=\"elementor-element elementor-element-01e295c elementor-invisible elementor-widget elementor-widget-text-editor\" data-id=\"01e295c\" data-element_type=\"widget\" data-settings=\"{&quot;_animation&quot;:&quot;jello&quot;}\" data-widget_type=\"text-editor.default\">\n\t\t\t\t<div class=\"elementor-widget-container\">\n\t\t\t\t\t\t\t\t\t<p><strong>11,853<\/strong><\/p>\t\t\t\t\t\t\t\t<\/div>\n\t\t\t\t<\/div>\n\t\t\t\t<div class=\"elementor-element elementor-element-02afaf6 elementor-widget elementor-widget-text-editor\" data-id=\"02afaf6\" data-element_type=\"widget\" data-widget_type=\"text-editor.default\">\n\t\t\t\t<div class=\"elementor-widget-container\">\n\t\t\t\t\t\t\t\t\t<p>Urm\u0103ritori<\/p>\t\t\t\t\t\t\t\t<\/div>\n\t\t\t\t<\/div>\n\t\t\t\t<div class=\"elementor-element elementor-element-f745a1e elementor-widget elementor-widget-text-editor\" data-id=\"f745a1e\" data-element_type=\"widget\" data-widget_type=\"text-editor.default\">\n\t\t\t\t<div class=\"elementor-widget-container\">\n\t\t\t\t\t\t\t\t\t<p><strong>Sunt online!<\/strong><\/p><p>Timp mediu de r\u0103spuns 3-20 minute<\/p>\t\t\t\t\t\t\t\t<\/div>\n\t\t\t\t<\/div>\n\t\t\t\t<div class=\"elementor-element elementor-element-566ae54 elementor-align-center elementor-widget elementor-widget-button\" data-id=\"566ae54\" data-element_type=\"widget\" data-widget_type=\"button.default\">\n\t\t\t\t<div class=\"elementor-widget-container\">\n\t\t\t\t\t\t\t\t\t<div class=\"elementor-button-wrapper\">\n\t\t\t\t\t<a class=\"elementor-button elementor-button-link elementor-size-sm\" href=\"https:\/\/pinay-nudes.com\/ro\/cb\/register\/\">\n\t\t\t\t\t\t<span class=\"elementor-button-content-wrapper\">\n\t\t\t\t\t\t\t\t\t<span class=\"elementor-button-text\">Contact cu mine<\/span>\n\t\t\t\t\t<\/span>\n\t\t\t\t\t<\/a>\n\t\t\t\t<\/div>\n\t\t\t\t\t\t\t\t<\/div>\n\t\t\t\t<\/div>\n\t\t\t\t<div class=\"elementor-element elementor-element-b788482 elementor-star-rating--align-center elementor--star-style-star_fontawesome elementor-widget elementor-widget-star-rating\" data-id=\"b788482\" data-element_type=\"widget\" data-widget_type=\"star-rating.default\">\n\t\t\t\t<div class=\"elementor-widget-container\">\n\t\t\t\t\t\n\t\t<div class=\"elementor-star-rating__wrapper\">\n\t\t\t\t\t\t\t<div class=\"elementor-star-rating__title\">Revizuirea profilului:<\/div>\n\t\t\t\t\t\t<div class=\"elementor-star-rating\" title=\"4.3\/5\" itemtype=\"http:\/\/schema.org\/Rating\" itemscope=\"\" itemprop=\"reviewRating\"><i class=\"elementor-star-full\">&#xE934;<\/i><i class=\"elementor-star-full\">&#xE934;<\/i><i class=\"elementor-star-full\">&#xE934;<\/i><i class=\"elementor-star-full\">&#xE934;<\/i><i class=\"elementor-star-3\">&#xE934;<\/i> <span itemprop=\"ratingValue\" class=\"elementor-screen-only\">4.3\/5<\/span><\/div>\t\t<\/div>\n\t\t\t\t\t\t<\/div>\n\t\t\t\t<\/div>\n\t\t\t\t<\/div>\n\t\t\t\t<\/div>\n\t\t<div class=\"elementor-element elementor-element-0e5f132 e-flex e-con-boxed e-con e-parent\" data-id=\"0e5f132\" data-element_type=\"container\">\n\t\t\t\t\t<div class=\"e-con-inner\">\n\t\t\t\t<div class=\"elementor-element elementor-element-c6436be elementor-widget elementor-widget-html\" data-id=\"c6436be\" data-element_type=\"widget\" data-widget_type=\"html.default\">\n\t\t\t\t<div class=\"elementor-widget-container\">\n\t\t\t\t\t<iframe scrolling=\"no\" frameborder=\"0\" height=\"300\" style=\"width:100%;min-width:70px;\" src=\"https:\/\/bngdin.com\/promo.php?c=787642&type=dynamic_banner&new_banner=0&db%5Bwidth%5D=160&db%5Bheight%5D=300&db%5Btype%5D=live&db%5Bmodel_zone%5D=free&db%5Bheader%5D=0&db%5Bfooter%5D=footer_text_1&db%5Bmlang%5D=1&db%5Bfullscreen%5D=&db%5Bmname%5D=1&db%5Bmlink%5D=1&db%5Bmstatus%5D=1&db%5Bmsize%5D=auto&db%5Bmpad%5D=1&db%5Bmwidth%5D=156&db%5Bcolor_scheme%5D=dark&db%5Bmborder%5D=solid&db%5Bmborder_color%5D=%23ffffff&db%5Bmborder_over_color%5D=%23a02239&db%5Bmshadow%5D=0&db%5Bmodels_by_geo%5D=0&db%5Bautoupdate%5D=1&db%5Btopmodels%5D=1&db%5Blanding%5D=chat&db%5Blogo_color%5D=negative&db%5Blogo_align%5D=left&db%5Bbg_color%5D=%23222222&db%5Bfont_family%5D=Trebuchet+MS&db%5Btext_align%5D=center&db%5Btext_color%5D=%23ffffff&db%5Blink_color%5D=%2396009e&db%5Beffect%5D=auto&db%5Beffect_speed%5D=optimal&db%5Bmode%5D=mode1&db%5Badaptive%5D=1&db%5Bslider%5D=0&db%5Bchat%5D=0\"><\/iframe>\t\t\t\t<\/div>\n\t\t\t\t<\/div>\n\t\t\t\t\t<\/div>\n\t\t\t\t<\/div>\n\t\t<div class=\"elementor-element elementor-element-bfafc9b e-flex e-con-boxed e-con e-parent\" data-id=\"bfafc9b\" data-element_type=\"container\">\n\t\t\t\t\t<div class=\"e-con-inner\">\n\t\t\t\t<div class=\"elementor-element elementor-element-a515a00 elementor-widget elementor-widget-text-editor\" data-id=\"a515a00\" data-element_type=\"widget\" data-widget_type=\"text-editor.default\">\n\t\t\t\t<div class=\"elementor-widget-container\">\n\t\t\t\t\t\t\t\t\t<h2>C\u0103uta\u021bi imagini de sex premium de pe Snapchat \u0219i masturba\u021bi-v\u0103<\/h2><p>Masturbeaz\u0103-te la videoclipuri porno de amatori cu milf-uri. R\u0103sfoi\u021bi o galerie foto uria\u0219\u0103 de nuduri instantanee scurse. Urm\u0103ri\u021bi fete dr\u0103gu\u021be din Filipine cum fac snap-uri nud \u0219i selfie-uri XXX. Sexting nume de utilizator de lesbiene porno sexy snapchat nudes \u0219i cele mai fierbin\u021bi fete. Colec\u021bia noastr\u0103 de filme va satisface chiar \u0219i pe cel mai preten\u021bios utilizator. Bucura\u021bi-v\u0103 de o colec\u021bie mare de fotografii \u0219i videoclipuri. Discuta\u021bi cu milf \u00een c\u0103lduri, pune\u021bi pula la p\u0103s\u0103rica lor \u0219i face\u021bi sex snapchat de cas\u0103.<\/p><p>\u00a0<\/p><h2>Compilare de du\u0219uri de pe Snapchat, nume de utilizator pentru sexting de la fete obraznice<\/h2><p>Scandaluri filipineze \u0219i cele mai bune videoclipuri porno cu fete care se masturbeaz\u0103 la du\u0219. Primi\u021bi acces la o colec\u021bie imens\u0103 de fotografii \u0219i videoclipuri porno de amatori \u0219i via\u021ba dumneavoastr\u0103 va deveni mai interesant\u0103. Cele mai bune mame filipineze \u0219i adolescente legale a\u0219teapt\u0103 s\u0103 fie futute \u00een hotel. Po\u021bi face sex cibernetic cu ele sau te po\u021bi \u00eent\u00e2lni cu ele la o cafea. Urm\u0103ri\u021bi nuduri snapchat \u0219i clipuri nelimitate cu masturbare cu dildo. Deveni\u021bi prietenul uneia dintre ele. \u00cencarc\u0103-\u021bi pozele \u0219i videoclipurile \u0219i f\u0103 colec\u021bia noastr\u0103 de fete amatoare mult mai mare dec\u00e2t acum. Cea mai sexy platform\u0103 de sexting nudes sexting tube te a\u0219teapt\u0103 s\u0103 \u00ee\u021bi creezi cont \u0219i s\u0103 urm\u0103re\u0219ti fete nud \u00een fiecare zi. Urm\u0103ri\u021bi creampie snap chat video cu modele de sex cams \u0219i femei amatoare. Cei mai frumo\u0219i s\u00e2ni filipinezi Snapchat de pe internet potrivi\u021bi pentru masaj bl\u00e2nd \u0219i lins. Urm\u0103ri\u021bi videoclipuri snapchat scurgeri \u0219i colec\u021biona\u021bi. E\u0219ti \u00een locul potrivit pentru a le ag\u0103\u021ba \u0219i a le fute. Simte-te liber!<\/p><p>\u00a0<\/p><h2>Snapchat Lesbian Pornhub Compila\u021bie<\/h2><p>Cele mai frumoase femei lesbiene, gay \u0219i heterosexuale din Asia sunt la \u00eendem\u00e2na ta. Trebuie doar s\u0103 v\u0103 \u00eenregistra\u021bi contul \u0219i ve\u021bi avea acces complet la \u00eentreaga colec\u021bie de fotografii \u0219i videoclipuri nud pe care nu le ve\u021bi g\u0103si nic\u0103ieri altundeva. Colec\u021bia noastr\u0103 este complet amatoare \u0219i con\u021bine scurgeri de pe conturile private de snapchat ale fetelor. Prinde-le pe toate \u0219i \u00eent\u00e2lne\u0219te-te cu ele la cin\u0103 \u00eentr-un restaurant sau doar pentru sex rapid \u00eentr-un loc public sau \u00eentr-o toalet\u0103 public\u0103.<\/p>\t\t\t\t\t\t\t\t<\/div>\n\t\t\t\t<\/div>\n\t\t\t\t\t<\/div>\n\t\t\t\t<\/div>\n\t\t\t\t<\/div>","protected":false},"excerpt":{"rendered":"<p>Snapchat Nudes Porn Videos Free Content &#8211; Search Usernames Snapchat Nude Teen Girls &#8211; Porn Pussy Videos Snapchat Leaked \u00a0 The best nude gallery and amateur porn videos featuring Filipinas and other Asian women, straight from snapchat. Largest database of amateur videos and scandals with hot Filipinas. Send snaps and sexting with beautiful women wanting&hellip; <br \/> <a class=\"read-more\" href=\"https:\/\/pinay-nudes.com\/ro\/users\/roxie-angeles\/\">Cite\u0219te mai mult<\/a><\/p>","protected":false},"author":1,"featured_media":0,"parent":42,"menu_order":0,"comment_status":"closed","ping_status":"closed","template":"page-templates\/homepage.php","meta":{"_monsterinsights_skip_tracking":false,"_monsterinsights_sitenote_active":false,"_monsterinsights_sitenote_note":"","_monsterinsights_sitenote_category":0,"footnotes":""},"class_list":["post-275","page","type-page","status-publish","hentry"],"aioseo_notices":[],"yoast_head":"<!-- This site is optimized with the Yoast SEO plugin v24.4 - https:\/\/yoast.com\/wordpress\/plugins\/seo\/ -->\n<title>Roxie Angeles - Nude Filipina Woman From Snapchat And Sex | Beauty Porn Pics<\/title>\n<meta name=\"robots\" content=\"index, follow, max-snippet:-1, max-image-preview:large, max-video-preview:-1\" \/>\n<link rel=\"canonical\" href=\"https:\/\/pinay-nudes.com\/ro\/users\/roxie-angeles\/\" \/>\n<meta property=\"og:locale\" content=\"ro_RO\" \/>\n<meta property=\"og:type\" content=\"article\" \/>\n<meta property=\"og:title\" content=\"Roxie Angeles - Nude Filipina Woman From Snapchat And Sex | Beauty Porn Pics\" \/>\n<meta property=\"og:description\" content=\"Snapchat Nudes Porn Videos Free Content &#8211; Search Usernames Snapchat Nude Teen Girls &#8211; Porn Pussy Videos Snapchat Leaked \u00a0 The best nude gallery and amateur porn videos featuring Filipinas and other Asian women, straight from snapchat. Largest database of amateur videos and scandals with hot Filipinas. Send snaps and sexting with beautiful women wanting&hellip; Cite\u0219te mai mult\" \/>\n<meta property=\"og:url\" content=\"https:\/\/pinay-nudes.com\/ro\/users\/roxie-angeles\/\" \/>\n<meta property=\"og:site_name\" content=\"Nude Filipina Woman From Snapchat And Sex | Beauty Porn Pics\" \/>\n<meta property=\"article:modified_time\" content=\"2025-02-19T01:37:38+00:00\" \/>\n<meta property=\"og:image\" content=\"https:\/\/pinay-nudes.com\/wp-content\/uploads\/2023\/09\/6-1-768x1365-6.jpg\" \/>\n\t<meta property=\"og:image:width\" content=\"768\" \/>\n\t<meta property=\"og:image:height\" content=\"1365\" \/>\n\t<meta property=\"og:image:type\" content=\"image\/jpeg\" \/>\n<meta name=\"twitter:card\" content=\"summary_large_image\" \/>\n<meta name=\"twitter:label1\" content=\"Timp estimat pentru citire\" \/>\n\t<meta name=\"twitter:data1\" content=\"3 minute\" \/>\n<script type=\"application\/ld+json\" class=\"yoast-schema-graph\">{\"@context\":\"https:\/\/schema.org\",\"@graph\":[{\"@type\":\"WebPage\",\"@id\":\"https:\/\/pinay-nudes.com\/users\/roxie-angeles\/\",\"url\":\"https:\/\/pinay-nudes.com\/users\/roxie-angeles\/\",\"name\":\"Roxie Angeles - Nude Filipina Woman From Snapchat And Sex | Beauty Porn Pics\",\"isPartOf\":{\"@id\":\"https:\/\/pinay-nudes.com\/#website\"},\"primaryImageOfPage\":{\"@id\":\"https:\/\/pinay-nudes.com\/users\/roxie-angeles\/#primaryimage\"},\"image\":{\"@id\":\"https:\/\/pinay-nudes.com\/users\/roxie-angeles\/#primaryimage\"},\"thumbnailUrl\":\"http:\/\/pinay-nudes.com\/wp-content\/uploads\/2023\/09\/6-1-768x1365-6-576x1024.jpg\",\"datePublished\":\"2023-09-18T02:55:46+00:00\",\"dateModified\":\"2025-02-19T01:37:38+00:00\",\"breadcrumb\":{\"@id\":\"https:\/\/pinay-nudes.com\/users\/roxie-angeles\/#breadcrumb\"},\"inLanguage\":\"ro-RO\",\"potentialAction\":[{\"@type\":\"ReadAction\",\"target\":[\"https:\/\/pinay-nudes.com\/users\/roxie-angeles\/\"]}]},{\"@type\":\"ImageObject\",\"inLanguage\":\"ro-RO\",\"@id\":\"https:\/\/pinay-nudes.com\/users\/roxie-angeles\/#primaryimage\",\"url\":\"http:\/\/pinay-nudes.com\/wp-content\/uploads\/2023\/09\/6-1-768x1365-6-576x1024.jpg\",\"contentUrl\":\"http:\/\/pinay-nudes.com\/wp-content\/uploads\/2023\/09\/6-1-768x1365-6-576x1024.jpg\"},{\"@type\":\"BreadcrumbList\",\"@id\":\"https:\/\/pinay-nudes.com\/users\/roxie-angeles\/#breadcrumb\",\"itemListElement\":[{\"@type\":\"ListItem\",\"position\":1,\"name\":\"Home\",\"item\":\"https:\/\/pinay-nudes.com\/\"},{\"@type\":\"ListItem\",\"position\":2,\"name\":\"Our Users\",\"item\":\"https:\/\/pinay-nudes.com\/users\/\"},{\"@type\":\"ListItem\",\"position\":3,\"name\":\"Roxie Angeles\"}]},{\"@type\":\"WebSite\",\"@id\":\"https:\/\/pinay-nudes.com\/#website\",\"url\":\"https:\/\/pinay-nudes.com\/\",\"name\":\"Nude Filipina Woman From Snapchat And Sex | Beauty Porn Pics\",\"description\":\"Check our Free Porn Gallery with nude beautiful girls. XXX Naked Porn Pics from Hot Naked Girls from Snapchat and Sex Cams. Best Filipina sexy photos\",\"publisher\":{\"@id\":\"https:\/\/pinay-nudes.com\/#organization\"},\"potentialAction\":[{\"@type\":\"SearchAction\",\"target\":{\"@type\":\"EntryPoint\",\"urlTemplate\":\"https:\/\/pinay-nudes.com\/?s={search_term_string}\"},\"query-input\":{\"@type\":\"PropertyValueSpecification\",\"valueRequired\":true,\"valueName\":\"search_term_string\"}}],\"inLanguage\":\"ro-RO\"},{\"@type\":\"Organization\",\"@id\":\"https:\/\/pinay-nudes.com\/#organization\",\"name\":\"Nude Filipina Woman From Snapchat And Sex | Beauty Porn Pics\",\"url\":\"https:\/\/pinay-nudes.com\/\",\"logo\":{\"@type\":\"ImageObject\",\"inLanguage\":\"ro-RO\",\"@id\":\"https:\/\/pinay-nudes.com\/#\/schema\/logo\/image\/\",\"url\":\"https:\/\/pinay-nudes.com\/wp-content\/uploads\/2023\/09\/cropped-cropped-logo2-1.png\",\"contentUrl\":\"https:\/\/pinay-nudes.com\/wp-content\/uploads\/2023\/09\/cropped-cropped-logo2-1.png\",\"width\":512,\"height\":512,\"caption\":\"Nude Filipina Woman From Snapchat And Sex | Beauty Porn Pics \"},\"image\":{\"@id\":\"https:\/\/pinay-nudes.com\/#\/schema\/logo\/image\/\"}}]}<\/script>\n<!-- \/ Yoast SEO plugin. -->","yoast_head_json":{"title":"Roxie Angeles - Nude Filipina Woman From Snapchat And Sex | Beauty Porn Pics","robots":{"index":"index","follow":"follow","max-snippet":"max-snippet:-1","max-image-preview":"max-image-preview:large","max-video-preview":"max-video-preview:-1"},"canonical":"https:\/\/pinay-nudes.com\/ro\/users\/roxie-angeles\/","og_locale":"ro_RO","og_type":"article","og_title":"Roxie Angeles - Nude Filipina Woman From Snapchat And Sex | Beauty Porn Pics","og_description":"Snapchat Nudes Porn Videos Free Content &#8211; Search Usernames Snapchat Nude Teen Girls &#8211; Porn Pussy Videos Snapchat Leaked \u00a0 The best nude gallery and amateur porn videos featuring Filipinas and other Asian women, straight from snapchat. Largest database of amateur videos and scandals with hot Filipinas. Send snaps and sexting with beautiful women wanting&hellip; Cite\u0219te mai mult","og_url":"https:\/\/pinay-nudes.com\/ro\/users\/roxie-angeles\/","og_site_name":"Nude Filipina Woman From Snapchat And Sex | Beauty Porn Pics","article_modified_time":"2025-02-19T01:37:38+00:00","og_image":[{"width":768,"height":1365,"url":"https:\/\/pinay-nudes.com\/wp-content\/uploads\/2023\/09\/6-1-768x1365-6.jpg","type":"image\/jpeg"}],"twitter_card":"summary_large_image","twitter_misc":{"Timp estimat pentru citire":"3 minute"},"schema":{"@context":"https:\/\/schema.org","@graph":[{"@type":"WebPage","@id":"https:\/\/pinay-nudes.com\/users\/roxie-angeles\/","url":"https:\/\/pinay-nudes.com\/users\/roxie-angeles\/","name":"Roxie Angeles - Nude Filipina Woman From Snapchat And Sex | Beauty Porn Pics","isPartOf":{"@id":"https:\/\/pinay-nudes.com\/#website"},"primaryImageOfPage":{"@id":"https:\/\/pinay-nudes.com\/users\/roxie-angeles\/#primaryimage"},"image":{"@id":"https:\/\/pinay-nudes.com\/users\/roxie-angeles\/#primaryimage"},"thumbnailUrl":"http:\/\/pinay-nudes.com\/wp-content\/uploads\/2023\/09\/6-1-768x1365-6-576x1024.jpg","datePublished":"2023-09-18T02:55:46+00:00","dateModified":"2025-02-19T01:37:38+00:00","breadcrumb":{"@id":"https:\/\/pinay-nudes.com\/users\/roxie-angeles\/#breadcrumb"},"inLanguage":"ro-RO","potentialAction":[{"@type":"ReadAction","target":["https:\/\/pinay-nudes.com\/users\/roxie-angeles\/"]}]},{"@type":"ImageObject","inLanguage":"ro-RO","@id":"https:\/\/pinay-nudes.com\/users\/roxie-angeles\/#primaryimage","url":"http:\/\/pinay-nudes.com\/wp-content\/uploads\/2023\/09\/6-1-768x1365-6-576x1024.jpg","contentUrl":"http:\/\/pinay-nudes.com\/wp-content\/uploads\/2023\/09\/6-1-768x1365-6-576x1024.jpg"},{"@type":"BreadcrumbList","@id":"https:\/\/pinay-nudes.com\/users\/roxie-angeles\/#breadcrumb","itemListElement":[{"@type":"ListItem","position":1,"name":"Home","item":"https:\/\/pinay-nudes.com\/"},{"@type":"ListItem","position":2,"name":"Our Users","item":"https:\/\/pinay-nudes.com\/users\/"},{"@type":"ListItem","position":3,"name":"Roxie Angeles"}]},{"@type":"WebSite","@id":"https:\/\/pinay-nudes.com\/#website","url":"https:\/\/pinay-nudes.com\/","name":"Nude Filipina Woman From Snapchat And Sex | Beauty Porn Pics","description":"Check our Free Porn Gallery with nude beautiful girls. XXX Naked Porn Pics from Hot Naked Girls from Snapchat and Sex Cams. Best Filipina sexy photos","publisher":{"@id":"https:\/\/pinay-nudes.com\/#organization"},"potentialAction":[{"@type":"SearchAction","target":{"@type":"EntryPoint","urlTemplate":"https:\/\/pinay-nudes.com\/?s={search_term_string}"},"query-input":{"@type":"PropertyValueSpecification","valueRequired":true,"valueName":"search_term_string"}}],"inLanguage":"ro-RO"},{"@type":"Organization","@id":"https:\/\/pinay-nudes.com\/#organization","name":"Nude Filipina Woman From Snapchat And Sex | Beauty Porn Pics","url":"https:\/\/pinay-nudes.com\/","logo":{"@type":"ImageObject","inLanguage":"ro-RO","@id":"https:\/\/pinay-nudes.com\/#\/schema\/logo\/image\/","url":"https:\/\/pinay-nudes.com\/wp-content\/uploads\/2023\/09\/cropped-cropped-logo2-1.png","contentUrl":"https:\/\/pinay-nudes.com\/wp-content\/uploads\/2023\/09\/cropped-cropped-logo2-1.png","width":512,"height":512,"caption":"Nude Filipina Woman From Snapchat And Sex | Beauty Porn Pics "},"image":{"@id":"https:\/\/pinay-nudes.com\/#\/schema\/logo\/image\/"}}]}},"_links":{"self":[{"href":"https:\/\/pinay-nudes.com\/ro\/wp-json\/wp\/v2\/pages\/275","targetHints":{"allow":["GET"]}}],"collection":[{"href":"https:\/\/pinay-nudes.com\/ro\/wp-json\/wp\/v2\/pages"}],"about":[{"href":"https:\/\/pinay-nudes.com\/ro\/wp-json\/wp\/v2\/types\/page"}],"author":[{"embeddable":true,"href":"https:\/\/pinay-nudes.com\/ro\/wp-json\/wp\/v2\/users\/1"}],"replies":[{"embeddable":true,"href":"https:\/\/pinay-nudes.com\/ro\/wp-json\/wp\/v2\/comments?post=275"}],"version-history":[{"count":46,"href":"https:\/\/pinay-nudes.com\/ro\/wp-json\/wp\/v2\/pages\/275\/revisions"}],"predecessor-version":[{"id":2425,"href":"https:\/\/pinay-nudes.com\/ro\/wp-json\/wp\/v2\/pages\/275\/revisions\/2425"}],"up":[{"embeddable":true,"href":"https:\/\/pinay-nudes.com\/ro\/wp-json\/wp\/v2\/pages\/42"}],"wp:attachment":[{"href":"https:\/\/pinay-nudes.com\/ro\/wp-json\/wp\/v2\/media?parent=275"}],"curies":[{"name":"wp","href":"https:\/\/api.w.org\/{rel}","templated":true}]}}