{"id":273,"date":"2023-09-18T03:55:46","date_gmt":"2023-09-18T02:55:46","guid":{"rendered":"https:\/\/pinay-nudes.com\/?page_id=273"},"modified":"2025-02-19T01:38:06","modified_gmt":"2025-02-19T01:38:06","slug":"cherry-dumaguete","status":"publish","type":"page","link":"https:\/\/pinay-nudes.com\/ro\/users\/cherry-dumaguete\/","title":{"rendered":"Cherry Dumaguete"},"content":{"rendered":"<div data-elementor-type=\"wp-page\" data-elementor-id=\"273\" class=\"elementor elementor-273\">\n\t\t\t\t<div class=\"elementor-element elementor-element-4879707 e-flex e-con-boxed e-con e-parent\" data-id=\"4879707\" data-element_type=\"container\">\n\t\t\t\t\t<div class=\"e-con-inner\">\n\t\t\t\t<div class=\"elementor-element elementor-element-77febf2 elementor-widget elementor-widget-text-editor\" data-id=\"77febf2\" data-element_type=\"widget\" data-widget_type=\"text-editor.default\">\n\t\t\t\t<div class=\"elementor-widget-container\">\n\t\t\t\t\t\t\t\t\t<center><h1>Onlyfans Leak Videoclipuri porno, Onlyfans Free Porn Tube XXX Pics, Fete asiatice din OF \u0219i Fansly<\/h1><\/center>\t\t\t\t\t\t\t\t<\/div>\n\t\t\t\t<\/div>\n\t\t\t\t\t<\/div>\n\t\t\t\t<\/div>\n\t\t<div class=\"elementor-element elementor-element-90d6f78 e-flex e-con-boxed e-con e-parent\" data-id=\"90d6f78\" data-element_type=\"container\">\n\t\t\t\t\t<div class=\"e-con-inner\">\n\t\t\t\t<div class=\"elementor-element elementor-element-512d15c elementor-widget elementor-widget-text-editor\" data-id=\"512d15c\" data-element_type=\"widget\" data-widget_type=\"text-editor.default\">\n\t\t\t\t<div class=\"elementor-widget-container\">\n\t\t\t\t\t\t\t\t\t<h2>Onlyfans a sc\u0103pat videoclipuri, acces la un site porno cu fete de pe Snapchat \u0219i Fansly<\/h2><p>Cei mai buni amatori de la Onlyfans. Cele mai frumoase femei asiatice care arat\u0103 p\u0103s\u0103rici pe Onlyfans \u0219i Fansly. O colec\u021bie de imagini \u0219i videoclipuri porno. Scurgerile de pe conturile oficiale ale modelelor OF \u0219i ale fetelor care trimit nuduri pe snapchat. Dac\u0103 sunte\u021bi \u00een c\u0103utarea unui loc unde pute\u021bi g\u0103si poze nud ale fetelor care fac Onlyfans, a\u021bi ajuns la locul perfect. \u021ai-am preg\u0103tit o galerie imens\u0103 de poze cu fete care ador\u0103 s\u0103-\u0219i arate corpul pe internet.\u00a0<\/p><p>Pe site-ul nostru ve\u021bi g\u0103si, de asemenea, o baz\u0103 de date de logare a fetelor care sunt modele pe camere de sex online. De acum \u00eencolo vei putea cu u\u0219urin\u021b\u0103 s\u0103 le contactezi \u0219i s\u0103 le invi\u021bi la o cafea sau \u00een apartamentul t\u0103u pentru sex dur. Cea mai mare colec\u021bie de fete asiatice, \u00een special cele mai frumoase filipineze, care viseaz\u0103 s\u0103 \u00eent\u00e2lneasc\u0103 un str\u0103in \u0219i s\u0103 guste o scul\u0103 mare \u00een gura lor.\u00a0<\/p><p>\u00a0<\/p>\t\t\t\t\t\t\t\t<\/div>\n\t\t\t\t<\/div>\n\t\t\t\t\t<\/div>\n\t\t\t\t<\/div>\n\t\t<div class=\"elementor-element elementor-element-ca24b7e e-con-full e-flex e-con e-parent\" data-id=\"ca24b7e\" data-element_type=\"container\">\n\t\t<div class=\"elementor-element elementor-element-dd61984 e-con-full e-flex e-con e-child\" data-id=\"dd61984\" data-element_type=\"container\">\n\t\t\t\t<div class=\"elementor-element elementor-element-fe932dd elementor-widget elementor-widget-image\" data-id=\"fe932dd\" data-element_type=\"widget\" data-widget_type=\"image.default\">\n\t\t\t\t<div class=\"elementor-widget-container\">\n\t\t\t\t\t\t\t\t\t\t\t\t\t\t\t<img fetchpriority=\"high\" decoding=\"async\" width=\"540\" height=\"832\" src=\"https:\/\/pinay-nudes.com\/wp-content\/uploads\/2023\/09\/9-1-4.jpg\" class=\"attachment-large size-large wp-image-265\" alt=\"\" srcset=\"https:\/\/pinay-nudes.com\/wp-content\/uploads\/2023\/09\/9-1-4.jpg 540w, https:\/\/pinay-nudes.com\/wp-content\/uploads\/2023\/09\/9-1-4-195x300.jpg 195w\" sizes=\"(max-width: 540px) 100vw, 540px\" \/>\t\t\t\t\t\t\t\t\t\t\t\t\t\t\t<\/div>\n\t\t\t\t<\/div>\n\t\t\t\t<\/div>\n\t\t<div class=\"elementor-element elementor-element-acd0eb1 e-con-full e-flex e-con e-child\" data-id=\"acd0eb1\" data-element_type=\"container\">\n\t\t\t\t<div class=\"elementor-element elementor-element-b342c5c elementor-widget elementor-widget-heading\" data-id=\"b342c5c\" data-element_type=\"widget\" data-widget_type=\"heading.default\">\n\t\t\t\t<div class=\"elementor-widget-container\">\n\t\t\t\t\t<h2 class=\"elementor-heading-title elementor-size-default\">Cherry, Dumaguete<\/h2>\t\t\t\t<\/div>\n\t\t\t\t<\/div>\n\t\t\t\t<div class=\"elementor-element elementor-element-4e3292a elementor-widget elementor-widget-text-editor\" data-id=\"4e3292a\" data-element_type=\"widget\" data-widget_type=\"text-editor.default\">\n\t\t\t\t<div class=\"elementor-widget-container\">\n\t\t\t\t\t\t\t\t\t<p>Bun\u0103, m\u0103 numesc Cherry \u0219i sunt din Dumaguete. Studiez zilnic psihologia. Sunt interesat\u0103 de c\u0103l\u0103torii, \u00eemi place s\u0103 m\u0103 uit la un film bun sub o p\u0103tur\u0103 cu un vin bun.<\/p>\t\t\t\t\t\t\t\t<\/div>\n\t\t\t\t<\/div>\n\t\t\t\t<div class=\"elementor-element elementor-element-a6b090b elementor-shape-rounded elementor-grid-0 e-grid-align-center elementor-widget elementor-widget-social-icons\" data-id=\"a6b090b\" data-element_type=\"widget\" data-widget_type=\"social-icons.default\">\n\t\t\t\t<div class=\"elementor-widget-container\">\n\t\t\t\t\t\t\t<div class=\"elementor-social-icons-wrapper elementor-grid\">\n\t\t\t\t\t\t\t<span class=\"elementor-grid-item\">\n\t\t\t\t\t<a class=\"elementor-icon elementor-social-icon elementor-social-icon-facebook elementor-repeater-item-966ee37\" href=\"https:\/\/pinay-nudes.com\/ro\/nk\/register\/\" target=\"_blank\">\n\t\t\t\t\t\t<span class=\"elementor-screen-only\">Facebook<\/span>\n\t\t\t\t\t\t<i class=\"fab fa-facebook\"><\/i>\t\t\t\t\t<\/a>\n\t\t\t\t<\/span>\n\t\t\t\t\t\t\t<span class=\"elementor-grid-item\">\n\t\t\t\t\t<a class=\"elementor-icon elementor-social-icon elementor-social-icon-instagram elementor-repeater-item-47b44c9\" href=\"https:\/\/pinay-nudes.com\/ro\/cb\/register\/\" target=\"_blank\">\n\t\t\t\t\t\t<span class=\"elementor-screen-only\">Instagram<\/span>\n\t\t\t\t\t\t<i class=\"fab fa-instagram\"><\/i>\t\t\t\t\t<\/a>\n\t\t\t\t<\/span>\n\t\t\t\t\t\t\t<span class=\"elementor-grid-item\">\n\t\t\t\t\t<a class=\"elementor-icon elementor-social-icon elementor-social-icon-snapchat elementor-repeater-item-a214105\" href=\"https:\/\/pinay-nudes.com\/ro\/nk1\/register\/\" target=\"_blank\">\n\t\t\t\t\t\t<span class=\"elementor-screen-only\">Snapchat<\/span>\n\t\t\t\t\t\t<i class=\"fab fa-snapchat\"><\/i>\t\t\t\t\t<\/a>\n\t\t\t\t<\/span>\n\t\t\t\t\t<\/div>\n\t\t\t\t\t\t<\/div>\n\t\t\t\t<\/div>\n\t\t\t\t<div class=\"elementor-element elementor-element-24fef19 elementor-invisible elementor-widget elementor-widget-text-editor\" data-id=\"24fef19\" data-element_type=\"widget\" data-settings=\"{&quot;_animation&quot;:&quot;jello&quot;}\" data-widget_type=\"text-editor.default\">\n\t\t\t\t<div class=\"elementor-widget-container\">\n\t\t\t\t\t\t\t\t\t<p><strong>19,653<\/strong><\/p>\t\t\t\t\t\t\t\t<\/div>\n\t\t\t\t<\/div>\n\t\t\t\t<div class=\"elementor-element elementor-element-fd6840f elementor-widget elementor-widget-text-editor\" data-id=\"fd6840f\" data-element_type=\"widget\" data-widget_type=\"text-editor.default\">\n\t\t\t\t<div class=\"elementor-widget-container\">\n\t\t\t\t\t\t\t\t\t<p>Urm\u0103ritori<\/p>\t\t\t\t\t\t\t\t<\/div>\n\t\t\t\t<\/div>\n\t\t\t\t<div class=\"elementor-element elementor-element-c2cad63 elementor-widget elementor-widget-text-editor\" data-id=\"c2cad63\" data-element_type=\"widget\" data-widget_type=\"text-editor.default\">\n\t\t\t\t<div class=\"elementor-widget-container\">\n\t\t\t\t\t\t\t\t\t<p><strong>Sunt online!<\/strong><\/p><p>Timp mediu de r\u0103spuns 5-35 minute<\/p>\t\t\t\t\t\t\t\t<\/div>\n\t\t\t\t<\/div>\n\t\t\t\t<div class=\"elementor-element elementor-element-4587b2f elementor-align-center elementor-widget elementor-widget-button\" data-id=\"4587b2f\" data-element_type=\"widget\" data-widget_type=\"button.default\">\n\t\t\t\t<div class=\"elementor-widget-container\">\n\t\t\t\t\t\t\t\t\t<div class=\"elementor-button-wrapper\">\n\t\t\t\t\t<a class=\"elementor-button elementor-button-link elementor-size-sm\" href=\"https:\/\/pinay-nudes.com\/ro\/cb\/register\/\">\n\t\t\t\t\t\t<span class=\"elementor-button-content-wrapper\">\n\t\t\t\t\t\t\t\t\t<span class=\"elementor-button-text\">Contact cu mine<\/span>\n\t\t\t\t\t<\/span>\n\t\t\t\t\t<\/a>\n\t\t\t\t<\/div>\n\t\t\t\t\t\t\t\t<\/div>\n\t\t\t\t<\/div>\n\t\t\t\t<div class=\"elementor-element elementor-element-8e37bc1 elementor-star-rating--align-center elementor--star-style-star_fontawesome elementor-widget elementor-widget-star-rating\" data-id=\"8e37bc1\" data-element_type=\"widget\" data-widget_type=\"star-rating.default\">\n\t\t\t\t<div class=\"elementor-widget-container\">\n\t\t\t\t\t\n\t\t<div class=\"elementor-star-rating__wrapper\">\n\t\t\t\t\t\t\t<div class=\"elementor-star-rating__title\">Revizuirea profilului:<\/div>\n\t\t\t\t\t\t<div class=\"elementor-star-rating\" title=\"4.6\/5\" itemtype=\"http:\/\/schema.org\/Rating\" itemscope=\"\" itemprop=\"reviewRating\"><i class=\"elementor-star-full\">&#xE934;<\/i><i class=\"elementor-star-full\">&#xE934;<\/i><i class=\"elementor-star-full\">&#xE934;<\/i><i class=\"elementor-star-full\">&#xE934;<\/i><i class=\"elementor-star-6\">&#xE934;<\/i> <span itemprop=\"ratingValue\" class=\"elementor-screen-only\">4.6\/5<\/span><\/div>\t\t<\/div>\n\t\t\t\t\t\t<\/div>\n\t\t\t\t<\/div>\n\t\t\t\t<\/div>\n\t\t\t\t<\/div>\n\t\t<div class=\"elementor-element elementor-element-ce74115 e-flex e-con-boxed e-con e-parent\" data-id=\"ce74115\" data-element_type=\"container\">\n\t\t\t\t\t<div class=\"e-con-inner\">\n\t\t\t\t<div class=\"elementor-element elementor-element-4ebc10e elementor-widget elementor-widget-html\" data-id=\"4ebc10e\" data-element_type=\"widget\" data-widget_type=\"html.default\">\n\t\t\t\t<div class=\"elementor-widget-container\">\n\t\t\t\t\t<iframe scrolling=\"no\" frameborder=\"0\" height=\"300\" style=\"width:100%;min-width:70px;\" src=\"https:\/\/bngdin.com\/promo.php?c=787642&type=dynamic_banner&new_banner=0&db%5Bwidth%5D=160&db%5Bheight%5D=300&db%5Btype%5D=live&db%5Bmodel_zone%5D=free&db%5Bheader%5D=0&db%5Bfooter%5D=footer_text_1&db%5Bmlang%5D=1&db%5Bfullscreen%5D=&db%5Bmname%5D=1&db%5Bmlink%5D=1&db%5Bmstatus%5D=1&db%5Bmsize%5D=auto&db%5Bmpad%5D=1&db%5Bmwidth%5D=156&db%5Bcolor_scheme%5D=dark&db%5Bmborder%5D=solid&db%5Bmborder_color%5D=%23ffffff&db%5Bmborder_over_color%5D=%23a02239&db%5Bmshadow%5D=0&db%5Bmodels_by_geo%5D=0&db%5Bautoupdate%5D=1&db%5Btopmodels%5D=1&db%5Blanding%5D=chat&db%5Blogo_color%5D=negative&db%5Blogo_align%5D=left&db%5Bbg_color%5D=%23222222&db%5Bfont_family%5D=Trebuchet+MS&db%5Btext_align%5D=center&db%5Btext_color%5D=%23ffffff&db%5Blink_color%5D=%2396009e&db%5Beffect%5D=auto&db%5Beffect_speed%5D=optimal&db%5Bmode%5D=mode1&db%5Badaptive%5D=1&db%5Bslider%5D=0&db%5Bchat%5D=0\"><\/iframe>\t\t\t\t<\/div>\n\t\t\t\t<\/div>\n\t\t\t\t\t<\/div>\n\t\t\t\t<\/div>\n\t\t<div class=\"elementor-element elementor-element-bf625f1 e-flex e-con-boxed e-con e-parent\" data-id=\"bf625f1\" data-element_type=\"container\">\n\t\t\t\t\t<div class=\"e-con-inner\">\n\t\t\t\t<div class=\"elementor-element elementor-element-25137c2 elementor-widget elementor-widget-text-editor\" data-id=\"25137c2\" data-element_type=\"widget\" data-widget_type=\"text-editor.default\">\n\t\t\t\t<div class=\"elementor-widget-container\">\n\t\t\t\t\t\t\t\t\t<h2>Cele mai bune scurgeri Onlyfans, \u021a\u00e2\u021be mari, Milfs fucked in Anal, Amatori \u0219i Pornstars de pe Sex Cams<\/h2><p>Ai visat vreodat\u0103 s\u0103 \u00eent\u00e2lne\u0219ti o fat\u0103 care iube\u0219te sexul \u0219i nu \u021bi-l va refuza niciodat\u0103? Acum poate deveni realitate. Colec\u021bia noastr\u0103 de utilizatori include nume de conturi snapchat ale celor mai populare vedete porno sau amatori. \u00cen special, ne-am concentrat pe fetele din Asia, deoarece le g\u0103sim cele mai atractive. Tot ce trebuie s\u0103 face\u021bi este s\u0103 v\u0103 \u00eenregistra\u021bi pe portalul nostru. Nu trebuie s\u0103 furniza\u021bi datele cardului de credit, deoarece totul pe site-ul nostru este gratuit.\u00a0<\/p><p>Odat\u0103 ce v\u0103 \u00eenregistra\u021bi, ve\u021bi avea acces la o colec\u021bie mare de fotografii \u0219i videoclipuri porno amatori \u0219i profesioni\u0219ti cu fete adolescente \u0219i milf \u00een c\u0103lduri. Po\u021bi g\u0103si cele mai frumoase filipineze \u0219i alte fete din Asia doar aici. Leaked onlyfans de la celebritate de pe Tiktok sau Twitch. Curve sexy de la Sex Online Cameras \u0219i utilizatori Reddit. Cea mai mare galerie de streameri \u0219i con\u021binut HD XXX Onlyfans creatori. Cel mai bun loc pentru a g\u0103si cele mai fierbin\u021bi scurgeri onlyfans \u0219i scurgeri video de la fete gamer.<\/p><p>\u00a0<\/p><h2>Trending Milf de lucru pe Onlyfans \u0219i fete Gamer de la Twitch<\/h2><p>R\u0103sfoi\u021bi o colec\u021bie de fotografii \u0219i videoclipuri de la streameri Twitch \u0219i Kick. Fete dezbr\u0103cate \u00een piscin\u0103 \u00een c\u0103utare de o scul\u0103 mare pentru sear\u0103. F\u0103 cuno\u0219tin\u021b\u0103 cu ele \u0219i invit\u0103-le la hotelul t\u0103u pentru sex fierbinte \u0219i pasional. Previzualiza\u021bi videoclipuri porno cu celebrit\u0103\u021bi complet gratuit, tot ce trebuie s\u0103 face\u021bi este s\u0103 v\u0103 \u00eenregistra\u021bi pur \u0219i simplu pe site-ul nostru. Asta e tot. F\u0103r\u0103 a da informa\u021bii personale sensibile. Verific\u0103 videoclipuri porno gratuite Onlyfans porno \u0219i \u00eenregistr\u0103ri sexuale cu scurgeri de nuditate cu sex oral. Frumuse\u021be fete asiatice, cele mai tari \u0219i cele mai recente videoclipuri de con\u021binut gratuit. Cel mai bun site cu NSFW Cosplay \u0219i alte puicu\u021be de pe internet.<\/p><h2>Fete filipineze fierbin\u021bi de la Onlyfans, videoclipuri de sex hardcore Scandaluri cu fete din Pinay<\/h2><p>G\u0103se\u0219te cele mai frumoase \u0219i mai dulci filipineze care \u00eenregistreaz\u0103 con\u021binut pe onlyfans sau streameri Twitch. Vedete porno celebre, celebrit\u0103\u021bi sau fete amatoare care \u00ee\u0219i scot fundul afar\u0103 pentru a-\u021bi accepta scula \u00een p\u0103s\u0103rica lor. Videoclipuri porno \u00eentregi la cea mai bun\u0103 calitate sunt disponibile pe site-ul nostru complet gratuit. Prive\u0219te fete pe camere web online \u0219i cele mai frumoase \u0219i mai sexy fete asiatice direct din Filipine \u0219i alte \u021b\u0103ri asiatice. Con\u021binut explicit de la Mia Khalifa, alte nuduri de celebrit\u0103\u021bi sau fete amatoare de pe snapchat. Tachineaz\u0103-le \u0219i verific\u0103-le clipurile. Cel mai bun con\u021binut kindof \u0219i filme porno de la celebrit\u0103\u021bi \u0219i cele mai fierbin\u021bi scandaluri filipineze de calitate hd pentru adul\u021bi.<\/p><p>\u00a0<\/p><h2>\u00cent\u00e2lne\u0219te modele Sexcam din Filipine \u0219i g\u0103se\u0219te cea mai tare fat\u0103 pentru tine<\/h2><p>R\u0103sfoie\u0219te galeria noastr\u0103 foto \u0219i g\u0103se\u0219te cea mai frumoas\u0103 filipinka pentru tine, care, dac\u0103 se \u00eendr\u0103goste\u0219te de tine, va face orice pentru tine. Dac\u0103 visezi la o femeie care s\u0103-\u021bi ling\u0103 pula \u0219i apoi s\u0103 i-o tragi, nu puteai s\u0103 ajungi pe un site mai bun. Aici vei avea tot ce ai nevoie complet gratuit. Verific\u0103 OF Girls \u0219i alte site-uri precum Fansly sau Twitch. Verific\u0103 videoclipuri de calitate HD ale interpre\u021bilor \u0219i f\u0103 sex \u00een trei cu ei. Cel mai bun tip de con\u021binut de pe re\u021belele tale sociale preferate numaifaps.\u00a0<\/p><h2>Verifica\u021bi Fete din Dumaguete \u0219i Data cu ei<\/h2><p>F\u0103 o \u00eent\u00e2lnire cu fetele dulci din Dumaguete, alte p\u0103r\u021bi din Filipine \u0219i din lume. Fute-le pe toate \u0219i trimite-le nuduri \u0219i poate c\u0103 ele te vor trimite \u00eenapoi. Ele t\u00e2njesc s\u0103 aib\u0103 pula ta \u00een fundul lor. Nu fi timid \u0219i \u00eencepe s\u0103 vorbe\u0219ti cu ele chiar acum. Creeaz\u0103-\u021bi un cont gratuit \u0219i al\u0103tur\u0103-te bazei noastre de utilizatori prin \u00eenc\u0103rcarea pozelor tale nud.<\/p><p>\u00a0<\/p><p>\u00a0<\/p>\t\t\t\t\t\t\t\t<\/div>\n\t\t\t\t<\/div>\n\t\t\t\t\t<\/div>\n\t\t\t\t<\/div>\n\t\t\t\t<\/div>","protected":false},"excerpt":{"rendered":"<p>Onlyfans Leak Porn Videos, Free Onlyfans Porn Tube XXX Pics, Asian Girls from OF and Fansly Onlyfans Leaked Videos, Access to Porn Site with Girls From Snapchat and Fansly The best amateurs from Onlyfans. The most beautiful Asian women showing pussy on Onlyfans and Fansly. A collection of porn pictures and videos. Leaks from official&hellip; <br \/> <a class=\"read-more\" href=\"https:\/\/pinay-nudes.com\/ro\/users\/cherry-dumaguete\/\">Cite\u0219te mai mult<\/a><\/p>","protected":false},"author":1,"featured_media":0,"parent":42,"menu_order":0,"comment_status":"closed","ping_status":"closed","template":"page-templates\/homepage.php","meta":{"_monsterinsights_skip_tracking":false,"_monsterinsights_sitenote_active":false,"_monsterinsights_sitenote_note":"","_monsterinsights_sitenote_category":0,"footnotes":""},"class_list":["post-273","page","type-page","status-publish","hentry"],"aioseo_notices":[],"yoast_head":"<!-- This site is optimized with the Yoast SEO plugin v24.4 - https:\/\/yoast.com\/wordpress\/plugins\/seo\/ -->\n<title>Cherry Dumaguete - Nude Filipina Woman From Snapchat And Sex | Beauty Porn Pics<\/title>\n<meta name=\"robots\" content=\"index, follow, max-snippet:-1, max-image-preview:large, max-video-preview:-1\" \/>\n<link rel=\"canonical\" href=\"https:\/\/pinay-nudes.com\/ro\/users\/cherry-dumaguete\/\" \/>\n<meta property=\"og:locale\" content=\"ro_RO\" \/>\n<meta property=\"og:type\" content=\"article\" \/>\n<meta property=\"og:title\" content=\"Cherry Dumaguete - Nude Filipina Woman From Snapchat And Sex | Beauty Porn Pics\" \/>\n<meta property=\"og:description\" content=\"Onlyfans Leak Porn Videos, Free Onlyfans Porn Tube XXX Pics, Asian Girls from OF and Fansly Onlyfans Leaked Videos, Access to Porn Site with Girls From Snapchat and Fansly The best amateurs from Onlyfans. The most beautiful Asian women showing pussy on Onlyfans and Fansly. A collection of porn pictures and videos. Leaks from official&hellip; Cite\u0219te mai mult\" \/>\n<meta property=\"og:url\" content=\"https:\/\/pinay-nudes.com\/ro\/users\/cherry-dumaguete\/\" \/>\n<meta property=\"og:site_name\" content=\"Nude Filipina Woman From Snapchat And Sex | Beauty Porn Pics\" \/>\n<meta property=\"article:modified_time\" content=\"2025-02-19T01:38:06+00:00\" \/>\n<meta property=\"og:image\" content=\"https:\/\/pinay-nudes.com\/wp-content\/uploads\/2023\/09\/9-1-4.jpg\" \/>\n\t<meta property=\"og:image:width\" content=\"540\" \/>\n\t<meta property=\"og:image:height\" content=\"832\" \/>\n\t<meta property=\"og:image:type\" content=\"image\/jpeg\" \/>\n<meta name=\"twitter:card\" content=\"summary_large_image\" \/>\n<meta name=\"twitter:label1\" content=\"Timp estimat pentru citire\" \/>\n\t<meta name=\"twitter:data1\" content=\"4 minute\" \/>\n<script type=\"application\/ld+json\" class=\"yoast-schema-graph\">{\"@context\":\"https:\/\/schema.org\",\"@graph\":[{\"@type\":\"WebPage\",\"@id\":\"https:\/\/pinay-nudes.com\/users\/cherry-dumaguete\/\",\"url\":\"https:\/\/pinay-nudes.com\/users\/cherry-dumaguete\/\",\"name\":\"Cherry Dumaguete - Nude Filipina Woman From Snapchat And Sex | Beauty Porn Pics\",\"isPartOf\":{\"@id\":\"https:\/\/pinay-nudes.com\/#website\"},\"primaryImageOfPage\":{\"@id\":\"https:\/\/pinay-nudes.com\/users\/cherry-dumaguete\/#primaryimage\"},\"image\":{\"@id\":\"https:\/\/pinay-nudes.com\/users\/cherry-dumaguete\/#primaryimage\"},\"thumbnailUrl\":\"http:\/\/pinay-nudes.com\/wp-content\/uploads\/2023\/09\/9-1-4.jpg\",\"datePublished\":\"2023-09-18T02:55:46+00:00\",\"dateModified\":\"2025-02-19T01:38:06+00:00\",\"breadcrumb\":{\"@id\":\"https:\/\/pinay-nudes.com\/users\/cherry-dumaguete\/#breadcrumb\"},\"inLanguage\":\"ro-RO\",\"potentialAction\":[{\"@type\":\"ReadAction\",\"target\":[\"https:\/\/pinay-nudes.com\/users\/cherry-dumaguete\/\"]}]},{\"@type\":\"ImageObject\",\"inLanguage\":\"ro-RO\",\"@id\":\"https:\/\/pinay-nudes.com\/users\/cherry-dumaguete\/#primaryimage\",\"url\":\"http:\/\/pinay-nudes.com\/wp-content\/uploads\/2023\/09\/9-1-4.jpg\",\"contentUrl\":\"http:\/\/pinay-nudes.com\/wp-content\/uploads\/2023\/09\/9-1-4.jpg\"},{\"@type\":\"BreadcrumbList\",\"@id\":\"https:\/\/pinay-nudes.com\/users\/cherry-dumaguete\/#breadcrumb\",\"itemListElement\":[{\"@type\":\"ListItem\",\"position\":1,\"name\":\"Home\",\"item\":\"https:\/\/pinay-nudes.com\/\"},{\"@type\":\"ListItem\",\"position\":2,\"name\":\"Our Users\",\"item\":\"https:\/\/pinay-nudes.com\/users\/\"},{\"@type\":\"ListItem\",\"position\":3,\"name\":\"Cherry Dumaguete\"}]},{\"@type\":\"WebSite\",\"@id\":\"https:\/\/pinay-nudes.com\/#website\",\"url\":\"https:\/\/pinay-nudes.com\/\",\"name\":\"Nude Filipina Woman From Snapchat And Sex | Beauty Porn Pics\",\"description\":\"Check our Free Porn Gallery with nude beautiful girls. XXX Naked Porn Pics from Hot Naked Girls from Snapchat and Sex Cams. Best Filipina sexy photos\",\"publisher\":{\"@id\":\"https:\/\/pinay-nudes.com\/#organization\"},\"potentialAction\":[{\"@type\":\"SearchAction\",\"target\":{\"@type\":\"EntryPoint\",\"urlTemplate\":\"https:\/\/pinay-nudes.com\/?s={search_term_string}\"},\"query-input\":{\"@type\":\"PropertyValueSpecification\",\"valueRequired\":true,\"valueName\":\"search_term_string\"}}],\"inLanguage\":\"ro-RO\"},{\"@type\":\"Organization\",\"@id\":\"https:\/\/pinay-nudes.com\/#organization\",\"name\":\"Nude Filipina Woman From Snapchat And Sex | Beauty Porn Pics\",\"url\":\"https:\/\/pinay-nudes.com\/\",\"logo\":{\"@type\":\"ImageObject\",\"inLanguage\":\"ro-RO\",\"@id\":\"https:\/\/pinay-nudes.com\/#\/schema\/logo\/image\/\",\"url\":\"https:\/\/pinay-nudes.com\/wp-content\/uploads\/2023\/09\/cropped-cropped-logo2-1.png\",\"contentUrl\":\"https:\/\/pinay-nudes.com\/wp-content\/uploads\/2023\/09\/cropped-cropped-logo2-1.png\",\"width\":512,\"height\":512,\"caption\":\"Nude Filipina Woman From Snapchat And Sex | Beauty Porn Pics \"},\"image\":{\"@id\":\"https:\/\/pinay-nudes.com\/#\/schema\/logo\/image\/\"}}]}<\/script>\n<!-- \/ Yoast SEO plugin. -->","yoast_head_json":{"title":"Cherry Dumaguete - Nude Filipina Woman From Snapchat And Sex | Beauty Porn Pics","robots":{"index":"index","follow":"follow","max-snippet":"max-snippet:-1","max-image-preview":"max-image-preview:large","max-video-preview":"max-video-preview:-1"},"canonical":"https:\/\/pinay-nudes.com\/ro\/users\/cherry-dumaguete\/","og_locale":"ro_RO","og_type":"article","og_title":"Cherry Dumaguete - Nude Filipina Woman From Snapchat And Sex | Beauty Porn Pics","og_description":"Onlyfans Leak Porn Videos, Free Onlyfans Porn Tube XXX Pics, Asian Girls from OF and Fansly Onlyfans Leaked Videos, Access to Porn Site with Girls From Snapchat and Fansly The best amateurs from Onlyfans. The most beautiful Asian women showing pussy on Onlyfans and Fansly. A collection of porn pictures and videos. Leaks from official&hellip; Cite\u0219te mai mult","og_url":"https:\/\/pinay-nudes.com\/ro\/users\/cherry-dumaguete\/","og_site_name":"Nude Filipina Woman From Snapchat And Sex | Beauty Porn Pics","article_modified_time":"2025-02-19T01:38:06+00:00","og_image":[{"width":540,"height":832,"url":"https:\/\/pinay-nudes.com\/wp-content\/uploads\/2023\/09\/9-1-4.jpg","type":"image\/jpeg"}],"twitter_card":"summary_large_image","twitter_misc":{"Timp estimat pentru citire":"4 minute"},"schema":{"@context":"https:\/\/schema.org","@graph":[{"@type":"WebPage","@id":"https:\/\/pinay-nudes.com\/users\/cherry-dumaguete\/","url":"https:\/\/pinay-nudes.com\/users\/cherry-dumaguete\/","name":"Cherry Dumaguete - Nude Filipina Woman From Snapchat And Sex | Beauty Porn Pics","isPartOf":{"@id":"https:\/\/pinay-nudes.com\/#website"},"primaryImageOfPage":{"@id":"https:\/\/pinay-nudes.com\/users\/cherry-dumaguete\/#primaryimage"},"image":{"@id":"https:\/\/pinay-nudes.com\/users\/cherry-dumaguete\/#primaryimage"},"thumbnailUrl":"http:\/\/pinay-nudes.com\/wp-content\/uploads\/2023\/09\/9-1-4.jpg","datePublished":"2023-09-18T02:55:46+00:00","dateModified":"2025-02-19T01:38:06+00:00","breadcrumb":{"@id":"https:\/\/pinay-nudes.com\/users\/cherry-dumaguete\/#breadcrumb"},"inLanguage":"ro-RO","potentialAction":[{"@type":"ReadAction","target":["https:\/\/pinay-nudes.com\/users\/cherry-dumaguete\/"]}]},{"@type":"ImageObject","inLanguage":"ro-RO","@id":"https:\/\/pinay-nudes.com\/users\/cherry-dumaguete\/#primaryimage","url":"http:\/\/pinay-nudes.com\/wp-content\/uploads\/2023\/09\/9-1-4.jpg","contentUrl":"http:\/\/pinay-nudes.com\/wp-content\/uploads\/2023\/09\/9-1-4.jpg"},{"@type":"BreadcrumbList","@id":"https:\/\/pinay-nudes.com\/users\/cherry-dumaguete\/#breadcrumb","itemListElement":[{"@type":"ListItem","position":1,"name":"Home","item":"https:\/\/pinay-nudes.com\/"},{"@type":"ListItem","position":2,"name":"Our Users","item":"https:\/\/pinay-nudes.com\/users\/"},{"@type":"ListItem","position":3,"name":"Cherry Dumaguete"}]},{"@type":"WebSite","@id":"https:\/\/pinay-nudes.com\/#website","url":"https:\/\/pinay-nudes.com\/","name":"Nude Filipina Woman From Snapchat And Sex | Beauty Porn Pics","description":"Check our Free Porn Gallery with nude beautiful girls. XXX Naked Porn Pics from Hot Naked Girls from Snapchat and Sex Cams. Best Filipina sexy photos","publisher":{"@id":"https:\/\/pinay-nudes.com\/#organization"},"potentialAction":[{"@type":"SearchAction","target":{"@type":"EntryPoint","urlTemplate":"https:\/\/pinay-nudes.com\/?s={search_term_string}"},"query-input":{"@type":"PropertyValueSpecification","valueRequired":true,"valueName":"search_term_string"}}],"inLanguage":"ro-RO"},{"@type":"Organization","@id":"https:\/\/pinay-nudes.com\/#organization","name":"Nude Filipina Woman From Snapchat And Sex | Beauty Porn Pics","url":"https:\/\/pinay-nudes.com\/","logo":{"@type":"ImageObject","inLanguage":"ro-RO","@id":"https:\/\/pinay-nudes.com\/#\/schema\/logo\/image\/","url":"https:\/\/pinay-nudes.com\/wp-content\/uploads\/2023\/09\/cropped-cropped-logo2-1.png","contentUrl":"https:\/\/pinay-nudes.com\/wp-content\/uploads\/2023\/09\/cropped-cropped-logo2-1.png","width":512,"height":512,"caption":"Nude Filipina Woman From Snapchat And Sex | Beauty Porn Pics "},"image":{"@id":"https:\/\/pinay-nudes.com\/#\/schema\/logo\/image\/"}}]}},"_links":{"self":[{"href":"https:\/\/pinay-nudes.com\/ro\/wp-json\/wp\/v2\/pages\/273","targetHints":{"allow":["GET"]}}],"collection":[{"href":"https:\/\/pinay-nudes.com\/ro\/wp-json\/wp\/v2\/pages"}],"about":[{"href":"https:\/\/pinay-nudes.com\/ro\/wp-json\/wp\/v2\/types\/page"}],"author":[{"embeddable":true,"href":"https:\/\/pinay-nudes.com\/ro\/wp-json\/wp\/v2\/users\/1"}],"replies":[{"embeddable":true,"href":"https:\/\/pinay-nudes.com\/ro\/wp-json\/wp\/v2\/comments?post=273"}],"version-history":[{"count":25,"href":"https:\/\/pinay-nudes.com\/ro\/wp-json\/wp\/v2\/pages\/273\/revisions"}],"predecessor-version":[{"id":2431,"href":"https:\/\/pinay-nudes.com\/ro\/wp-json\/wp\/v2\/pages\/273\/revisions\/2431"}],"up":[{"embeddable":true,"href":"https:\/\/pinay-nudes.com\/ro\/wp-json\/wp\/v2\/pages\/42"}],"wp:attachment":[{"href":"https:\/\/pinay-nudes.com\/ro\/wp-json\/wp\/v2\/media?parent=273"}],"curies":[{"name":"wp","href":"https:\/\/api.w.org\/{rel}","templated":true}]}}