{"id":2376,"date":"2025-02-04T02:11:19","date_gmt":"2025-02-04T02:11:19","guid":{"rendered":"https:\/\/pinay-nudes.com\/?page_id=2376"},"modified":"2025-02-18T07:51:15","modified_gmt":"2025-02-18T07:51:15","slug":"dmca","status":"publish","type":"page","link":"https:\/\/pinay-nudes.com\/ro\/dmca\/","title":{"rendered":"DMCA"},"content":{"rendered":"<div data-elementor-type=\"wp-page\" data-elementor-id=\"2376\" class=\"elementor elementor-2376\">\n\t\t\t\t<div class=\"elementor-element elementor-element-b65a115 e-flex e-con-boxed e-con e-parent\" data-id=\"b65a115\" data-element_type=\"container\">\n\t\t\t\t\t<div class=\"e-con-inner\">\n\t\t\t\t<div class=\"elementor-element elementor-element-5880888 elementor-widget elementor-widget-text-editor\" data-id=\"5880888\" data-element_type=\"widget\" data-widget_type=\"text-editor.default\">\n\t\t\t\t<div class=\"elementor-widget-container\">\n\t\t\t\t\t\t\t\t\t<h1><center><p><\/p>\n<p>The DMCA Policy of Pinay-Nudes.com<\/p><\/center><\/h1>\n<p><br>\nNe a\u0219tept\u0103m ca utilizatorii no\u0219tri s\u0103 respecte drepturile de proprietate intelectual\u0103 ale altor persoane. Vom aborda rapid orice acuza\u021bii de \u00eenc\u0103lcare a drepturilor de autor care ne sunt aduse la cuno\u0219tin\u021b\u0103 \u00een conformitate cu Digital Millennium Copyright Act (\u201eDMCA\u201d). V\u0103 rug\u0103m s\u0103 furniza\u021bi urm\u0103toarele detalii agentului nostru desemnat pentru drepturile de autor dac\u0103 crede\u021bi c\u0103 cineva a copiat sau a utilizat lucrarea dvs. protejat\u0103 de drepturi de autor \u00eentr-un mod care \u00eencalc\u0103 drepturile de autor:<\/p>\n<p>semn\u0103tura fizic\u0103 sau digital\u0103 a titularului drepturilor de autor sau a unui reprezentant autorizat. identificarea operei cu drepturi de autor presupus \u00eenc\u0103lcate, identificarea con\u021binutului care \u00eencalc\u0103 drepturile de autor \u0219i detalii care sunt cel pu\u021bin adecvate pentru a ne permite s\u0103 g\u0103sim con\u021binutul pe site-ul nostru, Numele, adresa, num\u0103rul de telefon \u0219i adresa de e-mail se num\u0103r\u0103 printre detaliile de contact, o declara\u021bie prin care v\u0103 exprima\u021bi convingerea sincer\u0103 c\u0103 utilizarea con\u021binutului este interzis\u0103 de lege, de titularul drepturilor de autor sau de agentul acestuia, o declara\u021bie c\u0103 sunte\u021bi titularul drepturilor de autor sau c\u0103 ave\u021bi autoritatea de a ac\u021biona \u00een numele acestuia \u0219i c\u0103 informa\u021biile din notificare sunt adev\u0103rate, sub sanc\u021biunea sperjurului. Notificarea dvs. DMCA trebuie trimis\u0103 la:<\/p>\n<p><br>Email: [info@pinay-nudes.com]<\/p>\n<p><br><\/p>\n<p>Pute\u021bi depune o contra-notificare cu urm\u0103toarele detalii dac\u0103 crede\u021bi c\u0103 con\u021binutul care a fost dezactivat sau eliminat a fost f\u0103cut din gre\u0219eal\u0103 sau dac\u0103 crede\u021bi c\u0103 vi se permite \u00een continuare s\u0103 utiliza\u021bi con\u021binutul: Semn\u0103tura dvs., fie digital\u0103, fie tangibil\u0103. Substan\u021ba care a fost eliminat\u0103 \u0219i loca\u021bia sa anterioar\u0103 elimin\u0103rii sunt identificate. Declara\u021bi, sub sanc\u021biunea sperjurului, c\u0103 crede\u021bi, cu bun\u0103 credin\u021b\u0103, c\u0103 eliminarea con\u021binutului s-a datorat unei erori sau unei identific\u0103ri gre\u0219ite. Numele, adresa, num\u0103rul de telefon \u0219i adresa de e-mail se num\u0103r\u0103 printre datele dvs. de contact. Declara\u021bia prin care sunte\u021bi de acord s\u0103 accepta\u021bi citarea p\u0103r\u021bii care a depus prima pl\u00e2ngere DMCA \u0219i s\u0103 accepta\u021bi jurisdic\u021bia instan\u021bei federale din districtul dumneavoastr\u0103 (sau districtul \u00een care se afl\u0103 compania noastr\u0103). Contra-notific\u0103rile trebuie adresate agentului nostru pentru drepturi de autor folosind datele de contact de mai sus. Utilizatorii care \u00eencalc\u0103 \u00een mod repetat drepturile de autor pot avea conturile \u00eenchise de c\u0103tre noi. V\u0103 rug\u0103m s\u0103 lua\u021bi leg\u0103tura cu noi dac\u0103 ave\u021bi \u00eentreb\u0103ri cu privire la politica noastr\u0103.<\/p>\t\t\t\t\t\t\t\t<\/div>\n\t\t\t\t<\/div>\n\t\t\t\t\t<\/div>\n\t\t\t\t<\/div>\n\t\t\t\t<\/div>","protected":false},"excerpt":{"rendered":"<p>The DMCA Policy of Pinay-Nudes.com We expect our users to respect other people&#8217;s intellectual property rights. We shall quickly address any allegations of copyright infringement that are brought to our attention in compliance with the Digital Millennium Copyright Act (&#8220;DMCA&#8221;). Please give the following details to our designated Copyright Agent if you think that someone&hellip; <br \/> <a class=\"read-more\" href=\"https:\/\/pinay-nudes.com\/ro\/dmca\/\">Cite\u0219te mai mult<\/a><\/p>","protected":false},"author":1,"featured_media":0,"parent":0,"menu_order":0,"comment_status":"closed","ping_status":"closed","template":"page-templates\/homepage.php","meta":{"_monsterinsights_skip_tracking":false,"_monsterinsights_sitenote_active":false,"_monsterinsights_sitenote_note":"","_monsterinsights_sitenote_category":0,"footnotes":""},"class_list":["post-2376","page","type-page","status-publish","hentry"],"aioseo_notices":[],"yoast_head":"<!-- This site is optimized with the Yoast SEO plugin v24.4 - https:\/\/yoast.com\/wordpress\/plugins\/seo\/ -->\n<title>DMCA - Nude Filipina Woman From Snapchat And Sex | Beauty Porn Pics<\/title>\n<meta name=\"robots\" content=\"index, follow, max-snippet:-1, max-image-preview:large, max-video-preview:-1\" \/>\n<link rel=\"canonical\" href=\"https:\/\/pinay-nudes.com\/ro\/dmca\/\" \/>\n<meta property=\"og:locale\" content=\"ro_RO\" \/>\n<meta property=\"og:type\" content=\"article\" \/>\n<meta property=\"og:title\" content=\"DMCA - Nude Filipina Woman From Snapchat And Sex | Beauty Porn Pics\" \/>\n<meta property=\"og:description\" content=\"The DMCA Policy of Pinay-Nudes.com We expect our users to respect other people&#8217;s intellectual property rights. We shall quickly address any allegations of copyright infringement that are brought to our attention in compliance with the Digital Millennium Copyright Act (&#8220;DMCA&#8221;). Please give the following details to our designated Copyright Agent if you think that someone&hellip; Cite\u0219te mai mult\" \/>\n<meta property=\"og:url\" content=\"https:\/\/pinay-nudes.com\/ro\/dmca\/\" \/>\n<meta property=\"og:site_name\" content=\"Nude Filipina Woman From Snapchat And Sex | Beauty Porn Pics\" \/>\n<meta property=\"article:modified_time\" content=\"2025-02-18T07:51:15+00:00\" \/>\n<meta name=\"twitter:card\" content=\"summary_large_image\" \/>\n<meta name=\"twitter:label1\" content=\"Timp estimat pentru citire\" \/>\n\t<meta name=\"twitter:data1\" content=\"2 minute\" \/>\n<script type=\"application\/ld+json\" class=\"yoast-schema-graph\">{\"@context\":\"https:\/\/schema.org\",\"@graph\":[{\"@type\":\"WebPage\",\"@id\":\"https:\/\/pinay-nudes.com\/dmca\/\",\"url\":\"https:\/\/pinay-nudes.com\/dmca\/\",\"name\":\"DMCA - Nude Filipina Woman From Snapchat And Sex | Beauty Porn Pics\",\"isPartOf\":{\"@id\":\"https:\/\/pinay-nudes.com\/#website\"},\"datePublished\":\"2025-02-04T02:11:19+00:00\",\"dateModified\":\"2025-02-18T07:51:15+00:00\",\"breadcrumb\":{\"@id\":\"https:\/\/pinay-nudes.com\/dmca\/#breadcrumb\"},\"inLanguage\":\"ro-RO\",\"potentialAction\":[{\"@type\":\"ReadAction\",\"target\":[\"https:\/\/pinay-nudes.com\/dmca\/\"]}]},{\"@type\":\"BreadcrumbList\",\"@id\":\"https:\/\/pinay-nudes.com\/dmca\/#breadcrumb\",\"itemListElement\":[{\"@type\":\"ListItem\",\"position\":1,\"name\":\"Home\",\"item\":\"https:\/\/pinay-nudes.com\/\"},{\"@type\":\"ListItem\",\"position\":2,\"name\":\"DMCA\"}]},{\"@type\":\"WebSite\",\"@id\":\"https:\/\/pinay-nudes.com\/#website\",\"url\":\"https:\/\/pinay-nudes.com\/\",\"name\":\"Nude Filipina Woman From Snapchat And Sex | Beauty Porn Pics\",\"description\":\"Check our Free Porn Gallery with nude beautiful girls. XXX Naked Porn Pics from Hot Naked Girls from Snapchat and Sex Cams. Best Filipina sexy photos\",\"publisher\":{\"@id\":\"https:\/\/pinay-nudes.com\/#organization\"},\"potentialAction\":[{\"@type\":\"SearchAction\",\"target\":{\"@type\":\"EntryPoint\",\"urlTemplate\":\"https:\/\/pinay-nudes.com\/?s={search_term_string}\"},\"query-input\":{\"@type\":\"PropertyValueSpecification\",\"valueRequired\":true,\"valueName\":\"search_term_string\"}}],\"inLanguage\":\"ro-RO\"},{\"@type\":\"Organization\",\"@id\":\"https:\/\/pinay-nudes.com\/#organization\",\"name\":\"Nude Filipina Woman From Snapchat And Sex | Beauty Porn Pics\",\"url\":\"https:\/\/pinay-nudes.com\/\",\"logo\":{\"@type\":\"ImageObject\",\"inLanguage\":\"ro-RO\",\"@id\":\"https:\/\/pinay-nudes.com\/#\/schema\/logo\/image\/\",\"url\":\"https:\/\/pinay-nudes.com\/wp-content\/uploads\/2023\/09\/cropped-cropped-logo2-1.png\",\"contentUrl\":\"https:\/\/pinay-nudes.com\/wp-content\/uploads\/2023\/09\/cropped-cropped-logo2-1.png\",\"width\":512,\"height\":512,\"caption\":\"Nude Filipina Woman From Snapchat And Sex | Beauty Porn Pics \"},\"image\":{\"@id\":\"https:\/\/pinay-nudes.com\/#\/schema\/logo\/image\/\"}}]}<\/script>\n<!-- \/ Yoast SEO plugin. -->","yoast_head_json":{"title":"DMCA - Nude Filipina Woman From Snapchat And Sex | Beauty Porn Pics","robots":{"index":"index","follow":"follow","max-snippet":"max-snippet:-1","max-image-preview":"max-image-preview:large","max-video-preview":"max-video-preview:-1"},"canonical":"https:\/\/pinay-nudes.com\/ro\/dmca\/","og_locale":"ro_RO","og_type":"article","og_title":"DMCA - Nude Filipina Woman From Snapchat And Sex | Beauty Porn Pics","og_description":"The DMCA Policy of Pinay-Nudes.com We expect our users to respect other people&#8217;s intellectual property rights. We shall quickly address any allegations of copyright infringement that are brought to our attention in compliance with the Digital Millennium Copyright Act (&#8220;DMCA&#8221;). Please give the following details to our designated Copyright Agent if you think that someone&hellip; Cite\u0219te mai mult","og_url":"https:\/\/pinay-nudes.com\/ro\/dmca\/","og_site_name":"Nude Filipina Woman From Snapchat And Sex | Beauty Porn Pics","article_modified_time":"2025-02-18T07:51:15+00:00","twitter_card":"summary_large_image","twitter_misc":{"Timp estimat pentru citire":"2 minute"},"schema":{"@context":"https:\/\/schema.org","@graph":[{"@type":"WebPage","@id":"https:\/\/pinay-nudes.com\/dmca\/","url":"https:\/\/pinay-nudes.com\/dmca\/","name":"DMCA - Nude Filipina Woman From Snapchat And Sex | Beauty Porn Pics","isPartOf":{"@id":"https:\/\/pinay-nudes.com\/#website"},"datePublished":"2025-02-04T02:11:19+00:00","dateModified":"2025-02-18T07:51:15+00:00","breadcrumb":{"@id":"https:\/\/pinay-nudes.com\/dmca\/#breadcrumb"},"inLanguage":"ro-RO","potentialAction":[{"@type":"ReadAction","target":["https:\/\/pinay-nudes.com\/dmca\/"]}]},{"@type":"BreadcrumbList","@id":"https:\/\/pinay-nudes.com\/dmca\/#breadcrumb","itemListElement":[{"@type":"ListItem","position":1,"name":"Home","item":"https:\/\/pinay-nudes.com\/"},{"@type":"ListItem","position":2,"name":"DMCA"}]},{"@type":"WebSite","@id":"https:\/\/pinay-nudes.com\/#website","url":"https:\/\/pinay-nudes.com\/","name":"Nude Filipina Woman From Snapchat And Sex | Beauty Porn Pics","description":"Check our Free Porn Gallery with nude beautiful girls. XXX Naked Porn Pics from Hot Naked Girls from Snapchat and Sex Cams. Best Filipina sexy photos","publisher":{"@id":"https:\/\/pinay-nudes.com\/#organization"},"potentialAction":[{"@type":"SearchAction","target":{"@type":"EntryPoint","urlTemplate":"https:\/\/pinay-nudes.com\/?s={search_term_string}"},"query-input":{"@type":"PropertyValueSpecification","valueRequired":true,"valueName":"search_term_string"}}],"inLanguage":"ro-RO"},{"@type":"Organization","@id":"https:\/\/pinay-nudes.com\/#organization","name":"Nude Filipina Woman From Snapchat And Sex | Beauty Porn Pics","url":"https:\/\/pinay-nudes.com\/","logo":{"@type":"ImageObject","inLanguage":"ro-RO","@id":"https:\/\/pinay-nudes.com\/#\/schema\/logo\/image\/","url":"https:\/\/pinay-nudes.com\/wp-content\/uploads\/2023\/09\/cropped-cropped-logo2-1.png","contentUrl":"https:\/\/pinay-nudes.com\/wp-content\/uploads\/2023\/09\/cropped-cropped-logo2-1.png","width":512,"height":512,"caption":"Nude Filipina Woman From Snapchat And Sex | Beauty Porn Pics "},"image":{"@id":"https:\/\/pinay-nudes.com\/#\/schema\/logo\/image\/"}}]}},"_links":{"self":[{"href":"https:\/\/pinay-nudes.com\/ro\/wp-json\/wp\/v2\/pages\/2376","targetHints":{"allow":["GET"]}}],"collection":[{"href":"https:\/\/pinay-nudes.com\/ro\/wp-json\/wp\/v2\/pages"}],"about":[{"href":"https:\/\/pinay-nudes.com\/ro\/wp-json\/wp\/v2\/types\/page"}],"author":[{"embeddable":true,"href":"https:\/\/pinay-nudes.com\/ro\/wp-json\/wp\/v2\/users\/1"}],"replies":[{"embeddable":true,"href":"https:\/\/pinay-nudes.com\/ro\/wp-json\/wp\/v2\/comments?post=2376"}],"version-history":[{"count":16,"href":"https:\/\/pinay-nudes.com\/ro\/wp-json\/wp\/v2\/pages\/2376\/revisions"}],"predecessor-version":[{"id":2398,"href":"https:\/\/pinay-nudes.com\/ro\/wp-json\/wp\/v2\/pages\/2376\/revisions\/2398"}],"wp:attachment":[{"href":"https:\/\/pinay-nudes.com\/ro\/wp-json\/wp\/v2\/media?parent=2376"}],"curies":[{"name":"wp","href":"https:\/\/api.w.org\/{rel}","templated":true}]}}