{"id":276,"date":"2023-09-18T03:55:46","date_gmt":"2023-09-18T02:55:46","guid":{"rendered":"https:\/\/pinay-nudes.com\/?page_id=276"},"modified":"2025-02-19T01:37:28","modified_gmt":"2025-02-19T01:37:28","slug":"july-ormoc","status":"publish","type":"page","link":"https:\/\/pinay-nudes.com\/pt\/users\/july-ormoc\/","title":{"rendered":"July Ormoc"},"content":{"rendered":"<div data-elementor-type=\"wp-page\" data-elementor-id=\"276\" class=\"elementor elementor-276\">\n\t\t\t\t<div class=\"elementor-element elementor-element-6e44954 e-flex e-con-boxed e-con e-parent\" data-id=\"6e44954\" data-element_type=\"container\">\n\t\t\t\t\t<div class=\"e-con-inner\">\n\t\t\t\t<div class=\"elementor-element elementor-element-6c01782 elementor-widget elementor-widget-text-editor\" data-id=\"6c01782\" data-element_type=\"widget\" data-widget_type=\"text-editor.default\">\n\t\t\t\t<div class=\"elementor-widget-container\">\n\t\t\t\t\t\t\t\t\t<center><h1>Nomes de utilizador pornogr\u00e1ficos do Snapchat, v\u00eddeos pornogr\u00e1ficos de nudez do Snapchat<\/h1><center>\t\t\t\t\t\t\t\t<\/div>\n\t\t\t\t<\/div>\n\t\t\t\t\t<\/div>\n\t\t\t\t<\/div>\n\t\t<div class=\"elementor-element elementor-element-fcaba8f e-flex e-con-boxed e-con e-parent\" data-id=\"fcaba8f\" data-element_type=\"container\">\n\t\t\t\t\t<div class=\"e-con-inner\">\n\t\t\t\t<div class=\"elementor-element elementor-element-e771349 elementor-widget elementor-widget-text-editor\" data-id=\"e771349\" data-element_type=\"widget\" data-widget_type=\"text-editor.default\">\n\t\t\t\t<div class=\"elementor-widget-container\">\n\t\t\t\t\t\t\t\t\t<h2>V\u00eddeos pornogr\u00e1ficos nus no Snapchat, fotos de adolescentes nuas de garotas gostosas Filipina<\/h2><p>As adolescentes nuas das Filipinas gostam de mostrar as mamas e o cu no snapchat. Regista-te e junta-te \u00e0 maior base de dados de ratas da Internet. Adolescentes despidas mostram a rata no snapchat e produzem a sua pr\u00f3pria pornografia amadora em muito boa qualidade. As asi\u00e1ticas mais gostosas e excitadas vazam do Snapchat. V\u00eddeos Premium de anal sujo. Obtenha nomes de usu\u00e1rio de nossas garotas de gra\u00e7a e confira suas selfies safadas, nudes vazadas e Snapchat Porn. Conversa com raparigas jovens ou milfs e faz sexo no Snapchat de gra\u00e7a!\u00a0<\/p><p>J\u00e1 alguma vez sonhou com uma bela mulher asi\u00e1tica com quem possa foder dia e noite? Se sim, talvez tenhamos acabado de realizar o teu sonho e vais conhecer uma em breve? Tudo depende de ti. Crie uma conta gratuita e tenha acesso a uma base de dados de mam\u00e3s jovens e mais velhas e saia com elas para sexo escaldante ou apenas troque fotos nuas com elas. N\u00e3o espere mais tempo, porque elas podem desaparecer algures e algu\u00e9m as vai despoletar.\u00a0<\/p>\t\t\t\t\t\t\t\t<\/div>\n\t\t\t\t<\/div>\n\t\t\t\t\t<\/div>\n\t\t\t\t<\/div>\n\t\t<div class=\"elementor-element elementor-element-c2fdcf2 e-con-full e-flex e-con e-parent\" data-id=\"c2fdcf2\" data-element_type=\"container\">\n\t\t<div class=\"elementor-element elementor-element-cd7e078 e-con-full e-flex e-con e-child\" data-id=\"cd7e078\" data-element_type=\"container\">\n\t\t\t\t<div class=\"elementor-element elementor-element-cff4658 elementor-widget elementor-widget-image\" data-id=\"cff4658\" data-element_type=\"widget\" data-widget_type=\"image.default\">\n\t\t\t\t<div class=\"elementor-widget-container\">\n\t\t\t\t\t\t\t\t\t\t\t\t\t\t\t<img fetchpriority=\"high\" decoding=\"async\" width=\"960\" height=\"960\" src=\"https:\/\/pinay-nudes.com\/wp-content\/uploads\/2023\/09\/cropped-photo_2023-09-03_03-35-15.jpg\" class=\"attachment-large size-large wp-image-57\" alt=\"\" srcset=\"https:\/\/pinay-nudes.com\/wp-content\/uploads\/2023\/09\/cropped-photo_2023-09-03_03-35-15.jpg 960w, https:\/\/pinay-nudes.com\/wp-content\/uploads\/2023\/09\/cropped-photo_2023-09-03_03-35-15-300x300.jpg 300w, https:\/\/pinay-nudes.com\/wp-content\/uploads\/2023\/09\/cropped-photo_2023-09-03_03-35-15-150x150.jpg 150w, https:\/\/pinay-nudes.com\/wp-content\/uploads\/2023\/09\/cropped-photo_2023-09-03_03-35-15-768x768.jpg 768w\" sizes=\"(max-width: 960px) 100vw, 960px\" \/>\t\t\t\t\t\t\t\t\t\t\t\t\t\t\t<\/div>\n\t\t\t\t<\/div>\n\t\t\t\t<\/div>\n\t\t<div class=\"elementor-element elementor-element-8f65531 e-con-full e-flex e-con e-child\" data-id=\"8f65531\" data-element_type=\"container\">\n\t\t\t\t<div class=\"elementor-element elementor-element-5eb65a3 elementor-widget elementor-widget-heading\" data-id=\"5eb65a3\" data-element_type=\"widget\" data-widget_type=\"heading.default\">\n\t\t\t\t<div class=\"elementor-widget-container\">\n\t\t\t\t\t<h2 class=\"elementor-heading-title elementor-size-default\">July, Ormoc<\/h2>\t\t\t\t<\/div>\n\t\t\t\t<\/div>\n\t\t\t\t<div class=\"elementor-element elementor-element-fd66a05 elementor-widget elementor-widget-text-editor\" data-id=\"fd66a05\" data-element_type=\"widget\" data-widget_type=\"text-editor.default\">\n\t\t\t\t<div class=\"elementor-widget-container\">\n\t\t\t\t\t\t\t\t\t<p>Ol\u00e1... Chamo-me July e estou a estudar em. Frequento o polit\u00e9cnico, estou no segundo ano \ud83d\ude42 A minha paix\u00e3o \u00e9 dan\u00e7ar e cantar. Quem sabe, talvez eu dance alguma coisa para ti? :*<\/p>\t\t\t\t\t\t\t\t<\/div>\n\t\t\t\t<\/div>\n\t\t\t\t<div class=\"elementor-element elementor-element-9c1a1e7 elementor-shape-rounded elementor-grid-0 e-grid-align-center elementor-widget elementor-widget-social-icons\" data-id=\"9c1a1e7\" data-element_type=\"widget\" data-widget_type=\"social-icons.default\">\n\t\t\t\t<div class=\"elementor-widget-container\">\n\t\t\t\t\t\t\t<div class=\"elementor-social-icons-wrapper elementor-grid\">\n\t\t\t\t\t\t\t<span class=\"elementor-grid-item\">\n\t\t\t\t\t<a class=\"elementor-icon elementor-social-icon elementor-social-icon-facebook elementor-repeater-item-966ee37\" href=\"https:\/\/pinay-nudes.com\/pt\/cb\/register\/\" target=\"_blank\">\n\t\t\t\t\t\t<span class=\"elementor-screen-only\">Facebook<\/span>\n\t\t\t\t\t\t<i class=\"fab fa-facebook\"><\/i>\t\t\t\t\t<\/a>\n\t\t\t\t<\/span>\n\t\t\t\t\t\t\t<span class=\"elementor-grid-item\">\n\t\t\t\t\t<a class=\"elementor-icon elementor-social-icon elementor-social-icon-instagram elementor-repeater-item-47b44c9\" href=\"https:\/\/pinay-nudes.com\/pt\/nk\/register\/\" target=\"_blank\">\n\t\t\t\t\t\t<span class=\"elementor-screen-only\">Instagram<\/span>\n\t\t\t\t\t\t<i class=\"fab fa-instagram\"><\/i>\t\t\t\t\t<\/a>\n\t\t\t\t<\/span>\n\t\t\t\t\t\t\t<span class=\"elementor-grid-item\">\n\t\t\t\t\t<a class=\"elementor-icon elementor-social-icon elementor-social-icon-snapchat elementor-repeater-item-a214105\" href=\"https:\/\/pinay-nudes.com\/pt\/cb\/register\/\" target=\"_blank\">\n\t\t\t\t\t\t<span class=\"elementor-screen-only\">Snapchat<\/span>\n\t\t\t\t\t\t<i class=\"fab fa-snapchat\"><\/i>\t\t\t\t\t<\/a>\n\t\t\t\t<\/span>\n\t\t\t\t\t<\/div>\n\t\t\t\t\t\t<\/div>\n\t\t\t\t<\/div>\n\t\t\t\t<div class=\"elementor-element elementor-element-081156d elementor-invisible elementor-widget elementor-widget-text-editor\" data-id=\"081156d\" data-element_type=\"widget\" data-settings=\"{&quot;_animation&quot;:&quot;jello&quot;}\" data-widget_type=\"text-editor.default\">\n\t\t\t\t<div class=\"elementor-widget-container\">\n\t\t\t\t\t\t\t\t\t<p><strong>21,153<\/strong><\/p>\t\t\t\t\t\t\t\t<\/div>\n\t\t\t\t<\/div>\n\t\t\t\t<div class=\"elementor-element elementor-element-25546f6 elementor-widget elementor-widget-text-editor\" data-id=\"25546f6\" data-element_type=\"widget\" data-widget_type=\"text-editor.default\">\n\t\t\t\t<div class=\"elementor-widget-container\">\n\t\t\t\t\t\t\t\t\t<p>Seguidores<\/p>\t\t\t\t\t\t\t\t<\/div>\n\t\t\t\t<\/div>\n\t\t\t\t<div class=\"elementor-element elementor-element-f0ca51b elementor-widget elementor-widget-text-editor\" data-id=\"f0ca51b\" data-element_type=\"widget\" data-widget_type=\"text-editor.default\">\n\t\t\t\t<div class=\"elementor-widget-container\">\n\t\t\t\t\t\t\t\t\t<p><strong>Estou online!<\/strong><\/p><p>Tempo m\u00e9dio de resposta 3-20 minutos<\/p>\t\t\t\t\t\t\t\t<\/div>\n\t\t\t\t<\/div>\n\t\t\t\t<div class=\"elementor-element elementor-element-380107d elementor-align-center elementor-widget elementor-widget-button\" data-id=\"380107d\" data-element_type=\"widget\" data-widget_type=\"button.default\">\n\t\t\t\t<div class=\"elementor-widget-container\">\n\t\t\t\t\t\t\t\t\t<div class=\"elementor-button-wrapper\">\n\t\t\t\t\t<a class=\"elementor-button elementor-button-link elementor-size-sm\" href=\"https:\/\/pinay-nudes.com\/pt\/nk1\/register\/\">\n\t\t\t\t\t\t<span class=\"elementor-button-content-wrapper\">\n\t\t\t\t\t\t\t\t\t<span class=\"elementor-button-text\">Contacto comigo<\/span>\n\t\t\t\t\t<\/span>\n\t\t\t\t\t<\/a>\n\t\t\t\t<\/div>\n\t\t\t\t\t\t\t\t<\/div>\n\t\t\t\t<\/div>\n\t\t\t\t<div class=\"elementor-element elementor-element-6f183d4 elementor-star-rating--align-center elementor--star-style-star_fontawesome elementor-widget elementor-widget-star-rating\" data-id=\"6f183d4\" data-element_type=\"widget\" data-widget_type=\"star-rating.default\">\n\t\t\t\t<div class=\"elementor-widget-container\">\n\t\t\t\t\t\n\t\t<div class=\"elementor-star-rating__wrapper\">\n\t\t\t\t\t\t\t<div class=\"elementor-star-rating__title\">Revis\u00e3o do perfil:<\/div>\n\t\t\t\t\t\t<div class=\"elementor-star-rating\" title=\"4.8\/5\" itemtype=\"http:\/\/schema.org\/Rating\" itemscope=\"\" itemprop=\"reviewRating\"><i class=\"elementor-star-full\">&#xE934;<\/i><i class=\"elementor-star-full\">&#xE934;<\/i><i class=\"elementor-star-full\">&#xE934;<\/i><i class=\"elementor-star-full\">&#xE934;<\/i><i class=\"elementor-star-8\">&#xE934;<\/i> <span itemprop=\"ratingValue\" class=\"elementor-screen-only\">4.8\/5<\/span><\/div>\t\t<\/div>\n\t\t\t\t\t\t<\/div>\n\t\t\t\t<\/div>\n\t\t\t\t<\/div>\n\t\t\t\t<\/div>\n\t\t<div class=\"elementor-element elementor-element-427b3dd e-flex e-con-boxed e-con e-parent\" data-id=\"427b3dd\" data-element_type=\"container\">\n\t\t\t\t\t<div class=\"e-con-inner\">\n\t\t\t\t<div class=\"elementor-element elementor-element-68b4d8b elementor-widget elementor-widget-html\" data-id=\"68b4d8b\" data-element_type=\"widget\" data-widget_type=\"html.default\">\n\t\t\t\t<div class=\"elementor-widget-container\">\n\t\t\t\t\t<iframe scrolling=\"no\" frameborder=\"0\" height=\"300\" style=\"width:100%;min-width:70px;\" src=\"https:\/\/bngdin.com\/promo.php?c=787642&type=dynamic_banner&new_banner=0&db%5Bwidth%5D=160&db%5Bheight%5D=300&db%5Btype%5D=live&db%5Bmodel_zone%5D=free&db%5Bheader%5D=0&db%5Bfooter%5D=footer_text_1&db%5Bmlang%5D=1&db%5Bfullscreen%5D=&db%5Bmname%5D=1&db%5Bmlink%5D=1&db%5Bmstatus%5D=1&db%5Bmsize%5D=auto&db%5Bmpad%5D=1&db%5Bmwidth%5D=156&db%5Bcolor_scheme%5D=dark&db%5Bmborder%5D=solid&db%5Bmborder_color%5D=%23ffffff&db%5Bmborder_over_color%5D=%23a02239&db%5Bmshadow%5D=0&db%5Bmodels_by_geo%5D=0&db%5Bautoupdate%5D=1&db%5Btopmodels%5D=1&db%5Blanding%5D=chat&db%5Blogo_color%5D=negative&db%5Blogo_align%5D=left&db%5Bbg_color%5D=%23222222&db%5Bfont_family%5D=Trebuchet+MS&db%5Btext_align%5D=center&db%5Btext_color%5D=%23ffffff&db%5Blink_color%5D=%2396009e&db%5Beffect%5D=auto&db%5Beffect_speed%5D=optimal&db%5Bmode%5D=mode1&db%5Badaptive%5D=1&db%5Bslider%5D=0&db%5Bchat%5D=0\"><\/iframe>\t\t\t\t<\/div>\n\t\t\t\t<\/div>\n\t\t\t\t\t<\/div>\n\t\t\t\t<\/div>\n\t\t<div class=\"elementor-element elementor-element-e85f7c6 e-flex e-con-boxed e-con e-parent\" data-id=\"e85f7c6\" data-element_type=\"container\">\n\t\t\t\t\t<div class=\"e-con-inner\">\n\t\t\t\t<div class=\"elementor-element elementor-element-b05a716 elementor-widget elementor-widget-text-editor\" data-id=\"b05a716\" data-element_type=\"widget\" data-widget_type=\"text-editor.default\">\n\t\t\t\t<div class=\"elementor-widget-container\">\n\t\t\t\t\t\t\t\t\t<h2>Raparigas Premium e fotos NSFW do Snapchat e de c\u00e2maras de sexo<\/h2><p>Receber fotos de nus de raparigas do snapchat completamente gr\u00e1tis. Para ter acesso \u00e0 base de dados com c\u00e2maras de sexo online e nomes de utilizador no snapchat, tudo o que tem de fazer \u00e9 registar-se. N\u00e3o precisa de fornecer os dados do seu cart\u00e3o de cr\u00e9dito. Tudo o que precisa \u00e9 de um login, uma palavra-passe e um endere\u00e7o de e-mail. V\u00ea como elas dedilham a sua rata. Elas est\u00e3o \u00e0 espera da tua pila e das tuas fotos de nudez no Snapchat. Tamb\u00e9m gostas de sexting? Se sim, porque \u00e9 que ainda est\u00e1s \u00e0 espera?\u00a0<\/p><p>V\u00eddeos de nudez no Snapchat de raparigas amadoras asi\u00e1ticas mais sexy. XXX Sexy Snapchat Pics de raparigas adolescentes ou milf. Queres ver como elas brincam com o seu dildo? Os v\u00eddeos sujos do Snapchat s\u00e3o ilimitados ap\u00f3s o registro e voc\u00ea tem acesso a v\u00eddeos pornogr\u00e1ficos de gra\u00e7a. Voc\u00ea n\u00e3o precisa mais procurar outro site com fotos nuas de garotas do Snapchat. A nossa base de dados \u00e9 muito grande e vai satisfazer as necessidades at\u00e9 das pessoas mais exigentes. Basta criar uma conta e desfrutar de cada momento com as mulheres mais bonitas do mundo.<\/p><h2>O melhor s\u00edtio para fazer sexting e conhecer raparigas filipinas com tes\u00e3o a partir do Snapchat<\/h2><p>\u00a0<\/p><p>O envio de fotografias de nudez tornou-se muito popular. Atualmente, quase toda a gente j\u00e1 fez sexting pelo menos uma vez na Internet. Muitos de n\u00f3s s\u00e3o menos t\u00edmidos se fizerem sexo atrav\u00e9s da Internet e s\u00e3o menos t\u00edmidos se conhecerem pessoas atrav\u00e9s da Internet. Obtenha nomes de utilizador de sexting e receba snaps de raparigas nuas. Nosso site oferece as melhores fotos e v\u00eddeos vazados do Snapchat de estrelas porn\u00f4s e garotas amadoras do tiktok.<\/p><p>Obtenha acesso a contas do Snapchat e ao melhor conte\u00fado do Snapchat que voc\u00ea j\u00e1 viu. Est\u00e1 no s\u00edtio certo para obter fotos de sexo e clips caseiros de nus quentes. Tudo \u00e9 gr\u00e1tis, s\u00f3 precisas de te registar! Encontra uma rapariga que adora sexo e fodas \u00e0 bruta em frente a webcams. Enfia a tua pila no cu dela porque ela anseia por isso.<\/p><p>Fa\u00e7a um sexting no snapchat, navegue por fotos e v\u00eddeos vazados do snapchat e selfies nuas. Engate-as e fa\u00e7a as suas pr\u00f3prias fotos porno com as suas caras giras. As melhores raparigas filipinas de Ormoc, Manila, Cebu e outras cidades das Filipinas. As mais belas raparigas asi\u00e1ticas amadoras da Internet. Encontre a sua favorita e marque um encontro ou uma foda num hotel.<\/p>\t\t\t\t\t\t\t\t<\/div>\n\t\t\t\t<\/div>\n\t\t\t\t\t<\/div>\n\t\t\t\t<\/div>\n\t\t\t\t<\/div>","protected":false},"excerpt":{"rendered":"<p>Snapchat Porn Usernames, Snapchat Nude Porn Videos Snapchat Nude Porn Videos, Naked Teen Snaps From Hot Girls Filipina Nude teenagers from the Philippines like to show their boobs and ass on snapchat. Sign up and join the largest pussy database on the internet. Stripped teens show pussy on snapchat and produce their own amateur porn&hellip; <br \/> <a class=\"read-more\" href=\"https:\/\/pinay-nudes.com\/pt\/users\/july-ormoc\/\">Read more<\/a><\/p>","protected":false},"author":1,"featured_media":0,"parent":42,"menu_order":0,"comment_status":"closed","ping_status":"closed","template":"page-templates\/homepage.php","meta":{"_monsterinsights_skip_tracking":false,"_monsterinsights_sitenote_active":false,"_monsterinsights_sitenote_note":"","_monsterinsights_sitenote_category":0,"footnotes":""},"class_list":["post-276","page","type-page","status-publish","hentry"],"aioseo_notices":[],"yoast_head":"<!-- This site is optimized with the Yoast SEO plugin v24.4 - https:\/\/yoast.com\/wordpress\/plugins\/seo\/ -->\n<title>July Ormoc - Nude Filipina Woman From Snapchat And Sex | Beauty Porn Pics<\/title>\n<meta name=\"robots\" content=\"index, follow, max-snippet:-1, max-image-preview:large, max-video-preview:-1\" \/>\n<link rel=\"canonical\" href=\"https:\/\/pinay-nudes.com\/pt\/users\/july-ormoc\/\" \/>\n<meta property=\"og:locale\" content=\"pt_PT\" \/>\n<meta property=\"og:type\" content=\"article\" \/>\n<meta property=\"og:title\" content=\"July Ormoc - Nude Filipina Woman From Snapchat And Sex | Beauty Porn Pics\" \/>\n<meta property=\"og:description\" content=\"Snapchat Porn Usernames, Snapchat Nude Porn Videos Snapchat Nude Porn Videos, Naked Teen Snaps From Hot Girls Filipina Nude teenagers from the Philippines like to show their boobs and ass on snapchat. Sign up and join the largest pussy database on the internet. Stripped teens show pussy on snapchat and produce their own amateur porn&hellip; Read more\" \/>\n<meta property=\"og:url\" content=\"https:\/\/pinay-nudes.com\/pt\/users\/july-ormoc\/\" \/>\n<meta property=\"og:site_name\" content=\"Nude Filipina Woman From Snapchat And Sex | Beauty Porn Pics\" \/>\n<meta property=\"article:modified_time\" content=\"2025-02-19T01:37:28+00:00\" \/>\n<meta property=\"og:image\" content=\"https:\/\/pinay-nudes.com\/wp-content\/uploads\/2023\/09\/cropped-photo_2023-09-03_03-35-15.jpg\" \/>\n\t<meta property=\"og:image:width\" content=\"960\" \/>\n\t<meta property=\"og:image:height\" content=\"960\" \/>\n\t<meta property=\"og:image:type\" content=\"image\/jpeg\" \/>\n<meta name=\"twitter:card\" content=\"summary_large_image\" \/>\n<meta name=\"twitter:label1\" content=\"Tempo estimado de leitura\" \/>\n\t<meta name=\"twitter:data1\" content=\"3 minutos\" \/>\n<script type=\"application\/ld+json\" class=\"yoast-schema-graph\">{\"@context\":\"https:\/\/schema.org\",\"@graph\":[{\"@type\":\"WebPage\",\"@id\":\"https:\/\/pinay-nudes.com\/users\/july-ormoc\/\",\"url\":\"https:\/\/pinay-nudes.com\/users\/july-ormoc\/\",\"name\":\"July Ormoc - Nude Filipina Woman From Snapchat And Sex | Beauty Porn Pics\",\"isPartOf\":{\"@id\":\"https:\/\/pinay-nudes.com\/#website\"},\"primaryImageOfPage\":{\"@id\":\"https:\/\/pinay-nudes.com\/users\/july-ormoc\/#primaryimage\"},\"image\":{\"@id\":\"https:\/\/pinay-nudes.com\/users\/july-ormoc\/#primaryimage\"},\"thumbnailUrl\":\"http:\/\/pinay-nudes.com\/wp-content\/uploads\/2023\/09\/cropped-photo_2023-09-03_03-35-15.jpg\",\"datePublished\":\"2023-09-18T02:55:46+00:00\",\"dateModified\":\"2025-02-19T01:37:28+00:00\",\"breadcrumb\":{\"@id\":\"https:\/\/pinay-nudes.com\/users\/july-ormoc\/#breadcrumb\"},\"inLanguage\":\"pt-PT\",\"potentialAction\":[{\"@type\":\"ReadAction\",\"target\":[\"https:\/\/pinay-nudes.com\/users\/july-ormoc\/\"]}]},{\"@type\":\"ImageObject\",\"inLanguage\":\"pt-PT\",\"@id\":\"https:\/\/pinay-nudes.com\/users\/july-ormoc\/#primaryimage\",\"url\":\"http:\/\/pinay-nudes.com\/wp-content\/uploads\/2023\/09\/cropped-photo_2023-09-03_03-35-15.jpg\",\"contentUrl\":\"http:\/\/pinay-nudes.com\/wp-content\/uploads\/2023\/09\/cropped-photo_2023-09-03_03-35-15.jpg\"},{\"@type\":\"BreadcrumbList\",\"@id\":\"https:\/\/pinay-nudes.com\/users\/july-ormoc\/#breadcrumb\",\"itemListElement\":[{\"@type\":\"ListItem\",\"position\":1,\"name\":\"Home\",\"item\":\"https:\/\/pinay-nudes.com\/\"},{\"@type\":\"ListItem\",\"position\":2,\"name\":\"Our Users\",\"item\":\"https:\/\/pinay-nudes.com\/users\/\"},{\"@type\":\"ListItem\",\"position\":3,\"name\":\"July Ormoc\"}]},{\"@type\":\"WebSite\",\"@id\":\"https:\/\/pinay-nudes.com\/#website\",\"url\":\"https:\/\/pinay-nudes.com\/\",\"name\":\"Nude Filipina Woman From Snapchat And Sex | Beauty Porn Pics\",\"description\":\"Check our Free Porn Gallery with nude beautiful girls. XXX Naked Porn Pics from Hot Naked Girls from Snapchat and Sex Cams. Best Filipina sexy photos\",\"publisher\":{\"@id\":\"https:\/\/pinay-nudes.com\/#organization\"},\"potentialAction\":[{\"@type\":\"SearchAction\",\"target\":{\"@type\":\"EntryPoint\",\"urlTemplate\":\"https:\/\/pinay-nudes.com\/?s={search_term_string}\"},\"query-input\":{\"@type\":\"PropertyValueSpecification\",\"valueRequired\":true,\"valueName\":\"search_term_string\"}}],\"inLanguage\":\"pt-PT\"},{\"@type\":\"Organization\",\"@id\":\"https:\/\/pinay-nudes.com\/#organization\",\"name\":\"Nude Filipina Woman From Snapchat And Sex | Beauty Porn Pics\",\"url\":\"https:\/\/pinay-nudes.com\/\",\"logo\":{\"@type\":\"ImageObject\",\"inLanguage\":\"pt-PT\",\"@id\":\"https:\/\/pinay-nudes.com\/#\/schema\/logo\/image\/\",\"url\":\"https:\/\/pinay-nudes.com\/wp-content\/uploads\/2023\/09\/cropped-cropped-logo2-1.png\",\"contentUrl\":\"https:\/\/pinay-nudes.com\/wp-content\/uploads\/2023\/09\/cropped-cropped-logo2-1.png\",\"width\":512,\"height\":512,\"caption\":\"Nude Filipina Woman From Snapchat And Sex | Beauty Porn Pics \"},\"image\":{\"@id\":\"https:\/\/pinay-nudes.com\/#\/schema\/logo\/image\/\"}}]}<\/script>\n<!-- \/ Yoast SEO plugin. -->","yoast_head_json":{"title":"July Ormoc - Nude Filipina Woman From Snapchat And Sex | Beauty Porn Pics","robots":{"index":"index","follow":"follow","max-snippet":"max-snippet:-1","max-image-preview":"max-image-preview:large","max-video-preview":"max-video-preview:-1"},"canonical":"https:\/\/pinay-nudes.com\/pt\/users\/july-ormoc\/","og_locale":"pt_PT","og_type":"article","og_title":"July Ormoc - Nude Filipina Woman From Snapchat And Sex | Beauty Porn Pics","og_description":"Snapchat Porn Usernames, Snapchat Nude Porn Videos Snapchat Nude Porn Videos, Naked Teen Snaps From Hot Girls Filipina Nude teenagers from the Philippines like to show their boobs and ass on snapchat. Sign up and join the largest pussy database on the internet. Stripped teens show pussy on snapchat and produce their own amateur porn&hellip; Read more","og_url":"https:\/\/pinay-nudes.com\/pt\/users\/july-ormoc\/","og_site_name":"Nude Filipina Woman From Snapchat And Sex | Beauty Porn Pics","article_modified_time":"2025-02-19T01:37:28+00:00","og_image":[{"width":960,"height":960,"url":"https:\/\/pinay-nudes.com\/wp-content\/uploads\/2023\/09\/cropped-photo_2023-09-03_03-35-15.jpg","type":"image\/jpeg"}],"twitter_card":"summary_large_image","twitter_misc":{"Tempo estimado de leitura":"3 minutos"},"schema":{"@context":"https:\/\/schema.org","@graph":[{"@type":"WebPage","@id":"https:\/\/pinay-nudes.com\/users\/july-ormoc\/","url":"https:\/\/pinay-nudes.com\/users\/july-ormoc\/","name":"July Ormoc - Nude Filipina Woman From Snapchat And Sex | Beauty Porn Pics","isPartOf":{"@id":"https:\/\/pinay-nudes.com\/#website"},"primaryImageOfPage":{"@id":"https:\/\/pinay-nudes.com\/users\/july-ormoc\/#primaryimage"},"image":{"@id":"https:\/\/pinay-nudes.com\/users\/july-ormoc\/#primaryimage"},"thumbnailUrl":"http:\/\/pinay-nudes.com\/wp-content\/uploads\/2023\/09\/cropped-photo_2023-09-03_03-35-15.jpg","datePublished":"2023-09-18T02:55:46+00:00","dateModified":"2025-02-19T01:37:28+00:00","breadcrumb":{"@id":"https:\/\/pinay-nudes.com\/users\/july-ormoc\/#breadcrumb"},"inLanguage":"pt-PT","potentialAction":[{"@type":"ReadAction","target":["https:\/\/pinay-nudes.com\/users\/july-ormoc\/"]}]},{"@type":"ImageObject","inLanguage":"pt-PT","@id":"https:\/\/pinay-nudes.com\/users\/july-ormoc\/#primaryimage","url":"http:\/\/pinay-nudes.com\/wp-content\/uploads\/2023\/09\/cropped-photo_2023-09-03_03-35-15.jpg","contentUrl":"http:\/\/pinay-nudes.com\/wp-content\/uploads\/2023\/09\/cropped-photo_2023-09-03_03-35-15.jpg"},{"@type":"BreadcrumbList","@id":"https:\/\/pinay-nudes.com\/users\/july-ormoc\/#breadcrumb","itemListElement":[{"@type":"ListItem","position":1,"name":"Home","item":"https:\/\/pinay-nudes.com\/"},{"@type":"ListItem","position":2,"name":"Our Users","item":"https:\/\/pinay-nudes.com\/users\/"},{"@type":"ListItem","position":3,"name":"July Ormoc"}]},{"@type":"WebSite","@id":"https:\/\/pinay-nudes.com\/#website","url":"https:\/\/pinay-nudes.com\/","name":"Nude Filipina Woman From Snapchat And Sex | Beauty Porn Pics","description":"Check our Free Porn Gallery with nude beautiful girls. XXX Naked Porn Pics from Hot Naked Girls from Snapchat and Sex Cams. Best Filipina sexy photos","publisher":{"@id":"https:\/\/pinay-nudes.com\/#organization"},"potentialAction":[{"@type":"SearchAction","target":{"@type":"EntryPoint","urlTemplate":"https:\/\/pinay-nudes.com\/?s={search_term_string}"},"query-input":{"@type":"PropertyValueSpecification","valueRequired":true,"valueName":"search_term_string"}}],"inLanguage":"pt-PT"},{"@type":"Organization","@id":"https:\/\/pinay-nudes.com\/#organization","name":"Nude Filipina Woman From Snapchat And Sex | Beauty Porn Pics","url":"https:\/\/pinay-nudes.com\/","logo":{"@type":"ImageObject","inLanguage":"pt-PT","@id":"https:\/\/pinay-nudes.com\/#\/schema\/logo\/image\/","url":"https:\/\/pinay-nudes.com\/wp-content\/uploads\/2023\/09\/cropped-cropped-logo2-1.png","contentUrl":"https:\/\/pinay-nudes.com\/wp-content\/uploads\/2023\/09\/cropped-cropped-logo2-1.png","width":512,"height":512,"caption":"Nude Filipina Woman From Snapchat And Sex | Beauty Porn Pics "},"image":{"@id":"https:\/\/pinay-nudes.com\/#\/schema\/logo\/image\/"}}]}},"_links":{"self":[{"href":"https:\/\/pinay-nudes.com\/pt\/wp-json\/wp\/v2\/pages\/276","targetHints":{"allow":["GET"]}}],"collection":[{"href":"https:\/\/pinay-nudes.com\/pt\/wp-json\/wp\/v2\/pages"}],"about":[{"href":"https:\/\/pinay-nudes.com\/pt\/wp-json\/wp\/v2\/types\/page"}],"author":[{"embeddable":true,"href":"https:\/\/pinay-nudes.com\/pt\/wp-json\/wp\/v2\/users\/1"}],"replies":[{"embeddable":true,"href":"https:\/\/pinay-nudes.com\/pt\/wp-json\/wp\/v2\/comments?post=276"}],"version-history":[{"count":40,"href":"https:\/\/pinay-nudes.com\/pt\/wp-json\/wp\/v2\/pages\/276\/revisions"}],"predecessor-version":[{"id":2422,"href":"https:\/\/pinay-nudes.com\/pt\/wp-json\/wp\/v2\/pages\/276\/revisions\/2422"}],"up":[{"embeddable":true,"href":"https:\/\/pinay-nudes.com\/pt\/wp-json\/wp\/v2\/pages\/42"}],"wp:attachment":[{"href":"https:\/\/pinay-nudes.com\/pt\/wp-json\/wp\/v2\/media?parent=276"}],"curies":[{"name":"wp","href":"https:\/\/api.w.org\/{rel}","templated":true}]}}