{"id":272,"date":"2023-09-18T03:55:46","date_gmt":"2023-09-18T02:55:46","guid":{"rendered":"https:\/\/pinay-nudes.com\/?page_id=272"},"modified":"2025-02-19T01:37:47","modified_gmt":"2025-02-19T01:37:47","slug":"joy-quezon","status":"publish","type":"page","link":"https:\/\/pinay-nudes.com\/pt\/users\/joy-quezon\/","title":{"rendered":"Joy Quezon"},"content":{"rendered":"<div data-elementor-type=\"wp-page\" data-elementor-id=\"272\" class=\"elementor elementor-272\">\n\t\t\t\t<div class=\"elementor-element elementor-element-a2bff0f e-flex e-con-boxed e-con e-parent\" data-id=\"a2bff0f\" data-element_type=\"container\">\n\t\t\t\t\t<div class=\"e-con-inner\">\n\t\t\t\t<div class=\"elementor-element elementor-element-ff0bc98 elementor-widget elementor-widget-text-editor\" data-id=\"ff0bc98\" data-element_type=\"widget\" data-widget_type=\"text-editor.default\">\n\t\t\t\t<div class=\"elementor-widget-container\">\n\t\t\t\t\t\t\t\t\t<center><h1 class=\"herotitle\">Melhores v\u00eddeos pornogr\u00e1ficos de nudez do Snapchat, pesquisar nomes de usu\u00e1rio de nudez do Snap - Pinay-Nudes.com<\/h1><\/center>\t\t\t\t\t\t\t\t<\/div>\n\t\t\t\t<\/div>\n\t\t\t\t\t<\/div>\n\t\t\t\t<\/div>\n\t\t<div class=\"elementor-element elementor-element-7b89e50 e-flex e-con-boxed e-con e-parent\" data-id=\"7b89e50\" data-element_type=\"container\">\n\t\t\t\t\t<div class=\"e-con-inner\">\n\t\t\t\t<div class=\"elementor-element elementor-element-6fa0184 elementor-widget elementor-widget-text-editor\" data-id=\"6fa0184\" data-element_type=\"widget\" data-widget_type=\"text-editor.default\">\n\t\t\t\t<div class=\"elementor-widget-container\">\n\t\t\t\t\t\t\t\t\t<h2>Acesso gratuito a v\u00eddeos pornogr\u00e1ficos de raparigas nuas do Snapchat<\/h2><p>\u00a0<\/p><p>Obtenha acesso gratuito \u00e0 melhor cole\u00e7\u00e3o de fotos e v\u00eddeos de nus do snapchat. A maioria das raparigas do nosso site s\u00e3o amadoras que gostam de sexo anal e bom sexo cl\u00e1ssico. Faz sexting e desfruta de momentos quentes no nosso site. Para ter acesso, basta registar-se. N\u00e3o precisa de fornecer os dados do seu cart\u00e3o de cr\u00e9dito ou a sua informa\u00e7\u00e3o privada. Tudo o que tem de fazer \u00e9 fornecer o seu login, palavra-passe e confirmar o seu endere\u00e7o de e-mail.<\/p><p>As melhores raparigas est\u00e3o \u00e0 espera que sinta a sua pila. N\u00e3o espere mais e registe-se para ver imagens de nus de raparigas amadoras ou modelos a trabalhar em c\u00e2maras de sexo online. As mais belas filipinas que trabalham neste ramo adoram estrangeiros, especialmente americanos e australianos. As suas ratas e mamas s\u00e3o incrivelmente bonitas e voc\u00eas v\u00e3o adorar!<\/p><p>\u00a0<\/p>\t\t\t\t\t\t\t\t<\/div>\n\t\t\t\t<\/div>\n\t\t\t\t\t<\/div>\n\t\t\t\t<\/div>\n\t\t<div class=\"elementor-element elementor-element-3da574c e-con-full e-flex e-con e-parent\" data-id=\"3da574c\" data-element_type=\"container\">\n\t\t<div class=\"elementor-element elementor-element-a53a440 e-con-full e-flex e-con e-child\" data-id=\"a53a440\" data-element_type=\"container\">\n\t\t\t\t<div class=\"elementor-element elementor-element-3d6b382 elementor-widget elementor-widget-image\" data-id=\"3d6b382\" data-element_type=\"widget\" data-widget_type=\"image.default\">\n\t\t\t\t<div class=\"elementor-widget-container\">\n\t\t\t\t\t\t\t\t\t\t\t\t\t\t\t<img fetchpriority=\"high\" decoding=\"async\" width=\"576\" height=\"1024\" src=\"https:\/\/pinay-nudes.com\/wp-content\/uploads\/2023\/09\/7-1-3-576x1024.jpg\" class=\"attachment-large size-large wp-image-231\" alt=\"\" srcset=\"https:\/\/pinay-nudes.com\/wp-content\/uploads\/2023\/09\/7-1-3-576x1024.jpg 576w, https:\/\/pinay-nudes.com\/wp-content\/uploads\/2023\/09\/7-1-3-169x300.jpg 169w, https:\/\/pinay-nudes.com\/wp-content\/uploads\/2023\/09\/7-1-3-608x1080.jpg 608w, https:\/\/pinay-nudes.com\/wp-content\/uploads\/2023\/09\/7-1-3.jpg 720w\" sizes=\"(max-width: 576px) 100vw, 576px\" \/>\t\t\t\t\t\t\t\t\t\t\t\t\t\t\t<\/div>\n\t\t\t\t<\/div>\n\t\t\t\t<\/div>\n\t\t<div class=\"elementor-element elementor-element-ced765f e-con-full e-flex e-con e-child\" data-id=\"ced765f\" data-element_type=\"container\">\n\t\t\t\t<div class=\"elementor-element elementor-element-9dc9a9f elementor-widget elementor-widget-heading\" data-id=\"9dc9a9f\" data-element_type=\"widget\" data-widget_type=\"heading.default\">\n\t\t\t\t<div class=\"elementor-widget-container\">\n\t\t\t\t\t<h2 class=\"elementor-heading-title elementor-size-default\">Joy, Quezon City<\/h2>\t\t\t\t<\/div>\n\t\t\t\t<\/div>\n\t\t\t\t<div class=\"elementor-element elementor-element-b01de05 elementor-widget elementor-widget-text-editor\" data-id=\"b01de05\" data-element_type=\"widget\" data-widget_type=\"text-editor.default\">\n\t\t\t\t<div class=\"elementor-widget-container\">\n\t\t\t\t\t\t\t\t\t<p>Ol\u00e1 a todos, o meu nome \u00e9 Joy. Vivo em Quezon City com as minhas duas irm\u00e3s.<span style=\"color: var( --e-global-color-text ); font-family: var( --e-global-typography-text-font-family ), Sans-serif; font-weight: var( --e-global-typography-text-font-weight );\">&nbsp;Adoro animais, atualmente Gap-Year, mas tenciono estudar medicina veterin\u00e1ria. Gosto de diversificar o meu tempo livre e de conhecer novas pessoas.<\/span><\/p>\t\t\t\t\t\t\t\t<\/div>\n\t\t\t\t<\/div>\n\t\t\t\t<div class=\"elementor-element elementor-element-39f7c13 elementor-shape-rounded elementor-grid-0 e-grid-align-center elementor-widget elementor-widget-social-icons\" data-id=\"39f7c13\" data-element_type=\"widget\" data-widget_type=\"social-icons.default\">\n\t\t\t\t<div class=\"elementor-widget-container\">\n\t\t\t\t\t\t\t<div class=\"elementor-social-icons-wrapper elementor-grid\">\n\t\t\t\t\t\t\t<span class=\"elementor-grid-item\">\n\t\t\t\t\t<a class=\"elementor-icon elementor-social-icon elementor-social-icon-facebook elementor-repeater-item-966ee37\" href=\"https:\/\/pinay-nudes.com\/pt\/cb\/register\/\" target=\"_blank\">\n\t\t\t\t\t\t<span class=\"elementor-screen-only\">Facebook<\/span>\n\t\t\t\t\t\t<i class=\"fab fa-facebook\"><\/i>\t\t\t\t\t<\/a>\n\t\t\t\t<\/span>\n\t\t\t\t\t\t\t<span class=\"elementor-grid-item\">\n\t\t\t\t\t<a class=\"elementor-icon elementor-social-icon elementor-social-icon-instagram elementor-repeater-item-47b44c9\" href=\"https:\/\/pinay-nudes.com\/pt\/nk\/register\/\" target=\"_blank\">\n\t\t\t\t\t\t<span class=\"elementor-screen-only\">Instagram<\/span>\n\t\t\t\t\t\t<i class=\"fab fa-instagram\"><\/i>\t\t\t\t\t<\/a>\n\t\t\t\t<\/span>\n\t\t\t\t\t\t\t<span class=\"elementor-grid-item\">\n\t\t\t\t\t<a class=\"elementor-icon elementor-social-icon elementor-social-icon-snapchat elementor-repeater-item-a214105\" href=\"https:\/\/pinay-nudes.com\/pt\/cb\/register\/\" target=\"_blank\">\n\t\t\t\t\t\t<span class=\"elementor-screen-only\">Snapchat<\/span>\n\t\t\t\t\t\t<i class=\"fab fa-snapchat\"><\/i>\t\t\t\t\t<\/a>\n\t\t\t\t<\/span>\n\t\t\t\t\t<\/div>\n\t\t\t\t\t\t<\/div>\n\t\t\t\t<\/div>\n\t\t\t\t<div class=\"elementor-element elementor-element-53229be elementor-invisible elementor-widget elementor-widget-text-editor\" data-id=\"53229be\" data-element_type=\"widget\" data-settings=\"{&quot;_animation&quot;:&quot;jello&quot;}\" data-widget_type=\"text-editor.default\">\n\t\t\t\t<div class=\"elementor-widget-container\">\n\t\t\t\t\t\t\t\t\t<p><strong>14,053<\/strong><\/p>\t\t\t\t\t\t\t\t<\/div>\n\t\t\t\t<\/div>\n\t\t\t\t<div class=\"elementor-element elementor-element-00884b4 elementor-widget elementor-widget-text-editor\" data-id=\"00884b4\" data-element_type=\"widget\" data-widget_type=\"text-editor.default\">\n\t\t\t\t<div class=\"elementor-widget-container\">\n\t\t\t\t\t\t\t\t\t<p>Seguidores<\/p>\t\t\t\t\t\t\t\t<\/div>\n\t\t\t\t<\/div>\n\t\t\t\t<div class=\"elementor-element elementor-element-aa0dad9 elementor-widget elementor-widget-text-editor\" data-id=\"aa0dad9\" data-element_type=\"widget\" data-widget_type=\"text-editor.default\">\n\t\t\t\t<div class=\"elementor-widget-container\">\n\t\t\t\t\t\t\t\t\t<p><strong>Estou online!<\/strong><\/p>\n<p>Tempo m\u00e9dio de resposta 3-25 minutos<\/p>\t\t\t\t\t\t\t\t<\/div>\n\t\t\t\t<\/div>\n\t\t\t\t<div class=\"elementor-element elementor-element-7cccf79 elementor-align-center elementor-widget elementor-widget-button\" data-id=\"7cccf79\" data-element_type=\"widget\" data-widget_type=\"button.default\">\n\t\t\t\t<div class=\"elementor-widget-container\">\n\t\t\t\t\t\t\t\t\t<div class=\"elementor-button-wrapper\">\n\t\t\t\t\t<a class=\"elementor-button elementor-button-link elementor-size-sm\" href=\"https:\/\/pinay-nudes.com\/pt\/nk1\/register\/\">\n\t\t\t\t\t\t<span class=\"elementor-button-content-wrapper\">\n\t\t\t\t\t\t\t\t\t<span class=\"elementor-button-text\">Contacto comigo<\/span>\n\t\t\t\t\t<\/span>\n\t\t\t\t\t<\/a>\n\t\t\t\t<\/div>\n\t\t\t\t\t\t\t\t<\/div>\n\t\t\t\t<\/div>\n\t\t\t\t<div class=\"elementor-element elementor-element-73edd4d elementor-star-rating--align-center elementor--star-style-star_fontawesome elementor-widget elementor-widget-star-rating\" data-id=\"73edd4d\" data-element_type=\"widget\" data-widget_type=\"star-rating.default\">\n\t\t\t\t<div class=\"elementor-widget-container\">\n\t\t\t\t\t\n\t\t<div class=\"elementor-star-rating__wrapper\">\n\t\t\t\t\t\t\t<div class=\"elementor-star-rating__title\">Revis\u00e3o do perfil:<\/div>\n\t\t\t\t\t\t<div class=\"elementor-star-rating\" title=\"4.3\/5\" itemtype=\"http:\/\/schema.org\/Rating\" itemscope=\"\" itemprop=\"reviewRating\"><i class=\"elementor-star-full\">&#xE934;<\/i><i class=\"elementor-star-full\">&#xE934;<\/i><i class=\"elementor-star-full\">&#xE934;<\/i><i class=\"elementor-star-full\">&#xE934;<\/i><i class=\"elementor-star-3\">&#xE934;<\/i> <span itemprop=\"ratingValue\" class=\"elementor-screen-only\">4.3\/5<\/span><\/div>\t\t<\/div>\n\t\t\t\t\t\t<\/div>\n\t\t\t\t<\/div>\n\t\t\t\t<\/div>\n\t\t\t\t<\/div>\n\t\t<div class=\"elementor-element elementor-element-1326873 e-flex e-con-boxed e-con e-parent\" data-id=\"1326873\" data-element_type=\"container\">\n\t\t\t\t\t<div class=\"e-con-inner\">\n\t\t\t\t<div class=\"elementor-element elementor-element-4fd507f elementor-widget elementor-widget-image\" data-id=\"4fd507f\" data-element_type=\"widget\" data-widget_type=\"image.default\">\n\t\t\t\t<div class=\"elementor-widget-container\">\n\t\t\t\t\t\t\t\t\t\t\t\t\t\t\t\t<a href=\"https:\/\/pinay-nudes.com\/pt\/go\/chaturbate\/\">\n\t\t\t\t\t\t\t<img decoding=\"async\" width=\"728\" height=\"90\" src=\"https:\/\/pinay-nudes.com\/wp-content\/uploads\/2023\/09\/CB-728-2.jpg\" class=\"attachment-large size-large wp-image-449\" alt=\"\" srcset=\"https:\/\/pinay-nudes.com\/wp-content\/uploads\/2023\/09\/CB-728-2.jpg 728w, https:\/\/pinay-nudes.com\/wp-content\/uploads\/2023\/09\/CB-728-2-300x37.jpg 300w\" sizes=\"(max-width: 728px) 100vw, 728px\" \/>\t\t\t\t\t\t\t\t<\/a>\n\t\t\t\t\t\t\t\t\t\t\t\t\t\t\t<\/div>\n\t\t\t\t<\/div>\n\t\t\t\t\t<\/div>\n\t\t\t\t<\/div>\n\t\t<div class=\"elementor-element elementor-element-d8c253d e-flex e-con-boxed e-con e-parent\" data-id=\"d8c253d\" data-element_type=\"container\">\n\t\t\t\t\t<div class=\"e-con-inner\">\n\t\t\t\t<div class=\"elementor-element elementor-element-34c4fc3 elementor-widget elementor-widget-text-editor\" data-id=\"34c4fc3\" data-element_type=\"widget\" data-widget_type=\"text-editor.default\">\n\t\t\t\t<div class=\"elementor-widget-container\">\n\t\t\t\t\t\t\t\t\t<h2>Nus sensuais do Snapchat - Pesquisar conte\u00fado para adultos divulgado\u00a0<\/h2><p>Ao registar-se no nosso site tem acesso total a galerias de fotos e v\u00eddeos de mulheres asi\u00e1ticas excitadas que pode foder dia e noite ou enviar mensagens de texto com elas. Procura as raparigas pelo nome, etnia ou simplesmente pela apar\u00eancia. A nossa plataforma funciona melhor do que outros sites de encontros conhecidos e \u00e9 totalmente gratuita. As melhores fotos e v\u00eddeos vazados do snapchat. Carregue as suas fotos e subscreva outras raparigas amadoras.\u00a0<\/p><p>\u00a0<\/p><h2>Obter Onlyfans e redes sociais e conversar com raparigas adolescentes<\/h2><p>As mulheres asi\u00e1ticas sujas mais quentes diretamente do snapchat. Desfrute de v\u00eddeos de sexo gr\u00e1tis onde as raparigas se masturbam com o seu grande dildo. Procurem milfs e namorem-nas para serem fodidas em hot\u00e9is. Est\u00e1s no s\u00edtio certo para o fazer. Desfruta de acesso ilimitado \u00e0s caras mais giras e aos snaps de nudez sujos e caseiros. Colecciona tudo. Navega pela nossa cole\u00e7\u00e3o de nomes de utilizador, envia-lhes mensagens e dedilha-lhes o cu! \u00c9 disso que elas gostam. Envia Snap Nudes a Teens ou milf excitadas e engata-as todos os dias.<\/p><p>\u00a0<\/p><h2>Melhor aplicativo de plataforma de sexting com nudes quentes do Snap\u00a0<\/h2><p>A melhor plataforma para encontros e pr\u00e9-visualiza\u00e7\u00e3o de raparigas online. Garantimos-lhe que ficar\u00e1 satisfeito. N\u00e3o demore mais e registe-se para ter acesso total a estas putas gostosas. Tem-nas na ponta dos seus dedos e contact\u00e1-las nunca foi t\u00e3o simples como agora. Obter nus vazados do Snap chat.<\/p>\t\t\t\t\t\t\t\t<\/div>\n\t\t\t\t<\/div>\n\t\t\t\t\t<\/div>\n\t\t\t\t<\/div>\n\t\t\t\t<\/div>","protected":false},"excerpt":{"rendered":"<p>Best Snapchat Nude Porn Videos, Search Snap Nudes Usernames &#8211;\u00a0Pinay-Nudes.com Free Access to Premium Nude Snapchat Girls Porn Videos \u00a0 Get free access to the best collection of nude snapchat photos and videos. Most of the girls on our site are amateurs who like anal and good classic sex. Do sexting and enjoy hot moments&hellip; <br \/> <a class=\"read-more\" href=\"https:\/\/pinay-nudes.com\/pt\/users\/joy-quezon\/\">Read more<\/a><\/p>","protected":false},"author":1,"featured_media":0,"parent":42,"menu_order":0,"comment_status":"closed","ping_status":"closed","template":"page-templates\/homepage.php","meta":{"_monsterinsights_skip_tracking":false,"_monsterinsights_sitenote_active":false,"_monsterinsights_sitenote_note":"","_monsterinsights_sitenote_category":0,"footnotes":""},"class_list":["post-272","page","type-page","status-publish","hentry"],"aioseo_notices":[],"yoast_head":"<!-- This site is optimized with the Yoast SEO plugin v24.4 - https:\/\/yoast.com\/wordpress\/plugins\/seo\/ -->\n<title>Joy Quezon - Nude Filipina Woman From Snapchat And Sex | Beauty Porn Pics<\/title>\n<meta name=\"robots\" content=\"index, follow, max-snippet:-1, max-image-preview:large, max-video-preview:-1\" \/>\n<link rel=\"canonical\" href=\"https:\/\/pinay-nudes.com\/pt\/users\/joy-quezon\/\" \/>\n<meta property=\"og:locale\" content=\"pt_PT\" \/>\n<meta property=\"og:type\" content=\"article\" \/>\n<meta property=\"og:title\" content=\"Joy Quezon - Nude Filipina Woman From Snapchat And Sex | Beauty Porn Pics\" \/>\n<meta property=\"og:description\" content=\"Best Snapchat Nude Porn Videos, Search Snap Nudes Usernames &#8211;\u00a0Pinay-Nudes.com Free Access to Premium Nude Snapchat Girls Porn Videos \u00a0 Get free access to the best collection of nude snapchat photos and videos. Most of the girls on our site are amateurs who like anal and good classic sex. Do sexting and enjoy hot moments&hellip; Read more\" \/>\n<meta property=\"og:url\" content=\"https:\/\/pinay-nudes.com\/pt\/users\/joy-quezon\/\" \/>\n<meta property=\"og:site_name\" content=\"Nude Filipina Woman From Snapchat And Sex | Beauty Porn Pics\" \/>\n<meta property=\"article:modified_time\" content=\"2025-02-19T01:37:47+00:00\" \/>\n<meta property=\"og:image\" content=\"https:\/\/pinay-nudes.com\/wp-content\/uploads\/2023\/09\/7-1-3.jpg\" \/>\n\t<meta property=\"og:image:width\" content=\"720\" \/>\n\t<meta property=\"og:image:height\" content=\"1280\" \/>\n\t<meta property=\"og:image:type\" content=\"image\/jpeg\" \/>\n<meta name=\"twitter:card\" content=\"summary_large_image\" \/>\n<meta name=\"twitter:label1\" content=\"Tempo estimado de leitura\" \/>\n\t<meta name=\"twitter:data1\" content=\"3 minutos\" \/>\n<script type=\"application\/ld+json\" class=\"yoast-schema-graph\">{\"@context\":\"https:\/\/schema.org\",\"@graph\":[{\"@type\":\"WebPage\",\"@id\":\"https:\/\/pinay-nudes.com\/users\/joy-quezon\/\",\"url\":\"https:\/\/pinay-nudes.com\/users\/joy-quezon\/\",\"name\":\"Joy Quezon - Nude Filipina Woman From Snapchat And Sex | Beauty Porn Pics\",\"isPartOf\":{\"@id\":\"https:\/\/pinay-nudes.com\/#website\"},\"primaryImageOfPage\":{\"@id\":\"https:\/\/pinay-nudes.com\/users\/joy-quezon\/#primaryimage\"},\"image\":{\"@id\":\"https:\/\/pinay-nudes.com\/users\/joy-quezon\/#primaryimage\"},\"thumbnailUrl\":\"http:\/\/pinay-nudes.com\/wp-content\/uploads\/2023\/09\/7-1-3-576x1024.jpg\",\"datePublished\":\"2023-09-18T02:55:46+00:00\",\"dateModified\":\"2025-02-19T01:37:47+00:00\",\"breadcrumb\":{\"@id\":\"https:\/\/pinay-nudes.com\/users\/joy-quezon\/#breadcrumb\"},\"inLanguage\":\"pt-PT\",\"potentialAction\":[{\"@type\":\"ReadAction\",\"target\":[\"https:\/\/pinay-nudes.com\/users\/joy-quezon\/\"]}]},{\"@type\":\"ImageObject\",\"inLanguage\":\"pt-PT\",\"@id\":\"https:\/\/pinay-nudes.com\/users\/joy-quezon\/#primaryimage\",\"url\":\"http:\/\/pinay-nudes.com\/wp-content\/uploads\/2023\/09\/7-1-3-576x1024.jpg\",\"contentUrl\":\"http:\/\/pinay-nudes.com\/wp-content\/uploads\/2023\/09\/7-1-3-576x1024.jpg\"},{\"@type\":\"BreadcrumbList\",\"@id\":\"https:\/\/pinay-nudes.com\/users\/joy-quezon\/#breadcrumb\",\"itemListElement\":[{\"@type\":\"ListItem\",\"position\":1,\"name\":\"Home\",\"item\":\"https:\/\/pinay-nudes.com\/\"},{\"@type\":\"ListItem\",\"position\":2,\"name\":\"Our Users\",\"item\":\"https:\/\/pinay-nudes.com\/users\/\"},{\"@type\":\"ListItem\",\"position\":3,\"name\":\"Joy Quezon\"}]},{\"@type\":\"WebSite\",\"@id\":\"https:\/\/pinay-nudes.com\/#website\",\"url\":\"https:\/\/pinay-nudes.com\/\",\"name\":\"Nude Filipina Woman From Snapchat And Sex | Beauty Porn Pics\",\"description\":\"Check our Free Porn Gallery with nude beautiful girls. XXX Naked Porn Pics from Hot Naked Girls from Snapchat and Sex Cams. Best Filipina sexy photos\",\"publisher\":{\"@id\":\"https:\/\/pinay-nudes.com\/#organization\"},\"potentialAction\":[{\"@type\":\"SearchAction\",\"target\":{\"@type\":\"EntryPoint\",\"urlTemplate\":\"https:\/\/pinay-nudes.com\/?s={search_term_string}\"},\"query-input\":{\"@type\":\"PropertyValueSpecification\",\"valueRequired\":true,\"valueName\":\"search_term_string\"}}],\"inLanguage\":\"pt-PT\"},{\"@type\":\"Organization\",\"@id\":\"https:\/\/pinay-nudes.com\/#organization\",\"name\":\"Nude Filipina Woman From Snapchat And Sex | Beauty Porn Pics\",\"url\":\"https:\/\/pinay-nudes.com\/\",\"logo\":{\"@type\":\"ImageObject\",\"inLanguage\":\"pt-PT\",\"@id\":\"https:\/\/pinay-nudes.com\/#\/schema\/logo\/image\/\",\"url\":\"https:\/\/pinay-nudes.com\/wp-content\/uploads\/2023\/09\/cropped-cropped-logo2-1.png\",\"contentUrl\":\"https:\/\/pinay-nudes.com\/wp-content\/uploads\/2023\/09\/cropped-cropped-logo2-1.png\",\"width\":512,\"height\":512,\"caption\":\"Nude Filipina Woman From Snapchat And Sex | Beauty Porn Pics \"},\"image\":{\"@id\":\"https:\/\/pinay-nudes.com\/#\/schema\/logo\/image\/\"}}]}<\/script>\n<!-- \/ Yoast SEO plugin. -->","yoast_head_json":{"title":"Joy Quezon - Nude Filipina Woman From Snapchat And Sex | Beauty Porn Pics","robots":{"index":"index","follow":"follow","max-snippet":"max-snippet:-1","max-image-preview":"max-image-preview:large","max-video-preview":"max-video-preview:-1"},"canonical":"https:\/\/pinay-nudes.com\/pt\/users\/joy-quezon\/","og_locale":"pt_PT","og_type":"article","og_title":"Joy Quezon - Nude Filipina Woman From Snapchat And Sex | Beauty Porn Pics","og_description":"Best Snapchat Nude Porn Videos, Search Snap Nudes Usernames &#8211;\u00a0Pinay-Nudes.com Free Access to Premium Nude Snapchat Girls Porn Videos \u00a0 Get free access to the best collection of nude snapchat photos and videos. Most of the girls on our site are amateurs who like anal and good classic sex. Do sexting and enjoy hot moments&hellip; Read more","og_url":"https:\/\/pinay-nudes.com\/pt\/users\/joy-quezon\/","og_site_name":"Nude Filipina Woman From Snapchat And Sex | Beauty Porn Pics","article_modified_time":"2025-02-19T01:37:47+00:00","og_image":[{"width":720,"height":1280,"url":"https:\/\/pinay-nudes.com\/wp-content\/uploads\/2023\/09\/7-1-3.jpg","type":"image\/jpeg"}],"twitter_card":"summary_large_image","twitter_misc":{"Tempo estimado de leitura":"3 minutos"},"schema":{"@context":"https:\/\/schema.org","@graph":[{"@type":"WebPage","@id":"https:\/\/pinay-nudes.com\/users\/joy-quezon\/","url":"https:\/\/pinay-nudes.com\/users\/joy-quezon\/","name":"Joy Quezon - Nude Filipina Woman From Snapchat And Sex | Beauty Porn Pics","isPartOf":{"@id":"https:\/\/pinay-nudes.com\/#website"},"primaryImageOfPage":{"@id":"https:\/\/pinay-nudes.com\/users\/joy-quezon\/#primaryimage"},"image":{"@id":"https:\/\/pinay-nudes.com\/users\/joy-quezon\/#primaryimage"},"thumbnailUrl":"http:\/\/pinay-nudes.com\/wp-content\/uploads\/2023\/09\/7-1-3-576x1024.jpg","datePublished":"2023-09-18T02:55:46+00:00","dateModified":"2025-02-19T01:37:47+00:00","breadcrumb":{"@id":"https:\/\/pinay-nudes.com\/users\/joy-quezon\/#breadcrumb"},"inLanguage":"pt-PT","potentialAction":[{"@type":"ReadAction","target":["https:\/\/pinay-nudes.com\/users\/joy-quezon\/"]}]},{"@type":"ImageObject","inLanguage":"pt-PT","@id":"https:\/\/pinay-nudes.com\/users\/joy-quezon\/#primaryimage","url":"http:\/\/pinay-nudes.com\/wp-content\/uploads\/2023\/09\/7-1-3-576x1024.jpg","contentUrl":"http:\/\/pinay-nudes.com\/wp-content\/uploads\/2023\/09\/7-1-3-576x1024.jpg"},{"@type":"BreadcrumbList","@id":"https:\/\/pinay-nudes.com\/users\/joy-quezon\/#breadcrumb","itemListElement":[{"@type":"ListItem","position":1,"name":"Home","item":"https:\/\/pinay-nudes.com\/"},{"@type":"ListItem","position":2,"name":"Our Users","item":"https:\/\/pinay-nudes.com\/users\/"},{"@type":"ListItem","position":3,"name":"Joy Quezon"}]},{"@type":"WebSite","@id":"https:\/\/pinay-nudes.com\/#website","url":"https:\/\/pinay-nudes.com\/","name":"Nude Filipina Woman From Snapchat And Sex | Beauty Porn Pics","description":"Check our Free Porn Gallery with nude beautiful girls. XXX Naked Porn Pics from Hot Naked Girls from Snapchat and Sex Cams. Best Filipina sexy photos","publisher":{"@id":"https:\/\/pinay-nudes.com\/#organization"},"potentialAction":[{"@type":"SearchAction","target":{"@type":"EntryPoint","urlTemplate":"https:\/\/pinay-nudes.com\/?s={search_term_string}"},"query-input":{"@type":"PropertyValueSpecification","valueRequired":true,"valueName":"search_term_string"}}],"inLanguage":"pt-PT"},{"@type":"Organization","@id":"https:\/\/pinay-nudes.com\/#organization","name":"Nude Filipina Woman From Snapchat And Sex | Beauty Porn Pics","url":"https:\/\/pinay-nudes.com\/","logo":{"@type":"ImageObject","inLanguage":"pt-PT","@id":"https:\/\/pinay-nudes.com\/#\/schema\/logo\/image\/","url":"https:\/\/pinay-nudes.com\/wp-content\/uploads\/2023\/09\/cropped-cropped-logo2-1.png","contentUrl":"https:\/\/pinay-nudes.com\/wp-content\/uploads\/2023\/09\/cropped-cropped-logo2-1.png","width":512,"height":512,"caption":"Nude Filipina Woman From Snapchat And Sex | Beauty Porn Pics "},"image":{"@id":"https:\/\/pinay-nudes.com\/#\/schema\/logo\/image\/"}}]}},"_links":{"self":[{"href":"https:\/\/pinay-nudes.com\/pt\/wp-json\/wp\/v2\/pages\/272","targetHints":{"allow":["GET"]}}],"collection":[{"href":"https:\/\/pinay-nudes.com\/pt\/wp-json\/wp\/v2\/pages"}],"about":[{"href":"https:\/\/pinay-nudes.com\/pt\/wp-json\/wp\/v2\/types\/page"}],"author":[{"embeddable":true,"href":"https:\/\/pinay-nudes.com\/pt\/wp-json\/wp\/v2\/users\/1"}],"replies":[{"embeddable":true,"href":"https:\/\/pinay-nudes.com\/pt\/wp-json\/wp\/v2\/comments?post=272"}],"version-history":[{"count":58,"href":"https:\/\/pinay-nudes.com\/pt\/wp-json\/wp\/v2\/pages\/272\/revisions"}],"predecessor-version":[{"id":2428,"href":"https:\/\/pinay-nudes.com\/pt\/wp-json\/wp\/v2\/pages\/272\/revisions\/2428"}],"up":[{"embeddable":true,"href":"https:\/\/pinay-nudes.com\/pt\/wp-json\/wp\/v2\/pages\/42"}],"wp:attachment":[{"href":"https:\/\/pinay-nudes.com\/pt\/wp-json\/wp\/v2\/media?parent=272"}],"curies":[{"name":"wp","href":"https:\/\/api.w.org\/{rel}","templated":true}]}}