{"id":1887,"date":"2024-12-02T02:43:32","date_gmt":"2024-12-02T02:43:32","guid":{"rendered":"https:\/\/pinay-nudes.com\/?page_id=1887"},"modified":"2025-02-19T01:39:39","modified_gmt":"2025-02-19T01:39:39","slug":"hairy-pussy","status":"publish","type":"page","link":"https:\/\/pinay-nudes.com\/pt\/hairy-pussy\/","title":{"rendered":"Hairy Pussy"},"content":{"rendered":"<div data-elementor-type=\"wp-page\" data-elementor-id=\"1887\" class=\"elementor elementor-1887\">\n\t\t\t\t<div class=\"elementor-element elementor-element-7686818 e-flex e-con-boxed e-con e-parent\" data-id=\"7686818\" data-element_type=\"container\">\n\t\t\t\t\t<div class=\"e-con-inner\">\n\t\t\t\t<div class=\"elementor-element elementor-element-0dafb9e elementor-widget elementor-widget-text-editor\" data-id=\"0dafb9e\" data-element_type=\"widget\" data-widget_type=\"text-editor.default\">\n\t\t\t\t<div class=\"elementor-widget-container\">\n\t\t\t\t\t\t\t\t\t<center><h1>V\u00eddeos porno de ratas peludas e fotos de sexo peludas gr\u00e1tis<\/h1><\/center>\t\t\t\t\t\t\t\t<\/div>\n\t\t\t\t<\/div>\n\t\t\t\t\t<\/div>\n\t\t\t\t<\/div>\n\t\t<div class=\"elementor-element elementor-element-1cb56df e-flex e-con-boxed e-con e-parent\" data-id=\"1cb56df\" data-element_type=\"container\">\n\t\t\t\t\t<div class=\"e-con-inner\">\n\t\t\t\t<div class=\"elementor-element elementor-element-7c918e4 elementor-widget elementor-widget-text-editor\" data-id=\"7c918e4\" data-element_type=\"widget\" data-widget_type=\"text-editor.default\">\n\t\t\t\t<div class=\"elementor-widget-container\">\n\t\t\t\t\t\t\t\t\t<p>Gostas de adolescentes maduras ou amadoras com a rata peluda? Se sim, ent\u00e3o pinay-nudes \u00e9 o site perfeito para ti e vais encontrar aqui o que procuras. Com o nosso site pode conversar com raparigas de todo o mundo, sair com elas na sua cidade para uma queca, ou apenas fazer sexting em webcams online. Veja as adolescentes exc\u00eantricas a gozar e a atingir o orgasmo. \u00c9 tudo gratuito e n\u00e3o tens de pagar qualquer taxa para usar o nosso site. As mulheres milf e as adolescentes exc\u00eantricas adoram pilas grandes e sexo anal, e as suas ratas peludas e n\u00e3o depiladas s\u00e3o algo que se adora.\u00a0<\/p><p>Ratas peludas e gatas de mamas grandes \u00e0 espera que brinques com elas. Masturbem-se juntos em webcams online com a m\u00e3e ou com a bela adolescente sexy de 18 anos. Se gostas de raparigas bbw com rabo grande, ent\u00e3o tamb\u00e9m vais encontrar algo para ti aqui. P\u00f5e o teu dedo na cona dela ou prop\u00f5e sexo oral. Aqui temos mi\u00fadas alem\u00e3s, russas, asi\u00e1ticas e americanas peitudas. Encontra mulheres da tua cidade para foder e massaja-lhes as mamas de gra\u00e7a. Junta-te \u00e0 nossa comunidade e v\u00ea os v\u00eddeos porno de sexo com cabeludas que temos aqui dispon\u00edveis gratuitamente!<\/p>\t\t\t\t\t\t\t\t<\/div>\n\t\t\t\t<\/div>\n\t\t\t\t\t<\/div>\n\t\t\t\t<\/div>\n\t\t<div class=\"elementor-element elementor-element-ad9882e e-flex e-con-boxed e-con e-parent\" data-id=\"ad9882e\" data-element_type=\"container\">\n\t\t\t\t\t<div class=\"e-con-inner\">\n\t\t<div class=\"elementor-element elementor-element-73c2048 e-con-full e-flex e-con e-child\" data-id=\"73c2048\" data-element_type=\"container\">\n\t\t\t\t<div class=\"elementor-element elementor-element-dc94f00 elementor-widget elementor-widget-image\" data-id=\"dc94f00\" data-element_type=\"widget\" data-widget_type=\"image.default\">\n\t\t\t\t<div class=\"elementor-widget-container\">\n\t\t\t\t\t\t\t\t\t\t\t\t\t\t\t\t<a href=\"https:\/\/pinay-nudes.com\/pt\/hairy-pussy\/hairy-pussy-pics-nomi\/\">\n\t\t\t\t\t\t\t<img fetchpriority=\"high\" decoding=\"async\" width=\"683\" height=\"1024\" src=\"https:\/\/pinay-nudes.com\/wp-content\/uploads\/2024\/11\/9-2-683x1024.webp\" class=\"attachment-large size-large wp-image-1889\" alt=\"fotos de ratas peludas nomi\" srcset=\"https:\/\/pinay-nudes.com\/wp-content\/uploads\/2024\/11\/9-2-683x1024.webp 683w, https:\/\/pinay-nudes.com\/wp-content\/uploads\/2024\/11\/9-2-200x300.webp 200w, https:\/\/pinay-nudes.com\/wp-content\/uploads\/2024\/11\/9-2-768x1152.webp 768w, https:\/\/pinay-nudes.com\/wp-content\/uploads\/2024\/11\/9-2-1024x1536.webp 1024w, https:\/\/pinay-nudes.com\/wp-content\/uploads\/2024\/11\/9-2-8x12.webp 8w, https:\/\/pinay-nudes.com\/wp-content\/uploads\/2024\/11\/9-2-720x1080.webp 720w, https:\/\/pinay-nudes.com\/wp-content\/uploads\/2024\/11\/9-2.webp 1067w\" sizes=\"(max-width: 683px) 100vw, 683px\" \/>\t\t\t\t\t\t\t\t<\/a>\n\t\t\t\t\t\t\t\t\t\t\t\t\t\t\t<\/div>\n\t\t\t\t<\/div>\n\t\t\t\t<\/div>\n\t\t<div class=\"elementor-element elementor-element-6afef98 e-con-full e-flex e-con e-child\" data-id=\"6afef98\" data-element_type=\"container\">\n\t\t\t\t<div class=\"elementor-element elementor-element-b42ae60 elementor-widget elementor-widget-image\" data-id=\"b42ae60\" data-element_type=\"widget\" data-widget_type=\"image.default\">\n\t\t\t\t<div class=\"elementor-widget-container\">\n\t\t\t\t\t\t\t\t\t\t\t\t\t\t\t\t<a href=\"https:\/\/pinay-nudes.com\/pt\/hairy-pussy\/natural-katie-spreading-hairy-pussy\/\">\n\t\t\t\t\t\t\t<img decoding=\"async\" width=\"683\" height=\"1024\" src=\"https:\/\/pinay-nudes.com\/wp-content\/uploads\/2024\/11\/10-2-683x1024.webp\" class=\"attachment-large size-large wp-image-1890\" alt=\"katie natural a espalhar a rata peluda\" srcset=\"https:\/\/pinay-nudes.com\/wp-content\/uploads\/2024\/11\/10-2-683x1024.webp 683w, https:\/\/pinay-nudes.com\/wp-content\/uploads\/2024\/11\/10-2-200x300.webp 200w, https:\/\/pinay-nudes.com\/wp-content\/uploads\/2024\/11\/10-2-768x1152.webp 768w, https:\/\/pinay-nudes.com\/wp-content\/uploads\/2024\/11\/10-2-1024x1536.webp 1024w, https:\/\/pinay-nudes.com\/wp-content\/uploads\/2024\/11\/10-2-8x12.webp 8w, https:\/\/pinay-nudes.com\/wp-content\/uploads\/2024\/11\/10-2-720x1080.webp 720w, https:\/\/pinay-nudes.com\/wp-content\/uploads\/2024\/11\/10-2.webp 1067w\" sizes=\"(max-width: 683px) 100vw, 683px\" \/>\t\t\t\t\t\t\t\t<\/a>\n\t\t\t\t\t\t\t\t\t\t\t\t\t\t\t<\/div>\n\t\t\t\t<\/div>\n\t\t\t\t<\/div>\n\t\t<div class=\"elementor-element elementor-element-de41f00 e-con-full e-flex e-con e-child\" data-id=\"de41f00\" data-element_type=\"container\">\n\t\t\t\t<div class=\"elementor-element elementor-element-2ad7288 elementor-widget elementor-widget-image\" data-id=\"2ad7288\" data-element_type=\"widget\" data-widget_type=\"image.default\">\n\t\t\t\t<div class=\"elementor-widget-container\">\n\t\t\t\t\t\t\t\t\t\t\t\t\t\t\t\t<a href=\"https:\/\/pinay-nudes.com\/pt\/hairy-pussy\/teen-girl-erika-hairy-pussy-outdoor\/\">\n\t\t\t\t\t\t\t<img decoding=\"async\" width=\"683\" height=\"1024\" src=\"https:\/\/pinay-nudes.com\/wp-content\/uploads\/2024\/11\/3-2-683x1024.webp\" class=\"attachment-large size-large wp-image-1891\" alt=\"Rata peluda de rapariga adolescente\" srcset=\"https:\/\/pinay-nudes.com\/wp-content\/uploads\/2024\/11\/3-2-683x1024.webp 683w, https:\/\/pinay-nudes.com\/wp-content\/uploads\/2024\/11\/3-2-200x300.webp 200w, https:\/\/pinay-nudes.com\/wp-content\/uploads\/2024\/11\/3-2-768x1152.webp 768w, https:\/\/pinay-nudes.com\/wp-content\/uploads\/2024\/11\/3-2-1024x1536.webp 1024w, https:\/\/pinay-nudes.com\/wp-content\/uploads\/2024\/11\/3-2-8x12.webp 8w, https:\/\/pinay-nudes.com\/wp-content\/uploads\/2024\/11\/3-2-720x1080.webp 720w, https:\/\/pinay-nudes.com\/wp-content\/uploads\/2024\/11\/3-2.webp 1067w\" sizes=\"(max-width: 683px) 100vw, 683px\" \/>\t\t\t\t\t\t\t\t<\/a>\n\t\t\t\t\t\t\t\t\t\t\t\t\t\t\t<\/div>\n\t\t\t\t<\/div>\n\t\t\t\t<\/div>\n\t\t<div class=\"elementor-element elementor-element-8d20bcf e-con-full e-flex e-con e-child\" data-id=\"8d20bcf\" data-element_type=\"container\">\n\t\t\t\t<div class=\"elementor-element elementor-element-3060ef2 elementor-widget elementor-widget-image\" data-id=\"3060ef2\" data-element_type=\"widget\" data-widget_type=\"image.default\">\n\t\t\t\t<div class=\"elementor-widget-container\">\n\t\t\t\t\t\t\t\t\t\t\t\t\t\t\t\t<a href=\"https:\/\/pinay-nudes.com\/pt\/hairy-pussy\/hairy-pussy-liza-in-apartment\/\">\n\t\t\t\t\t\t\t<img loading=\"lazy\" decoding=\"async\" width=\"683\" height=\"1024\" src=\"https:\/\/pinay-nudes.com\/wp-content\/uploads\/2024\/11\/15-2-683x1024.webp\" class=\"attachment-large size-large wp-image-1893\" alt=\"rata peluda liza em apartamento\" srcset=\"https:\/\/pinay-nudes.com\/wp-content\/uploads\/2024\/11\/15-2-683x1024.webp 683w, https:\/\/pinay-nudes.com\/wp-content\/uploads\/2024\/11\/15-2-200x300.webp 200w, https:\/\/pinay-nudes.com\/wp-content\/uploads\/2024\/11\/15-2-768x1152.webp 768w, https:\/\/pinay-nudes.com\/wp-content\/uploads\/2024\/11\/15-2-1024x1536.webp 1024w, https:\/\/pinay-nudes.com\/wp-content\/uploads\/2024\/11\/15-2-8x12.webp 8w, https:\/\/pinay-nudes.com\/wp-content\/uploads\/2024\/11\/15-2-720x1080.webp 720w, https:\/\/pinay-nudes.com\/wp-content\/uploads\/2024\/11\/15-2.webp 1067w\" sizes=\"(max-width: 683px) 100vw, 683px\" \/>\t\t\t\t\t\t\t\t<\/a>\n\t\t\t\t\t\t\t\t\t\t\t\t\t\t\t<\/div>\n\t\t\t\t<\/div>\n\t\t\t\t<\/div>\n\t\t<div class=\"elementor-element elementor-element-a7a47a3 e-con-full e-flex e-con e-child\" data-id=\"a7a47a3\" data-element_type=\"container\">\n\t\t\t\t<div class=\"elementor-element elementor-element-9033fa0 elementor-widget elementor-widget-image\" data-id=\"9033fa0\" data-element_type=\"widget\" data-widget_type=\"image.default\">\n\t\t\t\t<div class=\"elementor-widget-container\">\n\t\t\t\t\t\t\t\t\t\t\t\t\t\t\t\t<a href=\"https:\/\/pinay-nudes.com\/pt\/hairy-pussy\/karin-showing-hairy-pussy-and-asshole\/\">\n\t\t\t\t\t\t\t<img loading=\"lazy\" decoding=\"async\" width=\"683\" height=\"1024\" src=\"https:\/\/pinay-nudes.com\/wp-content\/uploads\/2024\/11\/11-2-683x1024.webp\" class=\"attachment-large size-large wp-image-1894\" alt=\"karin mostrando a cona peluda e o olho do cu\" srcset=\"https:\/\/pinay-nudes.com\/wp-content\/uploads\/2024\/11\/11-2-683x1024.webp 683w, https:\/\/pinay-nudes.com\/wp-content\/uploads\/2024\/11\/11-2-200x300.webp 200w, https:\/\/pinay-nudes.com\/wp-content\/uploads\/2024\/11\/11-2-768x1152.webp 768w, https:\/\/pinay-nudes.com\/wp-content\/uploads\/2024\/11\/11-2-1024x1536.webp 1024w, https:\/\/pinay-nudes.com\/wp-content\/uploads\/2024\/11\/11-2-8x12.webp 8w, https:\/\/pinay-nudes.com\/wp-content\/uploads\/2024\/11\/11-2-720x1080.webp 720w, https:\/\/pinay-nudes.com\/wp-content\/uploads\/2024\/11\/11-2.webp 1067w\" sizes=\"(max-width: 683px) 100vw, 683px\" \/>\t\t\t\t\t\t\t\t<\/a>\n\t\t\t\t\t\t\t\t\t\t\t\t\t\t\t<\/div>\n\t\t\t\t<\/div>\n\t\t\t\t<\/div>\n\t\t\t\t\t<\/div>\n\t\t\t\t<\/div>\n\t\t<div class=\"elementor-element elementor-element-1aea685 e-flex e-con-boxed e-con e-parent\" data-id=\"1aea685\" data-element_type=\"container\">\n\t\t\t\t\t<div class=\"e-con-inner\">\n\t\t\t\t<div class=\"elementor-element elementor-element-a202210 elementor-widget elementor-widget-text-editor\" data-id=\"a202210\" data-element_type=\"widget\" data-widget_type=\"text-editor.default\">\n\t\t\t\t<div class=\"elementor-widget-container\">\n\t\t\t\t\t\t\t\t\t<h2>Pesquisar v\u00eddeos com a tag Hairy Pussy | Pornografia Premium Gr\u00e1tis<\/h2><p>Gostas de ver raparigas l\u00e9sbicas a foderem-se umas \u00e0s outras? Gostam de ver a madrasta ou a av\u00f3 a levar uma pila no cu e a gemer como uma jovem puta? No nosso site vai encontrar mais do que apenas filmes pornogr\u00e1ficos e os nossos v\u00eddeos pornogr\u00e1ficos gratuitos com latinas e raparigas de todo o mundo s\u00e3o aut\u00eanticos. Todas as fotos e v\u00eddeos s\u00e3o de garotas reais que voc\u00ea pode entrar em contato no facebook ou whatsapp e tamb\u00e9m convidar para foder. Aqui n\u00e3o encontrar\u00e1s raparigas geradas por IA, apenas raparigas amadoras peludas que s\u00e3o reais. N\u00e3o esperes mais e torna-te parte da nossa comunidade e prometemos que n\u00e3o te vais arrepender.<\/p><p>Os v\u00eddeos de sexo que encontra no nosso site s\u00e3o completamente gratuitos e pode ver qualquer fetiche que quiser. Se gostas de mulheres em lingerie ou de massajar a tua rata com um grande vibrador, ent\u00e3o tamb\u00e9m vais encontrar algo interessante na nossa plataforma. Tamb\u00e9m temos aqui raparigas que traem o namorado. Estas putas nem sequer depilam a cona e v\u00e3o foder outro gajo. Fode-as tamb\u00e9m e lambe-lhe o mamilo, depois vais ver como ela vai meter o cu para ti. Fode-as em p\u00fablico, no parque ou na praia. Elas adoram. N\u00e3o esperes mais e torna-te um membro da nossa comunidade. Cria a tua conta gratuita agora e desfruta de acesso total \u00e0 nossa plataforma.<\/p>\t\t\t\t\t\t\t\t<\/div>\n\t\t\t\t<\/div>\n\t\t\t\t\t<\/div>\n\t\t\t\t<\/div>\n\t\t<div class=\"elementor-element elementor-element-890d0e5 e-flex e-con-boxed e-con e-parent\" data-id=\"890d0e5\" data-element_type=\"container\">\n\t\t\t\t\t<div class=\"e-con-inner\">\n\t\t\t\t<div class=\"elementor-element elementor-element-1a1e441 elementor-widget elementor-widget-text-editor\" data-id=\"1a1e441\" data-element_type=\"widget\" data-widget_type=\"text-editor.default\">\n\t\t\t\t<div class=\"elementor-widget-container\">\n\t\t\t\t\t\t\t\t\t<p><\/p>\n<p><\/p><center><p><\/p>\n<p><b>79,347<\/b><\/p>\n<p><\/p>\n<p><\/p><\/center><p><\/p>\t\t\t\t\t\t\t\t<\/div>\n\t\t\t\t<\/div>\n\t\t\t\t<div class=\"elementor-element elementor-element-4fcdd7b elementor-widget elementor-widget-text-editor\" data-id=\"4fcdd7b\" data-element_type=\"widget\" data-widget_type=\"text-editor.default\">\n\t\t\t\t<div class=\"elementor-widget-container\">\n\t\t\t\t\t\t\t\t\t<p>Fotos de nudez no nosso site<\/p>\t\t\t\t\t\t\t\t<\/div>\n\t\t\t\t<\/div>\n\t\t\t\t<div class=\"elementor-element elementor-element-a888cff elementor-align-center elementor-widget elementor-widget-button\" data-id=\"a888cff\" data-element_type=\"widget\" data-widget_type=\"button.default\">\n\t\t\t\t<div class=\"elementor-widget-container\">\n\t\t\t\t\t\t\t\t\t<div class=\"elementor-button-wrapper\">\n\t\t\t\t\t<a class=\"elementor-button elementor-button-link elementor-size-sm\" href=\"https:\/\/pinay-nudes.com\/pt\/cb\/register\/\">\n\t\t\t\t\t\t<span class=\"elementor-button-content-wrapper\">\n\t\t\t\t\t\t\t\t\t<span class=\"elementor-button-text\">Registar agora<\/span>\n\t\t\t\t\t<\/span>\n\t\t\t\t\t<\/a>\n\t\t\t\t<\/div>\n\t\t\t\t\t\t\t\t<\/div>\n\t\t\t\t<\/div>\n\t\t\t\t\t<\/div>\n\t\t\t\t<\/div>\n\t\t\t\t<\/div>","protected":false},"excerpt":{"rendered":"<p>Hairy Pussy Porn Videos And Free Hairy Sex Pictures Do you like mature or amateur teen with hairy pussy? If yes then pinay-nudes is the perfect site for you and you will find what you are looking for here. With our site you can chat with girls from all over the world, date them in&hellip; <br \/> <a class=\"read-more\" href=\"https:\/\/pinay-nudes.com\/pt\/hairy-pussy\/\">Read more<\/a><\/p>","protected":false},"author":1,"featured_media":0,"parent":0,"menu_order":0,"comment_status":"closed","ping_status":"closed","template":"page-templates\/homepage.php","meta":{"_monsterinsights_skip_tracking":false,"_monsterinsights_sitenote_active":false,"_monsterinsights_sitenote_note":"","_monsterinsights_sitenote_category":0,"footnotes":""},"class_list":["post-1887","page","type-page","status-publish","hentry"],"aioseo_notices":[],"yoast_head":"<!-- This site is optimized with the Yoast SEO plugin v24.4 - https:\/\/yoast.com\/wordpress\/plugins\/seo\/ -->\n<title>Hairy Pussy - Nude Filipina Woman From Snapchat And Sex | Beauty Porn Pics<\/title>\n<meta name=\"robots\" content=\"index, follow, max-snippet:-1, max-image-preview:large, max-video-preview:-1\" \/>\n<link rel=\"canonical\" href=\"https:\/\/pinay-nudes.com\/pt\/hairy-pussy\/\" \/>\n<meta property=\"og:locale\" content=\"pt_PT\" \/>\n<meta property=\"og:type\" content=\"article\" \/>\n<meta property=\"og:title\" content=\"Hairy Pussy - Nude Filipina Woman From Snapchat And Sex | Beauty Porn Pics\" \/>\n<meta property=\"og:description\" content=\"Hairy Pussy Porn Videos And Free Hairy Sex Pictures Do you like mature or amateur teen with hairy pussy? If yes then pinay-nudes is the perfect site for you and you will find what you are looking for here. With our site you can chat with girls from all over the world, date them in&hellip; Read more\" \/>\n<meta property=\"og:url\" content=\"https:\/\/pinay-nudes.com\/pt\/hairy-pussy\/\" \/>\n<meta property=\"og:site_name\" content=\"Nude Filipina Woman From Snapchat And Sex | Beauty Porn Pics\" \/>\n<meta property=\"article:modified_time\" content=\"2025-02-19T01:39:39+00:00\" \/>\n<meta property=\"og:image\" content=\"https:\/\/pinay-nudes.com\/wp-content\/uploads\/2024\/11\/9-2.webp\" \/>\n\t<meta property=\"og:image:width\" content=\"1067\" \/>\n\t<meta property=\"og:image:height\" content=\"1600\" \/>\n\t<meta property=\"og:image:type\" content=\"image\/webp\" \/>\n<meta name=\"twitter:card\" content=\"summary_large_image\" \/>\n<meta name=\"twitter:label1\" content=\"Tempo estimado de leitura\" \/>\n\t<meta name=\"twitter:data1\" content=\"3 minutos\" \/>\n<script type=\"application\/ld+json\" class=\"yoast-schema-graph\">{\"@context\":\"https:\/\/schema.org\",\"@graph\":[{\"@type\":\"WebPage\",\"@id\":\"https:\/\/pinay-nudes.com\/hairy-pussy\/\",\"url\":\"https:\/\/pinay-nudes.com\/hairy-pussy\/\",\"name\":\"Hairy Pussy - Nude Filipina Woman From Snapchat And Sex | Beauty Porn Pics\",\"isPartOf\":{\"@id\":\"https:\/\/pinay-nudes.com\/#website\"},\"primaryImageOfPage\":{\"@id\":\"https:\/\/pinay-nudes.com\/hairy-pussy\/#primaryimage\"},\"image\":{\"@id\":\"https:\/\/pinay-nudes.com\/hairy-pussy\/#primaryimage\"},\"thumbnailUrl\":\"http:\/\/pinay-nudes.com\/wp-content\/uploads\/2024\/11\/9-2-683x1024.webp\",\"datePublished\":\"2024-12-02T02:43:32+00:00\",\"dateModified\":\"2025-02-19T01:39:39+00:00\",\"breadcrumb\":{\"@id\":\"https:\/\/pinay-nudes.com\/hairy-pussy\/#breadcrumb\"},\"inLanguage\":\"pt-PT\",\"potentialAction\":[{\"@type\":\"ReadAction\",\"target\":[\"https:\/\/pinay-nudes.com\/hairy-pussy\/\"]}]},{\"@type\":\"ImageObject\",\"inLanguage\":\"pt-PT\",\"@id\":\"https:\/\/pinay-nudes.com\/hairy-pussy\/#primaryimage\",\"url\":\"http:\/\/pinay-nudes.com\/wp-content\/uploads\/2024\/11\/9-2-683x1024.webp\",\"contentUrl\":\"http:\/\/pinay-nudes.com\/wp-content\/uploads\/2024\/11\/9-2-683x1024.webp\"},{\"@type\":\"BreadcrumbList\",\"@id\":\"https:\/\/pinay-nudes.com\/hairy-pussy\/#breadcrumb\",\"itemListElement\":[{\"@type\":\"ListItem\",\"position\":1,\"name\":\"Home\",\"item\":\"https:\/\/pinay-nudes.com\/\"},{\"@type\":\"ListItem\",\"position\":2,\"name\":\"Hairy Pussy\"}]},{\"@type\":\"WebSite\",\"@id\":\"https:\/\/pinay-nudes.com\/#website\",\"url\":\"https:\/\/pinay-nudes.com\/\",\"name\":\"Nude Filipina Woman From Snapchat And Sex | Beauty Porn Pics\",\"description\":\"Check our Free Porn Gallery with nude beautiful girls. XXX Naked Porn Pics from Hot Naked Girls from Snapchat and Sex Cams. Best Filipina sexy photos\",\"publisher\":{\"@id\":\"https:\/\/pinay-nudes.com\/#organization\"},\"potentialAction\":[{\"@type\":\"SearchAction\",\"target\":{\"@type\":\"EntryPoint\",\"urlTemplate\":\"https:\/\/pinay-nudes.com\/?s={search_term_string}\"},\"query-input\":{\"@type\":\"PropertyValueSpecification\",\"valueRequired\":true,\"valueName\":\"search_term_string\"}}],\"inLanguage\":\"pt-PT\"},{\"@type\":\"Organization\",\"@id\":\"https:\/\/pinay-nudes.com\/#organization\",\"name\":\"Nude Filipina Woman From Snapchat And Sex | Beauty Porn Pics\",\"url\":\"https:\/\/pinay-nudes.com\/\",\"logo\":{\"@type\":\"ImageObject\",\"inLanguage\":\"pt-PT\",\"@id\":\"https:\/\/pinay-nudes.com\/#\/schema\/logo\/image\/\",\"url\":\"https:\/\/pinay-nudes.com\/wp-content\/uploads\/2023\/09\/cropped-cropped-logo2-1.png\",\"contentUrl\":\"https:\/\/pinay-nudes.com\/wp-content\/uploads\/2023\/09\/cropped-cropped-logo2-1.png\",\"width\":512,\"height\":512,\"caption\":\"Nude Filipina Woman From Snapchat And Sex | Beauty Porn Pics \"},\"image\":{\"@id\":\"https:\/\/pinay-nudes.com\/#\/schema\/logo\/image\/\"}}]}<\/script>\n<!-- \/ Yoast SEO plugin. -->","yoast_head_json":{"title":"Hairy Pussy - Nude Filipina Woman From Snapchat And Sex | Beauty Porn Pics","robots":{"index":"index","follow":"follow","max-snippet":"max-snippet:-1","max-image-preview":"max-image-preview:large","max-video-preview":"max-video-preview:-1"},"canonical":"https:\/\/pinay-nudes.com\/pt\/hairy-pussy\/","og_locale":"pt_PT","og_type":"article","og_title":"Hairy Pussy - Nude Filipina Woman From Snapchat And Sex | Beauty Porn Pics","og_description":"Hairy Pussy Porn Videos And Free Hairy Sex Pictures Do you like mature or amateur teen with hairy pussy? If yes then pinay-nudes is the perfect site for you and you will find what you are looking for here. With our site you can chat with girls from all over the world, date them in&hellip; Read more","og_url":"https:\/\/pinay-nudes.com\/pt\/hairy-pussy\/","og_site_name":"Nude Filipina Woman From Snapchat And Sex | Beauty Porn Pics","article_modified_time":"2025-02-19T01:39:39+00:00","og_image":[{"width":1067,"height":1600,"url":"https:\/\/pinay-nudes.com\/wp-content\/uploads\/2024\/11\/9-2.webp","type":"image\/webp"}],"twitter_card":"summary_large_image","twitter_misc":{"Tempo estimado de leitura":"3 minutos"},"schema":{"@context":"https:\/\/schema.org","@graph":[{"@type":"WebPage","@id":"https:\/\/pinay-nudes.com\/hairy-pussy\/","url":"https:\/\/pinay-nudes.com\/hairy-pussy\/","name":"Hairy Pussy - Nude Filipina Woman From Snapchat And Sex | Beauty Porn Pics","isPartOf":{"@id":"https:\/\/pinay-nudes.com\/#website"},"primaryImageOfPage":{"@id":"https:\/\/pinay-nudes.com\/hairy-pussy\/#primaryimage"},"image":{"@id":"https:\/\/pinay-nudes.com\/hairy-pussy\/#primaryimage"},"thumbnailUrl":"http:\/\/pinay-nudes.com\/wp-content\/uploads\/2024\/11\/9-2-683x1024.webp","datePublished":"2024-12-02T02:43:32+00:00","dateModified":"2025-02-19T01:39:39+00:00","breadcrumb":{"@id":"https:\/\/pinay-nudes.com\/hairy-pussy\/#breadcrumb"},"inLanguage":"pt-PT","potentialAction":[{"@type":"ReadAction","target":["https:\/\/pinay-nudes.com\/hairy-pussy\/"]}]},{"@type":"ImageObject","inLanguage":"pt-PT","@id":"https:\/\/pinay-nudes.com\/hairy-pussy\/#primaryimage","url":"http:\/\/pinay-nudes.com\/wp-content\/uploads\/2024\/11\/9-2-683x1024.webp","contentUrl":"http:\/\/pinay-nudes.com\/wp-content\/uploads\/2024\/11\/9-2-683x1024.webp"},{"@type":"BreadcrumbList","@id":"https:\/\/pinay-nudes.com\/hairy-pussy\/#breadcrumb","itemListElement":[{"@type":"ListItem","position":1,"name":"Home","item":"https:\/\/pinay-nudes.com\/"},{"@type":"ListItem","position":2,"name":"Hairy Pussy"}]},{"@type":"WebSite","@id":"https:\/\/pinay-nudes.com\/#website","url":"https:\/\/pinay-nudes.com\/","name":"Nude Filipina Woman From Snapchat And Sex | Beauty Porn Pics","description":"Check our Free Porn Gallery with nude beautiful girls. XXX Naked Porn Pics from Hot Naked Girls from Snapchat and Sex Cams. Best Filipina sexy photos","publisher":{"@id":"https:\/\/pinay-nudes.com\/#organization"},"potentialAction":[{"@type":"SearchAction","target":{"@type":"EntryPoint","urlTemplate":"https:\/\/pinay-nudes.com\/?s={search_term_string}"},"query-input":{"@type":"PropertyValueSpecification","valueRequired":true,"valueName":"search_term_string"}}],"inLanguage":"pt-PT"},{"@type":"Organization","@id":"https:\/\/pinay-nudes.com\/#organization","name":"Nude Filipina Woman From Snapchat And Sex | Beauty Porn Pics","url":"https:\/\/pinay-nudes.com\/","logo":{"@type":"ImageObject","inLanguage":"pt-PT","@id":"https:\/\/pinay-nudes.com\/#\/schema\/logo\/image\/","url":"https:\/\/pinay-nudes.com\/wp-content\/uploads\/2023\/09\/cropped-cropped-logo2-1.png","contentUrl":"https:\/\/pinay-nudes.com\/wp-content\/uploads\/2023\/09\/cropped-cropped-logo2-1.png","width":512,"height":512,"caption":"Nude Filipina Woman From Snapchat And Sex | Beauty Porn Pics "},"image":{"@id":"https:\/\/pinay-nudes.com\/#\/schema\/logo\/image\/"}}]}},"_links":{"self":[{"href":"https:\/\/pinay-nudes.com\/pt\/wp-json\/wp\/v2\/pages\/1887","targetHints":{"allow":["GET"]}}],"collection":[{"href":"https:\/\/pinay-nudes.com\/pt\/wp-json\/wp\/v2\/pages"}],"about":[{"href":"https:\/\/pinay-nudes.com\/pt\/wp-json\/wp\/v2\/types\/page"}],"author":[{"embeddable":true,"href":"https:\/\/pinay-nudes.com\/pt\/wp-json\/wp\/v2\/users\/1"}],"replies":[{"embeddable":true,"href":"https:\/\/pinay-nudes.com\/pt\/wp-json\/wp\/v2\/comments?post=1887"}],"version-history":[{"count":85,"href":"https:\/\/pinay-nudes.com\/pt\/wp-json\/wp\/v2\/pages\/1887\/revisions"}],"predecessor-version":[{"id":2443,"href":"https:\/\/pinay-nudes.com\/pt\/wp-json\/wp\/v2\/pages\/1887\/revisions\/2443"}],"wp:attachment":[{"href":"https:\/\/pinay-nudes.com\/pt\/wp-json\/wp\/v2\/media?parent=1887"}],"curies":[{"name":"wp","href":"https:\/\/api.w.org\/{rel}","templated":true}]}}