{"id":751,"date":"2023-10-02T22:31:46","date_gmt":"2023-10-02T21:31:46","guid":{"rendered":"https:\/\/pinay-nudes.com\/?page_id=751"},"modified":"2025-02-19T01:38:51","modified_gmt":"2025-02-19T01:38:51","slug":"analyn-elnido","status":"publish","type":"page","link":"https:\/\/pinay-nudes.com\/pl\/users\/analyn-elnido\/","title":{"rendered":"Analyn El Nido"},"content":{"rendered":"<div data-elementor-type=\"wp-page\" data-elementor-id=\"751\" class=\"elementor elementor-751\">\n\t\t\t\t<div class=\"elementor-element elementor-element-7e1f974 e-flex e-con-boxed e-con e-parent\" data-id=\"7e1f974\" data-element_type=\"container\">\n\t\t\t\t\t<div class=\"e-con-inner\">\n\t\t\t\t<div class=\"elementor-element elementor-element-125cc8c elementor-widget elementor-widget-text-editor\" data-id=\"125cc8c\" data-element_type=\"widget\" data-widget_type=\"text-editor.default\">\n\t\t\t\t<div class=\"elementor-widget-container\">\n\t\t\t\t\t\t\t\t\t<center><h1>Najlepsze Onlyfans Nagie Filmy Porno, Darmowe Nagie Wycieki Film\u00f3w Porno Onlyfans<\/h1><\/center>\t\t\t\t\t\t\t\t<\/div>\n\t\t\t\t<\/div>\n\t\t\t\t\t<\/div>\n\t\t\t\t<\/div>\n\t\t<div class=\"elementor-element elementor-element-7b89027 e-flex e-con-boxed e-con e-parent\" data-id=\"7b89027\" data-element_type=\"container\">\n\t\t\t\t\t<div class=\"e-con-inner\">\n\t\t\t\t<div class=\"elementor-element elementor-element-7568a4c elementor-widget elementor-widget-text-editor\" data-id=\"7568a4c\" data-element_type=\"widget\" data-widget_type=\"text-editor.default\">\n\t\t\t\t<div class=\"elementor-widget-container\">\n\t\t\t\t\t\t\t\t\t<h2>Modelki Onlyfans, nagie dziewczyny Onlyfans\u00a0<\/h2><p>Witamy na Pinay-nudes.com. Znajdziesz tutaj najwi\u0119ksz\u0105 galeri\u0119 zdj\u0119\u0107 i film\u00f3w porno z modelkami Onlyfans i Fansly. Przygotowali\u015bmy dla Ciebie prywatne konta Snapchat dziewczyn i umo\u017cliwili\u015bmy Ci kontakt z ka\u017cd\u0105 z nich. Aby uzyska\u0107 dost\u0119p do pe\u0142nej galerii film\u00f3w XXX i zdj\u0119\u0107, musisz si\u0119 zarejestrowa\u0107. Jest ona ca\u0142kowicie darmowa, a jedyne co musisz zrobi\u0107 to poda\u0107 sw\u00f3j pseudonim i adres e-mail. Dane karty kredytowej nie s\u0105 wymagane.<\/p><p>Przegl\u0105daj profile modelek streamuj\u0105cych na Twitch, Kick i innych popularnych platformach, takich jak Tinder, Bumble. Konto snap ka\u017cdej dziewczyny jest w pe\u0142ni autentyczne, wi\u0119c mo\u017cesz pisa\u0107 z ka\u017cd\u0105 kobiet\u0105 ca\u0142kowicie za darmo i wysy\u0142a\u0107 jej swoje akty. Po rejestracji masz r\u00f3wnie\u017c mo\u017cliwo\u015b\u0107 przes\u0142ania swoich zdj\u0119\u0107 i film\u00f3w, aby powi\u0119kszy\u0107 nasz\u0105 galeri\u0119.<\/p>\t\t\t\t\t\t\t\t<\/div>\n\t\t\t\t<\/div>\n\t\t\t\t\t<\/div>\n\t\t\t\t<\/div>\n\t\t<div class=\"elementor-element elementor-element-3da574c e-con-full e-flex e-con e-parent\" data-id=\"3da574c\" data-element_type=\"container\">\n\t\t<div class=\"elementor-element elementor-element-a53a440 e-con-full e-flex e-con e-child\" data-id=\"a53a440\" data-element_type=\"container\">\n\t\t\t\t<div class=\"elementor-element elementor-element-3d6b382 elementor-widget elementor-widget-image\" data-id=\"3d6b382\" data-element_type=\"widget\" data-widget_type=\"image.default\">\n\t\t\t\t<div class=\"elementor-widget-container\">\n\t\t\t\t\t\t\t\t\t\t\t\t\t\t\t<img fetchpriority=\"high\" decoding=\"async\" width=\"640\" height=\"723\" src=\"https:\/\/pinay-nudes.com\/wp-content\/uploads\/2023\/10\/mdajnrmskzf71.webp\" class=\"attachment-large size-large wp-image-760\" alt=\"\" srcset=\"https:\/\/pinay-nudes.com\/wp-content\/uploads\/2023\/10\/mdajnrmskzf71.webp 640w, https:\/\/pinay-nudes.com\/wp-content\/uploads\/2023\/10\/mdajnrmskzf71-266x300.webp 266w\" sizes=\"(max-width: 640px) 100vw, 640px\" \/>\t\t\t\t\t\t\t\t\t\t\t\t\t\t\t<\/div>\n\t\t\t\t<\/div>\n\t\t\t\t<\/div>\n\t\t<div class=\"elementor-element elementor-element-ced765f e-con-full e-flex e-con e-child\" data-id=\"ced765f\" data-element_type=\"container\">\n\t\t\t\t<div class=\"elementor-element elementor-element-9dc9a9f elementor-widget elementor-widget-heading\" data-id=\"9dc9a9f\" data-element_type=\"widget\" data-widget_type=\"heading.default\">\n\t\t\t\t<div class=\"elementor-widget-container\">\n\t\t\t\t\t<h2 class=\"elementor-heading-title elementor-size-default\">Analyn, El Nido<\/h2>\t\t\t\t<\/div>\n\t\t\t\t<\/div>\n\t\t\t\t<div class=\"elementor-element elementor-element-b01de05 elementor-widget elementor-widget-text-editor\" data-id=\"b01de05\" data-element_type=\"widget\" data-widget_type=\"text-editor.default\">\n\t\t\t\t<div class=\"elementor-widget-container\">\n\t\t\t\t\t\t\t\t\t<p>Hej, pochodz\u0119 z Filipin z El Nido, mam trzy m\u0142odsze siostry, kt\u00f3re studiuj\u0105 i kt\u00f3rym pomagam finansowo w szkole. Kocham psy i p\u0142ywanie w morzu. Szukam faceta do kr\u00f3tko- lub d\u0142ugoterminowego zwi\u0105zku<\/p>\t\t\t\t\t\t\t\t<\/div>\n\t\t\t\t<\/div>\n\t\t\t\t<div class=\"elementor-element elementor-element-39f7c13 elementor-shape-rounded elementor-grid-0 e-grid-align-center elementor-widget elementor-widget-social-icons\" data-id=\"39f7c13\" data-element_type=\"widget\" data-widget_type=\"social-icons.default\">\n\t\t\t\t<div class=\"elementor-widget-container\">\n\t\t\t\t\t\t\t<div class=\"elementor-social-icons-wrapper elementor-grid\">\n\t\t\t\t\t\t\t<span class=\"elementor-grid-item\">\n\t\t\t\t\t<a class=\"elementor-icon elementor-social-icon elementor-social-icon-facebook elementor-repeater-item-966ee37\" href=\"https:\/\/pinay-nudes.com\/pl\/cb\/register\/\" target=\"_blank\">\n\t\t\t\t\t\t<span class=\"elementor-screen-only\">Facebook<\/span>\n\t\t\t\t\t\t<i class=\"fab fa-facebook\"><\/i>\t\t\t\t\t<\/a>\n\t\t\t\t<\/span>\n\t\t\t\t\t\t\t<span class=\"elementor-grid-item\">\n\t\t\t\t\t<a class=\"elementor-icon elementor-social-icon elementor-social-icon-instagram elementor-repeater-item-47b44c9\" href=\"https:\/\/pinay-nudes.com\/pl\/nk\/register\/\" target=\"_blank\">\n\t\t\t\t\t\t<span class=\"elementor-screen-only\">Instagram<\/span>\n\t\t\t\t\t\t<i class=\"fab fa-instagram\"><\/i>\t\t\t\t\t<\/a>\n\t\t\t\t<\/span>\n\t\t\t\t\t\t\t<span class=\"elementor-grid-item\">\n\t\t\t\t\t<a class=\"elementor-icon elementor-social-icon elementor-social-icon-snapchat elementor-repeater-item-a214105\" href=\"https:\/\/pinay-nudes.com\/pl\/cb\/register\/\" target=\"_blank\">\n\t\t\t\t\t\t<span class=\"elementor-screen-only\">Snapchat<\/span>\n\t\t\t\t\t\t<i class=\"fab fa-snapchat\"><\/i>\t\t\t\t\t<\/a>\n\t\t\t\t<\/span>\n\t\t\t\t\t<\/div>\n\t\t\t\t\t\t<\/div>\n\t\t\t\t<\/div>\n\t\t\t\t<div class=\"elementor-element elementor-element-53229be elementor-invisible elementor-widget elementor-widget-text-editor\" data-id=\"53229be\" data-element_type=\"widget\" data-settings=\"{&quot;_animation&quot;:&quot;jello&quot;}\" data-widget_type=\"text-editor.default\">\n\t\t\t\t<div class=\"elementor-widget-container\">\n\t\t\t\t\t\t\t\t\t<p><strong>16,127<\/strong><\/p>\t\t\t\t\t\t\t\t<\/div>\n\t\t\t\t<\/div>\n\t\t\t\t<div class=\"elementor-element elementor-element-00884b4 elementor-widget elementor-widget-text-editor\" data-id=\"00884b4\" data-element_type=\"widget\" data-widget_type=\"text-editor.default\">\n\t\t\t\t<div class=\"elementor-widget-container\">\n\t\t\t\t\t\t\t\t\t<p>Obserwuj\u0105cy<\/p>\t\t\t\t\t\t\t\t<\/div>\n\t\t\t\t<\/div>\n\t\t\t\t<div class=\"elementor-element elementor-element-aa0dad9 elementor-widget elementor-widget-text-editor\" data-id=\"aa0dad9\" data-element_type=\"widget\" data-widget_type=\"text-editor.default\">\n\t\t\t\t<div class=\"elementor-widget-container\">\n\t\t\t\t\t\t\t\t\t<p><strong>Jestem online!<\/strong><\/p><p>\u015aredni czas odpowiedzi 5-15 minut<\/p>\t\t\t\t\t\t\t\t<\/div>\n\t\t\t\t<\/div>\n\t\t\t\t<div class=\"elementor-element elementor-element-7cccf79 elementor-align-center elementor-widget elementor-widget-button\" data-id=\"7cccf79\" data-element_type=\"widget\" data-widget_type=\"button.default\">\n\t\t\t\t<div class=\"elementor-widget-container\">\n\t\t\t\t\t\t\t\t\t<div class=\"elementor-button-wrapper\">\n\t\t\t\t\t<a class=\"elementor-button elementor-button-link elementor-size-sm\" href=\"https:\/\/pinay-nudes.com\/pl\/nk1\/register\/\">\n\t\t\t\t\t\t<span class=\"elementor-button-content-wrapper\">\n\t\t\t\t\t\t\t\t\t<span class=\"elementor-button-text\">Kontakt ze mn\u0105<\/span>\n\t\t\t\t\t<\/span>\n\t\t\t\t\t<\/a>\n\t\t\t\t<\/div>\n\t\t\t\t\t\t\t\t<\/div>\n\t\t\t\t<\/div>\n\t\t\t\t<div class=\"elementor-element elementor-element-73edd4d elementor-star-rating--align-center elementor--star-style-star_fontawesome elementor-widget elementor-widget-star-rating\" data-id=\"73edd4d\" data-element_type=\"widget\" data-widget_type=\"star-rating.default\">\n\t\t\t\t<div class=\"elementor-widget-container\">\n\t\t\t\t\t\n\t\t<div class=\"elementor-star-rating__wrapper\">\n\t\t\t\t\t\t\t<div class=\"elementor-star-rating__title\">Recenzja profilu:<\/div>\n\t\t\t\t\t\t<div class=\"elementor-star-rating\" title=\"4.3\/5\" itemtype=\"http:\/\/schema.org\/Rating\" itemscope=\"\" itemprop=\"reviewRating\"><i class=\"elementor-star-full\">&#xE934;<\/i><i class=\"elementor-star-full\">&#xE934;<\/i><i class=\"elementor-star-full\">&#xE934;<\/i><i class=\"elementor-star-full\">&#xE934;<\/i><i class=\"elementor-star-3\">&#xE934;<\/i> <span itemprop=\"ratingValue\" class=\"elementor-screen-only\">4.3\/5<\/span><\/div>\t\t<\/div>\n\t\t\t\t\t\t<\/div>\n\t\t\t\t<\/div>\n\t\t\t\t<\/div>\n\t\t\t\t<\/div>\n\t\t<div class=\"elementor-element elementor-element-1326873 e-flex e-con-boxed e-con e-parent\" data-id=\"1326873\" data-element_type=\"container\">\n\t\t\t\t\t<div class=\"e-con-inner\">\n\t\t\t\t<div class=\"elementor-element elementor-element-4fd507f elementor-widget elementor-widget-image\" data-id=\"4fd507f\" data-element_type=\"widget\" data-widget_type=\"image.default\">\n\t\t\t\t<div class=\"elementor-widget-container\">\n\t\t\t\t\t\t\t\t\t\t\t\t\t\t\t\t<a href=\"https:\/\/pinay-nudes.com\/pl\/go\/chaturbate\/\">\n\t\t\t\t\t\t\t<img decoding=\"async\" width=\"728\" height=\"90\" src=\"https:\/\/pinay-nudes.com\/wp-content\/uploads\/2023\/09\/CB-728-2.jpg\" class=\"attachment-large size-large wp-image-449\" alt=\"\" srcset=\"https:\/\/pinay-nudes.com\/wp-content\/uploads\/2023\/09\/CB-728-2.jpg 728w, https:\/\/pinay-nudes.com\/wp-content\/uploads\/2023\/09\/CB-728-2-300x37.jpg 300w\" sizes=\"(max-width: 728px) 100vw, 728px\" \/>\t\t\t\t\t\t\t\t<\/a>\n\t\t\t\t\t\t\t\t\t\t\t\t\t\t\t<\/div>\n\t\t\t\t<\/div>\n\t\t\t\t\t<\/div>\n\t\t\t\t<\/div>\n\t\t<div class=\"elementor-element elementor-element-fde5c42 e-flex e-con-boxed e-con e-parent\" data-id=\"fde5c42\" data-element_type=\"container\">\n\t\t\t\t\t<div class=\"e-con-inner\">\n\t\t\t\t<div class=\"elementor-element elementor-element-0b42ab3 elementor-widget elementor-widget-text-editor\" data-id=\"0b42ab3\" data-element_type=\"widget\" data-widget_type=\"text-editor.default\">\n\t\t\t\t<div class=\"elementor-widget-container\">\n\t\t\t\t\t\t\t\t\t<h2>Nagie filmy Onlyfans, nagie konta Pornstars Onlyfans z 2024 roku<\/h2>\n<p>W naszej galerii skupiamy si\u0119 g\u0142\u00f3wnie na Azjatkach, kt\u00f3re wyst\u0119puj\u0105 na sex kamerkach lub prowadz\u0105 swoje fanpejd\u017ce. Znajdziesz tu zar\u00f3wno gwiazdy porno, jak i amatorki pokazuj\u0105ce swoje cipki na snapach, czy po prostu seksowne dziewczyny z Tindera czy Bumble. Sprawd\u017a jak dziewczyny z Tiktok robi\u0105 loda lub seks analny. Nasza strona ma najlepsze azjatyckie dziwki z du\u017cymi cyckami. Wszystko co lubisz, mamy nastolatki i milf sex ta\u015bmy. Najlepsze darmowe przecieki Onlyfans z tryskaniem. Tre\u015bci Premium Creampie i ekskluzywne tre\u015bci od internetowych lasek, kt\u00f3re otrzymujesz tutaj za darmo.<\/p>\n<p><\/p>\n<h2>Najlepsze dziewczyny z seks kamer i aplikacji randkowych, seksowne azjatyckie nagie dziwki<\/h2>\n<p>Nieocenzurowane masturbuj\u0105ce si\u0119 dziewczyny z Tindera i innych aplikacji randkowych. Uzyskaj pe\u0142ny dost\u0119p do kolekcji dziewczyn Cosplay lub dziewczyn rozbieraj\u0105cych si\u0119 na sex kamerkach online. Milfy, kt\u00f3re uwielbiaj\u0105 u\u017cywa\u0107 swoich dildo, poniewa\u017c s\u0105 spragnione twojego kutasa. Najseksowniejsze azjatyckie dziwki, prywatne galerie zdj\u0119\u0107 z ich snap\u00f3w lub kamerek online. Nadzy s\u0142awni influencerzy i amatorskie porno od tw\u00f3rc\u00f3w Onlyfans. Darmowe porno tw\u00f3rc\u00f3w tre\u015bci ze Snapchata i aplikacji randkowych. Tre\u015bci erotyczne cosplayer\u00f3w tylko za darmo. Uzyskaj dost\u0119p, porozmawiaj z Gamer Girls i sprawd\u017a ich nagie zdj\u0119cia xxx.<\/p>\n<p><\/p>\n<h2>Amatorskie Porno zdj\u0119cia i filmy z zabaw analnych od Cam Girls<\/h2>\n<p>Amatorskie zdj\u0119cia i filmy z prywatnej strony dziewczyn Onlyfans. Brak op\u0142aty abonamentowej. Nowa darmowa zawarto\u015b\u0107 i filmy Onlyfans. Sprawd\u017a jak streamerzy robi\u0105 loda. Zapro\u015b dziewczyny na randk\u0119 do kina, na kolacj\u0119 lub po prostu na gor\u0105cy pikantny seks w hotelu lub mieszkaniu. Najseksowniejsze filipinki czekaj\u0105, aby si\u0119 z Tob\u0105 spotka\u0107 i zaakceptowa\u0107 Twojego kutasa w swojej dupie. Pe\u0142ne akty i sex ta\u015bmy Onlyfans.&nbsp;<\/p>\n<p>Nasi u\u017cytkownicy to najlepsi seksterapeuci, jakich mo\u017cna znale\u017a\u0107 w Internecie. Dodaj\u0105 tutaj ostre nagie zdj\u0119cia i filmy, aby\u015b m\u00f3g\u0142 si\u0119 masturbowa\u0107. Mo\u017cesz poprosi\u0107 dziewczyny o prywatne tre\u015bci specjalnie dla Ciebie lub po prostu napisa\u0107 do nich i um\u00f3wi\u0107 si\u0119 na spotkanie. M\u0142ode Azjatki, a w szczeg\u00f3lno\u015bci skupili\u015bmy si\u0119 na Filipinkach, tylko czekaj\u0105 a\u017c je zer\u017cniesz. Pobierz ich najbrudniejsze seksta\u015bmy i ogl\u0105daj ich nagie cia\u0142o.<\/p>\n<p><\/p>\n<h2>Poznaj dziewczyny z Palawan, El Nido, Filipiny i pieprz si\u0119 z nimi<\/h2>\n<p>Filipi\u0144skie dziewczyny z El nido na wyspie Palawan czekaj\u0105, aby si\u0119 z Tob\u0105 spotka\u0107 i mi\u0142o sp\u0119dzi\u0107 czas. Zapro\u015b je do swojego domu i postaw im drinka, a zobaczysz jak szeroko roz\u0142o\u017c\u0105 dla Ciebie nogi. Te kobiety uwielbiaj\u0105 ostre r\u017cni\u0119cie po nocy sp\u0119dzonej poza domem. Nie czekaj i zarejestruj si\u0119 u nas na stronie bez podawania danych karty p\u0142atniczej lub PayPal. Wszystkie materia\u0142y s\u0105 dost\u0119pne ca\u0142kowicie za darmo i to od Ciebie zale\u017cy, czy chcesz wys\u0142a\u0107 dziewczynie napiwek.<\/p>\n<p><\/p>\n<h2>Tre\u015bci Pornhub, Tylko fani Sex Tape z ow\u0142osion\u0105 cipk\u0105, Tre\u015bci erotyczne<\/h2>\n<p>Na naszej stronie znajdziesz najlepsze tre\u015bci dla doros\u0142ych. Prywatne konta Snap znanych aktorek porno oraz wyciek\u0142e zdj\u0119cia i filmy od Onlyfans. To wszystko, czego potrzebujesz, aby by\u0107 w pe\u0142ni szcz\u0119\u015bliwym. Zosta\u0144 z nami na d\u0142ugo, a obiecujemy. Nie zawiedziesz si\u0119 i znajdziesz tu dziewczyn\u0119, kt\u00f3ra zrobi ci loda twoich marze\u0144. Dodaj swoje zdj\u0119cia i filmy jako ulubione. Sprawd\u017a dzik\u0105 stron\u0119 lub nasz\u0105 stron\u0119 internetow\u0105 i ogl\u0105daj nasze filmy porno z gwiazd medi\u00f3w spo\u0142eczno\u015bciowych za darmo.<\/p>\t\t\t\t\t\t\t\t<\/div>\n\t\t\t\t<\/div>\n\t\t\t\t\t<\/div>\n\t\t\t\t<\/div>\n\t\t\t\t<\/div>","protected":false},"excerpt":{"rendered":"<p>Best Onlyfans Nude Porn Videos, Free Nude Onlyfans Porn Leaks Onlyfans Models, Nude Onlyfans Girls\u00a0 Welcome to Pinay-nudes.com. Here you will find the largest gallery of porn photos and videos with Onlyfans and Fansly models. We have prepared for you private Snapchat accounts for the girls and allowed you to contact each of them. To&hellip; <br \/> <a class=\"read-more\" href=\"https:\/\/pinay-nudes.com\/pl\/users\/analyn-elnido\/\">Dowiedz si\u0119 wi\u0119cej<\/a><\/p>","protected":false},"author":1,"featured_media":0,"parent":42,"menu_order":0,"comment_status":"closed","ping_status":"closed","template":"page-templates\/homepage.php","meta":{"_monsterinsights_skip_tracking":false,"_monsterinsights_sitenote_active":false,"_monsterinsights_sitenote_note":"","_monsterinsights_sitenote_category":0,"footnotes":""},"class_list":["post-751","page","type-page","status-publish","hentry"],"aioseo_notices":[],"yoast_head":"<!-- This site is optimized with the Yoast SEO plugin v24.4 - https:\/\/yoast.com\/wordpress\/plugins\/seo\/ -->\n<title>Nudes Onlyfans | Onlyfans Nude Porn Videos 2023 - Analyn<\/title>\n<meta name=\"description\" content=\"Onlyfans Nude Porn Videos. Watch, add nude girls From Onlyfans, Fansly, Tiktok and Twitch. Best Colletion of naked photos, videos from teens.\" \/>\n<meta name=\"robots\" content=\"index, follow, max-snippet:-1, max-image-preview:large, max-video-preview:-1\" \/>\n<link rel=\"canonical\" href=\"https:\/\/pinay-nudes.com\/pl\/users\/analyn-elnido\/\" \/>\n<meta property=\"og:locale\" content=\"pl_PL\" \/>\n<meta property=\"og:type\" content=\"article\" \/>\n<meta property=\"og:title\" content=\"Nudes Onlyfans | Onlyfans Nude Porn Videos 2023 - Analyn\" \/>\n<meta property=\"og:description\" content=\"Onlyfans Nude Porn Videos. Watch, add nude girls From Onlyfans, Fansly, Tiktok and Twitch. Best Colletion of naked photos, videos from teens.\" \/>\n<meta property=\"og:url\" content=\"https:\/\/pinay-nudes.com\/pl\/users\/analyn-elnido\/\" \/>\n<meta property=\"og:site_name\" content=\"Nude Filipina Woman From Snapchat And Sex | Beauty Porn Pics\" \/>\n<meta property=\"article:modified_time\" content=\"2025-02-19T01:38:51+00:00\" \/>\n<meta property=\"og:image\" content=\"https:\/\/pinay-nudes.com\/wp-content\/uploads\/2023\/10\/mdajnrmskzf71.webp\" \/>\n\t<meta property=\"og:image:width\" content=\"640\" \/>\n\t<meta property=\"og:image:height\" content=\"723\" \/>\n\t<meta property=\"og:image:type\" content=\"image\/webp\" \/>\n<meta name=\"twitter:card\" content=\"summary_large_image\" \/>\n<meta name=\"twitter:label1\" content=\"Szacowany czas czytania\" \/>\n\t<meta name=\"twitter:data1\" content=\"4 minuty\" \/>\n<script type=\"application\/ld+json\" class=\"yoast-schema-graph\">{\"@context\":\"https:\/\/schema.org\",\"@graph\":[{\"@type\":\"WebPage\",\"@id\":\"https:\/\/pinay-nudes.com\/users\/analyn-elnido\/\",\"url\":\"https:\/\/pinay-nudes.com\/users\/analyn-elnido\/\",\"name\":\"Nudes Onlyfans | Onlyfans Nude Porn Videos 2023 - Analyn\",\"isPartOf\":{\"@id\":\"https:\/\/pinay-nudes.com\/#website\"},\"primaryImageOfPage\":{\"@id\":\"https:\/\/pinay-nudes.com\/users\/analyn-elnido\/#primaryimage\"},\"image\":{\"@id\":\"https:\/\/pinay-nudes.com\/users\/analyn-elnido\/#primaryimage\"},\"thumbnailUrl\":\"http:\/\/pinay-nudes.com\/wp-content\/uploads\/2023\/10\/mdajnrmskzf71.webp\",\"datePublished\":\"2023-10-02T21:31:46+00:00\",\"dateModified\":\"2025-02-19T01:38:51+00:00\",\"description\":\"Onlyfans Nude Porn Videos. Watch, add nude girls From Onlyfans, Fansly, Tiktok and Twitch. Best Colletion of naked photos, videos from teens.\",\"breadcrumb\":{\"@id\":\"https:\/\/pinay-nudes.com\/users\/analyn-elnido\/#breadcrumb\"},\"inLanguage\":\"pl-PL\",\"potentialAction\":[{\"@type\":\"ReadAction\",\"target\":[\"https:\/\/pinay-nudes.com\/users\/analyn-elnido\/\"]}]},{\"@type\":\"ImageObject\",\"inLanguage\":\"pl-PL\",\"@id\":\"https:\/\/pinay-nudes.com\/users\/analyn-elnido\/#primaryimage\",\"url\":\"http:\/\/pinay-nudes.com\/wp-content\/uploads\/2023\/10\/mdajnrmskzf71.webp\",\"contentUrl\":\"http:\/\/pinay-nudes.com\/wp-content\/uploads\/2023\/10\/mdajnrmskzf71.webp\"},{\"@type\":\"BreadcrumbList\",\"@id\":\"https:\/\/pinay-nudes.com\/users\/analyn-elnido\/#breadcrumb\",\"itemListElement\":[{\"@type\":\"ListItem\",\"position\":1,\"name\":\"Home\",\"item\":\"https:\/\/pinay-nudes.com\/\"},{\"@type\":\"ListItem\",\"position\":2,\"name\":\"Our Users\",\"item\":\"https:\/\/pinay-nudes.com\/users\/\"},{\"@type\":\"ListItem\",\"position\":3,\"name\":\"Analyn El Nido\"}]},{\"@type\":\"WebSite\",\"@id\":\"https:\/\/pinay-nudes.com\/#website\",\"url\":\"https:\/\/pinay-nudes.com\/\",\"name\":\"Nude Filipina Woman From Snapchat And Sex | Beauty Porn Pics\",\"description\":\"Check our Free Porn Gallery with nude beautiful girls. XXX Naked Porn Pics from Hot Naked Girls from Snapchat and Sex Cams. Best Filipina sexy photos\",\"publisher\":{\"@id\":\"https:\/\/pinay-nudes.com\/#organization\"},\"potentialAction\":[{\"@type\":\"SearchAction\",\"target\":{\"@type\":\"EntryPoint\",\"urlTemplate\":\"https:\/\/pinay-nudes.com\/?s={search_term_string}\"},\"query-input\":{\"@type\":\"PropertyValueSpecification\",\"valueRequired\":true,\"valueName\":\"search_term_string\"}}],\"inLanguage\":\"pl-PL\"},{\"@type\":\"Organization\",\"@id\":\"https:\/\/pinay-nudes.com\/#organization\",\"name\":\"Nude Filipina Woman From Snapchat And Sex | Beauty Porn Pics\",\"url\":\"https:\/\/pinay-nudes.com\/\",\"logo\":{\"@type\":\"ImageObject\",\"inLanguage\":\"pl-PL\",\"@id\":\"https:\/\/pinay-nudes.com\/#\/schema\/logo\/image\/\",\"url\":\"https:\/\/pinay-nudes.com\/wp-content\/uploads\/2023\/09\/cropped-cropped-logo2-1.png\",\"contentUrl\":\"https:\/\/pinay-nudes.com\/wp-content\/uploads\/2023\/09\/cropped-cropped-logo2-1.png\",\"width\":512,\"height\":512,\"caption\":\"Nude Filipina Woman From Snapchat And Sex | Beauty Porn Pics \"},\"image\":{\"@id\":\"https:\/\/pinay-nudes.com\/#\/schema\/logo\/image\/\"}}]}<\/script>\n<!-- \/ Yoast SEO plugin. -->","yoast_head_json":{"title":"Nudes Onlyfans | Onlyfans Nude Porn Videos 2023 - Analyn","description":"Onlyfans Nude Porn Videos. Watch, add nude girls From Onlyfans, Fansly, Tiktok and Twitch. Best Colletion of naked photos, videos from teens.","robots":{"index":"index","follow":"follow","max-snippet":"max-snippet:-1","max-image-preview":"max-image-preview:large","max-video-preview":"max-video-preview:-1"},"canonical":"https:\/\/pinay-nudes.com\/pl\/users\/analyn-elnido\/","og_locale":"pl_PL","og_type":"article","og_title":"Nudes Onlyfans | Onlyfans Nude Porn Videos 2023 - Analyn","og_description":"Onlyfans Nude Porn Videos. Watch, add nude girls From Onlyfans, Fansly, Tiktok and Twitch. Best Colletion of naked photos, videos from teens.","og_url":"https:\/\/pinay-nudes.com\/pl\/users\/analyn-elnido\/","og_site_name":"Nude Filipina Woman From Snapchat And Sex | Beauty Porn Pics","article_modified_time":"2025-02-19T01:38:51+00:00","og_image":[{"width":640,"height":723,"url":"https:\/\/pinay-nudes.com\/wp-content\/uploads\/2023\/10\/mdajnrmskzf71.webp","type":"image\/webp"}],"twitter_card":"summary_large_image","twitter_misc":{"Szacowany czas czytania":"4 minuty"},"schema":{"@context":"https:\/\/schema.org","@graph":[{"@type":"WebPage","@id":"https:\/\/pinay-nudes.com\/users\/analyn-elnido\/","url":"https:\/\/pinay-nudes.com\/users\/analyn-elnido\/","name":"Nudes Onlyfans | Onlyfans Nude Porn Videos 2023 - Analyn","isPartOf":{"@id":"https:\/\/pinay-nudes.com\/#website"},"primaryImageOfPage":{"@id":"https:\/\/pinay-nudes.com\/users\/analyn-elnido\/#primaryimage"},"image":{"@id":"https:\/\/pinay-nudes.com\/users\/analyn-elnido\/#primaryimage"},"thumbnailUrl":"http:\/\/pinay-nudes.com\/wp-content\/uploads\/2023\/10\/mdajnrmskzf71.webp","datePublished":"2023-10-02T21:31:46+00:00","dateModified":"2025-02-19T01:38:51+00:00","description":"Onlyfans Nude Porn Videos. Watch, add nude girls From Onlyfans, Fansly, Tiktok and Twitch. Best Colletion of naked photos, videos from teens.","breadcrumb":{"@id":"https:\/\/pinay-nudes.com\/users\/analyn-elnido\/#breadcrumb"},"inLanguage":"pl-PL","potentialAction":[{"@type":"ReadAction","target":["https:\/\/pinay-nudes.com\/users\/analyn-elnido\/"]}]},{"@type":"ImageObject","inLanguage":"pl-PL","@id":"https:\/\/pinay-nudes.com\/users\/analyn-elnido\/#primaryimage","url":"http:\/\/pinay-nudes.com\/wp-content\/uploads\/2023\/10\/mdajnrmskzf71.webp","contentUrl":"http:\/\/pinay-nudes.com\/wp-content\/uploads\/2023\/10\/mdajnrmskzf71.webp"},{"@type":"BreadcrumbList","@id":"https:\/\/pinay-nudes.com\/users\/analyn-elnido\/#breadcrumb","itemListElement":[{"@type":"ListItem","position":1,"name":"Home","item":"https:\/\/pinay-nudes.com\/"},{"@type":"ListItem","position":2,"name":"Our Users","item":"https:\/\/pinay-nudes.com\/users\/"},{"@type":"ListItem","position":3,"name":"Analyn El Nido"}]},{"@type":"WebSite","@id":"https:\/\/pinay-nudes.com\/#website","url":"https:\/\/pinay-nudes.com\/","name":"Nude Filipina Woman From Snapchat And Sex | Beauty Porn Pics","description":"Check our Free Porn Gallery with nude beautiful girls. XXX Naked Porn Pics from Hot Naked Girls from Snapchat and Sex Cams. Best Filipina sexy photos","publisher":{"@id":"https:\/\/pinay-nudes.com\/#organization"},"potentialAction":[{"@type":"SearchAction","target":{"@type":"EntryPoint","urlTemplate":"https:\/\/pinay-nudes.com\/?s={search_term_string}"},"query-input":{"@type":"PropertyValueSpecification","valueRequired":true,"valueName":"search_term_string"}}],"inLanguage":"pl-PL"},{"@type":"Organization","@id":"https:\/\/pinay-nudes.com\/#organization","name":"Nude Filipina Woman From Snapchat And Sex | Beauty Porn Pics","url":"https:\/\/pinay-nudes.com\/","logo":{"@type":"ImageObject","inLanguage":"pl-PL","@id":"https:\/\/pinay-nudes.com\/#\/schema\/logo\/image\/","url":"https:\/\/pinay-nudes.com\/wp-content\/uploads\/2023\/09\/cropped-cropped-logo2-1.png","contentUrl":"https:\/\/pinay-nudes.com\/wp-content\/uploads\/2023\/09\/cropped-cropped-logo2-1.png","width":512,"height":512,"caption":"Nude Filipina Woman From Snapchat And Sex | Beauty Porn Pics "},"image":{"@id":"https:\/\/pinay-nudes.com\/#\/schema\/logo\/image\/"}}]}},"_links":{"self":[{"href":"https:\/\/pinay-nudes.com\/pl\/wp-json\/wp\/v2\/pages\/751","targetHints":{"allow":["GET"]}}],"collection":[{"href":"https:\/\/pinay-nudes.com\/pl\/wp-json\/wp\/v2\/pages"}],"about":[{"href":"https:\/\/pinay-nudes.com\/pl\/wp-json\/wp\/v2\/types\/page"}],"author":[{"embeddable":true,"href":"https:\/\/pinay-nudes.com\/pl\/wp-json\/wp\/v2\/users\/1"}],"replies":[{"embeddable":true,"href":"https:\/\/pinay-nudes.com\/pl\/wp-json\/wp\/v2\/comments?post=751"}],"version-history":[{"count":29,"href":"https:\/\/pinay-nudes.com\/pl\/wp-json\/wp\/v2\/pages\/751\/revisions"}],"predecessor-version":[{"id":2434,"href":"https:\/\/pinay-nudes.com\/pl\/wp-json\/wp\/v2\/pages\/751\/revisions\/2434"}],"up":[{"embeddable":true,"href":"https:\/\/pinay-nudes.com\/pl\/wp-json\/wp\/v2\/pages\/42"}],"wp:attachment":[{"href":"https:\/\/pinay-nudes.com\/pl\/wp-json\/wp\/v2\/media?parent=751"}],"curies":[{"name":"wp","href":"https:\/\/api.w.org\/{rel}","templated":true}]}}