{"id":280,"date":"2023-09-18T03:55:46","date_gmt":"2023-09-18T02:55:46","guid":{"rendered":"https:\/\/pinay-nudes.com\/?page_id=280"},"modified":"2025-02-19T01:34:48","modified_gmt":"2025-02-19T01:34:48","slug":"princess-cebu","status":"publish","type":"page","link":"https:\/\/pinay-nudes.com\/pl\/users\/princess-cebu\/","title":{"rendered":"Princess Cebu"},"content":{"rendered":"<div data-elementor-type=\"wp-page\" data-elementor-id=\"280\" class=\"elementor elementor-280\">\n\t\t\t\t<div class=\"elementor-element elementor-element-60ccf70 e-flex e-con-boxed e-con e-parent\" data-id=\"60ccf70\" data-element_type=\"container\">\n\t\t\t\t\t<div class=\"e-con-inner\">\n\t\t\t\t<div class=\"elementor-element elementor-element-3d74f64 elementor-widget elementor-widget-text-editor\" data-id=\"3d74f64\" data-element_type=\"widget\" data-widget_type=\"text-editor.default\">\n\t\t\t\t<div class=\"elementor-widget-container\">\n\t\t\t\t\t\t\t\t\t\n<center><h1>Nudesy ze snapa, filipi\u0144skie filmy porno, amatorskie azjatyckie, nagie seksowne filipi\u0144skie gor\u0105ce dziewczyny<\/h1><\/center>\t\t\t\t\t\t\t\t<\/div>\n\t\t\t\t<\/div>\n\t\t\t\t\t<\/div>\n\t\t\t\t<\/div>\n\t\t<div class=\"elementor-element elementor-element-fa8c895 e-flex e-con-boxed e-con e-parent\" data-id=\"fa8c895\" data-element_type=\"container\">\n\t\t\t\t\t<div class=\"e-con-inner\">\n\t\t\t\t<div class=\"elementor-element elementor-element-9e50f67 elementor-widget elementor-widget-text-editor\" data-id=\"9e50f67\" data-element_type=\"widget\" data-widget_type=\"text-editor.default\">\n\t\t\t\t<div class=\"elementor-widget-container\">\n\t\t\t\t\t\t\t\t\t<h2>Filipi\u0144ska nago\u015b\u0107, nagie filipinki darmowe porno, Filipinki z Cebu<\/h2><p>Szukasz filipi\u0144skiej dziewczyny do pieprzenia? Jeste\u015b we w\u0142a\u015bciwym miejscu. Znajd\u017a dziewczyny z Cebu i okolic i um\u00f3w si\u0119 z nimi na ruchanie i lizanie kutasa lub po prostu wymie\u0144 si\u0119 z ni\u0105 zdj\u0119ciami na snapchacie. Najlepsze miejsce do czatowania z modelkami rozbieraj\u0105cymi si\u0119 na kamerkach online. Tylko najlepsze filipinki z ogolonymi i ow\u0142osionymi cipkami.\u00a0<\/p><p>Wystarczy zarejestrowa\u0107 si\u0119 na naszej stronie, aby uzyska\u0107 dost\u0119p do darmowych tre\u015bci, kt\u00f3re oferujemy. Tysi\u0105ce Filipinek czeka by ci\u0119 pozna\u0107. Zr\u00f3b pierwszy krok i nie daj si\u0119 przelecie\u0107 komu\u015b innemu. Skandaliczne filmy ze Snapchata filipi\u0144skich kobiet w jako\u015bci 1080p i 4k. Mokre kobiety czekaj\u0105ce na kutasa, na co czekasz?<\/p>\t\t\t\t\t\t\t\t<\/div>\n\t\t\t\t<\/div>\n\t\t\t\t\t<\/div>\n\t\t\t\t<\/div>\n\t\t<div class=\"elementor-element elementor-element-c365378 e-con-full e-flex e-con e-parent\" data-id=\"c365378\" data-element_type=\"container\">\n\t\t<div class=\"elementor-element elementor-element-b9b08b3 e-con-full e-flex e-con e-child\" data-id=\"b9b08b3\" data-element_type=\"container\">\n\t\t\t\t<div class=\"elementor-element elementor-element-e49d593 elementor-widget elementor-widget-image\" data-id=\"e49d593\" data-element_type=\"widget\" data-widget_type=\"image.default\">\n\t\t\t\t<div class=\"elementor-widget-container\">\n\t\t\t\t\t\t\t\t\t\t\t\t\t\t\t<img fetchpriority=\"high\" decoding=\"async\" width=\"736\" height=\"929\" src=\"https:\/\/pinay-nudes.com\/wp-content\/uploads\/2023\/09\/6b01ce2309cd34d328927db61294e5b9-4.jpg\" class=\"attachment-large size-large wp-image-225\" alt=\"\" srcset=\"https:\/\/pinay-nudes.com\/wp-content\/uploads\/2023\/09\/6b01ce2309cd34d328927db61294e5b9-4.jpg 736w, https:\/\/pinay-nudes.com\/wp-content\/uploads\/2023\/09\/6b01ce2309cd34d328927db61294e5b9-4-238x300.jpg 238w\" sizes=\"(max-width: 736px) 100vw, 736px\" \/>\t\t\t\t\t\t\t\t\t\t\t\t\t\t\t<\/div>\n\t\t\t\t<\/div>\n\t\t\t\t<\/div>\n\t\t<div class=\"elementor-element elementor-element-7e4e7a4 e-con-full e-flex e-con e-child\" data-id=\"7e4e7a4\" data-element_type=\"container\">\n\t\t\t\t<div class=\"elementor-element elementor-element-a5ddfc7 elementor-widget elementor-widget-heading\" data-id=\"a5ddfc7\" data-element_type=\"widget\" data-widget_type=\"heading.default\">\n\t\t\t\t<div class=\"elementor-widget-container\">\n\t\t\t\t\t<h2 class=\"elementor-heading-title elementor-size-default\">Princess, Cebu<\/h2>\t\t\t\t<\/div>\n\t\t\t\t<\/div>\n\t\t\t\t<div class=\"elementor-element elementor-element-b22bf6d elementor-widget elementor-widget-text-editor\" data-id=\"b22bf6d\" data-element_type=\"widget\" data-widget_type=\"text-editor.default\">\n\t\t\t\t<div class=\"elementor-widget-container\">\n\t\t\t\t\t\t\t\t\t<p>Mam na imi\u0119 Princess i mieszkam w Cebu. Prowadz\u0119 spokojne \u017cycie i pomagam rodzicom w prowadzeniu rodzinnego biznesu. Na razie nie jestem przekonana do studi\u00f3w. Lubi\u0119 spacerowa\u0107 i s\u0142ucha\u0107 muzyki. Netflix&amp;Chill<\/p>\t\t\t\t\t\t\t\t<\/div>\n\t\t\t\t<\/div>\n\t\t\t\t<div class=\"elementor-element elementor-element-27faae6 elementor-shape-rounded elementor-grid-0 e-grid-align-center elementor-widget elementor-widget-social-icons\" data-id=\"27faae6\" data-element_type=\"widget\" data-widget_type=\"social-icons.default\">\n\t\t\t\t<div class=\"elementor-widget-container\">\n\t\t\t\t\t\t\t<div class=\"elementor-social-icons-wrapper elementor-grid\">\n\t\t\t\t\t\t\t<span class=\"elementor-grid-item\">\n\t\t\t\t\t<a class=\"elementor-icon elementor-social-icon elementor-social-icon-facebook elementor-repeater-item-966ee37\" href=\"https:\/\/pinay-nudes.com\/pl\/cb\/register\/\" target=\"_blank\">\n\t\t\t\t\t\t<span class=\"elementor-screen-only\">Facebook<\/span>\n\t\t\t\t\t\t<i class=\"fab fa-facebook\"><\/i>\t\t\t\t\t<\/a>\n\t\t\t\t<\/span>\n\t\t\t\t\t\t\t<span class=\"elementor-grid-item\">\n\t\t\t\t\t<a class=\"elementor-icon elementor-social-icon elementor-social-icon-instagram elementor-repeater-item-47b44c9\" href=\"https:\/\/pinay-nudes.com\/pl\/nk\/register\/\" target=\"_blank\">\n\t\t\t\t\t\t<span class=\"elementor-screen-only\">Instagram<\/span>\n\t\t\t\t\t\t<i class=\"fab fa-instagram\"><\/i>\t\t\t\t\t<\/a>\n\t\t\t\t<\/span>\n\t\t\t\t\t\t\t<span class=\"elementor-grid-item\">\n\t\t\t\t\t<a class=\"elementor-icon elementor-social-icon elementor-social-icon-snapchat elementor-repeater-item-a214105\" href=\"https:\/\/pinay-nudes.com\/pl\/cb\/register\/\" target=\"_blank\">\n\t\t\t\t\t\t<span class=\"elementor-screen-only\">Snapchat<\/span>\n\t\t\t\t\t\t<i class=\"fab fa-snapchat\"><\/i>\t\t\t\t\t<\/a>\n\t\t\t\t<\/span>\n\t\t\t\t\t<\/div>\n\t\t\t\t\t\t<\/div>\n\t\t\t\t<\/div>\n\t\t\t\t<div class=\"elementor-element elementor-element-11e8610 elementor-invisible elementor-widget elementor-widget-text-editor\" data-id=\"11e8610\" data-element_type=\"widget\" data-settings=\"{&quot;_animation&quot;:&quot;jello&quot;}\" data-widget_type=\"text-editor.default\">\n\t\t\t\t<div class=\"elementor-widget-container\">\n\t\t\t\t\t\t\t\t\t<p><strong>13,676<\/strong><\/p>\t\t\t\t\t\t\t\t<\/div>\n\t\t\t\t<\/div>\n\t\t\t\t<div class=\"elementor-element elementor-element-9b135d5 elementor-widget elementor-widget-text-editor\" data-id=\"9b135d5\" data-element_type=\"widget\" data-widget_type=\"text-editor.default\">\n\t\t\t\t<div class=\"elementor-widget-container\">\n\t\t\t\t\t\t\t\t\t<p>Obserwuj\u0105cy<\/p>\t\t\t\t\t\t\t\t<\/div>\n\t\t\t\t<\/div>\n\t\t\t\t<div class=\"elementor-element elementor-element-c8612a8 elementor-widget elementor-widget-text-editor\" data-id=\"c8612a8\" data-element_type=\"widget\" data-widget_type=\"text-editor.default\">\n\t\t\t\t<div class=\"elementor-widget-container\">\n\t\t\t\t\t\t\t\t\t<p><strong>Jestem online!<\/strong><\/p><p>\u015aredni czas odpowiedzi 5-30 minut<\/p>\t\t\t\t\t\t\t\t<\/div>\n\t\t\t\t<\/div>\n\t\t\t\t<div class=\"elementor-element elementor-element-089934b elementor-align-center elementor-widget elementor-widget-button\" data-id=\"089934b\" data-element_type=\"widget\" data-widget_type=\"button.default\">\n\t\t\t\t<div class=\"elementor-widget-container\">\n\t\t\t\t\t\t\t\t\t<div class=\"elementor-button-wrapper\">\n\t\t\t\t\t<a class=\"elementor-button elementor-button-link elementor-size-sm\" href=\"https:\/\/pinay-nudes.com\/pl\/nk1\/register\/\">\n\t\t\t\t\t\t<span class=\"elementor-button-content-wrapper\">\n\t\t\t\t\t\t\t\t\t<span class=\"elementor-button-text\">Kontakt ze mn\u0105<\/span>\n\t\t\t\t\t<\/span>\n\t\t\t\t\t<\/a>\n\t\t\t\t<\/div>\n\t\t\t\t\t\t\t\t<\/div>\n\t\t\t\t<\/div>\n\t\t\t\t<div class=\"elementor-element elementor-element-856e328 elementor-star-rating--align-center elementor--star-style-star_fontawesome elementor-widget elementor-widget-star-rating\" data-id=\"856e328\" data-element_type=\"widget\" data-widget_type=\"star-rating.default\">\n\t\t\t\t<div class=\"elementor-widget-container\">\n\t\t\t\t\t\n\t\t<div class=\"elementor-star-rating__wrapper\">\n\t\t\t\t\t\t\t<div class=\"elementor-star-rating__title\">Recenzja profilu:<\/div>\n\t\t\t\t\t\t<div class=\"elementor-star-rating\" title=\"4.8\/5\" itemtype=\"http:\/\/schema.org\/Rating\" itemscope=\"\" itemprop=\"reviewRating\"><i class=\"elementor-star-full\">&#xE934;<\/i><i class=\"elementor-star-full\">&#xE934;<\/i><i class=\"elementor-star-full\">&#xE934;<\/i><i class=\"elementor-star-full\">&#xE934;<\/i><i class=\"elementor-star-8\">&#xE934;<\/i> <span itemprop=\"ratingValue\" class=\"elementor-screen-only\">4.8\/5<\/span><\/div>\t\t<\/div>\n\t\t\t\t\t\t<\/div>\n\t\t\t\t<\/div>\n\t\t\t\t<\/div>\n\t\t\t\t<\/div>\n\t\t<div class=\"elementor-element elementor-element-2ac2869 e-flex e-con-boxed e-con e-parent\" data-id=\"2ac2869\" data-element_type=\"container\">\n\t\t\t\t\t<div class=\"e-con-inner\">\n\t\t\t\t<div class=\"elementor-element elementor-element-3d70d51 elementor-widget elementor-widget-image\" data-id=\"3d70d51\" data-element_type=\"widget\" data-widget_type=\"image.default\">\n\t\t\t\t<div class=\"elementor-widget-container\">\n\t\t\t\t\t\t\t\t\t\t\t\t\t\t\t\t<a href=\"https:\/\/pinay-nudes.com\/pl\/go\/chaturbate\/\">\n\t\t\t\t\t\t\t<img decoding=\"async\" width=\"728\" height=\"90\" src=\"https:\/\/pinay-nudes.com\/wp-content\/uploads\/2023\/09\/CB-728-2.jpg\" class=\"attachment-large size-large wp-image-449\" alt=\"\" srcset=\"https:\/\/pinay-nudes.com\/wp-content\/uploads\/2023\/09\/CB-728-2.jpg 728w, https:\/\/pinay-nudes.com\/wp-content\/uploads\/2023\/09\/CB-728-2-300x37.jpg 300w\" sizes=\"(max-width: 728px) 100vw, 728px\" \/>\t\t\t\t\t\t\t\t<\/a>\n\t\t\t\t\t\t\t\t\t\t\t\t\t\t\t<\/div>\n\t\t\t\t<\/div>\n\t\t\t\t\t<\/div>\n\t\t\t\t<\/div>\n\t\t<div class=\"elementor-element elementor-element-5b9bcd6 e-flex e-con-boxed e-con e-parent\" data-id=\"5b9bcd6\" data-element_type=\"container\">\n\t\t\t\t\t<div class=\"e-con-inner\">\n\t\t\t\t<div class=\"elementor-element elementor-element-cebb7ee elementor-widget elementor-widget-text-editor\" data-id=\"cebb7ee\" data-element_type=\"widget\" data-widget_type=\"text-editor.default\">\n\t\t\t\t<div class=\"elementor-widget-container\">\n\t\t\t\t\t\t\t\t\t<h2>Zarejestruj si\u0119 ju\u017c dzi\u015b i wyszukaj nagie Filipinki z Cebu i innych cz\u0119\u015bci Filipin.<\/h2><p>Jeste\u015b obcokrajowcem, kt\u00f3ry marzy o filipi\u0144skiej kobiecie? Dajemy ci dost\u0119p do najlepszych kobiet, kt\u00f3re chc\u0105 du\u017cego, grubego zagranicznego kutasa w swojej ciasnej cipce. Uzyskaj pe\u0142ny, bezp\u0142atny dost\u0119p do galerii zdj\u0119\u0107 i profili naszych snapchat\u00f3w i sex kamerek. Mamy TOP nagie filipi\u0144skie filmy porno od amatorskich pi\u0119knych pinay womens. Gor\u0105ce Japonki i Filipinki, kt\u00f3re kochaj\u0105 du\u017ce kutasy czekaj\u0105 na Ciebie. Obejrzyj je wszystkie. Szukasz filipi\u0144skiej laski do ruchania w dup\u0119? Na naszej stronie spe\u0142nisz wszystkie swoje potrzeby i znajdziesz najlepsze filmy XXX i kamery na \u017cywo.\u00a0<\/p><p>Najlepsze najgor\u0119tsze filipi\u0144skie amatorskie filmy porno, filmy snapchat, nagie zdj\u0119cia rozbieraj\u0105cych si\u0119 dziewczyn w Internecie. Wyszukaj swoje ulubione kobiety z Cebu. Ogl\u0105daj filmy 1080p od najgor\u0119tszych doros\u0142ych wykonawc\u00f3w. Wszystko jest za darmo i nie musisz podawa\u0107 \u017cadnych informacji o karcie kredytowej. To nie jest potrzebne! Uzyskaj dost\u0119p do azjatyckich film\u00f3w porno i filipi\u0144skich film\u00f3w porno za darmo. Gor\u0105ce Filipinki z Cebu czekaj\u0105 na Ciebie ze swoimi filipi\u0144skimi mamusiami.<\/p><p>\u00a0<\/p><h2>Nagie seksowne filipi\u0144skie zdj\u0119cia Darmowa strona - Obejrzyj te ekskluzywne filmy Spicevids<\/h2><p>Cebu Ekskluzywne Cipki. Czatuj, graj i umawiaj si\u0119 z najlepszymi kamerkami i najgor\u0119tszymi Filipinkami. Uaktualnij swoje konto teraz i zarejestruj si\u0119. Sprawd\u017a nasze najlepsze studia TOP XXX z filipi\u0144skimi gor\u0105cymi kobietami. Nowe nagie dziewczyny czekaj\u0105, a\u017c zostaniesz zer\u017cni\u0119ty w ich mokr\u0105 cipk\u0119. Nagie Pinay Girls z Cebu czekaj\u0105 na randk\u0119 lub seks z Tob\u0105. Zobacz je wszystkie i nie czekaj.<\/p>\t\t\t\t\t\t\t\t<\/div>\n\t\t\t\t<\/div>\n\t\t\t\t\t<\/div>\n\t\t\t\t<\/div>\n\t\t\t\t<\/div>","protected":false},"excerpt":{"rendered":"<p>Snapchat Nudes, Filipina Porn Videos, Amateur Asian, Nude Sexy Filipina Hot Girls Filipina Nude, Naked Filipina Free Content, Pinay from Cebu Looking for a filipina girl to fuck? You are in the right place. Find girls from Cebu and surrounding areas and arrange with them to fuck and lick your dick, or just exchange photos&hellip; <br \/> <a class=\"read-more\" href=\"https:\/\/pinay-nudes.com\/pl\/users\/princess-cebu\/\">Dowiedz si\u0119 wi\u0119cej<\/a><\/p>","protected":false},"author":1,"featured_media":0,"parent":42,"menu_order":0,"comment_status":"closed","ping_status":"closed","template":"page-templates\/homepage.php","meta":{"_monsterinsights_skip_tracking":false,"_monsterinsights_sitenote_active":false,"_monsterinsights_sitenote_note":"","_monsterinsights_sitenote_category":0,"footnotes":""},"class_list":["post-280","page","type-page","status-publish","hentry"],"aioseo_notices":[],"yoast_head":"<!-- This site is optimized with the Yoast SEO plugin v24.4 - https:\/\/yoast.com\/wordpress\/plugins\/seo\/ -->\n<title>Princess Cebu - Nude Filipina Woman From Snapchat And Sex | Beauty Porn Pics<\/title>\n<meta name=\"robots\" content=\"index, follow, max-snippet:-1, max-image-preview:large, max-video-preview:-1\" \/>\n<link rel=\"canonical\" href=\"https:\/\/pinay-nudes.com\/pl\/users\/princess-cebu\/\" \/>\n<meta property=\"og:locale\" content=\"pl_PL\" \/>\n<meta property=\"og:type\" content=\"article\" \/>\n<meta property=\"og:title\" content=\"Princess Cebu - Nude Filipina Woman From Snapchat And Sex | Beauty Porn Pics\" \/>\n<meta property=\"og:description\" content=\"Snapchat Nudes, Filipina Porn Videos, Amateur Asian, Nude Sexy Filipina Hot Girls Filipina Nude, Naked Filipina Free Content, Pinay from Cebu Looking for a filipina girl to fuck? You are in the right place. Find girls from Cebu and surrounding areas and arrange with them to fuck and lick your dick, or just exchange photos&hellip; Dowiedz si\u0119 wi\u0119cej\" \/>\n<meta property=\"og:url\" content=\"https:\/\/pinay-nudes.com\/pl\/users\/princess-cebu\/\" \/>\n<meta property=\"og:site_name\" content=\"Nude Filipina Woman From Snapchat And Sex | Beauty Porn Pics\" \/>\n<meta property=\"article:modified_time\" content=\"2025-02-19T01:34:48+00:00\" \/>\n<meta property=\"og:image\" content=\"https:\/\/pinay-nudes.com\/wp-content\/uploads\/2023\/09\/6b01ce2309cd34d328927db61294e5b9-4.jpg\" \/>\n\t<meta property=\"og:image:width\" content=\"736\" \/>\n\t<meta property=\"og:image:height\" content=\"929\" \/>\n\t<meta property=\"og:image:type\" content=\"image\/jpeg\" \/>\n<meta name=\"twitter:card\" content=\"summary_large_image\" \/>\n<meta name=\"twitter:label1\" content=\"Szacowany czas czytania\" \/>\n\t<meta name=\"twitter:data1\" content=\"3 minuty\" \/>\n<script type=\"application\/ld+json\" class=\"yoast-schema-graph\">{\"@context\":\"https:\/\/schema.org\",\"@graph\":[{\"@type\":\"WebPage\",\"@id\":\"https:\/\/pinay-nudes.com\/users\/princess-cebu\/\",\"url\":\"https:\/\/pinay-nudes.com\/users\/princess-cebu\/\",\"name\":\"Princess Cebu - Nude Filipina Woman From Snapchat And Sex | Beauty Porn Pics\",\"isPartOf\":{\"@id\":\"https:\/\/pinay-nudes.com\/#website\"},\"primaryImageOfPage\":{\"@id\":\"https:\/\/pinay-nudes.com\/users\/princess-cebu\/#primaryimage\"},\"image\":{\"@id\":\"https:\/\/pinay-nudes.com\/users\/princess-cebu\/#primaryimage\"},\"thumbnailUrl\":\"http:\/\/pinay-nudes.com\/wp-content\/uploads\/2023\/09\/6b01ce2309cd34d328927db61294e5b9-4.jpg\",\"datePublished\":\"2023-09-18T02:55:46+00:00\",\"dateModified\":\"2025-02-19T01:34:48+00:00\",\"breadcrumb\":{\"@id\":\"https:\/\/pinay-nudes.com\/users\/princess-cebu\/#breadcrumb\"},\"inLanguage\":\"pl-PL\",\"potentialAction\":[{\"@type\":\"ReadAction\",\"target\":[\"https:\/\/pinay-nudes.com\/users\/princess-cebu\/\"]}]},{\"@type\":\"ImageObject\",\"inLanguage\":\"pl-PL\",\"@id\":\"https:\/\/pinay-nudes.com\/users\/princess-cebu\/#primaryimage\",\"url\":\"http:\/\/pinay-nudes.com\/wp-content\/uploads\/2023\/09\/6b01ce2309cd34d328927db61294e5b9-4.jpg\",\"contentUrl\":\"http:\/\/pinay-nudes.com\/wp-content\/uploads\/2023\/09\/6b01ce2309cd34d328927db61294e5b9-4.jpg\"},{\"@type\":\"BreadcrumbList\",\"@id\":\"https:\/\/pinay-nudes.com\/users\/princess-cebu\/#breadcrumb\",\"itemListElement\":[{\"@type\":\"ListItem\",\"position\":1,\"name\":\"Home\",\"item\":\"https:\/\/pinay-nudes.com\/\"},{\"@type\":\"ListItem\",\"position\":2,\"name\":\"Our Users\",\"item\":\"https:\/\/pinay-nudes.com\/users\/\"},{\"@type\":\"ListItem\",\"position\":3,\"name\":\"Princess Cebu\"}]},{\"@type\":\"WebSite\",\"@id\":\"https:\/\/pinay-nudes.com\/#website\",\"url\":\"https:\/\/pinay-nudes.com\/\",\"name\":\"Nude Filipina Woman From Snapchat And Sex | Beauty Porn Pics\",\"description\":\"Check our Free Porn Gallery with nude beautiful girls. XXX Naked Porn Pics from Hot Naked Girls from Snapchat and Sex Cams. Best Filipina sexy photos\",\"publisher\":{\"@id\":\"https:\/\/pinay-nudes.com\/#organization\"},\"potentialAction\":[{\"@type\":\"SearchAction\",\"target\":{\"@type\":\"EntryPoint\",\"urlTemplate\":\"https:\/\/pinay-nudes.com\/?s={search_term_string}\"},\"query-input\":{\"@type\":\"PropertyValueSpecification\",\"valueRequired\":true,\"valueName\":\"search_term_string\"}}],\"inLanguage\":\"pl-PL\"},{\"@type\":\"Organization\",\"@id\":\"https:\/\/pinay-nudes.com\/#organization\",\"name\":\"Nude Filipina Woman From Snapchat And Sex | Beauty Porn Pics\",\"url\":\"https:\/\/pinay-nudes.com\/\",\"logo\":{\"@type\":\"ImageObject\",\"inLanguage\":\"pl-PL\",\"@id\":\"https:\/\/pinay-nudes.com\/#\/schema\/logo\/image\/\",\"url\":\"https:\/\/pinay-nudes.com\/wp-content\/uploads\/2023\/09\/cropped-cropped-logo2-1.png\",\"contentUrl\":\"https:\/\/pinay-nudes.com\/wp-content\/uploads\/2023\/09\/cropped-cropped-logo2-1.png\",\"width\":512,\"height\":512,\"caption\":\"Nude Filipina Woman From Snapchat And Sex | Beauty Porn Pics \"},\"image\":{\"@id\":\"https:\/\/pinay-nudes.com\/#\/schema\/logo\/image\/\"}}]}<\/script>\n<!-- \/ Yoast SEO plugin. -->","yoast_head_json":{"title":"Princess Cebu - Nude Filipina Woman From Snapchat And Sex | Beauty Porn Pics","robots":{"index":"index","follow":"follow","max-snippet":"max-snippet:-1","max-image-preview":"max-image-preview:large","max-video-preview":"max-video-preview:-1"},"canonical":"https:\/\/pinay-nudes.com\/pl\/users\/princess-cebu\/","og_locale":"pl_PL","og_type":"article","og_title":"Princess Cebu - Nude Filipina Woman From Snapchat And Sex | Beauty Porn Pics","og_description":"Snapchat Nudes, Filipina Porn Videos, Amateur Asian, Nude Sexy Filipina Hot Girls Filipina Nude, Naked Filipina Free Content, Pinay from Cebu Looking for a filipina girl to fuck? You are in the right place. Find girls from Cebu and surrounding areas and arrange with them to fuck and lick your dick, or just exchange photos&hellip; Dowiedz si\u0119 wi\u0119cej","og_url":"https:\/\/pinay-nudes.com\/pl\/users\/princess-cebu\/","og_site_name":"Nude Filipina Woman From Snapchat And Sex | Beauty Porn Pics","article_modified_time":"2025-02-19T01:34:48+00:00","og_image":[{"width":736,"height":929,"url":"https:\/\/pinay-nudes.com\/wp-content\/uploads\/2023\/09\/6b01ce2309cd34d328927db61294e5b9-4.jpg","type":"image\/jpeg"}],"twitter_card":"summary_large_image","twitter_misc":{"Szacowany czas czytania":"3 minuty"},"schema":{"@context":"https:\/\/schema.org","@graph":[{"@type":"WebPage","@id":"https:\/\/pinay-nudes.com\/users\/princess-cebu\/","url":"https:\/\/pinay-nudes.com\/users\/princess-cebu\/","name":"Princess Cebu - Nude Filipina Woman From Snapchat And Sex | Beauty Porn Pics","isPartOf":{"@id":"https:\/\/pinay-nudes.com\/#website"},"primaryImageOfPage":{"@id":"https:\/\/pinay-nudes.com\/users\/princess-cebu\/#primaryimage"},"image":{"@id":"https:\/\/pinay-nudes.com\/users\/princess-cebu\/#primaryimage"},"thumbnailUrl":"http:\/\/pinay-nudes.com\/wp-content\/uploads\/2023\/09\/6b01ce2309cd34d328927db61294e5b9-4.jpg","datePublished":"2023-09-18T02:55:46+00:00","dateModified":"2025-02-19T01:34:48+00:00","breadcrumb":{"@id":"https:\/\/pinay-nudes.com\/users\/princess-cebu\/#breadcrumb"},"inLanguage":"pl-PL","potentialAction":[{"@type":"ReadAction","target":["https:\/\/pinay-nudes.com\/users\/princess-cebu\/"]}]},{"@type":"ImageObject","inLanguage":"pl-PL","@id":"https:\/\/pinay-nudes.com\/users\/princess-cebu\/#primaryimage","url":"http:\/\/pinay-nudes.com\/wp-content\/uploads\/2023\/09\/6b01ce2309cd34d328927db61294e5b9-4.jpg","contentUrl":"http:\/\/pinay-nudes.com\/wp-content\/uploads\/2023\/09\/6b01ce2309cd34d328927db61294e5b9-4.jpg"},{"@type":"BreadcrumbList","@id":"https:\/\/pinay-nudes.com\/users\/princess-cebu\/#breadcrumb","itemListElement":[{"@type":"ListItem","position":1,"name":"Home","item":"https:\/\/pinay-nudes.com\/"},{"@type":"ListItem","position":2,"name":"Our Users","item":"https:\/\/pinay-nudes.com\/users\/"},{"@type":"ListItem","position":3,"name":"Princess Cebu"}]},{"@type":"WebSite","@id":"https:\/\/pinay-nudes.com\/#website","url":"https:\/\/pinay-nudes.com\/","name":"Nude Filipina Woman From Snapchat And Sex | Beauty Porn Pics","description":"Check our Free Porn Gallery with nude beautiful girls. XXX Naked Porn Pics from Hot Naked Girls from Snapchat and Sex Cams. Best Filipina sexy photos","publisher":{"@id":"https:\/\/pinay-nudes.com\/#organization"},"potentialAction":[{"@type":"SearchAction","target":{"@type":"EntryPoint","urlTemplate":"https:\/\/pinay-nudes.com\/?s={search_term_string}"},"query-input":{"@type":"PropertyValueSpecification","valueRequired":true,"valueName":"search_term_string"}}],"inLanguage":"pl-PL"},{"@type":"Organization","@id":"https:\/\/pinay-nudes.com\/#organization","name":"Nude Filipina Woman From Snapchat And Sex | Beauty Porn Pics","url":"https:\/\/pinay-nudes.com\/","logo":{"@type":"ImageObject","inLanguage":"pl-PL","@id":"https:\/\/pinay-nudes.com\/#\/schema\/logo\/image\/","url":"https:\/\/pinay-nudes.com\/wp-content\/uploads\/2023\/09\/cropped-cropped-logo2-1.png","contentUrl":"https:\/\/pinay-nudes.com\/wp-content\/uploads\/2023\/09\/cropped-cropped-logo2-1.png","width":512,"height":512,"caption":"Nude Filipina Woman From Snapchat And Sex | Beauty Porn Pics "},"image":{"@id":"https:\/\/pinay-nudes.com\/#\/schema\/logo\/image\/"}}]}},"_links":{"self":[{"href":"https:\/\/pinay-nudes.com\/pl\/wp-json\/wp\/v2\/pages\/280","targetHints":{"allow":["GET"]}}],"collection":[{"href":"https:\/\/pinay-nudes.com\/pl\/wp-json\/wp\/v2\/pages"}],"about":[{"href":"https:\/\/pinay-nudes.com\/pl\/wp-json\/wp\/v2\/types\/page"}],"author":[{"embeddable":true,"href":"https:\/\/pinay-nudes.com\/pl\/wp-json\/wp\/v2\/users\/1"}],"replies":[{"embeddable":true,"href":"https:\/\/pinay-nudes.com\/pl\/wp-json\/wp\/v2\/comments?post=280"}],"version-history":[{"count":40,"href":"https:\/\/pinay-nudes.com\/pl\/wp-json\/wp\/v2\/pages\/280\/revisions"}],"predecessor-version":[{"id":2410,"href":"https:\/\/pinay-nudes.com\/pl\/wp-json\/wp\/v2\/pages\/280\/revisions\/2410"}],"up":[{"embeddable":true,"href":"https:\/\/pinay-nudes.com\/pl\/wp-json\/wp\/v2\/pages\/42"}],"wp:attachment":[{"href":"https:\/\/pinay-nudes.com\/pl\/wp-json\/wp\/v2\/media?parent=280"}],"curies":[{"name":"wp","href":"https:\/\/api.w.org\/{rel}","templated":true}]}}