{"id":275,"date":"2023-09-18T03:55:46","date_gmt":"2023-09-18T02:55:46","guid":{"rendered":"https:\/\/pinay-nudes.com\/?page_id=275"},"modified":"2025-02-19T01:37:38","modified_gmt":"2025-02-19T01:37:38","slug":"roxie-angeles","status":"publish","type":"page","link":"https:\/\/pinay-nudes.com\/pl\/users\/roxie-angeles\/","title":{"rendered":"Roxie Angeles"},"content":{"rendered":"<div data-elementor-type=\"wp-page\" data-elementor-id=\"275\" class=\"elementor elementor-275\">\n\t\t\t\t<div class=\"elementor-element elementor-element-3043044 e-flex e-con-boxed e-con e-parent\" data-id=\"3043044\" data-element_type=\"container\">\n\t\t\t\t\t<div class=\"e-con-inner\">\n\t\t\t\t<div class=\"elementor-element elementor-element-b2981b3 elementor-widget elementor-widget-text-editor\" data-id=\"b2981b3\" data-element_type=\"widget\" data-widget_type=\"text-editor.default\">\n\t\t\t\t<div class=\"elementor-widget-container\">\n\t\t\t\t\t\t\t\t\t<center><h1 class=\"herotitle\">Snapchat Nagie Filmy Porno Darmowe Sex Kamerki - Wyszukaj Nazwy U\u017cytkownik\u00f3w<\/h1><\/center>\t\t\t\t\t\t\t\t<\/div>\n\t\t\t\t<\/div>\n\t\t\t\t\t<\/div>\n\t\t\t\t<\/div>\n\t\t<div class=\"elementor-element elementor-element-626a75c e-flex e-con-boxed e-con e-parent\" data-id=\"626a75c\" data-element_type=\"container\">\n\t\t\t\t\t<div class=\"e-con-inner\">\n\t\t\t\t<div class=\"elementor-element elementor-element-5aed981 elementor-widget elementor-widget-text-editor\" data-id=\"5aed981\" data-element_type=\"widget\" data-widget_type=\"text-editor.default\">\n\t\t\t\t<div class=\"elementor-widget-container\">\n\t\t\t\t\t\t\t\t\t<h2>Snapchat Nagie Nastoletnie Dziewczyny - Filmy Porno Cipki Snapchat Wycieki<\/h2><p>\u00a0<\/p><p>Najlepsza galeria akt\u00f3w i amatorskie filmy porno z Filipinkami i innymi Azjatkami, prosto ze snapchata. Najwi\u0119ksza baza amatorskich film\u00f3w i skandali z gor\u0105cymi Filipinkami. Wysy\u0142aj snapy i sexting z pi\u0119knymi kobietami pragn\u0105cymi seksu online. W naszej bazie znajdziesz dziewczyny, kt\u00f3re wysy\u0142aj\u0105 nagie, niegrzeczne zdj\u0119cia i filmy na snapie.\u00a0<\/p><p>Dziewczyny z najlepszymi cyckami i cipkami w Internecie oraz modelki z sex kamerek, w kt\u00f3rych si\u0119 zakochasz. Napalone dziewczyny, kt\u00f3re chc\u0105 um\u00f3wi\u0107 si\u0119 z tob\u0105 na randk\u0119 w restauracji lub po prostu chc\u0105 ostrego seksu w hotelu. Najwi\u0119ksze wycieki zdj\u0119\u0107 i skandalicznych film\u00f3w z gor\u0105cymi kobietami. Najlepsze darmowe filmy premium Nude snapchat z nastolatkami i spro\u015bnymi milfami. Sprawd\u017a ich seksowne cycki i zdj\u0119cia dupy. Wy\u015blij wiadomo\u015b\u0107 do azjatyckich lasek i zapro\u015b je na anal.<\/p>\t\t\t\t\t\t\t\t<\/div>\n\t\t\t\t<\/div>\n\t\t\t\t\t<\/div>\n\t\t\t\t<\/div>\n\t\t<div class=\"elementor-element elementor-element-3bdfa18 e-con-full e-flex e-con e-parent\" data-id=\"3bdfa18\" data-element_type=\"container\">\n\t\t<div class=\"elementor-element elementor-element-f0bbf59 e-con-full e-flex e-con e-child\" data-id=\"f0bbf59\" data-element_type=\"container\">\n\t\t\t\t<div class=\"elementor-element elementor-element-2b36f9c elementor-widget elementor-widget-image\" data-id=\"2b36f9c\" data-element_type=\"widget\" data-widget_type=\"image.default\">\n\t\t\t\t<div class=\"elementor-widget-container\">\n\t\t\t\t\t\t\t\t\t\t\t\t\t\t\t<img fetchpriority=\"high\" decoding=\"async\" width=\"576\" height=\"1024\" src=\"https:\/\/pinay-nudes.com\/wp-content\/uploads\/2023\/09\/6-1-768x1365-6-576x1024.jpg\" class=\"attachment-large size-large wp-image-359\" alt=\"\" srcset=\"https:\/\/pinay-nudes.com\/wp-content\/uploads\/2023\/09\/6-1-768x1365-6-576x1024.jpg 576w, https:\/\/pinay-nudes.com\/wp-content\/uploads\/2023\/09\/6-1-768x1365-6-169x300.jpg 169w, https:\/\/pinay-nudes.com\/wp-content\/uploads\/2023\/09\/6-1-768x1365-6-608x1080.jpg 608w, https:\/\/pinay-nudes.com\/wp-content\/uploads\/2023\/09\/6-1-768x1365-6.jpg 768w\" sizes=\"(max-width: 576px) 100vw, 576px\" \/>\t\t\t\t\t\t\t\t\t\t\t\t\t\t\t<\/div>\n\t\t\t\t<\/div>\n\t\t\t\t<\/div>\n\t\t<div class=\"elementor-element elementor-element-8fd1f6a e-con-full e-flex e-con e-child\" data-id=\"8fd1f6a\" data-element_type=\"container\">\n\t\t\t\t<div class=\"elementor-element elementor-element-ed0ff29 elementor-widget elementor-widget-heading\" data-id=\"ed0ff29\" data-element_type=\"widget\" data-widget_type=\"heading.default\">\n\t\t\t\t<div class=\"elementor-widget-container\">\n\t\t\t\t\t<h2 class=\"elementor-heading-title elementor-size-default\">Roxie, Angeles City<\/h2>\t\t\t\t<\/div>\n\t\t\t\t<\/div>\n\t\t\t\t<div class=\"elementor-element elementor-element-50b5a86 elementor-widget elementor-widget-text-editor\" data-id=\"50b5a86\" data-element_type=\"widget\" data-widget_type=\"text-editor.default\">\n\t\t\t\t<div class=\"elementor-widget-container\">\n\t\t\t\t\t\t\t\t\t<p>Mam na imi\u0119 Roxie, mieszkam i pracuj\u0119 w Angeles City. Nie robi\u0119 nic stosunkowo ambitnego, poniewa\u017c pracuj\u0119 w sieciowym sklepie odzie\u017cowym, ale lubi\u0119 swoj\u0105 prac\u0119 \ud83d\ude42 Je\u015bli masz ochot\u0119 na spacer lub jedzenie, po prostu skontaktuj si\u0119 ze mn\u0105....<\/p>\t\t\t\t\t\t\t\t<\/div>\n\t\t\t\t<\/div>\n\t\t\t\t<div class=\"elementor-element elementor-element-b1f94c1 elementor-shape-rounded elementor-grid-0 e-grid-align-center elementor-widget elementor-widget-social-icons\" data-id=\"b1f94c1\" data-element_type=\"widget\" data-widget_type=\"social-icons.default\">\n\t\t\t\t<div class=\"elementor-widget-container\">\n\t\t\t\t\t\t\t<div class=\"elementor-social-icons-wrapper elementor-grid\">\n\t\t\t\t\t\t\t<span class=\"elementor-grid-item\">\n\t\t\t\t\t<a class=\"elementor-icon elementor-social-icon elementor-social-icon-facebook elementor-repeater-item-966ee37\" href=\"https:\/\/pinay-nudes.com\/pl\/nk\/register\/\" target=\"_blank\">\n\t\t\t\t\t\t<span class=\"elementor-screen-only\">Facebook<\/span>\n\t\t\t\t\t\t<i class=\"fab fa-facebook\"><\/i>\t\t\t\t\t<\/a>\n\t\t\t\t<\/span>\n\t\t\t\t\t\t\t<span class=\"elementor-grid-item\">\n\t\t\t\t\t<a class=\"elementor-icon elementor-social-icon elementor-social-icon-instagram elementor-repeater-item-47b44c9\" href=\"https:\/\/pinay-nudes.com\/pl\/cb\/register\/\" target=\"_blank\">\n\t\t\t\t\t\t<span class=\"elementor-screen-only\">Instagram<\/span>\n\t\t\t\t\t\t<i class=\"fab fa-instagram\"><\/i>\t\t\t\t\t<\/a>\n\t\t\t\t<\/span>\n\t\t\t\t\t\t\t<span class=\"elementor-grid-item\">\n\t\t\t\t\t<a class=\"elementor-icon elementor-social-icon elementor-social-icon-snapchat elementor-repeater-item-a214105\" href=\"https:\/\/pinay-nudes.com\/pl\/nk1\/register\/\" target=\"_blank\">\n\t\t\t\t\t\t<span class=\"elementor-screen-only\">Snapchat<\/span>\n\t\t\t\t\t\t<i class=\"fab fa-snapchat\"><\/i>\t\t\t\t\t<\/a>\n\t\t\t\t<\/span>\n\t\t\t\t\t<\/div>\n\t\t\t\t\t\t<\/div>\n\t\t\t\t<\/div>\n\t\t\t\t<div class=\"elementor-element elementor-element-01e295c elementor-invisible elementor-widget elementor-widget-text-editor\" data-id=\"01e295c\" data-element_type=\"widget\" data-settings=\"{&quot;_animation&quot;:&quot;jello&quot;}\" data-widget_type=\"text-editor.default\">\n\t\t\t\t<div class=\"elementor-widget-container\">\n\t\t\t\t\t\t\t\t\t<p><strong>11,853<\/strong><\/p>\t\t\t\t\t\t\t\t<\/div>\n\t\t\t\t<\/div>\n\t\t\t\t<div class=\"elementor-element elementor-element-02afaf6 elementor-widget elementor-widget-text-editor\" data-id=\"02afaf6\" data-element_type=\"widget\" data-widget_type=\"text-editor.default\">\n\t\t\t\t<div class=\"elementor-widget-container\">\n\t\t\t\t\t\t\t\t\t<p>Obserwuj\u0105cy<\/p>\t\t\t\t\t\t\t\t<\/div>\n\t\t\t\t<\/div>\n\t\t\t\t<div class=\"elementor-element elementor-element-f745a1e elementor-widget elementor-widget-text-editor\" data-id=\"f745a1e\" data-element_type=\"widget\" data-widget_type=\"text-editor.default\">\n\t\t\t\t<div class=\"elementor-widget-container\">\n\t\t\t\t\t\t\t\t\t<p><strong>Jestem online!<\/strong><\/p><p>\u015aredni czas odpowiedzi 3-20 minut<\/p>\t\t\t\t\t\t\t\t<\/div>\n\t\t\t\t<\/div>\n\t\t\t\t<div class=\"elementor-element elementor-element-566ae54 elementor-align-center elementor-widget elementor-widget-button\" data-id=\"566ae54\" data-element_type=\"widget\" data-widget_type=\"button.default\">\n\t\t\t\t<div class=\"elementor-widget-container\">\n\t\t\t\t\t\t\t\t\t<div class=\"elementor-button-wrapper\">\n\t\t\t\t\t<a class=\"elementor-button elementor-button-link elementor-size-sm\" href=\"https:\/\/pinay-nudes.com\/pl\/cb\/register\/\">\n\t\t\t\t\t\t<span class=\"elementor-button-content-wrapper\">\n\t\t\t\t\t\t\t\t\t<span class=\"elementor-button-text\">Kontakt ze mn\u0105<\/span>\n\t\t\t\t\t<\/span>\n\t\t\t\t\t<\/a>\n\t\t\t\t<\/div>\n\t\t\t\t\t\t\t\t<\/div>\n\t\t\t\t<\/div>\n\t\t\t\t<div class=\"elementor-element elementor-element-b788482 elementor-star-rating--align-center elementor--star-style-star_fontawesome elementor-widget elementor-widget-star-rating\" data-id=\"b788482\" data-element_type=\"widget\" data-widget_type=\"star-rating.default\">\n\t\t\t\t<div class=\"elementor-widget-container\">\n\t\t\t\t\t\n\t\t<div class=\"elementor-star-rating__wrapper\">\n\t\t\t\t\t\t\t<div class=\"elementor-star-rating__title\">Recenzja profilu:<\/div>\n\t\t\t\t\t\t<div class=\"elementor-star-rating\" title=\"4.3\/5\" itemtype=\"http:\/\/schema.org\/Rating\" itemscope=\"\" itemprop=\"reviewRating\"><i class=\"elementor-star-full\">&#xE934;<\/i><i class=\"elementor-star-full\">&#xE934;<\/i><i class=\"elementor-star-full\">&#xE934;<\/i><i class=\"elementor-star-full\">&#xE934;<\/i><i class=\"elementor-star-3\">&#xE934;<\/i> <span itemprop=\"ratingValue\" class=\"elementor-screen-only\">4.3\/5<\/span><\/div>\t\t<\/div>\n\t\t\t\t\t\t<\/div>\n\t\t\t\t<\/div>\n\t\t\t\t<\/div>\n\t\t\t\t<\/div>\n\t\t<div class=\"elementor-element elementor-element-0e5f132 e-flex e-con-boxed e-con e-parent\" data-id=\"0e5f132\" data-element_type=\"container\">\n\t\t\t\t\t<div class=\"e-con-inner\">\n\t\t\t\t<div class=\"elementor-element elementor-element-c6436be elementor-widget elementor-widget-html\" data-id=\"c6436be\" data-element_type=\"widget\" data-widget_type=\"html.default\">\n\t\t\t\t<div class=\"elementor-widget-container\">\n\t\t\t\t\t<iframe scrolling=\"no\" frameborder=\"0\" height=\"300\" style=\"width:100%;min-width:70px;\" src=\"https:\/\/bngdin.com\/promo.php?c=787642&type=dynamic_banner&new_banner=0&db%5Bwidth%5D=160&db%5Bheight%5D=300&db%5Btype%5D=live&db%5Bmodel_zone%5D=free&db%5Bheader%5D=0&db%5Bfooter%5D=footer_text_1&db%5Bmlang%5D=1&db%5Bfullscreen%5D=&db%5Bmname%5D=1&db%5Bmlink%5D=1&db%5Bmstatus%5D=1&db%5Bmsize%5D=auto&db%5Bmpad%5D=1&db%5Bmwidth%5D=156&db%5Bcolor_scheme%5D=dark&db%5Bmborder%5D=solid&db%5Bmborder_color%5D=%23ffffff&db%5Bmborder_over_color%5D=%23a02239&db%5Bmshadow%5D=0&db%5Bmodels_by_geo%5D=0&db%5Bautoupdate%5D=1&db%5Btopmodels%5D=1&db%5Blanding%5D=chat&db%5Blogo_color%5D=negative&db%5Blogo_align%5D=left&db%5Bbg_color%5D=%23222222&db%5Bfont_family%5D=Trebuchet+MS&db%5Btext_align%5D=center&db%5Btext_color%5D=%23ffffff&db%5Blink_color%5D=%2396009e&db%5Beffect%5D=auto&db%5Beffect_speed%5D=optimal&db%5Bmode%5D=mode1&db%5Badaptive%5D=1&db%5Bslider%5D=0&db%5Bchat%5D=0\"><\/iframe>\t\t\t\t<\/div>\n\t\t\t\t<\/div>\n\t\t\t\t\t<\/div>\n\t\t\t\t<\/div>\n\t\t<div class=\"elementor-element elementor-element-bfafc9b e-flex e-con-boxed e-con e-parent\" data-id=\"bfafc9b\" data-element_type=\"container\">\n\t\t\t\t\t<div class=\"e-con-inner\">\n\t\t\t\t<div class=\"elementor-element elementor-element-a515a00 elementor-widget elementor-widget-text-editor\" data-id=\"a515a00\" data-element_type=\"widget\" data-widget_type=\"text-editor.default\">\n\t\t\t\t<div class=\"elementor-widget-container\">\n\t\t\t\t\t\t\t\t\t<h2>Wyszukiwanie obraz\u00f3w seksu premium ze Snapchata i masturbacja<\/h2><p>Masturbuj si\u0119 do amatorskich film\u00f3w porno z milfami. Przegl\u0105daj ogromn\u0105 galeri\u0119 zdj\u0119\u0107 snap nudes, kt\u00f3re wyciek\u0142y. Ogl\u0105daj urocze dziewczyny z Filipin, jak robi\u0105 nagie snapy i selfie XXX. Seksting Nazwy u\u017cytkownik\u00f3w sexy snapchat nudes porno lesbijki i najgor\u0119tsze dziewczyny. Nasza kolekcja film\u00f3w zadowoli nawet najbardziej wymagaj\u0105cego u\u017cytkownika. Ciesz si\u0119 du\u017c\u0105 kolekcj\u0105 zdj\u0119\u0107 i film\u00f3w. Czatuj z napalonymi milfami, wsad\u017a swojego kutasa do ich cipki i zr\u00f3b domowy seks snapchat.<\/p><p>\u00a0<\/p><h2>Kompilacja prysznic\u00f3w ze Snapchata, sekstingowe nazwy u\u017cytkownik\u00f3w od niegrzecznych dziewczyn<\/h2><p>Filipi\u0144skie skandale i najlepsze filmy porno z dziewczynami masturbuj\u0105cymi si\u0119 pod prysznicem. Otrzymaj dost\u0119p do ogromnej kolekcji amatorskich zdj\u0119\u0107 i film\u00f3w porno, a Twoje \u017cycie stanie si\u0119 bardziej interesuj\u0105ce. Najlepsze filipi\u0144skie mamu\u015bki i legalne nastolatki czekaj\u0105 na r\u017cni\u0119cie w hotelu. Mo\u017cesz uprawia\u0107 z nimi cyber seks lub um\u00f3wi\u0107 si\u0119 z nimi na kaw\u0119. Ogl\u0105daj akty na snapchacie i nieograniczone klipy z masturbacj\u0105 dildo. Zosta\u0144 ch\u0142opakiem jednej z nich. Prze\u015blij swoje zdj\u0119cia i filmy i spraw, aby nasza kolekcja amatorskich dziewczyn by\u0142a znacznie wi\u0119ksza ni\u017c teraz. Najseksowniejsze nudes sexting tube platforma czeka na Ciebie, aby utworzy\u0107 konto i ogl\u0105da\u0107 nagie dziewczyny ka\u017cdego dnia. Ogl\u0105daj creampie snap chat wideo z modelkami sex cams i amatorskimi kobietami. Najpi\u0119kniejsze filipi\u0144skie cycki Snapchat w internecie nadaj\u0105ce si\u0119 do delikatnego masa\u017cu i lizania. Ogl\u0105daj wyciek\u0142e filmy snapchat i zbieraj je. Jeste\u015b we w\u0142a\u015bciwym miejscu, aby je pod\u0142\u0105czy\u0107 i pieprzy\u0107. Po prostu poczuj si\u0119 wolny!<\/p><p>\u00a0<\/p><h2>Snapchat Lesbijska Kompilacja Pornhub<\/h2><p>Najpi\u0119kniejsze lesbijki, geje i heteroseksualne kobiety Azji s\u0105 dost\u0119pne na wyci\u0105gni\u0119cie r\u0119ki. Wystarczy zarejestrowa\u0107 konto, aby uzyska\u0107 pe\u0142ny dost\u0119p do ca\u0142ej kolekcji nagich zdj\u0119\u0107 i film\u00f3w, kt\u00f3rych nie znajdziesz nigdzie indziej. Nasza kolekcja jest w pe\u0142ni amatorska i zawiera przecieki z prywatnych kont snapchatowych dziewczyn. Z\u0142ap je wszystkie i spotkaj si\u0119 z nimi na kolacji w restauracji lub po prostu na szybki seks w miejscu publicznym lub publicznej toalecie.<\/p>\t\t\t\t\t\t\t\t<\/div>\n\t\t\t\t<\/div>\n\t\t\t\t\t<\/div>\n\t\t\t\t<\/div>\n\t\t\t\t<\/div>","protected":false},"excerpt":{"rendered":"<p>Snapchat Nudes Porn Videos Free Content &#8211; Search Usernames Snapchat Nude Teen Girls &#8211; Porn Pussy Videos Snapchat Leaked \u00a0 The best nude gallery and amateur porn videos featuring Filipinas and other Asian women, straight from snapchat. Largest database of amateur videos and scandals with hot Filipinas. Send snaps and sexting with beautiful women wanting&hellip; <br \/> <a class=\"read-more\" href=\"https:\/\/pinay-nudes.com\/pl\/users\/roxie-angeles\/\">Dowiedz si\u0119 wi\u0119cej<\/a><\/p>","protected":false},"author":1,"featured_media":0,"parent":42,"menu_order":0,"comment_status":"closed","ping_status":"closed","template":"page-templates\/homepage.php","meta":{"_monsterinsights_skip_tracking":false,"_monsterinsights_sitenote_active":false,"_monsterinsights_sitenote_note":"","_monsterinsights_sitenote_category":0,"footnotes":""},"class_list":["post-275","page","type-page","status-publish","hentry"],"aioseo_notices":[],"yoast_head":"<!-- This site is optimized with the Yoast SEO plugin v24.4 - https:\/\/yoast.com\/wordpress\/plugins\/seo\/ -->\n<title>Roxie Angeles - Nude Filipina Woman From Snapchat And Sex | Beauty Porn Pics<\/title>\n<meta name=\"robots\" content=\"index, follow, max-snippet:-1, max-image-preview:large, max-video-preview:-1\" \/>\n<link rel=\"canonical\" href=\"https:\/\/pinay-nudes.com\/pl\/users\/roxie-angeles\/\" \/>\n<meta property=\"og:locale\" content=\"pl_PL\" \/>\n<meta property=\"og:type\" content=\"article\" \/>\n<meta property=\"og:title\" content=\"Roxie Angeles - Nude Filipina Woman From Snapchat And Sex | Beauty Porn Pics\" \/>\n<meta property=\"og:description\" content=\"Snapchat Nudes Porn Videos Free Content &#8211; Search Usernames Snapchat Nude Teen Girls &#8211; Porn Pussy Videos Snapchat Leaked \u00a0 The best nude gallery and amateur porn videos featuring Filipinas and other Asian women, straight from snapchat. Largest database of amateur videos and scandals with hot Filipinas. Send snaps and sexting with beautiful women wanting&hellip; Dowiedz si\u0119 wi\u0119cej\" \/>\n<meta property=\"og:url\" content=\"https:\/\/pinay-nudes.com\/pl\/users\/roxie-angeles\/\" \/>\n<meta property=\"og:site_name\" content=\"Nude Filipina Woman From Snapchat And Sex | Beauty Porn Pics\" \/>\n<meta property=\"article:modified_time\" content=\"2025-02-19T01:37:38+00:00\" \/>\n<meta property=\"og:image\" content=\"https:\/\/pinay-nudes.com\/wp-content\/uploads\/2023\/09\/6-1-768x1365-6.jpg\" \/>\n\t<meta property=\"og:image:width\" content=\"768\" \/>\n\t<meta property=\"og:image:height\" content=\"1365\" \/>\n\t<meta property=\"og:image:type\" content=\"image\/jpeg\" \/>\n<meta name=\"twitter:card\" content=\"summary_large_image\" \/>\n<meta name=\"twitter:label1\" content=\"Szacowany czas czytania\" \/>\n\t<meta name=\"twitter:data1\" content=\"3 minuty\" \/>\n<script type=\"application\/ld+json\" class=\"yoast-schema-graph\">{\"@context\":\"https:\/\/schema.org\",\"@graph\":[{\"@type\":\"WebPage\",\"@id\":\"https:\/\/pinay-nudes.com\/users\/roxie-angeles\/\",\"url\":\"https:\/\/pinay-nudes.com\/users\/roxie-angeles\/\",\"name\":\"Roxie Angeles - Nude Filipina Woman From Snapchat And Sex | Beauty Porn Pics\",\"isPartOf\":{\"@id\":\"https:\/\/pinay-nudes.com\/#website\"},\"primaryImageOfPage\":{\"@id\":\"https:\/\/pinay-nudes.com\/users\/roxie-angeles\/#primaryimage\"},\"image\":{\"@id\":\"https:\/\/pinay-nudes.com\/users\/roxie-angeles\/#primaryimage\"},\"thumbnailUrl\":\"http:\/\/pinay-nudes.com\/wp-content\/uploads\/2023\/09\/6-1-768x1365-6-576x1024.jpg\",\"datePublished\":\"2023-09-18T02:55:46+00:00\",\"dateModified\":\"2025-02-19T01:37:38+00:00\",\"breadcrumb\":{\"@id\":\"https:\/\/pinay-nudes.com\/users\/roxie-angeles\/#breadcrumb\"},\"inLanguage\":\"pl-PL\",\"potentialAction\":[{\"@type\":\"ReadAction\",\"target\":[\"https:\/\/pinay-nudes.com\/users\/roxie-angeles\/\"]}]},{\"@type\":\"ImageObject\",\"inLanguage\":\"pl-PL\",\"@id\":\"https:\/\/pinay-nudes.com\/users\/roxie-angeles\/#primaryimage\",\"url\":\"http:\/\/pinay-nudes.com\/wp-content\/uploads\/2023\/09\/6-1-768x1365-6-576x1024.jpg\",\"contentUrl\":\"http:\/\/pinay-nudes.com\/wp-content\/uploads\/2023\/09\/6-1-768x1365-6-576x1024.jpg\"},{\"@type\":\"BreadcrumbList\",\"@id\":\"https:\/\/pinay-nudes.com\/users\/roxie-angeles\/#breadcrumb\",\"itemListElement\":[{\"@type\":\"ListItem\",\"position\":1,\"name\":\"Home\",\"item\":\"https:\/\/pinay-nudes.com\/\"},{\"@type\":\"ListItem\",\"position\":2,\"name\":\"Our Users\",\"item\":\"https:\/\/pinay-nudes.com\/users\/\"},{\"@type\":\"ListItem\",\"position\":3,\"name\":\"Roxie Angeles\"}]},{\"@type\":\"WebSite\",\"@id\":\"https:\/\/pinay-nudes.com\/#website\",\"url\":\"https:\/\/pinay-nudes.com\/\",\"name\":\"Nude Filipina Woman From Snapchat And Sex | Beauty Porn Pics\",\"description\":\"Check our Free Porn Gallery with nude beautiful girls. XXX Naked Porn Pics from Hot Naked Girls from Snapchat and Sex Cams. Best Filipina sexy photos\",\"publisher\":{\"@id\":\"https:\/\/pinay-nudes.com\/#organization\"},\"potentialAction\":[{\"@type\":\"SearchAction\",\"target\":{\"@type\":\"EntryPoint\",\"urlTemplate\":\"https:\/\/pinay-nudes.com\/?s={search_term_string}\"},\"query-input\":{\"@type\":\"PropertyValueSpecification\",\"valueRequired\":true,\"valueName\":\"search_term_string\"}}],\"inLanguage\":\"pl-PL\"},{\"@type\":\"Organization\",\"@id\":\"https:\/\/pinay-nudes.com\/#organization\",\"name\":\"Nude Filipina Woman From Snapchat And Sex | Beauty Porn Pics\",\"url\":\"https:\/\/pinay-nudes.com\/\",\"logo\":{\"@type\":\"ImageObject\",\"inLanguage\":\"pl-PL\",\"@id\":\"https:\/\/pinay-nudes.com\/#\/schema\/logo\/image\/\",\"url\":\"https:\/\/pinay-nudes.com\/wp-content\/uploads\/2023\/09\/cropped-cropped-logo2-1.png\",\"contentUrl\":\"https:\/\/pinay-nudes.com\/wp-content\/uploads\/2023\/09\/cropped-cropped-logo2-1.png\",\"width\":512,\"height\":512,\"caption\":\"Nude Filipina Woman From Snapchat And Sex | Beauty Porn Pics \"},\"image\":{\"@id\":\"https:\/\/pinay-nudes.com\/#\/schema\/logo\/image\/\"}}]}<\/script>\n<!-- \/ Yoast SEO plugin. -->","yoast_head_json":{"title":"Roxie Angeles - Nude Filipina Woman From Snapchat And Sex | Beauty Porn Pics","robots":{"index":"index","follow":"follow","max-snippet":"max-snippet:-1","max-image-preview":"max-image-preview:large","max-video-preview":"max-video-preview:-1"},"canonical":"https:\/\/pinay-nudes.com\/pl\/users\/roxie-angeles\/","og_locale":"pl_PL","og_type":"article","og_title":"Roxie Angeles - Nude Filipina Woman From Snapchat And Sex | Beauty Porn Pics","og_description":"Snapchat Nudes Porn Videos Free Content &#8211; Search Usernames Snapchat Nude Teen Girls &#8211; Porn Pussy Videos Snapchat Leaked \u00a0 The best nude gallery and amateur porn videos featuring Filipinas and other Asian women, straight from snapchat. Largest database of amateur videos and scandals with hot Filipinas. Send snaps and sexting with beautiful women wanting&hellip; Dowiedz si\u0119 wi\u0119cej","og_url":"https:\/\/pinay-nudes.com\/pl\/users\/roxie-angeles\/","og_site_name":"Nude Filipina Woman From Snapchat And Sex | Beauty Porn Pics","article_modified_time":"2025-02-19T01:37:38+00:00","og_image":[{"width":768,"height":1365,"url":"https:\/\/pinay-nudes.com\/wp-content\/uploads\/2023\/09\/6-1-768x1365-6.jpg","type":"image\/jpeg"}],"twitter_card":"summary_large_image","twitter_misc":{"Szacowany czas czytania":"3 minuty"},"schema":{"@context":"https:\/\/schema.org","@graph":[{"@type":"WebPage","@id":"https:\/\/pinay-nudes.com\/users\/roxie-angeles\/","url":"https:\/\/pinay-nudes.com\/users\/roxie-angeles\/","name":"Roxie Angeles - Nude Filipina Woman From Snapchat And Sex | Beauty Porn Pics","isPartOf":{"@id":"https:\/\/pinay-nudes.com\/#website"},"primaryImageOfPage":{"@id":"https:\/\/pinay-nudes.com\/users\/roxie-angeles\/#primaryimage"},"image":{"@id":"https:\/\/pinay-nudes.com\/users\/roxie-angeles\/#primaryimage"},"thumbnailUrl":"http:\/\/pinay-nudes.com\/wp-content\/uploads\/2023\/09\/6-1-768x1365-6-576x1024.jpg","datePublished":"2023-09-18T02:55:46+00:00","dateModified":"2025-02-19T01:37:38+00:00","breadcrumb":{"@id":"https:\/\/pinay-nudes.com\/users\/roxie-angeles\/#breadcrumb"},"inLanguage":"pl-PL","potentialAction":[{"@type":"ReadAction","target":["https:\/\/pinay-nudes.com\/users\/roxie-angeles\/"]}]},{"@type":"ImageObject","inLanguage":"pl-PL","@id":"https:\/\/pinay-nudes.com\/users\/roxie-angeles\/#primaryimage","url":"http:\/\/pinay-nudes.com\/wp-content\/uploads\/2023\/09\/6-1-768x1365-6-576x1024.jpg","contentUrl":"http:\/\/pinay-nudes.com\/wp-content\/uploads\/2023\/09\/6-1-768x1365-6-576x1024.jpg"},{"@type":"BreadcrumbList","@id":"https:\/\/pinay-nudes.com\/users\/roxie-angeles\/#breadcrumb","itemListElement":[{"@type":"ListItem","position":1,"name":"Home","item":"https:\/\/pinay-nudes.com\/"},{"@type":"ListItem","position":2,"name":"Our Users","item":"https:\/\/pinay-nudes.com\/users\/"},{"@type":"ListItem","position":3,"name":"Roxie Angeles"}]},{"@type":"WebSite","@id":"https:\/\/pinay-nudes.com\/#website","url":"https:\/\/pinay-nudes.com\/","name":"Nude Filipina Woman From Snapchat And Sex | Beauty Porn Pics","description":"Check our Free Porn Gallery with nude beautiful girls. XXX Naked Porn Pics from Hot Naked Girls from Snapchat and Sex Cams. Best Filipina sexy photos","publisher":{"@id":"https:\/\/pinay-nudes.com\/#organization"},"potentialAction":[{"@type":"SearchAction","target":{"@type":"EntryPoint","urlTemplate":"https:\/\/pinay-nudes.com\/?s={search_term_string}"},"query-input":{"@type":"PropertyValueSpecification","valueRequired":true,"valueName":"search_term_string"}}],"inLanguage":"pl-PL"},{"@type":"Organization","@id":"https:\/\/pinay-nudes.com\/#organization","name":"Nude Filipina Woman From Snapchat And Sex | Beauty Porn Pics","url":"https:\/\/pinay-nudes.com\/","logo":{"@type":"ImageObject","inLanguage":"pl-PL","@id":"https:\/\/pinay-nudes.com\/#\/schema\/logo\/image\/","url":"https:\/\/pinay-nudes.com\/wp-content\/uploads\/2023\/09\/cropped-cropped-logo2-1.png","contentUrl":"https:\/\/pinay-nudes.com\/wp-content\/uploads\/2023\/09\/cropped-cropped-logo2-1.png","width":512,"height":512,"caption":"Nude Filipina Woman From Snapchat And Sex | Beauty Porn Pics "},"image":{"@id":"https:\/\/pinay-nudes.com\/#\/schema\/logo\/image\/"}}]}},"_links":{"self":[{"href":"https:\/\/pinay-nudes.com\/pl\/wp-json\/wp\/v2\/pages\/275","targetHints":{"allow":["GET"]}}],"collection":[{"href":"https:\/\/pinay-nudes.com\/pl\/wp-json\/wp\/v2\/pages"}],"about":[{"href":"https:\/\/pinay-nudes.com\/pl\/wp-json\/wp\/v2\/types\/page"}],"author":[{"embeddable":true,"href":"https:\/\/pinay-nudes.com\/pl\/wp-json\/wp\/v2\/users\/1"}],"replies":[{"embeddable":true,"href":"https:\/\/pinay-nudes.com\/pl\/wp-json\/wp\/v2\/comments?post=275"}],"version-history":[{"count":46,"href":"https:\/\/pinay-nudes.com\/pl\/wp-json\/wp\/v2\/pages\/275\/revisions"}],"predecessor-version":[{"id":2425,"href":"https:\/\/pinay-nudes.com\/pl\/wp-json\/wp\/v2\/pages\/275\/revisions\/2425"}],"up":[{"embeddable":true,"href":"https:\/\/pinay-nudes.com\/pl\/wp-json\/wp\/v2\/pages\/42"}],"wp:attachment":[{"href":"https:\/\/pinay-nudes.com\/pl\/wp-json\/wp\/v2\/media?parent=275"}],"curies":[{"name":"wp","href":"https:\/\/api.w.org\/{rel}","templated":true}]}}