{"id":751,"date":"2023-10-02T22:31:46","date_gmt":"2023-10-02T21:31:46","guid":{"rendered":"https:\/\/pinay-nudes.com\/?page_id=751"},"modified":"2025-02-19T01:38:51","modified_gmt":"2025-02-19T01:38:51","slug":"analyn-elnido","status":"publish","type":"page","link":"https:\/\/pinay-nudes.com\/nb\/users\/analyn-elnido\/","title":{"rendered":"Analyn El Nido"},"content":{"rendered":"<div data-elementor-type=\"wp-page\" data-elementor-id=\"751\" class=\"elementor elementor-751\">\n\t\t\t\t<div class=\"elementor-element elementor-element-7e1f974 e-flex e-con-boxed e-con e-parent\" data-id=\"7e1f974\" data-element_type=\"container\">\n\t\t\t\t\t<div class=\"e-con-inner\">\n\t\t\t\t<div class=\"elementor-element elementor-element-125cc8c elementor-widget elementor-widget-text-editor\" data-id=\"125cc8c\" data-element_type=\"widget\" data-widget_type=\"text-editor.default\">\n\t\t\t\t<div class=\"elementor-widget-container\">\n\t\t\t\t\t\t\t\t\t<center><h1>Beste Onlyfans naken pornovideoer, gratis naken Onlyfans porno lekkasjer<\/h1><\/center>\t\t\t\t\t\t\t\t<\/div>\n\t\t\t\t<\/div>\n\t\t\t\t\t<\/div>\n\t\t\t\t<\/div>\n\t\t<div class=\"elementor-element elementor-element-7b89027 e-flex e-con-boxed e-con e-parent\" data-id=\"7b89027\" data-element_type=\"container\">\n\t\t\t\t\t<div class=\"e-con-inner\">\n\t\t\t\t<div class=\"elementor-element elementor-element-7568a4c elementor-widget elementor-widget-text-editor\" data-id=\"7568a4c\" data-element_type=\"widget\" data-widget_type=\"text-editor.default\">\n\t\t\t\t<div class=\"elementor-widget-container\">\n\t\t\t\t\t\t\t\t\t<h2>Onlyfans-modeller, nakne Onlyfans-jenter\u00a0<\/h2><p>Velkommen til Pinay-nudes.com. Her finner du det st\u00f8rste galleriet med pornobilder og videoer med Onlyfans og Fansly-modeller. Vi har forberedt for deg private Snapchat-kontoer for jentene og tillatt deg \u00e5 kontakte hver av dem. For \u00e5 f\u00e5 tilgang til hele galleriet med XXX-videoer og bilder, m\u00e5 du registrere deg. Det er helt gratis, og alt du trenger \u00e5 gj\u00f8re er \u00e5 oppgi kallenavn og e-postadresse. Ingen kredittkortinformasjon kreves.<\/p><p>Bla gjennom profiler av modeller som str\u00f8mmer p\u00e5 Twitch, Kick og andre popul\u00e6re plattformer som Tinder og Bumble. Hver jentes snap-konto er helt autentisk, slik at du kan sende tekstmeldinger og nakenbilder til henne helt gratis. Etter registrering har du ogs\u00e5 muligheten til \u00e5 laste opp bilder og videoer for \u00e5 forst\u00f8rre galleriet v\u00e5rt.<\/p>\t\t\t\t\t\t\t\t<\/div>\n\t\t\t\t<\/div>\n\t\t\t\t\t<\/div>\n\t\t\t\t<\/div>\n\t\t<div class=\"elementor-element elementor-element-3da574c e-con-full e-flex e-con e-parent\" data-id=\"3da574c\" data-element_type=\"container\">\n\t\t<div class=\"elementor-element elementor-element-a53a440 e-con-full e-flex e-con e-child\" data-id=\"a53a440\" data-element_type=\"container\">\n\t\t\t\t<div class=\"elementor-element elementor-element-3d6b382 elementor-widget elementor-widget-image\" data-id=\"3d6b382\" data-element_type=\"widget\" data-widget_type=\"image.default\">\n\t\t\t\t<div class=\"elementor-widget-container\">\n\t\t\t\t\t\t\t\t\t\t\t\t\t\t\t<img fetchpriority=\"high\" decoding=\"async\" width=\"640\" height=\"723\" src=\"https:\/\/pinay-nudes.com\/wp-content\/uploads\/2023\/10\/mdajnrmskzf71.webp\" class=\"attachment-large size-large wp-image-760\" alt=\"\" srcset=\"https:\/\/pinay-nudes.com\/wp-content\/uploads\/2023\/10\/mdajnrmskzf71.webp 640w, https:\/\/pinay-nudes.com\/wp-content\/uploads\/2023\/10\/mdajnrmskzf71-266x300.webp 266w\" sizes=\"(max-width: 640px) 100vw, 640px\" \/>\t\t\t\t\t\t\t\t\t\t\t\t\t\t\t<\/div>\n\t\t\t\t<\/div>\n\t\t\t\t<\/div>\n\t\t<div class=\"elementor-element elementor-element-ced765f e-con-full e-flex e-con e-child\" data-id=\"ced765f\" data-element_type=\"container\">\n\t\t\t\t<div class=\"elementor-element elementor-element-9dc9a9f elementor-widget elementor-widget-heading\" data-id=\"9dc9a9f\" data-element_type=\"widget\" data-widget_type=\"heading.default\">\n\t\t\t\t<div class=\"elementor-widget-container\">\n\t\t\t\t\t<h2 class=\"elementor-heading-title elementor-size-default\">Analyn, El Nido<\/h2>\t\t\t\t<\/div>\n\t\t\t\t<\/div>\n\t\t\t\t<div class=\"elementor-element elementor-element-b01de05 elementor-widget elementor-widget-text-editor\" data-id=\"b01de05\" data-element_type=\"widget\" data-widget_type=\"text-editor.default\">\n\t\t\t\t<div class=\"elementor-widget-container\">\n\t\t\t\t\t\t\t\t\t<p>Hei, jeg er fra Filippinene fra El Nido, jeg har tre yngre s\u00f8stre som studerer og som jeg hjelper \u00f8konomisk p\u00e5 skolen. Jeg elsker hunder og \u00e5 sv\u00f8mme i havet. Jeg er p\u00e5 utkikk etter en fyr for et kort eller langsiktig forhold.<\/p>\t\t\t\t\t\t\t\t<\/div>\n\t\t\t\t<\/div>\n\t\t\t\t<div class=\"elementor-element elementor-element-39f7c13 elementor-shape-rounded elementor-grid-0 e-grid-align-center elementor-widget elementor-widget-social-icons\" data-id=\"39f7c13\" data-element_type=\"widget\" data-widget_type=\"social-icons.default\">\n\t\t\t\t<div class=\"elementor-widget-container\">\n\t\t\t\t\t\t\t<div class=\"elementor-social-icons-wrapper elementor-grid\">\n\t\t\t\t\t\t\t<span class=\"elementor-grid-item\">\n\t\t\t\t\t<a class=\"elementor-icon elementor-social-icon elementor-social-icon-facebook elementor-repeater-item-966ee37\" href=\"https:\/\/pinay-nudes.com\/nb\/cb\/register\/\" target=\"_blank\">\n\t\t\t\t\t\t<span class=\"elementor-screen-only\">Facebook<\/span>\n\t\t\t\t\t\t<i class=\"fab fa-facebook\"><\/i>\t\t\t\t\t<\/a>\n\t\t\t\t<\/span>\n\t\t\t\t\t\t\t<span class=\"elementor-grid-item\">\n\t\t\t\t\t<a class=\"elementor-icon elementor-social-icon elementor-social-icon-instagram elementor-repeater-item-47b44c9\" href=\"https:\/\/pinay-nudes.com\/nb\/nk\/register\/\" target=\"_blank\">\n\t\t\t\t\t\t<span class=\"elementor-screen-only\">Instagram<\/span>\n\t\t\t\t\t\t<i class=\"fab fa-instagram\"><\/i>\t\t\t\t\t<\/a>\n\t\t\t\t<\/span>\n\t\t\t\t\t\t\t<span class=\"elementor-grid-item\">\n\t\t\t\t\t<a class=\"elementor-icon elementor-social-icon elementor-social-icon-snapchat elementor-repeater-item-a214105\" href=\"https:\/\/pinay-nudes.com\/nb\/cb\/register\/\" target=\"_blank\">\n\t\t\t\t\t\t<span class=\"elementor-screen-only\">Snapchat<\/span>\n\t\t\t\t\t\t<i class=\"fab fa-snapchat\"><\/i>\t\t\t\t\t<\/a>\n\t\t\t\t<\/span>\n\t\t\t\t\t<\/div>\n\t\t\t\t\t\t<\/div>\n\t\t\t\t<\/div>\n\t\t\t\t<div class=\"elementor-element elementor-element-53229be elementor-invisible elementor-widget elementor-widget-text-editor\" data-id=\"53229be\" data-element_type=\"widget\" data-settings=\"{&quot;_animation&quot;:&quot;jello&quot;}\" data-widget_type=\"text-editor.default\">\n\t\t\t\t<div class=\"elementor-widget-container\">\n\t\t\t\t\t\t\t\t\t<p><strong>16,127<\/strong><\/p>\t\t\t\t\t\t\t\t<\/div>\n\t\t\t\t<\/div>\n\t\t\t\t<div class=\"elementor-element elementor-element-00884b4 elementor-widget elementor-widget-text-editor\" data-id=\"00884b4\" data-element_type=\"widget\" data-widget_type=\"text-editor.default\">\n\t\t\t\t<div class=\"elementor-widget-container\">\n\t\t\t\t\t\t\t\t\t<p>F\u00f8lgere<\/p>\t\t\t\t\t\t\t\t<\/div>\n\t\t\t\t<\/div>\n\t\t\t\t<div class=\"elementor-element elementor-element-aa0dad9 elementor-widget elementor-widget-text-editor\" data-id=\"aa0dad9\" data-element_type=\"widget\" data-widget_type=\"text-editor.default\">\n\t\t\t\t<div class=\"elementor-widget-container\">\n\t\t\t\t\t\t\t\t\t<p><strong>Jeg er online!<\/strong><\/p><p>Gjennomsnittlig responstid 5-15 minutter<\/p>\t\t\t\t\t\t\t\t<\/div>\n\t\t\t\t<\/div>\n\t\t\t\t<div class=\"elementor-element elementor-element-7cccf79 elementor-align-center elementor-widget elementor-widget-button\" data-id=\"7cccf79\" data-element_type=\"widget\" data-widget_type=\"button.default\">\n\t\t\t\t<div class=\"elementor-widget-container\">\n\t\t\t\t\t\t\t\t\t<div class=\"elementor-button-wrapper\">\n\t\t\t\t\t<a class=\"elementor-button elementor-button-link elementor-size-sm\" href=\"https:\/\/pinay-nudes.com\/nb\/nk1\/register\/\">\n\t\t\t\t\t\t<span class=\"elementor-button-content-wrapper\">\n\t\t\t\t\t\t\t\t\t<span class=\"elementor-button-text\">Kontakt med meg<\/span>\n\t\t\t\t\t<\/span>\n\t\t\t\t\t<\/a>\n\t\t\t\t<\/div>\n\t\t\t\t\t\t\t\t<\/div>\n\t\t\t\t<\/div>\n\t\t\t\t<div class=\"elementor-element elementor-element-73edd4d elementor-star-rating--align-center elementor--star-style-star_fontawesome elementor-widget elementor-widget-star-rating\" data-id=\"73edd4d\" data-element_type=\"widget\" data-widget_type=\"star-rating.default\">\n\t\t\t\t<div class=\"elementor-widget-container\">\n\t\t\t\t\t\n\t\t<div class=\"elementor-star-rating__wrapper\">\n\t\t\t\t\t\t\t<div class=\"elementor-star-rating__title\">Profilanmeldelse:<\/div>\n\t\t\t\t\t\t<div class=\"elementor-star-rating\" title=\"4.3\/5\" itemtype=\"http:\/\/schema.org\/Rating\" itemscope=\"\" itemprop=\"reviewRating\"><i class=\"elementor-star-full\">&#xE934;<\/i><i class=\"elementor-star-full\">&#xE934;<\/i><i class=\"elementor-star-full\">&#xE934;<\/i><i class=\"elementor-star-full\">&#xE934;<\/i><i class=\"elementor-star-3\">&#xE934;<\/i> <span itemprop=\"ratingValue\" class=\"elementor-screen-only\">4.3\/5<\/span><\/div>\t\t<\/div>\n\t\t\t\t\t\t<\/div>\n\t\t\t\t<\/div>\n\t\t\t\t<\/div>\n\t\t\t\t<\/div>\n\t\t<div class=\"elementor-element elementor-element-1326873 e-flex e-con-boxed e-con e-parent\" data-id=\"1326873\" data-element_type=\"container\">\n\t\t\t\t\t<div class=\"e-con-inner\">\n\t\t\t\t<div class=\"elementor-element elementor-element-4fd507f elementor-widget elementor-widget-image\" data-id=\"4fd507f\" data-element_type=\"widget\" data-widget_type=\"image.default\">\n\t\t\t\t<div class=\"elementor-widget-container\">\n\t\t\t\t\t\t\t\t\t\t\t\t\t\t\t\t<a href=\"https:\/\/pinay-nudes.com\/nb\/go\/chaturbate\/\">\n\t\t\t\t\t\t\t<img decoding=\"async\" width=\"728\" height=\"90\" src=\"https:\/\/pinay-nudes.com\/wp-content\/uploads\/2023\/09\/CB-728-2.jpg\" class=\"attachment-large size-large wp-image-449\" alt=\"\" srcset=\"https:\/\/pinay-nudes.com\/wp-content\/uploads\/2023\/09\/CB-728-2.jpg 728w, https:\/\/pinay-nudes.com\/wp-content\/uploads\/2023\/09\/CB-728-2-300x37.jpg 300w\" sizes=\"(max-width: 728px) 100vw, 728px\" \/>\t\t\t\t\t\t\t\t<\/a>\n\t\t\t\t\t\t\t\t\t\t\t\t\t\t\t<\/div>\n\t\t\t\t<\/div>\n\t\t\t\t\t<\/div>\n\t\t\t\t<\/div>\n\t\t<div class=\"elementor-element elementor-element-fde5c42 e-flex e-con-boxed e-con e-parent\" data-id=\"fde5c42\" data-element_type=\"container\">\n\t\t\t\t\t<div class=\"e-con-inner\">\n\t\t\t\t<div class=\"elementor-element elementor-element-0b42ab3 elementor-widget elementor-widget-text-editor\" data-id=\"0b42ab3\" data-element_type=\"widget\" data-widget_type=\"text-editor.default\">\n\t\t\t\t<div class=\"elementor-widget-container\">\n\t\t\t\t\t\t\t\t\t<h2>Onlyfans nakenvideoer, Pornostjerner naken Onlyfans-kontoer fra 2024<\/h2>\n<p>I galleriet v\u00e5rt fokuserer vi hovedsakelig p\u00e5 asiatiske kvinner som opptrer p\u00e5 sexcams eller driver sine egne onlyfans. Her finner du b\u00e5de pornostjerner og amat\u00f8rer som viser fitta si p\u00e5 bilder, eller bare sexy jenter fra Tinder eller Bumble. Sjekk hvordan jenter fra Tiktok gj\u00f8r Blowjob eller analsex. V\u00e5r nettside har beste asiatiske Sluts med store pupper. Alt hva du liker, vi har ten\u00e5ringsjenter og milf sex tapes. De beste gratis Onlyfans lekkasjer med sprut. Creampie Premium-innhold og eksklusivt innhold fra Internett-kyllinger du f\u00e5r her gratis.<\/p>\n<p><\/p>\n<h2>De beste jentene fra sexkameraer og datingapper, sexy asiatiske t\u00f8yter nakne<\/h2>\n<p>Usensurerte onanerende jenter fra Tinder og andre datingapper. F\u00e5 full tilgang til en samling av Cosplay-jenter eller jenter som kler av seg p\u00e5 online sexkameraer. Milfs som elsker \u00e5 bruke dildoen sin fordi de er t\u00f8rste etter pikken din. Asias mest sexy t\u00f8yter, private fotogallerier fra deres snap- eller nettkameraer. Nakne kjente influencere og amat\u00f8rporno fra Onlyfans-skapere. Gratis porno av innholdsskapere fra Snapchat og datingapper. Erotisk innhold av cosplayer helt gratis. F\u00e5 tilgang, snakk med Gamer Girls og sjekk deres nakenbilder xxx innhold.<\/p>\n<p><\/p>\n<h2>Amat\u00f8ropptak, bilder og videoer av anale leker fra Cam Girls<\/h2>\n<p>Amat\u00f8rbilder og -videoer fra private Onlyfans-sider med jenter. Ingen abonnementsavgift. Nytt gratis innhold og Onlyfans-videoer. Sjekk hvordan streamere gj\u00f8r blowjobs. Inviter jenter p\u00e5 en date p\u00e5 kino, til middag eller bare for het, krydret sex p\u00e5 hotellet eller i leiligheten din. De mest sexy filipinas venter p\u00e5 \u00e5 m\u00f8te deg og ta imot pikken din i rumpa. Fullstendige nakenbilder og Onlyfans Sex Tapes.&nbsp;<\/p>\n<p>De beste sexterapeutene du kan finne p\u00e5 internett er v\u00e5re brukere. De legger ut t\u00f8ffe nakenbilder og videoer her slik at du kan onanere. Du kan be jentene om privat innhold spesielt for deg, eller bare skrive med dem og gj\u00f8re avtaler. Unge asiatiske jenter, og spesielt fokuserte vi p\u00e5 filippinere, venter bare p\u00e5 at du skal knulle dem. F\u00e5 deres skitneste vid sextape og se deres nakne kropp.<\/p>\n<p><\/p>\n<h2>M\u00f8t jenter fra Palawan, El Nido, Filippinene og knull dem<\/h2>\n<p>Filippinske El nido-jenter fra \u00f8ya Palawan venter p\u00e5 \u00e5 treffe deg og ha det g\u00f8y. Inviter dem hjem til deg og spander en drink, s\u00e5 skal du se hvor mye de vil spre beina for deg. Disse kvinnene elsker \u00e5 knulle hardt etter en kveld ute. Ikke vent og registrer deg hos oss p\u00e5 nettstedet uten \u00e5 oppgi betalingskort- eller PayPal-detaljer. Alt materialet er tilgjengelig helt gratis, og det er opp til deg om du vil sende jenta et tips.<\/p>\n<p><\/p>\n<h2>Pornhub-innhold, Sex Tape Onlyfans med h\u00e5rete fitte, seksuelt eksplisitt innhold<\/h2>\n<p>Du finner det beste vokseninnholdet p\u00e5 nettstedet v\u00e5rt. Private Snap-kontoer til kjente pornoskuespillerinner og lekkede bilder og videoer fra onlyfans. Det er alt du trenger for \u00e5 v\u00e6re helt lykkelig. Bli hos oss i lang tid, og vi lover. Du vil ikke bli skuffet, og du vil finne en jente her som vil gi deg dr\u00f8mmenes blowjob. Legg til bildene og videoene dine som favoritt. Sjekk wild side eller nettstedet v\u00e5rt og se v\u00e5re pornofilmer fra sosiale mediestjerner helt gratis.<\/p>\t\t\t\t\t\t\t\t<\/div>\n\t\t\t\t<\/div>\n\t\t\t\t\t<\/div>\n\t\t\t\t<\/div>\n\t\t\t\t<\/div>","protected":false},"excerpt":{"rendered":"<p>Best Onlyfans Nude Porn Videos, Free Nude Onlyfans Porn Leaks Onlyfans Models, Nude Onlyfans Girls\u00a0 Welcome to Pinay-nudes.com. Here you will find the largest gallery of porn photos and videos with Onlyfans and Fansly models. We have prepared for you private Snapchat accounts for the girls and allowed you to contact each of them. To&hellip; <br \/> <a class=\"read-more\" href=\"https:\/\/pinay-nudes.com\/nb\/users\/analyn-elnido\/\">Read more<\/a><\/p>","protected":false},"author":1,"featured_media":0,"parent":42,"menu_order":0,"comment_status":"closed","ping_status":"closed","template":"page-templates\/homepage.php","meta":{"_monsterinsights_skip_tracking":false,"_monsterinsights_sitenote_active":false,"_monsterinsights_sitenote_note":"","_monsterinsights_sitenote_category":0,"footnotes":""},"class_list":["post-751","page","type-page","status-publish","hentry"],"aioseo_notices":[],"yoast_head":"<!-- This site is optimized with the Yoast SEO plugin v24.4 - https:\/\/yoast.com\/wordpress\/plugins\/seo\/ -->\n<title>Nudes Onlyfans | Onlyfans Nude Porn Videos 2023 - Analyn<\/title>\n<meta name=\"description\" content=\"Onlyfans Nude Porn Videos. Watch, add nude girls From Onlyfans, Fansly, Tiktok and Twitch. Best Colletion of naked photos, videos from teens.\" \/>\n<meta name=\"robots\" content=\"index, follow, max-snippet:-1, max-image-preview:large, max-video-preview:-1\" \/>\n<link rel=\"canonical\" href=\"https:\/\/pinay-nudes.com\/nb\/users\/analyn-elnido\/\" \/>\n<meta property=\"og:locale\" content=\"nb_NO\" \/>\n<meta property=\"og:type\" content=\"article\" \/>\n<meta property=\"og:title\" content=\"Nudes Onlyfans | Onlyfans Nude Porn Videos 2023 - Analyn\" \/>\n<meta property=\"og:description\" content=\"Onlyfans Nude Porn Videos. Watch, add nude girls From Onlyfans, Fansly, Tiktok and Twitch. Best Colletion of naked photos, videos from teens.\" \/>\n<meta property=\"og:url\" content=\"https:\/\/pinay-nudes.com\/nb\/users\/analyn-elnido\/\" \/>\n<meta property=\"og:site_name\" content=\"Nude Filipina Woman From Snapchat And Sex | Beauty Porn Pics\" \/>\n<meta property=\"article:modified_time\" content=\"2025-02-19T01:38:51+00:00\" \/>\n<meta property=\"og:image\" content=\"https:\/\/pinay-nudes.com\/wp-content\/uploads\/2023\/10\/mdajnrmskzf71.webp\" \/>\n\t<meta property=\"og:image:width\" content=\"640\" \/>\n\t<meta property=\"og:image:height\" content=\"723\" \/>\n\t<meta property=\"og:image:type\" content=\"image\/webp\" \/>\n<meta name=\"twitter:card\" content=\"summary_large_image\" \/>\n<meta name=\"twitter:label1\" content=\"Ansl. lesetid\" \/>\n\t<meta name=\"twitter:data1\" content=\"4 minutter\" \/>\n<script type=\"application\/ld+json\" class=\"yoast-schema-graph\">{\"@context\":\"https:\/\/schema.org\",\"@graph\":[{\"@type\":\"WebPage\",\"@id\":\"https:\/\/pinay-nudes.com\/users\/analyn-elnido\/\",\"url\":\"https:\/\/pinay-nudes.com\/users\/analyn-elnido\/\",\"name\":\"Nudes Onlyfans | Onlyfans Nude Porn Videos 2023 - Analyn\",\"isPartOf\":{\"@id\":\"https:\/\/pinay-nudes.com\/#website\"},\"primaryImageOfPage\":{\"@id\":\"https:\/\/pinay-nudes.com\/users\/analyn-elnido\/#primaryimage\"},\"image\":{\"@id\":\"https:\/\/pinay-nudes.com\/users\/analyn-elnido\/#primaryimage\"},\"thumbnailUrl\":\"http:\/\/pinay-nudes.com\/wp-content\/uploads\/2023\/10\/mdajnrmskzf71.webp\",\"datePublished\":\"2023-10-02T21:31:46+00:00\",\"dateModified\":\"2025-02-19T01:38:51+00:00\",\"description\":\"Onlyfans Nude Porn Videos. Watch, add nude girls From Onlyfans, Fansly, Tiktok and Twitch. Best Colletion of naked photos, videos from teens.\",\"breadcrumb\":{\"@id\":\"https:\/\/pinay-nudes.com\/users\/analyn-elnido\/#breadcrumb\"},\"inLanguage\":\"nb-NO\",\"potentialAction\":[{\"@type\":\"ReadAction\",\"target\":[\"https:\/\/pinay-nudes.com\/users\/analyn-elnido\/\"]}]},{\"@type\":\"ImageObject\",\"inLanguage\":\"nb-NO\",\"@id\":\"https:\/\/pinay-nudes.com\/users\/analyn-elnido\/#primaryimage\",\"url\":\"http:\/\/pinay-nudes.com\/wp-content\/uploads\/2023\/10\/mdajnrmskzf71.webp\",\"contentUrl\":\"http:\/\/pinay-nudes.com\/wp-content\/uploads\/2023\/10\/mdajnrmskzf71.webp\"},{\"@type\":\"BreadcrumbList\",\"@id\":\"https:\/\/pinay-nudes.com\/users\/analyn-elnido\/#breadcrumb\",\"itemListElement\":[{\"@type\":\"ListItem\",\"position\":1,\"name\":\"Home\",\"item\":\"https:\/\/pinay-nudes.com\/\"},{\"@type\":\"ListItem\",\"position\":2,\"name\":\"Our Users\",\"item\":\"https:\/\/pinay-nudes.com\/users\/\"},{\"@type\":\"ListItem\",\"position\":3,\"name\":\"Analyn El Nido\"}]},{\"@type\":\"WebSite\",\"@id\":\"https:\/\/pinay-nudes.com\/#website\",\"url\":\"https:\/\/pinay-nudes.com\/\",\"name\":\"Nude Filipina Woman From Snapchat And Sex | Beauty Porn Pics\",\"description\":\"Check our Free Porn Gallery with nude beautiful girls. XXX Naked Porn Pics from Hot Naked Girls from Snapchat and Sex Cams. Best Filipina sexy photos\",\"publisher\":{\"@id\":\"https:\/\/pinay-nudes.com\/#organization\"},\"potentialAction\":[{\"@type\":\"SearchAction\",\"target\":{\"@type\":\"EntryPoint\",\"urlTemplate\":\"https:\/\/pinay-nudes.com\/?s={search_term_string}\"},\"query-input\":{\"@type\":\"PropertyValueSpecification\",\"valueRequired\":true,\"valueName\":\"search_term_string\"}}],\"inLanguage\":\"nb-NO\"},{\"@type\":\"Organization\",\"@id\":\"https:\/\/pinay-nudes.com\/#organization\",\"name\":\"Nude Filipina Woman From Snapchat And Sex | Beauty Porn Pics\",\"url\":\"https:\/\/pinay-nudes.com\/\",\"logo\":{\"@type\":\"ImageObject\",\"inLanguage\":\"nb-NO\",\"@id\":\"https:\/\/pinay-nudes.com\/#\/schema\/logo\/image\/\",\"url\":\"https:\/\/pinay-nudes.com\/wp-content\/uploads\/2023\/09\/cropped-cropped-logo2-1.png\",\"contentUrl\":\"https:\/\/pinay-nudes.com\/wp-content\/uploads\/2023\/09\/cropped-cropped-logo2-1.png\",\"width\":512,\"height\":512,\"caption\":\"Nude Filipina Woman From Snapchat And Sex | Beauty Porn Pics \"},\"image\":{\"@id\":\"https:\/\/pinay-nudes.com\/#\/schema\/logo\/image\/\"}}]}<\/script>\n<!-- \/ Yoast SEO plugin. -->","yoast_head_json":{"title":"Nudes Onlyfans | Onlyfans Nude Porn Videos 2023 - Analyn","description":"Onlyfans Nude Porn Videos. Watch, add nude girls From Onlyfans, Fansly, Tiktok and Twitch. Best Colletion of naked photos, videos from teens.","robots":{"index":"index","follow":"follow","max-snippet":"max-snippet:-1","max-image-preview":"max-image-preview:large","max-video-preview":"max-video-preview:-1"},"canonical":"https:\/\/pinay-nudes.com\/nb\/users\/analyn-elnido\/","og_locale":"nb_NO","og_type":"article","og_title":"Nudes Onlyfans | Onlyfans Nude Porn Videos 2023 - Analyn","og_description":"Onlyfans Nude Porn Videos. Watch, add nude girls From Onlyfans, Fansly, Tiktok and Twitch. Best Colletion of naked photos, videos from teens.","og_url":"https:\/\/pinay-nudes.com\/nb\/users\/analyn-elnido\/","og_site_name":"Nude Filipina Woman From Snapchat And Sex | Beauty Porn Pics","article_modified_time":"2025-02-19T01:38:51+00:00","og_image":[{"width":640,"height":723,"url":"https:\/\/pinay-nudes.com\/wp-content\/uploads\/2023\/10\/mdajnrmskzf71.webp","type":"image\/webp"}],"twitter_card":"summary_large_image","twitter_misc":{"Ansl. lesetid":"4 minutter"},"schema":{"@context":"https:\/\/schema.org","@graph":[{"@type":"WebPage","@id":"https:\/\/pinay-nudes.com\/users\/analyn-elnido\/","url":"https:\/\/pinay-nudes.com\/users\/analyn-elnido\/","name":"Nudes Onlyfans | Onlyfans Nude Porn Videos 2023 - Analyn","isPartOf":{"@id":"https:\/\/pinay-nudes.com\/#website"},"primaryImageOfPage":{"@id":"https:\/\/pinay-nudes.com\/users\/analyn-elnido\/#primaryimage"},"image":{"@id":"https:\/\/pinay-nudes.com\/users\/analyn-elnido\/#primaryimage"},"thumbnailUrl":"http:\/\/pinay-nudes.com\/wp-content\/uploads\/2023\/10\/mdajnrmskzf71.webp","datePublished":"2023-10-02T21:31:46+00:00","dateModified":"2025-02-19T01:38:51+00:00","description":"Onlyfans Nude Porn Videos. Watch, add nude girls From Onlyfans, Fansly, Tiktok and Twitch. Best Colletion of naked photos, videos from teens.","breadcrumb":{"@id":"https:\/\/pinay-nudes.com\/users\/analyn-elnido\/#breadcrumb"},"inLanguage":"nb-NO","potentialAction":[{"@type":"ReadAction","target":["https:\/\/pinay-nudes.com\/users\/analyn-elnido\/"]}]},{"@type":"ImageObject","inLanguage":"nb-NO","@id":"https:\/\/pinay-nudes.com\/users\/analyn-elnido\/#primaryimage","url":"http:\/\/pinay-nudes.com\/wp-content\/uploads\/2023\/10\/mdajnrmskzf71.webp","contentUrl":"http:\/\/pinay-nudes.com\/wp-content\/uploads\/2023\/10\/mdajnrmskzf71.webp"},{"@type":"BreadcrumbList","@id":"https:\/\/pinay-nudes.com\/users\/analyn-elnido\/#breadcrumb","itemListElement":[{"@type":"ListItem","position":1,"name":"Home","item":"https:\/\/pinay-nudes.com\/"},{"@type":"ListItem","position":2,"name":"Our Users","item":"https:\/\/pinay-nudes.com\/users\/"},{"@type":"ListItem","position":3,"name":"Analyn El Nido"}]},{"@type":"WebSite","@id":"https:\/\/pinay-nudes.com\/#website","url":"https:\/\/pinay-nudes.com\/","name":"Nude Filipina Woman From Snapchat And Sex | Beauty Porn Pics","description":"Check our Free Porn Gallery with nude beautiful girls. XXX Naked Porn Pics from Hot Naked Girls from Snapchat and Sex Cams. Best Filipina sexy photos","publisher":{"@id":"https:\/\/pinay-nudes.com\/#organization"},"potentialAction":[{"@type":"SearchAction","target":{"@type":"EntryPoint","urlTemplate":"https:\/\/pinay-nudes.com\/?s={search_term_string}"},"query-input":{"@type":"PropertyValueSpecification","valueRequired":true,"valueName":"search_term_string"}}],"inLanguage":"nb-NO"},{"@type":"Organization","@id":"https:\/\/pinay-nudes.com\/#organization","name":"Nude Filipina Woman From Snapchat And Sex | Beauty Porn Pics","url":"https:\/\/pinay-nudes.com\/","logo":{"@type":"ImageObject","inLanguage":"nb-NO","@id":"https:\/\/pinay-nudes.com\/#\/schema\/logo\/image\/","url":"https:\/\/pinay-nudes.com\/wp-content\/uploads\/2023\/09\/cropped-cropped-logo2-1.png","contentUrl":"https:\/\/pinay-nudes.com\/wp-content\/uploads\/2023\/09\/cropped-cropped-logo2-1.png","width":512,"height":512,"caption":"Nude Filipina Woman From Snapchat And Sex | Beauty Porn Pics "},"image":{"@id":"https:\/\/pinay-nudes.com\/#\/schema\/logo\/image\/"}}]}},"_links":{"self":[{"href":"https:\/\/pinay-nudes.com\/nb\/wp-json\/wp\/v2\/pages\/751","targetHints":{"allow":["GET"]}}],"collection":[{"href":"https:\/\/pinay-nudes.com\/nb\/wp-json\/wp\/v2\/pages"}],"about":[{"href":"https:\/\/pinay-nudes.com\/nb\/wp-json\/wp\/v2\/types\/page"}],"author":[{"embeddable":true,"href":"https:\/\/pinay-nudes.com\/nb\/wp-json\/wp\/v2\/users\/1"}],"replies":[{"embeddable":true,"href":"https:\/\/pinay-nudes.com\/nb\/wp-json\/wp\/v2\/comments?post=751"}],"version-history":[{"count":29,"href":"https:\/\/pinay-nudes.com\/nb\/wp-json\/wp\/v2\/pages\/751\/revisions"}],"predecessor-version":[{"id":2434,"href":"https:\/\/pinay-nudes.com\/nb\/wp-json\/wp\/v2\/pages\/751\/revisions\/2434"}],"up":[{"embeddable":true,"href":"https:\/\/pinay-nudes.com\/nb\/wp-json\/wp\/v2\/pages\/42"}],"wp:attachment":[{"href":"https:\/\/pinay-nudes.com\/nb\/wp-json\/wp\/v2\/media?parent=751"}],"curies":[{"name":"wp","href":"https:\/\/api.w.org\/{rel}","templated":true}]}}