{"id":273,"date":"2023-09-18T03:55:46","date_gmt":"2023-09-18T02:55:46","guid":{"rendered":"https:\/\/pinay-nudes.com\/?page_id=273"},"modified":"2025-02-19T01:38:06","modified_gmt":"2025-02-19T01:38:06","slug":"cherry-dumaguete","status":"publish","type":"page","link":"https:\/\/pinay-nudes.com\/nb\/users\/cherry-dumaguete\/","title":{"rendered":"Cherry Dumaguete"},"content":{"rendered":"<div data-elementor-type=\"wp-page\" data-elementor-id=\"273\" class=\"elementor elementor-273\">\n\t\t\t\t<div class=\"elementor-element elementor-element-4879707 e-flex e-con-boxed e-con e-parent\" data-id=\"4879707\" data-element_type=\"container\">\n\t\t\t\t\t<div class=\"e-con-inner\">\n\t\t\t\t<div class=\"elementor-element elementor-element-77febf2 elementor-widget elementor-widget-text-editor\" data-id=\"77febf2\" data-element_type=\"widget\" data-widget_type=\"text-editor.default\">\n\t\t\t\t<div class=\"elementor-widget-container\">\n\t\t\t\t\t\t\t\t\t<center><h1>Onlyfans Lekkasje Pornovideoer, Gratis Onlyfans Porn Tube XXX Bilder, Asiatiske jenter fra OF og Fansly<\/h1><\/center>\t\t\t\t\t\t\t\t<\/div>\n\t\t\t\t<\/div>\n\t\t\t\t\t<\/div>\n\t\t\t\t<\/div>\n\t\t<div class=\"elementor-element elementor-element-90d6f78 e-flex e-con-boxed e-con e-parent\" data-id=\"90d6f78\" data-element_type=\"container\">\n\t\t\t\t\t<div class=\"e-con-inner\">\n\t\t\t\t<div class=\"elementor-element elementor-element-512d15c elementor-widget elementor-widget-text-editor\" data-id=\"512d15c\" data-element_type=\"widget\" data-widget_type=\"text-editor.default\">\n\t\t\t\t<div class=\"elementor-widget-container\">\n\t\t\t\t\t\t\t\t\t<h2>Onlyfans lekket videoer, tilgang til pornoside med jenter fra Snapchat og Fansly<\/h2><p>De beste amat\u00f8rene fra Onlyfans. De vakreste asiatiske kvinnene som viser fitte p\u00e5 Onlyfans og Fansly. En samling av pornobilder og videoer. Lekkasjer fra offisielle kontoer til OF-modeller og jenter som sender nakenbilder p\u00e5 snapchat. Hvis du leter etter et sted hvor du kan finne nakenbilder av jenter som gj\u00f8r Onlyfans, har du kommet til det perfekte stedet. Vi har forberedt for deg et stort galleri med bilder av jenter som elsker \u00e5 vise kroppene sine p\u00e5 Internett.\u00a0<\/p><p>P\u00e5 nettstedet v\u00e5rt finner du ogs\u00e5 en database med innlogginger til jenter som er modeller p\u00e5 online sexkameraer. Fra n\u00e5 av vil du enkelt kunne kontakte dem og invitere dem p\u00e5 kaffe eller til leiligheten din for r\u00f8ff sex. Den st\u00f8rste samlingen av asiatiske jenter, spesielt de vakreste filippinene, som dr\u00f8mmer om \u00e5 m\u00f8te en utlending og smake en stor kuk i munnen.\u00a0<\/p><p>\u00a0<\/p>\t\t\t\t\t\t\t\t<\/div>\n\t\t\t\t<\/div>\n\t\t\t\t\t<\/div>\n\t\t\t\t<\/div>\n\t\t<div class=\"elementor-element elementor-element-ca24b7e e-con-full e-flex e-con e-parent\" data-id=\"ca24b7e\" data-element_type=\"container\">\n\t\t<div class=\"elementor-element elementor-element-dd61984 e-con-full e-flex e-con e-child\" data-id=\"dd61984\" data-element_type=\"container\">\n\t\t\t\t<div class=\"elementor-element elementor-element-fe932dd elementor-widget elementor-widget-image\" data-id=\"fe932dd\" data-element_type=\"widget\" data-widget_type=\"image.default\">\n\t\t\t\t<div class=\"elementor-widget-container\">\n\t\t\t\t\t\t\t\t\t\t\t\t\t\t\t<img fetchpriority=\"high\" decoding=\"async\" width=\"540\" height=\"832\" src=\"https:\/\/pinay-nudes.com\/wp-content\/uploads\/2023\/09\/9-1-4.jpg\" class=\"attachment-large size-large wp-image-265\" alt=\"\" srcset=\"https:\/\/pinay-nudes.com\/wp-content\/uploads\/2023\/09\/9-1-4.jpg 540w, https:\/\/pinay-nudes.com\/wp-content\/uploads\/2023\/09\/9-1-4-195x300.jpg 195w\" sizes=\"(max-width: 540px) 100vw, 540px\" \/>\t\t\t\t\t\t\t\t\t\t\t\t\t\t\t<\/div>\n\t\t\t\t<\/div>\n\t\t\t\t<\/div>\n\t\t<div class=\"elementor-element elementor-element-acd0eb1 e-con-full e-flex e-con e-child\" data-id=\"acd0eb1\" data-element_type=\"container\">\n\t\t\t\t<div class=\"elementor-element elementor-element-b342c5c elementor-widget elementor-widget-heading\" data-id=\"b342c5c\" data-element_type=\"widget\" data-widget_type=\"heading.default\">\n\t\t\t\t<div class=\"elementor-widget-container\">\n\t\t\t\t\t<h2 class=\"elementor-heading-title elementor-size-default\">Cherry, Dumaguete<\/h2>\t\t\t\t<\/div>\n\t\t\t\t<\/div>\n\t\t\t\t<div class=\"elementor-element elementor-element-4e3292a elementor-widget elementor-widget-text-editor\" data-id=\"4e3292a\" data-element_type=\"widget\" data-widget_type=\"text-editor.default\">\n\t\t\t\t<div class=\"elementor-widget-container\">\n\t\t\t\t\t\t\t\t\t<p>Hei, jeg heter Cherry og kommer fra Dumaguete. Jeg studerer psykologi til daglig. Jeg er interessert i \u00e5 reise, jeg liker \u00e5 se en god film under et teppe med en god vin.<\/p>\t\t\t\t\t\t\t\t<\/div>\n\t\t\t\t<\/div>\n\t\t\t\t<div class=\"elementor-element elementor-element-a6b090b elementor-shape-rounded elementor-grid-0 e-grid-align-center elementor-widget elementor-widget-social-icons\" data-id=\"a6b090b\" data-element_type=\"widget\" data-widget_type=\"social-icons.default\">\n\t\t\t\t<div class=\"elementor-widget-container\">\n\t\t\t\t\t\t\t<div class=\"elementor-social-icons-wrapper elementor-grid\">\n\t\t\t\t\t\t\t<span class=\"elementor-grid-item\">\n\t\t\t\t\t<a class=\"elementor-icon elementor-social-icon elementor-social-icon-facebook elementor-repeater-item-966ee37\" href=\"https:\/\/pinay-nudes.com\/nb\/nk\/register\/\" target=\"_blank\">\n\t\t\t\t\t\t<span class=\"elementor-screen-only\">Facebook<\/span>\n\t\t\t\t\t\t<i class=\"fab fa-facebook\"><\/i>\t\t\t\t\t<\/a>\n\t\t\t\t<\/span>\n\t\t\t\t\t\t\t<span class=\"elementor-grid-item\">\n\t\t\t\t\t<a class=\"elementor-icon elementor-social-icon elementor-social-icon-instagram elementor-repeater-item-47b44c9\" href=\"https:\/\/pinay-nudes.com\/nb\/cb\/register\/\" target=\"_blank\">\n\t\t\t\t\t\t<span class=\"elementor-screen-only\">Instagram<\/span>\n\t\t\t\t\t\t<i class=\"fab fa-instagram\"><\/i>\t\t\t\t\t<\/a>\n\t\t\t\t<\/span>\n\t\t\t\t\t\t\t<span class=\"elementor-grid-item\">\n\t\t\t\t\t<a class=\"elementor-icon elementor-social-icon elementor-social-icon-snapchat elementor-repeater-item-a214105\" href=\"https:\/\/pinay-nudes.com\/nb\/nk1\/register\/\" target=\"_blank\">\n\t\t\t\t\t\t<span class=\"elementor-screen-only\">Snapchat<\/span>\n\t\t\t\t\t\t<i class=\"fab fa-snapchat\"><\/i>\t\t\t\t\t<\/a>\n\t\t\t\t<\/span>\n\t\t\t\t\t<\/div>\n\t\t\t\t\t\t<\/div>\n\t\t\t\t<\/div>\n\t\t\t\t<div class=\"elementor-element elementor-element-24fef19 elementor-invisible elementor-widget elementor-widget-text-editor\" data-id=\"24fef19\" data-element_type=\"widget\" data-settings=\"{&quot;_animation&quot;:&quot;jello&quot;}\" data-widget_type=\"text-editor.default\">\n\t\t\t\t<div class=\"elementor-widget-container\">\n\t\t\t\t\t\t\t\t\t<p><strong>19,653<\/strong><\/p>\t\t\t\t\t\t\t\t<\/div>\n\t\t\t\t<\/div>\n\t\t\t\t<div class=\"elementor-element elementor-element-fd6840f elementor-widget elementor-widget-text-editor\" data-id=\"fd6840f\" data-element_type=\"widget\" data-widget_type=\"text-editor.default\">\n\t\t\t\t<div class=\"elementor-widget-container\">\n\t\t\t\t\t\t\t\t\t<p>F\u00f8lgere<\/p>\t\t\t\t\t\t\t\t<\/div>\n\t\t\t\t<\/div>\n\t\t\t\t<div class=\"elementor-element elementor-element-c2cad63 elementor-widget elementor-widget-text-editor\" data-id=\"c2cad63\" data-element_type=\"widget\" data-widget_type=\"text-editor.default\">\n\t\t\t\t<div class=\"elementor-widget-container\">\n\t\t\t\t\t\t\t\t\t<p><strong>Jeg er online!<\/strong><\/p><p>Gjennomsnittlig responstid 5-35 minutter<\/p>\t\t\t\t\t\t\t\t<\/div>\n\t\t\t\t<\/div>\n\t\t\t\t<div class=\"elementor-element elementor-element-4587b2f elementor-align-center elementor-widget elementor-widget-button\" data-id=\"4587b2f\" data-element_type=\"widget\" data-widget_type=\"button.default\">\n\t\t\t\t<div class=\"elementor-widget-container\">\n\t\t\t\t\t\t\t\t\t<div class=\"elementor-button-wrapper\">\n\t\t\t\t\t<a class=\"elementor-button elementor-button-link elementor-size-sm\" href=\"https:\/\/pinay-nudes.com\/nb\/cb\/register\/\">\n\t\t\t\t\t\t<span class=\"elementor-button-content-wrapper\">\n\t\t\t\t\t\t\t\t\t<span class=\"elementor-button-text\">Kontakt med meg<\/span>\n\t\t\t\t\t<\/span>\n\t\t\t\t\t<\/a>\n\t\t\t\t<\/div>\n\t\t\t\t\t\t\t\t<\/div>\n\t\t\t\t<\/div>\n\t\t\t\t<div class=\"elementor-element elementor-element-8e37bc1 elementor-star-rating--align-center elementor--star-style-star_fontawesome elementor-widget elementor-widget-star-rating\" data-id=\"8e37bc1\" data-element_type=\"widget\" data-widget_type=\"star-rating.default\">\n\t\t\t\t<div class=\"elementor-widget-container\">\n\t\t\t\t\t\n\t\t<div class=\"elementor-star-rating__wrapper\">\n\t\t\t\t\t\t\t<div class=\"elementor-star-rating__title\">Profilanmeldelse:<\/div>\n\t\t\t\t\t\t<div class=\"elementor-star-rating\" title=\"4.6\/5\" itemtype=\"http:\/\/schema.org\/Rating\" itemscope=\"\" itemprop=\"reviewRating\"><i class=\"elementor-star-full\">&#xE934;<\/i><i class=\"elementor-star-full\">&#xE934;<\/i><i class=\"elementor-star-full\">&#xE934;<\/i><i class=\"elementor-star-full\">&#xE934;<\/i><i class=\"elementor-star-6\">&#xE934;<\/i> <span itemprop=\"ratingValue\" class=\"elementor-screen-only\">4.6\/5<\/span><\/div>\t\t<\/div>\n\t\t\t\t\t\t<\/div>\n\t\t\t\t<\/div>\n\t\t\t\t<\/div>\n\t\t\t\t<\/div>\n\t\t<div class=\"elementor-element elementor-element-ce74115 e-flex e-con-boxed e-con e-parent\" data-id=\"ce74115\" data-element_type=\"container\">\n\t\t\t\t\t<div class=\"e-con-inner\">\n\t\t\t\t<div class=\"elementor-element elementor-element-4ebc10e elementor-widget elementor-widget-html\" data-id=\"4ebc10e\" data-element_type=\"widget\" data-widget_type=\"html.default\">\n\t\t\t\t<div class=\"elementor-widget-container\">\n\t\t\t\t\t<iframe scrolling=\"no\" frameborder=\"0\" height=\"300\" style=\"width:100%;min-width:70px;\" src=\"https:\/\/bngdin.com\/promo.php?c=787642&type=dynamic_banner&new_banner=0&db%5Bwidth%5D=160&db%5Bheight%5D=300&db%5Btype%5D=live&db%5Bmodel_zone%5D=free&db%5Bheader%5D=0&db%5Bfooter%5D=footer_text_1&db%5Bmlang%5D=1&db%5Bfullscreen%5D=&db%5Bmname%5D=1&db%5Bmlink%5D=1&db%5Bmstatus%5D=1&db%5Bmsize%5D=auto&db%5Bmpad%5D=1&db%5Bmwidth%5D=156&db%5Bcolor_scheme%5D=dark&db%5Bmborder%5D=solid&db%5Bmborder_color%5D=%23ffffff&db%5Bmborder_over_color%5D=%23a02239&db%5Bmshadow%5D=0&db%5Bmodels_by_geo%5D=0&db%5Bautoupdate%5D=1&db%5Btopmodels%5D=1&db%5Blanding%5D=chat&db%5Blogo_color%5D=negative&db%5Blogo_align%5D=left&db%5Bbg_color%5D=%23222222&db%5Bfont_family%5D=Trebuchet+MS&db%5Btext_align%5D=center&db%5Btext_color%5D=%23ffffff&db%5Blink_color%5D=%2396009e&db%5Beffect%5D=auto&db%5Beffect_speed%5D=optimal&db%5Bmode%5D=mode1&db%5Badaptive%5D=1&db%5Bslider%5D=0&db%5Bchat%5D=0\"><\/iframe>\t\t\t\t<\/div>\n\t\t\t\t<\/div>\n\t\t\t\t\t<\/div>\n\t\t\t\t<\/div>\n\t\t<div class=\"elementor-element elementor-element-bf625f1 e-flex e-con-boxed e-con e-parent\" data-id=\"bf625f1\" data-element_type=\"container\">\n\t\t\t\t\t<div class=\"e-con-inner\">\n\t\t\t\t<div class=\"elementor-element elementor-element-25137c2 elementor-widget elementor-widget-text-editor\" data-id=\"25137c2\" data-element_type=\"widget\" data-widget_type=\"text-editor.default\">\n\t\t\t\t<div class=\"elementor-widget-container\">\n\t\t\t\t\t\t\t\t\t<h2>Beste Onlyfans Lekkasjer, Store pupper, Milfs knullet i Anal, Amat\u00f8r og Pornostjerner fra Sex Cams<\/h2><p>Har du noen gang dr\u00f8mt om \u00e5 m\u00f8te en jente som elsker sex og aldri vil nekte deg det? N\u00e5 kan det g\u00e5 i oppfyllelse. V\u00e5r samling av brukere inkluderer snapchat-kontonavn p\u00e5 de mest popul\u00e6re pornostjernene eller amat\u00f8rene. Spesielt fokuserte vi p\u00e5 jenter fra Asia, fordi vi synes de er mest attraktive. Alt du trenger \u00e5 gj\u00f8re er \u00e5 registrere deg p\u00e5 v\u00e5r portal. Du trenger ikke \u00e5 oppgi kredittkortinformasjonen din, fordi alt p\u00e5 nettstedet v\u00e5rt er gratis.\u00a0<\/p><p>N\u00e5r du registrerer deg, f\u00e5r du tilgang til en stor samling av amat\u00f8r- og profesjonelle pornobilder og videoer med ten\u00e5ringsjenter og k\u00e5te milf. Du kan finne de vakreste Filipinas og andre jenter fra Asia bare her. Leaked onlyfans fra kjendis fra Tiktok eller Twitch. Sexy sluts fra Sex Online Cameras og Reddit-brukere. St\u00f8rste galleri av streamere og HD XXX-innhold Onlyfans-skapere. Beste stedet \u00e5 finne hotteste onlyfans lekkasjer og video lekkasjer fra gamer jenter.<\/p><p>\u00a0<\/p><h2>Trending Milf jobber med Onlyfans og Gamer Girls fra Twitch<\/h2><p>Bla gjennom en samling bilder og videoer fra Twitch- og Kick-streamere. Nakne jenter i bassenget p\u00e5 jakt etter en stor kuk for kvelden. Bli kjent med dem og inviter dem til hotellet ditt for het lidenskapelig sex. Forh\u00e5ndsvis pornovideoer med kjendiser helt gratis, alt du trenger \u00e5 gj\u00f8re er \u00e5 registrere deg p\u00e5 nettstedet v\u00e5rt. Det er alt. Uten \u00e5 gi sensitiv personlig informasjon. Sjekk gratis porno Onlyfans videoer og nakenlekkasjer sexb\u00e5nd med blowjob. Skj\u00f8nnhet asiatiske jenter, hotteste og nyeste innholdsvideoer gratis. Ditt beste nettsted med NSFW Cosplay og andre internettkyllinger.<\/p><h2>Hete filippinske jenter fra Onlyfans, Hardcore Sexvideoer Skandaler med Pinay Girls<\/h2><p>Finn de vakreste og s\u00f8teste filippinerne som spiller inn innhold p\u00e5 onlyfans eller Twitch-streamere. Kjente pornostjerner, kjendiser eller amat\u00f8rjenter som stikker rumpa ut for \u00e5 ta imot pikken din i fitta. Pornovideoer i full lengde i beste kvalitet er tilgjengelig p\u00e5 nettstedet v\u00e5rt helt gratis. Se jenter p\u00e5 nettkameraer og de vakreste, mest sexy asiatiske jentene direkte fra Filippinene og andre asiatiske land. Eksplisitt innhold fra Mia Khalifa, andre kjendis nakenbilder eller amat\u00f8rjenter fra snapchat. Erte dem og sjekk klippene deres. Den beste typen innhold og pornofilmer fra kjendiser og hotteste voksne hd-kvalitet filipina skandaler.<\/p><p>\u00a0<\/p><h2>M\u00f8t sexcam-modeller fra Filippinene og finn den heiteste jenta for deg<\/h2><p>Bla gjennom fotogalleriet v\u00e5rt og finn den vakreste filipinkaen for deg, som, hvis hun blir forelsket i deg, vil gj\u00f8re hva som helst for deg. Hvis du dr\u00f8mmer om en kvinne som vil slikke pikken din, og s\u00e5 kan du knulle henne, kunne du ikke ha kommet til et bedre nettsted. Her vil du ha alt du trenger helt gratis. Sjekk OF Girls og andre nettsteder som Fansly eller Twitch. Sjekk HD-kvalitetsvideoer av ut\u00f8vere og lag trekant med dem. Den beste typen innhold fra dine favoritt sosiale medier onlyfaps.\u00a0<\/p><h2>Sjekk Jenter fra Dumaguete og Date med dem<\/h2><p>Gj\u00f8r en date med de s\u00f8te jentene i Dumaguete, andre deler av Filippinene og verden. Knull dem alle og sende dem nakenbilder og kanskje de vil sende deg tilbake. De lengter etter \u00e5 ha pikken din i rumpa. Ikke v\u00e6r sjenert og begynne \u00e5 snakke med dem akkurat n\u00e5. Opprett en gratis konto og bli med i v\u00e5r brukerbase ved \u00e5 laste opp nakenbilder.<\/p><p>\u00a0<\/p><p>\u00a0<\/p>\t\t\t\t\t\t\t\t<\/div>\n\t\t\t\t<\/div>\n\t\t\t\t\t<\/div>\n\t\t\t\t<\/div>\n\t\t\t\t<\/div>","protected":false},"excerpt":{"rendered":"<p>Onlyfans Leak Porn Videos, Free Onlyfans Porn Tube XXX Pics, Asian Girls from OF and Fansly Onlyfans Leaked Videos, Access to Porn Site with Girls From Snapchat and Fansly The best amateurs from Onlyfans. The most beautiful Asian women showing pussy on Onlyfans and Fansly. A collection of porn pictures and videos. Leaks from official&hellip; <br \/> <a class=\"read-more\" href=\"https:\/\/pinay-nudes.com\/nb\/users\/cherry-dumaguete\/\">Read more<\/a><\/p>","protected":false},"author":1,"featured_media":0,"parent":42,"menu_order":0,"comment_status":"closed","ping_status":"closed","template":"page-templates\/homepage.php","meta":{"_monsterinsights_skip_tracking":false,"_monsterinsights_sitenote_active":false,"_monsterinsights_sitenote_note":"","_monsterinsights_sitenote_category":0,"footnotes":""},"class_list":["post-273","page","type-page","status-publish","hentry"],"aioseo_notices":[],"yoast_head":"<!-- This site is optimized with the Yoast SEO plugin v24.4 - https:\/\/yoast.com\/wordpress\/plugins\/seo\/ -->\n<title>Cherry Dumaguete - Nude Filipina Woman From Snapchat And Sex | Beauty Porn Pics<\/title>\n<meta name=\"robots\" content=\"index, follow, max-snippet:-1, max-image-preview:large, max-video-preview:-1\" \/>\n<link rel=\"canonical\" href=\"https:\/\/pinay-nudes.com\/nb\/users\/cherry-dumaguete\/\" \/>\n<meta property=\"og:locale\" content=\"nb_NO\" \/>\n<meta property=\"og:type\" content=\"article\" \/>\n<meta property=\"og:title\" content=\"Cherry Dumaguete - Nude Filipina Woman From Snapchat And Sex | Beauty Porn Pics\" \/>\n<meta property=\"og:description\" content=\"Onlyfans Leak Porn Videos, Free Onlyfans Porn Tube XXX Pics, Asian Girls from OF and Fansly Onlyfans Leaked Videos, Access to Porn Site with Girls From Snapchat and Fansly The best amateurs from Onlyfans. The most beautiful Asian women showing pussy on Onlyfans and Fansly. A collection of porn pictures and videos. Leaks from official&hellip; Read more\" \/>\n<meta property=\"og:url\" content=\"https:\/\/pinay-nudes.com\/nb\/users\/cherry-dumaguete\/\" \/>\n<meta property=\"og:site_name\" content=\"Nude Filipina Woman From Snapchat And Sex | Beauty Porn Pics\" \/>\n<meta property=\"article:modified_time\" content=\"2025-02-19T01:38:06+00:00\" \/>\n<meta property=\"og:image\" content=\"https:\/\/pinay-nudes.com\/wp-content\/uploads\/2023\/09\/9-1-4.jpg\" \/>\n\t<meta property=\"og:image:width\" content=\"540\" \/>\n\t<meta property=\"og:image:height\" content=\"832\" \/>\n\t<meta property=\"og:image:type\" content=\"image\/jpeg\" \/>\n<meta name=\"twitter:card\" content=\"summary_large_image\" \/>\n<meta name=\"twitter:label1\" content=\"Ansl. lesetid\" \/>\n\t<meta name=\"twitter:data1\" content=\"4 minutter\" \/>\n<script type=\"application\/ld+json\" class=\"yoast-schema-graph\">{\"@context\":\"https:\/\/schema.org\",\"@graph\":[{\"@type\":\"WebPage\",\"@id\":\"https:\/\/pinay-nudes.com\/users\/cherry-dumaguete\/\",\"url\":\"https:\/\/pinay-nudes.com\/users\/cherry-dumaguete\/\",\"name\":\"Cherry Dumaguete - Nude Filipina Woman From Snapchat And Sex | Beauty Porn Pics\",\"isPartOf\":{\"@id\":\"https:\/\/pinay-nudes.com\/#website\"},\"primaryImageOfPage\":{\"@id\":\"https:\/\/pinay-nudes.com\/users\/cherry-dumaguete\/#primaryimage\"},\"image\":{\"@id\":\"https:\/\/pinay-nudes.com\/users\/cherry-dumaguete\/#primaryimage\"},\"thumbnailUrl\":\"http:\/\/pinay-nudes.com\/wp-content\/uploads\/2023\/09\/9-1-4.jpg\",\"datePublished\":\"2023-09-18T02:55:46+00:00\",\"dateModified\":\"2025-02-19T01:38:06+00:00\",\"breadcrumb\":{\"@id\":\"https:\/\/pinay-nudes.com\/users\/cherry-dumaguete\/#breadcrumb\"},\"inLanguage\":\"nb-NO\",\"potentialAction\":[{\"@type\":\"ReadAction\",\"target\":[\"https:\/\/pinay-nudes.com\/users\/cherry-dumaguete\/\"]}]},{\"@type\":\"ImageObject\",\"inLanguage\":\"nb-NO\",\"@id\":\"https:\/\/pinay-nudes.com\/users\/cherry-dumaguete\/#primaryimage\",\"url\":\"http:\/\/pinay-nudes.com\/wp-content\/uploads\/2023\/09\/9-1-4.jpg\",\"contentUrl\":\"http:\/\/pinay-nudes.com\/wp-content\/uploads\/2023\/09\/9-1-4.jpg\"},{\"@type\":\"BreadcrumbList\",\"@id\":\"https:\/\/pinay-nudes.com\/users\/cherry-dumaguete\/#breadcrumb\",\"itemListElement\":[{\"@type\":\"ListItem\",\"position\":1,\"name\":\"Home\",\"item\":\"https:\/\/pinay-nudes.com\/\"},{\"@type\":\"ListItem\",\"position\":2,\"name\":\"Our Users\",\"item\":\"https:\/\/pinay-nudes.com\/users\/\"},{\"@type\":\"ListItem\",\"position\":3,\"name\":\"Cherry Dumaguete\"}]},{\"@type\":\"WebSite\",\"@id\":\"https:\/\/pinay-nudes.com\/#website\",\"url\":\"https:\/\/pinay-nudes.com\/\",\"name\":\"Nude Filipina Woman From Snapchat And Sex | Beauty Porn Pics\",\"description\":\"Check our Free Porn Gallery with nude beautiful girls. XXX Naked Porn Pics from Hot Naked Girls from Snapchat and Sex Cams. Best Filipina sexy photos\",\"publisher\":{\"@id\":\"https:\/\/pinay-nudes.com\/#organization\"},\"potentialAction\":[{\"@type\":\"SearchAction\",\"target\":{\"@type\":\"EntryPoint\",\"urlTemplate\":\"https:\/\/pinay-nudes.com\/?s={search_term_string}\"},\"query-input\":{\"@type\":\"PropertyValueSpecification\",\"valueRequired\":true,\"valueName\":\"search_term_string\"}}],\"inLanguage\":\"nb-NO\"},{\"@type\":\"Organization\",\"@id\":\"https:\/\/pinay-nudes.com\/#organization\",\"name\":\"Nude Filipina Woman From Snapchat And Sex | Beauty Porn Pics\",\"url\":\"https:\/\/pinay-nudes.com\/\",\"logo\":{\"@type\":\"ImageObject\",\"inLanguage\":\"nb-NO\",\"@id\":\"https:\/\/pinay-nudes.com\/#\/schema\/logo\/image\/\",\"url\":\"https:\/\/pinay-nudes.com\/wp-content\/uploads\/2023\/09\/cropped-cropped-logo2-1.png\",\"contentUrl\":\"https:\/\/pinay-nudes.com\/wp-content\/uploads\/2023\/09\/cropped-cropped-logo2-1.png\",\"width\":512,\"height\":512,\"caption\":\"Nude Filipina Woman From Snapchat And Sex | Beauty Porn Pics \"},\"image\":{\"@id\":\"https:\/\/pinay-nudes.com\/#\/schema\/logo\/image\/\"}}]}<\/script>\n<!-- \/ Yoast SEO plugin. -->","yoast_head_json":{"title":"Cherry Dumaguete - Nude Filipina Woman From Snapchat And Sex | Beauty Porn Pics","robots":{"index":"index","follow":"follow","max-snippet":"max-snippet:-1","max-image-preview":"max-image-preview:large","max-video-preview":"max-video-preview:-1"},"canonical":"https:\/\/pinay-nudes.com\/nb\/users\/cherry-dumaguete\/","og_locale":"nb_NO","og_type":"article","og_title":"Cherry Dumaguete - Nude Filipina Woman From Snapchat And Sex | Beauty Porn Pics","og_description":"Onlyfans Leak Porn Videos, Free Onlyfans Porn Tube XXX Pics, Asian Girls from OF and Fansly Onlyfans Leaked Videos, Access to Porn Site with Girls From Snapchat and Fansly The best amateurs from Onlyfans. The most beautiful Asian women showing pussy on Onlyfans and Fansly. A collection of porn pictures and videos. Leaks from official&hellip; Read more","og_url":"https:\/\/pinay-nudes.com\/nb\/users\/cherry-dumaguete\/","og_site_name":"Nude Filipina Woman From Snapchat And Sex | Beauty Porn Pics","article_modified_time":"2025-02-19T01:38:06+00:00","og_image":[{"width":540,"height":832,"url":"https:\/\/pinay-nudes.com\/wp-content\/uploads\/2023\/09\/9-1-4.jpg","type":"image\/jpeg"}],"twitter_card":"summary_large_image","twitter_misc":{"Ansl. lesetid":"4 minutter"},"schema":{"@context":"https:\/\/schema.org","@graph":[{"@type":"WebPage","@id":"https:\/\/pinay-nudes.com\/users\/cherry-dumaguete\/","url":"https:\/\/pinay-nudes.com\/users\/cherry-dumaguete\/","name":"Cherry Dumaguete - Nude Filipina Woman From Snapchat And Sex | Beauty Porn Pics","isPartOf":{"@id":"https:\/\/pinay-nudes.com\/#website"},"primaryImageOfPage":{"@id":"https:\/\/pinay-nudes.com\/users\/cherry-dumaguete\/#primaryimage"},"image":{"@id":"https:\/\/pinay-nudes.com\/users\/cherry-dumaguete\/#primaryimage"},"thumbnailUrl":"http:\/\/pinay-nudes.com\/wp-content\/uploads\/2023\/09\/9-1-4.jpg","datePublished":"2023-09-18T02:55:46+00:00","dateModified":"2025-02-19T01:38:06+00:00","breadcrumb":{"@id":"https:\/\/pinay-nudes.com\/users\/cherry-dumaguete\/#breadcrumb"},"inLanguage":"nb-NO","potentialAction":[{"@type":"ReadAction","target":["https:\/\/pinay-nudes.com\/users\/cherry-dumaguete\/"]}]},{"@type":"ImageObject","inLanguage":"nb-NO","@id":"https:\/\/pinay-nudes.com\/users\/cherry-dumaguete\/#primaryimage","url":"http:\/\/pinay-nudes.com\/wp-content\/uploads\/2023\/09\/9-1-4.jpg","contentUrl":"http:\/\/pinay-nudes.com\/wp-content\/uploads\/2023\/09\/9-1-4.jpg"},{"@type":"BreadcrumbList","@id":"https:\/\/pinay-nudes.com\/users\/cherry-dumaguete\/#breadcrumb","itemListElement":[{"@type":"ListItem","position":1,"name":"Home","item":"https:\/\/pinay-nudes.com\/"},{"@type":"ListItem","position":2,"name":"Our Users","item":"https:\/\/pinay-nudes.com\/users\/"},{"@type":"ListItem","position":3,"name":"Cherry Dumaguete"}]},{"@type":"WebSite","@id":"https:\/\/pinay-nudes.com\/#website","url":"https:\/\/pinay-nudes.com\/","name":"Nude Filipina Woman From Snapchat And Sex | Beauty Porn Pics","description":"Check our Free Porn Gallery with nude beautiful girls. XXX Naked Porn Pics from Hot Naked Girls from Snapchat and Sex Cams. Best Filipina sexy photos","publisher":{"@id":"https:\/\/pinay-nudes.com\/#organization"},"potentialAction":[{"@type":"SearchAction","target":{"@type":"EntryPoint","urlTemplate":"https:\/\/pinay-nudes.com\/?s={search_term_string}"},"query-input":{"@type":"PropertyValueSpecification","valueRequired":true,"valueName":"search_term_string"}}],"inLanguage":"nb-NO"},{"@type":"Organization","@id":"https:\/\/pinay-nudes.com\/#organization","name":"Nude Filipina Woman From Snapchat And Sex | Beauty Porn Pics","url":"https:\/\/pinay-nudes.com\/","logo":{"@type":"ImageObject","inLanguage":"nb-NO","@id":"https:\/\/pinay-nudes.com\/#\/schema\/logo\/image\/","url":"https:\/\/pinay-nudes.com\/wp-content\/uploads\/2023\/09\/cropped-cropped-logo2-1.png","contentUrl":"https:\/\/pinay-nudes.com\/wp-content\/uploads\/2023\/09\/cropped-cropped-logo2-1.png","width":512,"height":512,"caption":"Nude Filipina Woman From Snapchat And Sex | Beauty Porn Pics "},"image":{"@id":"https:\/\/pinay-nudes.com\/#\/schema\/logo\/image\/"}}]}},"_links":{"self":[{"href":"https:\/\/pinay-nudes.com\/nb\/wp-json\/wp\/v2\/pages\/273","targetHints":{"allow":["GET"]}}],"collection":[{"href":"https:\/\/pinay-nudes.com\/nb\/wp-json\/wp\/v2\/pages"}],"about":[{"href":"https:\/\/pinay-nudes.com\/nb\/wp-json\/wp\/v2\/types\/page"}],"author":[{"embeddable":true,"href":"https:\/\/pinay-nudes.com\/nb\/wp-json\/wp\/v2\/users\/1"}],"replies":[{"embeddable":true,"href":"https:\/\/pinay-nudes.com\/nb\/wp-json\/wp\/v2\/comments?post=273"}],"version-history":[{"count":25,"href":"https:\/\/pinay-nudes.com\/nb\/wp-json\/wp\/v2\/pages\/273\/revisions"}],"predecessor-version":[{"id":2431,"href":"https:\/\/pinay-nudes.com\/nb\/wp-json\/wp\/v2\/pages\/273\/revisions\/2431"}],"up":[{"embeddable":true,"href":"https:\/\/pinay-nudes.com\/nb\/wp-json\/wp\/v2\/pages\/42"}],"wp:attachment":[{"href":"https:\/\/pinay-nudes.com\/nb\/wp-json\/wp\/v2\/media?parent=273"}],"curies":[{"name":"wp","href":"https:\/\/api.w.org\/{rel}","templated":true}]}}