{"id":272,"date":"2023-09-18T03:55:46","date_gmt":"2023-09-18T02:55:46","guid":{"rendered":"https:\/\/pinay-nudes.com\/?page_id=272"},"modified":"2025-02-19T01:37:47","modified_gmt":"2025-02-19T01:37:47","slug":"joy-quezon","status":"publish","type":"page","link":"https:\/\/pinay-nudes.com\/fr\/users\/joy-quezon\/","title":{"rendered":"Joy Quezon"},"content":{"rendered":"<div data-elementor-type=\"wp-page\" data-elementor-id=\"272\" class=\"elementor elementor-272\">\n\t\t\t\t<div class=\"elementor-element elementor-element-a2bff0f e-flex e-con-boxed e-con e-parent\" data-id=\"a2bff0f\" data-element_type=\"container\">\n\t\t\t\t\t<div class=\"e-con-inner\">\n\t\t\t\t<div class=\"elementor-element elementor-element-ff0bc98 elementor-widget elementor-widget-text-editor\" data-id=\"ff0bc98\" data-element_type=\"widget\" data-widget_type=\"text-editor.default\">\n\t\t\t\t<div class=\"elementor-widget-container\">\n\t\t\t\t\t\t\t\t\t<center><h1 class=\"herotitle\">Meilleures vid\u00e9os de nus sur Snapchat, recherche de noms d'utilisateurs Snap Nudes - Pinay-Nudes.com<\/h1><\/center>\t\t\t\t\t\t\t\t<\/div>\n\t\t\t\t<\/div>\n\t\t\t\t\t<\/div>\n\t\t\t\t<\/div>\n\t\t<div class=\"elementor-element elementor-element-7b89e50 e-flex e-con-boxed e-con e-parent\" data-id=\"7b89e50\" data-element_type=\"container\">\n\t\t\t\t\t<div class=\"e-con-inner\">\n\t\t\t\t<div class=\"elementor-element elementor-element-6fa0184 elementor-widget elementor-widget-text-editor\" data-id=\"6fa0184\" data-element_type=\"widget\" data-widget_type=\"text-editor.default\">\n\t\t\t\t<div class=\"elementor-widget-container\">\n\t\t\t\t\t\t\t\t\t<h2>Acc\u00e8s gratuit \u00e0 des vid\u00e9os porno de filles Snapchat nues Premium<\/h2><p>\u00a0<\/p><p>Acc\u00e9dez gratuitement \u00e0 la meilleure collection de photos et de vid\u00e9os de snapchat nues. La plupart des filles sur notre site sont des amatrices qui aiment le sexe anal et le sexe classique. Faites du sexting et profitez des moments chauds sur notre site. Pour y acc\u00e9der, il vous suffit de vous inscrire. Vous n'avez pas besoin de donner les d\u00e9tails de votre carte de cr\u00e9dit ou vos informations priv\u00e9es. Tout ce que vous avez \u00e0 faire est de fournir votre login, votre mot de passe et de confirmer votre adresse email.<\/p><p>Les meilleures filles attendent que vous sentiez votre bite. N'attendez plus et inscrivez-vous pour regarder des photos de filles amateurs ou mod\u00e8les travaillant sur des cam\u00e9ras de sexe en ligne. Les plus belles philippines travaillant dans ce domaine aiment les \u00e9trangers, en particulier les Am\u00e9ricains et les Australiens. Regardez les fuites de snapchat de filles philippines coquines. Leurs chattes et leurs seins sont incroyablement mignons et vous allez adorer !<\/p><p>\u00a0<\/p>\t\t\t\t\t\t\t\t<\/div>\n\t\t\t\t<\/div>\n\t\t\t\t\t<\/div>\n\t\t\t\t<\/div>\n\t\t<div class=\"elementor-element elementor-element-3da574c e-con-full e-flex e-con e-parent\" data-id=\"3da574c\" data-element_type=\"container\">\n\t\t<div class=\"elementor-element elementor-element-a53a440 e-con-full e-flex e-con e-child\" data-id=\"a53a440\" data-element_type=\"container\">\n\t\t\t\t<div class=\"elementor-element elementor-element-3d6b382 elementor-widget elementor-widget-image\" data-id=\"3d6b382\" data-element_type=\"widget\" data-widget_type=\"image.default\">\n\t\t\t\t<div class=\"elementor-widget-container\">\n\t\t\t\t\t\t\t\t\t\t\t\t\t\t\t<img fetchpriority=\"high\" decoding=\"async\" width=\"576\" height=\"1024\" src=\"https:\/\/pinay-nudes.com\/wp-content\/uploads\/2023\/09\/7-1-3-576x1024.jpg\" class=\"attachment-large size-large wp-image-231\" alt=\"\" srcset=\"https:\/\/pinay-nudes.com\/wp-content\/uploads\/2023\/09\/7-1-3-576x1024.jpg 576w, https:\/\/pinay-nudes.com\/wp-content\/uploads\/2023\/09\/7-1-3-169x300.jpg 169w, https:\/\/pinay-nudes.com\/wp-content\/uploads\/2023\/09\/7-1-3-608x1080.jpg 608w, https:\/\/pinay-nudes.com\/wp-content\/uploads\/2023\/09\/7-1-3.jpg 720w\" sizes=\"(max-width: 576px) 100vw, 576px\" \/>\t\t\t\t\t\t\t\t\t\t\t\t\t\t\t<\/div>\n\t\t\t\t<\/div>\n\t\t\t\t<\/div>\n\t\t<div class=\"elementor-element elementor-element-ced765f e-con-full e-flex e-con e-child\" data-id=\"ced765f\" data-element_type=\"container\">\n\t\t\t\t<div class=\"elementor-element elementor-element-9dc9a9f elementor-widget elementor-widget-heading\" data-id=\"9dc9a9f\" data-element_type=\"widget\" data-widget_type=\"heading.default\">\n\t\t\t\t<div class=\"elementor-widget-container\">\n\t\t\t\t\t<h2 class=\"elementor-heading-title elementor-size-default\">Joy, Quezon City<\/h2>\t\t\t\t<\/div>\n\t\t\t\t<\/div>\n\t\t\t\t<div class=\"elementor-element elementor-element-b01de05 elementor-widget elementor-widget-text-editor\" data-id=\"b01de05\" data-element_type=\"widget\" data-widget_type=\"text-editor.default\">\n\t\t\t\t<div class=\"elementor-widget-container\">\n\t\t\t\t\t\t\t\t\t<p>Bonjour \u00e0 tous, je m'appelle Joy. Je vis \u00e0 Quezon City avec mes deux s\u0153urs.<span style=\"color: var( --e-global-color-text ); font-family: var( --e-global-typography-text-font-family ), Sans-serif; font-weight: var( --e-global-typography-text-font-weight );\">&nbsp;J'aime les animaux, je suis actuellement en ann\u00e9e sabbatique, mais j'envisage d'\u00e9tudier la m\u00e9decine v\u00e9t\u00e9rinaire. J'aime diversifier mon temps libre et rencontrer de nouvelles personnes.<\/span><\/p>\t\t\t\t\t\t\t\t<\/div>\n\t\t\t\t<\/div>\n\t\t\t\t<div class=\"elementor-element elementor-element-39f7c13 elementor-shape-rounded elementor-grid-0 e-grid-align-center elementor-widget elementor-widget-social-icons\" data-id=\"39f7c13\" data-element_type=\"widget\" data-widget_type=\"social-icons.default\">\n\t\t\t\t<div class=\"elementor-widget-container\">\n\t\t\t\t\t\t\t<div class=\"elementor-social-icons-wrapper elementor-grid\">\n\t\t\t\t\t\t\t<span class=\"elementor-grid-item\">\n\t\t\t\t\t<a class=\"elementor-icon elementor-social-icon elementor-social-icon-facebook elementor-repeater-item-966ee37\" href=\"https:\/\/pinay-nudes.com\/fr\/cb\/register\/\" target=\"_blank\">\n\t\t\t\t\t\t<span class=\"elementor-screen-only\">Facebook<\/span>\n\t\t\t\t\t\t<i class=\"fab fa-facebook\"><\/i>\t\t\t\t\t<\/a>\n\t\t\t\t<\/span>\n\t\t\t\t\t\t\t<span class=\"elementor-grid-item\">\n\t\t\t\t\t<a class=\"elementor-icon elementor-social-icon elementor-social-icon-instagram elementor-repeater-item-47b44c9\" href=\"https:\/\/pinay-nudes.com\/fr\/nk\/register\/\" target=\"_blank\">\n\t\t\t\t\t\t<span class=\"elementor-screen-only\">Instagram<\/span>\n\t\t\t\t\t\t<i class=\"fab fa-instagram\"><\/i>\t\t\t\t\t<\/a>\n\t\t\t\t<\/span>\n\t\t\t\t\t\t\t<span class=\"elementor-grid-item\">\n\t\t\t\t\t<a class=\"elementor-icon elementor-social-icon elementor-social-icon-snapchat elementor-repeater-item-a214105\" href=\"https:\/\/pinay-nudes.com\/fr\/cb\/register\/\" target=\"_blank\">\n\t\t\t\t\t\t<span class=\"elementor-screen-only\">Snapchat<\/span>\n\t\t\t\t\t\t<i class=\"fab fa-snapchat\"><\/i>\t\t\t\t\t<\/a>\n\t\t\t\t<\/span>\n\t\t\t\t\t<\/div>\n\t\t\t\t\t\t<\/div>\n\t\t\t\t<\/div>\n\t\t\t\t<div class=\"elementor-element elementor-element-53229be elementor-invisible elementor-widget elementor-widget-text-editor\" data-id=\"53229be\" data-element_type=\"widget\" data-settings=\"{&quot;_animation&quot;:&quot;jello&quot;}\" data-widget_type=\"text-editor.default\">\n\t\t\t\t<div class=\"elementor-widget-container\">\n\t\t\t\t\t\t\t\t\t<p><strong>14,053<\/strong><\/p>\t\t\t\t\t\t\t\t<\/div>\n\t\t\t\t<\/div>\n\t\t\t\t<div class=\"elementor-element elementor-element-00884b4 elementor-widget elementor-widget-text-editor\" data-id=\"00884b4\" data-element_type=\"widget\" data-widget_type=\"text-editor.default\">\n\t\t\t\t<div class=\"elementor-widget-container\">\n\t\t\t\t\t\t\t\t\t<p>Suiveurs<\/p>\t\t\t\t\t\t\t\t<\/div>\n\t\t\t\t<\/div>\n\t\t\t\t<div class=\"elementor-element elementor-element-aa0dad9 elementor-widget elementor-widget-text-editor\" data-id=\"aa0dad9\" data-element_type=\"widget\" data-widget_type=\"text-editor.default\">\n\t\t\t\t<div class=\"elementor-widget-container\">\n\t\t\t\t\t\t\t\t\t<p><strong>Je suis en ligne !<\/strong><\/p>\n<p>Temps de r\u00e9ponse moyen 3-25 minutes<\/p>\t\t\t\t\t\t\t\t<\/div>\n\t\t\t\t<\/div>\n\t\t\t\t<div class=\"elementor-element elementor-element-7cccf79 elementor-align-center elementor-widget elementor-widget-button\" data-id=\"7cccf79\" data-element_type=\"widget\" data-widget_type=\"button.default\">\n\t\t\t\t<div class=\"elementor-widget-container\">\n\t\t\t\t\t\t\t\t\t<div class=\"elementor-button-wrapper\">\n\t\t\t\t\t<a class=\"elementor-button elementor-button-link elementor-size-sm\" href=\"https:\/\/pinay-nudes.com\/fr\/nk1\/register\/\">\n\t\t\t\t\t\t<span class=\"elementor-button-content-wrapper\">\n\t\t\t\t\t\t\t\t\t<span class=\"elementor-button-text\">Me contacter<\/span>\n\t\t\t\t\t<\/span>\n\t\t\t\t\t<\/a>\n\t\t\t\t<\/div>\n\t\t\t\t\t\t\t\t<\/div>\n\t\t\t\t<\/div>\n\t\t\t\t<div class=\"elementor-element elementor-element-73edd4d elementor-star-rating--align-center elementor--star-style-star_fontawesome elementor-widget elementor-widget-star-rating\" data-id=\"73edd4d\" data-element_type=\"widget\" data-widget_type=\"star-rating.default\">\n\t\t\t\t<div class=\"elementor-widget-container\">\n\t\t\t\t\t\n\t\t<div class=\"elementor-star-rating__wrapper\">\n\t\t\t\t\t\t\t<div class=\"elementor-star-rating__title\">Examen du profil :<\/div>\n\t\t\t\t\t\t<div class=\"elementor-star-rating\" title=\"4.3\/5\" itemtype=\"http:\/\/schema.org\/Rating\" itemscope=\"\" itemprop=\"reviewRating\"><i class=\"elementor-star-full\">&#xE934;<\/i><i class=\"elementor-star-full\">&#xE934;<\/i><i class=\"elementor-star-full\">&#xE934;<\/i><i class=\"elementor-star-full\">&#xE934;<\/i><i class=\"elementor-star-3\">&#xE934;<\/i> <span itemprop=\"ratingValue\" class=\"elementor-screen-only\">4.3\/5<\/span><\/div>\t\t<\/div>\n\t\t\t\t\t\t<\/div>\n\t\t\t\t<\/div>\n\t\t\t\t<\/div>\n\t\t\t\t<\/div>\n\t\t<div class=\"elementor-element elementor-element-1326873 e-flex e-con-boxed e-con e-parent\" data-id=\"1326873\" data-element_type=\"container\">\n\t\t\t\t\t<div class=\"e-con-inner\">\n\t\t\t\t<div class=\"elementor-element elementor-element-4fd507f elementor-widget elementor-widget-image\" data-id=\"4fd507f\" data-element_type=\"widget\" data-widget_type=\"image.default\">\n\t\t\t\t<div class=\"elementor-widget-container\">\n\t\t\t\t\t\t\t\t\t\t\t\t\t\t\t\t<a href=\"https:\/\/pinay-nudes.com\/fr\/go\/chaturbate\/\">\n\t\t\t\t\t\t\t<img decoding=\"async\" width=\"728\" height=\"90\" src=\"https:\/\/pinay-nudes.com\/wp-content\/uploads\/2023\/09\/CB-728-2.jpg\" class=\"attachment-large size-large wp-image-449\" alt=\"\" srcset=\"https:\/\/pinay-nudes.com\/wp-content\/uploads\/2023\/09\/CB-728-2.jpg 728w, https:\/\/pinay-nudes.com\/wp-content\/uploads\/2023\/09\/CB-728-2-300x37.jpg 300w\" sizes=\"(max-width: 728px) 100vw, 728px\" \/>\t\t\t\t\t\t\t\t<\/a>\n\t\t\t\t\t\t\t\t\t\t\t\t\t\t\t<\/div>\n\t\t\t\t<\/div>\n\t\t\t\t\t<\/div>\n\t\t\t\t<\/div>\n\t\t<div class=\"elementor-element elementor-element-d8c253d e-flex e-con-boxed e-con e-parent\" data-id=\"d8c253d\" data-element_type=\"container\">\n\t\t\t\t\t<div class=\"e-con-inner\">\n\t\t\t\t<div class=\"elementor-element elementor-element-34c4fc3 elementor-widget elementor-widget-text-editor\" data-id=\"34c4fc3\" data-element_type=\"widget\" data-widget_type=\"text-editor.default\">\n\t\t\t\t<div class=\"elementor-widget-container\">\n\t\t\t\t\t\t\t\t\t<h2>Nus sexy sur Snapchat - Recherche de contenus adultes divulgu\u00e9s\u00a0<\/h2><p>En vous inscrivant sur notre site, vous obtenez un acc\u00e8s complet aux galeries de photos et aux vid\u00e9os de femmes asiatiques en chaleur que vous pouvez baiser jour et nuit ou envoyer des sextos avec elles. Recherchez des filles par nom, ethnie ou simplement par apparence. Notre plateforme fonctionne mieux que les autres sites de rencontre connus et est compl\u00e8tement gratuite. Les meilleures fuites de photos et de vid\u00e9os Snapchat. T\u00e9l\u00e9chargez vos photos et abonnez-vous \u00e0 d'autres filles amateurs.\u00a0<\/p><p>\u00a0<\/p><h2>Obtenez Onlyfans et les m\u00e9dias sociaux et discutez avec des adolescentes<\/h2><p>Les femmes asiatiques les plus sexy directement sur snapchat. Profitez des vid\u00e9os de sexe gratuites o\u00f9 les filles se masturbent avec leur gros gode. D\u00e9couvrez les milfs et sortez avec elles pour vous faire baiser dans les h\u00f4tels. Vous \u00eates au bon endroit pour le faire. Profitez d'un acc\u00e8s illimit\u00e9 aux visages les plus sexy et aux photos de nus les plus sales. Collectionnez tout. Parcourez notre collection de noms d'utilisateurs, envoyez-leur un message et touchez leur cul ! C'est ce qu'ils aiment. Envoyez des Snap Nudes \u00e0 des ados ou milf en chaleur et branchez-les tous les jours.<\/p><p>\u00a0<\/p><h2>Meilleure application de plateforme de sextos avec des nus chauds de Snap\u00a0<\/h2><p>La meilleure plateforme pour rencontrer des filles en ligne. Nous vous garantissons que vous serez satisfait. N'attendez plus et inscrivez-vous pour avoir un acc\u00e8s complet \u00e0 ces belles filles. Vous les avez \u00e0 port\u00e9e de main et les contacter n'a jamais \u00e9t\u00e9 aussi simple qu'aujourd'hui. Obtenez des fuites de nus \u00e0 partir de Snap chat.<\/p>\t\t\t\t\t\t\t\t<\/div>\n\t\t\t\t<\/div>\n\t\t\t\t\t<\/div>\n\t\t\t\t<\/div>\n\t\t\t\t<\/div>","protected":false},"excerpt":{"rendered":"<p>Best Snapchat Nude Porn Videos, Search Snap Nudes Usernames &#8211;\u00a0Pinay-Nudes.com Free Access to Premium Nude Snapchat Girls Porn Videos \u00a0 Get free access to the best collection of nude snapchat photos and videos. Most of the girls on our site are amateurs who like anal and good classic sex. Do sexting and enjoy hot moments&hellip; <br \/> <a class=\"read-more\" href=\"https:\/\/pinay-nudes.com\/fr\/users\/joy-quezon\/\">Lire la suite<\/a><\/p>","protected":false},"author":1,"featured_media":0,"parent":42,"menu_order":0,"comment_status":"closed","ping_status":"closed","template":"page-templates\/homepage.php","meta":{"_monsterinsights_skip_tracking":false,"_monsterinsights_sitenote_active":false,"_monsterinsights_sitenote_note":"","_monsterinsights_sitenote_category":0,"footnotes":""},"class_list":["post-272","page","type-page","status-publish","hentry"],"aioseo_notices":[],"yoast_head":"<!-- This site is optimized with the Yoast SEO plugin v24.4 - https:\/\/yoast.com\/wordpress\/plugins\/seo\/ -->\n<title>Joy Quezon - Nude Filipina Woman From Snapchat And Sex | Beauty Porn Pics<\/title>\n<meta name=\"robots\" content=\"index, follow, max-snippet:-1, max-image-preview:large, max-video-preview:-1\" \/>\n<link rel=\"canonical\" href=\"https:\/\/pinay-nudes.com\/fr\/users\/joy-quezon\/\" \/>\n<meta property=\"og:locale\" content=\"fr_FR\" \/>\n<meta property=\"og:type\" content=\"article\" \/>\n<meta property=\"og:title\" content=\"Joy Quezon - Nude Filipina Woman From Snapchat And Sex | Beauty Porn Pics\" \/>\n<meta property=\"og:description\" content=\"Best Snapchat Nude Porn Videos, Search Snap Nudes Usernames &#8211;\u00a0Pinay-Nudes.com Free Access to Premium Nude Snapchat Girls Porn Videos \u00a0 Get free access to the best collection of nude snapchat photos and videos. Most of the girls on our site are amateurs who like anal and good classic sex. Do sexting and enjoy hot moments&hellip; Lire la suite\" \/>\n<meta property=\"og:url\" content=\"https:\/\/pinay-nudes.com\/fr\/users\/joy-quezon\/\" \/>\n<meta property=\"og:site_name\" content=\"Nude Filipina Woman From Snapchat And Sex | Beauty Porn Pics\" \/>\n<meta property=\"article:modified_time\" content=\"2025-02-19T01:37:47+00:00\" \/>\n<meta property=\"og:image\" content=\"https:\/\/pinay-nudes.com\/wp-content\/uploads\/2023\/09\/7-1-3.jpg\" \/>\n\t<meta property=\"og:image:width\" content=\"720\" \/>\n\t<meta property=\"og:image:height\" content=\"1280\" \/>\n\t<meta property=\"og:image:type\" content=\"image\/jpeg\" \/>\n<meta name=\"twitter:card\" content=\"summary_large_image\" \/>\n<meta name=\"twitter:label1\" content=\"Dur\u00e9e de lecture estim\u00e9e\" \/>\n\t<meta name=\"twitter:data1\" content=\"3 minutes\" \/>\n<script type=\"application\/ld+json\" class=\"yoast-schema-graph\">{\"@context\":\"https:\/\/schema.org\",\"@graph\":[{\"@type\":\"WebPage\",\"@id\":\"https:\/\/pinay-nudes.com\/users\/joy-quezon\/\",\"url\":\"https:\/\/pinay-nudes.com\/users\/joy-quezon\/\",\"name\":\"Joy Quezon - Nude Filipina Woman From Snapchat And Sex | Beauty Porn Pics\",\"isPartOf\":{\"@id\":\"https:\/\/pinay-nudes.com\/#website\"},\"primaryImageOfPage\":{\"@id\":\"https:\/\/pinay-nudes.com\/users\/joy-quezon\/#primaryimage\"},\"image\":{\"@id\":\"https:\/\/pinay-nudes.com\/users\/joy-quezon\/#primaryimage\"},\"thumbnailUrl\":\"http:\/\/pinay-nudes.com\/wp-content\/uploads\/2023\/09\/7-1-3-576x1024.jpg\",\"datePublished\":\"2023-09-18T02:55:46+00:00\",\"dateModified\":\"2025-02-19T01:37:47+00:00\",\"breadcrumb\":{\"@id\":\"https:\/\/pinay-nudes.com\/users\/joy-quezon\/#breadcrumb\"},\"inLanguage\":\"fr-FR\",\"potentialAction\":[{\"@type\":\"ReadAction\",\"target\":[\"https:\/\/pinay-nudes.com\/users\/joy-quezon\/\"]}]},{\"@type\":\"ImageObject\",\"inLanguage\":\"fr-FR\",\"@id\":\"https:\/\/pinay-nudes.com\/users\/joy-quezon\/#primaryimage\",\"url\":\"http:\/\/pinay-nudes.com\/wp-content\/uploads\/2023\/09\/7-1-3-576x1024.jpg\",\"contentUrl\":\"http:\/\/pinay-nudes.com\/wp-content\/uploads\/2023\/09\/7-1-3-576x1024.jpg\"},{\"@type\":\"BreadcrumbList\",\"@id\":\"https:\/\/pinay-nudes.com\/users\/joy-quezon\/#breadcrumb\",\"itemListElement\":[{\"@type\":\"ListItem\",\"position\":1,\"name\":\"Home\",\"item\":\"https:\/\/pinay-nudes.com\/\"},{\"@type\":\"ListItem\",\"position\":2,\"name\":\"Our Users\",\"item\":\"https:\/\/pinay-nudes.com\/users\/\"},{\"@type\":\"ListItem\",\"position\":3,\"name\":\"Joy Quezon\"}]},{\"@type\":\"WebSite\",\"@id\":\"https:\/\/pinay-nudes.com\/#website\",\"url\":\"https:\/\/pinay-nudes.com\/\",\"name\":\"Nude Filipina Woman From Snapchat And Sex | Beauty Porn Pics\",\"description\":\"Check our Free Porn Gallery with nude beautiful girls. XXX Naked Porn Pics from Hot Naked Girls from Snapchat and Sex Cams. Best Filipina sexy photos\",\"publisher\":{\"@id\":\"https:\/\/pinay-nudes.com\/#organization\"},\"potentialAction\":[{\"@type\":\"SearchAction\",\"target\":{\"@type\":\"EntryPoint\",\"urlTemplate\":\"https:\/\/pinay-nudes.com\/?s={search_term_string}\"},\"query-input\":{\"@type\":\"PropertyValueSpecification\",\"valueRequired\":true,\"valueName\":\"search_term_string\"}}],\"inLanguage\":\"fr-FR\"},{\"@type\":\"Organization\",\"@id\":\"https:\/\/pinay-nudes.com\/#organization\",\"name\":\"Nude Filipina Woman From Snapchat And Sex | Beauty Porn Pics\",\"url\":\"https:\/\/pinay-nudes.com\/\",\"logo\":{\"@type\":\"ImageObject\",\"inLanguage\":\"fr-FR\",\"@id\":\"https:\/\/pinay-nudes.com\/#\/schema\/logo\/image\/\",\"url\":\"https:\/\/pinay-nudes.com\/wp-content\/uploads\/2023\/09\/cropped-cropped-logo2-1.png\",\"contentUrl\":\"https:\/\/pinay-nudes.com\/wp-content\/uploads\/2023\/09\/cropped-cropped-logo2-1.png\",\"width\":512,\"height\":512,\"caption\":\"Nude Filipina Woman From Snapchat And Sex | Beauty Porn Pics \"},\"image\":{\"@id\":\"https:\/\/pinay-nudes.com\/#\/schema\/logo\/image\/\"}}]}<\/script>\n<!-- \/ Yoast SEO plugin. -->","yoast_head_json":{"title":"Joy Quezon - Nude Filipina Woman From Snapchat And Sex | Beauty Porn Pics","robots":{"index":"index","follow":"follow","max-snippet":"max-snippet:-1","max-image-preview":"max-image-preview:large","max-video-preview":"max-video-preview:-1"},"canonical":"https:\/\/pinay-nudes.com\/fr\/users\/joy-quezon\/","og_locale":"fr_FR","og_type":"article","og_title":"Joy Quezon - Nude Filipina Woman From Snapchat And Sex | Beauty Porn Pics","og_description":"Best Snapchat Nude Porn Videos, Search Snap Nudes Usernames &#8211;\u00a0Pinay-Nudes.com Free Access to Premium Nude Snapchat Girls Porn Videos \u00a0 Get free access to the best collection of nude snapchat photos and videos. Most of the girls on our site are amateurs who like anal and good classic sex. Do sexting and enjoy hot moments&hellip; Lire la suite","og_url":"https:\/\/pinay-nudes.com\/fr\/users\/joy-quezon\/","og_site_name":"Nude Filipina Woman From Snapchat And Sex | Beauty Porn Pics","article_modified_time":"2025-02-19T01:37:47+00:00","og_image":[{"width":720,"height":1280,"url":"https:\/\/pinay-nudes.com\/wp-content\/uploads\/2023\/09\/7-1-3.jpg","type":"image\/jpeg"}],"twitter_card":"summary_large_image","twitter_misc":{"Dur\u00e9e de lecture estim\u00e9e":"3 minutes"},"schema":{"@context":"https:\/\/schema.org","@graph":[{"@type":"WebPage","@id":"https:\/\/pinay-nudes.com\/users\/joy-quezon\/","url":"https:\/\/pinay-nudes.com\/users\/joy-quezon\/","name":"Joy Quezon - Nude Filipina Woman From Snapchat And Sex | Beauty Porn Pics","isPartOf":{"@id":"https:\/\/pinay-nudes.com\/#website"},"primaryImageOfPage":{"@id":"https:\/\/pinay-nudes.com\/users\/joy-quezon\/#primaryimage"},"image":{"@id":"https:\/\/pinay-nudes.com\/users\/joy-quezon\/#primaryimage"},"thumbnailUrl":"http:\/\/pinay-nudes.com\/wp-content\/uploads\/2023\/09\/7-1-3-576x1024.jpg","datePublished":"2023-09-18T02:55:46+00:00","dateModified":"2025-02-19T01:37:47+00:00","breadcrumb":{"@id":"https:\/\/pinay-nudes.com\/users\/joy-quezon\/#breadcrumb"},"inLanguage":"fr-FR","potentialAction":[{"@type":"ReadAction","target":["https:\/\/pinay-nudes.com\/users\/joy-quezon\/"]}]},{"@type":"ImageObject","inLanguage":"fr-FR","@id":"https:\/\/pinay-nudes.com\/users\/joy-quezon\/#primaryimage","url":"http:\/\/pinay-nudes.com\/wp-content\/uploads\/2023\/09\/7-1-3-576x1024.jpg","contentUrl":"http:\/\/pinay-nudes.com\/wp-content\/uploads\/2023\/09\/7-1-3-576x1024.jpg"},{"@type":"BreadcrumbList","@id":"https:\/\/pinay-nudes.com\/users\/joy-quezon\/#breadcrumb","itemListElement":[{"@type":"ListItem","position":1,"name":"Home","item":"https:\/\/pinay-nudes.com\/"},{"@type":"ListItem","position":2,"name":"Our Users","item":"https:\/\/pinay-nudes.com\/users\/"},{"@type":"ListItem","position":3,"name":"Joy Quezon"}]},{"@type":"WebSite","@id":"https:\/\/pinay-nudes.com\/#website","url":"https:\/\/pinay-nudes.com\/","name":"Nude Filipina Woman From Snapchat And Sex | Beauty Porn Pics","description":"Check our Free Porn Gallery with nude beautiful girls. XXX Naked Porn Pics from Hot Naked Girls from Snapchat and Sex Cams. Best Filipina sexy photos","publisher":{"@id":"https:\/\/pinay-nudes.com\/#organization"},"potentialAction":[{"@type":"SearchAction","target":{"@type":"EntryPoint","urlTemplate":"https:\/\/pinay-nudes.com\/?s={search_term_string}"},"query-input":{"@type":"PropertyValueSpecification","valueRequired":true,"valueName":"search_term_string"}}],"inLanguage":"fr-FR"},{"@type":"Organization","@id":"https:\/\/pinay-nudes.com\/#organization","name":"Nude Filipina Woman From Snapchat And Sex | Beauty Porn Pics","url":"https:\/\/pinay-nudes.com\/","logo":{"@type":"ImageObject","inLanguage":"fr-FR","@id":"https:\/\/pinay-nudes.com\/#\/schema\/logo\/image\/","url":"https:\/\/pinay-nudes.com\/wp-content\/uploads\/2023\/09\/cropped-cropped-logo2-1.png","contentUrl":"https:\/\/pinay-nudes.com\/wp-content\/uploads\/2023\/09\/cropped-cropped-logo2-1.png","width":512,"height":512,"caption":"Nude Filipina Woman From Snapchat And Sex | Beauty Porn Pics "},"image":{"@id":"https:\/\/pinay-nudes.com\/#\/schema\/logo\/image\/"}}]}},"_links":{"self":[{"href":"https:\/\/pinay-nudes.com\/fr\/wp-json\/wp\/v2\/pages\/272","targetHints":{"allow":["GET"]}}],"collection":[{"href":"https:\/\/pinay-nudes.com\/fr\/wp-json\/wp\/v2\/pages"}],"about":[{"href":"https:\/\/pinay-nudes.com\/fr\/wp-json\/wp\/v2\/types\/page"}],"author":[{"embeddable":true,"href":"https:\/\/pinay-nudes.com\/fr\/wp-json\/wp\/v2\/users\/1"}],"replies":[{"embeddable":true,"href":"https:\/\/pinay-nudes.com\/fr\/wp-json\/wp\/v2\/comments?post=272"}],"version-history":[{"count":58,"href":"https:\/\/pinay-nudes.com\/fr\/wp-json\/wp\/v2\/pages\/272\/revisions"}],"predecessor-version":[{"id":2428,"href":"https:\/\/pinay-nudes.com\/fr\/wp-json\/wp\/v2\/pages\/272\/revisions\/2428"}],"up":[{"embeddable":true,"href":"https:\/\/pinay-nudes.com\/fr\/wp-json\/wp\/v2\/pages\/42"}],"wp:attachment":[{"href":"https:\/\/pinay-nudes.com\/fr\/wp-json\/wp\/v2\/media?parent=272"}],"curies":[{"name":"wp","href":"https:\/\/api.w.org\/{rel}","templated":true}]}}