{"id":278,"date":"2023-09-18T03:55:46","date_gmt":"2023-09-18T02:55:46","guid":{"rendered":"https:\/\/pinay-nudes.com\/?page_id=278"},"modified":"2025-02-19T01:35:57","modified_gmt":"2025-02-19T01:35:57","slug":"rodalyn-makati","status":"publish","type":"page","link":"https:\/\/pinay-nudes.com\/fi\/users\/rodalyn-makati\/","title":{"rendered":"Rodalyn Makati"},"content":{"rendered":"<div data-elementor-type=\"wp-page\" data-elementor-id=\"278\" class=\"elementor elementor-278\">\n\t\t\t\t<div class=\"elementor-element elementor-element-1bdbaf0 e-flex e-con-boxed e-con e-parent\" data-id=\"1bdbaf0\" data-element_type=\"container\">\n\t\t\t\t\t<div class=\"e-con-inner\">\n\t\t\t\t<div class=\"elementor-element elementor-element-db464c8 elementor-widget elementor-widget-text-editor\" data-id=\"db464c8\" data-element_type=\"widget\" data-widget_type=\"text-editor.default\">\n\t\t\t\t<div class=\"elementor-widget-container\">\n\t\t\t\t\t\t\t\t\t<center><h1>Snapchat alastonkuvat Pornovideot kooste, Sexting k\u00e4ytt\u00e4j\u00e4tunnukset, Aasialaiset seksikameratyt\u00f6t<\/h1><\/center>\t\t\t\t\t\t\t\t<\/div>\n\t\t\t\t<\/div>\n\t\t\t\t\t<\/div>\n\t\t\t\t<\/div>\n\t\t<div class=\"elementor-element elementor-element-63e44db e-flex e-con-boxed e-con e-parent\" data-id=\"63e44db\" data-element_type=\"container\">\n\t\t\t\t\t<div class=\"e-con-inner\">\n\t\t\t\t<div class=\"elementor-element elementor-element-f3c88ff elementor-widget elementor-widget-text-editor\" data-id=\"f3c88ff\" data-element_type=\"widget\" data-widget_type=\"text-editor.default\">\n\t\t\t\t<div class=\"elementor-widget-container\">\n\t\t\t\t\t\t\t\t\t<h2>Ilmaisia filippiinil\u00e4isi\u00e4 alastonkuvia Snapchatista ja seksikameroista<\/h2><p>Oletko kyll\u00e4stynyt vaimoosi ja etsit viihdett\u00e4? Olet oikealla sivustolla, josta l\u00f6yd\u00e4t paljon kuumia ja riisuttuja filipinoja snapchatista ja muista sosiaalisista verkostoista. Sinulle laatimamme galleria on t\u00e4ysin ilmainen ja voit k\u00e4ytt\u00e4\u00e4 sit\u00e4 koko ajan. Etsi suosikkifilippiinil\u00e4istytt\u00f6si ja ty\u00f6nn\u00e4 kalusi h\u00e4nen pilluunsa.<\/p><p>Galleriassamme on my\u00f6s parhaita laadukkaita pornovideoita filippiinil\u00e4isist\u00e4 naisista, mukaan lukien monet skandaalit Manilan Makatin alueen hotelleissa. Tytt\u00f6mme ovat avoimia uusille yst\u00e4vyyssuhteille, joten jos etsit seksi\u00e4, l\u00f6yd\u00e4t sen t\u00e4\u00e4lt\u00e4.<\/p>\t\t\t\t\t\t\t\t<\/div>\n\t\t\t\t<\/div>\n\t\t\t\t\t<\/div>\n\t\t\t\t<\/div>\n\t\t<div class=\"elementor-element elementor-element-248d713 e-flex e-con-boxed e-con e-parent\" data-id=\"248d713\" data-element_type=\"container\">\n\t\t\t\t\t<div class=\"e-con-inner\">\n\t\t\t\t<div class=\"elementor-element elementor-element-6902e87 elementor-widget elementor-widget-html\" data-id=\"6902e87\" data-element_type=\"widget\" data-widget_type=\"html.default\">\n\t\t\t\t<div class=\"elementor-widget-container\">\n\t\t\t\t\t<iframe scrolling=\"no\" frameborder=\"0\" height=\"300\" style=\"width:100%;min-width:70px;\" src=\"https:\/\/bngdin.com\/promo.php?c=787642&type=dynamic_banner&new_banner=0&db%5Bwidth%5D=160&db%5Bheight%5D=300&db%5Btype%5D=live&db%5Bmodel_zone%5D=free&db%5Bheader%5D=0&db%5Bfooter%5D=footer_text_1&db%5Bmlang%5D=1&db%5Bfullscreen%5D=&db%5Bmname%5D=1&db%5Bmlink%5D=1&db%5Bmstatus%5D=1&db%5Bmsize%5D=auto&db%5Bmpad%5D=1&db%5Bmwidth%5D=156&db%5Bcolor_scheme%5D=dark&db%5Bmborder%5D=solid&db%5Bmborder_color%5D=%23ffffff&db%5Bmborder_over_color%5D=%23a02239&db%5Bmshadow%5D=0&db%5Bmodels_by_geo%5D=0&db%5Bautoupdate%5D=1&db%5Btopmodels%5D=1&db%5Blanding%5D=chat&db%5Blogo_color%5D=negative&db%5Blogo_align%5D=left&db%5Bbg_color%5D=%23222222&db%5Bfont_family%5D=Trebuchet+MS&db%5Btext_align%5D=center&db%5Btext_color%5D=%23ffffff&db%5Blink_color%5D=%2396009e&db%5Beffect%5D=auto&db%5Beffect_speed%5D=optimal&db%5Bmode%5D=mode1&db%5Badaptive%5D=1&db%5Bslider%5D=0&db%5Bchat%5D=0\"><\/iframe>\t\t\t\t<\/div>\n\t\t\t\t<\/div>\n\t\t\t\t\t<\/div>\n\t\t\t\t<\/div>\n\t\t<div class=\"elementor-element elementor-element-2b0feb7 e-con-full e-flex e-con e-parent\" data-id=\"2b0feb7\" data-element_type=\"container\">\n\t\t<div class=\"elementor-element elementor-element-bb9458a e-con-full e-flex e-con e-child\" data-id=\"bb9458a\" data-element_type=\"container\">\n\t\t\t\t<div class=\"elementor-element elementor-element-dab4069 elementor-widget elementor-widget-image\" data-id=\"dab4069\" data-element_type=\"widget\" data-widget_type=\"image.default\">\n\t\t\t\t<div class=\"elementor-widget-container\">\n\t\t\t\t\t\t\t\t\t\t\t\t\t\t\t<img fetchpriority=\"high\" decoding=\"async\" width=\"685\" height=\"1024\" src=\"https:\/\/pinay-nudes.com\/wp-content\/uploads\/2023\/09\/w8rwedkcki991-4-685x1024.jpg\" class=\"attachment-large size-large wp-image-229\" alt=\"\" srcset=\"https:\/\/pinay-nudes.com\/wp-content\/uploads\/2023\/09\/w8rwedkcki991-4-685x1024.jpg 685w, https:\/\/pinay-nudes.com\/wp-content\/uploads\/2023\/09\/w8rwedkcki991-4-201x300.jpg 201w, https:\/\/pinay-nudes.com\/wp-content\/uploads\/2023\/09\/w8rwedkcki991-4-768x1148.jpg 768w, https:\/\/pinay-nudes.com\/wp-content\/uploads\/2023\/09\/w8rwedkcki991-4-1028x1536.jpg 1028w, https:\/\/pinay-nudes.com\/wp-content\/uploads\/2023\/09\/w8rwedkcki991-4-1024x1530.jpg 1024w, https:\/\/pinay-nudes.com\/wp-content\/uploads\/2023\/09\/w8rwedkcki991-4-723x1080.jpg 723w, https:\/\/pinay-nudes.com\/wp-content\/uploads\/2023\/09\/w8rwedkcki991-4.jpg 1183w\" sizes=\"(max-width: 685px) 100vw, 685px\" \/>\t\t\t\t\t\t\t\t\t\t\t\t\t\t\t<\/div>\n\t\t\t\t<\/div>\n\t\t\t\t<\/div>\n\t\t<div class=\"elementor-element elementor-element-74ea0a2 e-con-full e-flex e-con e-child\" data-id=\"74ea0a2\" data-element_type=\"container\">\n\t\t\t\t<div class=\"elementor-element elementor-element-bd0e602 elementor-widget elementor-widget-heading\" data-id=\"bd0e602\" data-element_type=\"widget\" data-widget_type=\"heading.default\">\n\t\t\t\t<div class=\"elementor-widget-container\">\n\t\t\t\t\t<h2 class=\"elementor-heading-title elementor-size-default\">Rodalyn, Makati Manila<\/h2>\t\t\t\t<\/div>\n\t\t\t\t<\/div>\n\t\t\t\t<div class=\"elementor-element elementor-element-227d29d elementor-widget elementor-widget-text-editor\" data-id=\"227d29d\" data-element_type=\"widget\" data-widget_type=\"text-editor.default\">\n\t\t\t\t<div class=\"elementor-widget-container\">\n\t\t\t\t\t\t\t\t\t<p>Hei, nimeni on Rodalyn. Pid\u00e4n siit\u00e4, ett\u00e4 minua kutsutaan Rodaksi ja muiksi lyhenteiksi. Ty\u00f6skentelen p\u00e4ivitt\u00e4in sihteerin\u00e4 er\u00e4\u00e4ss\u00e4 Makatissa sijaitsevassa yrityksess\u00e4. Olen uusi t\u00e4ss\u00e4 kaupungissa ja tunnen itseni hieman yksin\u00e4iseksi. Pid\u00e4n juhlimisesta, mutta my\u00f6s rauhallisista illoista.<\/p>\t\t\t\t\t\t\t\t<\/div>\n\t\t\t\t<\/div>\n\t\t\t\t<div class=\"elementor-element elementor-element-65926ff elementor-shape-rounded elementor-grid-0 e-grid-align-center elementor-widget elementor-widget-social-icons\" data-id=\"65926ff\" data-element_type=\"widget\" data-widget_type=\"social-icons.default\">\n\t\t\t\t<div class=\"elementor-widget-container\">\n\t\t\t\t\t\t\t<div class=\"elementor-social-icons-wrapper elementor-grid\">\n\t\t\t\t\t\t\t<span class=\"elementor-grid-item\">\n\t\t\t\t\t<a class=\"elementor-icon elementor-social-icon elementor-social-icon-facebook elementor-repeater-item-966ee37\" href=\"https:\/\/pinay-nudes.com\/fi\/cb\/register\/\" target=\"_blank\">\n\t\t\t\t\t\t<span class=\"elementor-screen-only\">Facebook<\/span>\n\t\t\t\t\t\t<i class=\"fab fa-facebook\"><\/i>\t\t\t\t\t<\/a>\n\t\t\t\t<\/span>\n\t\t\t\t\t\t\t<span class=\"elementor-grid-item\">\n\t\t\t\t\t<a class=\"elementor-icon elementor-social-icon elementor-social-icon-instagram elementor-repeater-item-47b44c9\" href=\"https:\/\/pinay-nudes.com\/fi\/nk\/register\/\" target=\"_blank\">\n\t\t\t\t\t\t<span class=\"elementor-screen-only\">Instagram<\/span>\n\t\t\t\t\t\t<i class=\"fab fa-instagram\"><\/i>\t\t\t\t\t<\/a>\n\t\t\t\t<\/span>\n\t\t\t\t\t\t\t<span class=\"elementor-grid-item\">\n\t\t\t\t\t<a class=\"elementor-icon elementor-social-icon elementor-social-icon-snapchat elementor-repeater-item-a214105\" href=\"https:\/\/pinay-nudes.com\/fi\/cb\/register\/\" target=\"_blank\">\n\t\t\t\t\t\t<span class=\"elementor-screen-only\">Snapchat<\/span>\n\t\t\t\t\t\t<i class=\"fab fa-snapchat\"><\/i>\t\t\t\t\t<\/a>\n\t\t\t\t<\/span>\n\t\t\t\t\t<\/div>\n\t\t\t\t\t\t<\/div>\n\t\t\t\t<\/div>\n\t\t\t\t<div class=\"elementor-element elementor-element-837b558 elementor-invisible elementor-widget elementor-widget-text-editor\" data-id=\"837b558\" data-element_type=\"widget\" data-settings=\"{&quot;_animation&quot;:&quot;jello&quot;}\" data-widget_type=\"text-editor.default\">\n\t\t\t\t<div class=\"elementor-widget-container\">\n\t\t\t\t\t\t\t\t\t<p><strong>17,446<\/strong><\/p>\t\t\t\t\t\t\t\t<\/div>\n\t\t\t\t<\/div>\n\t\t\t\t<div class=\"elementor-element elementor-element-c00cf04 elementor-widget elementor-widget-text-editor\" data-id=\"c00cf04\" data-element_type=\"widget\" data-widget_type=\"text-editor.default\">\n\t\t\t\t<div class=\"elementor-widget-container\">\n\t\t\t\t\t\t\t\t\t<p>Seuraajat<\/p>\t\t\t\t\t\t\t\t<\/div>\n\t\t\t\t<\/div>\n\t\t\t\t<div class=\"elementor-element elementor-element-145180a elementor-widget elementor-widget-text-editor\" data-id=\"145180a\" data-element_type=\"widget\" data-widget_type=\"text-editor.default\">\n\t\t\t\t<div class=\"elementor-widget-container\">\n\t\t\t\t\t\t\t\t\t<p><strong>Olen verkossa!<\/strong><\/p><p>Keskim\u00e4\u00e4r\u00e4inen vastausaika 5-45 minuuttia<\/p>\t\t\t\t\t\t\t\t<\/div>\n\t\t\t\t<\/div>\n\t\t\t\t<div class=\"elementor-element elementor-element-7b63e55 elementor-align-center elementor-widget elementor-widget-button\" data-id=\"7b63e55\" data-element_type=\"widget\" data-widget_type=\"button.default\">\n\t\t\t\t<div class=\"elementor-widget-container\">\n\t\t\t\t\t\t\t\t\t<div class=\"elementor-button-wrapper\">\n\t\t\t\t\t<a class=\"elementor-button elementor-button-link elementor-size-sm\" href=\"https:\/\/pinay-nudes.com\/fi\/nk1\/register\/\">\n\t\t\t\t\t\t<span class=\"elementor-button-content-wrapper\">\n\t\t\t\t\t\t\t\t\t<span class=\"elementor-button-text\">Ota yhteytt\u00e4 minuun<\/span>\n\t\t\t\t\t<\/span>\n\t\t\t\t\t<\/a>\n\t\t\t\t<\/div>\n\t\t\t\t\t\t\t\t<\/div>\n\t\t\t\t<\/div>\n\t\t\t\t<div class=\"elementor-element elementor-element-42b5c85 elementor-star-rating--align-center elementor--star-style-star_fontawesome elementor-widget elementor-widget-star-rating\" data-id=\"42b5c85\" data-element_type=\"widget\" data-widget_type=\"star-rating.default\">\n\t\t\t\t<div class=\"elementor-widget-container\">\n\t\t\t\t\t\n\t\t<div class=\"elementor-star-rating__wrapper\">\n\t\t\t\t\t\t\t<div class=\"elementor-star-rating__title\">Profiilin arvostelu:<\/div>\n\t\t\t\t\t\t<div class=\"elementor-star-rating\" title=\"4.8\/5\" itemtype=\"http:\/\/schema.org\/Rating\" itemscope=\"\" itemprop=\"reviewRating\"><i class=\"elementor-star-full\">&#xE934;<\/i><i class=\"elementor-star-full\">&#xE934;<\/i><i class=\"elementor-star-full\">&#xE934;<\/i><i class=\"elementor-star-full\">&#xE934;<\/i><i class=\"elementor-star-8\">&#xE934;<\/i> <span itemprop=\"ratingValue\" class=\"elementor-screen-only\">4.8\/5<\/span><\/div>\t\t<\/div>\n\t\t\t\t\t\t<\/div>\n\t\t\t\t<\/div>\n\t\t\t\t<\/div>\n\t\t\t\t<\/div>\n\t\t<div class=\"elementor-element elementor-element-d4f2c4b e-flex e-con-boxed e-con e-parent\" data-id=\"d4f2c4b\" data-element_type=\"container\">\n\t\t\t\t\t<div class=\"e-con-inner\">\n\t\t\t\t<div class=\"elementor-element elementor-element-7bfd080 elementor-widget elementor-widget-image\" data-id=\"7bfd080\" data-element_type=\"widget\" data-widget_type=\"image.default\">\n\t\t\t\t<div class=\"elementor-widget-container\">\n\t\t\t\t\t\t\t\t\t\t\t\t\t\t\t\t<a href=\"https:\/\/pinay-nudes.com\/fi\/go\/chaturbate\/\">\n\t\t\t\t\t\t\t<img decoding=\"async\" width=\"728\" height=\"90\" src=\"https:\/\/pinay-nudes.com\/wp-content\/uploads\/2023\/09\/CB-728-2.jpg\" class=\"attachment-large size-large wp-image-449\" alt=\"\" srcset=\"https:\/\/pinay-nudes.com\/wp-content\/uploads\/2023\/09\/CB-728-2.jpg 728w, https:\/\/pinay-nudes.com\/wp-content\/uploads\/2023\/09\/CB-728-2-300x37.jpg 300w\" sizes=\"(max-width: 728px) 100vw, 728px\" \/>\t\t\t\t\t\t\t\t<\/a>\n\t\t\t\t\t\t\t\t\t\t\t\t\t\t\t<\/div>\n\t\t\t\t<\/div>\n\t\t\t\t\t<\/div>\n\t\t\t\t<\/div>\n\t\t<div class=\"elementor-element elementor-element-9b6cd03 e-flex e-con-boxed e-con e-parent\" data-id=\"9b6cd03\" data-element_type=\"container\">\n\t\t\t\t\t<div class=\"e-con-inner\">\n\t\t\t\t<div class=\"elementor-element elementor-element-d542d8f elementor-widget elementor-widget-text-editor\" data-id=\"d542d8f\" data-element_type=\"widget\" data-widget_type=\"text-editor.default\">\n\t\t\t\t<div class=\"elementor-widget-container\">\n\t\t\t\t\t\t\t\t\t<h2>Katso alasti filippiinil\u00e4inen alaston filippiinil\u00e4inen amat\u00f6\u00f6ri porno<\/h2><p>Etsi ja l\u00f6yd\u00e4 parasta amat\u00f6\u00f6ripornoa Filippiineilt\u00e4, mukaan lukien jalkafetissit, naiset, jotka rakastavat anaaliseksi\u00e4 ja sperman nielemist\u00e4. L\u00f6yd\u00e4t sivustoltamme kaiken haluamasi, ja kiimaiset tyt\u00f6t jopa odottavat, ett\u00e4 annat h\u00e4nelle kalusi suuhun. Parasta XXX-sis\u00e4lt\u00f6\u00e4 kauniista tyt\u00f6ist\u00e4 Filippiineilt\u00e4.<\/p><p>Pornovideot, joissa on riisuttuja ja kuumia filippiinil\u00e4isi\u00e4, ovat saatavilla k\u00e4den ulottuvilla. Makatin tyt\u00f6t rakastavat seksi\u00e4 ja isoja kaluja perseess\u00e4\u00e4n. L\u00f6yd\u00e4 suosikkisi ja kutsu h\u00e4net kahville ja kovaan seksiin tai pyyd\u00e4 h\u00e4nt\u00e4 n\u00e4ytt\u00e4m\u00e4\u00e4n pillunsa snapchatissa. P\u00e4\u00e4set k\u00e4siksi parhaisiin filippiinil\u00e4isten pornovideoihin. Kuumin filippiinil\u00e4inen haluaa tulla sinun nussittavaksi joka p\u00e4iv\u00e4!<\/p><p>\u00a0<\/p><h2>Rekister\u00f6idy t\u00e4n\u00e4\u00e4n sivustollamme ja etsi tytt\u00f6j\u00e4 Makatista<\/h2><p>Tarkista TOP Aasialainen porno alaston filippiinil\u00e4inen. Manilan tytt\u00f6j\u00e4 pidet\u00e4\u00e4n maailman kauneimpina ja seksikk\u00e4impin\u00e4. Joka vuosi he voittavat maailmankaikkeuden kilpailuja. He ovat paras valinta, jonka voit tehd\u00e4. Rekister\u00f6idy palveluumme t\u00e4ysin ilmaiseksi, eik\u00e4 luottokorttitietoja tarvita.  Naked Filipina Porn p\u00e4ivittyy p\u00e4ivitt\u00e4in, joten \u00e4l\u00e4 unohda vierailla meill\u00e4 usein.<\/p><p>Rekister\u00f6itym\u00e4ll\u00e4 saat p\u00e4\u00e4syn live-tytt\u00f6kameroihin, mahdollisuuden ottaa suoraan yhteytt\u00e4 naisiin ja mahdollisuuden tavata kahville tai pitk\u00e4\u00e4n kuumaan seksiin. Rakastu pinay ja nauti el\u00e4m\u00e4st\u00e4 kuuman filipinan kanssa. Katso ilmaisia pornoa suosittuja videoita.\u00a0<\/p>\t\t\t\t\t\t\t\t<\/div>\n\t\t\t\t<\/div>\n\t\t\t\t\t<\/div>\n\t\t\t\t<\/div>\n\t\t\t\t<\/div>","protected":false},"excerpt":{"rendered":"<p>Snapchat Nudes Porn Videos Compilation, Sexting Usernames, Asian Sexcam Girls Free Filipina Nude Photos from Snapchat and Sex Cams Are you bored with your wife and looking for entertainment? You are on the right website, where you will find a lot of hot and undressed filipinas from snapchat and other social networks. The gallery we&hellip; <br \/> <a class=\"read-more\" href=\"https:\/\/pinay-nudes.com\/fi\/users\/rodalyn-makati\/\">Read more<\/a><\/p>","protected":false},"author":1,"featured_media":0,"parent":42,"menu_order":0,"comment_status":"closed","ping_status":"closed","template":"page-templates\/homepage.php","meta":{"_monsterinsights_skip_tracking":false,"_monsterinsights_sitenote_active":false,"_monsterinsights_sitenote_note":"","_monsterinsights_sitenote_category":0,"footnotes":""},"class_list":["post-278","page","type-page","status-publish","hentry"],"aioseo_notices":[],"yoast_head":"<!-- This site is optimized with the Yoast SEO plugin v24.4 - https:\/\/yoast.com\/wordpress\/plugins\/seo\/ -->\n<title>Rodalyn Makati - Nude Filipina Woman From Snapchat And Sex | Beauty Porn Pics<\/title>\n<meta name=\"robots\" content=\"index, follow, max-snippet:-1, max-image-preview:large, max-video-preview:-1\" \/>\n<link rel=\"canonical\" href=\"https:\/\/pinay-nudes.com\/fi\/users\/rodalyn-makati\/\" \/>\n<meta property=\"og:locale\" content=\"fi_FI\" \/>\n<meta property=\"og:type\" content=\"article\" \/>\n<meta property=\"og:title\" content=\"Rodalyn Makati - Nude Filipina Woman From Snapchat And Sex | Beauty Porn Pics\" \/>\n<meta property=\"og:description\" content=\"Snapchat Nudes Porn Videos Compilation, Sexting Usernames, Asian Sexcam Girls Free Filipina Nude Photos from Snapchat and Sex Cams Are you bored with your wife and looking for entertainment? You are on the right website, where you will find a lot of hot and undressed filipinas from snapchat and other social networks. The gallery we&hellip; Read more\" \/>\n<meta property=\"og:url\" content=\"https:\/\/pinay-nudes.com\/fi\/users\/rodalyn-makati\/\" \/>\n<meta property=\"og:site_name\" content=\"Nude Filipina Woman From Snapchat And Sex | Beauty Porn Pics\" \/>\n<meta property=\"article:modified_time\" content=\"2025-02-19T01:35:57+00:00\" \/>\n<meta property=\"og:image\" content=\"https:\/\/pinay-nudes.com\/wp-content\/uploads\/2023\/09\/w8rwedkcki991-4.jpg\" \/>\n\t<meta property=\"og:image:width\" content=\"1183\" \/>\n\t<meta property=\"og:image:height\" content=\"1768\" \/>\n\t<meta property=\"og:image:type\" content=\"image\/jpeg\" \/>\n<meta name=\"twitter:card\" content=\"summary_large_image\" \/>\n<meta name=\"twitter:label1\" content=\"Arvioitu lukuaika\" \/>\n\t<meta name=\"twitter:data1\" content=\"3 minuuttia\" \/>\n<script type=\"application\/ld+json\" class=\"yoast-schema-graph\">{\"@context\":\"https:\/\/schema.org\",\"@graph\":[{\"@type\":\"WebPage\",\"@id\":\"https:\/\/pinay-nudes.com\/users\/rodalyn-makati\/\",\"url\":\"https:\/\/pinay-nudes.com\/users\/rodalyn-makati\/\",\"name\":\"Rodalyn Makati - Nude Filipina Woman From Snapchat And Sex | Beauty Porn Pics\",\"isPartOf\":{\"@id\":\"https:\/\/pinay-nudes.com\/#website\"},\"primaryImageOfPage\":{\"@id\":\"https:\/\/pinay-nudes.com\/users\/rodalyn-makati\/#primaryimage\"},\"image\":{\"@id\":\"https:\/\/pinay-nudes.com\/users\/rodalyn-makati\/#primaryimage\"},\"thumbnailUrl\":\"http:\/\/pinay-nudes.com\/wp-content\/uploads\/2023\/09\/w8rwedkcki991-4-685x1024.jpg\",\"datePublished\":\"2023-09-18T02:55:46+00:00\",\"dateModified\":\"2025-02-19T01:35:57+00:00\",\"breadcrumb\":{\"@id\":\"https:\/\/pinay-nudes.com\/users\/rodalyn-makati\/#breadcrumb\"},\"inLanguage\":\"fi\",\"potentialAction\":[{\"@type\":\"ReadAction\",\"target\":[\"https:\/\/pinay-nudes.com\/users\/rodalyn-makati\/\"]}]},{\"@type\":\"ImageObject\",\"inLanguage\":\"fi\",\"@id\":\"https:\/\/pinay-nudes.com\/users\/rodalyn-makati\/#primaryimage\",\"url\":\"http:\/\/pinay-nudes.com\/wp-content\/uploads\/2023\/09\/w8rwedkcki991-4-685x1024.jpg\",\"contentUrl\":\"http:\/\/pinay-nudes.com\/wp-content\/uploads\/2023\/09\/w8rwedkcki991-4-685x1024.jpg\"},{\"@type\":\"BreadcrumbList\",\"@id\":\"https:\/\/pinay-nudes.com\/users\/rodalyn-makati\/#breadcrumb\",\"itemListElement\":[{\"@type\":\"ListItem\",\"position\":1,\"name\":\"Home\",\"item\":\"https:\/\/pinay-nudes.com\/\"},{\"@type\":\"ListItem\",\"position\":2,\"name\":\"Our Users\",\"item\":\"https:\/\/pinay-nudes.com\/users\/\"},{\"@type\":\"ListItem\",\"position\":3,\"name\":\"Rodalyn Makati\"}]},{\"@type\":\"WebSite\",\"@id\":\"https:\/\/pinay-nudes.com\/#website\",\"url\":\"https:\/\/pinay-nudes.com\/\",\"name\":\"Nude Filipina Woman From Snapchat And Sex | Beauty Porn Pics\",\"description\":\"Check our Free Porn Gallery with nude beautiful girls. XXX Naked Porn Pics from Hot Naked Girls from Snapchat and Sex Cams. Best Filipina sexy photos\",\"publisher\":{\"@id\":\"https:\/\/pinay-nudes.com\/#organization\"},\"potentialAction\":[{\"@type\":\"SearchAction\",\"target\":{\"@type\":\"EntryPoint\",\"urlTemplate\":\"https:\/\/pinay-nudes.com\/?s={search_term_string}\"},\"query-input\":{\"@type\":\"PropertyValueSpecification\",\"valueRequired\":true,\"valueName\":\"search_term_string\"}}],\"inLanguage\":\"fi\"},{\"@type\":\"Organization\",\"@id\":\"https:\/\/pinay-nudes.com\/#organization\",\"name\":\"Nude Filipina Woman From Snapchat And Sex | Beauty Porn Pics\",\"url\":\"https:\/\/pinay-nudes.com\/\",\"logo\":{\"@type\":\"ImageObject\",\"inLanguage\":\"fi\",\"@id\":\"https:\/\/pinay-nudes.com\/#\/schema\/logo\/image\/\",\"url\":\"https:\/\/pinay-nudes.com\/wp-content\/uploads\/2023\/09\/cropped-cropped-logo2-1.png\",\"contentUrl\":\"https:\/\/pinay-nudes.com\/wp-content\/uploads\/2023\/09\/cropped-cropped-logo2-1.png\",\"width\":512,\"height\":512,\"caption\":\"Nude Filipina Woman From Snapchat And Sex | Beauty Porn Pics \"},\"image\":{\"@id\":\"https:\/\/pinay-nudes.com\/#\/schema\/logo\/image\/\"}}]}<\/script>\n<!-- \/ Yoast SEO plugin. -->","yoast_head_json":{"title":"Rodalyn Makati - Nude Filipina Woman From Snapchat And Sex | Beauty Porn Pics","robots":{"index":"index","follow":"follow","max-snippet":"max-snippet:-1","max-image-preview":"max-image-preview:large","max-video-preview":"max-video-preview:-1"},"canonical":"https:\/\/pinay-nudes.com\/fi\/users\/rodalyn-makati\/","og_locale":"fi_FI","og_type":"article","og_title":"Rodalyn Makati - Nude Filipina Woman From Snapchat And Sex | Beauty Porn Pics","og_description":"Snapchat Nudes Porn Videos Compilation, Sexting Usernames, Asian Sexcam Girls Free Filipina Nude Photos from Snapchat and Sex Cams Are you bored with your wife and looking for entertainment? You are on the right website, where you will find a lot of hot and undressed filipinas from snapchat and other social networks. The gallery we&hellip; Read more","og_url":"https:\/\/pinay-nudes.com\/fi\/users\/rodalyn-makati\/","og_site_name":"Nude Filipina Woman From Snapchat And Sex | Beauty Porn Pics","article_modified_time":"2025-02-19T01:35:57+00:00","og_image":[{"width":1183,"height":1768,"url":"https:\/\/pinay-nudes.com\/wp-content\/uploads\/2023\/09\/w8rwedkcki991-4.jpg","type":"image\/jpeg"}],"twitter_card":"summary_large_image","twitter_misc":{"Arvioitu lukuaika":"3 minuuttia"},"schema":{"@context":"https:\/\/schema.org","@graph":[{"@type":"WebPage","@id":"https:\/\/pinay-nudes.com\/users\/rodalyn-makati\/","url":"https:\/\/pinay-nudes.com\/users\/rodalyn-makati\/","name":"Rodalyn Makati - Nude Filipina Woman From Snapchat And Sex | Beauty Porn Pics","isPartOf":{"@id":"https:\/\/pinay-nudes.com\/#website"},"primaryImageOfPage":{"@id":"https:\/\/pinay-nudes.com\/users\/rodalyn-makati\/#primaryimage"},"image":{"@id":"https:\/\/pinay-nudes.com\/users\/rodalyn-makati\/#primaryimage"},"thumbnailUrl":"http:\/\/pinay-nudes.com\/wp-content\/uploads\/2023\/09\/w8rwedkcki991-4-685x1024.jpg","datePublished":"2023-09-18T02:55:46+00:00","dateModified":"2025-02-19T01:35:57+00:00","breadcrumb":{"@id":"https:\/\/pinay-nudes.com\/users\/rodalyn-makati\/#breadcrumb"},"inLanguage":"fi","potentialAction":[{"@type":"ReadAction","target":["https:\/\/pinay-nudes.com\/users\/rodalyn-makati\/"]}]},{"@type":"ImageObject","inLanguage":"fi","@id":"https:\/\/pinay-nudes.com\/users\/rodalyn-makati\/#primaryimage","url":"http:\/\/pinay-nudes.com\/wp-content\/uploads\/2023\/09\/w8rwedkcki991-4-685x1024.jpg","contentUrl":"http:\/\/pinay-nudes.com\/wp-content\/uploads\/2023\/09\/w8rwedkcki991-4-685x1024.jpg"},{"@type":"BreadcrumbList","@id":"https:\/\/pinay-nudes.com\/users\/rodalyn-makati\/#breadcrumb","itemListElement":[{"@type":"ListItem","position":1,"name":"Home","item":"https:\/\/pinay-nudes.com\/"},{"@type":"ListItem","position":2,"name":"Our Users","item":"https:\/\/pinay-nudes.com\/users\/"},{"@type":"ListItem","position":3,"name":"Rodalyn Makati"}]},{"@type":"WebSite","@id":"https:\/\/pinay-nudes.com\/#website","url":"https:\/\/pinay-nudes.com\/","name":"Nude Filipina Woman From Snapchat And Sex | Beauty Porn Pics","description":"Check our Free Porn Gallery with nude beautiful girls. XXX Naked Porn Pics from Hot Naked Girls from Snapchat and Sex Cams. Best Filipina sexy photos","publisher":{"@id":"https:\/\/pinay-nudes.com\/#organization"},"potentialAction":[{"@type":"SearchAction","target":{"@type":"EntryPoint","urlTemplate":"https:\/\/pinay-nudes.com\/?s={search_term_string}"},"query-input":{"@type":"PropertyValueSpecification","valueRequired":true,"valueName":"search_term_string"}}],"inLanguage":"fi"},{"@type":"Organization","@id":"https:\/\/pinay-nudes.com\/#organization","name":"Nude Filipina Woman From Snapchat And Sex | Beauty Porn Pics","url":"https:\/\/pinay-nudes.com\/","logo":{"@type":"ImageObject","inLanguage":"fi","@id":"https:\/\/pinay-nudes.com\/#\/schema\/logo\/image\/","url":"https:\/\/pinay-nudes.com\/wp-content\/uploads\/2023\/09\/cropped-cropped-logo2-1.png","contentUrl":"https:\/\/pinay-nudes.com\/wp-content\/uploads\/2023\/09\/cropped-cropped-logo2-1.png","width":512,"height":512,"caption":"Nude Filipina Woman From Snapchat And Sex | Beauty Porn Pics "},"image":{"@id":"https:\/\/pinay-nudes.com\/#\/schema\/logo\/image\/"}}]}},"_links":{"self":[{"href":"https:\/\/pinay-nudes.com\/fi\/wp-json\/wp\/v2\/pages\/278","targetHints":{"allow":["GET"]}}],"collection":[{"href":"https:\/\/pinay-nudes.com\/fi\/wp-json\/wp\/v2\/pages"}],"about":[{"href":"https:\/\/pinay-nudes.com\/fi\/wp-json\/wp\/v2\/types\/page"}],"author":[{"embeddable":true,"href":"https:\/\/pinay-nudes.com\/fi\/wp-json\/wp\/v2\/users\/1"}],"replies":[{"embeddable":true,"href":"https:\/\/pinay-nudes.com\/fi\/wp-json\/wp\/v2\/comments?post=278"}],"version-history":[{"count":40,"href":"https:\/\/pinay-nudes.com\/fi\/wp-json\/wp\/v2\/pages\/278\/revisions"}],"predecessor-version":[{"id":2416,"href":"https:\/\/pinay-nudes.com\/fi\/wp-json\/wp\/v2\/pages\/278\/revisions\/2416"}],"up":[{"embeddable":true,"href":"https:\/\/pinay-nudes.com\/fi\/wp-json\/wp\/v2\/pages\/42"}],"wp:attachment":[{"href":"https:\/\/pinay-nudes.com\/fi\/wp-json\/wp\/v2\/media?parent=278"}],"curies":[{"name":"wp","href":"https:\/\/api.w.org\/{rel}","templated":true}]}}