{"id":273,"date":"2023-09-18T03:55:46","date_gmt":"2023-09-18T02:55:46","guid":{"rendered":"https:\/\/pinay-nudes.com\/?page_id=273"},"modified":"2025-02-19T01:38:06","modified_gmt":"2025-02-19T01:38:06","slug":"cherry-dumaguete","status":"publish","type":"page","link":"https:\/\/pinay-nudes.com\/fi\/users\/cherry-dumaguete\/","title":{"rendered":"Cherry Dumaguete"},"content":{"rendered":"<div data-elementor-type=\"wp-page\" data-elementor-id=\"273\" class=\"elementor elementor-273\">\n\t\t\t\t<div class=\"elementor-element elementor-element-4879707 e-flex e-con-boxed e-con e-parent\" data-id=\"4879707\" data-element_type=\"container\">\n\t\t\t\t\t<div class=\"e-con-inner\">\n\t\t\t\t<div class=\"elementor-element elementor-element-77febf2 elementor-widget elementor-widget-text-editor\" data-id=\"77febf2\" data-element_type=\"widget\" data-widget_type=\"text-editor.default\">\n\t\t\t\t<div class=\"elementor-widget-container\">\n\t\t\t\t\t\t\t\t\t<center><h1>Onlyfans Leak Pornovideot, Ilmainen Onlyfans Porn Tube XXX Kuvat, Aasialaiset Tyt\u00f6t alkaen OF ja Fansly<\/h1><\/center>\t\t\t\t\t\t\t\t<\/div>\n\t\t\t\t<\/div>\n\t\t\t\t\t<\/div>\n\t\t\t\t<\/div>\n\t\t<div class=\"elementor-element elementor-element-90d6f78 e-flex e-con-boxed e-con e-parent\" data-id=\"90d6f78\" data-element_type=\"container\">\n\t\t\t\t\t<div class=\"e-con-inner\">\n\t\t\t\t<div class=\"elementor-element elementor-element-512d15c elementor-widget elementor-widget-text-editor\" data-id=\"512d15c\" data-element_type=\"widget\" data-widget_type=\"text-editor.default\">\n\t\t\t\t<div class=\"elementor-widget-container\">\n\t\t\t\t\t\t\t\t\t<h2>Onlyfans vuoti videoita, p\u00e4\u00e4sy pornosivustolle tytt\u00f6jen kanssa Snapchatista ja Fanslysta<\/h2><p>Onlyfansin parhaat amat\u00f6\u00f6rit. Kauneimmat aasialaiset naiset n\u00e4ytt\u00e4v\u00e4t pillua Onlyfansissa ja Fanslyss\u00e4. Kokoelma pornokuvia ja videoita. Vuodot OF-mallien virallisilta tileilt\u00e4 ja alastonkuvia snapchatissa l\u00e4hett\u00e4v\u00e4t tyt\u00f6t. Jos etsit paikkaa, josta l\u00f6yd\u00e4t alastonkuvia Onlyfansilla tekevist\u00e4 tyt\u00f6ist\u00e4, olet tullut t\u00e4ydelliseen paikkaan. Olemme laatineet sinulle valtavan gallerian kuvia tyt\u00f6ist\u00e4, jotka rakastavat n\u00e4ytt\u00e4\u00e4 vartaloaan internetiss\u00e4.\u00a0<\/p><p>Sivustoltamme l\u00f6yd\u00e4t my\u00f6s tietokannan sellaisten tytt\u00f6jen kirjautumistunnuksista, jotka ovat malleina nettiseksikameroissa. T\u00e4st\u00e4 l\u00e4htien voit helposti ottaa heihin yhteytt\u00e4 ja kutsua heid\u00e4t kahville tai asuntoosi harrastamaan raakaa seksi\u00e4. Suurin kokoelma aasialaisia tytt\u00f6j\u00e4, erityisesti kauneimpia filippiinil\u00e4isi\u00e4, jotka haaveilevat tapaavansa ulkomaalaisen ja maistelevansa isoa kalua suussaan.\u00a0<\/p><p>\u00a0<\/p>\t\t\t\t\t\t\t\t<\/div>\n\t\t\t\t<\/div>\n\t\t\t\t\t<\/div>\n\t\t\t\t<\/div>\n\t\t<div class=\"elementor-element elementor-element-ca24b7e e-con-full e-flex e-con e-parent\" data-id=\"ca24b7e\" data-element_type=\"container\">\n\t\t<div class=\"elementor-element elementor-element-dd61984 e-con-full e-flex e-con e-child\" data-id=\"dd61984\" data-element_type=\"container\">\n\t\t\t\t<div class=\"elementor-element elementor-element-fe932dd elementor-widget elementor-widget-image\" data-id=\"fe932dd\" data-element_type=\"widget\" data-widget_type=\"image.default\">\n\t\t\t\t<div class=\"elementor-widget-container\">\n\t\t\t\t\t\t\t\t\t\t\t\t\t\t\t<img fetchpriority=\"high\" decoding=\"async\" width=\"540\" height=\"832\" src=\"https:\/\/pinay-nudes.com\/wp-content\/uploads\/2023\/09\/9-1-4.jpg\" class=\"attachment-large size-large wp-image-265\" alt=\"\" srcset=\"https:\/\/pinay-nudes.com\/wp-content\/uploads\/2023\/09\/9-1-4.jpg 540w, https:\/\/pinay-nudes.com\/wp-content\/uploads\/2023\/09\/9-1-4-195x300.jpg 195w\" sizes=\"(max-width: 540px) 100vw, 540px\" \/>\t\t\t\t\t\t\t\t\t\t\t\t\t\t\t<\/div>\n\t\t\t\t<\/div>\n\t\t\t\t<\/div>\n\t\t<div class=\"elementor-element elementor-element-acd0eb1 e-con-full e-flex e-con e-child\" data-id=\"acd0eb1\" data-element_type=\"container\">\n\t\t\t\t<div class=\"elementor-element elementor-element-b342c5c elementor-widget elementor-widget-heading\" data-id=\"b342c5c\" data-element_type=\"widget\" data-widget_type=\"heading.default\">\n\t\t\t\t<div class=\"elementor-widget-container\">\n\t\t\t\t\t<h2 class=\"elementor-heading-title elementor-size-default\">Cherry, Dumaguete<\/h2>\t\t\t\t<\/div>\n\t\t\t\t<\/div>\n\t\t\t\t<div class=\"elementor-element elementor-element-4e3292a elementor-widget elementor-widget-text-editor\" data-id=\"4e3292a\" data-element_type=\"widget\" data-widget_type=\"text-editor.default\">\n\t\t\t\t<div class=\"elementor-widget-container\">\n\t\t\t\t\t\t\t\t\t<p>Hei, nimeni on Cherry ja olen kotoisin Dumaguetesta. Opiskelen psykologiaa p\u00e4ivitt\u00e4in. Olen kiinnostunut matkustamisesta, tykk\u00e4\u00e4n katsoa hyv\u00e4\u00e4 elokuvaa peiton alla hyv\u00e4n viinin kanssa.<\/p>\t\t\t\t\t\t\t\t<\/div>\n\t\t\t\t<\/div>\n\t\t\t\t<div class=\"elementor-element elementor-element-a6b090b elementor-shape-rounded elementor-grid-0 e-grid-align-center elementor-widget elementor-widget-social-icons\" data-id=\"a6b090b\" data-element_type=\"widget\" data-widget_type=\"social-icons.default\">\n\t\t\t\t<div class=\"elementor-widget-container\">\n\t\t\t\t\t\t\t<div class=\"elementor-social-icons-wrapper elementor-grid\">\n\t\t\t\t\t\t\t<span class=\"elementor-grid-item\">\n\t\t\t\t\t<a class=\"elementor-icon elementor-social-icon elementor-social-icon-facebook elementor-repeater-item-966ee37\" href=\"https:\/\/pinay-nudes.com\/fi\/nk\/register\/\" target=\"_blank\">\n\t\t\t\t\t\t<span class=\"elementor-screen-only\">Facebook<\/span>\n\t\t\t\t\t\t<i class=\"fab fa-facebook\"><\/i>\t\t\t\t\t<\/a>\n\t\t\t\t<\/span>\n\t\t\t\t\t\t\t<span class=\"elementor-grid-item\">\n\t\t\t\t\t<a class=\"elementor-icon elementor-social-icon elementor-social-icon-instagram elementor-repeater-item-47b44c9\" href=\"https:\/\/pinay-nudes.com\/fi\/cb\/register\/\" target=\"_blank\">\n\t\t\t\t\t\t<span class=\"elementor-screen-only\">Instagram<\/span>\n\t\t\t\t\t\t<i class=\"fab fa-instagram\"><\/i>\t\t\t\t\t<\/a>\n\t\t\t\t<\/span>\n\t\t\t\t\t\t\t<span class=\"elementor-grid-item\">\n\t\t\t\t\t<a class=\"elementor-icon elementor-social-icon elementor-social-icon-snapchat elementor-repeater-item-a214105\" href=\"https:\/\/pinay-nudes.com\/fi\/nk1\/register\/\" target=\"_blank\">\n\t\t\t\t\t\t<span class=\"elementor-screen-only\">Snapchat<\/span>\n\t\t\t\t\t\t<i class=\"fab fa-snapchat\"><\/i>\t\t\t\t\t<\/a>\n\t\t\t\t<\/span>\n\t\t\t\t\t<\/div>\n\t\t\t\t\t\t<\/div>\n\t\t\t\t<\/div>\n\t\t\t\t<div class=\"elementor-element elementor-element-24fef19 elementor-invisible elementor-widget elementor-widget-text-editor\" data-id=\"24fef19\" data-element_type=\"widget\" data-settings=\"{&quot;_animation&quot;:&quot;jello&quot;}\" data-widget_type=\"text-editor.default\">\n\t\t\t\t<div class=\"elementor-widget-container\">\n\t\t\t\t\t\t\t\t\t<p><strong>19,653<\/strong><\/p>\t\t\t\t\t\t\t\t<\/div>\n\t\t\t\t<\/div>\n\t\t\t\t<div class=\"elementor-element elementor-element-fd6840f elementor-widget elementor-widget-text-editor\" data-id=\"fd6840f\" data-element_type=\"widget\" data-widget_type=\"text-editor.default\">\n\t\t\t\t<div class=\"elementor-widget-container\">\n\t\t\t\t\t\t\t\t\t<p>Seuraajat<\/p>\t\t\t\t\t\t\t\t<\/div>\n\t\t\t\t<\/div>\n\t\t\t\t<div class=\"elementor-element elementor-element-c2cad63 elementor-widget elementor-widget-text-editor\" data-id=\"c2cad63\" data-element_type=\"widget\" data-widget_type=\"text-editor.default\">\n\t\t\t\t<div class=\"elementor-widget-container\">\n\t\t\t\t\t\t\t\t\t<p><strong>Olen verkossa!<\/strong><\/p><p>Keskim\u00e4\u00e4r\u00e4inen vastausaika 5-35 minuuttia<\/p>\t\t\t\t\t\t\t\t<\/div>\n\t\t\t\t<\/div>\n\t\t\t\t<div class=\"elementor-element elementor-element-4587b2f elementor-align-center elementor-widget elementor-widget-button\" data-id=\"4587b2f\" data-element_type=\"widget\" data-widget_type=\"button.default\">\n\t\t\t\t<div class=\"elementor-widget-container\">\n\t\t\t\t\t\t\t\t\t<div class=\"elementor-button-wrapper\">\n\t\t\t\t\t<a class=\"elementor-button elementor-button-link elementor-size-sm\" href=\"https:\/\/pinay-nudes.com\/fi\/cb\/register\/\">\n\t\t\t\t\t\t<span class=\"elementor-button-content-wrapper\">\n\t\t\t\t\t\t\t\t\t<span class=\"elementor-button-text\">Ota yhteytt\u00e4 minuun<\/span>\n\t\t\t\t\t<\/span>\n\t\t\t\t\t<\/a>\n\t\t\t\t<\/div>\n\t\t\t\t\t\t\t\t<\/div>\n\t\t\t\t<\/div>\n\t\t\t\t<div class=\"elementor-element elementor-element-8e37bc1 elementor-star-rating--align-center elementor--star-style-star_fontawesome elementor-widget elementor-widget-star-rating\" data-id=\"8e37bc1\" data-element_type=\"widget\" data-widget_type=\"star-rating.default\">\n\t\t\t\t<div class=\"elementor-widget-container\">\n\t\t\t\t\t\n\t\t<div class=\"elementor-star-rating__wrapper\">\n\t\t\t\t\t\t\t<div class=\"elementor-star-rating__title\">Profiilin arvostelu:<\/div>\n\t\t\t\t\t\t<div class=\"elementor-star-rating\" title=\"4.6\/5\" itemtype=\"http:\/\/schema.org\/Rating\" itemscope=\"\" itemprop=\"reviewRating\"><i class=\"elementor-star-full\">&#xE934;<\/i><i class=\"elementor-star-full\">&#xE934;<\/i><i class=\"elementor-star-full\">&#xE934;<\/i><i class=\"elementor-star-full\">&#xE934;<\/i><i class=\"elementor-star-6\">&#xE934;<\/i> <span itemprop=\"ratingValue\" class=\"elementor-screen-only\">4.6\/5<\/span><\/div>\t\t<\/div>\n\t\t\t\t\t\t<\/div>\n\t\t\t\t<\/div>\n\t\t\t\t<\/div>\n\t\t\t\t<\/div>\n\t\t<div class=\"elementor-element elementor-element-ce74115 e-flex e-con-boxed e-con e-parent\" data-id=\"ce74115\" data-element_type=\"container\">\n\t\t\t\t\t<div class=\"e-con-inner\">\n\t\t\t\t<div class=\"elementor-element elementor-element-4ebc10e elementor-widget elementor-widget-html\" data-id=\"4ebc10e\" data-element_type=\"widget\" data-widget_type=\"html.default\">\n\t\t\t\t<div class=\"elementor-widget-container\">\n\t\t\t\t\t<iframe scrolling=\"no\" frameborder=\"0\" height=\"300\" style=\"width:100%;min-width:70px;\" src=\"https:\/\/bngdin.com\/promo.php?c=787642&type=dynamic_banner&new_banner=0&db%5Bwidth%5D=160&db%5Bheight%5D=300&db%5Btype%5D=live&db%5Bmodel_zone%5D=free&db%5Bheader%5D=0&db%5Bfooter%5D=footer_text_1&db%5Bmlang%5D=1&db%5Bfullscreen%5D=&db%5Bmname%5D=1&db%5Bmlink%5D=1&db%5Bmstatus%5D=1&db%5Bmsize%5D=auto&db%5Bmpad%5D=1&db%5Bmwidth%5D=156&db%5Bcolor_scheme%5D=dark&db%5Bmborder%5D=solid&db%5Bmborder_color%5D=%23ffffff&db%5Bmborder_over_color%5D=%23a02239&db%5Bmshadow%5D=0&db%5Bmodels_by_geo%5D=0&db%5Bautoupdate%5D=1&db%5Btopmodels%5D=1&db%5Blanding%5D=chat&db%5Blogo_color%5D=negative&db%5Blogo_align%5D=left&db%5Bbg_color%5D=%23222222&db%5Bfont_family%5D=Trebuchet+MS&db%5Btext_align%5D=center&db%5Btext_color%5D=%23ffffff&db%5Blink_color%5D=%2396009e&db%5Beffect%5D=auto&db%5Beffect_speed%5D=optimal&db%5Bmode%5D=mode1&db%5Badaptive%5D=1&db%5Bslider%5D=0&db%5Bchat%5D=0\"><\/iframe>\t\t\t\t<\/div>\n\t\t\t\t<\/div>\n\t\t\t\t\t<\/div>\n\t\t\t\t<\/div>\n\t\t<div class=\"elementor-element elementor-element-bf625f1 e-flex e-con-boxed e-con e-parent\" data-id=\"bf625f1\" data-element_type=\"container\">\n\t\t\t\t\t<div class=\"e-con-inner\">\n\t\t\t\t<div class=\"elementor-element elementor-element-25137c2 elementor-widget elementor-widget-text-editor\" data-id=\"25137c2\" data-element_type=\"widget\" data-widget_type=\"text-editor.default\">\n\t\t\t\t<div class=\"elementor-widget-container\">\n\t\t\t\t\t\t\t\t\t<h2>Parhaat Onlyfans Vuodot, Isot Tissit, Milfs perseest\u00e4 Anaali, Amat\u00f6\u00f6ri ja Pornot\u00e4hdet Seksikameroista<\/h2><p>Oletko koskaan haaveillut tapaavasi tyt\u00f6n, joka rakastaa seksi\u00e4 eik\u00e4 koskaan kiell\u00e4 sit\u00e4 sinulta? Nyt se voi toteutua. K\u00e4ytt\u00e4j\u00e4kokoelmamme sis\u00e4lt\u00e4\u00e4 suosituimpien pornot\u00e4htien tai amat\u00f6\u00f6rien snapchat-tilien nimet. Keskityimme erityisesti aasialaisiin tytt\u00f6ihin, koska pid\u00e4mme heit\u00e4 kaikkein houkuttelevimpina. Sinun tarvitsee vain rekister\u00f6ity\u00e4 portaalissamme. Sinun ei tarvitse antaa luottokorttitietojasi, koska kaikki sivustollamme on ilmaista.\u00a0<\/p><p>Kun rekister\u00f6idyt, saat p\u00e4\u00e4syn suureen kokoelmaan amat\u00f6\u00f6ri- ja ammattilaispornokuvia ja -videoita, joissa on teini-ik\u00e4isi\u00e4 tytt\u00f6j\u00e4 ja kiimaisia MILF:i\u00e4. L\u00f6yd\u00e4t kauneimmat filippiinil\u00e4iset ja muut tyt\u00f6t Aasiasta vain t\u00e4\u00e4lt\u00e4. Vuotaa vainfanit julkkiksesta Tiktokista tai Twitchist\u00e4. Seksikk\u00e4it\u00e4 lutkia Seksin nettikameroista ja Reddit-k\u00e4ytt\u00e4jilt\u00e4. Suurin galleria striimaajia ja HD XXX-sis\u00e4lt\u00f6\u00e4 Onlyfans tekij\u00f6iden. Paras paikka l\u00f6yt\u00e4\u00e4 kuumimmat onlyfans-vuodot ja videovuodot pelaajatyt\u00f6ilt\u00e4.<\/p><p>\u00a0<\/p><h2>Trendit Milf Ty\u00f6skentely Onlyfans ja Gamer Tyt\u00f6t Twitchist\u00e4<\/h2><p>Selaa kokoelmaa kuvia ja videoita Twitch- ja Kick-striimaajista. Tyt\u00f6t alasti uima-altaassa etsim\u00e4ss\u00e4 isoa kalua illaksi. Tutustu heihin ja kutsu heid\u00e4t hotelliisi kuumaan intohimoiseen seksiin. Esikatsele pornovideoita julkkisten kanssa t\u00e4ysin ilmaiseksi, sinun tarvitsee vain rekister\u00f6ity\u00e4 sivustollemme. Siin\u00e4 kaikki. Antamatta arkaluontoisia henkil\u00f6tietoja. Tarkista ilmaiset porno Vainfanit videot ja alaston vuotaa seksivideot suihinotolla. Kauneimmat aasialaiset tyt\u00f6t, kuumimmat ja uusimmat sis\u00e4lt\u00f6videot ilmaiseksi. Paras sivustosi NSFW Cosplay ja muut internetin muijat.<\/p><h2>Kuuma Filippiinil\u00e4inen Tyt\u00f6t alkaen Onlyfans, Hardcore Seksi Videot Skandaalit kanssa Pinay Tyt\u00f6t<\/h2><p>L\u00f6yd\u00e4 kauneimmat ja suloisimmat filippiinil\u00e4iset, jotka nauhoittavat sis\u00e4lt\u00f6\u00e4 onlyfansista tai Twitch-streamerista. Kuuluisia pornot\u00e4hti\u00e4, julkkiksia tai amat\u00f6\u00f6ritytt\u00f6j\u00e4 ty\u00f6nt\u00e4m\u00e4ss\u00e4 persett\u00e4\u00e4n ulos ottaakseen kyrp\u00e4si vastaan pilluihinsa. T\u00e4yspitk\u00e4t pornovideot parhaassa laadussa ovat saatavilla sivustollamme t\u00e4ysin ilmaiseksi. Kurkista tytt\u00f6j\u00e4 nettiverkkokameroista ja kauneimpia, seksikk\u00e4impi\u00e4 aasialaisia tytt\u00f6j\u00e4 suoraan Filippiineilt\u00e4 ja muista Aasian maista. Eksplisiittist\u00e4 sis\u00e4lt\u00f6\u00e4 Mia Khalifasta, muista julkkisten alastonkuvista tai Amat\u00f6\u00f6ritytt\u00f6jen snapchatista. Kiusaa heit\u00e4 ja tarkista heid\u00e4n leikkeens\u00e4. Parasta kindof sis\u00e4lt\u00f6\u00e4 ja pornoelokuvia julkkiksilta ja kuumimmat aikuisten hd laatu filipina skandaalit.<\/p><p>\u00a0<\/p><h2>Tapaa Sexcam mallit Filippiineilt\u00e4 ja l\u00f6yt\u00e4\u00e4 kuumin tytt\u00f6 sinulle<\/h2><p>Selaa kuvagalleriaamme ja l\u00f6yd\u00e4 itsellesi kaunein filipinka, joka, jos h\u00e4n rakastuu sinuun, tekee puolestasi mit\u00e4 tahansa. Jos haaveilet naisesta, joka nuolee kyrp\u00e4\u00e4si ja sitten voit naida h\u00e4nt\u00e4, et olisi voinut tulla paremmalle sivustolle. T\u00e4\u00e4ll\u00e4 saat kaiken tarvitsemasi t\u00e4ysin ilmaiseksi. Tarkista OF Girls ja muut sivustot, kuten Fansly tai Twitch. Tarkista HD-laatuiset videot esiintyjist\u00e4 ja tee kimppakivaa heid\u00e4n kanssaan. Parasta sis\u00e4lt\u00f6\u00e4 suosikki sosiaalisesta mediastasi onlyfaps.\u00a0<\/p><h2>Tarkista Tyt\u00f6t Dumaguete ja Treffit heid\u00e4n kanssaan<\/h2><p>Sovi treffit Dumagueten, muiden Filippiinien ja maailman suloisten tytt\u00f6jen kanssa. Nai heit\u00e4 kaikkia ja l\u00e4het\u00e4 heille alastonkuvia, ja ehk\u00e4 he l\u00e4hett\u00e4v\u00e4t sinut takaisin. He himoitsevat saada kyrp\u00e4si perseeseens\u00e4. \u00c4l\u00e4 ujostele ja aloita puhuminen heid\u00e4n kanssaan heti. Luo ilmainen tili ja liity k\u00e4ytt\u00e4j\u00e4kuntaamme lataamalla alastonkuvasi.<\/p><p>\u00a0<\/p><p>\u00a0<\/p>\t\t\t\t\t\t\t\t<\/div>\n\t\t\t\t<\/div>\n\t\t\t\t\t<\/div>\n\t\t\t\t<\/div>\n\t\t\t\t<\/div>","protected":false},"excerpt":{"rendered":"<p>Onlyfans Leak Porn Videos, Free Onlyfans Porn Tube XXX Pics, Asian Girls from OF and Fansly Onlyfans Leaked Videos, Access to Porn Site with Girls From Snapchat and Fansly The best amateurs from Onlyfans. The most beautiful Asian women showing pussy on Onlyfans and Fansly. A collection of porn pictures and videos. Leaks from official&hellip; <br \/> <a class=\"read-more\" href=\"https:\/\/pinay-nudes.com\/fi\/users\/cherry-dumaguete\/\">Read more<\/a><\/p>","protected":false},"author":1,"featured_media":0,"parent":42,"menu_order":0,"comment_status":"closed","ping_status":"closed","template":"page-templates\/homepage.php","meta":{"_monsterinsights_skip_tracking":false,"_monsterinsights_sitenote_active":false,"_monsterinsights_sitenote_note":"","_monsterinsights_sitenote_category":0,"footnotes":""},"class_list":["post-273","page","type-page","status-publish","hentry"],"aioseo_notices":[],"yoast_head":"<!-- This site is optimized with the Yoast SEO plugin v24.4 - https:\/\/yoast.com\/wordpress\/plugins\/seo\/ -->\n<title>Cherry Dumaguete - Nude Filipina Woman From Snapchat And Sex | Beauty Porn Pics<\/title>\n<meta name=\"robots\" content=\"index, follow, max-snippet:-1, max-image-preview:large, max-video-preview:-1\" \/>\n<link rel=\"canonical\" href=\"https:\/\/pinay-nudes.com\/fi\/users\/cherry-dumaguete\/\" \/>\n<meta property=\"og:locale\" content=\"fi_FI\" \/>\n<meta property=\"og:type\" content=\"article\" \/>\n<meta property=\"og:title\" content=\"Cherry Dumaguete - Nude Filipina Woman From Snapchat And Sex | Beauty Porn Pics\" \/>\n<meta property=\"og:description\" content=\"Onlyfans Leak Porn Videos, Free Onlyfans Porn Tube XXX Pics, Asian Girls from OF and Fansly Onlyfans Leaked Videos, Access to Porn Site with Girls From Snapchat and Fansly The best amateurs from Onlyfans. The most beautiful Asian women showing pussy on Onlyfans and Fansly. A collection of porn pictures and videos. Leaks from official&hellip; Read more\" \/>\n<meta property=\"og:url\" content=\"https:\/\/pinay-nudes.com\/fi\/users\/cherry-dumaguete\/\" \/>\n<meta property=\"og:site_name\" content=\"Nude Filipina Woman From Snapchat And Sex | Beauty Porn Pics\" \/>\n<meta property=\"article:modified_time\" content=\"2025-02-19T01:38:06+00:00\" \/>\n<meta property=\"og:image\" content=\"https:\/\/pinay-nudes.com\/wp-content\/uploads\/2023\/09\/9-1-4.jpg\" \/>\n\t<meta property=\"og:image:width\" content=\"540\" \/>\n\t<meta property=\"og:image:height\" content=\"832\" \/>\n\t<meta property=\"og:image:type\" content=\"image\/jpeg\" \/>\n<meta name=\"twitter:card\" content=\"summary_large_image\" \/>\n<meta name=\"twitter:label1\" content=\"Arvioitu lukuaika\" \/>\n\t<meta name=\"twitter:data1\" content=\"4 minuuttia\" \/>\n<script type=\"application\/ld+json\" class=\"yoast-schema-graph\">{\"@context\":\"https:\/\/schema.org\",\"@graph\":[{\"@type\":\"WebPage\",\"@id\":\"https:\/\/pinay-nudes.com\/users\/cherry-dumaguete\/\",\"url\":\"https:\/\/pinay-nudes.com\/users\/cherry-dumaguete\/\",\"name\":\"Cherry Dumaguete - Nude Filipina Woman From Snapchat And Sex | Beauty Porn Pics\",\"isPartOf\":{\"@id\":\"https:\/\/pinay-nudes.com\/#website\"},\"primaryImageOfPage\":{\"@id\":\"https:\/\/pinay-nudes.com\/users\/cherry-dumaguete\/#primaryimage\"},\"image\":{\"@id\":\"https:\/\/pinay-nudes.com\/users\/cherry-dumaguete\/#primaryimage\"},\"thumbnailUrl\":\"http:\/\/pinay-nudes.com\/wp-content\/uploads\/2023\/09\/9-1-4.jpg\",\"datePublished\":\"2023-09-18T02:55:46+00:00\",\"dateModified\":\"2025-02-19T01:38:06+00:00\",\"breadcrumb\":{\"@id\":\"https:\/\/pinay-nudes.com\/users\/cherry-dumaguete\/#breadcrumb\"},\"inLanguage\":\"fi\",\"potentialAction\":[{\"@type\":\"ReadAction\",\"target\":[\"https:\/\/pinay-nudes.com\/users\/cherry-dumaguete\/\"]}]},{\"@type\":\"ImageObject\",\"inLanguage\":\"fi\",\"@id\":\"https:\/\/pinay-nudes.com\/users\/cherry-dumaguete\/#primaryimage\",\"url\":\"http:\/\/pinay-nudes.com\/wp-content\/uploads\/2023\/09\/9-1-4.jpg\",\"contentUrl\":\"http:\/\/pinay-nudes.com\/wp-content\/uploads\/2023\/09\/9-1-4.jpg\"},{\"@type\":\"BreadcrumbList\",\"@id\":\"https:\/\/pinay-nudes.com\/users\/cherry-dumaguete\/#breadcrumb\",\"itemListElement\":[{\"@type\":\"ListItem\",\"position\":1,\"name\":\"Home\",\"item\":\"https:\/\/pinay-nudes.com\/\"},{\"@type\":\"ListItem\",\"position\":2,\"name\":\"Our Users\",\"item\":\"https:\/\/pinay-nudes.com\/users\/\"},{\"@type\":\"ListItem\",\"position\":3,\"name\":\"Cherry Dumaguete\"}]},{\"@type\":\"WebSite\",\"@id\":\"https:\/\/pinay-nudes.com\/#website\",\"url\":\"https:\/\/pinay-nudes.com\/\",\"name\":\"Nude Filipina Woman From Snapchat And Sex | Beauty Porn Pics\",\"description\":\"Check our Free Porn Gallery with nude beautiful girls. XXX Naked Porn Pics from Hot Naked Girls from Snapchat and Sex Cams. Best Filipina sexy photos\",\"publisher\":{\"@id\":\"https:\/\/pinay-nudes.com\/#organization\"},\"potentialAction\":[{\"@type\":\"SearchAction\",\"target\":{\"@type\":\"EntryPoint\",\"urlTemplate\":\"https:\/\/pinay-nudes.com\/?s={search_term_string}\"},\"query-input\":{\"@type\":\"PropertyValueSpecification\",\"valueRequired\":true,\"valueName\":\"search_term_string\"}}],\"inLanguage\":\"fi\"},{\"@type\":\"Organization\",\"@id\":\"https:\/\/pinay-nudes.com\/#organization\",\"name\":\"Nude Filipina Woman From Snapchat And Sex | Beauty Porn Pics\",\"url\":\"https:\/\/pinay-nudes.com\/\",\"logo\":{\"@type\":\"ImageObject\",\"inLanguage\":\"fi\",\"@id\":\"https:\/\/pinay-nudes.com\/#\/schema\/logo\/image\/\",\"url\":\"https:\/\/pinay-nudes.com\/wp-content\/uploads\/2023\/09\/cropped-cropped-logo2-1.png\",\"contentUrl\":\"https:\/\/pinay-nudes.com\/wp-content\/uploads\/2023\/09\/cropped-cropped-logo2-1.png\",\"width\":512,\"height\":512,\"caption\":\"Nude Filipina Woman From Snapchat And Sex | Beauty Porn Pics \"},\"image\":{\"@id\":\"https:\/\/pinay-nudes.com\/#\/schema\/logo\/image\/\"}}]}<\/script>\n<!-- \/ Yoast SEO plugin. -->","yoast_head_json":{"title":"Cherry Dumaguete - Nude Filipina Woman From Snapchat And Sex | Beauty Porn Pics","robots":{"index":"index","follow":"follow","max-snippet":"max-snippet:-1","max-image-preview":"max-image-preview:large","max-video-preview":"max-video-preview:-1"},"canonical":"https:\/\/pinay-nudes.com\/fi\/users\/cherry-dumaguete\/","og_locale":"fi_FI","og_type":"article","og_title":"Cherry Dumaguete - Nude Filipina Woman From Snapchat And Sex | Beauty Porn Pics","og_description":"Onlyfans Leak Porn Videos, Free Onlyfans Porn Tube XXX Pics, Asian Girls from OF and Fansly Onlyfans Leaked Videos, Access to Porn Site with Girls From Snapchat and Fansly The best amateurs from Onlyfans. The most beautiful Asian women showing pussy on Onlyfans and Fansly. A collection of porn pictures and videos. Leaks from official&hellip; Read more","og_url":"https:\/\/pinay-nudes.com\/fi\/users\/cherry-dumaguete\/","og_site_name":"Nude Filipina Woman From Snapchat And Sex | Beauty Porn Pics","article_modified_time":"2025-02-19T01:38:06+00:00","og_image":[{"width":540,"height":832,"url":"https:\/\/pinay-nudes.com\/wp-content\/uploads\/2023\/09\/9-1-4.jpg","type":"image\/jpeg"}],"twitter_card":"summary_large_image","twitter_misc":{"Arvioitu lukuaika":"4 minuuttia"},"schema":{"@context":"https:\/\/schema.org","@graph":[{"@type":"WebPage","@id":"https:\/\/pinay-nudes.com\/users\/cherry-dumaguete\/","url":"https:\/\/pinay-nudes.com\/users\/cherry-dumaguete\/","name":"Cherry Dumaguete - Nude Filipina Woman From Snapchat And Sex | Beauty Porn Pics","isPartOf":{"@id":"https:\/\/pinay-nudes.com\/#website"},"primaryImageOfPage":{"@id":"https:\/\/pinay-nudes.com\/users\/cherry-dumaguete\/#primaryimage"},"image":{"@id":"https:\/\/pinay-nudes.com\/users\/cherry-dumaguete\/#primaryimage"},"thumbnailUrl":"http:\/\/pinay-nudes.com\/wp-content\/uploads\/2023\/09\/9-1-4.jpg","datePublished":"2023-09-18T02:55:46+00:00","dateModified":"2025-02-19T01:38:06+00:00","breadcrumb":{"@id":"https:\/\/pinay-nudes.com\/users\/cherry-dumaguete\/#breadcrumb"},"inLanguage":"fi","potentialAction":[{"@type":"ReadAction","target":["https:\/\/pinay-nudes.com\/users\/cherry-dumaguete\/"]}]},{"@type":"ImageObject","inLanguage":"fi","@id":"https:\/\/pinay-nudes.com\/users\/cherry-dumaguete\/#primaryimage","url":"http:\/\/pinay-nudes.com\/wp-content\/uploads\/2023\/09\/9-1-4.jpg","contentUrl":"http:\/\/pinay-nudes.com\/wp-content\/uploads\/2023\/09\/9-1-4.jpg"},{"@type":"BreadcrumbList","@id":"https:\/\/pinay-nudes.com\/users\/cherry-dumaguete\/#breadcrumb","itemListElement":[{"@type":"ListItem","position":1,"name":"Home","item":"https:\/\/pinay-nudes.com\/"},{"@type":"ListItem","position":2,"name":"Our Users","item":"https:\/\/pinay-nudes.com\/users\/"},{"@type":"ListItem","position":3,"name":"Cherry Dumaguete"}]},{"@type":"WebSite","@id":"https:\/\/pinay-nudes.com\/#website","url":"https:\/\/pinay-nudes.com\/","name":"Nude Filipina Woman From Snapchat And Sex | Beauty Porn Pics","description":"Check our Free Porn Gallery with nude beautiful girls. XXX Naked Porn Pics from Hot Naked Girls from Snapchat and Sex Cams. Best Filipina sexy photos","publisher":{"@id":"https:\/\/pinay-nudes.com\/#organization"},"potentialAction":[{"@type":"SearchAction","target":{"@type":"EntryPoint","urlTemplate":"https:\/\/pinay-nudes.com\/?s={search_term_string}"},"query-input":{"@type":"PropertyValueSpecification","valueRequired":true,"valueName":"search_term_string"}}],"inLanguage":"fi"},{"@type":"Organization","@id":"https:\/\/pinay-nudes.com\/#organization","name":"Nude Filipina Woman From Snapchat And Sex | Beauty Porn Pics","url":"https:\/\/pinay-nudes.com\/","logo":{"@type":"ImageObject","inLanguage":"fi","@id":"https:\/\/pinay-nudes.com\/#\/schema\/logo\/image\/","url":"https:\/\/pinay-nudes.com\/wp-content\/uploads\/2023\/09\/cropped-cropped-logo2-1.png","contentUrl":"https:\/\/pinay-nudes.com\/wp-content\/uploads\/2023\/09\/cropped-cropped-logo2-1.png","width":512,"height":512,"caption":"Nude Filipina Woman From Snapchat And Sex | Beauty Porn Pics "},"image":{"@id":"https:\/\/pinay-nudes.com\/#\/schema\/logo\/image\/"}}]}},"_links":{"self":[{"href":"https:\/\/pinay-nudes.com\/fi\/wp-json\/wp\/v2\/pages\/273","targetHints":{"allow":["GET"]}}],"collection":[{"href":"https:\/\/pinay-nudes.com\/fi\/wp-json\/wp\/v2\/pages"}],"about":[{"href":"https:\/\/pinay-nudes.com\/fi\/wp-json\/wp\/v2\/types\/page"}],"author":[{"embeddable":true,"href":"https:\/\/pinay-nudes.com\/fi\/wp-json\/wp\/v2\/users\/1"}],"replies":[{"embeddable":true,"href":"https:\/\/pinay-nudes.com\/fi\/wp-json\/wp\/v2\/comments?post=273"}],"version-history":[{"count":25,"href":"https:\/\/pinay-nudes.com\/fi\/wp-json\/wp\/v2\/pages\/273\/revisions"}],"predecessor-version":[{"id":2431,"href":"https:\/\/pinay-nudes.com\/fi\/wp-json\/wp\/v2\/pages\/273\/revisions\/2431"}],"up":[{"embeddable":true,"href":"https:\/\/pinay-nudes.com\/fi\/wp-json\/wp\/v2\/pages\/42"}],"wp:attachment":[{"href":"https:\/\/pinay-nudes.com\/fi\/wp-json\/wp\/v2\/media?parent=273"}],"curies":[{"name":"wp","href":"https:\/\/api.w.org\/{rel}","templated":true}]}}