{"id":1887,"date":"2024-12-02T02:43:32","date_gmt":"2024-12-02T02:43:32","guid":{"rendered":"https:\/\/pinay-nudes.com\/?page_id=1887"},"modified":"2025-02-19T01:39:39","modified_gmt":"2025-02-19T01:39:39","slug":"hairy-pussy","status":"publish","type":"page","link":"https:\/\/pinay-nudes.com\/fi\/hairy-pussy\/","title":{"rendered":"Hairy Pussy"},"content":{"rendered":"<div data-elementor-type=\"wp-page\" data-elementor-id=\"1887\" class=\"elementor elementor-1887\">\n\t\t\t\t<div class=\"elementor-element elementor-element-7686818 e-flex e-con-boxed e-con e-parent\" data-id=\"7686818\" data-element_type=\"container\">\n\t\t\t\t\t<div class=\"e-con-inner\">\n\t\t\t\t<div class=\"elementor-element elementor-element-0dafb9e elementor-widget elementor-widget-text-editor\" data-id=\"0dafb9e\" data-element_type=\"widget\" data-widget_type=\"text-editor.default\">\n\t\t\t\t<div class=\"elementor-widget-container\">\n\t\t\t\t\t\t\t\t\t<center><h1>Karvainen Pimppi Pornovideot Ja Ilmaisia Karvainen Seksi Kuvia<\/h1><\/center>\t\t\t\t\t\t\t\t<\/div>\n\t\t\t\t<\/div>\n\t\t\t\t\t<\/div>\n\t\t\t\t<\/div>\n\t\t<div class=\"elementor-element elementor-element-1cb56df e-flex e-con-boxed e-con e-parent\" data-id=\"1cb56df\" data-element_type=\"container\">\n\t\t\t\t\t<div class=\"e-con-inner\">\n\t\t\t\t<div class=\"elementor-element elementor-element-7c918e4 elementor-widget elementor-widget-text-editor\" data-id=\"7c918e4\" data-element_type=\"widget\" data-widget_type=\"text-editor.default\">\n\t\t\t\t<div class=\"elementor-widget-container\">\n\t\t\t\t\t\t\t\t\t<p>Pid\u00e4tk\u00f6 kyps\u00e4st\u00e4 tai amat\u00f6\u00f6riteinist\u00e4, jolla on karvainen pillu? Jos kyll\u00e4, niin pinay-nudes on t\u00e4ydellinen sivusto sinulle ja l\u00f6yd\u00e4t etsim\u00e4si t\u00e4\u00e4lt\u00e4. Sivustollamme voit jutella tytt\u00f6jen kanssa ymp\u00e4ri maailmaa, treffata heit\u00e4 kaupungissasi vittuilua varten tai vain sextata nettiverkkokameroiden v\u00e4lityksell\u00e4. Katso perverssej\u00e4 teinitytt\u00f6j\u00e4, kun he tulevat ja saavuttavat orgasmin. Kaikki on ilmaista, eik\u00e4 sinun tarvitse maksaa mit\u00e4\u00e4n maksuja k\u00e4ytt\u00e4\u00e4ksesi sivustoamme. Milf-naiset ja kinky teinit rakastavat isoa kyrp\u00e4\u00e4 ja anaaliseksi\u00e4 ja heid\u00e4n ajelemattomat karvaiset pillunsa ovat jotain mit\u00e4 rakastat.\u00a0<\/p><p>Creampie karvaiset pillut ja isot tissit babes odottavat sinua leikkim\u00e4\u00e4n niiden kanssa. Masturboi yhdess\u00e4 nettivideokameroissa \u00e4idin tai kauniin 18-vuotiaan seksikk\u00e4\u00e4n teinin kanssa. Jos pid\u00e4t bbw-tyt\u00f6ist\u00e4, joilla on iso perse, niin l\u00f6yd\u00e4t t\u00e4\u00e4lt\u00e4 my\u00f6s jotain sinulle. Laita sormi h\u00e4nen pilluunsa tai ehdota suuseksi\u00e4. T\u00e4\u00e4ll\u00e4 meill\u00e4 on povekkaita saksalaisia, ven\u00e4l\u00e4isi\u00e4, aasialaisia ja amerikkalaisia tytt\u00f6j\u00e4. L\u00f6yd\u00e4 naisia kaupungistasi panemista varten ja hiero heid\u00e4n tissej\u00e4\u00e4n ilmaiseksi. Liity yhteis\u00f6\u00f6mme ja katso karvaisia pornoseksivideoita, joita meill\u00e4 on saatavilla t\u00e4\u00e4ll\u00e4 ilmaiseksi!<\/p>\t\t\t\t\t\t\t\t<\/div>\n\t\t\t\t<\/div>\n\t\t\t\t\t<\/div>\n\t\t\t\t<\/div>\n\t\t<div class=\"elementor-element elementor-element-ad9882e e-flex e-con-boxed e-con e-parent\" data-id=\"ad9882e\" data-element_type=\"container\">\n\t\t\t\t\t<div class=\"e-con-inner\">\n\t\t<div class=\"elementor-element elementor-element-73c2048 e-con-full e-flex e-con e-child\" data-id=\"73c2048\" data-element_type=\"container\">\n\t\t\t\t<div class=\"elementor-element elementor-element-dc94f00 elementor-widget elementor-widget-image\" data-id=\"dc94f00\" data-element_type=\"widget\" data-widget_type=\"image.default\">\n\t\t\t\t<div class=\"elementor-widget-container\">\n\t\t\t\t\t\t\t\t\t\t\t\t\t\t\t\t<a href=\"https:\/\/pinay-nudes.com\/fi\/hairy-pussy\/hairy-pussy-pics-nomi\/\">\n\t\t\t\t\t\t\t<img fetchpriority=\"high\" decoding=\"async\" width=\"683\" height=\"1024\" src=\"https:\/\/pinay-nudes.com\/wp-content\/uploads\/2024\/11\/9-2-683x1024.webp\" class=\"attachment-large size-large wp-image-1889\" alt=\"karvainen pillu kuvia nomi\" srcset=\"https:\/\/pinay-nudes.com\/wp-content\/uploads\/2024\/11\/9-2-683x1024.webp 683w, https:\/\/pinay-nudes.com\/wp-content\/uploads\/2024\/11\/9-2-200x300.webp 200w, https:\/\/pinay-nudes.com\/wp-content\/uploads\/2024\/11\/9-2-768x1152.webp 768w, https:\/\/pinay-nudes.com\/wp-content\/uploads\/2024\/11\/9-2-1024x1536.webp 1024w, https:\/\/pinay-nudes.com\/wp-content\/uploads\/2024\/11\/9-2-8x12.webp 8w, https:\/\/pinay-nudes.com\/wp-content\/uploads\/2024\/11\/9-2-720x1080.webp 720w, https:\/\/pinay-nudes.com\/wp-content\/uploads\/2024\/11\/9-2.webp 1067w\" sizes=\"(max-width: 683px) 100vw, 683px\" \/>\t\t\t\t\t\t\t\t<\/a>\n\t\t\t\t\t\t\t\t\t\t\t\t\t\t\t<\/div>\n\t\t\t\t<\/div>\n\t\t\t\t<\/div>\n\t\t<div class=\"elementor-element elementor-element-6afef98 e-con-full e-flex e-con e-child\" data-id=\"6afef98\" data-element_type=\"container\">\n\t\t\t\t<div class=\"elementor-element elementor-element-b42ae60 elementor-widget elementor-widget-image\" data-id=\"b42ae60\" data-element_type=\"widget\" data-widget_type=\"image.default\">\n\t\t\t\t<div class=\"elementor-widget-container\">\n\t\t\t\t\t\t\t\t\t\t\t\t\t\t\t\t<a href=\"https:\/\/pinay-nudes.com\/fi\/hairy-pussy\/natural-katie-spreading-hairy-pussy\/\">\n\t\t\t\t\t\t\t<img decoding=\"async\" width=\"683\" height=\"1024\" src=\"https:\/\/pinay-nudes.com\/wp-content\/uploads\/2024\/11\/10-2-683x1024.webp\" class=\"attachment-large size-large wp-image-1890\" alt=\"luonnollinen katie levitt\u00e4\u00e4 karvainen pillua\" srcset=\"https:\/\/pinay-nudes.com\/wp-content\/uploads\/2024\/11\/10-2-683x1024.webp 683w, https:\/\/pinay-nudes.com\/wp-content\/uploads\/2024\/11\/10-2-200x300.webp 200w, https:\/\/pinay-nudes.com\/wp-content\/uploads\/2024\/11\/10-2-768x1152.webp 768w, https:\/\/pinay-nudes.com\/wp-content\/uploads\/2024\/11\/10-2-1024x1536.webp 1024w, https:\/\/pinay-nudes.com\/wp-content\/uploads\/2024\/11\/10-2-8x12.webp 8w, https:\/\/pinay-nudes.com\/wp-content\/uploads\/2024\/11\/10-2-720x1080.webp 720w, https:\/\/pinay-nudes.com\/wp-content\/uploads\/2024\/11\/10-2.webp 1067w\" sizes=\"(max-width: 683px) 100vw, 683px\" \/>\t\t\t\t\t\t\t\t<\/a>\n\t\t\t\t\t\t\t\t\t\t\t\t\t\t\t<\/div>\n\t\t\t\t<\/div>\n\t\t\t\t<\/div>\n\t\t<div class=\"elementor-element elementor-element-de41f00 e-con-full e-flex e-con e-child\" data-id=\"de41f00\" data-element_type=\"container\">\n\t\t\t\t<div class=\"elementor-element elementor-element-2ad7288 elementor-widget elementor-widget-image\" data-id=\"2ad7288\" data-element_type=\"widget\" data-widget_type=\"image.default\">\n\t\t\t\t<div class=\"elementor-widget-container\">\n\t\t\t\t\t\t\t\t\t\t\t\t\t\t\t\t<a href=\"https:\/\/pinay-nudes.com\/fi\/hairy-pussy\/teen-girl-erika-hairy-pussy-outdoor\/\">\n\t\t\t\t\t\t\t<img decoding=\"async\" width=\"683\" height=\"1024\" src=\"https:\/\/pinay-nudes.com\/wp-content\/uploads\/2024\/11\/3-2-683x1024.webp\" class=\"attachment-large size-large wp-image-1891\" alt=\"teini tytt\u00f6 karvainen pillua\" srcset=\"https:\/\/pinay-nudes.com\/wp-content\/uploads\/2024\/11\/3-2-683x1024.webp 683w, https:\/\/pinay-nudes.com\/wp-content\/uploads\/2024\/11\/3-2-200x300.webp 200w, https:\/\/pinay-nudes.com\/wp-content\/uploads\/2024\/11\/3-2-768x1152.webp 768w, https:\/\/pinay-nudes.com\/wp-content\/uploads\/2024\/11\/3-2-1024x1536.webp 1024w, https:\/\/pinay-nudes.com\/wp-content\/uploads\/2024\/11\/3-2-8x12.webp 8w, https:\/\/pinay-nudes.com\/wp-content\/uploads\/2024\/11\/3-2-720x1080.webp 720w, https:\/\/pinay-nudes.com\/wp-content\/uploads\/2024\/11\/3-2.webp 1067w\" sizes=\"(max-width: 683px) 100vw, 683px\" \/>\t\t\t\t\t\t\t\t<\/a>\n\t\t\t\t\t\t\t\t\t\t\t\t\t\t\t<\/div>\n\t\t\t\t<\/div>\n\t\t\t\t<\/div>\n\t\t<div class=\"elementor-element elementor-element-8d20bcf e-con-full e-flex e-con e-child\" data-id=\"8d20bcf\" data-element_type=\"container\">\n\t\t\t\t<div class=\"elementor-element elementor-element-3060ef2 elementor-widget elementor-widget-image\" data-id=\"3060ef2\" data-element_type=\"widget\" data-widget_type=\"image.default\">\n\t\t\t\t<div class=\"elementor-widget-container\">\n\t\t\t\t\t\t\t\t\t\t\t\t\t\t\t\t<a href=\"https:\/\/pinay-nudes.com\/fi\/hairy-pussy\/hairy-pussy-liza-in-apartment\/\">\n\t\t\t\t\t\t\t<img loading=\"lazy\" decoding=\"async\" width=\"683\" height=\"1024\" src=\"https:\/\/pinay-nudes.com\/wp-content\/uploads\/2024\/11\/15-2-683x1024.webp\" class=\"attachment-large size-large wp-image-1893\" alt=\"karvainen pillua liza asunnossa\" srcset=\"https:\/\/pinay-nudes.com\/wp-content\/uploads\/2024\/11\/15-2-683x1024.webp 683w, https:\/\/pinay-nudes.com\/wp-content\/uploads\/2024\/11\/15-2-200x300.webp 200w, https:\/\/pinay-nudes.com\/wp-content\/uploads\/2024\/11\/15-2-768x1152.webp 768w, https:\/\/pinay-nudes.com\/wp-content\/uploads\/2024\/11\/15-2-1024x1536.webp 1024w, https:\/\/pinay-nudes.com\/wp-content\/uploads\/2024\/11\/15-2-8x12.webp 8w, https:\/\/pinay-nudes.com\/wp-content\/uploads\/2024\/11\/15-2-720x1080.webp 720w, https:\/\/pinay-nudes.com\/wp-content\/uploads\/2024\/11\/15-2.webp 1067w\" sizes=\"(max-width: 683px) 100vw, 683px\" \/>\t\t\t\t\t\t\t\t<\/a>\n\t\t\t\t\t\t\t\t\t\t\t\t\t\t\t<\/div>\n\t\t\t\t<\/div>\n\t\t\t\t<\/div>\n\t\t<div class=\"elementor-element elementor-element-a7a47a3 e-con-full e-flex e-con e-child\" data-id=\"a7a47a3\" data-element_type=\"container\">\n\t\t\t\t<div class=\"elementor-element elementor-element-9033fa0 elementor-widget elementor-widget-image\" data-id=\"9033fa0\" data-element_type=\"widget\" data-widget_type=\"image.default\">\n\t\t\t\t<div class=\"elementor-widget-container\">\n\t\t\t\t\t\t\t\t\t\t\t\t\t\t\t\t<a href=\"https:\/\/pinay-nudes.com\/fi\/hairy-pussy\/karin-showing-hairy-pussy-and-asshole\/\">\n\t\t\t\t\t\t\t<img loading=\"lazy\" decoding=\"async\" width=\"683\" height=\"1024\" src=\"https:\/\/pinay-nudes.com\/wp-content\/uploads\/2024\/11\/11-2-683x1024.webp\" class=\"attachment-large size-large wp-image-1894\" alt=\"karin n\u00e4ytt\u00e4\u00e4 karvaista pillua ja persereik\u00e4\u00e4\" srcset=\"https:\/\/pinay-nudes.com\/wp-content\/uploads\/2024\/11\/11-2-683x1024.webp 683w, https:\/\/pinay-nudes.com\/wp-content\/uploads\/2024\/11\/11-2-200x300.webp 200w, https:\/\/pinay-nudes.com\/wp-content\/uploads\/2024\/11\/11-2-768x1152.webp 768w, https:\/\/pinay-nudes.com\/wp-content\/uploads\/2024\/11\/11-2-1024x1536.webp 1024w, https:\/\/pinay-nudes.com\/wp-content\/uploads\/2024\/11\/11-2-8x12.webp 8w, https:\/\/pinay-nudes.com\/wp-content\/uploads\/2024\/11\/11-2-720x1080.webp 720w, https:\/\/pinay-nudes.com\/wp-content\/uploads\/2024\/11\/11-2.webp 1067w\" sizes=\"(max-width: 683px) 100vw, 683px\" \/>\t\t\t\t\t\t\t\t<\/a>\n\t\t\t\t\t\t\t\t\t\t\t\t\t\t\t<\/div>\n\t\t\t\t<\/div>\n\t\t\t\t<\/div>\n\t\t\t\t\t<\/div>\n\t\t\t\t<\/div>\n\t\t<div class=\"elementor-element elementor-element-1aea685 e-flex e-con-boxed e-con e-parent\" data-id=\"1aea685\" data-element_type=\"container\">\n\t\t\t\t\t<div class=\"e-con-inner\">\n\t\t\t\t<div class=\"elementor-element elementor-element-a202210 elementor-widget elementor-widget-text-editor\" data-id=\"a202210\" data-element_type=\"widget\" data-widget_type=\"text-editor.default\">\n\t\t\t\t<div class=\"elementor-widget-container\">\n\t\t\t\t\t\t\t\t\t<h2>Etsi videoita Tagged Karvainen pillu | Premium Porno Ilmaiseksi<\/h2><p>Pid\u00e4tk\u00f6 lesbotyt\u00f6t miten nussii toisiaan? Pid\u00e4tk\u00f6 siit\u00e4, kun \u00e4itipuoli tai mummo saa kalun perseeseens\u00e4 ja voihkii kuin nuori lutka? Sivustoltamme l\u00f6yd\u00e4t muutakin kuin pornofilmej\u00e4 ja ilmaiset karvaiset pornovideomme latinoiden ja tytt\u00f6jen kanssa kaikkialta maailmasta ovat aitoja. Kaikki kuvat ja videot ovat oikeilta tyt\u00f6ilt\u00e4, joihin voit ottaa yhteytt\u00e4 facebookissa tai whatsappissa ja my\u00f6s kutsua panemaan. T\u00e4\u00e4lt\u00e4 et l\u00f6yd\u00e4 teko\u00e4lyn luomia tytt\u00f6j\u00e4, vain karvaisia amat\u00f6\u00f6ritytt\u00f6j\u00e4, jotka ovat aitoja. \u00c4l\u00e4 odota en\u00e4\u00e4 ja tule osaksi yhteis\u00f6\u00e4mme ja lupaamme, ettet tule katumaan sit\u00e4.<\/p><p>Sivustoltamme l\u00f6ytyv\u00e4t seksivideot ovat t\u00e4ysin ilmaisia, ja voit katsella mit\u00e4 tahansa haluamaasi fetissi\u00e4. Jos pid\u00e4t naisista alusvaatteissa tai pillun hieromisesta isolla dildolla, l\u00f6yd\u00e4t my\u00f6s jotain mielenkiintoista alustaltamme. Meill\u00e4 on t\u00e4\u00e4ll\u00e4 my\u00f6s tytt\u00f6j\u00e4, jotka pett\u00e4v\u00e4t poikayst\u00e4v\u00e4\u00e4ns\u00e4. N\u00e4m\u00e4 lutkat eiv\u00e4t edes ajele pilluaan ja menev\u00e4t panemaan toista miest\u00e4. Nussi heit\u00e4kin ja nuole h\u00e4nen n\u00e4nni\u00e4\u00e4n niin n\u00e4et kuinka h\u00e4n ty\u00f6nt\u00e4\u00e4 perseens\u00e4 ulos sinulle. Nussi heit\u00e4 julkisesti puistossa tai rannalla. He rakastavat sit\u00e4. \u00c4l\u00e4 odota en\u00e4\u00e4 ja tule yhteis\u00f6mme j\u00e4seneksi. Luo ilmainen tilisi nyt ja nauti t\u00e4ydest\u00e4 p\u00e4\u00e4syst\u00e4 alustallemme.<\/p>\t\t\t\t\t\t\t\t<\/div>\n\t\t\t\t<\/div>\n\t\t\t\t\t<\/div>\n\t\t\t\t<\/div>\n\t\t<div class=\"elementor-element elementor-element-890d0e5 e-flex e-con-boxed e-con e-parent\" data-id=\"890d0e5\" data-element_type=\"container\">\n\t\t\t\t\t<div class=\"e-con-inner\">\n\t\t\t\t<div class=\"elementor-element elementor-element-1a1e441 elementor-widget elementor-widget-text-editor\" data-id=\"1a1e441\" data-element_type=\"widget\" data-widget_type=\"text-editor.default\">\n\t\t\t\t<div class=\"elementor-widget-container\">\n\t\t\t\t\t\t\t\t\t<p><\/p>\n<p><\/p><center><p><\/p>\n<p><b>79,347<\/b><\/p>\n<p><\/p>\n<p><\/p><\/center><p><\/p>\t\t\t\t\t\t\t\t<\/div>\n\t\t\t\t<\/div>\n\t\t\t\t<div class=\"elementor-element elementor-element-4fcdd7b elementor-widget elementor-widget-text-editor\" data-id=\"4fcdd7b\" data-element_type=\"widget\" data-widget_type=\"text-editor.default\">\n\t\t\t\t<div class=\"elementor-widget-container\">\n\t\t\t\t\t\t\t\t\t<p>Alastonkuvat verkkosivustollamme<\/p>\t\t\t\t\t\t\t\t<\/div>\n\t\t\t\t<\/div>\n\t\t\t\t<div class=\"elementor-element elementor-element-a888cff elementor-align-center elementor-widget elementor-widget-button\" data-id=\"a888cff\" data-element_type=\"widget\" data-widget_type=\"button.default\">\n\t\t\t\t<div class=\"elementor-widget-container\">\n\t\t\t\t\t\t\t\t\t<div class=\"elementor-button-wrapper\">\n\t\t\t\t\t<a class=\"elementor-button elementor-button-link elementor-size-sm\" href=\"https:\/\/pinay-nudes.com\/fi\/cb\/register\/\">\n\t\t\t\t\t\t<span class=\"elementor-button-content-wrapper\">\n\t\t\t\t\t\t\t\t\t<span class=\"elementor-button-text\">Rekister\u00f6idy nyt<\/span>\n\t\t\t\t\t<\/span>\n\t\t\t\t\t<\/a>\n\t\t\t\t<\/div>\n\t\t\t\t\t\t\t\t<\/div>\n\t\t\t\t<\/div>\n\t\t\t\t\t<\/div>\n\t\t\t\t<\/div>\n\t\t\t\t<\/div>","protected":false},"excerpt":{"rendered":"<p>Hairy Pussy Porn Videos And Free Hairy Sex Pictures Do you like mature or amateur teen with hairy pussy? If yes then pinay-nudes is the perfect site for you and you will find what you are looking for here. With our site you can chat with girls from all over the world, date them in&hellip; <br \/> <a class=\"read-more\" href=\"https:\/\/pinay-nudes.com\/fi\/hairy-pussy\/\">Read more<\/a><\/p>","protected":false},"author":1,"featured_media":0,"parent":0,"menu_order":0,"comment_status":"closed","ping_status":"closed","template":"page-templates\/homepage.php","meta":{"_monsterinsights_skip_tracking":false,"_monsterinsights_sitenote_active":false,"_monsterinsights_sitenote_note":"","_monsterinsights_sitenote_category":0,"footnotes":""},"class_list":["post-1887","page","type-page","status-publish","hentry"],"aioseo_notices":[],"yoast_head":"<!-- This site is optimized with the Yoast SEO plugin v24.4 - https:\/\/yoast.com\/wordpress\/plugins\/seo\/ -->\n<title>Hairy Pussy - Nude Filipina Woman From Snapchat And Sex | Beauty Porn Pics<\/title>\n<meta name=\"robots\" content=\"index, follow, max-snippet:-1, max-image-preview:large, max-video-preview:-1\" \/>\n<link rel=\"canonical\" href=\"https:\/\/pinay-nudes.com\/fi\/hairy-pussy\/\" \/>\n<meta property=\"og:locale\" content=\"fi_FI\" \/>\n<meta property=\"og:type\" content=\"article\" \/>\n<meta property=\"og:title\" content=\"Hairy Pussy - Nude Filipina Woman From Snapchat And Sex | Beauty Porn Pics\" \/>\n<meta property=\"og:description\" content=\"Hairy Pussy Porn Videos And Free Hairy Sex Pictures Do you like mature or amateur teen with hairy pussy? If yes then pinay-nudes is the perfect site for you and you will find what you are looking for here. With our site you can chat with girls from all over the world, date them in&hellip; Read more\" \/>\n<meta property=\"og:url\" content=\"https:\/\/pinay-nudes.com\/fi\/hairy-pussy\/\" \/>\n<meta property=\"og:site_name\" content=\"Nude Filipina Woman From Snapchat And Sex | Beauty Porn Pics\" \/>\n<meta property=\"article:modified_time\" content=\"2025-02-19T01:39:39+00:00\" \/>\n<meta property=\"og:image\" content=\"https:\/\/pinay-nudes.com\/wp-content\/uploads\/2024\/11\/9-2.webp\" \/>\n\t<meta property=\"og:image:width\" content=\"1067\" \/>\n\t<meta property=\"og:image:height\" content=\"1600\" \/>\n\t<meta property=\"og:image:type\" content=\"image\/webp\" \/>\n<meta name=\"twitter:card\" content=\"summary_large_image\" \/>\n<meta name=\"twitter:label1\" content=\"Arvioitu lukuaika\" \/>\n\t<meta name=\"twitter:data1\" content=\"3 minuuttia\" \/>\n<script type=\"application\/ld+json\" class=\"yoast-schema-graph\">{\"@context\":\"https:\/\/schema.org\",\"@graph\":[{\"@type\":\"WebPage\",\"@id\":\"https:\/\/pinay-nudes.com\/hairy-pussy\/\",\"url\":\"https:\/\/pinay-nudes.com\/hairy-pussy\/\",\"name\":\"Hairy Pussy - Nude Filipina Woman From Snapchat And Sex | Beauty Porn Pics\",\"isPartOf\":{\"@id\":\"https:\/\/pinay-nudes.com\/#website\"},\"primaryImageOfPage\":{\"@id\":\"https:\/\/pinay-nudes.com\/hairy-pussy\/#primaryimage\"},\"image\":{\"@id\":\"https:\/\/pinay-nudes.com\/hairy-pussy\/#primaryimage\"},\"thumbnailUrl\":\"http:\/\/pinay-nudes.com\/wp-content\/uploads\/2024\/11\/9-2-683x1024.webp\",\"datePublished\":\"2024-12-02T02:43:32+00:00\",\"dateModified\":\"2025-02-19T01:39:39+00:00\",\"breadcrumb\":{\"@id\":\"https:\/\/pinay-nudes.com\/hairy-pussy\/#breadcrumb\"},\"inLanguage\":\"fi\",\"potentialAction\":[{\"@type\":\"ReadAction\",\"target\":[\"https:\/\/pinay-nudes.com\/hairy-pussy\/\"]}]},{\"@type\":\"ImageObject\",\"inLanguage\":\"fi\",\"@id\":\"https:\/\/pinay-nudes.com\/hairy-pussy\/#primaryimage\",\"url\":\"http:\/\/pinay-nudes.com\/wp-content\/uploads\/2024\/11\/9-2-683x1024.webp\",\"contentUrl\":\"http:\/\/pinay-nudes.com\/wp-content\/uploads\/2024\/11\/9-2-683x1024.webp\"},{\"@type\":\"BreadcrumbList\",\"@id\":\"https:\/\/pinay-nudes.com\/hairy-pussy\/#breadcrumb\",\"itemListElement\":[{\"@type\":\"ListItem\",\"position\":1,\"name\":\"Home\",\"item\":\"https:\/\/pinay-nudes.com\/\"},{\"@type\":\"ListItem\",\"position\":2,\"name\":\"Hairy Pussy\"}]},{\"@type\":\"WebSite\",\"@id\":\"https:\/\/pinay-nudes.com\/#website\",\"url\":\"https:\/\/pinay-nudes.com\/\",\"name\":\"Nude Filipina Woman From Snapchat And Sex | Beauty Porn Pics\",\"description\":\"Check our Free Porn Gallery with nude beautiful girls. XXX Naked Porn Pics from Hot Naked Girls from Snapchat and Sex Cams. Best Filipina sexy photos\",\"publisher\":{\"@id\":\"https:\/\/pinay-nudes.com\/#organization\"},\"potentialAction\":[{\"@type\":\"SearchAction\",\"target\":{\"@type\":\"EntryPoint\",\"urlTemplate\":\"https:\/\/pinay-nudes.com\/?s={search_term_string}\"},\"query-input\":{\"@type\":\"PropertyValueSpecification\",\"valueRequired\":true,\"valueName\":\"search_term_string\"}}],\"inLanguage\":\"fi\"},{\"@type\":\"Organization\",\"@id\":\"https:\/\/pinay-nudes.com\/#organization\",\"name\":\"Nude Filipina Woman From Snapchat And Sex | Beauty Porn Pics\",\"url\":\"https:\/\/pinay-nudes.com\/\",\"logo\":{\"@type\":\"ImageObject\",\"inLanguage\":\"fi\",\"@id\":\"https:\/\/pinay-nudes.com\/#\/schema\/logo\/image\/\",\"url\":\"https:\/\/pinay-nudes.com\/wp-content\/uploads\/2023\/09\/cropped-cropped-logo2-1.png\",\"contentUrl\":\"https:\/\/pinay-nudes.com\/wp-content\/uploads\/2023\/09\/cropped-cropped-logo2-1.png\",\"width\":512,\"height\":512,\"caption\":\"Nude Filipina Woman From Snapchat And Sex | Beauty Porn Pics \"},\"image\":{\"@id\":\"https:\/\/pinay-nudes.com\/#\/schema\/logo\/image\/\"}}]}<\/script>\n<!-- \/ Yoast SEO plugin. -->","yoast_head_json":{"title":"Hairy Pussy - Nude Filipina Woman From Snapchat And Sex | Beauty Porn Pics","robots":{"index":"index","follow":"follow","max-snippet":"max-snippet:-1","max-image-preview":"max-image-preview:large","max-video-preview":"max-video-preview:-1"},"canonical":"https:\/\/pinay-nudes.com\/fi\/hairy-pussy\/","og_locale":"fi_FI","og_type":"article","og_title":"Hairy Pussy - Nude Filipina Woman From Snapchat And Sex | Beauty Porn Pics","og_description":"Hairy Pussy Porn Videos And Free Hairy Sex Pictures Do you like mature or amateur teen with hairy pussy? If yes then pinay-nudes is the perfect site for you and you will find what you are looking for here. With our site you can chat with girls from all over the world, date them in&hellip; Read more","og_url":"https:\/\/pinay-nudes.com\/fi\/hairy-pussy\/","og_site_name":"Nude Filipina Woman From Snapchat And Sex | Beauty Porn Pics","article_modified_time":"2025-02-19T01:39:39+00:00","og_image":[{"width":1067,"height":1600,"url":"https:\/\/pinay-nudes.com\/wp-content\/uploads\/2024\/11\/9-2.webp","type":"image\/webp"}],"twitter_card":"summary_large_image","twitter_misc":{"Arvioitu lukuaika":"3 minuuttia"},"schema":{"@context":"https:\/\/schema.org","@graph":[{"@type":"WebPage","@id":"https:\/\/pinay-nudes.com\/hairy-pussy\/","url":"https:\/\/pinay-nudes.com\/hairy-pussy\/","name":"Hairy Pussy - Nude Filipina Woman From Snapchat And Sex | Beauty Porn Pics","isPartOf":{"@id":"https:\/\/pinay-nudes.com\/#website"},"primaryImageOfPage":{"@id":"https:\/\/pinay-nudes.com\/hairy-pussy\/#primaryimage"},"image":{"@id":"https:\/\/pinay-nudes.com\/hairy-pussy\/#primaryimage"},"thumbnailUrl":"http:\/\/pinay-nudes.com\/wp-content\/uploads\/2024\/11\/9-2-683x1024.webp","datePublished":"2024-12-02T02:43:32+00:00","dateModified":"2025-02-19T01:39:39+00:00","breadcrumb":{"@id":"https:\/\/pinay-nudes.com\/hairy-pussy\/#breadcrumb"},"inLanguage":"fi","potentialAction":[{"@type":"ReadAction","target":["https:\/\/pinay-nudes.com\/hairy-pussy\/"]}]},{"@type":"ImageObject","inLanguage":"fi","@id":"https:\/\/pinay-nudes.com\/hairy-pussy\/#primaryimage","url":"http:\/\/pinay-nudes.com\/wp-content\/uploads\/2024\/11\/9-2-683x1024.webp","contentUrl":"http:\/\/pinay-nudes.com\/wp-content\/uploads\/2024\/11\/9-2-683x1024.webp"},{"@type":"BreadcrumbList","@id":"https:\/\/pinay-nudes.com\/hairy-pussy\/#breadcrumb","itemListElement":[{"@type":"ListItem","position":1,"name":"Home","item":"https:\/\/pinay-nudes.com\/"},{"@type":"ListItem","position":2,"name":"Hairy Pussy"}]},{"@type":"WebSite","@id":"https:\/\/pinay-nudes.com\/#website","url":"https:\/\/pinay-nudes.com\/","name":"Nude Filipina Woman From Snapchat And Sex | Beauty Porn Pics","description":"Check our Free Porn Gallery with nude beautiful girls. XXX Naked Porn Pics from Hot Naked Girls from Snapchat and Sex Cams. Best Filipina sexy photos","publisher":{"@id":"https:\/\/pinay-nudes.com\/#organization"},"potentialAction":[{"@type":"SearchAction","target":{"@type":"EntryPoint","urlTemplate":"https:\/\/pinay-nudes.com\/?s={search_term_string}"},"query-input":{"@type":"PropertyValueSpecification","valueRequired":true,"valueName":"search_term_string"}}],"inLanguage":"fi"},{"@type":"Organization","@id":"https:\/\/pinay-nudes.com\/#organization","name":"Nude Filipina Woman From Snapchat And Sex | Beauty Porn Pics","url":"https:\/\/pinay-nudes.com\/","logo":{"@type":"ImageObject","inLanguage":"fi","@id":"https:\/\/pinay-nudes.com\/#\/schema\/logo\/image\/","url":"https:\/\/pinay-nudes.com\/wp-content\/uploads\/2023\/09\/cropped-cropped-logo2-1.png","contentUrl":"https:\/\/pinay-nudes.com\/wp-content\/uploads\/2023\/09\/cropped-cropped-logo2-1.png","width":512,"height":512,"caption":"Nude Filipina Woman From Snapchat And Sex | Beauty Porn Pics "},"image":{"@id":"https:\/\/pinay-nudes.com\/#\/schema\/logo\/image\/"}}]}},"_links":{"self":[{"href":"https:\/\/pinay-nudes.com\/fi\/wp-json\/wp\/v2\/pages\/1887","targetHints":{"allow":["GET"]}}],"collection":[{"href":"https:\/\/pinay-nudes.com\/fi\/wp-json\/wp\/v2\/pages"}],"about":[{"href":"https:\/\/pinay-nudes.com\/fi\/wp-json\/wp\/v2\/types\/page"}],"author":[{"embeddable":true,"href":"https:\/\/pinay-nudes.com\/fi\/wp-json\/wp\/v2\/users\/1"}],"replies":[{"embeddable":true,"href":"https:\/\/pinay-nudes.com\/fi\/wp-json\/wp\/v2\/comments?post=1887"}],"version-history":[{"count":85,"href":"https:\/\/pinay-nudes.com\/fi\/wp-json\/wp\/v2\/pages\/1887\/revisions"}],"predecessor-version":[{"id":2443,"href":"https:\/\/pinay-nudes.com\/fi\/wp-json\/wp\/v2\/pages\/1887\/revisions\/2443"}],"wp:attachment":[{"href":"https:\/\/pinay-nudes.com\/fi\/wp-json\/wp\/v2\/media?parent=1887"}],"curies":[{"name":"wp","href":"https:\/\/api.w.org\/{rel}","templated":true}]}}