{"id":278,"date":"2023-09-18T03:55:46","date_gmt":"2023-09-18T02:55:46","guid":{"rendered":"https:\/\/pinay-nudes.com\/?page_id=278"},"modified":"2025-02-19T01:35:57","modified_gmt":"2025-02-19T01:35:57","slug":"rodalyn-makati","status":"publish","type":"page","link":"https:\/\/pinay-nudes.com\/es\/users\/rodalyn-makati\/","title":{"rendered":"Rodalyn Makati"},"content":{"rendered":"<div data-elementor-type=\"wp-page\" data-elementor-id=\"278\" class=\"elementor elementor-278\">\n\t\t\t\t<div class=\"elementor-element elementor-element-1bdbaf0 e-flex e-con-boxed e-con e-parent\" data-id=\"1bdbaf0\" data-element_type=\"container\">\n\t\t\t\t\t<div class=\"e-con-inner\">\n\t\t\t\t<div class=\"elementor-element elementor-element-db464c8 elementor-widget elementor-widget-text-editor\" data-id=\"db464c8\" data-element_type=\"widget\" data-widget_type=\"text-editor.default\">\n\t\t\t\t<div class=\"elementor-widget-container\">\n\t\t\t\t\t\t\t\t\t<center><h1>Snapchat Desnudos Videos Porno Recopilaci\u00f3n, Sexting Usernames, Asi\u00e1tica Sexcam Girls<\/h1><\/center>\t\t\t\t\t\t\t\t<\/div>\n\t\t\t\t<\/div>\n\t\t\t\t\t<\/div>\n\t\t\t\t<\/div>\n\t\t<div class=\"elementor-element elementor-element-63e44db e-flex e-con-boxed e-con e-parent\" data-id=\"63e44db\" data-element_type=\"container\">\n\t\t\t\t\t<div class=\"e-con-inner\">\n\t\t\t\t<div class=\"elementor-element elementor-element-f3c88ff elementor-widget elementor-widget-text-editor\" data-id=\"f3c88ff\" data-element_type=\"widget\" data-widget_type=\"text-editor.default\">\n\t\t\t\t<div class=\"elementor-widget-container\">\n\t\t\t\t\t\t\t\t\t<h2>Fotos de filipinas desnudas gratis de Snapchat y Sex Cams<\/h2><p>\u00bfEst\u00e1s aburrido de tu mujer y buscas entretenimiento? Est\u00e1s en el sitio web correcto, donde encontrar\u00e1s un mont\u00f3n de filipinas calientes y desnudas de snapchat y otras redes sociales. La galer\u00eda que hemos preparado para ti es totalmente gratuita y puedes usarla todo el tiempo. Encuentra a tu filipina favorita y m\u00e9tele la polla en el co\u00f1o.<\/p><p>Nuestra galer\u00eda tambi\u00e9n cuenta con los mejores v\u00eddeos porno de calidad protagonizados por mujeres filipinas, incluidos muchos esc\u00e1ndalos en hoteles del distrito Makati de Manila. Nuestras chicas est\u00e1n abiertas a nuevas amistades, as\u00ed que si buscas sexo, aqu\u00ed podr\u00e1s encontrarlo.<\/p>\t\t\t\t\t\t\t\t<\/div>\n\t\t\t\t<\/div>\n\t\t\t\t\t<\/div>\n\t\t\t\t<\/div>\n\t\t<div class=\"elementor-element elementor-element-248d713 e-flex e-con-boxed e-con e-parent\" data-id=\"248d713\" data-element_type=\"container\">\n\t\t\t\t\t<div class=\"e-con-inner\">\n\t\t\t\t<div class=\"elementor-element elementor-element-6902e87 elementor-widget elementor-widget-html\" data-id=\"6902e87\" data-element_type=\"widget\" data-widget_type=\"html.default\">\n\t\t\t\t<div class=\"elementor-widget-container\">\n\t\t\t\t\t<iframe scrolling=\"no\" frameborder=\"0\" height=\"300\" style=\"width:100%;min-width:70px;\" src=\"https:\/\/bngdin.com\/promo.php?c=787642&type=dynamic_banner&new_banner=0&db%5Bwidth%5D=160&db%5Bheight%5D=300&db%5Btype%5D=live&db%5Bmodel_zone%5D=free&db%5Bheader%5D=0&db%5Bfooter%5D=footer_text_1&db%5Bmlang%5D=1&db%5Bfullscreen%5D=&db%5Bmname%5D=1&db%5Bmlink%5D=1&db%5Bmstatus%5D=1&db%5Bmsize%5D=auto&db%5Bmpad%5D=1&db%5Bmwidth%5D=156&db%5Bcolor_scheme%5D=dark&db%5Bmborder%5D=solid&db%5Bmborder_color%5D=%23ffffff&db%5Bmborder_over_color%5D=%23a02239&db%5Bmshadow%5D=0&db%5Bmodels_by_geo%5D=0&db%5Bautoupdate%5D=1&db%5Btopmodels%5D=1&db%5Blanding%5D=chat&db%5Blogo_color%5D=negative&db%5Blogo_align%5D=left&db%5Bbg_color%5D=%23222222&db%5Bfont_family%5D=Trebuchet+MS&db%5Btext_align%5D=center&db%5Btext_color%5D=%23ffffff&db%5Blink_color%5D=%2396009e&db%5Beffect%5D=auto&db%5Beffect_speed%5D=optimal&db%5Bmode%5D=mode1&db%5Badaptive%5D=1&db%5Bslider%5D=0&db%5Bchat%5D=0\"><\/iframe>\t\t\t\t<\/div>\n\t\t\t\t<\/div>\n\t\t\t\t\t<\/div>\n\t\t\t\t<\/div>\n\t\t<div class=\"elementor-element elementor-element-2b0feb7 e-con-full e-flex e-con e-parent\" data-id=\"2b0feb7\" data-element_type=\"container\">\n\t\t<div class=\"elementor-element elementor-element-bb9458a e-con-full e-flex e-con e-child\" data-id=\"bb9458a\" data-element_type=\"container\">\n\t\t\t\t<div class=\"elementor-element elementor-element-dab4069 elementor-widget elementor-widget-image\" data-id=\"dab4069\" data-element_type=\"widget\" data-widget_type=\"image.default\">\n\t\t\t\t<div class=\"elementor-widget-container\">\n\t\t\t\t\t\t\t\t\t\t\t\t\t\t\t<img fetchpriority=\"high\" decoding=\"async\" width=\"685\" height=\"1024\" src=\"https:\/\/pinay-nudes.com\/wp-content\/uploads\/2023\/09\/w8rwedkcki991-4-685x1024.jpg\" class=\"attachment-large size-large wp-image-229\" alt=\"\" srcset=\"https:\/\/pinay-nudes.com\/wp-content\/uploads\/2023\/09\/w8rwedkcki991-4-685x1024.jpg 685w, https:\/\/pinay-nudes.com\/wp-content\/uploads\/2023\/09\/w8rwedkcki991-4-201x300.jpg 201w, https:\/\/pinay-nudes.com\/wp-content\/uploads\/2023\/09\/w8rwedkcki991-4-768x1148.jpg 768w, https:\/\/pinay-nudes.com\/wp-content\/uploads\/2023\/09\/w8rwedkcki991-4-1028x1536.jpg 1028w, https:\/\/pinay-nudes.com\/wp-content\/uploads\/2023\/09\/w8rwedkcki991-4-1024x1530.jpg 1024w, https:\/\/pinay-nudes.com\/wp-content\/uploads\/2023\/09\/w8rwedkcki991-4-723x1080.jpg 723w, https:\/\/pinay-nudes.com\/wp-content\/uploads\/2023\/09\/w8rwedkcki991-4.jpg 1183w\" sizes=\"(max-width: 685px) 100vw, 685px\" \/>\t\t\t\t\t\t\t\t\t\t\t\t\t\t\t<\/div>\n\t\t\t\t<\/div>\n\t\t\t\t<\/div>\n\t\t<div class=\"elementor-element elementor-element-74ea0a2 e-con-full e-flex e-con e-child\" data-id=\"74ea0a2\" data-element_type=\"container\">\n\t\t\t\t<div class=\"elementor-element elementor-element-bd0e602 elementor-widget elementor-widget-heading\" data-id=\"bd0e602\" data-element_type=\"widget\" data-widget_type=\"heading.default\">\n\t\t\t\t<div class=\"elementor-widget-container\">\n\t\t\t\t\t<h2 class=\"elementor-heading-title elementor-size-default\">Rodalyn, Makati Manila<\/h2>\t\t\t\t<\/div>\n\t\t\t\t<\/div>\n\t\t\t\t<div class=\"elementor-element elementor-element-227d29d elementor-widget elementor-widget-text-editor\" data-id=\"227d29d\" data-element_type=\"widget\" data-widget_type=\"text-editor.default\">\n\t\t\t\t<div class=\"elementor-widget-container\">\n\t\t\t\t\t\t\t\t\t<p>Hola, me llamo Rodalyn. Me gusta que me llamen Roda y otros diminutivos. A diario trabajo como secretaria en una de las empresas de Makati. Soy nueva en esta ciudad y me siento un poco sola. Me gusta salir de fiesta, pero tambi\u00e9n las noches tranquilas.<\/p>\t\t\t\t\t\t\t\t<\/div>\n\t\t\t\t<\/div>\n\t\t\t\t<div class=\"elementor-element elementor-element-65926ff elementor-shape-rounded elementor-grid-0 e-grid-align-center elementor-widget elementor-widget-social-icons\" data-id=\"65926ff\" data-element_type=\"widget\" data-widget_type=\"social-icons.default\">\n\t\t\t\t<div class=\"elementor-widget-container\">\n\t\t\t\t\t\t\t<div class=\"elementor-social-icons-wrapper elementor-grid\">\n\t\t\t\t\t\t\t<span class=\"elementor-grid-item\">\n\t\t\t\t\t<a class=\"elementor-icon elementor-social-icon elementor-social-icon-facebook elementor-repeater-item-966ee37\" href=\"https:\/\/pinay-nudes.com\/es\/cb\/register\/\" target=\"_blank\">\n\t\t\t\t\t\t<span class=\"elementor-screen-only\">Facebook<\/span>\n\t\t\t\t\t\t<i class=\"fab fa-facebook\"><\/i>\t\t\t\t\t<\/a>\n\t\t\t\t<\/span>\n\t\t\t\t\t\t\t<span class=\"elementor-grid-item\">\n\t\t\t\t\t<a class=\"elementor-icon elementor-social-icon elementor-social-icon-instagram elementor-repeater-item-47b44c9\" href=\"https:\/\/pinay-nudes.com\/es\/nk\/register\/\" target=\"_blank\">\n\t\t\t\t\t\t<span class=\"elementor-screen-only\">Instagram<\/span>\n\t\t\t\t\t\t<i class=\"fab fa-instagram\"><\/i>\t\t\t\t\t<\/a>\n\t\t\t\t<\/span>\n\t\t\t\t\t\t\t<span class=\"elementor-grid-item\">\n\t\t\t\t\t<a class=\"elementor-icon elementor-social-icon elementor-social-icon-snapchat elementor-repeater-item-a214105\" href=\"https:\/\/pinay-nudes.com\/es\/cb\/register\/\" target=\"_blank\">\n\t\t\t\t\t\t<span class=\"elementor-screen-only\">Snapchat<\/span>\n\t\t\t\t\t\t<i class=\"fab fa-snapchat\"><\/i>\t\t\t\t\t<\/a>\n\t\t\t\t<\/span>\n\t\t\t\t\t<\/div>\n\t\t\t\t\t\t<\/div>\n\t\t\t\t<\/div>\n\t\t\t\t<div class=\"elementor-element elementor-element-837b558 elementor-invisible elementor-widget elementor-widget-text-editor\" data-id=\"837b558\" data-element_type=\"widget\" data-settings=\"{&quot;_animation&quot;:&quot;jello&quot;}\" data-widget_type=\"text-editor.default\">\n\t\t\t\t<div class=\"elementor-widget-container\">\n\t\t\t\t\t\t\t\t\t<p><strong>17,446<\/strong><\/p>\t\t\t\t\t\t\t\t<\/div>\n\t\t\t\t<\/div>\n\t\t\t\t<div class=\"elementor-element elementor-element-c00cf04 elementor-widget elementor-widget-text-editor\" data-id=\"c00cf04\" data-element_type=\"widget\" data-widget_type=\"text-editor.default\">\n\t\t\t\t<div class=\"elementor-widget-container\">\n\t\t\t\t\t\t\t\t\t<p>Seguidores<\/p>\t\t\t\t\t\t\t\t<\/div>\n\t\t\t\t<\/div>\n\t\t\t\t<div class=\"elementor-element elementor-element-145180a elementor-widget elementor-widget-text-editor\" data-id=\"145180a\" data-element_type=\"widget\" data-widget_type=\"text-editor.default\">\n\t\t\t\t<div class=\"elementor-widget-container\">\n\t\t\t\t\t\t\t\t\t<p><strong>Estoy en l\u00ednea.<\/strong><\/p><p>Tiempo medio de respuesta 5-45 minutos<\/p>\t\t\t\t\t\t\t\t<\/div>\n\t\t\t\t<\/div>\n\t\t\t\t<div class=\"elementor-element elementor-element-7b63e55 elementor-align-center elementor-widget elementor-widget-button\" data-id=\"7b63e55\" data-element_type=\"widget\" data-widget_type=\"button.default\">\n\t\t\t\t<div class=\"elementor-widget-container\">\n\t\t\t\t\t\t\t\t\t<div class=\"elementor-button-wrapper\">\n\t\t\t\t\t<a class=\"elementor-button elementor-button-link elementor-size-sm\" href=\"https:\/\/pinay-nudes.com\/es\/nk1\/register\/\">\n\t\t\t\t\t\t<span class=\"elementor-button-content-wrapper\">\n\t\t\t\t\t\t\t\t\t<span class=\"elementor-button-text\">Contacte conmigo<\/span>\n\t\t\t\t\t<\/span>\n\t\t\t\t\t<\/a>\n\t\t\t\t<\/div>\n\t\t\t\t\t\t\t\t<\/div>\n\t\t\t\t<\/div>\n\t\t\t\t<div class=\"elementor-element elementor-element-42b5c85 elementor-star-rating--align-center elementor--star-style-star_fontawesome elementor-widget elementor-widget-star-rating\" data-id=\"42b5c85\" data-element_type=\"widget\" data-widget_type=\"star-rating.default\">\n\t\t\t\t<div class=\"elementor-widget-container\">\n\t\t\t\t\t\n\t\t<div class=\"elementor-star-rating__wrapper\">\n\t\t\t\t\t\t\t<div class=\"elementor-star-rating__title\">Revisi\u00f3n del perfil:<\/div>\n\t\t\t\t\t\t<div class=\"elementor-star-rating\" title=\"4.8\/5\" itemtype=\"http:\/\/schema.org\/Rating\" itemscope=\"\" itemprop=\"reviewRating\"><i class=\"elementor-star-full\">&#xE934;<\/i><i class=\"elementor-star-full\">&#xE934;<\/i><i class=\"elementor-star-full\">&#xE934;<\/i><i class=\"elementor-star-full\">&#xE934;<\/i><i class=\"elementor-star-8\">&#xE934;<\/i> <span itemprop=\"ratingValue\" class=\"elementor-screen-only\">4.8\/5<\/span><\/div>\t\t<\/div>\n\t\t\t\t\t\t<\/div>\n\t\t\t\t<\/div>\n\t\t\t\t<\/div>\n\t\t\t\t<\/div>\n\t\t<div class=\"elementor-element elementor-element-d4f2c4b e-flex e-con-boxed e-con e-parent\" data-id=\"d4f2c4b\" data-element_type=\"container\">\n\t\t\t\t\t<div class=\"e-con-inner\">\n\t\t\t\t<div class=\"elementor-element elementor-element-7bfd080 elementor-widget elementor-widget-image\" data-id=\"7bfd080\" data-element_type=\"widget\" data-widget_type=\"image.default\">\n\t\t\t\t<div class=\"elementor-widget-container\">\n\t\t\t\t\t\t\t\t\t\t\t\t\t\t\t\t<a href=\"https:\/\/pinay-nudes.com\/es\/go\/chaturbate\/\">\n\t\t\t\t\t\t\t<img decoding=\"async\" width=\"728\" height=\"90\" src=\"https:\/\/pinay-nudes.com\/wp-content\/uploads\/2023\/09\/CB-728-2.jpg\" class=\"attachment-large size-large wp-image-449\" alt=\"\" srcset=\"https:\/\/pinay-nudes.com\/wp-content\/uploads\/2023\/09\/CB-728-2.jpg 728w, https:\/\/pinay-nudes.com\/wp-content\/uploads\/2023\/09\/CB-728-2-300x37.jpg 300w\" sizes=\"(max-width: 728px) 100vw, 728px\" \/>\t\t\t\t\t\t\t\t<\/a>\n\t\t\t\t\t\t\t\t\t\t\t\t\t\t\t<\/div>\n\t\t\t\t<\/div>\n\t\t\t\t\t<\/div>\n\t\t\t\t<\/div>\n\t\t<div class=\"elementor-element elementor-element-9b6cd03 e-flex e-con-boxed e-con e-parent\" data-id=\"9b6cd03\" data-element_type=\"container\">\n\t\t\t\t\t<div class=\"e-con-inner\">\n\t\t\t\t<div class=\"elementor-element elementor-element-d542d8f elementor-widget elementor-widget-text-editor\" data-id=\"d542d8f\" data-element_type=\"widget\" data-widget_type=\"text-editor.default\">\n\t\t\t\t<div class=\"elementor-widget-container\">\n\t\t\t\t\t\t\t\t\t<h2>Ver desnuda filipina desnuda filipina porno amateur<\/h2><p>Busca y descubre el mejor porno amateur de Filipinas, incluyendo fetiches de pies, mujeres a las que les encanta el sexo anal y tragar semen. Encontrar\u00e1s todo lo que quieras en nuestra web, con chicas cachondas incluso esperando a que le des tu polla en la boca. El mejor contenido XXX de hermosas chicas de Filipinas.<\/p><p>V\u00eddeos porno con filipinas desnudas y calientes est\u00e1n disponibles al alcance de tu mano. A las chicas de Makati les encanta el sexo y las pollas grandes en el culo. Encuentra a tu favorita e inv\u00edtala a tomar un caf\u00e9 y practicar sexo duro, o p\u00eddele que ense\u00f1e su co\u00f1o en snapchat. Accede a los mejores v\u00eddeos porno de filipinas. \u00a1La filipina m\u00e1s caliente quiere ser follada por ti todos los d\u00edas!<\/p><p>\u00a0<\/p><h2>Registrate Hoy en Nuestro Sitio y Busca Chicas de Makati<\/h2><p>Compruebe TOP porno asi\u00e1tico con filipina desnuda. Las chicas de Manila son consideradas las m\u00e1s bellas del mundo y las m\u00e1s sexys. Cada a\u00f1o ganan los concursos universales. Son la mejor elecci\u00f3n que puedes hacer. Reg\u00edstrese en nuestro servicio completamente gratis, sin informaci\u00f3n de tarjeta de cr\u00e9dito requerida.  Porno de filipinas desnudas se actualiza a diario, as\u00ed que no olvides visitarnos a menudo.<\/p><p>Al registrarte, obtendr\u00e1s acceso a las c\u00e1maras de chicas en directo, la posibilidad de contactar directamente con las mujeres y la oportunidad de quedar para tomar un caf\u00e9 o tener sexo caliente durante mucho tiempo. Enam\u00f3rate de pinay y disfruta de la vida con filipina caliente. Mira nuestros videos populares porno gratis.\u00a0<\/p>\t\t\t\t\t\t\t\t<\/div>\n\t\t\t\t<\/div>\n\t\t\t\t\t<\/div>\n\t\t\t\t<\/div>\n\t\t\t\t<\/div>","protected":false},"excerpt":{"rendered":"<p>Snapchat Nudes Porn Videos Compilation, Sexting Usernames, Asian Sexcam Girls Free Filipina Nude Photos from Snapchat and Sex Cams Are you bored with your wife and looking for entertainment? You are on the right website, where you will find a lot of hot and undressed filipinas from snapchat and other social networks. The gallery we&hellip; <br \/> <a class=\"read-more\" href=\"https:\/\/pinay-nudes.com\/es\/users\/rodalyn-makati\/\">Leer m\u00e1s<\/a><\/p>","protected":false},"author":1,"featured_media":0,"parent":42,"menu_order":0,"comment_status":"closed","ping_status":"closed","template":"page-templates\/homepage.php","meta":{"_monsterinsights_skip_tracking":false,"_monsterinsights_sitenote_active":false,"_monsterinsights_sitenote_note":"","_monsterinsights_sitenote_category":0,"footnotes":""},"class_list":["post-278","page","type-page","status-publish","hentry"],"aioseo_notices":[],"yoast_head":"<!-- This site is optimized with the Yoast SEO plugin v24.4 - https:\/\/yoast.com\/wordpress\/plugins\/seo\/ -->\n<title>Rodalyn Makati - Nude Filipina Woman From Snapchat And Sex | Beauty Porn Pics<\/title>\n<meta name=\"robots\" content=\"index, follow, max-snippet:-1, max-image-preview:large, max-video-preview:-1\" \/>\n<link rel=\"canonical\" href=\"https:\/\/pinay-nudes.com\/es\/users\/rodalyn-makati\/\" \/>\n<meta property=\"og:locale\" content=\"es_ES\" \/>\n<meta property=\"og:type\" content=\"article\" \/>\n<meta property=\"og:title\" content=\"Rodalyn Makati - Nude Filipina Woman From Snapchat And Sex | Beauty Porn Pics\" \/>\n<meta property=\"og:description\" content=\"Snapchat Nudes Porn Videos Compilation, Sexting Usernames, Asian Sexcam Girls Free Filipina Nude Photos from Snapchat and Sex Cams Are you bored with your wife and looking for entertainment? You are on the right website, where you will find a lot of hot and undressed filipinas from snapchat and other social networks. The gallery we&hellip; Leer m\u00e1s\" \/>\n<meta property=\"og:url\" content=\"https:\/\/pinay-nudes.com\/es\/users\/rodalyn-makati\/\" \/>\n<meta property=\"og:site_name\" content=\"Nude Filipina Woman From Snapchat And Sex | Beauty Porn Pics\" \/>\n<meta property=\"article:modified_time\" content=\"2025-02-19T01:35:57+00:00\" \/>\n<meta property=\"og:image\" content=\"https:\/\/pinay-nudes.com\/wp-content\/uploads\/2023\/09\/w8rwedkcki991-4.jpg\" \/>\n\t<meta property=\"og:image:width\" content=\"1183\" \/>\n\t<meta property=\"og:image:height\" content=\"1768\" \/>\n\t<meta property=\"og:image:type\" content=\"image\/jpeg\" \/>\n<meta name=\"twitter:card\" content=\"summary_large_image\" \/>\n<meta name=\"twitter:label1\" content=\"Tiempo de lectura\" \/>\n\t<meta name=\"twitter:data1\" content=\"3 minutos\" \/>\n<script type=\"application\/ld+json\" class=\"yoast-schema-graph\">{\"@context\":\"https:\/\/schema.org\",\"@graph\":[{\"@type\":\"WebPage\",\"@id\":\"https:\/\/pinay-nudes.com\/users\/rodalyn-makati\/\",\"url\":\"https:\/\/pinay-nudes.com\/users\/rodalyn-makati\/\",\"name\":\"Rodalyn Makati - Nude Filipina Woman From Snapchat And Sex | Beauty Porn Pics\",\"isPartOf\":{\"@id\":\"https:\/\/pinay-nudes.com\/#website\"},\"primaryImageOfPage\":{\"@id\":\"https:\/\/pinay-nudes.com\/users\/rodalyn-makati\/#primaryimage\"},\"image\":{\"@id\":\"https:\/\/pinay-nudes.com\/users\/rodalyn-makati\/#primaryimage\"},\"thumbnailUrl\":\"http:\/\/pinay-nudes.com\/wp-content\/uploads\/2023\/09\/w8rwedkcki991-4-685x1024.jpg\",\"datePublished\":\"2023-09-18T02:55:46+00:00\",\"dateModified\":\"2025-02-19T01:35:57+00:00\",\"breadcrumb\":{\"@id\":\"https:\/\/pinay-nudes.com\/users\/rodalyn-makati\/#breadcrumb\"},\"inLanguage\":\"es\",\"potentialAction\":[{\"@type\":\"ReadAction\",\"target\":[\"https:\/\/pinay-nudes.com\/users\/rodalyn-makati\/\"]}]},{\"@type\":\"ImageObject\",\"inLanguage\":\"es\",\"@id\":\"https:\/\/pinay-nudes.com\/users\/rodalyn-makati\/#primaryimage\",\"url\":\"http:\/\/pinay-nudes.com\/wp-content\/uploads\/2023\/09\/w8rwedkcki991-4-685x1024.jpg\",\"contentUrl\":\"http:\/\/pinay-nudes.com\/wp-content\/uploads\/2023\/09\/w8rwedkcki991-4-685x1024.jpg\"},{\"@type\":\"BreadcrumbList\",\"@id\":\"https:\/\/pinay-nudes.com\/users\/rodalyn-makati\/#breadcrumb\",\"itemListElement\":[{\"@type\":\"ListItem\",\"position\":1,\"name\":\"Home\",\"item\":\"https:\/\/pinay-nudes.com\/\"},{\"@type\":\"ListItem\",\"position\":2,\"name\":\"Our Users\",\"item\":\"https:\/\/pinay-nudes.com\/users\/\"},{\"@type\":\"ListItem\",\"position\":3,\"name\":\"Rodalyn Makati\"}]},{\"@type\":\"WebSite\",\"@id\":\"https:\/\/pinay-nudes.com\/#website\",\"url\":\"https:\/\/pinay-nudes.com\/\",\"name\":\"Nude Filipina Woman From Snapchat And Sex | Beauty Porn Pics\",\"description\":\"Check our Free Porn Gallery with nude beautiful girls. XXX Naked Porn Pics from Hot Naked Girls from Snapchat and Sex Cams. Best Filipina sexy photos\",\"publisher\":{\"@id\":\"https:\/\/pinay-nudes.com\/#organization\"},\"potentialAction\":[{\"@type\":\"SearchAction\",\"target\":{\"@type\":\"EntryPoint\",\"urlTemplate\":\"https:\/\/pinay-nudes.com\/?s={search_term_string}\"},\"query-input\":{\"@type\":\"PropertyValueSpecification\",\"valueRequired\":true,\"valueName\":\"search_term_string\"}}],\"inLanguage\":\"es\"},{\"@type\":\"Organization\",\"@id\":\"https:\/\/pinay-nudes.com\/#organization\",\"name\":\"Nude Filipina Woman From Snapchat And Sex | Beauty Porn Pics\",\"url\":\"https:\/\/pinay-nudes.com\/\",\"logo\":{\"@type\":\"ImageObject\",\"inLanguage\":\"es\",\"@id\":\"https:\/\/pinay-nudes.com\/#\/schema\/logo\/image\/\",\"url\":\"https:\/\/pinay-nudes.com\/wp-content\/uploads\/2023\/09\/cropped-cropped-logo2-1.png\",\"contentUrl\":\"https:\/\/pinay-nudes.com\/wp-content\/uploads\/2023\/09\/cropped-cropped-logo2-1.png\",\"width\":512,\"height\":512,\"caption\":\"Nude Filipina Woman From Snapchat And Sex | Beauty Porn Pics \"},\"image\":{\"@id\":\"https:\/\/pinay-nudes.com\/#\/schema\/logo\/image\/\"}}]}<\/script>\n<!-- \/ Yoast SEO plugin. -->","yoast_head_json":{"title":"Rodalyn Makati - Nude Filipina Woman From Snapchat And Sex | Beauty Porn Pics","robots":{"index":"index","follow":"follow","max-snippet":"max-snippet:-1","max-image-preview":"max-image-preview:large","max-video-preview":"max-video-preview:-1"},"canonical":"https:\/\/pinay-nudes.com\/es\/users\/rodalyn-makati\/","og_locale":"es_ES","og_type":"article","og_title":"Rodalyn Makati - Nude Filipina Woman From Snapchat And Sex | Beauty Porn Pics","og_description":"Snapchat Nudes Porn Videos Compilation, Sexting Usernames, Asian Sexcam Girls Free Filipina Nude Photos from Snapchat and Sex Cams Are you bored with your wife and looking for entertainment? You are on the right website, where you will find a lot of hot and undressed filipinas from snapchat and other social networks. The gallery we&hellip; Leer m\u00e1s","og_url":"https:\/\/pinay-nudes.com\/es\/users\/rodalyn-makati\/","og_site_name":"Nude Filipina Woman From Snapchat And Sex | Beauty Porn Pics","article_modified_time":"2025-02-19T01:35:57+00:00","og_image":[{"width":1183,"height":1768,"url":"https:\/\/pinay-nudes.com\/wp-content\/uploads\/2023\/09\/w8rwedkcki991-4.jpg","type":"image\/jpeg"}],"twitter_card":"summary_large_image","twitter_misc":{"Tiempo de lectura":"3 minutos"},"schema":{"@context":"https:\/\/schema.org","@graph":[{"@type":"WebPage","@id":"https:\/\/pinay-nudes.com\/users\/rodalyn-makati\/","url":"https:\/\/pinay-nudes.com\/users\/rodalyn-makati\/","name":"Rodalyn Makati - Nude Filipina Woman From Snapchat And Sex | Beauty Porn Pics","isPartOf":{"@id":"https:\/\/pinay-nudes.com\/#website"},"primaryImageOfPage":{"@id":"https:\/\/pinay-nudes.com\/users\/rodalyn-makati\/#primaryimage"},"image":{"@id":"https:\/\/pinay-nudes.com\/users\/rodalyn-makati\/#primaryimage"},"thumbnailUrl":"http:\/\/pinay-nudes.com\/wp-content\/uploads\/2023\/09\/w8rwedkcki991-4-685x1024.jpg","datePublished":"2023-09-18T02:55:46+00:00","dateModified":"2025-02-19T01:35:57+00:00","breadcrumb":{"@id":"https:\/\/pinay-nudes.com\/users\/rodalyn-makati\/#breadcrumb"},"inLanguage":"es","potentialAction":[{"@type":"ReadAction","target":["https:\/\/pinay-nudes.com\/users\/rodalyn-makati\/"]}]},{"@type":"ImageObject","inLanguage":"es","@id":"https:\/\/pinay-nudes.com\/users\/rodalyn-makati\/#primaryimage","url":"http:\/\/pinay-nudes.com\/wp-content\/uploads\/2023\/09\/w8rwedkcki991-4-685x1024.jpg","contentUrl":"http:\/\/pinay-nudes.com\/wp-content\/uploads\/2023\/09\/w8rwedkcki991-4-685x1024.jpg"},{"@type":"BreadcrumbList","@id":"https:\/\/pinay-nudes.com\/users\/rodalyn-makati\/#breadcrumb","itemListElement":[{"@type":"ListItem","position":1,"name":"Home","item":"https:\/\/pinay-nudes.com\/"},{"@type":"ListItem","position":2,"name":"Our Users","item":"https:\/\/pinay-nudes.com\/users\/"},{"@type":"ListItem","position":3,"name":"Rodalyn Makati"}]},{"@type":"WebSite","@id":"https:\/\/pinay-nudes.com\/#website","url":"https:\/\/pinay-nudes.com\/","name":"Nude Filipina Woman From Snapchat And Sex | Beauty Porn Pics","description":"Check our Free Porn Gallery with nude beautiful girls. XXX Naked Porn Pics from Hot Naked Girls from Snapchat and Sex Cams. Best Filipina sexy photos","publisher":{"@id":"https:\/\/pinay-nudes.com\/#organization"},"potentialAction":[{"@type":"SearchAction","target":{"@type":"EntryPoint","urlTemplate":"https:\/\/pinay-nudes.com\/?s={search_term_string}"},"query-input":{"@type":"PropertyValueSpecification","valueRequired":true,"valueName":"search_term_string"}}],"inLanguage":"es"},{"@type":"Organization","@id":"https:\/\/pinay-nudes.com\/#organization","name":"Nude Filipina Woman From Snapchat And Sex | Beauty Porn Pics","url":"https:\/\/pinay-nudes.com\/","logo":{"@type":"ImageObject","inLanguage":"es","@id":"https:\/\/pinay-nudes.com\/#\/schema\/logo\/image\/","url":"https:\/\/pinay-nudes.com\/wp-content\/uploads\/2023\/09\/cropped-cropped-logo2-1.png","contentUrl":"https:\/\/pinay-nudes.com\/wp-content\/uploads\/2023\/09\/cropped-cropped-logo2-1.png","width":512,"height":512,"caption":"Nude Filipina Woman From Snapchat And Sex | Beauty Porn Pics "},"image":{"@id":"https:\/\/pinay-nudes.com\/#\/schema\/logo\/image\/"}}]}},"_links":{"self":[{"href":"https:\/\/pinay-nudes.com\/es\/wp-json\/wp\/v2\/pages\/278","targetHints":{"allow":["GET"]}}],"collection":[{"href":"https:\/\/pinay-nudes.com\/es\/wp-json\/wp\/v2\/pages"}],"about":[{"href":"https:\/\/pinay-nudes.com\/es\/wp-json\/wp\/v2\/types\/page"}],"author":[{"embeddable":true,"href":"https:\/\/pinay-nudes.com\/es\/wp-json\/wp\/v2\/users\/1"}],"replies":[{"embeddable":true,"href":"https:\/\/pinay-nudes.com\/es\/wp-json\/wp\/v2\/comments?post=278"}],"version-history":[{"count":40,"href":"https:\/\/pinay-nudes.com\/es\/wp-json\/wp\/v2\/pages\/278\/revisions"}],"predecessor-version":[{"id":2416,"href":"https:\/\/pinay-nudes.com\/es\/wp-json\/wp\/v2\/pages\/278\/revisions\/2416"}],"up":[{"embeddable":true,"href":"https:\/\/pinay-nudes.com\/es\/wp-json\/wp\/v2\/pages\/42"}],"wp:attachment":[{"href":"https:\/\/pinay-nudes.com\/es\/wp-json\/wp\/v2\/media?parent=278"}],"curies":[{"name":"wp","href":"https:\/\/api.w.org\/{rel}","templated":true}]}}