{"id":279,"date":"2023-09-18T03:55:46","date_gmt":"2023-09-18T02:55:46","guid":{"rendered":"https:\/\/pinay-nudes.com\/?page_id=279"},"modified":"2025-02-19T01:35:39","modified_gmt":"2025-02-19T01:35:39","slug":"mae-leyte","status":"publish","type":"page","link":"https:\/\/pinay-nudes.com\/de\/users\/mae-leyte\/","title":{"rendered":"Mae Leyte"},"content":{"rendered":"<div data-elementor-type=\"wp-page\" data-elementor-id=\"279\" class=\"elementor elementor-279\">\n\t\t\t\t<div class=\"elementor-element elementor-element-3a662ca e-flex e-con-boxed e-con e-parent\" data-id=\"3a662ca\" data-element_type=\"container\">\n\t\t\t\t\t<div class=\"e-con-inner\">\n\t\t\t\t<div class=\"elementor-element elementor-element-2ffa4f1 elementor-widget elementor-widget-text-editor\" data-id=\"2ffa4f1\" data-element_type=\"widget\" data-widget_type=\"text-editor.default\">\n\t\t\t\t<div class=\"elementor-widget-container\">\n\t\t\t\t\t\t\t\t\t<center><h1>Date Filipina, Asiatischer Amateur Porno durchgesickert, Filipina Nackt Porno Videos, Nackte M\u00e4dchen Fotos<\/h1><\/center>\t\t\t\t\t\t\t\t<\/div>\n\t\t\t\t<\/div>\n\t\t\t\t\t<\/div>\n\t\t\t\t<\/div>\n\t\t<div class=\"elementor-element elementor-element-2ff9b30 e-flex e-con-boxed e-con e-parent\" data-id=\"2ff9b30\" data-element_type=\"container\">\n\t\t\t\t\t<div class=\"e-con-inner\">\n\t\t\t\t<div class=\"elementor-element elementor-element-6d79140 elementor-widget elementor-widget-text-editor\" data-id=\"6d79140\" data-element_type=\"widget\" data-widget_type=\"text-editor.default\">\n\t\t\t\t<div class=\"elementor-widget-container\">\n\t\t\t\t\t\t\t\t\t<h2>Date mit Filipina und Austausch von Filipina Nude Amateur Fotos oder Porno Videos<\/h2><p>Lerne M\u00e4dchen aus Leyte kennen und verabrede dich mit ihnen f\u00fcr einen guten Kaffee, ein Date oder einfach nur f\u00fcr harten Sex. Suchen Sie nach den Filipina Hot Girls auf unserer Plattform und bitten Sie sie, Ihnen Nacktfotos auf Snapchat zu schicken. Du hast eine tolle Gelegenheit, denn wir haben f\u00fcr dich Frauen ausgew\u00e4hlt, die das gerne tun, und einige von ihnen sind sogar Models auf NikitaCams.com oder Sex-Webcams.<\/p><p>Unsere Top-Girls von den Philippinen warten darauf, dass du dich mit ihnen verabredest und deinen Schwanz im Hotel bekommst. Die Registrierung auf unserer Plattform ist v\u00f6llig kostenlos und damit erhalten Sie Zugang zu mehreren tausend Pinay Girls.<\/p>\t\t\t\t\t\t\t\t<\/div>\n\t\t\t\t<\/div>\n\t\t\t\t\t<\/div>\n\t\t\t\t<\/div>\n\t\t<div class=\"elementor-element elementor-element-81c1a17 e-con-full e-flex e-con e-parent\" data-id=\"81c1a17\" data-element_type=\"container\">\n\t\t<div class=\"elementor-element elementor-element-f39d652 e-con-full e-flex e-con e-child\" data-id=\"f39d652\" data-element_type=\"container\">\n\t\t\t\t<div class=\"elementor-element elementor-element-05173ee elementor-widget elementor-widget-image\" data-id=\"05173ee\" data-element_type=\"widget\" data-widget_type=\"image.default\">\n\t\t\t\t<div class=\"elementor-widget-container\">\n\t\t\t\t\t\t\t\t\t\t\t\t\t\t\t<img fetchpriority=\"high\" decoding=\"async\" width=\"872\" height=\"644\" src=\"https:\/\/pinay-nudes.com\/wp-content\/uploads\/2023\/09\/3f198811ff2c1b9089a38eb9c6082e52.png\" class=\"attachment-large size-large wp-image-514\" alt=\"\" srcset=\"https:\/\/pinay-nudes.com\/wp-content\/uploads\/2023\/09\/3f198811ff2c1b9089a38eb9c6082e52.png 872w, https:\/\/pinay-nudes.com\/wp-content\/uploads\/2023\/09\/3f198811ff2c1b9089a38eb9c6082e52-300x222.png 300w, https:\/\/pinay-nudes.com\/wp-content\/uploads\/2023\/09\/3f198811ff2c1b9089a38eb9c6082e52-768x567.png 768w\" sizes=\"(max-width: 872px) 100vw, 872px\" \/>\t\t\t\t\t\t\t\t\t\t\t\t\t\t\t<\/div>\n\t\t\t\t<\/div>\n\t\t\t\t<\/div>\n\t\t<div class=\"elementor-element elementor-element-f506800 e-con-full e-flex e-con e-child\" data-id=\"f506800\" data-element_type=\"container\">\n\t\t\t\t<div class=\"elementor-element elementor-element-89aec2f elementor-widget elementor-widget-heading\" data-id=\"89aec2f\" data-element_type=\"widget\" data-widget_type=\"heading.default\">\n\t\t\t\t<div class=\"elementor-widget-container\">\n\t\t\t\t\t<h2 class=\"elementor-heading-title elementor-size-default\">Mae, Leyte<\/h2>\t\t\t\t<\/div>\n\t\t\t\t<\/div>\n\t\t\t\t<div class=\"elementor-element elementor-element-058220f elementor-widget elementor-widget-text-editor\" data-id=\"058220f\" data-element_type=\"widget\" data-widget_type=\"text-editor.default\">\n\t\t\t\t<div class=\"elementor-widget-container\">\n\t\t\t\t\t\t\t\t\t<p>Ich bin Mae. Ich lebe in Leyte, seit ich angefangen habe zu studieren (3 Jahre). Ich liebe diese Stadt, ich liebe das Meer, die Menschen hier sind wunderbar. Wenn Sie chatten wollen, oder entf\u00fchren Sie mich f\u00fcr eine Party - schreiben Sie mutig.<\/p>\t\t\t\t\t\t\t\t<\/div>\n\t\t\t\t<\/div>\n\t\t\t\t<div class=\"elementor-element elementor-element-6499bdd elementor-shape-rounded elementor-grid-0 e-grid-align-center elementor-widget elementor-widget-social-icons\" data-id=\"6499bdd\" data-element_type=\"widget\" data-widget_type=\"social-icons.default\">\n\t\t\t\t<div class=\"elementor-widget-container\">\n\t\t\t\t\t\t\t<div class=\"elementor-social-icons-wrapper elementor-grid\">\n\t\t\t\t\t\t\t<span class=\"elementor-grid-item\">\n\t\t\t\t\t<a class=\"elementor-icon elementor-social-icon elementor-social-icon-facebook elementor-repeater-item-966ee37\" href=\"https:\/\/pinay-nudes.com\/de\/nk\/register\/\" target=\"_blank\">\n\t\t\t\t\t\t<span class=\"elementor-screen-only\">Facebook<\/span>\n\t\t\t\t\t\t<i class=\"fab fa-facebook\"><\/i>\t\t\t\t\t<\/a>\n\t\t\t\t<\/span>\n\t\t\t\t\t\t\t<span class=\"elementor-grid-item\">\n\t\t\t\t\t<a class=\"elementor-icon elementor-social-icon elementor-social-icon-instagram elementor-repeater-item-47b44c9\" href=\"https:\/\/pinay-nudes.com\/de\/cb\/register\/\" target=\"_blank\">\n\t\t\t\t\t\t<span class=\"elementor-screen-only\">Instagram<\/span>\n\t\t\t\t\t\t<i class=\"fab fa-instagram\"><\/i>\t\t\t\t\t<\/a>\n\t\t\t\t<\/span>\n\t\t\t\t\t\t\t<span class=\"elementor-grid-item\">\n\t\t\t\t\t<a class=\"elementor-icon elementor-social-icon elementor-social-icon-snapchat elementor-repeater-item-a214105\" href=\"https:\/\/pinay-nudes.com\/de\/nk1\/register\/\" target=\"_blank\">\n\t\t\t\t\t\t<span class=\"elementor-screen-only\">Snapchat<\/span>\n\t\t\t\t\t\t<i class=\"fab fa-snapchat\"><\/i>\t\t\t\t\t<\/a>\n\t\t\t\t<\/span>\n\t\t\t\t\t<\/div>\n\t\t\t\t\t\t<\/div>\n\t\t\t\t<\/div>\n\t\t\t\t<div class=\"elementor-element elementor-element-45a7f24 elementor-invisible elementor-widget elementor-widget-text-editor\" data-id=\"45a7f24\" data-element_type=\"widget\" data-settings=\"{&quot;_animation&quot;:&quot;jello&quot;}\" data-widget_type=\"text-editor.default\">\n\t\t\t\t<div class=\"elementor-widget-container\">\n\t\t\t\t\t\t\t\t\t<p><strong>9,089<\/strong><\/p>\t\t\t\t\t\t\t\t<\/div>\n\t\t\t\t<\/div>\n\t\t\t\t<div class=\"elementor-element elementor-element-58fea2f elementor-widget elementor-widget-text-editor\" data-id=\"58fea2f\" data-element_type=\"widget\" data-widget_type=\"text-editor.default\">\n\t\t\t\t<div class=\"elementor-widget-container\">\n\t\t\t\t\t\t\t\t\t<p>Followers<\/p>\t\t\t\t\t\t\t\t<\/div>\n\t\t\t\t<\/div>\n\t\t\t\t<div class=\"elementor-element elementor-element-32d9e85 elementor-widget elementor-widget-text-editor\" data-id=\"32d9e85\" data-element_type=\"widget\" data-widget_type=\"text-editor.default\">\n\t\t\t\t<div class=\"elementor-widget-container\">\n\t\t\t\t\t\t\t\t\t<p><strong>Ich bin online!<\/strong><\/p><p>Durchschnittliche Reaktionszeit 2-25 Minuten<\/p>\t\t\t\t\t\t\t\t<\/div>\n\t\t\t\t<\/div>\n\t\t\t\t<div class=\"elementor-element elementor-element-9a6ba5e elementor-align-center elementor-widget elementor-widget-button\" data-id=\"9a6ba5e\" data-element_type=\"widget\" data-widget_type=\"button.default\">\n\t\t\t\t<div class=\"elementor-widget-container\">\n\t\t\t\t\t\t\t\t\t<div class=\"elementor-button-wrapper\">\n\t\t\t\t\t<a class=\"elementor-button elementor-button-link elementor-size-sm\" href=\"https:\/\/pinay-nudes.com\/de\/cb\/register\/\">\n\t\t\t\t\t\t<span class=\"elementor-button-content-wrapper\">\n\t\t\t\t\t\t\t\t\t<span class=\"elementor-button-text\">Kontakt mit mir<\/span>\n\t\t\t\t\t<\/span>\n\t\t\t\t\t<\/a>\n\t\t\t\t<\/div>\n\t\t\t\t\t\t\t\t<\/div>\n\t\t\t\t<\/div>\n\t\t\t\t<div class=\"elementor-element elementor-element-115af17 elementor-star-rating--align-center elementor--star-style-star_fontawesome elementor-widget elementor-widget-star-rating\" data-id=\"115af17\" data-element_type=\"widget\" data-widget_type=\"star-rating.default\">\n\t\t\t\t<div class=\"elementor-widget-container\">\n\t\t\t\t\t\n\t\t<div class=\"elementor-star-rating__wrapper\">\n\t\t\t\t\t\t\t<div class=\"elementor-star-rating__title\">Profil-\u00dcbersicht:<\/div>\n\t\t\t\t\t\t<div class=\"elementor-star-rating\" title=\"4.8\/5\" itemtype=\"http:\/\/schema.org\/Rating\" itemscope=\"\" itemprop=\"reviewRating\"><i class=\"elementor-star-full\">&#xE934;<\/i><i class=\"elementor-star-full\">&#xE934;<\/i><i class=\"elementor-star-full\">&#xE934;<\/i><i class=\"elementor-star-full\">&#xE934;<\/i><i class=\"elementor-star-8\">&#xE934;<\/i> <span itemprop=\"ratingValue\" class=\"elementor-screen-only\">4.8\/5<\/span><\/div>\t\t<\/div>\n\t\t\t\t\t\t<\/div>\n\t\t\t\t<\/div>\n\t\t\t\t<\/div>\n\t\t\t\t<\/div>\n\t\t<div class=\"elementor-element elementor-element-3bda067 e-flex e-con-boxed e-con e-parent\" data-id=\"3bda067\" data-element_type=\"container\">\n\t\t\t\t\t<div class=\"e-con-inner\">\n\t\t\t\t<div class=\"elementor-element elementor-element-97d6a93 elementor-widget elementor-widget-html\" data-id=\"97d6a93\" data-element_type=\"widget\" data-widget_type=\"html.default\">\n\t\t\t\t<div class=\"elementor-widget-container\">\n\t\t\t\t\t<iframe scrolling=\"no\" frameborder=\"0\" height=\"300\" style=\"width:100%;min-width:70px;\" src=\"https:\/\/bngdin.com\/promo.php?c=787642&type=dynamic_banner&new_banner=0&db%5Bwidth%5D=160&db%5Bheight%5D=300&db%5Btype%5D=live&db%5Bmodel_zone%5D=free&db%5Bheader%5D=0&db%5Bfooter%5D=footer_text_1&db%5Bmlang%5D=1&db%5Bfullscreen%5D=&db%5Bmname%5D=1&db%5Bmlink%5D=1&db%5Bmstatus%5D=1&db%5Bmsize%5D=auto&db%5Bmpad%5D=1&db%5Bmwidth%5D=156&db%5Bcolor_scheme%5D=dark&db%5Bmborder%5D=solid&db%5Bmborder_color%5D=%23ffffff&db%5Bmborder_over_color%5D=%23a02239&db%5Bmshadow%5D=0&db%5Bmodels_by_geo%5D=0&db%5Bautoupdate%5D=1&db%5Btopmodels%5D=1&db%5Blanding%5D=chat&db%5Blogo_color%5D=negative&db%5Blogo_align%5D=left&db%5Bbg_color%5D=%23222222&db%5Bfont_family%5D=Trebuchet+MS&db%5Btext_align%5D=center&db%5Btext_color%5D=%23ffffff&db%5Blink_color%5D=%2396009e&db%5Beffect%5D=auto&db%5Beffect_speed%5D=optimal&db%5Bmode%5D=mode1&db%5Badaptive%5D=1&db%5Bslider%5D=0&db%5Bchat%5D=0\"><\/iframe>\t\t\t\t<\/div>\n\t\t\t\t<\/div>\n\t\t\t\t\t<\/div>\n\t\t\t\t<\/div>\n\t\t<div class=\"elementor-element elementor-element-a7bdfcc e-flex e-con-boxed e-con e-parent\" data-id=\"a7bdfcc\" data-element_type=\"container\">\n\t\t\t\t\t<div class=\"e-con-inner\">\n\t\t\t\t<div class=\"elementor-element elementor-element-f8cafbb elementor-widget elementor-widget-text-editor\" data-id=\"f8cafbb\" data-element_type=\"widget\" data-widget_type=\"text-editor.default\">\n\t\t\t\t<div class=\"elementor-widget-container\">\n\t\t\t\t\t\t\t\t\t<h2>Erhalten Sie freien Zugang zu nackten Filipina Fotos von Snapchat<\/h2><p>Sie k\u00f6nnen jetzt eine riesige Galerie von XXX Galerie und Videos zugreifen. Die besten Filipina Porno Videos und Skandale und authentische Snapchat Konten mit geilen Filipina Frauen, die sogar davon tr\u00e4umen, einen Ausl\u00e4nder zu treffen. Hei\u00dfeste nackte Filipina Girls aus Leyte warten.<\/p><p>Wir haben daf\u00fcr gesorgt, dass du immer aktuelle Inhalte hast und dich nie langweilst. Die hei\u00dfesten Filipinas und die geilsten Teens warten darauf, sich nackt auszuziehen. Cyber-Sex ist in den letzten Jahren ein sehr beliebtes Thema geworden und hat dank Apps wie Snapchat, wo Bilder und Videos regelm\u00e4\u00dfig gel\u00f6scht werden, an Popularit\u00e4t gewonnen.\u00a0<\/p><h2>Philippinee Nude Filipina Teens wird nackt in Snapchat<\/h2><p>Schau dir unsere nackten Filipina Pornos in Top Qualit\u00e4t an. Asian Porno mit Pinay M\u00e4dchen. Entdecken Sie Website t\u00e4glich und f\u00fcgen Sie neue M\u00e4dchen f\u00fcr Sex. Hottest Filipina Vorbereitung Pics f\u00fcr Sie. Schauen Sie sich die sch\u00f6ne philippinische nackte Filipina Fotos und lassen Sie sie Ihren Schwanz zu bekommen. Nur Bilder und Videos von hoher Qualit\u00e4t von echten Pinay Frauen. Kreditkarte ist nicht erforderlich und alles, was Sie kostenlos genie\u00dfen!<\/p>\t\t\t\t\t\t\t\t<\/div>\n\t\t\t\t<\/div>\n\t\t\t\t\t<\/div>\n\t\t\t\t<\/div>\n\t\t\t\t<\/div>","protected":false},"excerpt":{"rendered":"<p>Date Filipina, Asian Amateur Porn Leaked, Filipina Nude Porn Videos, Nude Girls Photos Date with Filipina and exchange Filipina Nude Amateur Photos or Porn Videos Meet girls from Leyte and date them for a good coffee, a date or just for rough sex. Search for the Filipina Hot Girls on our platform and ask them&hellip; <br \/> <a class=\"read-more\" href=\"https:\/\/pinay-nudes.com\/de\/users\/mae-leyte\/\">Weiterlesen<\/a><\/p>","protected":false},"author":1,"featured_media":0,"parent":42,"menu_order":0,"comment_status":"closed","ping_status":"closed","template":"page-templates\/homepage.php","meta":{"_monsterinsights_skip_tracking":false,"_monsterinsights_sitenote_active":false,"_monsterinsights_sitenote_note":"","_monsterinsights_sitenote_category":0,"footnotes":""},"class_list":["post-279","page","type-page","status-publish","hentry"],"aioseo_notices":[],"yoast_head":"<!-- This site is optimized with the Yoast SEO plugin v24.4 - https:\/\/yoast.com\/wordpress\/plugins\/seo\/ -->\n<title>Mae Leyte - Nude Filipina Woman From Snapchat And Sex | Beauty Porn Pics<\/title>\n<meta name=\"robots\" content=\"index, follow, max-snippet:-1, max-image-preview:large, max-video-preview:-1\" \/>\n<link rel=\"canonical\" href=\"https:\/\/pinay-nudes.com\/de\/users\/mae-leyte\/\" \/>\n<meta property=\"og:locale\" content=\"de_DE\" \/>\n<meta property=\"og:type\" content=\"article\" \/>\n<meta property=\"og:title\" content=\"Mae Leyte - Nude Filipina Woman From Snapchat And Sex | Beauty Porn Pics\" \/>\n<meta property=\"og:description\" content=\"Date Filipina, Asian Amateur Porn Leaked, Filipina Nude Porn Videos, Nude Girls Photos Date with Filipina and exchange Filipina Nude Amateur Photos or Porn Videos Meet girls from Leyte and date them for a good coffee, a date or just for rough sex. Search for the Filipina Hot Girls on our platform and ask them&hellip; Weiterlesen\" \/>\n<meta property=\"og:url\" content=\"https:\/\/pinay-nudes.com\/de\/users\/mae-leyte\/\" \/>\n<meta property=\"og:site_name\" content=\"Nude Filipina Woman From Snapchat And Sex | Beauty Porn Pics\" \/>\n<meta property=\"article:modified_time\" content=\"2025-02-19T01:35:39+00:00\" \/>\n<meta property=\"og:image\" content=\"https:\/\/pinay-nudes.com\/wp-content\/uploads\/2023\/09\/3f198811ff2c1b9089a38eb9c6082e52.png\" \/>\n\t<meta property=\"og:image:width\" content=\"872\" \/>\n\t<meta property=\"og:image:height\" content=\"644\" \/>\n\t<meta property=\"og:image:type\" content=\"image\/png\" \/>\n<meta name=\"twitter:card\" content=\"summary_large_image\" \/>\n<meta name=\"twitter:label1\" content=\"Gesch\u00e4tzte Lesezeit\" \/>\n\t<meta name=\"twitter:data1\" content=\"2\u00a0Minuten\" \/>\n<script type=\"application\/ld+json\" class=\"yoast-schema-graph\">{\"@context\":\"https:\/\/schema.org\",\"@graph\":[{\"@type\":\"WebPage\",\"@id\":\"https:\/\/pinay-nudes.com\/users\/mae-leyte\/\",\"url\":\"https:\/\/pinay-nudes.com\/users\/mae-leyte\/\",\"name\":\"Mae Leyte - Nude Filipina Woman From Snapchat And Sex | Beauty Porn Pics\",\"isPartOf\":{\"@id\":\"https:\/\/pinay-nudes.com\/#website\"},\"primaryImageOfPage\":{\"@id\":\"https:\/\/pinay-nudes.com\/users\/mae-leyte\/#primaryimage\"},\"image\":{\"@id\":\"https:\/\/pinay-nudes.com\/users\/mae-leyte\/#primaryimage\"},\"thumbnailUrl\":\"http:\/\/pinay-nudes.com\/wp-content\/uploads\/2023\/09\/3f198811ff2c1b9089a38eb9c6082e52.png\",\"datePublished\":\"2023-09-18T02:55:46+00:00\",\"dateModified\":\"2025-02-19T01:35:39+00:00\",\"breadcrumb\":{\"@id\":\"https:\/\/pinay-nudes.com\/users\/mae-leyte\/#breadcrumb\"},\"inLanguage\":\"de\",\"potentialAction\":[{\"@type\":\"ReadAction\",\"target\":[\"https:\/\/pinay-nudes.com\/users\/mae-leyte\/\"]}]},{\"@type\":\"ImageObject\",\"inLanguage\":\"de\",\"@id\":\"https:\/\/pinay-nudes.com\/users\/mae-leyte\/#primaryimage\",\"url\":\"http:\/\/pinay-nudes.com\/wp-content\/uploads\/2023\/09\/3f198811ff2c1b9089a38eb9c6082e52.png\",\"contentUrl\":\"http:\/\/pinay-nudes.com\/wp-content\/uploads\/2023\/09\/3f198811ff2c1b9089a38eb9c6082e52.png\"},{\"@type\":\"BreadcrumbList\",\"@id\":\"https:\/\/pinay-nudes.com\/users\/mae-leyte\/#breadcrumb\",\"itemListElement\":[{\"@type\":\"ListItem\",\"position\":1,\"name\":\"Home\",\"item\":\"https:\/\/pinay-nudes.com\/\"},{\"@type\":\"ListItem\",\"position\":2,\"name\":\"Our Users\",\"item\":\"https:\/\/pinay-nudes.com\/users\/\"},{\"@type\":\"ListItem\",\"position\":3,\"name\":\"Mae Leyte\"}]},{\"@type\":\"WebSite\",\"@id\":\"https:\/\/pinay-nudes.com\/#website\",\"url\":\"https:\/\/pinay-nudes.com\/\",\"name\":\"Nude Filipina Woman From Snapchat And Sex | Beauty Porn Pics\",\"description\":\"Check our Free Porn Gallery with nude beautiful girls. XXX Naked Porn Pics from Hot Naked Girls from Snapchat and Sex Cams. Best Filipina sexy photos\",\"publisher\":{\"@id\":\"https:\/\/pinay-nudes.com\/#organization\"},\"potentialAction\":[{\"@type\":\"SearchAction\",\"target\":{\"@type\":\"EntryPoint\",\"urlTemplate\":\"https:\/\/pinay-nudes.com\/?s={search_term_string}\"},\"query-input\":{\"@type\":\"PropertyValueSpecification\",\"valueRequired\":true,\"valueName\":\"search_term_string\"}}],\"inLanguage\":\"de\"},{\"@type\":\"Organization\",\"@id\":\"https:\/\/pinay-nudes.com\/#organization\",\"name\":\"Nude Filipina Woman From Snapchat And Sex | Beauty Porn Pics\",\"url\":\"https:\/\/pinay-nudes.com\/\",\"logo\":{\"@type\":\"ImageObject\",\"inLanguage\":\"de\",\"@id\":\"https:\/\/pinay-nudes.com\/#\/schema\/logo\/image\/\",\"url\":\"https:\/\/pinay-nudes.com\/wp-content\/uploads\/2023\/09\/cropped-cropped-logo2-1.png\",\"contentUrl\":\"https:\/\/pinay-nudes.com\/wp-content\/uploads\/2023\/09\/cropped-cropped-logo2-1.png\",\"width\":512,\"height\":512,\"caption\":\"Nude Filipina Woman From Snapchat And Sex | Beauty Porn Pics \"},\"image\":{\"@id\":\"https:\/\/pinay-nudes.com\/#\/schema\/logo\/image\/\"}}]}<\/script>\n<!-- \/ Yoast SEO plugin. -->","yoast_head_json":{"title":"Mae Leyte - Nude Filipina Woman From Snapchat And Sex | Beauty Porn Pics","robots":{"index":"index","follow":"follow","max-snippet":"max-snippet:-1","max-image-preview":"max-image-preview:large","max-video-preview":"max-video-preview:-1"},"canonical":"https:\/\/pinay-nudes.com\/de\/users\/mae-leyte\/","og_locale":"de_DE","og_type":"article","og_title":"Mae Leyte - Nude Filipina Woman From Snapchat And Sex | Beauty Porn Pics","og_description":"Date Filipina, Asian Amateur Porn Leaked, Filipina Nude Porn Videos, Nude Girls Photos Date with Filipina and exchange Filipina Nude Amateur Photos or Porn Videos Meet girls from Leyte and date them for a good coffee, a date or just for rough sex. Search for the Filipina Hot Girls on our platform and ask them&hellip; Weiterlesen","og_url":"https:\/\/pinay-nudes.com\/de\/users\/mae-leyte\/","og_site_name":"Nude Filipina Woman From Snapchat And Sex | Beauty Porn Pics","article_modified_time":"2025-02-19T01:35:39+00:00","og_image":[{"width":872,"height":644,"url":"https:\/\/pinay-nudes.com\/wp-content\/uploads\/2023\/09\/3f198811ff2c1b9089a38eb9c6082e52.png","type":"image\/png"}],"twitter_card":"summary_large_image","twitter_misc":{"Gesch\u00e4tzte Lesezeit":"2\u00a0Minuten"},"schema":{"@context":"https:\/\/schema.org","@graph":[{"@type":"WebPage","@id":"https:\/\/pinay-nudes.com\/users\/mae-leyte\/","url":"https:\/\/pinay-nudes.com\/users\/mae-leyte\/","name":"Mae Leyte - Nude Filipina Woman From Snapchat And Sex | Beauty Porn Pics","isPartOf":{"@id":"https:\/\/pinay-nudes.com\/#website"},"primaryImageOfPage":{"@id":"https:\/\/pinay-nudes.com\/users\/mae-leyte\/#primaryimage"},"image":{"@id":"https:\/\/pinay-nudes.com\/users\/mae-leyte\/#primaryimage"},"thumbnailUrl":"http:\/\/pinay-nudes.com\/wp-content\/uploads\/2023\/09\/3f198811ff2c1b9089a38eb9c6082e52.png","datePublished":"2023-09-18T02:55:46+00:00","dateModified":"2025-02-19T01:35:39+00:00","breadcrumb":{"@id":"https:\/\/pinay-nudes.com\/users\/mae-leyte\/#breadcrumb"},"inLanguage":"de","potentialAction":[{"@type":"ReadAction","target":["https:\/\/pinay-nudes.com\/users\/mae-leyte\/"]}]},{"@type":"ImageObject","inLanguage":"de","@id":"https:\/\/pinay-nudes.com\/users\/mae-leyte\/#primaryimage","url":"http:\/\/pinay-nudes.com\/wp-content\/uploads\/2023\/09\/3f198811ff2c1b9089a38eb9c6082e52.png","contentUrl":"http:\/\/pinay-nudes.com\/wp-content\/uploads\/2023\/09\/3f198811ff2c1b9089a38eb9c6082e52.png"},{"@type":"BreadcrumbList","@id":"https:\/\/pinay-nudes.com\/users\/mae-leyte\/#breadcrumb","itemListElement":[{"@type":"ListItem","position":1,"name":"Home","item":"https:\/\/pinay-nudes.com\/"},{"@type":"ListItem","position":2,"name":"Our Users","item":"https:\/\/pinay-nudes.com\/users\/"},{"@type":"ListItem","position":3,"name":"Mae Leyte"}]},{"@type":"WebSite","@id":"https:\/\/pinay-nudes.com\/#website","url":"https:\/\/pinay-nudes.com\/","name":"Nude Filipina Woman From Snapchat And Sex | Beauty Porn Pics","description":"Check our Free Porn Gallery with nude beautiful girls. XXX Naked Porn Pics from Hot Naked Girls from Snapchat and Sex Cams. Best Filipina sexy photos","publisher":{"@id":"https:\/\/pinay-nudes.com\/#organization"},"potentialAction":[{"@type":"SearchAction","target":{"@type":"EntryPoint","urlTemplate":"https:\/\/pinay-nudes.com\/?s={search_term_string}"},"query-input":{"@type":"PropertyValueSpecification","valueRequired":true,"valueName":"search_term_string"}}],"inLanguage":"de"},{"@type":"Organization","@id":"https:\/\/pinay-nudes.com\/#organization","name":"Nude Filipina Woman From Snapchat And Sex | Beauty Porn Pics","url":"https:\/\/pinay-nudes.com\/","logo":{"@type":"ImageObject","inLanguage":"de","@id":"https:\/\/pinay-nudes.com\/#\/schema\/logo\/image\/","url":"https:\/\/pinay-nudes.com\/wp-content\/uploads\/2023\/09\/cropped-cropped-logo2-1.png","contentUrl":"https:\/\/pinay-nudes.com\/wp-content\/uploads\/2023\/09\/cropped-cropped-logo2-1.png","width":512,"height":512,"caption":"Nude Filipina Woman From Snapchat And Sex | Beauty Porn Pics "},"image":{"@id":"https:\/\/pinay-nudes.com\/#\/schema\/logo\/image\/"}}]}},"_links":{"self":[{"href":"https:\/\/pinay-nudes.com\/de\/wp-json\/wp\/v2\/pages\/279","targetHints":{"allow":["GET"]}}],"collection":[{"href":"https:\/\/pinay-nudes.com\/de\/wp-json\/wp\/v2\/pages"}],"about":[{"href":"https:\/\/pinay-nudes.com\/de\/wp-json\/wp\/v2\/types\/page"}],"author":[{"embeddable":true,"href":"https:\/\/pinay-nudes.com\/de\/wp-json\/wp\/v2\/users\/1"}],"replies":[{"embeddable":true,"href":"https:\/\/pinay-nudes.com\/de\/wp-json\/wp\/v2\/comments?post=279"}],"version-history":[{"count":34,"href":"https:\/\/pinay-nudes.com\/de\/wp-json\/wp\/v2\/pages\/279\/revisions"}],"predecessor-version":[{"id":2413,"href":"https:\/\/pinay-nudes.com\/de\/wp-json\/wp\/v2\/pages\/279\/revisions\/2413"}],"up":[{"embeddable":true,"href":"https:\/\/pinay-nudes.com\/de\/wp-json\/wp\/v2\/pages\/42"}],"wp:attachment":[{"href":"https:\/\/pinay-nudes.com\/de\/wp-json\/wp\/v2\/media?parent=279"}],"curies":[{"name":"wp","href":"https:\/\/api.w.org\/{rel}","templated":true}]}}