{"id":275,"date":"2023-09-18T03:55:46","date_gmt":"2023-09-18T02:55:46","guid":{"rendered":"https:\/\/pinay-nudes.com\/?page_id=275"},"modified":"2025-02-19T01:37:38","modified_gmt":"2025-02-19T01:37:38","slug":"roxie-angeles","status":"publish","type":"page","link":"https:\/\/pinay-nudes.com\/de\/users\/roxie-angeles\/","title":{"rendered":"Roxie Angeles"},"content":{"rendered":"<div data-elementor-type=\"wp-page\" data-elementor-id=\"275\" class=\"elementor elementor-275\">\n\t\t\t\t<div class=\"elementor-element elementor-element-3043044 e-flex e-con-boxed e-con e-parent\" data-id=\"3043044\" data-element_type=\"container\">\n\t\t\t\t\t<div class=\"e-con-inner\">\n\t\t\t\t<div class=\"elementor-element elementor-element-b2981b3 elementor-widget elementor-widget-text-editor\" data-id=\"b2981b3\" data-element_type=\"widget\" data-widget_type=\"text-editor.default\">\n\t\t\t\t<div class=\"elementor-widget-container\">\n\t\t\t\t\t\t\t\t\t<center><h1 class=\"herotitle\">Snapchat Nudes Porno Videos Freier Inhalt - Suche Benutzernamen<\/h1><\/center>\t\t\t\t\t\t\t\t<\/div>\n\t\t\t\t<\/div>\n\t\t\t\t\t<\/div>\n\t\t\t\t<\/div>\n\t\t<div class=\"elementor-element elementor-element-626a75c e-flex e-con-boxed e-con e-parent\" data-id=\"626a75c\" data-element_type=\"container\">\n\t\t\t\t\t<div class=\"e-con-inner\">\n\t\t\t\t<div class=\"elementor-element elementor-element-5aed981 elementor-widget elementor-widget-text-editor\" data-id=\"5aed981\" data-element_type=\"widget\" data-widget_type=\"text-editor.default\">\n\t\t\t\t<div class=\"elementor-widget-container\">\n\t\t\t\t\t\t\t\t\t<h2>Snapchat Nude Teen M\u00e4dchen - Porno Pussy Videos Snapchat Geleakt<\/h2><p>\u00a0<\/p><p>Die beste Nacktgalerie und Amateur-Pornovideos mit Filipinas und anderen asiatischen Frauen, direkt von Snapchat. Gr\u00f6\u00dfte Datenbank mit Amateurvideos und Skandalen mit hei\u00dfen Filipinas. Senden Sie Snaps und Sexting mit sch\u00f6nen Frauen, die Sex online wollen. In unserer Datenbank finden Sie M\u00e4dchen, die nackt unanst\u00e4ndige Bilder und Videos auf Snap senden.\u00a0<\/p><p>M\u00e4dchen mit den besten Titten und Muschis im Internet, und Sex-Cam-Modelle, in die du dich verlieben wirst. Geile M\u00e4dchen, die ein Date mit Ihnen in einem Restaurant machen wollen, oder einfach nur rauen Sex in einem Hotel wollen. Die gr\u00f6\u00dften Lecks von Bildern und skandal\u00f6sen Videos mit hei\u00dfen Frauen. Die besten kostenlosen Premium Nude Snapchat Videos mit Teens und versauten Milfs. \u00dcberpr\u00fcfen Sie ihre sexy Br\u00fcste und Arsch Bilder Inhalt. Schreiben Sie asiatische Milfs an und laden Sie sie zum Analfingern ein.<\/p>\t\t\t\t\t\t\t\t<\/div>\n\t\t\t\t<\/div>\n\t\t\t\t\t<\/div>\n\t\t\t\t<\/div>\n\t\t<div class=\"elementor-element elementor-element-3bdfa18 e-con-full e-flex e-con e-parent\" data-id=\"3bdfa18\" data-element_type=\"container\">\n\t\t<div class=\"elementor-element elementor-element-f0bbf59 e-con-full e-flex e-con e-child\" data-id=\"f0bbf59\" data-element_type=\"container\">\n\t\t\t\t<div class=\"elementor-element elementor-element-2b36f9c elementor-widget elementor-widget-image\" data-id=\"2b36f9c\" data-element_type=\"widget\" data-widget_type=\"image.default\">\n\t\t\t\t<div class=\"elementor-widget-container\">\n\t\t\t\t\t\t\t\t\t\t\t\t\t\t\t<img fetchpriority=\"high\" decoding=\"async\" width=\"576\" height=\"1024\" src=\"https:\/\/pinay-nudes.com\/wp-content\/uploads\/2023\/09\/6-1-768x1365-6-576x1024.jpg\" class=\"attachment-large size-large wp-image-359\" alt=\"\" srcset=\"https:\/\/pinay-nudes.com\/wp-content\/uploads\/2023\/09\/6-1-768x1365-6-576x1024.jpg 576w, https:\/\/pinay-nudes.com\/wp-content\/uploads\/2023\/09\/6-1-768x1365-6-169x300.jpg 169w, https:\/\/pinay-nudes.com\/wp-content\/uploads\/2023\/09\/6-1-768x1365-6-608x1080.jpg 608w, https:\/\/pinay-nudes.com\/wp-content\/uploads\/2023\/09\/6-1-768x1365-6.jpg 768w\" sizes=\"(max-width: 576px) 100vw, 576px\" \/>\t\t\t\t\t\t\t\t\t\t\t\t\t\t\t<\/div>\n\t\t\t\t<\/div>\n\t\t\t\t<\/div>\n\t\t<div class=\"elementor-element elementor-element-8fd1f6a e-con-full e-flex e-con e-child\" data-id=\"8fd1f6a\" data-element_type=\"container\">\n\t\t\t\t<div class=\"elementor-element elementor-element-ed0ff29 elementor-widget elementor-widget-heading\" data-id=\"ed0ff29\" data-element_type=\"widget\" data-widget_type=\"heading.default\">\n\t\t\t\t<div class=\"elementor-widget-container\">\n\t\t\t\t\t<h2 class=\"elementor-heading-title elementor-size-default\">Roxie, Angeles City<\/h2>\t\t\t\t<\/div>\n\t\t\t\t<\/div>\n\t\t\t\t<div class=\"elementor-element elementor-element-50b5a86 elementor-widget elementor-widget-text-editor\" data-id=\"50b5a86\" data-element_type=\"widget\" data-widget_type=\"text-editor.default\">\n\t\t\t\t<div class=\"elementor-widget-container\">\n\t\t\t\t\t\t\t\t\t<p>Mein Name ist Roxie, ich lebe und arbeite in Angeles City. Ich mache nichts relativ Ehrgeiziges, weil ich in einer Bekleidungskette arbeite, aber ich mag meinen Job \ud83d\ude42 Wenn du Lust auf einen Spaziergang oder etwas zu essen hast, melde dich einfach....<\/p>\t\t\t\t\t\t\t\t<\/div>\n\t\t\t\t<\/div>\n\t\t\t\t<div class=\"elementor-element elementor-element-b1f94c1 elementor-shape-rounded elementor-grid-0 e-grid-align-center elementor-widget elementor-widget-social-icons\" data-id=\"b1f94c1\" data-element_type=\"widget\" data-widget_type=\"social-icons.default\">\n\t\t\t\t<div class=\"elementor-widget-container\">\n\t\t\t\t\t\t\t<div class=\"elementor-social-icons-wrapper elementor-grid\">\n\t\t\t\t\t\t\t<span class=\"elementor-grid-item\">\n\t\t\t\t\t<a class=\"elementor-icon elementor-social-icon elementor-social-icon-facebook elementor-repeater-item-966ee37\" href=\"https:\/\/pinay-nudes.com\/de\/nk\/register\/\" target=\"_blank\">\n\t\t\t\t\t\t<span class=\"elementor-screen-only\">Facebook<\/span>\n\t\t\t\t\t\t<i class=\"fab fa-facebook\"><\/i>\t\t\t\t\t<\/a>\n\t\t\t\t<\/span>\n\t\t\t\t\t\t\t<span class=\"elementor-grid-item\">\n\t\t\t\t\t<a class=\"elementor-icon elementor-social-icon elementor-social-icon-instagram elementor-repeater-item-47b44c9\" href=\"https:\/\/pinay-nudes.com\/de\/cb\/register\/\" target=\"_blank\">\n\t\t\t\t\t\t<span class=\"elementor-screen-only\">Instagram<\/span>\n\t\t\t\t\t\t<i class=\"fab fa-instagram\"><\/i>\t\t\t\t\t<\/a>\n\t\t\t\t<\/span>\n\t\t\t\t\t\t\t<span class=\"elementor-grid-item\">\n\t\t\t\t\t<a class=\"elementor-icon elementor-social-icon elementor-social-icon-snapchat elementor-repeater-item-a214105\" href=\"https:\/\/pinay-nudes.com\/de\/nk1\/register\/\" target=\"_blank\">\n\t\t\t\t\t\t<span class=\"elementor-screen-only\">Snapchat<\/span>\n\t\t\t\t\t\t<i class=\"fab fa-snapchat\"><\/i>\t\t\t\t\t<\/a>\n\t\t\t\t<\/span>\n\t\t\t\t\t<\/div>\n\t\t\t\t\t\t<\/div>\n\t\t\t\t<\/div>\n\t\t\t\t<div class=\"elementor-element elementor-element-01e295c elementor-invisible elementor-widget elementor-widget-text-editor\" data-id=\"01e295c\" data-element_type=\"widget\" data-settings=\"{&quot;_animation&quot;:&quot;jello&quot;}\" data-widget_type=\"text-editor.default\">\n\t\t\t\t<div class=\"elementor-widget-container\">\n\t\t\t\t\t\t\t\t\t<p><strong>11,853<\/strong><\/p>\t\t\t\t\t\t\t\t<\/div>\n\t\t\t\t<\/div>\n\t\t\t\t<div class=\"elementor-element elementor-element-02afaf6 elementor-widget elementor-widget-text-editor\" data-id=\"02afaf6\" data-element_type=\"widget\" data-widget_type=\"text-editor.default\">\n\t\t\t\t<div class=\"elementor-widget-container\">\n\t\t\t\t\t\t\t\t\t<p>Followers<\/p>\t\t\t\t\t\t\t\t<\/div>\n\t\t\t\t<\/div>\n\t\t\t\t<div class=\"elementor-element elementor-element-f745a1e elementor-widget elementor-widget-text-editor\" data-id=\"f745a1e\" data-element_type=\"widget\" data-widget_type=\"text-editor.default\">\n\t\t\t\t<div class=\"elementor-widget-container\">\n\t\t\t\t\t\t\t\t\t<p><strong>Ich bin online!<\/strong><\/p><p>Durchschnittliche Reaktionszeit 3-20 Minuten<\/p>\t\t\t\t\t\t\t\t<\/div>\n\t\t\t\t<\/div>\n\t\t\t\t<div class=\"elementor-element elementor-element-566ae54 elementor-align-center elementor-widget elementor-widget-button\" data-id=\"566ae54\" data-element_type=\"widget\" data-widget_type=\"button.default\">\n\t\t\t\t<div class=\"elementor-widget-container\">\n\t\t\t\t\t\t\t\t\t<div class=\"elementor-button-wrapper\">\n\t\t\t\t\t<a class=\"elementor-button elementor-button-link elementor-size-sm\" href=\"https:\/\/pinay-nudes.com\/de\/cb\/register\/\">\n\t\t\t\t\t\t<span class=\"elementor-button-content-wrapper\">\n\t\t\t\t\t\t\t\t\t<span class=\"elementor-button-text\">Kontakt mit mir<\/span>\n\t\t\t\t\t<\/span>\n\t\t\t\t\t<\/a>\n\t\t\t\t<\/div>\n\t\t\t\t\t\t\t\t<\/div>\n\t\t\t\t<\/div>\n\t\t\t\t<div class=\"elementor-element elementor-element-b788482 elementor-star-rating--align-center elementor--star-style-star_fontawesome elementor-widget elementor-widget-star-rating\" data-id=\"b788482\" data-element_type=\"widget\" data-widget_type=\"star-rating.default\">\n\t\t\t\t<div class=\"elementor-widget-container\">\n\t\t\t\t\t\n\t\t<div class=\"elementor-star-rating__wrapper\">\n\t\t\t\t\t\t\t<div class=\"elementor-star-rating__title\">Profil-\u00dcbersicht:<\/div>\n\t\t\t\t\t\t<div class=\"elementor-star-rating\" title=\"4.3\/5\" itemtype=\"http:\/\/schema.org\/Rating\" itemscope=\"\" itemprop=\"reviewRating\"><i class=\"elementor-star-full\">&#xE934;<\/i><i class=\"elementor-star-full\">&#xE934;<\/i><i class=\"elementor-star-full\">&#xE934;<\/i><i class=\"elementor-star-full\">&#xE934;<\/i><i class=\"elementor-star-3\">&#xE934;<\/i> <span itemprop=\"ratingValue\" class=\"elementor-screen-only\">4.3\/5<\/span><\/div>\t\t<\/div>\n\t\t\t\t\t\t<\/div>\n\t\t\t\t<\/div>\n\t\t\t\t<\/div>\n\t\t\t\t<\/div>\n\t\t<div class=\"elementor-element elementor-element-0e5f132 e-flex e-con-boxed e-con e-parent\" data-id=\"0e5f132\" data-element_type=\"container\">\n\t\t\t\t\t<div class=\"e-con-inner\">\n\t\t\t\t<div class=\"elementor-element elementor-element-c6436be elementor-widget elementor-widget-html\" data-id=\"c6436be\" data-element_type=\"widget\" data-widget_type=\"html.default\">\n\t\t\t\t<div class=\"elementor-widget-container\">\n\t\t\t\t\t<iframe scrolling=\"no\" frameborder=\"0\" height=\"300\" style=\"width:100%;min-width:70px;\" src=\"https:\/\/bngdin.com\/promo.php?c=787642&type=dynamic_banner&new_banner=0&db%5Bwidth%5D=160&db%5Bheight%5D=300&db%5Btype%5D=live&db%5Bmodel_zone%5D=free&db%5Bheader%5D=0&db%5Bfooter%5D=footer_text_1&db%5Bmlang%5D=1&db%5Bfullscreen%5D=&db%5Bmname%5D=1&db%5Bmlink%5D=1&db%5Bmstatus%5D=1&db%5Bmsize%5D=auto&db%5Bmpad%5D=1&db%5Bmwidth%5D=156&db%5Bcolor_scheme%5D=dark&db%5Bmborder%5D=solid&db%5Bmborder_color%5D=%23ffffff&db%5Bmborder_over_color%5D=%23a02239&db%5Bmshadow%5D=0&db%5Bmodels_by_geo%5D=0&db%5Bautoupdate%5D=1&db%5Btopmodels%5D=1&db%5Blanding%5D=chat&db%5Blogo_color%5D=negative&db%5Blogo_align%5D=left&db%5Bbg_color%5D=%23222222&db%5Bfont_family%5D=Trebuchet+MS&db%5Btext_align%5D=center&db%5Btext_color%5D=%23ffffff&db%5Blink_color%5D=%2396009e&db%5Beffect%5D=auto&db%5Beffect_speed%5D=optimal&db%5Bmode%5D=mode1&db%5Badaptive%5D=1&db%5Bslider%5D=0&db%5Bchat%5D=0\"><\/iframe>\t\t\t\t<\/div>\n\t\t\t\t<\/div>\n\t\t\t\t\t<\/div>\n\t\t\t\t<\/div>\n\t\t<div class=\"elementor-element elementor-element-bfafc9b e-flex e-con-boxed e-con e-parent\" data-id=\"bfafc9b\" data-element_type=\"container\">\n\t\t\t\t\t<div class=\"e-con-inner\">\n\t\t\t\t<div class=\"elementor-element elementor-element-a515a00 elementor-widget elementor-widget-text-editor\" data-id=\"a515a00\" data-element_type=\"widget\" data-widget_type=\"text-editor.default\">\n\t\t\t\t<div class=\"elementor-widget-container\">\n\t\t\t\t\t\t\t\t\t<h2>Suche Premium-Sexbilder von Snapchat und masturbiere<\/h2><p>Masturbiere zu Amateur-Pornovideos mit Milfs. Durchsuchen Sie eine riesige Fotogalerie von Snap Nudes durchgesickert. Beobachte s\u00fc\u00dfe Girls von den Philippinen wie sie Nacktfotos und XXX Selfies machen. Sexting Usernamen von sexy Snapchat Nudes Porno Lesben und hei\u00dfesten M\u00e4dchen. Unsere Sammlung von Filmen wird auch die anspruchsvollsten Benutzer zu befriedigen. Genie\u00dfe eine gro\u00dfe Sammlung von Fotos und Videos. Chatte mit geilen Milfs, stecke deinen Schwanz in ihre Muschi und mache hausgemachten Snapchat Sex.<\/p><p>\u00a0<\/p><h2>Dusche Kompilation von Snapchat, Sexting Benutzernamen von frechen M\u00e4dchen<\/h2><p>Philippinische Skandale und beste Pornovideos mit M\u00e4dchen, die in der Dusche masturbieren. Erhalten Sie Zugang zu einer riesigen Sammlung von Amateur-Porno-Fotos und Videos und Ihr Leben wird interessanter werden. Die besten philippinischen M\u00fctter und legalen Teenager warten darauf, im Hotel gefickt zu werden. Du kannst Cybersex mit ihnen haben oder dich mit ihnen auf einen Kaffee treffen. Sieh dir Snapchat-Nacktbilder und unbegrenzte Clips mit Dildo-Masturbation an. Werde ein Freund f\u00fcr eine von ihnen. Laden Sie Ihre Bilder und Videos hoch und machen Sie unsere Sammlung von Amateur-Girls viel gr\u00f6\u00dfer als jetzt. Sexiest nudes sexting tube Plattform wartet auf Sie, um ein Konto zu erstellen und beobachten nackte M\u00e4dchen jeden Tag. Schauen Sie sich Creampie Snap Chat Video mit Sex-Cams Modelle und Amateur-Frauen. Die sch\u00f6nsten Filipina Br\u00fcste Snapchat im Internet geeignet f\u00fcr sanfte Massage und lecken. Schau dir geleakte Snapchat Videos an und sammle sie. Du bist am richtigen Ort, um sie zu treffen und zu ficken. F\u00fchlen Sie sich einfach frei!<\/p><p>\u00a0<\/p><h2>Snapchat Lesbisch Pornhub Zusammenstellung<\/h2><p>Asiens sch\u00f6nste lesbische, schwule und heterosexuelle Frauen sind auf Knopfdruck verf\u00fcgbar. Registriere einfach dein Konto und du bekommst vollen Zugriff auf die gesamte Sammlung von nackten Bildern und Videos, die du nirgendwo anders finden wirst. Unsere Sammlung ist komplett amateurhaft und enth\u00e4lt Leaks von privaten Snapchat-Konten der M\u00e4dchen. Fange sie alle und treffe sie zum Abendessen in einem Restaurant oder einfach f\u00fcr schnellen Sex an einem \u00f6ffentlichen Ort oder auf einer \u00f6ffentlichen Toilette.<\/p>\t\t\t\t\t\t\t\t<\/div>\n\t\t\t\t<\/div>\n\t\t\t\t\t<\/div>\n\t\t\t\t<\/div>\n\t\t\t\t<\/div>","protected":false},"excerpt":{"rendered":"<p>Snapchat Nudes Porn Videos Free Content &#8211; Search Usernames Snapchat Nude Teen Girls &#8211; Porn Pussy Videos Snapchat Leaked \u00a0 The best nude gallery and amateur porn videos featuring Filipinas and other Asian women, straight from snapchat. Largest database of amateur videos and scandals with hot Filipinas. Send snaps and sexting with beautiful women wanting&hellip; <br \/> <a class=\"read-more\" href=\"https:\/\/pinay-nudes.com\/de\/users\/roxie-angeles\/\">Weiterlesen<\/a><\/p>","protected":false},"author":1,"featured_media":0,"parent":42,"menu_order":0,"comment_status":"closed","ping_status":"closed","template":"page-templates\/homepage.php","meta":{"_monsterinsights_skip_tracking":false,"_monsterinsights_sitenote_active":false,"_monsterinsights_sitenote_note":"","_monsterinsights_sitenote_category":0,"footnotes":""},"class_list":["post-275","page","type-page","status-publish","hentry"],"aioseo_notices":[],"yoast_head":"<!-- This site is optimized with the Yoast SEO plugin v24.4 - https:\/\/yoast.com\/wordpress\/plugins\/seo\/ -->\n<title>Roxie Angeles - Nude Filipina Woman From Snapchat And Sex | Beauty Porn Pics<\/title>\n<meta name=\"robots\" content=\"index, follow, max-snippet:-1, max-image-preview:large, max-video-preview:-1\" \/>\n<link rel=\"canonical\" href=\"https:\/\/pinay-nudes.com\/de\/users\/roxie-angeles\/\" \/>\n<meta property=\"og:locale\" content=\"de_DE\" \/>\n<meta property=\"og:type\" content=\"article\" \/>\n<meta property=\"og:title\" content=\"Roxie Angeles - Nude Filipina Woman From Snapchat And Sex | Beauty Porn Pics\" \/>\n<meta property=\"og:description\" content=\"Snapchat Nudes Porn Videos Free Content &#8211; Search Usernames Snapchat Nude Teen Girls &#8211; Porn Pussy Videos Snapchat Leaked \u00a0 The best nude gallery and amateur porn videos featuring Filipinas and other Asian women, straight from snapchat. Largest database of amateur videos and scandals with hot Filipinas. Send snaps and sexting with beautiful women wanting&hellip; Weiterlesen\" \/>\n<meta property=\"og:url\" content=\"https:\/\/pinay-nudes.com\/de\/users\/roxie-angeles\/\" \/>\n<meta property=\"og:site_name\" content=\"Nude Filipina Woman From Snapchat And Sex | Beauty Porn Pics\" \/>\n<meta property=\"article:modified_time\" content=\"2025-02-19T01:37:38+00:00\" \/>\n<meta property=\"og:image\" content=\"https:\/\/pinay-nudes.com\/wp-content\/uploads\/2023\/09\/6-1-768x1365-6.jpg\" \/>\n\t<meta property=\"og:image:width\" content=\"768\" \/>\n\t<meta property=\"og:image:height\" content=\"1365\" \/>\n\t<meta property=\"og:image:type\" content=\"image\/jpeg\" \/>\n<meta name=\"twitter:card\" content=\"summary_large_image\" \/>\n<meta name=\"twitter:label1\" content=\"Gesch\u00e4tzte Lesezeit\" \/>\n\t<meta name=\"twitter:data1\" content=\"3\u00a0Minuten\" \/>\n<script type=\"application\/ld+json\" class=\"yoast-schema-graph\">{\"@context\":\"https:\/\/schema.org\",\"@graph\":[{\"@type\":\"WebPage\",\"@id\":\"https:\/\/pinay-nudes.com\/users\/roxie-angeles\/\",\"url\":\"https:\/\/pinay-nudes.com\/users\/roxie-angeles\/\",\"name\":\"Roxie Angeles - Nude Filipina Woman From Snapchat And Sex | Beauty Porn Pics\",\"isPartOf\":{\"@id\":\"https:\/\/pinay-nudes.com\/#website\"},\"primaryImageOfPage\":{\"@id\":\"https:\/\/pinay-nudes.com\/users\/roxie-angeles\/#primaryimage\"},\"image\":{\"@id\":\"https:\/\/pinay-nudes.com\/users\/roxie-angeles\/#primaryimage\"},\"thumbnailUrl\":\"http:\/\/pinay-nudes.com\/wp-content\/uploads\/2023\/09\/6-1-768x1365-6-576x1024.jpg\",\"datePublished\":\"2023-09-18T02:55:46+00:00\",\"dateModified\":\"2025-02-19T01:37:38+00:00\",\"breadcrumb\":{\"@id\":\"https:\/\/pinay-nudes.com\/users\/roxie-angeles\/#breadcrumb\"},\"inLanguage\":\"de\",\"potentialAction\":[{\"@type\":\"ReadAction\",\"target\":[\"https:\/\/pinay-nudes.com\/users\/roxie-angeles\/\"]}]},{\"@type\":\"ImageObject\",\"inLanguage\":\"de\",\"@id\":\"https:\/\/pinay-nudes.com\/users\/roxie-angeles\/#primaryimage\",\"url\":\"http:\/\/pinay-nudes.com\/wp-content\/uploads\/2023\/09\/6-1-768x1365-6-576x1024.jpg\",\"contentUrl\":\"http:\/\/pinay-nudes.com\/wp-content\/uploads\/2023\/09\/6-1-768x1365-6-576x1024.jpg\"},{\"@type\":\"BreadcrumbList\",\"@id\":\"https:\/\/pinay-nudes.com\/users\/roxie-angeles\/#breadcrumb\",\"itemListElement\":[{\"@type\":\"ListItem\",\"position\":1,\"name\":\"Home\",\"item\":\"https:\/\/pinay-nudes.com\/\"},{\"@type\":\"ListItem\",\"position\":2,\"name\":\"Our Users\",\"item\":\"https:\/\/pinay-nudes.com\/users\/\"},{\"@type\":\"ListItem\",\"position\":3,\"name\":\"Roxie Angeles\"}]},{\"@type\":\"WebSite\",\"@id\":\"https:\/\/pinay-nudes.com\/#website\",\"url\":\"https:\/\/pinay-nudes.com\/\",\"name\":\"Nude Filipina Woman From Snapchat And Sex | Beauty Porn Pics\",\"description\":\"Check our Free Porn Gallery with nude beautiful girls. XXX Naked Porn Pics from Hot Naked Girls from Snapchat and Sex Cams. Best Filipina sexy photos\",\"publisher\":{\"@id\":\"https:\/\/pinay-nudes.com\/#organization\"},\"potentialAction\":[{\"@type\":\"SearchAction\",\"target\":{\"@type\":\"EntryPoint\",\"urlTemplate\":\"https:\/\/pinay-nudes.com\/?s={search_term_string}\"},\"query-input\":{\"@type\":\"PropertyValueSpecification\",\"valueRequired\":true,\"valueName\":\"search_term_string\"}}],\"inLanguage\":\"de\"},{\"@type\":\"Organization\",\"@id\":\"https:\/\/pinay-nudes.com\/#organization\",\"name\":\"Nude Filipina Woman From Snapchat And Sex | Beauty Porn Pics\",\"url\":\"https:\/\/pinay-nudes.com\/\",\"logo\":{\"@type\":\"ImageObject\",\"inLanguage\":\"de\",\"@id\":\"https:\/\/pinay-nudes.com\/#\/schema\/logo\/image\/\",\"url\":\"https:\/\/pinay-nudes.com\/wp-content\/uploads\/2023\/09\/cropped-cropped-logo2-1.png\",\"contentUrl\":\"https:\/\/pinay-nudes.com\/wp-content\/uploads\/2023\/09\/cropped-cropped-logo2-1.png\",\"width\":512,\"height\":512,\"caption\":\"Nude Filipina Woman From Snapchat And Sex | Beauty Porn Pics \"},\"image\":{\"@id\":\"https:\/\/pinay-nudes.com\/#\/schema\/logo\/image\/\"}}]}<\/script>\n<!-- \/ Yoast SEO plugin. -->","yoast_head_json":{"title":"Roxie Angeles - Nude Filipina Woman From Snapchat And Sex | Beauty Porn Pics","robots":{"index":"index","follow":"follow","max-snippet":"max-snippet:-1","max-image-preview":"max-image-preview:large","max-video-preview":"max-video-preview:-1"},"canonical":"https:\/\/pinay-nudes.com\/de\/users\/roxie-angeles\/","og_locale":"de_DE","og_type":"article","og_title":"Roxie Angeles - Nude Filipina Woman From Snapchat And Sex | Beauty Porn Pics","og_description":"Snapchat Nudes Porn Videos Free Content &#8211; Search Usernames Snapchat Nude Teen Girls &#8211; Porn Pussy Videos Snapchat Leaked \u00a0 The best nude gallery and amateur porn videos featuring Filipinas and other Asian women, straight from snapchat. Largest database of amateur videos and scandals with hot Filipinas. Send snaps and sexting with beautiful women wanting&hellip; Weiterlesen","og_url":"https:\/\/pinay-nudes.com\/de\/users\/roxie-angeles\/","og_site_name":"Nude Filipina Woman From Snapchat And Sex | Beauty Porn Pics","article_modified_time":"2025-02-19T01:37:38+00:00","og_image":[{"width":768,"height":1365,"url":"https:\/\/pinay-nudes.com\/wp-content\/uploads\/2023\/09\/6-1-768x1365-6.jpg","type":"image\/jpeg"}],"twitter_card":"summary_large_image","twitter_misc":{"Gesch\u00e4tzte Lesezeit":"3\u00a0Minuten"},"schema":{"@context":"https:\/\/schema.org","@graph":[{"@type":"WebPage","@id":"https:\/\/pinay-nudes.com\/users\/roxie-angeles\/","url":"https:\/\/pinay-nudes.com\/users\/roxie-angeles\/","name":"Roxie Angeles - Nude Filipina Woman From Snapchat And Sex | Beauty Porn Pics","isPartOf":{"@id":"https:\/\/pinay-nudes.com\/#website"},"primaryImageOfPage":{"@id":"https:\/\/pinay-nudes.com\/users\/roxie-angeles\/#primaryimage"},"image":{"@id":"https:\/\/pinay-nudes.com\/users\/roxie-angeles\/#primaryimage"},"thumbnailUrl":"http:\/\/pinay-nudes.com\/wp-content\/uploads\/2023\/09\/6-1-768x1365-6-576x1024.jpg","datePublished":"2023-09-18T02:55:46+00:00","dateModified":"2025-02-19T01:37:38+00:00","breadcrumb":{"@id":"https:\/\/pinay-nudes.com\/users\/roxie-angeles\/#breadcrumb"},"inLanguage":"de","potentialAction":[{"@type":"ReadAction","target":["https:\/\/pinay-nudes.com\/users\/roxie-angeles\/"]}]},{"@type":"ImageObject","inLanguage":"de","@id":"https:\/\/pinay-nudes.com\/users\/roxie-angeles\/#primaryimage","url":"http:\/\/pinay-nudes.com\/wp-content\/uploads\/2023\/09\/6-1-768x1365-6-576x1024.jpg","contentUrl":"http:\/\/pinay-nudes.com\/wp-content\/uploads\/2023\/09\/6-1-768x1365-6-576x1024.jpg"},{"@type":"BreadcrumbList","@id":"https:\/\/pinay-nudes.com\/users\/roxie-angeles\/#breadcrumb","itemListElement":[{"@type":"ListItem","position":1,"name":"Home","item":"https:\/\/pinay-nudes.com\/"},{"@type":"ListItem","position":2,"name":"Our Users","item":"https:\/\/pinay-nudes.com\/users\/"},{"@type":"ListItem","position":3,"name":"Roxie Angeles"}]},{"@type":"WebSite","@id":"https:\/\/pinay-nudes.com\/#website","url":"https:\/\/pinay-nudes.com\/","name":"Nude Filipina Woman From Snapchat And Sex | Beauty Porn Pics","description":"Check our Free Porn Gallery with nude beautiful girls. XXX Naked Porn Pics from Hot Naked Girls from Snapchat and Sex Cams. Best Filipina sexy photos","publisher":{"@id":"https:\/\/pinay-nudes.com\/#organization"},"potentialAction":[{"@type":"SearchAction","target":{"@type":"EntryPoint","urlTemplate":"https:\/\/pinay-nudes.com\/?s={search_term_string}"},"query-input":{"@type":"PropertyValueSpecification","valueRequired":true,"valueName":"search_term_string"}}],"inLanguage":"de"},{"@type":"Organization","@id":"https:\/\/pinay-nudes.com\/#organization","name":"Nude Filipina Woman From Snapchat And Sex | Beauty Porn Pics","url":"https:\/\/pinay-nudes.com\/","logo":{"@type":"ImageObject","inLanguage":"de","@id":"https:\/\/pinay-nudes.com\/#\/schema\/logo\/image\/","url":"https:\/\/pinay-nudes.com\/wp-content\/uploads\/2023\/09\/cropped-cropped-logo2-1.png","contentUrl":"https:\/\/pinay-nudes.com\/wp-content\/uploads\/2023\/09\/cropped-cropped-logo2-1.png","width":512,"height":512,"caption":"Nude Filipina Woman From Snapchat And Sex | Beauty Porn Pics "},"image":{"@id":"https:\/\/pinay-nudes.com\/#\/schema\/logo\/image\/"}}]}},"_links":{"self":[{"href":"https:\/\/pinay-nudes.com\/de\/wp-json\/wp\/v2\/pages\/275","targetHints":{"allow":["GET"]}}],"collection":[{"href":"https:\/\/pinay-nudes.com\/de\/wp-json\/wp\/v2\/pages"}],"about":[{"href":"https:\/\/pinay-nudes.com\/de\/wp-json\/wp\/v2\/types\/page"}],"author":[{"embeddable":true,"href":"https:\/\/pinay-nudes.com\/de\/wp-json\/wp\/v2\/users\/1"}],"replies":[{"embeddable":true,"href":"https:\/\/pinay-nudes.com\/de\/wp-json\/wp\/v2\/comments?post=275"}],"version-history":[{"count":46,"href":"https:\/\/pinay-nudes.com\/de\/wp-json\/wp\/v2\/pages\/275\/revisions"}],"predecessor-version":[{"id":2425,"href":"https:\/\/pinay-nudes.com\/de\/wp-json\/wp\/v2\/pages\/275\/revisions\/2425"}],"up":[{"embeddable":true,"href":"https:\/\/pinay-nudes.com\/de\/wp-json\/wp\/v2\/pages\/42"}],"wp:attachment":[{"href":"https:\/\/pinay-nudes.com\/de\/wp-json\/wp\/v2\/media?parent=275"}],"curies":[{"name":"wp","href":"https:\/\/api.w.org\/{rel}","templated":true}]}}