{"id":273,"date":"2023-09-18T03:55:46","date_gmt":"2023-09-18T02:55:46","guid":{"rendered":"https:\/\/pinay-nudes.com\/?page_id=273"},"modified":"2025-02-19T01:38:06","modified_gmt":"2025-02-19T01:38:06","slug":"cherry-dumaguete","status":"publish","type":"page","link":"https:\/\/pinay-nudes.com\/de\/users\/cherry-dumaguete\/","title":{"rendered":"Cherry Dumaguete"},"content":{"rendered":"<div data-elementor-type=\"wp-page\" data-elementor-id=\"273\" class=\"elementor elementor-273\">\n\t\t\t\t<div class=\"elementor-element elementor-element-4879707 e-flex e-con-boxed e-con e-parent\" data-id=\"4879707\" data-element_type=\"container\">\n\t\t\t\t\t<div class=\"e-con-inner\">\n\t\t\t\t<div class=\"elementor-element elementor-element-77febf2 elementor-widget elementor-widget-text-editor\" data-id=\"77febf2\" data-element_type=\"widget\" data-widget_type=\"text-editor.default\">\n\t\t\t\t<div class=\"elementor-widget-container\">\n\t\t\t\t\t\t\t\t\t<center><h1>Onlyfans Leak Porn Videos, Free Onlyfans Porn Tube XXX Pics, Asiatische M\u00e4dchen aus OF und Fansly<\/h1><\/center>\t\t\t\t\t\t\t\t<\/div>\n\t\t\t\t<\/div>\n\t\t\t\t\t<\/div>\n\t\t\t\t<\/div>\n\t\t<div class=\"elementor-element elementor-element-90d6f78 e-flex e-con-boxed e-con e-parent\" data-id=\"90d6f78\" data-element_type=\"container\">\n\t\t\t\t\t<div class=\"e-con-inner\">\n\t\t\t\t<div class=\"elementor-element elementor-element-512d15c elementor-widget elementor-widget-text-editor\" data-id=\"512d15c\" data-element_type=\"widget\" data-widget_type=\"text-editor.default\">\n\t\t\t\t<div class=\"elementor-widget-container\">\n\t\t\t\t\t\t\t\t\t<h2>Onlyfans durchgesickerte Videos, Zugang zu Pornoseite mit M\u00e4dchen von Snapchat und Fansly<\/h2><p>Die besten Amateure von Onlyfans. Die sch\u00f6nsten asiatischen Frauen zeigen ihre Muschi auf Onlyfans und Fansly. Eine Sammlung von Pornobildern und Videos. Leaks von offiziellen Accounts von OF-Models und M\u00e4dchen, die Nacktbilder auf Snapchat verschicken. Wenn du auf der Suche nach einem Ort bist, an dem du Nacktbilder von M\u00e4dchen auf Onlyfans findest, bist du hier genau richtig. Wir haben f\u00fcr dich eine riesige Galerie mit Bildern von M\u00e4dchen vorbereitet, die es lieben, ihre K\u00f6rper im Internet zu zeigen.\u00a0<\/p><p>Auf unserer Seite findest du auch eine Datenbank mit Logins von M\u00e4dchen, die Models auf Online-Sex-Cams sind. Von nun an wirst du leicht in der Lage sein, sie zu kontaktieren und sie auf einen Kaffee oder in deine Wohnung f\u00fcr harten Sex einzuladen. Die gr\u00f6\u00dfte Sammlung von asiatischen M\u00e4dchen, vor allem die sch\u00f6nsten Filipinas, die davon tr\u00e4umen, einen Ausl\u00e4nder zu treffen und einen gro\u00dfen Schwanz in ihren M\u00fcndern zu schmecken.\u00a0<\/p><p>\u00a0<\/p>\t\t\t\t\t\t\t\t<\/div>\n\t\t\t\t<\/div>\n\t\t\t\t\t<\/div>\n\t\t\t\t<\/div>\n\t\t<div class=\"elementor-element elementor-element-ca24b7e e-con-full e-flex e-con e-parent\" data-id=\"ca24b7e\" data-element_type=\"container\">\n\t\t<div class=\"elementor-element elementor-element-dd61984 e-con-full e-flex e-con e-child\" data-id=\"dd61984\" data-element_type=\"container\">\n\t\t\t\t<div class=\"elementor-element elementor-element-fe932dd elementor-widget elementor-widget-image\" data-id=\"fe932dd\" data-element_type=\"widget\" data-widget_type=\"image.default\">\n\t\t\t\t<div class=\"elementor-widget-container\">\n\t\t\t\t\t\t\t\t\t\t\t\t\t\t\t<img fetchpriority=\"high\" decoding=\"async\" width=\"540\" height=\"832\" src=\"https:\/\/pinay-nudes.com\/wp-content\/uploads\/2023\/09\/9-1-4.jpg\" class=\"attachment-large size-large wp-image-265\" alt=\"\" srcset=\"https:\/\/pinay-nudes.com\/wp-content\/uploads\/2023\/09\/9-1-4.jpg 540w, https:\/\/pinay-nudes.com\/wp-content\/uploads\/2023\/09\/9-1-4-195x300.jpg 195w\" sizes=\"(max-width: 540px) 100vw, 540px\" \/>\t\t\t\t\t\t\t\t\t\t\t\t\t\t\t<\/div>\n\t\t\t\t<\/div>\n\t\t\t\t<\/div>\n\t\t<div class=\"elementor-element elementor-element-acd0eb1 e-con-full e-flex e-con e-child\" data-id=\"acd0eb1\" data-element_type=\"container\">\n\t\t\t\t<div class=\"elementor-element elementor-element-b342c5c elementor-widget elementor-widget-heading\" data-id=\"b342c5c\" data-element_type=\"widget\" data-widget_type=\"heading.default\">\n\t\t\t\t<div class=\"elementor-widget-container\">\n\t\t\t\t\t<h2 class=\"elementor-heading-title elementor-size-default\">Cherry, Dumaguete<\/h2>\t\t\t\t<\/div>\n\t\t\t\t<\/div>\n\t\t\t\t<div class=\"elementor-element elementor-element-4e3292a elementor-widget elementor-widget-text-editor\" data-id=\"4e3292a\" data-element_type=\"widget\" data-widget_type=\"text-editor.default\">\n\t\t\t\t<div class=\"elementor-widget-container\">\n\t\t\t\t\t\t\t\t\t<p>Hallo, mein Name ist Cherry und ich komme aus Dumaguete. Ich studiere Psychologie auf einer t\u00e4glichen Basis. Ich interessiere mich f\u00fcr Reisen, ich schaue gerne einen guten Film unter einer Decke mit einem guten Wein.<\/p>\t\t\t\t\t\t\t\t<\/div>\n\t\t\t\t<\/div>\n\t\t\t\t<div class=\"elementor-element elementor-element-a6b090b elementor-shape-rounded elementor-grid-0 e-grid-align-center elementor-widget elementor-widget-social-icons\" data-id=\"a6b090b\" data-element_type=\"widget\" data-widget_type=\"social-icons.default\">\n\t\t\t\t<div class=\"elementor-widget-container\">\n\t\t\t\t\t\t\t<div class=\"elementor-social-icons-wrapper elementor-grid\">\n\t\t\t\t\t\t\t<span class=\"elementor-grid-item\">\n\t\t\t\t\t<a class=\"elementor-icon elementor-social-icon elementor-social-icon-facebook elementor-repeater-item-966ee37\" href=\"https:\/\/pinay-nudes.com\/de\/nk\/register\/\" target=\"_blank\">\n\t\t\t\t\t\t<span class=\"elementor-screen-only\">Facebook<\/span>\n\t\t\t\t\t\t<i class=\"fab fa-facebook\"><\/i>\t\t\t\t\t<\/a>\n\t\t\t\t<\/span>\n\t\t\t\t\t\t\t<span class=\"elementor-grid-item\">\n\t\t\t\t\t<a class=\"elementor-icon elementor-social-icon elementor-social-icon-instagram elementor-repeater-item-47b44c9\" href=\"https:\/\/pinay-nudes.com\/de\/cb\/register\/\" target=\"_blank\">\n\t\t\t\t\t\t<span class=\"elementor-screen-only\">Instagram<\/span>\n\t\t\t\t\t\t<i class=\"fab fa-instagram\"><\/i>\t\t\t\t\t<\/a>\n\t\t\t\t<\/span>\n\t\t\t\t\t\t\t<span class=\"elementor-grid-item\">\n\t\t\t\t\t<a class=\"elementor-icon elementor-social-icon elementor-social-icon-snapchat elementor-repeater-item-a214105\" href=\"https:\/\/pinay-nudes.com\/de\/nk1\/register\/\" target=\"_blank\">\n\t\t\t\t\t\t<span class=\"elementor-screen-only\">Snapchat<\/span>\n\t\t\t\t\t\t<i class=\"fab fa-snapchat\"><\/i>\t\t\t\t\t<\/a>\n\t\t\t\t<\/span>\n\t\t\t\t\t<\/div>\n\t\t\t\t\t\t<\/div>\n\t\t\t\t<\/div>\n\t\t\t\t<div class=\"elementor-element elementor-element-24fef19 elementor-invisible elementor-widget elementor-widget-text-editor\" data-id=\"24fef19\" data-element_type=\"widget\" data-settings=\"{&quot;_animation&quot;:&quot;jello&quot;}\" data-widget_type=\"text-editor.default\">\n\t\t\t\t<div class=\"elementor-widget-container\">\n\t\t\t\t\t\t\t\t\t<p><strong>19,653<\/strong><\/p>\t\t\t\t\t\t\t\t<\/div>\n\t\t\t\t<\/div>\n\t\t\t\t<div class=\"elementor-element elementor-element-fd6840f elementor-widget elementor-widget-text-editor\" data-id=\"fd6840f\" data-element_type=\"widget\" data-widget_type=\"text-editor.default\">\n\t\t\t\t<div class=\"elementor-widget-container\">\n\t\t\t\t\t\t\t\t\t<p>Followers<\/p>\t\t\t\t\t\t\t\t<\/div>\n\t\t\t\t<\/div>\n\t\t\t\t<div class=\"elementor-element elementor-element-c2cad63 elementor-widget elementor-widget-text-editor\" data-id=\"c2cad63\" data-element_type=\"widget\" data-widget_type=\"text-editor.default\">\n\t\t\t\t<div class=\"elementor-widget-container\">\n\t\t\t\t\t\t\t\t\t<p><strong>Ich bin online!<\/strong><\/p><p>Durchschnittliche Reaktionszeit 5-35 Minuten<\/p>\t\t\t\t\t\t\t\t<\/div>\n\t\t\t\t<\/div>\n\t\t\t\t<div class=\"elementor-element elementor-element-4587b2f elementor-align-center elementor-widget elementor-widget-button\" data-id=\"4587b2f\" data-element_type=\"widget\" data-widget_type=\"button.default\">\n\t\t\t\t<div class=\"elementor-widget-container\">\n\t\t\t\t\t\t\t\t\t<div class=\"elementor-button-wrapper\">\n\t\t\t\t\t<a class=\"elementor-button elementor-button-link elementor-size-sm\" href=\"https:\/\/pinay-nudes.com\/de\/cb\/register\/\">\n\t\t\t\t\t\t<span class=\"elementor-button-content-wrapper\">\n\t\t\t\t\t\t\t\t\t<span class=\"elementor-button-text\">Kontakt mit mir<\/span>\n\t\t\t\t\t<\/span>\n\t\t\t\t\t<\/a>\n\t\t\t\t<\/div>\n\t\t\t\t\t\t\t\t<\/div>\n\t\t\t\t<\/div>\n\t\t\t\t<div class=\"elementor-element elementor-element-8e37bc1 elementor-star-rating--align-center elementor--star-style-star_fontawesome elementor-widget elementor-widget-star-rating\" data-id=\"8e37bc1\" data-element_type=\"widget\" data-widget_type=\"star-rating.default\">\n\t\t\t\t<div class=\"elementor-widget-container\">\n\t\t\t\t\t\n\t\t<div class=\"elementor-star-rating__wrapper\">\n\t\t\t\t\t\t\t<div class=\"elementor-star-rating__title\">Profil-\u00dcbersicht:<\/div>\n\t\t\t\t\t\t<div class=\"elementor-star-rating\" title=\"4.6\/5\" itemtype=\"http:\/\/schema.org\/Rating\" itemscope=\"\" itemprop=\"reviewRating\"><i class=\"elementor-star-full\">&#xE934;<\/i><i class=\"elementor-star-full\">&#xE934;<\/i><i class=\"elementor-star-full\">&#xE934;<\/i><i class=\"elementor-star-full\">&#xE934;<\/i><i class=\"elementor-star-6\">&#xE934;<\/i> <span itemprop=\"ratingValue\" class=\"elementor-screen-only\">4.6\/5<\/span><\/div>\t\t<\/div>\n\t\t\t\t\t\t<\/div>\n\t\t\t\t<\/div>\n\t\t\t\t<\/div>\n\t\t\t\t<\/div>\n\t\t<div class=\"elementor-element elementor-element-ce74115 e-flex e-con-boxed e-con e-parent\" data-id=\"ce74115\" data-element_type=\"container\">\n\t\t\t\t\t<div class=\"e-con-inner\">\n\t\t\t\t<div class=\"elementor-element elementor-element-4ebc10e elementor-widget elementor-widget-html\" data-id=\"4ebc10e\" data-element_type=\"widget\" data-widget_type=\"html.default\">\n\t\t\t\t<div class=\"elementor-widget-container\">\n\t\t\t\t\t<iframe scrolling=\"no\" frameborder=\"0\" height=\"300\" style=\"width:100%;min-width:70px;\" src=\"https:\/\/bngdin.com\/promo.php?c=787642&type=dynamic_banner&new_banner=0&db%5Bwidth%5D=160&db%5Bheight%5D=300&db%5Btype%5D=live&db%5Bmodel_zone%5D=free&db%5Bheader%5D=0&db%5Bfooter%5D=footer_text_1&db%5Bmlang%5D=1&db%5Bfullscreen%5D=&db%5Bmname%5D=1&db%5Bmlink%5D=1&db%5Bmstatus%5D=1&db%5Bmsize%5D=auto&db%5Bmpad%5D=1&db%5Bmwidth%5D=156&db%5Bcolor_scheme%5D=dark&db%5Bmborder%5D=solid&db%5Bmborder_color%5D=%23ffffff&db%5Bmborder_over_color%5D=%23a02239&db%5Bmshadow%5D=0&db%5Bmodels_by_geo%5D=0&db%5Bautoupdate%5D=1&db%5Btopmodels%5D=1&db%5Blanding%5D=chat&db%5Blogo_color%5D=negative&db%5Blogo_align%5D=left&db%5Bbg_color%5D=%23222222&db%5Bfont_family%5D=Trebuchet+MS&db%5Btext_align%5D=center&db%5Btext_color%5D=%23ffffff&db%5Blink_color%5D=%2396009e&db%5Beffect%5D=auto&db%5Beffect_speed%5D=optimal&db%5Bmode%5D=mode1&db%5Badaptive%5D=1&db%5Bslider%5D=0&db%5Bchat%5D=0\"><\/iframe>\t\t\t\t<\/div>\n\t\t\t\t<\/div>\n\t\t\t\t\t<\/div>\n\t\t\t\t<\/div>\n\t\t<div class=\"elementor-element elementor-element-bf625f1 e-flex e-con-boxed e-con e-parent\" data-id=\"bf625f1\" data-element_type=\"container\">\n\t\t\t\t\t<div class=\"e-con-inner\">\n\t\t\t\t<div class=\"elementor-element elementor-element-25137c2 elementor-widget elementor-widget-text-editor\" data-id=\"25137c2\" data-element_type=\"widget\" data-widget_type=\"text-editor.default\">\n\t\t\t\t<div class=\"elementor-widget-container\">\n\t\t\t\t\t\t\t\t\t<h2>Beste Onlyfans Leaks, Gro\u00dfe Titten, Milfs gefickt in Anal, Amateur und Pornostars von Sex Cams<\/h2><p>Hast du jemals davon getr\u00e4umt, ein M\u00e4dchen zu treffen, das Sex liebt und ihn dir niemals verweigern wird? Jetzt kann er wahr werden. Unsere Sammlung von Nutzern umfasst Snapchat-Kontonamen der beliebtesten Pornostars oder Amateure. Insbesondere haben wir uns auf M\u00e4dchen aus Asien konzentriert, weil wir sie am attraktivsten finden. Alles was du tun musst, ist dich auf unserem Portal zu registrieren. Du musst keine Kreditkarteninformationen angeben, denn alles auf unserer Seite ist kostenlos.\u00a0<\/p><p>Sobald du dich registriert hast, bekommst du Zugang zu einer gro\u00dfen Sammlung von Amateur- und professionellen Pornofotos und -videos mit Teenagern und geilen Milfs. Du kannst die sch\u00f6nsten Filipinas und andere M\u00e4dchen aus Asien nur hier finden. Leaked onlyfans von Prominenten aus Tiktok oder Twitch. Sexy Schlampen von Sex Online Cameras und Reddit Usern. Gr\u00f6\u00dfte Galerie von Streamern und HD XXX Inhalt Onlyfans Sch\u00f6pfer. Bester Ort, um die hei\u00dfesten Onlyfans Leaks und Video Leaks von Gamer Girls zu finden.<\/p><p>\u00a0<\/p><h2>Trending Milf Arbeiten auf Onlyfans und Gamer Girls von Twitch<\/h2><p>St\u00f6bern Sie in einer Sammlung von Fotos und Videos von Twitch- und Kick-Streamern. M\u00e4dchen nackt im Pool auf der Suche nach einem gro\u00dfen Schwanz f\u00fcr den Abend. Lernen Sie sie kennen und laden Sie sie in Ihr Hotel f\u00fcr hei\u00dfen leidenschaftlichen Sex ein. Sehen Sie sich Pornovideos mit Prominenten v\u00f6llig kostenlos an, Sie m\u00fcssen sich nur auf unserer Seite registrieren. Das ist alles. Ohne sensible pers\u00f6nliche Informationen zu geben. Schauen Sie sich Free Porn Onlyfans Videos und nackte Leaks Sex Tapes mit Blowjob. Sch\u00f6nheit asiatische M\u00e4dchen, hei\u00dfesten und neuesten Inhalt Videos kostenlos. Ihre beste Website mit NSFW Cosplay und andere Internet-K\u00fcken.\n\n\u00dcbersetzt mit DeepL.com (kostenlose Version)<\/p><h2>Hot Filipina Girls von Onlyfans, Hardcore Sex Videos Skandale mit Pinay Girls<\/h2><p>Finde die sch\u00f6nsten und s\u00fc\u00dfesten Filipinas, die Inhalte auf onlyfans oder Twitch-Streamern aufnehmen. Ber\u00fchmte Pornostars, Prominente oder Amateurgirls, die ihren Arsch herausstrecken, um deinen Schwanz in ihren Muschis zu akzeptieren. Porno-Videos in voller L\u00e4nge und in bester Qualit\u00e4t sind auf unserer Seite v\u00f6llig kostenlos verf\u00fcgbar. Sieh dir Girls auf Online-Webcams und die sch\u00f6nsten und sexiesten asiatischen Girls direkt von den Philippinen und anderen asiatischen L\u00e4ndern an. Explizite Inhalte von Mia Khalifa, andere prominente Nacktbilder oder Amateur-Girls von Snapchat. Necke sie und schau dir ihre Clips an. Die beste Art von Inhalt und Porno-Filme von Promis und hei\u00dfesten erwachsenen hd qualiity filipina Skandale.<\/p><p>\u00a0<\/p><h2>Treffen Sie Sexcam-Modelle aus Philippinen und finden Sie das hei\u00dfeste M\u00e4dchen f\u00fcr Sie<\/h2><p>St\u00f6bere durch unsere Fotogalerie und finde die sch\u00f6nste Filipinka f\u00fcr dich, die, wenn sie sich in dich verliebt, alles f\u00fcr dich tun wird. Wenn du von einer Frau tr\u00e4umst, die deinen Schwanz leckt und du sie dann ficken kannst, h\u00e4ttest du nicht auf eine bessere Webseite kommen k\u00f6nnen. Hier bekommst du alles, was du brauchst, v\u00f6llig kostenlos. Schau dir OF Girls und andere Seiten wie Fansly oder Twitch an. Schau dir Videos in HD-Qualit\u00e4t von Darstellern an und mach einen Dreier mit ihnen. Die beste Art von Inhalten aus Ihren bevorzugten sozialen Medien onlyfaps.\u00a0<\/p><h2>Check Girls aus Dumaguete und Date mit ihnen<\/h2><p>Verabrede dich mit den s\u00fc\u00dfen Girls aus Dumaguete, anderen Teilen der Philippinen und der Welt. Ficken Sie sie alle und senden Sie ihnen Nacktbilder und vielleicht werden sie Sie zur\u00fcckschicken. Sie sehnen sich danach, deinen Schwanz in ihren \u00c4rschen zu haben. Sei nicht sch\u00fcchtern und fang gleich an, mit ihnen zu reden. Erstellen Sie ein kostenloses Konto und treten Sie unserer Benutzerbasis bei, indem Sie Ihre Nacktbilder hochladen.<\/p><p>\u00a0<\/p><p>\u00a0<\/p>\t\t\t\t\t\t\t\t<\/div>\n\t\t\t\t<\/div>\n\t\t\t\t\t<\/div>\n\t\t\t\t<\/div>\n\t\t\t\t<\/div>","protected":false},"excerpt":{"rendered":"<p>Onlyfans Leak Porn Videos, Free Onlyfans Porn Tube XXX Pics, Asian Girls from OF and Fansly Onlyfans Leaked Videos, Access to Porn Site with Girls From Snapchat and Fansly The best amateurs from Onlyfans. The most beautiful Asian women showing pussy on Onlyfans and Fansly. A collection of porn pictures and videos. Leaks from official&hellip; <br \/> <a class=\"read-more\" href=\"https:\/\/pinay-nudes.com\/de\/users\/cherry-dumaguete\/\">Weiterlesen<\/a><\/p>","protected":false},"author":1,"featured_media":0,"parent":42,"menu_order":0,"comment_status":"closed","ping_status":"closed","template":"page-templates\/homepage.php","meta":{"_monsterinsights_skip_tracking":false,"_monsterinsights_sitenote_active":false,"_monsterinsights_sitenote_note":"","_monsterinsights_sitenote_category":0,"footnotes":""},"class_list":["post-273","page","type-page","status-publish","hentry"],"aioseo_notices":[],"yoast_head":"<!-- This site is optimized with the Yoast SEO plugin v24.4 - https:\/\/yoast.com\/wordpress\/plugins\/seo\/ -->\n<title>Cherry Dumaguete - Nude Filipina Woman From Snapchat And Sex | Beauty Porn Pics<\/title>\n<meta name=\"robots\" content=\"index, follow, max-snippet:-1, max-image-preview:large, max-video-preview:-1\" \/>\n<link rel=\"canonical\" href=\"https:\/\/pinay-nudes.com\/de\/users\/cherry-dumaguete\/\" \/>\n<meta property=\"og:locale\" content=\"de_DE\" \/>\n<meta property=\"og:type\" content=\"article\" \/>\n<meta property=\"og:title\" content=\"Cherry Dumaguete - Nude Filipina Woman From Snapchat And Sex | Beauty Porn Pics\" \/>\n<meta property=\"og:description\" content=\"Onlyfans Leak Porn Videos, Free Onlyfans Porn Tube XXX Pics, Asian Girls from OF and Fansly Onlyfans Leaked Videos, Access to Porn Site with Girls From Snapchat and Fansly The best amateurs from Onlyfans. The most beautiful Asian women showing pussy on Onlyfans and Fansly. A collection of porn pictures and videos. Leaks from official&hellip; Weiterlesen\" \/>\n<meta property=\"og:url\" content=\"https:\/\/pinay-nudes.com\/de\/users\/cherry-dumaguete\/\" \/>\n<meta property=\"og:site_name\" content=\"Nude Filipina Woman From Snapchat And Sex | Beauty Porn Pics\" \/>\n<meta property=\"article:modified_time\" content=\"2025-02-19T01:38:06+00:00\" \/>\n<meta property=\"og:image\" content=\"https:\/\/pinay-nudes.com\/wp-content\/uploads\/2023\/09\/9-1-4.jpg\" \/>\n\t<meta property=\"og:image:width\" content=\"540\" \/>\n\t<meta property=\"og:image:height\" content=\"832\" \/>\n\t<meta property=\"og:image:type\" content=\"image\/jpeg\" \/>\n<meta name=\"twitter:card\" content=\"summary_large_image\" \/>\n<meta name=\"twitter:label1\" content=\"Gesch\u00e4tzte Lesezeit\" \/>\n\t<meta name=\"twitter:data1\" content=\"4\u00a0Minuten\" \/>\n<script type=\"application\/ld+json\" class=\"yoast-schema-graph\">{\"@context\":\"https:\/\/schema.org\",\"@graph\":[{\"@type\":\"WebPage\",\"@id\":\"https:\/\/pinay-nudes.com\/users\/cherry-dumaguete\/\",\"url\":\"https:\/\/pinay-nudes.com\/users\/cherry-dumaguete\/\",\"name\":\"Cherry Dumaguete - Nude Filipina Woman From Snapchat And Sex | Beauty Porn Pics\",\"isPartOf\":{\"@id\":\"https:\/\/pinay-nudes.com\/#website\"},\"primaryImageOfPage\":{\"@id\":\"https:\/\/pinay-nudes.com\/users\/cherry-dumaguete\/#primaryimage\"},\"image\":{\"@id\":\"https:\/\/pinay-nudes.com\/users\/cherry-dumaguete\/#primaryimage\"},\"thumbnailUrl\":\"http:\/\/pinay-nudes.com\/wp-content\/uploads\/2023\/09\/9-1-4.jpg\",\"datePublished\":\"2023-09-18T02:55:46+00:00\",\"dateModified\":\"2025-02-19T01:38:06+00:00\",\"breadcrumb\":{\"@id\":\"https:\/\/pinay-nudes.com\/users\/cherry-dumaguete\/#breadcrumb\"},\"inLanguage\":\"de\",\"potentialAction\":[{\"@type\":\"ReadAction\",\"target\":[\"https:\/\/pinay-nudes.com\/users\/cherry-dumaguete\/\"]}]},{\"@type\":\"ImageObject\",\"inLanguage\":\"de\",\"@id\":\"https:\/\/pinay-nudes.com\/users\/cherry-dumaguete\/#primaryimage\",\"url\":\"http:\/\/pinay-nudes.com\/wp-content\/uploads\/2023\/09\/9-1-4.jpg\",\"contentUrl\":\"http:\/\/pinay-nudes.com\/wp-content\/uploads\/2023\/09\/9-1-4.jpg\"},{\"@type\":\"BreadcrumbList\",\"@id\":\"https:\/\/pinay-nudes.com\/users\/cherry-dumaguete\/#breadcrumb\",\"itemListElement\":[{\"@type\":\"ListItem\",\"position\":1,\"name\":\"Home\",\"item\":\"https:\/\/pinay-nudes.com\/\"},{\"@type\":\"ListItem\",\"position\":2,\"name\":\"Our Users\",\"item\":\"https:\/\/pinay-nudes.com\/users\/\"},{\"@type\":\"ListItem\",\"position\":3,\"name\":\"Cherry Dumaguete\"}]},{\"@type\":\"WebSite\",\"@id\":\"https:\/\/pinay-nudes.com\/#website\",\"url\":\"https:\/\/pinay-nudes.com\/\",\"name\":\"Nude Filipina Woman From Snapchat And Sex | Beauty Porn Pics\",\"description\":\"Check our Free Porn Gallery with nude beautiful girls. XXX Naked Porn Pics from Hot Naked Girls from Snapchat and Sex Cams. Best Filipina sexy photos\",\"publisher\":{\"@id\":\"https:\/\/pinay-nudes.com\/#organization\"},\"potentialAction\":[{\"@type\":\"SearchAction\",\"target\":{\"@type\":\"EntryPoint\",\"urlTemplate\":\"https:\/\/pinay-nudes.com\/?s={search_term_string}\"},\"query-input\":{\"@type\":\"PropertyValueSpecification\",\"valueRequired\":true,\"valueName\":\"search_term_string\"}}],\"inLanguage\":\"de\"},{\"@type\":\"Organization\",\"@id\":\"https:\/\/pinay-nudes.com\/#organization\",\"name\":\"Nude Filipina Woman From Snapchat And Sex | Beauty Porn Pics\",\"url\":\"https:\/\/pinay-nudes.com\/\",\"logo\":{\"@type\":\"ImageObject\",\"inLanguage\":\"de\",\"@id\":\"https:\/\/pinay-nudes.com\/#\/schema\/logo\/image\/\",\"url\":\"https:\/\/pinay-nudes.com\/wp-content\/uploads\/2023\/09\/cropped-cropped-logo2-1.png\",\"contentUrl\":\"https:\/\/pinay-nudes.com\/wp-content\/uploads\/2023\/09\/cropped-cropped-logo2-1.png\",\"width\":512,\"height\":512,\"caption\":\"Nude Filipina Woman From Snapchat And Sex | Beauty Porn Pics \"},\"image\":{\"@id\":\"https:\/\/pinay-nudes.com\/#\/schema\/logo\/image\/\"}}]}<\/script>\n<!-- \/ Yoast SEO plugin. -->","yoast_head_json":{"title":"Cherry Dumaguete - Nude Filipina Woman From Snapchat And Sex | Beauty Porn Pics","robots":{"index":"index","follow":"follow","max-snippet":"max-snippet:-1","max-image-preview":"max-image-preview:large","max-video-preview":"max-video-preview:-1"},"canonical":"https:\/\/pinay-nudes.com\/de\/users\/cherry-dumaguete\/","og_locale":"de_DE","og_type":"article","og_title":"Cherry Dumaguete - Nude Filipina Woman From Snapchat And Sex | Beauty Porn Pics","og_description":"Onlyfans Leak Porn Videos, Free Onlyfans Porn Tube XXX Pics, Asian Girls from OF and Fansly Onlyfans Leaked Videos, Access to Porn Site with Girls From Snapchat and Fansly The best amateurs from Onlyfans. The most beautiful Asian women showing pussy on Onlyfans and Fansly. A collection of porn pictures and videos. Leaks from official&hellip; Weiterlesen","og_url":"https:\/\/pinay-nudes.com\/de\/users\/cherry-dumaguete\/","og_site_name":"Nude Filipina Woman From Snapchat And Sex | Beauty Porn Pics","article_modified_time":"2025-02-19T01:38:06+00:00","og_image":[{"width":540,"height":832,"url":"https:\/\/pinay-nudes.com\/wp-content\/uploads\/2023\/09\/9-1-4.jpg","type":"image\/jpeg"}],"twitter_card":"summary_large_image","twitter_misc":{"Gesch\u00e4tzte Lesezeit":"4\u00a0Minuten"},"schema":{"@context":"https:\/\/schema.org","@graph":[{"@type":"WebPage","@id":"https:\/\/pinay-nudes.com\/users\/cherry-dumaguete\/","url":"https:\/\/pinay-nudes.com\/users\/cherry-dumaguete\/","name":"Cherry Dumaguete - Nude Filipina Woman From Snapchat And Sex | Beauty Porn Pics","isPartOf":{"@id":"https:\/\/pinay-nudes.com\/#website"},"primaryImageOfPage":{"@id":"https:\/\/pinay-nudes.com\/users\/cherry-dumaguete\/#primaryimage"},"image":{"@id":"https:\/\/pinay-nudes.com\/users\/cherry-dumaguete\/#primaryimage"},"thumbnailUrl":"http:\/\/pinay-nudes.com\/wp-content\/uploads\/2023\/09\/9-1-4.jpg","datePublished":"2023-09-18T02:55:46+00:00","dateModified":"2025-02-19T01:38:06+00:00","breadcrumb":{"@id":"https:\/\/pinay-nudes.com\/users\/cherry-dumaguete\/#breadcrumb"},"inLanguage":"de","potentialAction":[{"@type":"ReadAction","target":["https:\/\/pinay-nudes.com\/users\/cherry-dumaguete\/"]}]},{"@type":"ImageObject","inLanguage":"de","@id":"https:\/\/pinay-nudes.com\/users\/cherry-dumaguete\/#primaryimage","url":"http:\/\/pinay-nudes.com\/wp-content\/uploads\/2023\/09\/9-1-4.jpg","contentUrl":"http:\/\/pinay-nudes.com\/wp-content\/uploads\/2023\/09\/9-1-4.jpg"},{"@type":"BreadcrumbList","@id":"https:\/\/pinay-nudes.com\/users\/cherry-dumaguete\/#breadcrumb","itemListElement":[{"@type":"ListItem","position":1,"name":"Home","item":"https:\/\/pinay-nudes.com\/"},{"@type":"ListItem","position":2,"name":"Our Users","item":"https:\/\/pinay-nudes.com\/users\/"},{"@type":"ListItem","position":3,"name":"Cherry Dumaguete"}]},{"@type":"WebSite","@id":"https:\/\/pinay-nudes.com\/#website","url":"https:\/\/pinay-nudes.com\/","name":"Nude Filipina Woman From Snapchat And Sex | Beauty Porn Pics","description":"Check our Free Porn Gallery with nude beautiful girls. XXX Naked Porn Pics from Hot Naked Girls from Snapchat and Sex Cams. Best Filipina sexy photos","publisher":{"@id":"https:\/\/pinay-nudes.com\/#organization"},"potentialAction":[{"@type":"SearchAction","target":{"@type":"EntryPoint","urlTemplate":"https:\/\/pinay-nudes.com\/?s={search_term_string}"},"query-input":{"@type":"PropertyValueSpecification","valueRequired":true,"valueName":"search_term_string"}}],"inLanguage":"de"},{"@type":"Organization","@id":"https:\/\/pinay-nudes.com\/#organization","name":"Nude Filipina Woman From Snapchat And Sex | Beauty Porn Pics","url":"https:\/\/pinay-nudes.com\/","logo":{"@type":"ImageObject","inLanguage":"de","@id":"https:\/\/pinay-nudes.com\/#\/schema\/logo\/image\/","url":"https:\/\/pinay-nudes.com\/wp-content\/uploads\/2023\/09\/cropped-cropped-logo2-1.png","contentUrl":"https:\/\/pinay-nudes.com\/wp-content\/uploads\/2023\/09\/cropped-cropped-logo2-1.png","width":512,"height":512,"caption":"Nude Filipina Woman From Snapchat And Sex | Beauty Porn Pics "},"image":{"@id":"https:\/\/pinay-nudes.com\/#\/schema\/logo\/image\/"}}]}},"_links":{"self":[{"href":"https:\/\/pinay-nudes.com\/de\/wp-json\/wp\/v2\/pages\/273","targetHints":{"allow":["GET"]}}],"collection":[{"href":"https:\/\/pinay-nudes.com\/de\/wp-json\/wp\/v2\/pages"}],"about":[{"href":"https:\/\/pinay-nudes.com\/de\/wp-json\/wp\/v2\/types\/page"}],"author":[{"embeddable":true,"href":"https:\/\/pinay-nudes.com\/de\/wp-json\/wp\/v2\/users\/1"}],"replies":[{"embeddable":true,"href":"https:\/\/pinay-nudes.com\/de\/wp-json\/wp\/v2\/comments?post=273"}],"version-history":[{"count":25,"href":"https:\/\/pinay-nudes.com\/de\/wp-json\/wp\/v2\/pages\/273\/revisions"}],"predecessor-version":[{"id":2431,"href":"https:\/\/pinay-nudes.com\/de\/wp-json\/wp\/v2\/pages\/273\/revisions\/2431"}],"up":[{"embeddable":true,"href":"https:\/\/pinay-nudes.com\/de\/wp-json\/wp\/v2\/pages\/42"}],"wp:attachment":[{"href":"https:\/\/pinay-nudes.com\/de\/wp-json\/wp\/v2\/media?parent=273"}],"curies":[{"name":"wp","href":"https:\/\/api.w.org\/{rel}","templated":true}]}}