{"id":2376,"date":"2025-02-04T02:11:19","date_gmt":"2025-02-04T02:11:19","guid":{"rendered":"https:\/\/pinay-nudes.com\/?page_id=2376"},"modified":"2025-02-18T07:51:15","modified_gmt":"2025-02-18T07:51:15","slug":"dmca","status":"publish","type":"page","link":"https:\/\/pinay-nudes.com\/de\/dmca\/","title":{"rendered":"DMCA"},"content":{"rendered":"<div data-elementor-type=\"wp-page\" data-elementor-id=\"2376\" class=\"elementor elementor-2376\">\n\t\t\t\t<div class=\"elementor-element elementor-element-b65a115 e-flex e-con-boxed e-con e-parent\" data-id=\"b65a115\" data-element_type=\"container\">\n\t\t\t\t\t<div class=\"e-con-inner\">\n\t\t\t\t<div class=\"elementor-element elementor-element-5880888 elementor-widget elementor-widget-text-editor\" data-id=\"5880888\" data-element_type=\"widget\" data-widget_type=\"text-editor.default\">\n\t\t\t\t<div class=\"elementor-widget-container\">\n\t\t\t\t\t\t\t\t\t<h1><center><p><\/p>\n<p>The DMCA Policy of Pinay-Nudes.com<\/p><\/center><\/h1>\n<p><br>\nWir erwarten von unseren Nutzern, dass sie die Rechte am geistigen Eigentum anderer respektieren. Wir werden alle Anschuldigungen von Urheberrechtsverletzungen, die uns zur Kenntnis gebracht werden, in \u00dcbereinstimmung mit dem Digital Millennium Copyright Act (\u201eDMCA\u201c) schnell bearbeiten. Wenn Sie der Meinung sind, dass jemand Ihr urheberrechtlich gesch\u00fctztes Werk in einer Weise kopiert oder genutzt hat, die gegen das Urheberrecht verst\u00f6\u00dft, geben Sie bitte die folgenden Informationen an den von uns benannten Copyright Agent weiter:<\/p>\n<p>die physische oder digitale Unterschrift des Urheberrechtsinhabers oder eines bevollm\u00e4chtigten Vertreters. Identifizierung des mutma\u00dflich verletzten urheberrechtlich gesch\u00fctzten Werks, Identifizierung des Inhalts, der die Rechte verletzt, und Angaben, die zumindest ausreichen, um den Inhalt auf unserer Website zu finden, Ihr Name, Ihre Adresse, Telefonnummer und E-Mail-Adresse geh\u00f6ren zu Ihren Kontaktdaten, eine Erkl\u00e4rung, in der Sie Ihre aufrichtige \u00dcberzeugung zum Ausdruck bringen, dass die Verwendung des Inhalts durch das Gesetz, den Urheberrechtsinhaber oder seinen Vertreter verboten ist, eine Erkl\u00e4rung, dass Sie der Urheberrechtsinhaber sind oder die Befugnis haben, in seinem Namen zu handeln, und dass die Informationen in der Mitteilung wahrheitsgem\u00e4\u00df sind, unter Androhung von Meineid. Ihre DMCA-Mitteilung sollte an folgende Adresse geschickt werden:<\/p>\n<p><br>Email: [info@pinay-nudes.com]<\/p>\n<p><br><\/p>\n<p>Sie k\u00f6nnen eine Gegendarstellung mit den folgenden Angaben einreichen, wenn Sie der Meinung sind, dass der gesperrte oder entfernte Inhalt irrt\u00fcmlich gesperrt wurde oder wenn Sie der Meinung sind, dass Sie den Inhalt weiterhin verwenden d\u00fcrfen: Ihre Unterschrift, entweder digital oder physisch. Der entfernte Inhalt und der Ort, an dem er sich vor der Entfernung befand, werden angegeben. Erkl\u00e4ren Sie an Eides statt, dass Sie in gutem Glauben davon ausgehen, dass die Entfernung des Inhalts auf einen Fehler oder eine falsche Identifizierung zur\u00fcckzuf\u00fchren ist. Ihr Name, Ihre Adresse, Ihre Telefonnummer und Ihre E-Mail-Adresse geh\u00f6ren zu Ihren Kontaktangaben. Erkl\u00e4rung, dass Sie mit der Zustellung der Klage durch die Partei einverstanden sind, die die erste DMCA-Beschwerde eingereicht hat, und dass Sie der Zust\u00e4ndigkeit des Bundesgerichts in Ihrem Bezirk (oder dem Bezirk, in dem unser Unternehmen seinen Sitz hat) zustimmen. Gegenanzeigen m\u00fcssen an unseren Urheberrechtsbeauftragten unter Verwendung der oben genannten Kontaktdaten gerichtet werden. Benutzer, die wiederholt gegen das Urheberrecht versto\u00dfen, k\u00f6nnen ihre Konten von uns l\u00f6schen lassen. Bitte setzen Sie sich mit uns in Verbindung, wenn Sie Fragen zu unserer Politik haben.<\/p>\t\t\t\t\t\t\t\t<\/div>\n\t\t\t\t<\/div>\n\t\t\t\t\t<\/div>\n\t\t\t\t<\/div>\n\t\t\t\t<\/div>","protected":false},"excerpt":{"rendered":"<p>The DMCA Policy of Pinay-Nudes.com We expect our users to respect other people&#8217;s intellectual property rights. We shall quickly address any allegations of copyright infringement that are brought to our attention in compliance with the Digital Millennium Copyright Act (&#8220;DMCA&#8221;). Please give the following details to our designated Copyright Agent if you think that someone&hellip; <br \/> <a class=\"read-more\" href=\"https:\/\/pinay-nudes.com\/de\/dmca\/\">Weiterlesen<\/a><\/p>","protected":false},"author":1,"featured_media":0,"parent":0,"menu_order":0,"comment_status":"closed","ping_status":"closed","template":"page-templates\/homepage.php","meta":{"_monsterinsights_skip_tracking":false,"_monsterinsights_sitenote_active":false,"_monsterinsights_sitenote_note":"","_monsterinsights_sitenote_category":0,"footnotes":""},"class_list":["post-2376","page","type-page","status-publish","hentry"],"aioseo_notices":[],"yoast_head":"<!-- This site is optimized with the Yoast SEO plugin v24.4 - https:\/\/yoast.com\/wordpress\/plugins\/seo\/ -->\n<title>DMCA - Nude Filipina Woman From Snapchat And Sex | Beauty Porn Pics<\/title>\n<meta name=\"robots\" content=\"index, follow, max-snippet:-1, max-image-preview:large, max-video-preview:-1\" \/>\n<link rel=\"canonical\" href=\"https:\/\/pinay-nudes.com\/de\/dmca\/\" \/>\n<meta property=\"og:locale\" content=\"de_DE\" \/>\n<meta property=\"og:type\" content=\"article\" \/>\n<meta property=\"og:title\" content=\"DMCA - Nude Filipina Woman From Snapchat And Sex | Beauty Porn Pics\" \/>\n<meta property=\"og:description\" content=\"The DMCA Policy of Pinay-Nudes.com We expect our users to respect other people&#8217;s intellectual property rights. We shall quickly address any allegations of copyright infringement that are brought to our attention in compliance with the Digital Millennium Copyright Act (&#8220;DMCA&#8221;). Please give the following details to our designated Copyright Agent if you think that someone&hellip; Weiterlesen\" \/>\n<meta property=\"og:url\" content=\"https:\/\/pinay-nudes.com\/de\/dmca\/\" \/>\n<meta property=\"og:site_name\" content=\"Nude Filipina Woman From Snapchat And Sex | Beauty Porn Pics\" \/>\n<meta property=\"article:modified_time\" content=\"2025-02-18T07:51:15+00:00\" \/>\n<meta name=\"twitter:card\" content=\"summary_large_image\" \/>\n<meta name=\"twitter:label1\" content=\"Gesch\u00e4tzte Lesezeit\" \/>\n\t<meta name=\"twitter:data1\" content=\"2\u00a0Minuten\" \/>\n<script type=\"application\/ld+json\" class=\"yoast-schema-graph\">{\"@context\":\"https:\/\/schema.org\",\"@graph\":[{\"@type\":\"WebPage\",\"@id\":\"https:\/\/pinay-nudes.com\/dmca\/\",\"url\":\"https:\/\/pinay-nudes.com\/dmca\/\",\"name\":\"DMCA - Nude Filipina Woman From Snapchat And Sex | Beauty Porn Pics\",\"isPartOf\":{\"@id\":\"https:\/\/pinay-nudes.com\/#website\"},\"datePublished\":\"2025-02-04T02:11:19+00:00\",\"dateModified\":\"2025-02-18T07:51:15+00:00\",\"breadcrumb\":{\"@id\":\"https:\/\/pinay-nudes.com\/dmca\/#breadcrumb\"},\"inLanguage\":\"de\",\"potentialAction\":[{\"@type\":\"ReadAction\",\"target\":[\"https:\/\/pinay-nudes.com\/dmca\/\"]}]},{\"@type\":\"BreadcrumbList\",\"@id\":\"https:\/\/pinay-nudes.com\/dmca\/#breadcrumb\",\"itemListElement\":[{\"@type\":\"ListItem\",\"position\":1,\"name\":\"Home\",\"item\":\"https:\/\/pinay-nudes.com\/\"},{\"@type\":\"ListItem\",\"position\":2,\"name\":\"DMCA\"}]},{\"@type\":\"WebSite\",\"@id\":\"https:\/\/pinay-nudes.com\/#website\",\"url\":\"https:\/\/pinay-nudes.com\/\",\"name\":\"Nude Filipina Woman From Snapchat And Sex | Beauty Porn Pics\",\"description\":\"Check our Free Porn Gallery with nude beautiful girls. XXX Naked Porn Pics from Hot Naked Girls from Snapchat and Sex Cams. Best Filipina sexy photos\",\"publisher\":{\"@id\":\"https:\/\/pinay-nudes.com\/#organization\"},\"potentialAction\":[{\"@type\":\"SearchAction\",\"target\":{\"@type\":\"EntryPoint\",\"urlTemplate\":\"https:\/\/pinay-nudes.com\/?s={search_term_string}\"},\"query-input\":{\"@type\":\"PropertyValueSpecification\",\"valueRequired\":true,\"valueName\":\"search_term_string\"}}],\"inLanguage\":\"de\"},{\"@type\":\"Organization\",\"@id\":\"https:\/\/pinay-nudes.com\/#organization\",\"name\":\"Nude Filipina Woman From Snapchat And Sex | Beauty Porn Pics\",\"url\":\"https:\/\/pinay-nudes.com\/\",\"logo\":{\"@type\":\"ImageObject\",\"inLanguage\":\"de\",\"@id\":\"https:\/\/pinay-nudes.com\/#\/schema\/logo\/image\/\",\"url\":\"https:\/\/pinay-nudes.com\/wp-content\/uploads\/2023\/09\/cropped-cropped-logo2-1.png\",\"contentUrl\":\"https:\/\/pinay-nudes.com\/wp-content\/uploads\/2023\/09\/cropped-cropped-logo2-1.png\",\"width\":512,\"height\":512,\"caption\":\"Nude Filipina Woman From Snapchat And Sex | Beauty Porn Pics \"},\"image\":{\"@id\":\"https:\/\/pinay-nudes.com\/#\/schema\/logo\/image\/\"}}]}<\/script>\n<!-- \/ Yoast SEO plugin. -->","yoast_head_json":{"title":"DMCA - Nude Filipina Woman From Snapchat And Sex | Beauty Porn Pics","robots":{"index":"index","follow":"follow","max-snippet":"max-snippet:-1","max-image-preview":"max-image-preview:large","max-video-preview":"max-video-preview:-1"},"canonical":"https:\/\/pinay-nudes.com\/de\/dmca\/","og_locale":"de_DE","og_type":"article","og_title":"DMCA - Nude Filipina Woman From Snapchat And Sex | Beauty Porn Pics","og_description":"The DMCA Policy of Pinay-Nudes.com We expect our users to respect other people&#8217;s intellectual property rights. We shall quickly address any allegations of copyright infringement that are brought to our attention in compliance with the Digital Millennium Copyright Act (&#8220;DMCA&#8221;). Please give the following details to our designated Copyright Agent if you think that someone&hellip; Weiterlesen","og_url":"https:\/\/pinay-nudes.com\/de\/dmca\/","og_site_name":"Nude Filipina Woman From Snapchat And Sex | Beauty Porn Pics","article_modified_time":"2025-02-18T07:51:15+00:00","twitter_card":"summary_large_image","twitter_misc":{"Gesch\u00e4tzte Lesezeit":"2\u00a0Minuten"},"schema":{"@context":"https:\/\/schema.org","@graph":[{"@type":"WebPage","@id":"https:\/\/pinay-nudes.com\/dmca\/","url":"https:\/\/pinay-nudes.com\/dmca\/","name":"DMCA - Nude Filipina Woman From Snapchat And Sex | Beauty Porn Pics","isPartOf":{"@id":"https:\/\/pinay-nudes.com\/#website"},"datePublished":"2025-02-04T02:11:19+00:00","dateModified":"2025-02-18T07:51:15+00:00","breadcrumb":{"@id":"https:\/\/pinay-nudes.com\/dmca\/#breadcrumb"},"inLanguage":"de","potentialAction":[{"@type":"ReadAction","target":["https:\/\/pinay-nudes.com\/dmca\/"]}]},{"@type":"BreadcrumbList","@id":"https:\/\/pinay-nudes.com\/dmca\/#breadcrumb","itemListElement":[{"@type":"ListItem","position":1,"name":"Home","item":"https:\/\/pinay-nudes.com\/"},{"@type":"ListItem","position":2,"name":"DMCA"}]},{"@type":"WebSite","@id":"https:\/\/pinay-nudes.com\/#website","url":"https:\/\/pinay-nudes.com\/","name":"Nude Filipina Woman From Snapchat And Sex | Beauty Porn Pics","description":"Check our Free Porn Gallery with nude beautiful girls. XXX Naked Porn Pics from Hot Naked Girls from Snapchat and Sex Cams. Best Filipina sexy photos","publisher":{"@id":"https:\/\/pinay-nudes.com\/#organization"},"potentialAction":[{"@type":"SearchAction","target":{"@type":"EntryPoint","urlTemplate":"https:\/\/pinay-nudes.com\/?s={search_term_string}"},"query-input":{"@type":"PropertyValueSpecification","valueRequired":true,"valueName":"search_term_string"}}],"inLanguage":"de"},{"@type":"Organization","@id":"https:\/\/pinay-nudes.com\/#organization","name":"Nude Filipina Woman From Snapchat And Sex | Beauty Porn Pics","url":"https:\/\/pinay-nudes.com\/","logo":{"@type":"ImageObject","inLanguage":"de","@id":"https:\/\/pinay-nudes.com\/#\/schema\/logo\/image\/","url":"https:\/\/pinay-nudes.com\/wp-content\/uploads\/2023\/09\/cropped-cropped-logo2-1.png","contentUrl":"https:\/\/pinay-nudes.com\/wp-content\/uploads\/2023\/09\/cropped-cropped-logo2-1.png","width":512,"height":512,"caption":"Nude Filipina Woman From Snapchat And Sex | Beauty Porn Pics "},"image":{"@id":"https:\/\/pinay-nudes.com\/#\/schema\/logo\/image\/"}}]}},"_links":{"self":[{"href":"https:\/\/pinay-nudes.com\/de\/wp-json\/wp\/v2\/pages\/2376","targetHints":{"allow":["GET"]}}],"collection":[{"href":"https:\/\/pinay-nudes.com\/de\/wp-json\/wp\/v2\/pages"}],"about":[{"href":"https:\/\/pinay-nudes.com\/de\/wp-json\/wp\/v2\/types\/page"}],"author":[{"embeddable":true,"href":"https:\/\/pinay-nudes.com\/de\/wp-json\/wp\/v2\/users\/1"}],"replies":[{"embeddable":true,"href":"https:\/\/pinay-nudes.com\/de\/wp-json\/wp\/v2\/comments?post=2376"}],"version-history":[{"count":16,"href":"https:\/\/pinay-nudes.com\/de\/wp-json\/wp\/v2\/pages\/2376\/revisions"}],"predecessor-version":[{"id":2398,"href":"https:\/\/pinay-nudes.com\/de\/wp-json\/wp\/v2\/pages\/2376\/revisions\/2398"}],"wp:attachment":[{"href":"https:\/\/pinay-nudes.com\/de\/wp-json\/wp\/v2\/media?parent=2376"}],"curies":[{"name":"wp","href":"https:\/\/api.w.org\/{rel}","templated":true}]}}