{"id":276,"date":"2023-09-18T03:55:46","date_gmt":"2023-09-18T02:55:46","guid":{"rendered":"https:\/\/pinay-nudes.com\/?page_id=276"},"modified":"2025-02-19T01:37:28","modified_gmt":"2025-02-19T01:37:28","slug":"july-ormoc","status":"publish","type":"page","link":"https:\/\/pinay-nudes.com\/da\/users\/july-ormoc\/","title":{"rendered":"July Ormoc"},"content":{"rendered":"<div data-elementor-type=\"wp-page\" data-elementor-id=\"276\" class=\"elementor elementor-276\">\n\t\t\t\t<div class=\"elementor-element elementor-element-6e44954 e-flex e-con-boxed e-con e-parent\" data-id=\"6e44954\" data-element_type=\"container\">\n\t\t\t\t\t<div class=\"e-con-inner\">\n\t\t\t\t<div class=\"elementor-element elementor-element-6c01782 elementor-widget elementor-widget-text-editor\" data-id=\"6c01782\" data-element_type=\"widget\" data-widget_type=\"text-editor.default\">\n\t\t\t\t<div class=\"elementor-widget-container\">\n\t\t\t\t\t\t\t\t\t<center><h1>Snapchat porno brugernavne, Snapchat n\u00f8gen porno videoer<\/h1><center>\t\t\t\t\t\t\t\t<\/div>\n\t\t\t\t<\/div>\n\t\t\t\t\t<\/div>\n\t\t\t\t<\/div>\n\t\t<div class=\"elementor-element elementor-element-fcaba8f e-flex e-con-boxed e-con e-parent\" data-id=\"fcaba8f\" data-element_type=\"container\">\n\t\t\t\t\t<div class=\"e-con-inner\">\n\t\t\t\t<div class=\"elementor-element elementor-element-e771349 elementor-widget elementor-widget-text-editor\" data-id=\"e771349\" data-element_type=\"widget\" data-widget_type=\"text-editor.default\">\n\t\t\t\t<div class=\"elementor-widget-container\">\n\t\t\t\t\t\t\t\t\t<h2>Snapchat n\u00f8genpornovideoer, n\u00f8gne teenagebilleder fra l\u00e6kre filippinske piger<\/h2><p>N\u00f8gne teenagere fra Filippinerne viser gerne deres bryster og r\u00f8v frem p\u00e5 snapchat. Tilmeld dig og bliv en del af den st\u00f8rste fisse-database p\u00e5 internettet. Afkl\u00e6dte teenagere viser fisse p\u00e5 snapchat og producerer deres egen amat\u00f8rporno i meget god kvalitet. Liderlige hotteste asiatiske piger l\u00e6kker fra Snapchat. Beskidte Anal Premium Videoer. F\u00e5 brugernavne p\u00e5 vores piger gratis, og tjek deres fr\u00e6kke selfies, l\u00e6kkede n\u00f8genbilleder og Snapchat-porno. Chat med unge piger eller milfs og lav en snapchat sex gratis!\u00a0<\/p><p>Har du nogensinde dr\u00f8mt om en smuk asiatisk kvinde, du kan kneppe dag og nat? Hvis ja, har vi m\u00e5ske lige gjort din dr\u00f8m til virkelighed, og du vil snart m\u00f8de en? Det hele afh\u00e6nger af dig. Opret en gratis konto og f\u00e5 adgang til en database med unge og \u00e6ldre mamas og date dem til hed sex eller bare udveksle n\u00f8genbilleder med dem. Vent ikke l\u00e6ngere, for de kan forsvinde et eller andet sted, og en anden vil s\u00e6tte dem i gang.\u00a0<\/p>\t\t\t\t\t\t\t\t<\/div>\n\t\t\t\t<\/div>\n\t\t\t\t\t<\/div>\n\t\t\t\t<\/div>\n\t\t<div class=\"elementor-element elementor-element-c2fdcf2 e-con-full e-flex e-con e-parent\" data-id=\"c2fdcf2\" data-element_type=\"container\">\n\t\t<div class=\"elementor-element elementor-element-cd7e078 e-con-full e-flex e-con e-child\" data-id=\"cd7e078\" data-element_type=\"container\">\n\t\t\t\t<div class=\"elementor-element elementor-element-cff4658 elementor-widget elementor-widget-image\" data-id=\"cff4658\" data-element_type=\"widget\" data-widget_type=\"image.default\">\n\t\t\t\t<div class=\"elementor-widget-container\">\n\t\t\t\t\t\t\t\t\t\t\t\t\t\t\t<img fetchpriority=\"high\" decoding=\"async\" width=\"960\" height=\"960\" src=\"https:\/\/pinay-nudes.com\/wp-content\/uploads\/2023\/09\/cropped-photo_2023-09-03_03-35-15.jpg\" class=\"attachment-large size-large wp-image-57\" alt=\"\" srcset=\"https:\/\/pinay-nudes.com\/wp-content\/uploads\/2023\/09\/cropped-photo_2023-09-03_03-35-15.jpg 960w, https:\/\/pinay-nudes.com\/wp-content\/uploads\/2023\/09\/cropped-photo_2023-09-03_03-35-15-300x300.jpg 300w, https:\/\/pinay-nudes.com\/wp-content\/uploads\/2023\/09\/cropped-photo_2023-09-03_03-35-15-150x150.jpg 150w, https:\/\/pinay-nudes.com\/wp-content\/uploads\/2023\/09\/cropped-photo_2023-09-03_03-35-15-768x768.jpg 768w\" sizes=\"(max-width: 960px) 100vw, 960px\" \/>\t\t\t\t\t\t\t\t\t\t\t\t\t\t\t<\/div>\n\t\t\t\t<\/div>\n\t\t\t\t<\/div>\n\t\t<div class=\"elementor-element elementor-element-8f65531 e-con-full e-flex e-con e-child\" data-id=\"8f65531\" data-element_type=\"container\">\n\t\t\t\t<div class=\"elementor-element elementor-element-5eb65a3 elementor-widget elementor-widget-heading\" data-id=\"5eb65a3\" data-element_type=\"widget\" data-widget_type=\"heading.default\">\n\t\t\t\t<div class=\"elementor-widget-container\">\n\t\t\t\t\t<h2 class=\"elementor-heading-title elementor-size-default\">July, Ormoc<\/h2>\t\t\t\t<\/div>\n\t\t\t\t<\/div>\n\t\t\t\t<div class=\"elementor-element elementor-element-fd66a05 elementor-widget elementor-widget-text-editor\" data-id=\"fd66a05\" data-element_type=\"widget\" data-widget_type=\"text-editor.default\">\n\t\t\t\t<div class=\"elementor-widget-container\">\n\t\t\t\t\t\t\t\t\t<p>Hej ... Jeg hedder July, og jeg studerer i. Jeg g\u00e5r p\u00e5 polyteknisk, jeg er p\u00e5 mit andet \u00e5r \ud83d\ude42 Min passion er at danse og synge. Hvem ved, m\u00e5ske vil jeg danse noget for dig? :*<\/p>\t\t\t\t\t\t\t\t<\/div>\n\t\t\t\t<\/div>\n\t\t\t\t<div class=\"elementor-element elementor-element-9c1a1e7 elementor-shape-rounded elementor-grid-0 e-grid-align-center elementor-widget elementor-widget-social-icons\" data-id=\"9c1a1e7\" data-element_type=\"widget\" data-widget_type=\"social-icons.default\">\n\t\t\t\t<div class=\"elementor-widget-container\">\n\t\t\t\t\t\t\t<div class=\"elementor-social-icons-wrapper elementor-grid\">\n\t\t\t\t\t\t\t<span class=\"elementor-grid-item\">\n\t\t\t\t\t<a class=\"elementor-icon elementor-social-icon elementor-social-icon-facebook elementor-repeater-item-966ee37\" href=\"https:\/\/pinay-nudes.com\/da\/cb\/register\/\" target=\"_blank\">\n\t\t\t\t\t\t<span class=\"elementor-screen-only\">Facebook<\/span>\n\t\t\t\t\t\t<i class=\"fab fa-facebook\"><\/i>\t\t\t\t\t<\/a>\n\t\t\t\t<\/span>\n\t\t\t\t\t\t\t<span class=\"elementor-grid-item\">\n\t\t\t\t\t<a class=\"elementor-icon elementor-social-icon elementor-social-icon-instagram elementor-repeater-item-47b44c9\" href=\"https:\/\/pinay-nudes.com\/da\/nk\/register\/\" target=\"_blank\">\n\t\t\t\t\t\t<span class=\"elementor-screen-only\">Instagram<\/span>\n\t\t\t\t\t\t<i class=\"fab fa-instagram\"><\/i>\t\t\t\t\t<\/a>\n\t\t\t\t<\/span>\n\t\t\t\t\t\t\t<span class=\"elementor-grid-item\">\n\t\t\t\t\t<a class=\"elementor-icon elementor-social-icon elementor-social-icon-snapchat elementor-repeater-item-a214105\" href=\"https:\/\/pinay-nudes.com\/da\/cb\/register\/\" target=\"_blank\">\n\t\t\t\t\t\t<span class=\"elementor-screen-only\">Snapchat<\/span>\n\t\t\t\t\t\t<i class=\"fab fa-snapchat\"><\/i>\t\t\t\t\t<\/a>\n\t\t\t\t<\/span>\n\t\t\t\t\t<\/div>\n\t\t\t\t\t\t<\/div>\n\t\t\t\t<\/div>\n\t\t\t\t<div class=\"elementor-element elementor-element-081156d elementor-invisible elementor-widget elementor-widget-text-editor\" data-id=\"081156d\" data-element_type=\"widget\" data-settings=\"{&quot;_animation&quot;:&quot;jello&quot;}\" data-widget_type=\"text-editor.default\">\n\t\t\t\t<div class=\"elementor-widget-container\">\n\t\t\t\t\t\t\t\t\t<p><strong>21,153<\/strong><\/p>\t\t\t\t\t\t\t\t<\/div>\n\t\t\t\t<\/div>\n\t\t\t\t<div class=\"elementor-element elementor-element-25546f6 elementor-widget elementor-widget-text-editor\" data-id=\"25546f6\" data-element_type=\"widget\" data-widget_type=\"text-editor.default\">\n\t\t\t\t<div class=\"elementor-widget-container\">\n\t\t\t\t\t\t\t\t\t<p>Tilh\u00e6ngere<\/p>\t\t\t\t\t\t\t\t<\/div>\n\t\t\t\t<\/div>\n\t\t\t\t<div class=\"elementor-element elementor-element-f0ca51b elementor-widget elementor-widget-text-editor\" data-id=\"f0ca51b\" data-element_type=\"widget\" data-widget_type=\"text-editor.default\">\n\t\t\t\t<div class=\"elementor-widget-container\">\n\t\t\t\t\t\t\t\t\t<p><strong>Jeg er online!<\/strong><\/p><p>Gennemsnitlig svartid 3-20 minutter<\/p>\t\t\t\t\t\t\t\t<\/div>\n\t\t\t\t<\/div>\n\t\t\t\t<div class=\"elementor-element elementor-element-380107d elementor-align-center elementor-widget elementor-widget-button\" data-id=\"380107d\" data-element_type=\"widget\" data-widget_type=\"button.default\">\n\t\t\t\t<div class=\"elementor-widget-container\">\n\t\t\t\t\t\t\t\t\t<div class=\"elementor-button-wrapper\">\n\t\t\t\t\t<a class=\"elementor-button elementor-button-link elementor-size-sm\" href=\"https:\/\/pinay-nudes.com\/da\/nk1\/register\/\">\n\t\t\t\t\t\t<span class=\"elementor-button-content-wrapper\">\n\t\t\t\t\t\t\t\t\t<span class=\"elementor-button-text\">Kontakt med mig<\/span>\n\t\t\t\t\t<\/span>\n\t\t\t\t\t<\/a>\n\t\t\t\t<\/div>\n\t\t\t\t\t\t\t\t<\/div>\n\t\t\t\t<\/div>\n\t\t\t\t<div class=\"elementor-element elementor-element-6f183d4 elementor-star-rating--align-center elementor--star-style-star_fontawesome elementor-widget elementor-widget-star-rating\" data-id=\"6f183d4\" data-element_type=\"widget\" data-widget_type=\"star-rating.default\">\n\t\t\t\t<div class=\"elementor-widget-container\">\n\t\t\t\t\t\n\t\t<div class=\"elementor-star-rating__wrapper\">\n\t\t\t\t\t\t\t<div class=\"elementor-star-rating__title\">Profilanmeldelse:<\/div>\n\t\t\t\t\t\t<div class=\"elementor-star-rating\" title=\"4.8\/5\" itemtype=\"http:\/\/schema.org\/Rating\" itemscope=\"\" itemprop=\"reviewRating\"><i class=\"elementor-star-full\">&#xE934;<\/i><i class=\"elementor-star-full\">&#xE934;<\/i><i class=\"elementor-star-full\">&#xE934;<\/i><i class=\"elementor-star-full\">&#xE934;<\/i><i class=\"elementor-star-8\">&#xE934;<\/i> <span itemprop=\"ratingValue\" class=\"elementor-screen-only\">4.8\/5<\/span><\/div>\t\t<\/div>\n\t\t\t\t\t\t<\/div>\n\t\t\t\t<\/div>\n\t\t\t\t<\/div>\n\t\t\t\t<\/div>\n\t\t<div class=\"elementor-element elementor-element-427b3dd e-flex e-con-boxed e-con e-parent\" data-id=\"427b3dd\" data-element_type=\"container\">\n\t\t\t\t\t<div class=\"e-con-inner\">\n\t\t\t\t<div class=\"elementor-element elementor-element-68b4d8b elementor-widget elementor-widget-html\" data-id=\"68b4d8b\" data-element_type=\"widget\" data-widget_type=\"html.default\">\n\t\t\t\t<div class=\"elementor-widget-container\">\n\t\t\t\t\t<iframe scrolling=\"no\" frameborder=\"0\" height=\"300\" style=\"width:100%;min-width:70px;\" src=\"https:\/\/bngdin.com\/promo.php?c=787642&type=dynamic_banner&new_banner=0&db%5Bwidth%5D=160&db%5Bheight%5D=300&db%5Btype%5D=live&db%5Bmodel_zone%5D=free&db%5Bheader%5D=0&db%5Bfooter%5D=footer_text_1&db%5Bmlang%5D=1&db%5Bfullscreen%5D=&db%5Bmname%5D=1&db%5Bmlink%5D=1&db%5Bmstatus%5D=1&db%5Bmsize%5D=auto&db%5Bmpad%5D=1&db%5Bmwidth%5D=156&db%5Bcolor_scheme%5D=dark&db%5Bmborder%5D=solid&db%5Bmborder_color%5D=%23ffffff&db%5Bmborder_over_color%5D=%23a02239&db%5Bmshadow%5D=0&db%5Bmodels_by_geo%5D=0&db%5Bautoupdate%5D=1&db%5Btopmodels%5D=1&db%5Blanding%5D=chat&db%5Blogo_color%5D=negative&db%5Blogo_align%5D=left&db%5Bbg_color%5D=%23222222&db%5Bfont_family%5D=Trebuchet+MS&db%5Btext_align%5D=center&db%5Btext_color%5D=%23ffffff&db%5Blink_color%5D=%2396009e&db%5Beffect%5D=auto&db%5Beffect_speed%5D=optimal&db%5Bmode%5D=mode1&db%5Badaptive%5D=1&db%5Bslider%5D=0&db%5Bchat%5D=0\"><\/iframe>\t\t\t\t<\/div>\n\t\t\t\t<\/div>\n\t\t\t\t\t<\/div>\n\t\t\t\t<\/div>\n\t\t<div class=\"elementor-element elementor-element-e85f7c6 e-flex e-con-boxed e-con e-parent\" data-id=\"e85f7c6\" data-element_type=\"container\">\n\t\t\t\t\t<div class=\"e-con-inner\">\n\t\t\t\t<div class=\"elementor-element elementor-element-b05a716 elementor-widget elementor-widget-text-editor\" data-id=\"b05a716\" data-element_type=\"widget\" data-widget_type=\"text-editor.default\">\n\t\t\t\t<div class=\"elementor-widget-container\">\n\t\t\t\t\t\t\t\t\t<h2>Premium unge piger og NSFW-billeder fra Snapchat og sexkameraer<\/h2><p>Modtag n\u00f8genbilleder fra snapchat-piger helt gratis. For at f\u00e5 adgang til databasen med online sex cams og brugernavne p\u00e5 snapchat, skal du blot registrere dig. Du beh\u00f8ver ikke at give dine kreditkortoplysninger. Alt, hvad du skal bruge, er et login, en adgangskode og en e-mailadresse. Se, hvordan de fingrer deres fisse. De venter p\u00e5 din pik og dine n\u00f8genbilleder p\u00e5 snapchat. Kan du ogs\u00e5 lide sexting? Hvis ja, hvorfor venter du s\u00e5 stadig?\u00a0<\/p><p>Snapchat n\u00f8genvideoer fra de mest sexede asiatiske amat\u00f8rpiger. XXX Sexede Snapchat-billeder fra teenagepiger eller milf. Vil du se, hvordan de leger med deres dildo? Dirty Snapchat Videos er ubegr\u00e6nset efter registrering, og du f\u00e5r adgang til pornovideoer gratis. Du beh\u00f8ver ikke l\u00e6ngere at lede efter et andet websted med n\u00f8genbilleder af Snapchat-piger. Vores database er meget stor og vil opfylde behovene hos selv de mest kr\u00e6vende mennesker. Bare opret en konto og nyd hvert \u00f8jeblik med de smukkeste kvinder i verden.<\/p><h2>Bedste sted at sexting og m\u00f8de liderlige filippinske piger fra Snapchat<\/h2><p>\u00a0<\/p><p>At sende n\u00f8genbilleder er blevet meget popul\u00e6rt, og i dag har n\u00e6sten alle sexet mindst \u00e9n gang p\u00e5 internettet. Mange af os er mindre generte, hvis vi har sex over internettet, og vi er mindre generte, hvis vi m\u00f8der folk over internettet. F\u00e5 Sexting-brugernavne og modtag n\u00f8genbilleder fra n\u00f8gne piger. Vores hjemmeside tilbyder de bedste Snapchat Leaked Pics og videoer fra pornostjerner og amat\u00f8r-tiktok-piger.<\/p><p>F\u00e5 adgang til Snapchat-konti og det bedste snapchat-indhold, du nogensinde har set. Du er p\u00e5 det rigtige sted for at f\u00e5 sexbilleder og hotte n\u00f8genbilleder hjemmelavede klip. Alt er gratis, du skal bare registrere dig! Find en pige, der elsker sex og h\u00e5rd knepning foran webkameraer. Stik din pik i hendes r\u00f8v, fordi hun l\u00e6nges efter det.<\/p><p>Lav en snapchat-sexting, gennemse l\u00e6kkede snapchat-billeder og -videoer og n\u00f8gne selfies. Hookup dem, og lav dine egne pornobilleder med deres s\u00f8de ansigter. De bedste filippinske piger fra Ormoc, Manila, Cebu og andre filippinske byer. De smukkeste asiatiske amat\u00f8rpiger p\u00e5 internettet. Find din favorit og arranger en date eller et knald p\u00e5 et hotel.<\/p>\t\t\t\t\t\t\t\t<\/div>\n\t\t\t\t<\/div>\n\t\t\t\t\t<\/div>\n\t\t\t\t<\/div>\n\t\t\t\t<\/div>","protected":false},"excerpt":{"rendered":"<p>Snapchat Porn Usernames, Snapchat Nude Porn Videos Snapchat Nude Porn Videos, Naked Teen Snaps From Hot Girls Filipina Nude teenagers from the Philippines like to show their boobs and ass on snapchat. Sign up and join the largest pussy database on the internet. Stripped teens show pussy on snapchat and produce their own amateur porn&hellip; <br \/> <a class=\"read-more\" href=\"https:\/\/pinay-nudes.com\/da\/users\/july-ormoc\/\">L\u00e6s mere<\/a><\/p>","protected":false},"author":1,"featured_media":0,"parent":42,"menu_order":0,"comment_status":"closed","ping_status":"closed","template":"page-templates\/homepage.php","meta":{"_monsterinsights_skip_tracking":false,"_monsterinsights_sitenote_active":false,"_monsterinsights_sitenote_note":"","_monsterinsights_sitenote_category":0,"footnotes":""},"class_list":["post-276","page","type-page","status-publish","hentry"],"aioseo_notices":[],"yoast_head":"<!-- This site is optimized with the Yoast SEO plugin v24.4 - https:\/\/yoast.com\/wordpress\/plugins\/seo\/ -->\n<title>July Ormoc - Nude Filipina Woman From Snapchat And Sex | Beauty Porn Pics<\/title>\n<meta name=\"robots\" content=\"index, follow, max-snippet:-1, max-image-preview:large, max-video-preview:-1\" \/>\n<link rel=\"canonical\" href=\"https:\/\/pinay-nudes.com\/da\/users\/july-ormoc\/\" \/>\n<meta property=\"og:locale\" content=\"da_DK\" \/>\n<meta property=\"og:type\" content=\"article\" \/>\n<meta property=\"og:title\" content=\"July Ormoc - Nude Filipina Woman From Snapchat And Sex | Beauty Porn Pics\" \/>\n<meta property=\"og:description\" content=\"Snapchat Porn Usernames, Snapchat Nude Porn Videos Snapchat Nude Porn Videos, Naked Teen Snaps From Hot Girls Filipina Nude teenagers from the Philippines like to show their boobs and ass on snapchat. Sign up and join the largest pussy database on the internet. Stripped teens show pussy on snapchat and produce their own amateur porn&hellip; L\u00e6s mere\" \/>\n<meta property=\"og:url\" content=\"https:\/\/pinay-nudes.com\/da\/users\/july-ormoc\/\" \/>\n<meta property=\"og:site_name\" content=\"Nude Filipina Woman From Snapchat And Sex | Beauty Porn Pics\" \/>\n<meta property=\"article:modified_time\" content=\"2025-02-19T01:37:28+00:00\" \/>\n<meta property=\"og:image\" content=\"https:\/\/pinay-nudes.com\/wp-content\/uploads\/2023\/09\/cropped-photo_2023-09-03_03-35-15.jpg\" \/>\n\t<meta property=\"og:image:width\" content=\"960\" \/>\n\t<meta property=\"og:image:height\" content=\"960\" \/>\n\t<meta property=\"og:image:type\" content=\"image\/jpeg\" \/>\n<meta name=\"twitter:card\" content=\"summary_large_image\" \/>\n<meta name=\"twitter:label1\" content=\"Estimeret l\u00e6setid\" \/>\n\t<meta name=\"twitter:data1\" content=\"3 minutter\" \/>\n<script type=\"application\/ld+json\" class=\"yoast-schema-graph\">{\"@context\":\"https:\/\/schema.org\",\"@graph\":[{\"@type\":\"WebPage\",\"@id\":\"https:\/\/pinay-nudes.com\/users\/july-ormoc\/\",\"url\":\"https:\/\/pinay-nudes.com\/users\/july-ormoc\/\",\"name\":\"July Ormoc - Nude Filipina Woman From Snapchat And Sex | Beauty Porn Pics\",\"isPartOf\":{\"@id\":\"https:\/\/pinay-nudes.com\/#website\"},\"primaryImageOfPage\":{\"@id\":\"https:\/\/pinay-nudes.com\/users\/july-ormoc\/#primaryimage\"},\"image\":{\"@id\":\"https:\/\/pinay-nudes.com\/users\/july-ormoc\/#primaryimage\"},\"thumbnailUrl\":\"http:\/\/pinay-nudes.com\/wp-content\/uploads\/2023\/09\/cropped-photo_2023-09-03_03-35-15.jpg\",\"datePublished\":\"2023-09-18T02:55:46+00:00\",\"dateModified\":\"2025-02-19T01:37:28+00:00\",\"breadcrumb\":{\"@id\":\"https:\/\/pinay-nudes.com\/users\/july-ormoc\/#breadcrumb\"},\"inLanguage\":\"da-DK\",\"potentialAction\":[{\"@type\":\"ReadAction\",\"target\":[\"https:\/\/pinay-nudes.com\/users\/july-ormoc\/\"]}]},{\"@type\":\"ImageObject\",\"inLanguage\":\"da-DK\",\"@id\":\"https:\/\/pinay-nudes.com\/users\/july-ormoc\/#primaryimage\",\"url\":\"http:\/\/pinay-nudes.com\/wp-content\/uploads\/2023\/09\/cropped-photo_2023-09-03_03-35-15.jpg\",\"contentUrl\":\"http:\/\/pinay-nudes.com\/wp-content\/uploads\/2023\/09\/cropped-photo_2023-09-03_03-35-15.jpg\"},{\"@type\":\"BreadcrumbList\",\"@id\":\"https:\/\/pinay-nudes.com\/users\/july-ormoc\/#breadcrumb\",\"itemListElement\":[{\"@type\":\"ListItem\",\"position\":1,\"name\":\"Home\",\"item\":\"https:\/\/pinay-nudes.com\/\"},{\"@type\":\"ListItem\",\"position\":2,\"name\":\"Our Users\",\"item\":\"https:\/\/pinay-nudes.com\/users\/\"},{\"@type\":\"ListItem\",\"position\":3,\"name\":\"July Ormoc\"}]},{\"@type\":\"WebSite\",\"@id\":\"https:\/\/pinay-nudes.com\/#website\",\"url\":\"https:\/\/pinay-nudes.com\/\",\"name\":\"Nude Filipina Woman From Snapchat And Sex | Beauty Porn Pics\",\"description\":\"Check our Free Porn Gallery with nude beautiful girls. XXX Naked Porn Pics from Hot Naked Girls from Snapchat and Sex Cams. Best Filipina sexy photos\",\"publisher\":{\"@id\":\"https:\/\/pinay-nudes.com\/#organization\"},\"potentialAction\":[{\"@type\":\"SearchAction\",\"target\":{\"@type\":\"EntryPoint\",\"urlTemplate\":\"https:\/\/pinay-nudes.com\/?s={search_term_string}\"},\"query-input\":{\"@type\":\"PropertyValueSpecification\",\"valueRequired\":true,\"valueName\":\"search_term_string\"}}],\"inLanguage\":\"da-DK\"},{\"@type\":\"Organization\",\"@id\":\"https:\/\/pinay-nudes.com\/#organization\",\"name\":\"Nude Filipina Woman From Snapchat And Sex | Beauty Porn Pics\",\"url\":\"https:\/\/pinay-nudes.com\/\",\"logo\":{\"@type\":\"ImageObject\",\"inLanguage\":\"da-DK\",\"@id\":\"https:\/\/pinay-nudes.com\/#\/schema\/logo\/image\/\",\"url\":\"https:\/\/pinay-nudes.com\/wp-content\/uploads\/2023\/09\/cropped-cropped-logo2-1.png\",\"contentUrl\":\"https:\/\/pinay-nudes.com\/wp-content\/uploads\/2023\/09\/cropped-cropped-logo2-1.png\",\"width\":512,\"height\":512,\"caption\":\"Nude Filipina Woman From Snapchat And Sex | Beauty Porn Pics \"},\"image\":{\"@id\":\"https:\/\/pinay-nudes.com\/#\/schema\/logo\/image\/\"}}]}<\/script>\n<!-- \/ Yoast SEO plugin. -->","yoast_head_json":{"title":"July Ormoc - Nude Filipina Woman From Snapchat And Sex | Beauty Porn Pics","robots":{"index":"index","follow":"follow","max-snippet":"max-snippet:-1","max-image-preview":"max-image-preview:large","max-video-preview":"max-video-preview:-1"},"canonical":"https:\/\/pinay-nudes.com\/da\/users\/july-ormoc\/","og_locale":"da_DK","og_type":"article","og_title":"July Ormoc - Nude Filipina Woman From Snapchat And Sex | Beauty Porn Pics","og_description":"Snapchat Porn Usernames, Snapchat Nude Porn Videos Snapchat Nude Porn Videos, Naked Teen Snaps From Hot Girls Filipina Nude teenagers from the Philippines like to show their boobs and ass on snapchat. Sign up and join the largest pussy database on the internet. Stripped teens show pussy on snapchat and produce their own amateur porn&hellip; L\u00e6s mere","og_url":"https:\/\/pinay-nudes.com\/da\/users\/july-ormoc\/","og_site_name":"Nude Filipina Woman From Snapchat And Sex | Beauty Porn Pics","article_modified_time":"2025-02-19T01:37:28+00:00","og_image":[{"width":960,"height":960,"url":"https:\/\/pinay-nudes.com\/wp-content\/uploads\/2023\/09\/cropped-photo_2023-09-03_03-35-15.jpg","type":"image\/jpeg"}],"twitter_card":"summary_large_image","twitter_misc":{"Estimeret l\u00e6setid":"3 minutter"},"schema":{"@context":"https:\/\/schema.org","@graph":[{"@type":"WebPage","@id":"https:\/\/pinay-nudes.com\/users\/july-ormoc\/","url":"https:\/\/pinay-nudes.com\/users\/july-ormoc\/","name":"July Ormoc - Nude Filipina Woman From Snapchat And Sex | Beauty Porn Pics","isPartOf":{"@id":"https:\/\/pinay-nudes.com\/#website"},"primaryImageOfPage":{"@id":"https:\/\/pinay-nudes.com\/users\/july-ormoc\/#primaryimage"},"image":{"@id":"https:\/\/pinay-nudes.com\/users\/july-ormoc\/#primaryimage"},"thumbnailUrl":"http:\/\/pinay-nudes.com\/wp-content\/uploads\/2023\/09\/cropped-photo_2023-09-03_03-35-15.jpg","datePublished":"2023-09-18T02:55:46+00:00","dateModified":"2025-02-19T01:37:28+00:00","breadcrumb":{"@id":"https:\/\/pinay-nudes.com\/users\/july-ormoc\/#breadcrumb"},"inLanguage":"da-DK","potentialAction":[{"@type":"ReadAction","target":["https:\/\/pinay-nudes.com\/users\/july-ormoc\/"]}]},{"@type":"ImageObject","inLanguage":"da-DK","@id":"https:\/\/pinay-nudes.com\/users\/july-ormoc\/#primaryimage","url":"http:\/\/pinay-nudes.com\/wp-content\/uploads\/2023\/09\/cropped-photo_2023-09-03_03-35-15.jpg","contentUrl":"http:\/\/pinay-nudes.com\/wp-content\/uploads\/2023\/09\/cropped-photo_2023-09-03_03-35-15.jpg"},{"@type":"BreadcrumbList","@id":"https:\/\/pinay-nudes.com\/users\/july-ormoc\/#breadcrumb","itemListElement":[{"@type":"ListItem","position":1,"name":"Home","item":"https:\/\/pinay-nudes.com\/"},{"@type":"ListItem","position":2,"name":"Our Users","item":"https:\/\/pinay-nudes.com\/users\/"},{"@type":"ListItem","position":3,"name":"July Ormoc"}]},{"@type":"WebSite","@id":"https:\/\/pinay-nudes.com\/#website","url":"https:\/\/pinay-nudes.com\/","name":"Nude Filipina Woman From Snapchat And Sex | Beauty Porn Pics","description":"Check our Free Porn Gallery with nude beautiful girls. XXX Naked Porn Pics from Hot Naked Girls from Snapchat and Sex Cams. Best Filipina sexy photos","publisher":{"@id":"https:\/\/pinay-nudes.com\/#organization"},"potentialAction":[{"@type":"SearchAction","target":{"@type":"EntryPoint","urlTemplate":"https:\/\/pinay-nudes.com\/?s={search_term_string}"},"query-input":{"@type":"PropertyValueSpecification","valueRequired":true,"valueName":"search_term_string"}}],"inLanguage":"da-DK"},{"@type":"Organization","@id":"https:\/\/pinay-nudes.com\/#organization","name":"Nude Filipina Woman From Snapchat And Sex | Beauty Porn Pics","url":"https:\/\/pinay-nudes.com\/","logo":{"@type":"ImageObject","inLanguage":"da-DK","@id":"https:\/\/pinay-nudes.com\/#\/schema\/logo\/image\/","url":"https:\/\/pinay-nudes.com\/wp-content\/uploads\/2023\/09\/cropped-cropped-logo2-1.png","contentUrl":"https:\/\/pinay-nudes.com\/wp-content\/uploads\/2023\/09\/cropped-cropped-logo2-1.png","width":512,"height":512,"caption":"Nude Filipina Woman From Snapchat And Sex | Beauty Porn Pics "},"image":{"@id":"https:\/\/pinay-nudes.com\/#\/schema\/logo\/image\/"}}]}},"_links":{"self":[{"href":"https:\/\/pinay-nudes.com\/da\/wp-json\/wp\/v2\/pages\/276","targetHints":{"allow":["GET"]}}],"collection":[{"href":"https:\/\/pinay-nudes.com\/da\/wp-json\/wp\/v2\/pages"}],"about":[{"href":"https:\/\/pinay-nudes.com\/da\/wp-json\/wp\/v2\/types\/page"}],"author":[{"embeddable":true,"href":"https:\/\/pinay-nudes.com\/da\/wp-json\/wp\/v2\/users\/1"}],"replies":[{"embeddable":true,"href":"https:\/\/pinay-nudes.com\/da\/wp-json\/wp\/v2\/comments?post=276"}],"version-history":[{"count":40,"href":"https:\/\/pinay-nudes.com\/da\/wp-json\/wp\/v2\/pages\/276\/revisions"}],"predecessor-version":[{"id":2422,"href":"https:\/\/pinay-nudes.com\/da\/wp-json\/wp\/v2\/pages\/276\/revisions\/2422"}],"up":[{"embeddable":true,"href":"https:\/\/pinay-nudes.com\/da\/wp-json\/wp\/v2\/pages\/42"}],"wp:attachment":[{"href":"https:\/\/pinay-nudes.com\/da\/wp-json\/wp\/v2\/media?parent=276"}],"curies":[{"name":"wp","href":"https:\/\/api.w.org\/{rel}","templated":true}]}}