{"id":273,"date":"2023-09-18T03:55:46","date_gmt":"2023-09-18T02:55:46","guid":{"rendered":"https:\/\/pinay-nudes.com\/?page_id=273"},"modified":"2025-02-19T01:38:06","modified_gmt":"2025-02-19T01:38:06","slug":"cherry-dumaguete","status":"publish","type":"page","link":"https:\/\/pinay-nudes.com\/da\/users\/cherry-dumaguete\/","title":{"rendered":"Cherry Dumaguete"},"content":{"rendered":"<div data-elementor-type=\"wp-page\" data-elementor-id=\"273\" class=\"elementor elementor-273\">\n\t\t\t\t<div class=\"elementor-element elementor-element-4879707 e-flex e-con-boxed e-con e-parent\" data-id=\"4879707\" data-element_type=\"container\">\n\t\t\t\t\t<div class=\"e-con-inner\">\n\t\t\t\t<div class=\"elementor-element elementor-element-77febf2 elementor-widget elementor-widget-text-editor\" data-id=\"77febf2\" data-element_type=\"widget\" data-widget_type=\"text-editor.default\">\n\t\t\t\t<div class=\"elementor-widget-container\">\n\t\t\t\t\t\t\t\t\t<center><h1>Onlyfans l\u00e6kker pornovideoer, gratis Onlyfans pornotube XXX-billeder, asiatiske piger fra OF og Fansly<\/h1><\/center>\t\t\t\t\t\t\t\t<\/div>\n\t\t\t\t<\/div>\n\t\t\t\t\t<\/div>\n\t\t\t\t<\/div>\n\t\t<div class=\"elementor-element elementor-element-90d6f78 e-flex e-con-boxed e-con e-parent\" data-id=\"90d6f78\" data-element_type=\"container\">\n\t\t\t\t\t<div class=\"e-con-inner\">\n\t\t\t\t<div class=\"elementor-element elementor-element-512d15c elementor-widget elementor-widget-text-editor\" data-id=\"512d15c\" data-element_type=\"widget\" data-widget_type=\"text-editor.default\">\n\t\t\t\t<div class=\"elementor-widget-container\">\n\t\t\t\t\t\t\t\t\t<h2>Onlyfans l\u00e6kkede videoer, adgang til pornoside med piger fra Snapchat og Fansly<\/h2><p>De bedste amat\u00f8rer fra Onlyfans. De smukkeste asiatiske kvinder, der viser fisse p\u00e5 Onlyfans og Fansly. En samling af pornobilleder og -videoer. L\u00e6kager fra officielle konti af OF-modeller og piger, der sender n\u00f8genbilleder p\u00e5 snapchat. Hvis du leder efter et sted, hvor du kan finde n\u00f8genbilleder af piger, der laver Onlyfans, er du kommet til det perfekte sted. Vi har forberedt et stort galleri til dig med billeder af piger, der elsker at vise deres kroppe p\u00e5 internettet.\u00a0<\/p><p>P\u00e5 vores side finder du ogs\u00e5 en database med logins til piger, der er modeller p\u00e5 online sex cams. Fra nu af vil du nemt kunne kontakte dem og invitere dem p\u00e5 kaffe eller til din lejlighed til h\u00e5rd sex. Den st\u00f8rste samling af asiatiske piger, is\u00e6r de smukkeste filippinere, som dr\u00f8mmer om at m\u00f8de en udl\u00e6nding og smage en stor pik i deres mund.\u00a0<\/p><p>\u00a0<\/p>\t\t\t\t\t\t\t\t<\/div>\n\t\t\t\t<\/div>\n\t\t\t\t\t<\/div>\n\t\t\t\t<\/div>\n\t\t<div class=\"elementor-element elementor-element-ca24b7e e-con-full e-flex e-con e-parent\" data-id=\"ca24b7e\" data-element_type=\"container\">\n\t\t<div class=\"elementor-element elementor-element-dd61984 e-con-full e-flex e-con e-child\" data-id=\"dd61984\" data-element_type=\"container\">\n\t\t\t\t<div class=\"elementor-element elementor-element-fe932dd elementor-widget elementor-widget-image\" data-id=\"fe932dd\" data-element_type=\"widget\" data-widget_type=\"image.default\">\n\t\t\t\t<div class=\"elementor-widget-container\">\n\t\t\t\t\t\t\t\t\t\t\t\t\t\t\t<img fetchpriority=\"high\" decoding=\"async\" width=\"540\" height=\"832\" src=\"https:\/\/pinay-nudes.com\/wp-content\/uploads\/2023\/09\/9-1-4.jpg\" class=\"attachment-large size-large wp-image-265\" alt=\"\" srcset=\"https:\/\/pinay-nudes.com\/wp-content\/uploads\/2023\/09\/9-1-4.jpg 540w, https:\/\/pinay-nudes.com\/wp-content\/uploads\/2023\/09\/9-1-4-195x300.jpg 195w\" sizes=\"(max-width: 540px) 100vw, 540px\" \/>\t\t\t\t\t\t\t\t\t\t\t\t\t\t\t<\/div>\n\t\t\t\t<\/div>\n\t\t\t\t<\/div>\n\t\t<div class=\"elementor-element elementor-element-acd0eb1 e-con-full e-flex e-con e-child\" data-id=\"acd0eb1\" data-element_type=\"container\">\n\t\t\t\t<div class=\"elementor-element elementor-element-b342c5c elementor-widget elementor-widget-heading\" data-id=\"b342c5c\" data-element_type=\"widget\" data-widget_type=\"heading.default\">\n\t\t\t\t<div class=\"elementor-widget-container\">\n\t\t\t\t\t<h2 class=\"elementor-heading-title elementor-size-default\">Cherry, Dumaguete<\/h2>\t\t\t\t<\/div>\n\t\t\t\t<\/div>\n\t\t\t\t<div class=\"elementor-element elementor-element-4e3292a elementor-widget elementor-widget-text-editor\" data-id=\"4e3292a\" data-element_type=\"widget\" data-widget_type=\"text-editor.default\">\n\t\t\t\t<div class=\"elementor-widget-container\">\n\t\t\t\t\t\t\t\t\t<p>Hej, mit navn er Cherry, og jeg kommer fra Dumaguete. Jeg studerer psykologi til daglig. Jeg er interesseret i at rejse, jeg kan godt lide at se en god film under et t\u00e6ppe med en god vin.<\/p>\t\t\t\t\t\t\t\t<\/div>\n\t\t\t\t<\/div>\n\t\t\t\t<div class=\"elementor-element elementor-element-a6b090b elementor-shape-rounded elementor-grid-0 e-grid-align-center elementor-widget elementor-widget-social-icons\" data-id=\"a6b090b\" data-element_type=\"widget\" data-widget_type=\"social-icons.default\">\n\t\t\t\t<div class=\"elementor-widget-container\">\n\t\t\t\t\t\t\t<div class=\"elementor-social-icons-wrapper elementor-grid\">\n\t\t\t\t\t\t\t<span class=\"elementor-grid-item\">\n\t\t\t\t\t<a class=\"elementor-icon elementor-social-icon elementor-social-icon-facebook elementor-repeater-item-966ee37\" href=\"https:\/\/pinay-nudes.com\/da\/nk\/register\/\" target=\"_blank\">\n\t\t\t\t\t\t<span class=\"elementor-screen-only\">Facebook<\/span>\n\t\t\t\t\t\t<i class=\"fab fa-facebook\"><\/i>\t\t\t\t\t<\/a>\n\t\t\t\t<\/span>\n\t\t\t\t\t\t\t<span class=\"elementor-grid-item\">\n\t\t\t\t\t<a class=\"elementor-icon elementor-social-icon elementor-social-icon-instagram elementor-repeater-item-47b44c9\" href=\"https:\/\/pinay-nudes.com\/da\/cb\/register\/\" target=\"_blank\">\n\t\t\t\t\t\t<span class=\"elementor-screen-only\">Instagram<\/span>\n\t\t\t\t\t\t<i class=\"fab fa-instagram\"><\/i>\t\t\t\t\t<\/a>\n\t\t\t\t<\/span>\n\t\t\t\t\t\t\t<span class=\"elementor-grid-item\">\n\t\t\t\t\t<a class=\"elementor-icon elementor-social-icon elementor-social-icon-snapchat elementor-repeater-item-a214105\" href=\"https:\/\/pinay-nudes.com\/da\/nk1\/register\/\" target=\"_blank\">\n\t\t\t\t\t\t<span class=\"elementor-screen-only\">Snapchat<\/span>\n\t\t\t\t\t\t<i class=\"fab fa-snapchat\"><\/i>\t\t\t\t\t<\/a>\n\t\t\t\t<\/span>\n\t\t\t\t\t<\/div>\n\t\t\t\t\t\t<\/div>\n\t\t\t\t<\/div>\n\t\t\t\t<div class=\"elementor-element elementor-element-24fef19 elementor-invisible elementor-widget elementor-widget-text-editor\" data-id=\"24fef19\" data-element_type=\"widget\" data-settings=\"{&quot;_animation&quot;:&quot;jello&quot;}\" data-widget_type=\"text-editor.default\">\n\t\t\t\t<div class=\"elementor-widget-container\">\n\t\t\t\t\t\t\t\t\t<p><strong>19,653<\/strong><\/p>\t\t\t\t\t\t\t\t<\/div>\n\t\t\t\t<\/div>\n\t\t\t\t<div class=\"elementor-element elementor-element-fd6840f elementor-widget elementor-widget-text-editor\" data-id=\"fd6840f\" data-element_type=\"widget\" data-widget_type=\"text-editor.default\">\n\t\t\t\t<div class=\"elementor-widget-container\">\n\t\t\t\t\t\t\t\t\t<p>Tilh\u00e6ngere<\/p>\t\t\t\t\t\t\t\t<\/div>\n\t\t\t\t<\/div>\n\t\t\t\t<div class=\"elementor-element elementor-element-c2cad63 elementor-widget elementor-widget-text-editor\" data-id=\"c2cad63\" data-element_type=\"widget\" data-widget_type=\"text-editor.default\">\n\t\t\t\t<div class=\"elementor-widget-container\">\n\t\t\t\t\t\t\t\t\t<p><strong>Jeg er online!<\/strong><\/p><p>Gennemsnitlig svartid 5-35 minutter<\/p>\t\t\t\t\t\t\t\t<\/div>\n\t\t\t\t<\/div>\n\t\t\t\t<div class=\"elementor-element elementor-element-4587b2f elementor-align-center elementor-widget elementor-widget-button\" data-id=\"4587b2f\" data-element_type=\"widget\" data-widget_type=\"button.default\">\n\t\t\t\t<div class=\"elementor-widget-container\">\n\t\t\t\t\t\t\t\t\t<div class=\"elementor-button-wrapper\">\n\t\t\t\t\t<a class=\"elementor-button elementor-button-link elementor-size-sm\" href=\"https:\/\/pinay-nudes.com\/da\/cb\/register\/\">\n\t\t\t\t\t\t<span class=\"elementor-button-content-wrapper\">\n\t\t\t\t\t\t\t\t\t<span class=\"elementor-button-text\">Kontakt med mig<\/span>\n\t\t\t\t\t<\/span>\n\t\t\t\t\t<\/a>\n\t\t\t\t<\/div>\n\t\t\t\t\t\t\t\t<\/div>\n\t\t\t\t<\/div>\n\t\t\t\t<div class=\"elementor-element elementor-element-8e37bc1 elementor-star-rating--align-center elementor--star-style-star_fontawesome elementor-widget elementor-widget-star-rating\" data-id=\"8e37bc1\" data-element_type=\"widget\" data-widget_type=\"star-rating.default\">\n\t\t\t\t<div class=\"elementor-widget-container\">\n\t\t\t\t\t\n\t\t<div class=\"elementor-star-rating__wrapper\">\n\t\t\t\t\t\t\t<div class=\"elementor-star-rating__title\">Profilanmeldelse:<\/div>\n\t\t\t\t\t\t<div class=\"elementor-star-rating\" title=\"4.6\/5\" itemtype=\"http:\/\/schema.org\/Rating\" itemscope=\"\" itemprop=\"reviewRating\"><i class=\"elementor-star-full\">&#xE934;<\/i><i class=\"elementor-star-full\">&#xE934;<\/i><i class=\"elementor-star-full\">&#xE934;<\/i><i class=\"elementor-star-full\">&#xE934;<\/i><i class=\"elementor-star-6\">&#xE934;<\/i> <span itemprop=\"ratingValue\" class=\"elementor-screen-only\">4.6\/5<\/span><\/div>\t\t<\/div>\n\t\t\t\t\t\t<\/div>\n\t\t\t\t<\/div>\n\t\t\t\t<\/div>\n\t\t\t\t<\/div>\n\t\t<div class=\"elementor-element elementor-element-ce74115 e-flex e-con-boxed e-con e-parent\" data-id=\"ce74115\" data-element_type=\"container\">\n\t\t\t\t\t<div class=\"e-con-inner\">\n\t\t\t\t<div class=\"elementor-element elementor-element-4ebc10e elementor-widget elementor-widget-html\" data-id=\"4ebc10e\" data-element_type=\"widget\" data-widget_type=\"html.default\">\n\t\t\t\t<div class=\"elementor-widget-container\">\n\t\t\t\t\t<iframe scrolling=\"no\" frameborder=\"0\" height=\"300\" style=\"width:100%;min-width:70px;\" src=\"https:\/\/bngdin.com\/promo.php?c=787642&type=dynamic_banner&new_banner=0&db%5Bwidth%5D=160&db%5Bheight%5D=300&db%5Btype%5D=live&db%5Bmodel_zone%5D=free&db%5Bheader%5D=0&db%5Bfooter%5D=footer_text_1&db%5Bmlang%5D=1&db%5Bfullscreen%5D=&db%5Bmname%5D=1&db%5Bmlink%5D=1&db%5Bmstatus%5D=1&db%5Bmsize%5D=auto&db%5Bmpad%5D=1&db%5Bmwidth%5D=156&db%5Bcolor_scheme%5D=dark&db%5Bmborder%5D=solid&db%5Bmborder_color%5D=%23ffffff&db%5Bmborder_over_color%5D=%23a02239&db%5Bmshadow%5D=0&db%5Bmodels_by_geo%5D=0&db%5Bautoupdate%5D=1&db%5Btopmodels%5D=1&db%5Blanding%5D=chat&db%5Blogo_color%5D=negative&db%5Blogo_align%5D=left&db%5Bbg_color%5D=%23222222&db%5Bfont_family%5D=Trebuchet+MS&db%5Btext_align%5D=center&db%5Btext_color%5D=%23ffffff&db%5Blink_color%5D=%2396009e&db%5Beffect%5D=auto&db%5Beffect_speed%5D=optimal&db%5Bmode%5D=mode1&db%5Badaptive%5D=1&db%5Bslider%5D=0&db%5Bchat%5D=0\"><\/iframe>\t\t\t\t<\/div>\n\t\t\t\t<\/div>\n\t\t\t\t\t<\/div>\n\t\t\t\t<\/div>\n\t\t<div class=\"elementor-element elementor-element-bf625f1 e-flex e-con-boxed e-con e-parent\" data-id=\"bf625f1\" data-element_type=\"container\">\n\t\t\t\t\t<div class=\"e-con-inner\">\n\t\t\t\t<div class=\"elementor-element elementor-element-25137c2 elementor-widget elementor-widget-text-editor\" data-id=\"25137c2\" data-element_type=\"widget\" data-widget_type=\"text-editor.default\">\n\t\t\t\t<div class=\"elementor-widget-container\">\n\t\t\t\t\t\t\t\t\t<h2>Bedste Onlyfans-l\u00e6kager, store bryster, milfs kneppet i anal, amat\u00f8r og pornostjerner fra Sex Cams<\/h2><p>Har du nogensinde dr\u00f8mt om at m\u00f8de en pige, der elsker sex og aldrig vil n\u00e6gte dig det? Nu kan det blive til virkelighed. Vores samling af brugere inkluderer snapchat-kontonavne p\u00e5 de mest popul\u00e6re pornostjerner eller amat\u00f8rer. Vi har is\u00e6r fokuseret p\u00e5 piger fra Asien, fordi vi finder dem mest attraktive. Alt, hvad du skal g\u00f8re, er at registrere dig p\u00e5 vores portal. Du beh\u00f8ver ikke at give dine kreditkortoplysninger, fordi alt p\u00e5 vores side er gratis.\u00a0<\/p><p>N\u00e5r du har registreret dig, f\u00e5r du adgang til en stor samling af amat\u00f8r- og professionelle pornobilleder og videoer med teenagepiger og liderlig milf. Du kan kun finde de smukkeste filippinere og andre piger fra Asien her. L\u00e6kkede onlyfans fra ber\u00f8mthed fra Tiktok eller Twitch. Sexede ludere fra Sex Online Cameras og Reddit-brugere. St\u00f8rste galleri af streamere og Onlyfans-skabere med HD XXX-indhold. Bedste sted at finde hotteste onlyfans l\u00e6kager og video l\u00e6kager fra gamer piger.<\/p><p>\u00a0<\/p><h2>Trending Milf arbejder p\u00e5 Onlyfans og Gamer Girls fra Twitch<\/h2><p>Se en samling af billeder og videoer fra Twitch- og Kick-streamere. N\u00f8gne piger i poolen p\u00e5 udkig efter en stor pik til aftenen. L\u00e6r dem at kende, og inviter dem til dit hotel til hed, lidenskabelig sex. Se pornovideoer med ber\u00f8mtheder helt gratis, alt du skal g\u00f8re er at registrere dig p\u00e5 vores side. Det er det hele. Uden at give f\u00f8lsomme personlige oplysninger. Tjek gratis porno Onlyfans Videoer og n\u00f8gen l\u00e6kager sexb\u00e5nd med blowjob. Sk\u00f8nhed asiatiske piger, hotteste og nyeste indhold videoer gratis. Din bedste hjemmeside med NSFW Cosplay og andre internetkyllinger.<\/p><h2>Hotte filippinske piger fra Onlyfans, Hardcore sexvideoer Skandaler med pinay-piger<\/h2><p>Find de smukkeste og s\u00f8deste filippinere, der optager indhold p\u00e5 onlyfans eller Twitch-streamere. Kendte pornostjerner, ber\u00f8mtheder eller amat\u00f8rpiger, der stikker r\u00f8ven frem for at tage imod din pik i deres fisser. Pornovideoer i fuld l\u00e6ngde i den bedste kvalitet er tilg\u00e6ngelige p\u00e5 vores side helt gratis. Se piger p\u00e5 online webcams og de smukkeste, mest sexede asiatiske piger direkte fra Filippinerne og andre asiatiske lande. Eksplicit indhold fra Mia Khalifa, andre ber\u00f8mtheders n\u00f8genbilleder eller amat\u00f8rpiger fra snapchat. Dril dem, og tjek deres klip. Den bedste slags indhold og pornofilm fra ber\u00f8mtheder og hotteste voksne hd-kvalitet filipina skandaler.<\/p><p>\u00a0<\/p><h2>M\u00f8d sexcam-modeller fra Filippinerne og find den l\u00e6kreste pige til dig<\/h2><p>Gennemse vores fotogalleri og find den smukkeste filipinka til dig, som, hvis hun bliver forelsket i dig, vil g\u00f8re alt for dig. Hvis du dr\u00f8mmer om en kvinde, der vil slikke din pik, og s\u00e5 kan du kneppe hende, kunne du ikke v\u00e6re kommet til en bedre hjemmeside. Her f\u00e5r du alt, hvad du har brug for, helt gratis. Tjek OF Girls og andre sider som Fansly eller Twitch. Tjek videoer i HD-kvalitet af kunstnere, og lav en trekant med dem. Den bedste slags indhold fra dit foretrukne sociale medie onlyfaps.\u00a0<\/p><h2>Tjek piger fra Dumaguete og date med dem<\/h2><p>Lav en date med de s\u00f8de piger i Dumaguete, andre dele af Filippinerne og verden. Knep dem alle og send dem n\u00f8genbilleder, og m\u00e5ske sender de dig tilbage. De l\u00e6nges efter at f\u00e5 din pik i r\u00f8ven. V\u00e6r ikke genert, og begynd at tale med dem lige nu. Opret en gratis konto, og bliv en del af vores brugerbase ved at uploade dine n\u00f8genbilleder.<\/p><p>\u00a0<\/p><p>\u00a0<\/p>\t\t\t\t\t\t\t\t<\/div>\n\t\t\t\t<\/div>\n\t\t\t\t\t<\/div>\n\t\t\t\t<\/div>\n\t\t\t\t<\/div>","protected":false},"excerpt":{"rendered":"<p>Onlyfans Leak Porn Videos, Free Onlyfans Porn Tube XXX Pics, Asian Girls from OF and Fansly Onlyfans Leaked Videos, Access to Porn Site with Girls From Snapchat and Fansly The best amateurs from Onlyfans. The most beautiful Asian women showing pussy on Onlyfans and Fansly. A collection of porn pictures and videos. Leaks from official&hellip; <br \/> <a class=\"read-more\" href=\"https:\/\/pinay-nudes.com\/da\/users\/cherry-dumaguete\/\">L\u00e6s mere<\/a><\/p>","protected":false},"author":1,"featured_media":0,"parent":42,"menu_order":0,"comment_status":"closed","ping_status":"closed","template":"page-templates\/homepage.php","meta":{"_monsterinsights_skip_tracking":false,"_monsterinsights_sitenote_active":false,"_monsterinsights_sitenote_note":"","_monsterinsights_sitenote_category":0,"footnotes":""},"class_list":["post-273","page","type-page","status-publish","hentry"],"aioseo_notices":[],"yoast_head":"<!-- This site is optimized with the Yoast SEO plugin v24.4 - https:\/\/yoast.com\/wordpress\/plugins\/seo\/ -->\n<title>Cherry Dumaguete - Nude Filipina Woman From Snapchat And Sex | Beauty Porn Pics<\/title>\n<meta name=\"robots\" content=\"index, follow, max-snippet:-1, max-image-preview:large, max-video-preview:-1\" \/>\n<link rel=\"canonical\" href=\"https:\/\/pinay-nudes.com\/da\/users\/cherry-dumaguete\/\" \/>\n<meta property=\"og:locale\" content=\"da_DK\" \/>\n<meta property=\"og:type\" content=\"article\" \/>\n<meta property=\"og:title\" content=\"Cherry Dumaguete - Nude Filipina Woman From Snapchat And Sex | Beauty Porn Pics\" \/>\n<meta property=\"og:description\" content=\"Onlyfans Leak Porn Videos, Free Onlyfans Porn Tube XXX Pics, Asian Girls from OF and Fansly Onlyfans Leaked Videos, Access to Porn Site with Girls From Snapchat and Fansly The best amateurs from Onlyfans. The most beautiful Asian women showing pussy on Onlyfans and Fansly. A collection of porn pictures and videos. Leaks from official&hellip; L\u00e6s mere\" \/>\n<meta property=\"og:url\" content=\"https:\/\/pinay-nudes.com\/da\/users\/cherry-dumaguete\/\" \/>\n<meta property=\"og:site_name\" content=\"Nude Filipina Woman From Snapchat And Sex | Beauty Porn Pics\" \/>\n<meta property=\"article:modified_time\" content=\"2025-02-19T01:38:06+00:00\" \/>\n<meta property=\"og:image\" content=\"https:\/\/pinay-nudes.com\/wp-content\/uploads\/2023\/09\/9-1-4.jpg\" \/>\n\t<meta property=\"og:image:width\" content=\"540\" \/>\n\t<meta property=\"og:image:height\" content=\"832\" \/>\n\t<meta property=\"og:image:type\" content=\"image\/jpeg\" \/>\n<meta name=\"twitter:card\" content=\"summary_large_image\" \/>\n<meta name=\"twitter:label1\" content=\"Estimeret l\u00e6setid\" \/>\n\t<meta name=\"twitter:data1\" content=\"4 minutter\" \/>\n<script type=\"application\/ld+json\" class=\"yoast-schema-graph\">{\"@context\":\"https:\/\/schema.org\",\"@graph\":[{\"@type\":\"WebPage\",\"@id\":\"https:\/\/pinay-nudes.com\/users\/cherry-dumaguete\/\",\"url\":\"https:\/\/pinay-nudes.com\/users\/cherry-dumaguete\/\",\"name\":\"Cherry Dumaguete - Nude Filipina Woman From Snapchat And Sex | Beauty Porn Pics\",\"isPartOf\":{\"@id\":\"https:\/\/pinay-nudes.com\/#website\"},\"primaryImageOfPage\":{\"@id\":\"https:\/\/pinay-nudes.com\/users\/cherry-dumaguete\/#primaryimage\"},\"image\":{\"@id\":\"https:\/\/pinay-nudes.com\/users\/cherry-dumaguete\/#primaryimage\"},\"thumbnailUrl\":\"http:\/\/pinay-nudes.com\/wp-content\/uploads\/2023\/09\/9-1-4.jpg\",\"datePublished\":\"2023-09-18T02:55:46+00:00\",\"dateModified\":\"2025-02-19T01:38:06+00:00\",\"breadcrumb\":{\"@id\":\"https:\/\/pinay-nudes.com\/users\/cherry-dumaguete\/#breadcrumb\"},\"inLanguage\":\"da-DK\",\"potentialAction\":[{\"@type\":\"ReadAction\",\"target\":[\"https:\/\/pinay-nudes.com\/users\/cherry-dumaguete\/\"]}]},{\"@type\":\"ImageObject\",\"inLanguage\":\"da-DK\",\"@id\":\"https:\/\/pinay-nudes.com\/users\/cherry-dumaguete\/#primaryimage\",\"url\":\"http:\/\/pinay-nudes.com\/wp-content\/uploads\/2023\/09\/9-1-4.jpg\",\"contentUrl\":\"http:\/\/pinay-nudes.com\/wp-content\/uploads\/2023\/09\/9-1-4.jpg\"},{\"@type\":\"BreadcrumbList\",\"@id\":\"https:\/\/pinay-nudes.com\/users\/cherry-dumaguete\/#breadcrumb\",\"itemListElement\":[{\"@type\":\"ListItem\",\"position\":1,\"name\":\"Home\",\"item\":\"https:\/\/pinay-nudes.com\/\"},{\"@type\":\"ListItem\",\"position\":2,\"name\":\"Our Users\",\"item\":\"https:\/\/pinay-nudes.com\/users\/\"},{\"@type\":\"ListItem\",\"position\":3,\"name\":\"Cherry Dumaguete\"}]},{\"@type\":\"WebSite\",\"@id\":\"https:\/\/pinay-nudes.com\/#website\",\"url\":\"https:\/\/pinay-nudes.com\/\",\"name\":\"Nude Filipina Woman From Snapchat And Sex | Beauty Porn Pics\",\"description\":\"Check our Free Porn Gallery with nude beautiful girls. XXX Naked Porn Pics from Hot Naked Girls from Snapchat and Sex Cams. Best Filipina sexy photos\",\"publisher\":{\"@id\":\"https:\/\/pinay-nudes.com\/#organization\"},\"potentialAction\":[{\"@type\":\"SearchAction\",\"target\":{\"@type\":\"EntryPoint\",\"urlTemplate\":\"https:\/\/pinay-nudes.com\/?s={search_term_string}\"},\"query-input\":{\"@type\":\"PropertyValueSpecification\",\"valueRequired\":true,\"valueName\":\"search_term_string\"}}],\"inLanguage\":\"da-DK\"},{\"@type\":\"Organization\",\"@id\":\"https:\/\/pinay-nudes.com\/#organization\",\"name\":\"Nude Filipina Woman From Snapchat And Sex | Beauty Porn Pics\",\"url\":\"https:\/\/pinay-nudes.com\/\",\"logo\":{\"@type\":\"ImageObject\",\"inLanguage\":\"da-DK\",\"@id\":\"https:\/\/pinay-nudes.com\/#\/schema\/logo\/image\/\",\"url\":\"https:\/\/pinay-nudes.com\/wp-content\/uploads\/2023\/09\/cropped-cropped-logo2-1.png\",\"contentUrl\":\"https:\/\/pinay-nudes.com\/wp-content\/uploads\/2023\/09\/cropped-cropped-logo2-1.png\",\"width\":512,\"height\":512,\"caption\":\"Nude Filipina Woman From Snapchat And Sex | Beauty Porn Pics \"},\"image\":{\"@id\":\"https:\/\/pinay-nudes.com\/#\/schema\/logo\/image\/\"}}]}<\/script>\n<!-- \/ Yoast SEO plugin. -->","yoast_head_json":{"title":"Cherry Dumaguete - Nude Filipina Woman From Snapchat And Sex | Beauty Porn Pics","robots":{"index":"index","follow":"follow","max-snippet":"max-snippet:-1","max-image-preview":"max-image-preview:large","max-video-preview":"max-video-preview:-1"},"canonical":"https:\/\/pinay-nudes.com\/da\/users\/cherry-dumaguete\/","og_locale":"da_DK","og_type":"article","og_title":"Cherry Dumaguete - Nude Filipina Woman From Snapchat And Sex | Beauty Porn Pics","og_description":"Onlyfans Leak Porn Videos, Free Onlyfans Porn Tube XXX Pics, Asian Girls from OF and Fansly Onlyfans Leaked Videos, Access to Porn Site with Girls From Snapchat and Fansly The best amateurs from Onlyfans. The most beautiful Asian women showing pussy on Onlyfans and Fansly. A collection of porn pictures and videos. Leaks from official&hellip; L\u00e6s mere","og_url":"https:\/\/pinay-nudes.com\/da\/users\/cherry-dumaguete\/","og_site_name":"Nude Filipina Woman From Snapchat And Sex | Beauty Porn Pics","article_modified_time":"2025-02-19T01:38:06+00:00","og_image":[{"width":540,"height":832,"url":"https:\/\/pinay-nudes.com\/wp-content\/uploads\/2023\/09\/9-1-4.jpg","type":"image\/jpeg"}],"twitter_card":"summary_large_image","twitter_misc":{"Estimeret l\u00e6setid":"4 minutter"},"schema":{"@context":"https:\/\/schema.org","@graph":[{"@type":"WebPage","@id":"https:\/\/pinay-nudes.com\/users\/cherry-dumaguete\/","url":"https:\/\/pinay-nudes.com\/users\/cherry-dumaguete\/","name":"Cherry Dumaguete - Nude Filipina Woman From Snapchat And Sex | Beauty Porn Pics","isPartOf":{"@id":"https:\/\/pinay-nudes.com\/#website"},"primaryImageOfPage":{"@id":"https:\/\/pinay-nudes.com\/users\/cherry-dumaguete\/#primaryimage"},"image":{"@id":"https:\/\/pinay-nudes.com\/users\/cherry-dumaguete\/#primaryimage"},"thumbnailUrl":"http:\/\/pinay-nudes.com\/wp-content\/uploads\/2023\/09\/9-1-4.jpg","datePublished":"2023-09-18T02:55:46+00:00","dateModified":"2025-02-19T01:38:06+00:00","breadcrumb":{"@id":"https:\/\/pinay-nudes.com\/users\/cherry-dumaguete\/#breadcrumb"},"inLanguage":"da-DK","potentialAction":[{"@type":"ReadAction","target":["https:\/\/pinay-nudes.com\/users\/cherry-dumaguete\/"]}]},{"@type":"ImageObject","inLanguage":"da-DK","@id":"https:\/\/pinay-nudes.com\/users\/cherry-dumaguete\/#primaryimage","url":"http:\/\/pinay-nudes.com\/wp-content\/uploads\/2023\/09\/9-1-4.jpg","contentUrl":"http:\/\/pinay-nudes.com\/wp-content\/uploads\/2023\/09\/9-1-4.jpg"},{"@type":"BreadcrumbList","@id":"https:\/\/pinay-nudes.com\/users\/cherry-dumaguete\/#breadcrumb","itemListElement":[{"@type":"ListItem","position":1,"name":"Home","item":"https:\/\/pinay-nudes.com\/"},{"@type":"ListItem","position":2,"name":"Our Users","item":"https:\/\/pinay-nudes.com\/users\/"},{"@type":"ListItem","position":3,"name":"Cherry Dumaguete"}]},{"@type":"WebSite","@id":"https:\/\/pinay-nudes.com\/#website","url":"https:\/\/pinay-nudes.com\/","name":"Nude Filipina Woman From Snapchat And Sex | Beauty Porn Pics","description":"Check our Free Porn Gallery with nude beautiful girls. XXX Naked Porn Pics from Hot Naked Girls from Snapchat and Sex Cams. Best Filipina sexy photos","publisher":{"@id":"https:\/\/pinay-nudes.com\/#organization"},"potentialAction":[{"@type":"SearchAction","target":{"@type":"EntryPoint","urlTemplate":"https:\/\/pinay-nudes.com\/?s={search_term_string}"},"query-input":{"@type":"PropertyValueSpecification","valueRequired":true,"valueName":"search_term_string"}}],"inLanguage":"da-DK"},{"@type":"Organization","@id":"https:\/\/pinay-nudes.com\/#organization","name":"Nude Filipina Woman From Snapchat And Sex | Beauty Porn Pics","url":"https:\/\/pinay-nudes.com\/","logo":{"@type":"ImageObject","inLanguage":"da-DK","@id":"https:\/\/pinay-nudes.com\/#\/schema\/logo\/image\/","url":"https:\/\/pinay-nudes.com\/wp-content\/uploads\/2023\/09\/cropped-cropped-logo2-1.png","contentUrl":"https:\/\/pinay-nudes.com\/wp-content\/uploads\/2023\/09\/cropped-cropped-logo2-1.png","width":512,"height":512,"caption":"Nude Filipina Woman From Snapchat And Sex | Beauty Porn Pics "},"image":{"@id":"https:\/\/pinay-nudes.com\/#\/schema\/logo\/image\/"}}]}},"_links":{"self":[{"href":"https:\/\/pinay-nudes.com\/da\/wp-json\/wp\/v2\/pages\/273","targetHints":{"allow":["GET"]}}],"collection":[{"href":"https:\/\/pinay-nudes.com\/da\/wp-json\/wp\/v2\/pages"}],"about":[{"href":"https:\/\/pinay-nudes.com\/da\/wp-json\/wp\/v2\/types\/page"}],"author":[{"embeddable":true,"href":"https:\/\/pinay-nudes.com\/da\/wp-json\/wp\/v2\/users\/1"}],"replies":[{"embeddable":true,"href":"https:\/\/pinay-nudes.com\/da\/wp-json\/wp\/v2\/comments?post=273"}],"version-history":[{"count":25,"href":"https:\/\/pinay-nudes.com\/da\/wp-json\/wp\/v2\/pages\/273\/revisions"}],"predecessor-version":[{"id":2431,"href":"https:\/\/pinay-nudes.com\/da\/wp-json\/wp\/v2\/pages\/273\/revisions\/2431"}],"up":[{"embeddable":true,"href":"https:\/\/pinay-nudes.com\/da\/wp-json\/wp\/v2\/pages\/42"}],"wp:attachment":[{"href":"https:\/\/pinay-nudes.com\/da\/wp-json\/wp\/v2\/media?parent=273"}],"curies":[{"name":"wp","href":"https:\/\/api.w.org\/{rel}","templated":true}]}}